{"id":4363,"date":"2022-11-15T10:34:28","date_gmt":"2022-11-15T10:34:28","guid":{"rendered":"https:\/\/documentosespana.com\/diligent\/?post_type=product&#038;p=4363"},"modified":"2026-04-02T09:17:53","modified_gmt":"2026-04-02T09:17:53","slug":"og-kush-strain","status":"publish","type":"product","link":"https:\/\/grassxpress.com\/sv\/produkt\/og-kush-strain\/","title":{"rendered":"OG kush"},"content":{"rendered":"<h2>OG Kush till salu<\/h2>\n<p><a href=\"https:\/\/grassxpress.com\/sv\/produkt\/og-kush-strain\/\">Buy OG Kush Strain<\/a> from <a href=\"https:\/\/grassxpress.com\/sv\/\">grassxpress.com<\/a> Till l\u00e4gsta pris med b\u00e4sta kvalitet. OG Kush \u00e4r en oerh\u00f6rt popul\u00e4r sativa-dominant hybrid. Det \u00e4r en levande legend bland cannabissorter. H\u00f6gt ansedd f\u00f6r sitt knockout-high och goda smak. Den har snabbt blivit den mest popul\u00e4ra cannabissorten i v\u00e4rlden. OG Kush \u00e4r underbar f\u00f6r avel och f\u00f6r att skapa nya fenotyper. Den delar sin episka genetik med en m\u00e4ngd av Kaliforniens mest potenta Kush-sorter, s\u00e5som Fire OG och Tahoe OG. <a href=\"https:\/\/grassxpress.com\/sv\/mail-order-weed-uk\/\">mer<\/a><\/p>\n<p>Trots sin popularitet anses den ursprungliga OG Kush-stammen vara ett genetiskt mysterium. M\u00e5nga odlare tror att det var en korsning mellan Chemdawg, Lemon Thai och Hindu Kush, men ingen vet s\u00e4kert. M\u00e5nga tycker att OG Kush ogr\u00e4sstammen \u00e4r en bra p\u00e5frestning f\u00f6r sm\u00e4rtlindring och s\u00f6mnl\u00f6shet. Det \u00e4r inte ovanligt att OG Kush har runt 80 % THC. Detta ger en high som initialt \u00e4r upplyftande, f\u00f6ljt av en tung avslappnande body high. Postorder weed sverige<\/p>\n<h3>Vad \u00e4r OG Kush?<\/h3>\n<p>OG Kush Marijuana Strain\u00a0The foundational backbone of multiple\u00a0world famous cannabis strains,\u00a0OG Kush\u00a0is considered legendary for revolutionizing the <a href=\"https:\/\/grassxpress.com\/sv\/produkt\/platinum-girl-scout-cookies\/\">marijuana<\/a> industry, arguably rising to the recognition of \u201cmost well-known cannabis strain\u201d.\u00a0The OG Kush strain\u00a0is classified as a hybrid, with little known about its genetic origins, although rumors claim that this strain is a blend between possible parent plants\u00a0Chemdawg\u00a0and\u00a0Hindu Kush.<\/p>\n<p>Denna information har aldrig bekr\u00e4ftats, men ursprunget till OG Kush verkar inte spela n\u00e5gon roll, f\u00f6r effekten den har haft p\u00e5 cannabisv\u00e4rlden verkar vara mycket viktigare. En m\u00e4ngd fenotyper har f\u00f6tts fram fr\u00e5n OG Kush, m\u00e5nga m\u00e4ngder av dem vinner popularitet precis som OGK har gjort. N\u00e5gra av dessa v\u00e4lk\u00e4nda fenotyper inkluderar Tahoe OG, Fire OG, SFV OG, Double OG och s\u00e5 m\u00e5nga fler - v\u00e5r gissning \u00e4r att du f\u00f6rmodligen \u00e4r bekant med \u00e5tminstone n\u00e5gra av dem. Postorder ogr\u00e4s <a href=\"https:\/\/en.wikipedia.org\/wiki\/Special:Search?search=weed+online&amp;go=Go&amp;ns0=1\">Storbritannien<\/a><\/p>\n<p>CBD-oljerabatt Delvis anledningen till att OG Kush har anv\u00e4nts flitigt i cannabisgenetiksuppf\u00f6dning, beror p\u00e5 denna ursprungliga stams h\u00f6ga THC-styrka som verkar hj\u00e4lpa m\u00e5nga konsumenter med en m\u00e4ngd olika medicinska problem som de kan uppleva. Med THC-niv\u00e5er som registreras i intervallet 20-27, \u00e4r punch OG Kush-paketen s\u00e4rskilt kraftfulla, de sl\u00e5r verkligen den som konsumerar det.<\/p>\n<p>Although world-known, <a href=\"https:\/\/en.wikipedia.org\/wiki\/Kush\">OG Kush<\/a> seems to primarily be consumed throughout California, Colorado and the Pacific Northwest, so if you want to try a dank batch of this heady cannabis strain, look to those regions for answers.<\/p>\n<h3>OCH Kush Aroma<\/h3>\n<p>Smak och utseende OG Kush har en av de fr\u00e4schaste dofterna, som intensivt p\u00e5minner om att vara vilse n\u00e4r han vandrade djupt i en gammal skog. Dess arom \u00e4r tr\u00e4ig, pinig och jordig, och sl\u00e5r omedelbart dina smakl\u00f6kar med en kraftfull tr\u00e4ff. Dess smak forts\u00e4tter att \u00f6verraska konsumenterna, med ov\u00e4ntade undertoner av lime, citron och citrus, samt inslag av en kryddig twist. Postorder weed Sverige.<\/p>\n<p>Utseendem\u00e4ssigt har OG Kush weed den traditionella cannabis-looken, med den klassiska gulgr\u00f6na sockerbladsf\u00e4rgen, med orange pistiller och l\u00f6vgr\u00f6na, ibland salvia skuggade vattenblad. Knopparna \u00e4r t\u00e4tt belagda med kristallina trikomer, vilket \u00e4r helt vettigt om du tar h\u00e4nsyn till OG Kush-stammens tunga THC-inneh\u00e5ll. OG Kush-effekter. OG Kush-v\u00e4xten h\u00e5ller sig trogen sin hybridklassificering och \u00e4r s\u00e4rskilt balanserad, med sin h\u00f6ga h\u00f6jd som ger det b\u00e4sta av tv\u00e5 v\u00e4rldar.<\/p>\n<p>OG Kush \u00e4r en levande blandning av b\u00e5de indica- och sativa-egenskaper och testar med flitiga plug-, sativa- och\u00a0indica-niv\u00e5er p\u00e5 60 % och 87 %. Efter att ha konsumerat OG Kush, f\u00f6rv\u00e4nta dig stark eufori och intensiva cerebrala effekter, ofta f\u00f6ljt av en mild till stark k\u00e4nsla av soffl\u00e5s.<\/p>\n<p>OG Kush, som anses vara en av de mest avslappnande men upplyftande varianterna, verkar f\u00f6rse sina konsumenter med en underbar kombination av inte bara kroppssm\u00e4ltande eufori, utan ocks\u00e5 ett lika f\u00f6rdelaktigt resultat f\u00f6r sinnet, vilket g\u00f6r den som provar glad, lugn och fridfull. , men \u00e4nd\u00e5 kapabel att fnissa, skratta och ha en underbar tid.<\/p>\n<h3>Medicinska f\u00f6rdelar med Cannabisstammen #1<\/h3>\n<p>OG Kush OG Kush Ovanifr\u00e5n Anv\u00e4nds oftast medicinskt f\u00f6r psykiska st\u00f6rningar och kronisk sm\u00e4rta. OG Kush weed \u00e4r en extremt helande stam av cannabis. Det har f\u00f6rv\u00e5nat den medicinska marijuanav\u00e4rlden med dess f\u00f6rm\u00e5ga att hj\u00e4lpa s\u00e5 m\u00e5nga under alla \u00e5r av dess existens.<\/p>\n<p>Dess magiska krafter \u00e4r delvis orsaken till OGK:s stora popularitetstillv\u00e4xt. Allt eftersom fler och fler individer uppt\u00e4cker att de har det b\u00e4ttre att konsumera denna stam. \u00c4n att ta traditionella mediciner som ofta \u00e4r f\u00e4sta med ot\u00e4cka, livsf\u00f6r\u00e4ndrande negativa biverkningar.<\/p>\n<p>De som hanterar stress, depression och s\u00f6mnl\u00f6shet har uppt\u00e4ckt att OG Kush-stammen \u00e4r s\u00e4rskilt medicinsk. Samt patienter som upplever sv\u00e5r och kronisk sm\u00e4rta. OG Kush hj\u00e4lper verkligen att slappna av och bed\u00f6va de \u00f6mma fl\u00e4ckarna. Om du upplever stress, depression, \u00e5ngest eller annan psykisk st\u00f6rning. <a href=\"https:\/\/grassxpress.com\/sv\/produkt\/og-kush-strain\/\">Secure checkout<\/a><\/p>\n<p>D\u00e5 \u00e4r det b\u00e4st att r\u00f6ka en mild m\u00e4ngd OG Kush weed eller \u00e4ta en l\u00e5gdos \u00e4tbar. F\u00f6r att \u00f6verkonsumera n\u00e5gon form av pot medan man hanterar en psykisk st\u00f6rning, kan faktiskt g\u00f6ra mer skada \u00e4n nytta. K\u00e4nn dina gr\u00e4nser och h\u00e5ll dig inom dessa gr\u00e4nser.<\/p>\n<p>\u00c5 andra sidan, om du har att g\u00f6ra med s\u00f6mnl\u00f6shet, s\u00f6mnbrist eller kronisk sm\u00e4rta. D\u00e5 skulle intag av en h\u00f6gre dos av OG Kush-stammen vara till st\u00f6rre f\u00f6rdel. Detta kommer att hj\u00e4lpa till att omedelbart attackera problemet direkt. Utan att l\u00e4mna n\u00e5gon m\u00f6jlighet att inte ha konsumerat en tillr\u00e4ckligt h\u00f6g dos f\u00f6r att faktiskt k\u00e4nna f\u00f6rdelarna. F\u00f6r att uppn\u00e5 en h\u00f6gre dos kan en \u00e4tbar, koncentrat eller annan konsumerbar form av cannabis vara p\u00e5 sin plats.<\/p>\n<p>M\u00f6jliga biverkningar av OG Kush. Det b\u00e4sta s\u00e4ttet att undvika eventuella biverkningar fr\u00e5n OG Kush marijuana \u00e4r att vidta f\u00f6rsiktighets\u00e5tg\u00e4rder. Om du \u00e4r k\u00e4nslig f\u00f6r THC och att k\u00e4nna till dina gr\u00e4nser n\u00e4r du konsumerar cannabis. Konsumenter rapporterar oftast muntorrhet och torra \u00f6gon som en vanlig biverkning n\u00e4r de provar OG Kush weed. Svettas inte, detta \u00e4r l\u00e4tt att l\u00f6sa genom att dricka \u00e5terfuktande v\u00e4tskor och anv\u00e4nda fuktgivande \u00f6gondroppar om det beh\u00f6vs.<\/p>\n<h3>Dessutom,<\/h3>\n<p>Vissa individer har upplevt paranoia efter att ha konsumerat OG Kush-stammen. Men kom ih\u00e5g att din high kommer att passera och att bara forts\u00e4tta andas l\u00e5ngsamt, djupt och stadigt. Det kan hj\u00e4lpa till att h\u00e5lla huvudet klart om du g\u00e5r igenom n\u00e5gra negativa tankem\u00f6nster.<\/p>\n<p>Meditation och djupavslappningstekniker kan ocks\u00e5 vara till hj\u00e4lp. Sista tankar om OG Kush: Vi hoppas att du har tyckt att denna OG Kush-recension inte bara \u00e4r underh\u00e5llande. Men ocks\u00e5 l\u00e4rorikt och informativt. Det \u00e4r viktigt att komma ih\u00e5g att konsumtionen av marijuana endast \u00e4r anv\u00e4ndarens ansvar och att diskretion b\u00f6r tas.<\/p>","protected":false},"excerpt":{"rendered":"<p><strong>Grade:<\/strong> A<br \/>\nType: Sativa dominant hybrid<br \/>\n<strong>Looks:<\/strong> This deep green bud is fluffy, frosty and packed with red hairs.<br \/>\n<strong>Smell:<\/strong> Piney, Cedar-like, Citrus<br \/>\n<strong>Taste:<\/strong> A very nice earthy and pine taste with a sweet after note . A very smooth and refreshing smoke. Vaporizing intensifies flavor and is a delight to have in the mouth.<br \/>\n<strong>Effects:<\/strong> Induces a feeling of euphoria, happiness, and creativity. An uplifting and energized high.<br \/>\nPotency: 10\/10 (It\u2019s a 1 hit wonder)<\/p>","protected":false},"featured_media":4421,"comment_status":"open","ping_status":"closed","template":"","meta":{"_themeisle_gutenberg_block_has_review":false,"_ti_tpc_template_sync":false,"_ti_tpc_template_id":"","_joinchat":[]},"product_cat":[216],"product_tag":[],"class_list":{"0":"post-4363","1":"product","2":"type-product","3":"status-publish","4":"has-post-thumbnail","6":"product_cat-hybrid","8":"first","9":"instock","10":"shipping-taxable","11":"purchasable","12":"product-type-variable"},"yoast_head":"<!-- This site is optimized with the Yoast SEO plugin v22.7 - https:\/\/yoast.com\/wordpress\/plugins\/seo\/ -->\n<title>OG Kush Strain Online For Sale | GrassXpress<\/title>\n<meta name=\"description\" content=\"Buy OG Kush online in uk and explore a legendary cannabis strain valued for its strong aroma and balanced hybrid effects. OG Kush for sale featuring distinctive earthy, citrus, and fuel-like terpene notes.\" \/>\n<meta name=\"robots\" content=\"index, follow, max-snippet:-1, max-image-preview:large, max-video-preview:-1\" \/>\n<link rel=\"canonical\" href=\"https:\/\/grassxpress.com\/sv\/produkt\/og-kush-strain\/\" \/>\n<meta property=\"og:locale\" content=\"sv_SE\" \/>\n<meta property=\"og:type\" content=\"article\" \/>\n<meta property=\"og:title\" content=\"OG Kush Strain Online For Sale | GrassXpress\" \/>\n<meta property=\"og:description\" content=\"Buy OG Kush online in uk and explore a legendary cannabis strain valued for its strong aroma and balanced hybrid effects. OG Kush for sale featuring distinctive earthy, citrus, and fuel-like terpene notes.\" \/>\n<meta property=\"og:url\" content=\"https:\/\/grassxpress.com\/sv\/produkt\/og-kush-strain\/\" \/>\n<meta property=\"og:site_name\" content=\"GrassXpress\" \/>\n<meta property=\"article:modified_time\" content=\"2026-04-02T09:17:53+00:00\" \/>\n<meta property=\"og:image\" content=\"https:\/\/grassxpress.com\/wp-content\/uploads\/2022\/11\/OG-kush.jpg\" \/>\n\t<meta property=\"og:image:width\" content=\"600\" \/>\n\t<meta property=\"og:image:height\" content=\"600\" \/>\n\t<meta property=\"og:image:type\" content=\"image\/jpeg\" \/>\n<meta name=\"twitter:card\" content=\"summary_large_image\" \/>\n<meta name=\"twitter:label1\" content=\"Ber\u00e4knad l\u00e4stid\" \/>\n\t<meta name=\"twitter:data1\" content=\"6 minuter\" \/>\n<!-- \/ Yoast SEO plugin. -->","yoast_head_json":{"title":"OG Kush Strain Online For Sale | GrassXpress","description":"Buy OG Kush online in uk and explore a legendary cannabis strain valued for its strong aroma and balanced hybrid effects. OG Kush for sale featuring distinctive earthy, citrus, and fuel-like terpene notes.","robots":{"index":"index","follow":"follow","max-snippet":"max-snippet:-1","max-image-preview":"max-image-preview:large","max-video-preview":"max-video-preview:-1"},"canonical":"https:\/\/grassxpress.com\/sv\/produkt\/og-kush-strain\/","og_locale":"sv_SE","og_type":"article","og_title":"OG Kush Strain Online For Sale | GrassXpress","og_description":"Buy OG Kush online in uk and explore a legendary cannabis strain valued for its strong aroma and balanced hybrid effects. OG Kush for sale featuring distinctive earthy, citrus, and fuel-like terpene notes.","og_url":"https:\/\/grassxpress.com\/sv\/produkt\/og-kush-strain\/","og_site_name":"GrassXpress","article_modified_time":"2026-04-02T09:17:53+00:00","og_image":[{"width":600,"height":600,"url":"https:\/\/grassxpress.com\/wp-content\/uploads\/2022\/11\/OG-kush.jpg","type":"image\/jpeg"}],"twitter_card":"summary_large_image","twitter_misc":{"Ber\u00e4knad l\u00e4stid":"6 minuter"},"schema":{"@context":"https:\/\/schema.org","@graph":[{"@type":"WebPage","@id":"https:\/\/grassxpress.com\/product\/og-kush-strain\/","url":"https:\/\/grassxpress.com\/product\/og-kush-strain\/","name":"OG Kush Strain Online For Sale | GrassXpress","isPartOf":{"@id":"https:\/\/grassxpress.com\/#website"},"primaryImageOfPage":{"@id":"https:\/\/grassxpress.com\/product\/og-kush-strain\/#primaryimage"},"image":{"@id":"https:\/\/grassxpress.com\/product\/og-kush-strain\/#primaryimage"},"thumbnailUrl":"https:\/\/grassxpress.com\/wp-content\/uploads\/2022\/11\/OG-kush.jpg","datePublished":"2022-11-15T10:34:28+00:00","dateModified":"2026-04-02T09:17:53+00:00","description":"Buy OG Kush online in uk and explore a legendary cannabis strain valued for its strong aroma and balanced hybrid effects. OG Kush for sale featuring distinctive earthy, citrus, and fuel-like terpene notes.","breadcrumb":{"@id":"https:\/\/grassxpress.com\/product\/og-kush-strain\/#breadcrumb"},"inLanguage":"sv-SE","potentialAction":[{"@type":"ReadAction","target":["https:\/\/grassxpress.com\/product\/og-kush-strain\/"]}]},{"@type":"ImageObject","inLanguage":"sv-SE","@id":"https:\/\/grassxpress.com\/product\/og-kush-strain\/#primaryimage","url":"https:\/\/grassxpress.com\/wp-content\/uploads\/2022\/11\/OG-kush.jpg","contentUrl":"https:\/\/grassxpress.com\/wp-content\/uploads\/2022\/11\/OG-kush.jpg","width":600,"height":600,"caption":"OG kush"},{"@type":"BreadcrumbList","@id":"https:\/\/grassxpress.com\/product\/og-kush-strain\/#breadcrumb","itemListElement":[{"@type":"ListItem","position":1,"name":"Home","item":"https:\/\/grassxpress.com\/"},{"@type":"ListItem","position":2,"name":"Mail Order Weed UK","item":"https:\/\/grassxpress.com\/mail-order-weed-uk\/"},{"@type":"ListItem","position":3,"name":"OG kush"}]},{"@type":"WebSite","@id":"https:\/\/grassxpress.com\/#website","url":"https:\/\/grassxpress.com\/","name":"GrassXpress","description":"Buy Weed Online UK","publisher":{"@id":"https:\/\/grassxpress.com\/#organization"},"potentialAction":[{"@type":"SearchAction","target":{"@type":"EntryPoint","urlTemplate":"https:\/\/grassxpress.com\/?s={search_term_string}"},"query-input":"required name=search_term_string"}],"inLanguage":"sv-SE"},{"@type":"Organization","@id":"https:\/\/grassxpress.com\/#organization","name":"GrassXpress","url":"https:\/\/grassxpress.com\/","logo":{"@type":"ImageObject","inLanguage":"sv-SE","@id":"https:\/\/grassxpress.com\/#\/schema\/logo\/image\/","url":"https:\/\/grassxpress.com\/wp-content\/uploads\/2024\/01\/logo.png","contentUrl":"https:\/\/grassxpress.com\/wp-content\/uploads\/2024\/01\/logo.png","width":300,"height":100,"caption":"GrassXpress"},"image":{"@id":"https:\/\/grassxpress.com\/#\/schema\/logo\/image\/"}}]}},"_links":{"self":[{"href":"https:\/\/grassxpress.com\/sv\/wp-json\/wp\/v2\/product\/4363","targetHints":{"allow":["GET"]}}],"collection":[{"href":"https:\/\/grassxpress.com\/sv\/wp-json\/wp\/v2\/product"}],"about":[{"href":"https:\/\/grassxpress.com\/sv\/wp-json\/wp\/v2\/types\/product"}],"replies":[{"embeddable":true,"href":"https:\/\/grassxpress.com\/sv\/wp-json\/wp\/v2\/comments?post=4363"}],"wp:featuredmedia":[{"embeddable":true,"href":"https:\/\/grassxpress.com\/sv\/wp-json\/wp\/v2\/media\/4421"}],"wp:attachment":[{"href":"https:\/\/grassxpress.com\/sv\/wp-json\/wp\/v2\/media?parent=4363"}],"wp:term":[{"taxonomy":"product_cat","embeddable":true,"href":"https:\/\/grassxpress.com\/sv\/wp-json\/wp\/v2\/product_cat?post=4363"},{"taxonomy":"product_tag","embeddable":true,"href":"https:\/\/grassxpress.com\/sv\/wp-json\/wp\/v2\/product_tag?post=4363"}],"curies":[{"name":"wp","href":"https:\/\/api.w.org\/{rel}","templated":true}]}}