{"id":4360,"date":"2022-11-15T10:11:40","date_gmt":"2022-11-15T10:11:40","guid":{"rendered":"https:\/\/documentosespana.com\/diligent\/?post_type=product&#038;p=4360"},"modified":"2026-04-02T09:09:06","modified_gmt":"2026-04-02T09:09:06","slug":"banana-kush","status":"publish","type":"product","link":"https:\/\/grassxpress.com\/sv\/produkt\/banana-kush\/","title":{"rendered":"Buy Banana Kush Online UK"},"content":{"rendered":"<div class=\"relative basis-auto flex-col -mb-(--composer-overlap-px) [--composer-overlap-px:28px] grow flex\">\n<div class=\"flex flex-col text-sm pb-25\">\n<article class=\"text-token-text-primary w-full focus:outline-none [--shadow-height:45px] has-data-writing-block:pointer-events-none has-data-writing-block:-mt-(--shadow-height) has-data-writing-block:pt-(--shadow-height) [&amp;:has([data-writing-block])&gt;*]:pointer-events-auto scroll-mt-[calc(var(--header-height)+min(200px,max(70px,20svh)))]\" dir=\"auto\" tabindex=\"-1\" data-turn-id=\"request-WEB:04e6e77b-5047-4170-b5cf-69678400d879-6\" data-testid=\"conversation-turn-14\" data-scroll-anchor=\"true\" data-turn=\"assistant\">\n<div class=\"text-base my-auto mx-auto pb-10 [--thread-content-margin:var(--thread-content-margin-xs,calc(var(--spacing)*4))] @w-sm\/main:[--thread-content-margin:var(--thread-content-margin-sm,calc(var(--spacing)*6))] @w-lg\/main:[--thread-content-margin:var(--thread-content-margin-lg,calc(var(--spacing)*16))] px-(--thread-content-margin)\">\n<div class=\"[--thread-content-max-width:40rem] @w-lg\/main:[--thread-content-max-width:48rem] mx-auto max-w-(--thread-content-max-width) flex-1 group\/turn-messages focus-visible:outline-hidden relative flex w-full min-w-0 flex-col agent-turn\" tabindex=\"-1\">\n<div class=\"flex max-w-full flex-col gap-4 grow\">\n<div class=\"min-h-8 text-message relative flex w-full flex-col items-end gap-2 text-start break-words whitespace-normal [.text-message+&amp;]:mt-1\" dir=\"auto\" data-message-author-role=\"assistant\" data-message-id=\"692c1616-ac21-4157-920c-8936db92195e\" data-message-model-slug=\"gpt-5-3\">\n<div class=\"flex w-full flex-col gap-1 empty:hidden\">\n<div class=\"markdown prose dark:prose-invert w-full wrap-break-word light markdown-new-styling\">\n<h2 data-section-id=\"1pwhjtz\" data-start=\"0\" data-end=\"38\">K\u00f6p ogr\u00e4s online i Storbritannien \u2013 Banana Kush<\/h2>\n<p data-start=\"40\" data-end=\"379\">If you are looking for weed to buy online UK, many cannabis enthusiasts prefer to <a href=\"https:\/\/grassxpress.com\/sv\/produkt\/banana-kush\/\">Buy Banana Kush online<\/a> p\u00e5 grund av dess unika smak och avslappnande effekter. Banana Kush, k\u00e4nd f\u00f6r sin s\u00f6ta tropiska arom och kraftfulla body high, \u00e4r en av de mest popul\u00e4ra sorterna bland cannabisanv\u00e4ndare som s\u00f6ker knoppar av h\u00f6gsta kvalitet.<\/p>\n<h1 data-section-id=\"1qkgbfg\" data-start=\"381\" data-end=\"409\">Buy Banana Kush Online UK<\/h1>\n<p data-start=\"411\" data-end=\"771\">K\u00f6p Banana Kush fr\u00e5n p\u00e5litliga cannabisbutiker om du vill ha en sort som ger en balanserad blandning av eufori och djup avslappning. Banana Kush \u00e4r en v\u00e4lk\u00e4nd v\u00e4stkustsort k\u00e4nd f\u00f6r sin banansmak och lugnande effekter. M\u00e5nga konsumenter som k\u00f6per Banana Kush online njuter av dess kombination av upplyftande mentala sensationer och lugnande fysisk avslappning. Denna sort \u00e4r en korsning mellan Ghost OG och Skunk Haze och \u00e4r k\u00e4nd f\u00f6r sin distinkta arom och m\u00e5ttligt utmanande odlingsprocess. P\u00e5 grund av dess popularitet och unika terpenprofil s\u00f6ker m\u00e5nga anv\u00e4ndare efter \"Var kan man k\u00f6pa Banana Kush?\" n\u00e4r de letar efter h\u00f6gkvalitativa cannabisprodukter.<\/p>\n<h3 data-section-id=\"1d3xzlz\" data-start=\"1067\" data-end=\"1088\">Lab Tested Results<\/h3>\n<p data-start=\"1090\" data-end=\"1110\">THC: 25 %<br data-start=\"1098\" data-end=\"1101\" \/>CBD: 0,7%<\/p>\n<p data-start=\"1112\" data-end=\"1278\">These cannabinoid levels contribute to the powerful effects that make Banana Kush for sale a highly sought-after strain for both recreational and therapeutic use.<\/p>\n<h3 data-section-id=\"mnten1\" data-start=\"1280\" data-end=\"1305\">Banana Kush Experience<\/h3>\n<p data-start=\"1307\" data-end=\"1560\">\u00c4ven om Banana Kush fr\u00e4mst \u00e4r en Indica-sort, ger den ocks\u00e5 en viss mild Sativa-liknande mental stimulans. M\u00e5nga cannabiskonsumenter som best\u00e4ller Banana Kush online rapporterar en stark kroppslig rus som gradvis leder till djup avslappning och s\u00f6mnighet. P\u00e5 grund av dess kraftfulla lugnande effekter rekommenderas det ofta att k\u00f6pa Banana Kush online f\u00f6r kv\u00e4llsbruk. M\u00e5nga erfarna anv\u00e4ndare f\u00f6redrar denna sort f\u00f6re s\u00e4ngg\u00e5endet eftersom dess lugnande egenskaper kan bidra till att fr\u00e4mja vilsam s\u00f6mn. Innan de avslappnande effekterna utvecklas helt upplever anv\u00e4ndare ofta en behaglig euforisk kick och m\u00e4rkbar hum\u00f6rh\u00f6jning. Denna upplyftande k\u00e4nsla \u00e4r en av anledningarna till att m\u00e5nga letar efter det b\u00e4sta st\u00e4llet att k\u00f6pa Banana Kush online.<\/p>\n<p data-start=\"2027\" data-end=\"2213\">Vissa anv\u00e4ndare kan uppleva muntorrhet eller torra \u00f6gon, s\u00e4rskilt vid h\u00f6gre doser. F\u00f6r de som \u00e4r nya inom cannabis rekommenderas det att b\u00f6rja med en m\u00e5ttlig m\u00e4ngd n\u00e4r de k\u00f6per Banana Kush.<\/p>\n<h3 data-section-id=\"n8ea45\" data-start=\"2215\" data-end=\"2242\">Smak- och aromprofil<\/h3>\n<p data-start=\"2244\" data-end=\"2492\">En av de mest igenk\u00e4nnliga egenskaperna hos Banana Kush \u00e4r dess legendariska smakprofil. Denna sort \u00e4r k\u00e4nd f\u00f6r sin omissk\u00e4nnliga banansmak i kombination med fruktiga och tropiska toner. Vissa cannabisentusiaster m\u00e4rker ocks\u00e5 subtila tr\u00e4iga undertoner. Vid f\u00f6rbr\u00e4nning frig\u00f6r Banana Kush till salu en s\u00f6t och fruktig arom som snabbt fyller rummet. Dess starka terpenprofil \u00e4r en viktig anledning till att m\u00e5nga anv\u00e4ndare v\u00e4ljer att k\u00f6pa Banana Kush online fr\u00e5n v\u00e4lrenommerade cannabisbutiker. Visuellt har denna sort en imponerande hylleffekt. Knopparna uppvisar ljusgr\u00f6na blad, persikof\u00e4rgade pistiller och ett gener\u00f6st lager av vita trichomer. Detta attraktiva utseende g\u00f6r det ofta l\u00e4ttare att k\u00e4nna igen premium Banana Kush till salu-produkter.<\/p>\n<h3 data-section-id=\"6nc9ol\" data-start=\"2988\" data-end=\"3022\">Medicinska f\u00f6rdelar med banankush<\/h3>\n<p data-start=\"3024\" data-end=\"3286\">\u00c4ven om Banana Kush fr\u00e4mst \u00e4r en Indica-sort, ger den ocks\u00e5 en viss mild Sativa-liknande mental stimulans. M\u00e5nga cannabiskonsumenter som best\u00e4ller Banana Kush online rapporterar en stark kroppslig rus som gradvis leder till djup avslappning och s\u00f6mnighet. P\u00e5 grund av dess kraftfulla lugnande effekter rekommenderas det ofta att k\u00f6pa Banana Kush online f\u00f6r kv\u00e4llsbruk. M\u00e5nga erfarna anv\u00e4ndare f\u00f6redrar denna sort f\u00f6re s\u00e4ngg\u00e5endet eftersom dess lugnande egenskaper kan bidra till att fr\u00e4mja vilsam s\u00f6mn. Innan de avslappnande effekterna utvecklas helt upplever anv\u00e4ndare ofta en behaglig euforisk kick och m\u00e4rkbar hum\u00f6rh\u00f6jning. Denna upplyftande k\u00e4nsla \u00e4r en av anledningarna till att m\u00e5nga letar efter det b\u00e4sta st\u00e4llet att k\u00f6pa Banana Kush online.<\/p>\n<p data-start=\"3734\" data-end=\"3996\">Dessutom kan de starka Indica-egenskaperna hj\u00e4lpa individer att hantera kronisk sm\u00e4rta. P\u00e5 grund av dessa potentiella f\u00f6rdelar j\u00e4mf\u00f6r m\u00e5nga anv\u00e4ndare priset p\u00e5 Banana Kush mellan olika \u00e5terf\u00f6rs\u00e4ljare f\u00f6r att hitta det b\u00e4sta v\u00e4rdet samtidigt som produktkvaliteten bibeh\u00e5lls. F\u00f6r cannabisentusiaster som s\u00f6ker efter premiumsorter, s\u00e4kerst\u00e4ller det att hitta det b\u00e4sta st\u00e4llet att k\u00f6pa Banana Kush online tillg\u00e5ng till p\u00e5litliga produkter med konsekvent styrka och smak.<\/p>\n<\/div>\n<\/div>\n<\/div>\n<\/div>\n<div class=\"z-0 flex min-h-[46px] justify-start\"><\/div>\n<div class=\"mt-3 w-full empty:hidden\">\n<div class=\"text-center\"><\/div>\n<\/div>\n<\/div>\n<\/div>\n<\/article>\n<\/div>\n<div class=\"pointer-events-none h-px w-px absolute bottom-0\" aria-hidden=\"true\" data-edge=\"true\"><\/div>\n<\/div>","protected":false},"excerpt":{"rendered":"<p>Indica Dominant Hybrid - 60% Indica \/ 40% Sativa THC: 18% - 25%, CBN: 1%<br \/>\nH\u00e4r har vi den bananliknande hybriden av tv\u00e5 legendariska stammar; OG Kush of the West Coast och Skunk Haze.<\/p>\n<p>Banana Kush marijuana stam \u00e4r en Indica dominerande hybrid. Kush skapades av Cali Kush. Denna marijuana har en underbar arom av uts\u00f6kt banan-kush smoothie. Banana Kush har ljusgr\u00f6na, fluffiga knoppar med gul-orange h\u00e5r. Nuggarna \u00e4r t\u00e4ckta av vita kristaller. P\u00e5 grund av dess styrka kommer Banana Kush cannabisstam att lugna din sm\u00e4rta och vagga dig att sova p\u00e5 n\u00e5gra minuter, b\u00e4st f\u00f6r nattanv\u00e4ndning. Med THC vid 18% b\u00f6r nyb\u00f6rjare vara uppm\u00e4rksamma p\u00e5 dosen.<\/p>","protected":false},"featured_media":4376,"comment_status":"open","ping_status":"closed","template":"","meta":{"_themeisle_gutenberg_block_has_review":false,"_ti_tpc_template_sync":false,"_ti_tpc_template_id":"","_joinchat":[]},"product_cat":[216],"product_tag":[],"class_list":{"0":"post-4360","1":"product","2":"type-product","3":"status-publish","4":"has-post-thumbnail","6":"product_cat-hybrid","8":"first","9":"instock","10":"shipping-taxable","11":"purchasable","12":"product-type-variable"},"yoast_head":"<!-- This site is optimized with the Yoast SEO plugin v22.7 - https:\/\/yoast.com\/wordpress\/plugins\/seo\/ -->\n<title>Weed to buy online uk | Buy banana kush online in Europe<\/title>\n<meta name=\"description\" content=\"Buy Banana Kush online for a flavorful hybrid strain known for its sweet tropical aroma and relaxing effects. Banana Kush for sale offers premium quality buds ideal for cannabis enthusiasts.\" \/>\n<meta name=\"robots\" content=\"index, follow, max-snippet:-1, max-image-preview:large, max-video-preview:-1\" \/>\n<link rel=\"canonical\" href=\"https:\/\/grassxpress.com\/sv\/produkt\/banana-kush\/\" \/>\n<meta property=\"og:locale\" content=\"sv_SE\" \/>\n<meta property=\"og:type\" content=\"article\" \/>\n<meta property=\"og:title\" content=\"Weed to buy online uk | Buy banana kush online in Europe\" \/>\n<meta property=\"og:description\" content=\"Buy Banana Kush online for a flavorful hybrid strain known for its sweet tropical aroma and relaxing effects. Banana Kush for sale offers premium quality buds ideal for cannabis enthusiasts.\" \/>\n<meta property=\"og:url\" content=\"https:\/\/grassxpress.com\/sv\/produkt\/banana-kush\/\" \/>\n<meta property=\"og:site_name\" content=\"GrassXpress\" \/>\n<meta property=\"article:modified_time\" content=\"2026-04-02T09:09:06+00:00\" \/>\n<meta property=\"og:image\" content=\"https:\/\/grassxpress.com\/wp-content\/uploads\/2022\/11\/Banana-kush.jpg\" \/>\n\t<meta property=\"og:image:width\" content=\"600\" \/>\n\t<meta property=\"og:image:height\" content=\"600\" \/>\n\t<meta property=\"og:image:type\" content=\"image\/jpeg\" \/>\n<meta name=\"twitter:card\" content=\"summary_large_image\" \/>\n<meta name=\"twitter:label1\" content=\"Ber\u00e4knad l\u00e4stid\" \/>\n\t<meta name=\"twitter:data1\" content=\"3 minuter\" \/>\n<!-- \/ Yoast SEO plugin. -->","yoast_head_json":{"title":"Weed to buy online uk | Buy banana kush online in Europe","description":"Buy Banana Kush online for a flavorful hybrid strain known for its sweet tropical aroma and relaxing effects. Banana Kush for sale offers premium quality buds ideal for cannabis enthusiasts.","robots":{"index":"index","follow":"follow","max-snippet":"max-snippet:-1","max-image-preview":"max-image-preview:large","max-video-preview":"max-video-preview:-1"},"canonical":"https:\/\/grassxpress.com\/sv\/produkt\/banana-kush\/","og_locale":"sv_SE","og_type":"article","og_title":"Weed to buy online uk | Buy banana kush online in Europe","og_description":"Buy Banana Kush online for a flavorful hybrid strain known for its sweet tropical aroma and relaxing effects. Banana Kush for sale offers premium quality buds ideal for cannabis enthusiasts.","og_url":"https:\/\/grassxpress.com\/sv\/produkt\/banana-kush\/","og_site_name":"GrassXpress","article_modified_time":"2026-04-02T09:09:06+00:00","og_image":[{"width":600,"height":600,"url":"https:\/\/grassxpress.com\/wp-content\/uploads\/2022\/11\/Banana-kush.jpg","type":"image\/jpeg"}],"twitter_card":"summary_large_image","twitter_misc":{"Ber\u00e4knad l\u00e4stid":"3 minuter"},"schema":{"@context":"https:\/\/schema.org","@graph":[{"@type":"WebPage","@id":"https:\/\/grassxpress.com\/product\/banana-kush\/","url":"https:\/\/grassxpress.com\/product\/banana-kush\/","name":"Weed to buy online uk | Buy banana kush online in Europe","isPartOf":{"@id":"https:\/\/grassxpress.com\/#website"},"primaryImageOfPage":{"@id":"https:\/\/grassxpress.com\/product\/banana-kush\/#primaryimage"},"image":{"@id":"https:\/\/grassxpress.com\/product\/banana-kush\/#primaryimage"},"thumbnailUrl":"https:\/\/grassxpress.com\/wp-content\/uploads\/2022\/11\/Banana-kush.jpg","datePublished":"2022-11-15T10:11:40+00:00","dateModified":"2026-04-02T09:09:06+00:00","description":"Buy Banana Kush online for a flavorful hybrid strain known for its sweet tropical aroma and relaxing effects. Banana Kush for sale offers premium quality buds ideal for cannabis enthusiasts.","breadcrumb":{"@id":"https:\/\/grassxpress.com\/product\/banana-kush\/#breadcrumb"},"inLanguage":"sv-SE","potentialAction":[{"@type":"ReadAction","target":["https:\/\/grassxpress.com\/product\/banana-kush\/"]}]},{"@type":"ImageObject","inLanguage":"sv-SE","@id":"https:\/\/grassxpress.com\/product\/banana-kush\/#primaryimage","url":"https:\/\/grassxpress.com\/wp-content\/uploads\/2022\/11\/Banana-kush.jpg","contentUrl":"https:\/\/grassxpress.com\/wp-content\/uploads\/2022\/11\/Banana-kush.jpg","width":600,"height":600,"caption":"Banana kush"},{"@type":"BreadcrumbList","@id":"https:\/\/grassxpress.com\/product\/banana-kush\/#breadcrumb","itemListElement":[{"@type":"ListItem","position":1,"name":"Home","item":"https:\/\/grassxpress.com\/"},{"@type":"ListItem","position":2,"name":"Mail Order Weed UK","item":"https:\/\/grassxpress.com\/mail-order-weed-uk\/"},{"@type":"ListItem","position":3,"name":"Buy Banana Kush Online UK"}]},{"@type":"WebSite","@id":"https:\/\/grassxpress.com\/#website","url":"https:\/\/grassxpress.com\/","name":"GrassXpress","description":"Buy Weed Online UK","publisher":{"@id":"https:\/\/grassxpress.com\/#organization"},"potentialAction":[{"@type":"SearchAction","target":{"@type":"EntryPoint","urlTemplate":"https:\/\/grassxpress.com\/?s={search_term_string}"},"query-input":"required name=search_term_string"}],"inLanguage":"sv-SE"},{"@type":"Organization","@id":"https:\/\/grassxpress.com\/#organization","name":"GrassXpress","url":"https:\/\/grassxpress.com\/","logo":{"@type":"ImageObject","inLanguage":"sv-SE","@id":"https:\/\/grassxpress.com\/#\/schema\/logo\/image\/","url":"https:\/\/grassxpress.com\/wp-content\/uploads\/2024\/01\/logo.png","contentUrl":"https:\/\/grassxpress.com\/wp-content\/uploads\/2024\/01\/logo.png","width":300,"height":100,"caption":"GrassXpress"},"image":{"@id":"https:\/\/grassxpress.com\/#\/schema\/logo\/image\/"}}]}},"_links":{"self":[{"href":"https:\/\/grassxpress.com\/sv\/wp-json\/wp\/v2\/product\/4360","targetHints":{"allow":["GET"]}}],"collection":[{"href":"https:\/\/grassxpress.com\/sv\/wp-json\/wp\/v2\/product"}],"about":[{"href":"https:\/\/grassxpress.com\/sv\/wp-json\/wp\/v2\/types\/product"}],"replies":[{"embeddable":true,"href":"https:\/\/grassxpress.com\/sv\/wp-json\/wp\/v2\/comments?post=4360"}],"wp:featuredmedia":[{"embeddable":true,"href":"https:\/\/grassxpress.com\/sv\/wp-json\/wp\/v2\/media\/4376"}],"wp:attachment":[{"href":"https:\/\/grassxpress.com\/sv\/wp-json\/wp\/v2\/media?parent=4360"}],"wp:term":[{"taxonomy":"product_cat","embeddable":true,"href":"https:\/\/grassxpress.com\/sv\/wp-json\/wp\/v2\/product_cat?post=4360"},{"taxonomy":"product_tag","embeddable":true,"href":"https:\/\/grassxpress.com\/sv\/wp-json\/wp\/v2\/product_tag?post=4360"}],"curies":[{"name":"wp","href":"https:\/\/api.w.org\/{rel}","templated":true}]}}