{"id":4302,"date":"2022-11-15T09:22:45","date_gmt":"2022-11-15T09:22:45","guid":{"rendered":"https:\/\/documentosespana.com\/diligent\/?post_type=product&#038;p=4302"},"modified":"2026-04-02T09:24:29","modified_gmt":"2026-04-02T09:24:29","slug":"sour-diesel","status":"publish","type":"product","link":"https:\/\/grassxpress.com\/sv\/produkt\/sour-diesel\/","title":{"rendered":"Sur diesel"},"content":{"rendered":"<h2>K\u00f6p Sour Diesel online p\u00e5 svenska<\/h2>\n<p><a href=\"https:\/\/grassxpress.com\/sv\/produkt\/sour-diesel\/\">Sur diesel<\/a> Sour Diesel (ibland kallad Sour D) \u00e4r en av de mest k\u00e4nda och allm\u00e4nt tillg\u00e4ngliga sativa-stammarna p\u00e5 marknaden idag, med 80- till 90-talets genetik som lutar \u00e5t sativa-sidan. Dess namn h\u00e4rleddes fr\u00e5n dess skarpa, ibland \u00f6verv\u00e4ldigande bensinliknande arom som pr\u00e4glas av sura och skunky toner. k\u00f6p \u00e4kta weed online sverige<\/p>\n<p>Det \u00e4r en mycket potent stam med THC-niv\u00e5er som m\u00e4ter mellan 20 till 20 %, med effekter som huvudsakligen \u00e4r cerebrala. \u00c4ven om dess sanna h\u00e4rstamning f\u00f6rblir ett mysterium p\u00e5 grund av bristen p\u00e5 formella rekord som kommer fr\u00e5n den underjordiska cannabisv\u00e4rlden p\u00e5 80- och 90-talen, spekulerar den mest popul\u00e4ra teorin att Sour Diesel h\u00e4rstammar fr\u00e5n en 3-v\u00e4gs korsning mellan Chemdawg, Northern Lights och Skunk #1 .<\/p>\n<p>The Sour Diesel is a good yielding, stretchy strain that produces <a href=\"https:\/\/grassxpress.com\/sv\/produkt\/norrsken\/\">light green<\/a>, frosty, sour flowers that have a pinkish color when finishing. The Sour Diesel is best if you let it go the full 10 weeks and the taste lingers in your mouth well after the exhale. It is recommended to pinch and bend the tops as she grows because of the stretch, this will also improve yields. If height is an issue, you can still take advantage of this strains stretch in the first 3 weeks by putting your rooted clones directly into flower for a 3-4 foot finish or 1-1.3 meter finish. The Sour D. is great for the beginner or the experienced grower because she is not too nutrient sensitive and can be worked to perfection! A favorite among favorite and well documented you can now add Sour Diesel to your garden and see what all the fuss is about. 2nd <a href=\"https:\/\/grassxpress.com\/sv\/\">Hash HT Cannabis<\/a> Cup 2010.<\/p>\n<p>Sours hartsartade knoppar <a href=\"https:\/\/en.wikipedia.org\/wiki\/Special:Search?search=weed+online&amp;go=Go&amp;ns0=1\">Diesel<\/a> visas rundade och medelstora, t\u00e4ckta av gr\u00f6na och gula blad med ljusr\u00f6da pistiller. De \u00e4r t\u00e4ta och sv\u00e5ra att bryta is\u00e4r f\u00f6r hand, men n\u00e4r knopparna \u00f6ppnas f\u00f6rst\u00e4rks inte bara den skarpa lukten, utan insidan avsl\u00f6jar en gener\u00f6s bel\u00e4ggning av trikomer. N\u00e4r den r\u00f6ks avger sur Diesel en h\u00e5rd, irriterande lukt och smak, ofta f\u00f6ljt av kraftig hosta. \u00c4ven utandningen k\u00e4nnetecknas av en syrlig, ammoniakliknande smak, som vissa kanske gillar medan andra tycker \u00e4r obehaglig. Om du r\u00e5kar hamna i den senare kategorin, rekommenderas att anv\u00e4nda en vaporizer f\u00f6r att minska den o\u00f6nskade smaken eller smaken. <a href=\"https:\/\/grassxpress.com\/sv\/mail-order-weed-uk\/\">mer<\/a><\/p>","protected":false},"excerpt":{"rendered":"<p>Sour Diesel, sometimes called Sour D, is an invigorating sativa-dominant strain\u00a0named after its pungent, diesel-like aroma. This fast-acting strain delivers energizing, dreamy cerebral effects that have pushed Sour Diesel to its legendary status. Stress, pain, and depression fade away in long-lasting relief that makes Sour Diesel a top choice among medical patients. This strain\u00a0took root in the early &#8217;90s, and it is believed to have descended from Chemdog\u00a091 and Super Skunk.<\/p>","protected":false},"featured_media":4316,"comment_status":"open","ping_status":"closed","template":"","meta":{"_themeisle_gutenberg_block_has_review":false,"_ti_tpc_template_sync":false,"_ti_tpc_template_id":"","_joinchat":[]},"product_cat":[19],"product_tag":[20,106,107,25,73,26,28,108,109,110,111,51,52,112,54,113,58,114,115,116,117,118,119,120,121,122,123,124,125,126,64,66,127],"class_list":{"0":"post-4302","1":"product","2":"type-product","3":"status-publish","4":"has-post-thumbnail","6":"product_cat-sativa","7":"product_tag-average-weed-prices-in-new-york","8":"product_tag-buy-1-oz-sour-diesel","9":"product_tag-buy-discount-ounce-sour-diesel","10":"product_tag-cannabis-priceofweed-com","11":"product_tag-cannabis-strain","12":"product_tag-cannabis-strain-information","13":"product_tag-home-of-premium-cannabis","14":"product_tag-how-much-does-an-ounce-of-sour-diesel-cost","15":"product_tag-how-much-is-a-quarter-of-sour-diesel","16":"product_tag-how-much-is-an-ounce-of-runtz-sour-diesel","17":"product_tag-lemon-diesel-29thc","18":"product_tag-marijuana","19":"product_tag-marijuana-bud-shop","20":"product_tag-marijuana-strain-sour-diesel","21":"product_tag-marijuanatopshelfstore-com","22":"product_tag-ounce-of-sour-diesel","23":"product_tag-ounce-of-weed","24":"product_tag-oz-sour-diesel","25":"product_tag-price-of-sour-diesel","26":"product_tag-sour-d","27":"product_tag-sour-diesel","28":"product_tag-sour-diesel-5","29":"product_tag-sour-diesel-buds","30":"product_tag-sour-diesel-hash","31":"product_tag-sour-diesel-hybrid-strains","32":"product_tag-sour-diesel-marijuana-strain","33":"product_tag-sour-diesel-shatter-glo","34":"product_tag-sour-diesel-strain","35":"product_tag-sour-diesel-weed-online","36":"product_tag-super-sour-diesel","37":"product_tag-the-price-of-weed","38":"product_tag-weedmaps","39":"product_tag-what-is-the-best-diesel-strains","41":"first","42":"instock","43":"shipping-taxable","44":"purchasable","45":"product-type-variable"},"yoast_head":"<!-- This site is optimized with the Yoast SEO plugin v22.7 - https:\/\/yoast.com\/wordpress\/plugins\/seo\/ -->\n<title>Sour Diesel Strain for Sale \u2013 Buy Sour Diesel Cannabis Online UK<\/title>\n<meta name=\"description\" content=\"Buy Sour Diesel strain for sale online uk. Legendary sativa cannabis with a strong diesel aroma and energizing cerebral high often favored for creativity, focus, and stress relief.\" \/>\n<meta name=\"robots\" content=\"index, follow, max-snippet:-1, max-image-preview:large, max-video-preview:-1\" \/>\n<link rel=\"canonical\" href=\"https:\/\/grassxpress.com\/sv\/produkt\/sour-diesel\/\" \/>\n<meta property=\"og:locale\" content=\"sv_SE\" \/>\n<meta property=\"og:type\" content=\"article\" \/>\n<meta property=\"og:title\" content=\"Sour Diesel Strain for Sale \u2013 Buy Sour Diesel Cannabis Online UK\" \/>\n<meta property=\"og:description\" content=\"Buy Sour Diesel strain for sale online uk. Legendary sativa cannabis with a strong diesel aroma and energizing cerebral high often favored for creativity, focus, and stress relief.\" \/>\n<meta property=\"og:url\" content=\"https:\/\/grassxpress.com\/sv\/produkt\/sour-diesel\/\" \/>\n<meta property=\"og:site_name\" content=\"GrassXpress\" \/>\n<meta property=\"article:modified_time\" content=\"2026-04-02T09:24:29+00:00\" \/>\n<meta property=\"og:image\" content=\"https:\/\/grassxpress.com\/wp-content\/uploads\/2022\/11\/Sour-Diesel.jpg\" \/>\n\t<meta property=\"og:image:width\" content=\"600\" \/>\n\t<meta property=\"og:image:height\" content=\"600\" \/>\n\t<meta property=\"og:image:type\" content=\"image\/jpeg\" \/>\n<meta name=\"twitter:card\" content=\"summary_large_image\" \/>\n<meta name=\"twitter:label1\" content=\"Ber\u00e4knad l\u00e4stid\" \/>\n\t<meta name=\"twitter:data1\" content=\"2 minuter\" \/>\n<!-- \/ Yoast SEO plugin. -->","yoast_head_json":{"title":"Sour Diesel Strain for Sale \u2013 Buy Sour Diesel Cannabis Online UK","description":"Buy Sour Diesel strain for sale online uk. Legendary sativa cannabis with a strong diesel aroma and energizing cerebral high often favored for creativity, focus, and stress relief.","robots":{"index":"index","follow":"follow","max-snippet":"max-snippet:-1","max-image-preview":"max-image-preview:large","max-video-preview":"max-video-preview:-1"},"canonical":"https:\/\/grassxpress.com\/sv\/produkt\/sour-diesel\/","og_locale":"sv_SE","og_type":"article","og_title":"Sour Diesel Strain for Sale \u2013 Buy Sour Diesel Cannabis Online UK","og_description":"Buy Sour Diesel strain for sale online uk. Legendary sativa cannabis with a strong diesel aroma and energizing cerebral high often favored for creativity, focus, and stress relief.","og_url":"https:\/\/grassxpress.com\/sv\/produkt\/sour-diesel\/","og_site_name":"GrassXpress","article_modified_time":"2026-04-02T09:24:29+00:00","og_image":[{"width":600,"height":600,"url":"https:\/\/grassxpress.com\/wp-content\/uploads\/2022\/11\/Sour-Diesel.jpg","type":"image\/jpeg"}],"twitter_card":"summary_large_image","twitter_misc":{"Ber\u00e4knad l\u00e4stid":"2 minuter"},"schema":{"@context":"https:\/\/schema.org","@graph":[{"@type":"WebPage","@id":"https:\/\/grassxpress.com\/product\/sour-diesel\/","url":"https:\/\/grassxpress.com\/product\/sour-diesel\/","name":"Sour Diesel Strain for Sale \u2013 Buy Sour Diesel Cannabis Online UK","isPartOf":{"@id":"https:\/\/grassxpress.com\/#website"},"primaryImageOfPage":{"@id":"https:\/\/grassxpress.com\/product\/sour-diesel\/#primaryimage"},"image":{"@id":"https:\/\/grassxpress.com\/product\/sour-diesel\/#primaryimage"},"thumbnailUrl":"https:\/\/grassxpress.com\/wp-content\/uploads\/2022\/11\/Sour-Diesel.jpg","datePublished":"2022-11-15T09:22:45+00:00","dateModified":"2026-04-02T09:24:29+00:00","description":"Buy Sour Diesel strain for sale online uk. Legendary sativa cannabis with a strong diesel aroma and energizing cerebral high often favored for creativity, focus, and stress relief.","breadcrumb":{"@id":"https:\/\/grassxpress.com\/product\/sour-diesel\/#breadcrumb"},"inLanguage":"sv-SE","potentialAction":[{"@type":"ReadAction","target":["https:\/\/grassxpress.com\/product\/sour-diesel\/"]}]},{"@type":"ImageObject","inLanguage":"sv-SE","@id":"https:\/\/grassxpress.com\/product\/sour-diesel\/#primaryimage","url":"https:\/\/grassxpress.com\/wp-content\/uploads\/2022\/11\/Sour-Diesel.jpg","contentUrl":"https:\/\/grassxpress.com\/wp-content\/uploads\/2022\/11\/Sour-Diesel.jpg","width":600,"height":600,"caption":"Sour Diesel"},{"@type":"BreadcrumbList","@id":"https:\/\/grassxpress.com\/product\/sour-diesel\/#breadcrumb","itemListElement":[{"@type":"ListItem","position":1,"name":"Home","item":"https:\/\/grassxpress.com\/"},{"@type":"ListItem","position":2,"name":"Mail Order Weed UK","item":"https:\/\/grassxpress.com\/mail-order-weed-uk\/"},{"@type":"ListItem","position":3,"name":"Sour Diesel"}]},{"@type":"WebSite","@id":"https:\/\/grassxpress.com\/#website","url":"https:\/\/grassxpress.com\/","name":"GrassXpress","description":"Buy Weed Online UK","publisher":{"@id":"https:\/\/grassxpress.com\/#organization"},"potentialAction":[{"@type":"SearchAction","target":{"@type":"EntryPoint","urlTemplate":"https:\/\/grassxpress.com\/?s={search_term_string}"},"query-input":"required name=search_term_string"}],"inLanguage":"sv-SE"},{"@type":"Organization","@id":"https:\/\/grassxpress.com\/#organization","name":"GrassXpress","url":"https:\/\/grassxpress.com\/","logo":{"@type":"ImageObject","inLanguage":"sv-SE","@id":"https:\/\/grassxpress.com\/#\/schema\/logo\/image\/","url":"https:\/\/grassxpress.com\/wp-content\/uploads\/2024\/01\/logo.png","contentUrl":"https:\/\/grassxpress.com\/wp-content\/uploads\/2024\/01\/logo.png","width":300,"height":100,"caption":"GrassXpress"},"image":{"@id":"https:\/\/grassxpress.com\/#\/schema\/logo\/image\/"}}]}},"_links":{"self":[{"href":"https:\/\/grassxpress.com\/sv\/wp-json\/wp\/v2\/product\/4302","targetHints":{"allow":["GET"]}}],"collection":[{"href":"https:\/\/grassxpress.com\/sv\/wp-json\/wp\/v2\/product"}],"about":[{"href":"https:\/\/grassxpress.com\/sv\/wp-json\/wp\/v2\/types\/product"}],"replies":[{"embeddable":true,"href":"https:\/\/grassxpress.com\/sv\/wp-json\/wp\/v2\/comments?post=4302"}],"wp:featuredmedia":[{"embeddable":true,"href":"https:\/\/grassxpress.com\/sv\/wp-json\/wp\/v2\/media\/4316"}],"wp:attachment":[{"href":"https:\/\/grassxpress.com\/sv\/wp-json\/wp\/v2\/media?parent=4302"}],"wp:term":[{"taxonomy":"product_cat","embeddable":true,"href":"https:\/\/grassxpress.com\/sv\/wp-json\/wp\/v2\/product_cat?post=4302"},{"taxonomy":"product_tag","embeddable":true,"href":"https:\/\/grassxpress.com\/sv\/wp-json\/wp\/v2\/product_tag?post=4302"}],"curies":[{"name":"wp","href":"https:\/\/api.w.org\/{rel}","templated":true}]}}