{"id":61,"date":"2020-01-23T18:21:52","date_gmt":"2020-01-23T18:21:52","guid":{"rendered":"https:\/\/demosites.io\/web-agency-gb\/?page_id=61"},"modified":"2023-01-06T07:07:00","modified_gmt":"2023-01-06T07:07:00","slug":"can-i-order-weed-online","status":"publish","type":"page","link":"https:\/\/grassxpress.com\/sv\/kan-jag-bestalla-ogras-online\/","title":{"rendered":"Om oss"},"content":{"rendered":"<h1 style=\"text-align: justify;\">legit ogr\u00e4spluggar online Sverige<\/h1>\n<p style=\"text-align: justify;\">Kan jag best\u00e4lla weed online, GrassXpress \u00e4r en online weed dispensary d\u00e4r man kan k\u00f6pa weed online Sverige, utan att surra en tum fr\u00e5n din plats. Du kanske undrar eftersom det finns m\u00e5nga ogr\u00e4shandlare n\u00e4ra mig i Storbritannien. Vi har den mest skickliga apoteksbutiken som erbjuder dig chansen att k\u00f6pa de b\u00e4sta kvalitetsprodukterna.<\/p>\n<p style=\"text-align: justify;\">Du kan\u00a0k\u00f6pa cannabis online\u00a0utan att m\u00f6ta n\u00e5gra problem som kommer att behandla en patients sjukdom och tillfredsst\u00e4lla rekreations\u00f6nskningarna. Du beh\u00f6ver inte l\u00e4mna ditt hus f\u00f6r att k\u00f6pa marijuana-stammar online eftersom du kan utf\u00f6ra din best\u00e4llning antingen via dina smartphones, datorer eller b\u00e4rbara datorer och bes\u00f6ka den virtuella hashbutiken.<\/p>\n<p style=\"text-align: justify;\">Vi har en stor samling av alla sorter av h\u00f6gkvalitativt ogr\u00e4s, med olika priss\u00e4ttning f\u00f6r varje sort. Du kan k\u00f6pa dem baserat p\u00e5 dina intressen och preferenser. Vi packar noggrant alla dina best\u00e4llningar och levererar dem hem till dig i snygga f\u00f6rpackningar. Det mottagna paketet kommer att vara luktfritt och det kommer att behandlas inom en angiven tidsram. Under de senaste \u00e5ren har vi etablerat oss som det ledande fritidsf\u00f6retaget och kunderna har litat p\u00e5 v\u00e5ra tj\u00e4nster. Vi har blivit ett av de snabbast v\u00e4xande cannabisf\u00f6retagen som ett resultat av v\u00e5r ih\u00e4rdiga strategi och framsynthet. Vi tillhandah\u00e5ller premiumleveranstj\u00e4nster i ett antal l\u00e4nder \u00f6ver hela v\u00e4rlden, inklusive Storbritannien, Nederl\u00e4nderna, Grekland, Frankrike, Schweiz, Italien och m\u00e5nga andra. Du kan skicka in din f\u00f6rfr\u00e5gan till oss om du letar efter en online cannabisbutik n\u00e4ra mig.<\/p>\n<p style=\"text-align: justify;\">Vi \u00e4r s\u00e4kra p\u00e5 v\u00e5ra tj\u00e4nster eftersom de som k\u00f6per cannabis f\u00f6r f\u00f6rs\u00e4ljning fr\u00e5n v\u00e5r internetbutik \u00e5terkommer till oss g\u00e5ng p\u00e5 g\u00e5ng. Vi \u00e4r ett av de b\u00e4sta grytf\u00f6retagen i v\u00e4rlden, med marijuanaexperter och utbildade arbetare som noggrant inspekterar varje f\u00f6rem\u00e5l innan de skickas till din d\u00f6rr. Vi erbjuder en s\u00e4ker betalningsmetod och alla produkter kommer att ligga inom ett acceptabelt prisintervall f\u00f6r dig.<\/p>\n<p style=\"text-align: justify;\">Du kan postbest\u00e4lla weed uk som AK-47, Banana Kush, Blue Dream, Blueberry Kush, Harlequin, Gelato 47, Girls Scout Cookies, Jack Ripper, Lemon Haze, Mango Kush, Master Kush fr\u00e5n en onlinebutik.<\/p>\n<h2 style=\"text-align: justify;\">Kan jag best\u00e4lla Weed online<\/h2>\n<p style=\"text-align: justify;\">Vi var irriterade \u00f6ver hur sv\u00e5rt det kan vara att unders\u00f6ka en cannabisodling och f\u00e5 sanna svar p\u00e5 grundl\u00e4ggande odlingsfr\u00e5gor efter \u00e5r av att ha surfat p\u00e5 de mest framst\u00e5ende odlingssajterna f\u00f6r cannabis. GrassXpress ans\u00e5g ocks\u00e5 att det kr\u00e4vdes en mer anv\u00e4ndarv\u00e4nlig metod f\u00f6r att utbilda m\u00e4nniskor om tillv\u00e4xt. Vi k\u00e4nde att det var dags att skapa en webbplats f\u00f6r att visa hur enkelt det \u00e4r att producera cannabis inomhus p\u00e5 n\u00e4stan vilken budget som helst. GrassXpress hade f\u00f6r avsikt att skapa en resurs som inte kr\u00e4vde en inloggning eller ett konto, utan som ist\u00e4llet helt enkelt gav l\u00e4tt att hitta expanderande kunskap f\u00f6r hela planeten. Sky bud shop Store bildades som ett resultat av detta! \u00c4r det m\u00f6jligt att k\u00f6pa marijuana online?<\/p>\n<p style=\"text-align: justify;\">GrassXpress levererar samma cannabisvaror som du hittar p\u00e5 din lokala marijuanadispens\u00e4r till ditt hus i Europa och runt om i v\u00e4rlden. Personer med medicinska problem f\u00e5r rabatter fr\u00e5n GrassXpress, samt l\u00e5ga kostnader f\u00f6r \u00e5terkommande kunder. Bl\u00e4ddra p\u00e5 v\u00e5r sida f\u00f6r dina favorit THC-delikatesser och g\u00f6r din best\u00e4llning med v\u00e5rt online- eller utskrivbara best\u00e4llningsformul\u00e4r. Din \u00e4kta postordermarijuana kommer att skickas samma dag som vi tar emot betalningen, och du kan vara s\u00e4ker p\u00e5 att leveransen kommer att vara diskret och s\u00e4ker. Ja, med en direkt postorder och snabb leverans till ditt hem kan du k\u00f6pa riktig marijuana online...<\/p>\n<p style=\"text-align: justify;\">Om du funderar p\u00e5 att k\u00f6pa marijuana i knoppform, hash, kakor, brownies, tinkturer eller sm\u00f6r kommer vi att \u00f6vertr\u00e4ffa dina f\u00f6rv\u00e4ntningar med v\u00e5rt fantastiska urval och kvalitet p\u00e5 matprodukter som \u00e4r bakade med de finaste ingredienserna och till en kostnad du har r\u00e5d med. V\u00e5r kock \u00e4r en professionell kock och v\u00e5ra odlare har odlat det finaste ogr\u00e4s som garanterat f\u00e5r dig att komma tillbaka f\u00f6r mer. Vi har bara den b\u00e4sta marijuana till salu som inneh\u00e5ller faktisk THC i alla v\u00e5ra produkter.<\/p>\n<p style=\"text-align: justify;\"><strong>l\u00e4gsta prisgaranti<\/strong><\/p>\n<p style=\"text-align: justify;\">Letar du efter den b\u00e4sta online marijuanadispens\u00e4ren d\u00e4r priset \u00e5terspeglar kvaliteten p\u00e5 din produkt? D\u00e5 kunde du inte hitta ett b\u00e4ttre st\u00e4lle. P\u00e5 Get Kush ger vi v\u00e5ra kunder de l\u00e4gsta priserna p\u00e5 marijuanablommor.<\/p>\n<p style=\"text-align: justify;\">Alla stammar \u00e4r premium.<\/p>\n<p style=\"text-align: justify;\"><strong>gratis frakt<\/strong><\/p>\n<p style=\"text-align: justify;\">Alla best\u00e4llningar \u00f6ver 250 euro f\u00e5r fri frakt. Du kan njuta av din postbest\u00e4llda marijuana med vetskapen om att du precis har best\u00e4llt dina favoritstammar i bekv\u00e4mligheten av ditt hem. N\u00e4r vi har tagit emot best\u00e4llningen skickar vi den till dig via DHL, UPS, EMS och andra f\u00f6r att s\u00e4kerst\u00e4lla snabb och s\u00e4ker leverans med 100 % konsistens.<\/p>\n<p style=\"text-align: justify;\"><strong>tryggt och s\u00e4kert<\/strong><\/p>\n<p style=\"text-align: justify;\">Weed v\u00e4cker fortfarande kontroverser bland vissa m\u00e4nniskor. Vi f\u00f6rst\u00e5r det, varf\u00f6r vi h\u00e5ller v\u00e5r frakt diskret. Dina produkter kommer att paketeras f\u00f6r att se ut som en vanlig postorder, med ouppt\u00e4ckbar leverans och s\u00e4ker kryptering av transaktionsdata.<\/p>","protected":false},"excerpt":{"rendered":"<p>legit weed plugs online UK Can i order weed online, GrassXpress is an online weed dispensary where one can buy weed online UK, without buzzing an inch from your place. You might be wondering as there are many weed dealers near me uk. We have the most proficient pharmacy store that offers you the chance<\/p>\n<div class=\"more-link\">\n             <a href=\"https:\/\/grassxpress.com\/sv\/kan-jag-bestalla-ogras-online\/\" class=\"link-btn\"><span>Forts\u00e4tt l\u00e4sa <\/span><i class=\"icofont-thin-double-right\"><\/i><\/a>\n        <\/div>","protected":false},"author":1,"featured_media":0,"parent":0,"menu_order":0,"comment_status":"closed","ping_status":"closed","template":"","meta":{"_themeisle_gutenberg_block_has_review":false,"_ti_tpc_template_sync":false,"_ti_tpc_template_id":"0qhau2t6eoekosrgo1a2","_joinchat":[],"footnotes":""},"class_list":["post-61","page","type-page","status-publish","hentry"],"yoast_head":"<!-- This site is optimized with the Yoast SEO plugin v22.7 - https:\/\/yoast.com\/wordpress\/plugins\/seo\/ -->\n<title>Can i order weed online | legit weed plugs online uk | cannabis online uk<\/title>\n<meta name=\"description\" content=\"Can i order weed online. Online Dispensary in Europa for Mail Order Marijuana. Shop for Edibles, Concentrates, Sativa&#039;s, Indica&#039;s &amp; Hybrids.\" \/>\n<meta name=\"robots\" content=\"index, follow, max-snippet:-1, max-image-preview:large, max-video-preview:-1\" \/>\n<link rel=\"canonical\" href=\"https:\/\/grassxpress.com\/sv\/pot-comand-on-line-ieriana\/\" \/>\n<meta property=\"og:locale\" content=\"sv_SE\" \/>\n<meta property=\"og:type\" content=\"article\" \/>\n<meta property=\"og:title\" content=\"Can i order weed online | legit weed plugs online uk | cannabis online uk\" \/>\n<meta property=\"og:description\" content=\"Can i order weed online. Online Dispensary in Europa for Mail Order Marijuana. Shop for Edibles, Concentrates, Sativa&#039;s, Indica&#039;s &amp; Hybrids.\" \/>\n<meta property=\"og:url\" content=\"https:\/\/grassxpress.com\/sv\/pot-comand-on-line-ieriana\/\" \/>\n<meta property=\"og:site_name\" content=\"GrassXpress\" \/>\n<meta property=\"article:modified_time\" content=\"2023-01-06T07:07:00+00:00\" \/>\n<meta name=\"twitter:card\" content=\"summary_large_image\" \/>\n<meta name=\"twitter:label1\" content=\"Ber\u00e4knad l\u00e4stid\" \/>\n\t<meta name=\"twitter:data1\" content=\"4 minuter\" \/>\n<!-- \/ Yoast SEO plugin. -->","yoast_head_json":{"title":"Can i order weed online | legit weed plugs online uk | cannabis online uk","description":"Can i order weed online. Online Dispensary in Europa for Mail Order Marijuana. Shop for Edibles, Concentrates, Sativa's, Indica's & Hybrids.","robots":{"index":"index","follow":"follow","max-snippet":"max-snippet:-1","max-image-preview":"max-image-preview:large","max-video-preview":"max-video-preview:-1"},"canonical":"https:\/\/grassxpress.com\/sv\/pot-comand-on-line-ieriana\/","og_locale":"sv_SE","og_type":"article","og_title":"Can i order weed online | legit weed plugs online uk | cannabis online uk","og_description":"Can i order weed online. Online Dispensary in Europa for Mail Order Marijuana. Shop for Edibles, Concentrates, Sativa's, Indica's & Hybrids.","og_url":"https:\/\/grassxpress.com\/sv\/pot-comand-on-line-ieriana\/","og_site_name":"GrassXpress","article_modified_time":"2023-01-06T07:07:00+00:00","twitter_card":"summary_large_image","twitter_misc":{"Ber\u00e4knad l\u00e4stid":"4 minuter"},"schema":{"@context":"https:\/\/schema.org","@graph":[{"@type":"WebPage","@id":"https:\/\/grassxpress.com\/ro\/pot-comand-on-line-ieriana\/","url":"https:\/\/grassxpress.com\/ro\/pot-comand-on-line-ieriana\/","name":"Can i order weed online | legit weed plugs online uk | cannabis online uk","isPartOf":{"@id":"https:\/\/grassxpress.com\/#website"},"datePublished":"2020-01-23T18:21:52+00:00","dateModified":"2023-01-06T07:07:00+00:00","description":"Can i order weed online. Online Dispensary in Europa for Mail Order Marijuana. Shop for Edibles, Concentrates, Sativa's, Indica's & Hybrids.","breadcrumb":{"@id":"https:\/\/grassxpress.com\/ro\/pot-comand-on-line-ieriana\/#breadcrumb"},"inLanguage":"sv-SE","potentialAction":[{"@type":"ReadAction","target":["https:\/\/grassxpress.com\/ro\/pot-comand-on-line-ieriana\/"]}]},{"@type":"BreadcrumbList","@id":"https:\/\/grassxpress.com\/ro\/pot-comand-on-line-ieriana\/#breadcrumb","itemListElement":[{"@type":"ListItem","position":1,"name":"Home","item":"https:\/\/grassxpress.com\/"},{"@type":"ListItem","position":2,"name":"About us"}]},{"@type":"WebSite","@id":"https:\/\/grassxpress.com\/#website","url":"https:\/\/grassxpress.com\/","name":"GrassXpress","description":"Buy Weed Online UK","publisher":{"@id":"https:\/\/grassxpress.com\/#organization"},"potentialAction":[{"@type":"SearchAction","target":{"@type":"EntryPoint","urlTemplate":"https:\/\/grassxpress.com\/?s={search_term_string}"},"query-input":"required name=search_term_string"}],"inLanguage":"sv-SE"},{"@type":"Organization","@id":"https:\/\/grassxpress.com\/#organization","name":"GrassXpress","url":"https:\/\/grassxpress.com\/","logo":{"@type":"ImageObject","inLanguage":"sv-SE","@id":"https:\/\/grassxpress.com\/#\/schema\/logo\/image\/","url":"https:\/\/grassxpress.com\/wp-content\/uploads\/2024\/01\/logo.png","contentUrl":"https:\/\/grassxpress.com\/wp-content\/uploads\/2024\/01\/logo.png","width":300,"height":100,"caption":"GrassXpress"},"image":{"@id":"https:\/\/grassxpress.com\/#\/schema\/logo\/image\/"}}]}},"_links":{"self":[{"href":"https:\/\/grassxpress.com\/sv\/wp-json\/wp\/v2\/pages\/61","targetHints":{"allow":["GET"]}}],"collection":[{"href":"https:\/\/grassxpress.com\/sv\/wp-json\/wp\/v2\/pages"}],"about":[{"href":"https:\/\/grassxpress.com\/sv\/wp-json\/wp\/v2\/types\/page"}],"author":[{"embeddable":true,"href":"https:\/\/grassxpress.com\/sv\/wp-json\/wp\/v2\/users\/1"}],"replies":[{"embeddable":true,"href":"https:\/\/grassxpress.com\/sv\/wp-json\/wp\/v2\/comments?post=61"}],"version-history":[{"count":1,"href":"https:\/\/grassxpress.com\/sv\/wp-json\/wp\/v2\/pages\/61\/revisions"}],"predecessor-version":[{"id":4659,"href":"https:\/\/grassxpress.com\/sv\/wp-json\/wp\/v2\/pages\/61\/revisions\/4659"}],"wp:attachment":[{"href":"https:\/\/grassxpress.com\/sv\/wp-json\/wp\/v2\/media?parent=61"}],"curies":[{"name":"wp","href":"https:\/\/api.w.org\/{rel}","templated":true}]}}