{"id":3603,"date":"2020-08-01T14:39:21","date_gmt":"2020-08-01T14:39:21","guid":{"rendered":"https:\/\/diligentplug.com\/?page_id=3603"},"modified":"2020-08-01T14:39:21","modified_gmt":"2020-08-01T14:39:21","slug":"shipping","status":"publish","type":"page","link":"https:\/\/grassxpress.com\/sv\/frakt\/","title":{"rendered":"Frakt"},"content":{"rendered":"<div id=\"wp-block-themeisle-blocks-advanced-columns-49060903\" class=\"wp-block-themeisle-blocks-advanced-columns has-1-columns has-desktop-equal-layout has-tablet-equal-layout has-mobile-equal-layout has-default-gap has-vertical-unset\">\n<div class=\"wp-block-themeisle-blocks-advanced-columns-overlay\"><strong>N\u00e4r f\u00e5r jag min best\u00e4llning?<\/strong><\/div>\n<div class=\"innerblocks-wrap\">\n<div id=\"wp-block-themeisle-blocks-advanced-column-af2d631f\" class=\"wp-block-themeisle-blocks-advanced-column\">\n\n\n<p>Vi \u00e4r baserade i Nederl\u00e4nderna (Europa). Frakten tar mellan 1 och 3 arbetsdagar. Genomsnittet \u00e4r 2 dagar. Uppeh\u00e5ll i tullen kan orsaka f\u00f6rseningar. Men eftersom vi d\u00f6ljer v\u00e5ra produkter s\u00e5 bra kommer tullen att sl\u00e4ppa igenom paketet efter kontroll.<\/p>\n\n\n\n<p><strong>Hur paketeras min best\u00e4llning?<\/strong><\/p>\n\n\n\n<p>Din best\u00e4llning kommer att packas i ett robust, vadderat kuvert. Ingen h\u00e4nvisning till marijuana eller relaterade marijuanaprodukter g\u00f6rs p\u00e5 utsidan eller insidan. Vi anv\u00e4nder olika avs\u00e4ndaradresser och anv\u00e4nder inte m\u00e4rkesf\u00f6rpackningar. I kuvertet hittar du en vara som inneh\u00e5ller din best\u00e4llning.<\/p>\n\n\n\n<p><strong>Hur garanteras frakten?<\/strong><\/p>\n\n\n\n<p>Om din best\u00e4llning inte kommer fram eller blir beslagtagen kommer vi i r\u00e4ttvisans namn att skicka din best\u00e4llning igen. Gratis! Vi har f\u00f6ljande \u00e5terfraktvillkor. Gratis \u00e5terfrakt sker efter 5 arbetsdagar. De flesta paket kommer inom 1 vecka och de som inte kommer levereras inom 1 vecka. Internationell post och tull kan ha olika f\u00f6rseningar, d\u00e4rav v\u00e4ntetiden.<\/p>\n\n\n\n<p>Om du har angett en felaktig adress (som att gl\u00f6mma l\u00e4genhetsnumret), s\u00e5 kan vi inte frakta om gratis. Adressen skrivs ut EXAKT n\u00e4r du anger den, inga manuella \u00e5tg\u00e4rder p\u00e5 v\u00e5r sida (s\u00e5vida du inte ber oss om det). Vi l\u00e5ter dig dock inte st\u00e5 i kylan, s\u00e5 f\u00f6r att kompensera f\u00e5r du en kod f\u00f6r 50% rabatt p\u00e5 din n\u00e4sta best\u00e4llning. Du kan ange en alternativ adress f\u00f6r den 2:a f\u00f6rs\u00e4ndelsen. Vi kommer ocks\u00e5 att anv\u00e4nda en annan stealth-metod.<\/p>\n\n\n\n<p><strong>Till vilka l\u00e4nder skickar du?<\/strong><\/p>\n\n\n\n<p><a href=\"https:\/\/grassxpress.com\/sv\/bestall-ogras-online-sverige\/\">Vi<\/a> skicka \u00f6ver hela v\u00e4rlden till alla l\u00e4nder vi tar emot best\u00e4llningar fr\u00e5n. Tyv\u00e4rr kan vi inte garantera leverans i alla, eftersom lokal leverans inte \u00e4r tillr\u00e4ckligt tillf\u00f6rlitlig i vissa l\u00e4nder.<\/p>\n\n\n\n<p>F\u00f6r andra l\u00e4nder: leverans \u00e4r garanterad! S\u00e5, om du bor i till exempel Sverige eller <a href=\"https:\/\/en.wikipedia.org\/wiki\/Australia\">Australien<\/a>, leverans av ditt paket garanteras av oss.<\/p>\n<\/div>\n<!-- \/wp:post-content --><\/div>\n<\/div>\n<!-- \/wp:themeisle-blocks\/advanced-columns -->","protected":false},"excerpt":{"rendered":"<p>We are based in the Netherlands (Europe). Shipping\u00a0takes between 1 and 3 business days. The average is 2 days. Holdups at customs can cause a delay. But, since we hide our products so well, customs will let the package through after inspection. How is my order packaged? Your order will be packed in a sturdy,<\/p>\n<div class=\"more-link\">\n             <a href=\"https:\/\/grassxpress.com\/sv\/frakt\/\" class=\"link-btn\"><span>Forts\u00e4tt l\u00e4sa <\/span><i class=\"icofont-thin-double-right\"><\/i><\/a>\n        <\/div>","protected":false},"author":1,"featured_media":0,"parent":0,"menu_order":0,"comment_status":"closed","ping_status":"closed","template":"","meta":{"_themeisle_gutenberg_block_has_review":false,"_ti_tpc_template_sync":false,"_ti_tpc_template_id":"","_joinchat":[],"footnotes":""},"class_list":["post-3603","page","type-page","status-publish","hentry"],"yoast_head":"<!-- This site is optimized with the Yoast SEO plugin v22.7 - https:\/\/yoast.com\/wordpress\/plugins\/seo\/ -->\n<title>Shipping | Delivery Is Guaranteed - GrassXpress<\/title>\n<meta name=\"description\" content=\"We are based in the Netherlands. Shipping\u00a0takes between 1 and 3 business days. The average is 2 days. Holdups at customs can cause a delay.\" \/>\n<meta name=\"robots\" content=\"index, follow, max-snippet:-1, max-image-preview:large, max-video-preview:-1\" \/>\n<link rel=\"canonical\" href=\"https:\/\/grassxpress.com\/sv\/wysylka\/\" \/>\n<meta property=\"og:locale\" content=\"sv_SE\" \/>\n<meta property=\"og:type\" content=\"article\" \/>\n<meta property=\"og:title\" content=\"Shipping | Delivery Is Guaranteed - GrassXpress\" \/>\n<meta property=\"og:description\" content=\"We are based in the Netherlands. Shipping\u00a0takes between 1 and 3 business days. The average is 2 days. Holdups at customs can cause a delay.\" \/>\n<meta property=\"og:url\" content=\"https:\/\/grassxpress.com\/sv\/wysylka\/\" \/>\n<meta property=\"og:site_name\" content=\"GrassXpress\" \/>\n<meta name=\"twitter:card\" content=\"summary_large_image\" \/>\n<meta name=\"twitter:label1\" content=\"Ber\u00e4knad l\u00e4stid\" \/>\n\t<meta name=\"twitter:data1\" content=\"2 minuter\" \/>\n<!-- \/ Yoast SEO plugin. -->","yoast_head_json":{"title":"Shipping | Delivery Is Guaranteed - GrassXpress","description":"We are based in the Netherlands. Shipping\u00a0takes between 1 and 3 business days. The average is 2 days. Holdups at customs can cause a delay.","robots":{"index":"index","follow":"follow","max-snippet":"max-snippet:-1","max-image-preview":"max-image-preview:large","max-video-preview":"max-video-preview:-1"},"canonical":"https:\/\/grassxpress.com\/sv\/wysylka\/","og_locale":"sv_SE","og_type":"article","og_title":"Shipping | Delivery Is Guaranteed - GrassXpress","og_description":"We are based in the Netherlands. Shipping\u00a0takes between 1 and 3 business days. The average is 2 days. Holdups at customs can cause a delay.","og_url":"https:\/\/grassxpress.com\/sv\/wysylka\/","og_site_name":"GrassXpress","twitter_card":"summary_large_image","twitter_misc":{"Ber\u00e4knad l\u00e4stid":"2 minuter"},"schema":{"@context":"https:\/\/schema.org","@graph":[{"@type":"WebPage","@id":"https:\/\/grassxpress.com\/pl\/wysylka\/","url":"https:\/\/grassxpress.com\/pl\/wysylka\/","name":"Shipping | Delivery Is Guaranteed - GrassXpress","isPartOf":{"@id":"https:\/\/grassxpress.com\/#website"},"datePublished":"2020-08-01T14:39:21+00:00","dateModified":"2020-08-01T14:39:21+00:00","description":"We are based in the Netherlands. Shipping\u00a0takes between 1 and 3 business days. The average is 2 days. Holdups at customs can cause a delay.","breadcrumb":{"@id":"https:\/\/grassxpress.com\/pl\/wysylka\/#breadcrumb"},"inLanguage":"sv-SE","potentialAction":[{"@type":"ReadAction","target":["https:\/\/grassxpress.com\/pl\/wysylka\/"]}]},{"@type":"BreadcrumbList","@id":"https:\/\/grassxpress.com\/pl\/wysylka\/#breadcrumb","itemListElement":[{"@type":"ListItem","position":1,"name":"Home","item":"https:\/\/grassxpress.com\/"},{"@type":"ListItem","position":2,"name":"Shipping"}]},{"@type":"WebSite","@id":"https:\/\/grassxpress.com\/#website","url":"https:\/\/grassxpress.com\/","name":"GrassXpress","description":"Buy Weed Online UK","publisher":{"@id":"https:\/\/grassxpress.com\/#organization"},"potentialAction":[{"@type":"SearchAction","target":{"@type":"EntryPoint","urlTemplate":"https:\/\/grassxpress.com\/?s={search_term_string}"},"query-input":"required name=search_term_string"}],"inLanguage":"sv-SE"},{"@type":"Organization","@id":"https:\/\/grassxpress.com\/#organization","name":"GrassXpress","url":"https:\/\/grassxpress.com\/","logo":{"@type":"ImageObject","inLanguage":"sv-SE","@id":"https:\/\/grassxpress.com\/#\/schema\/logo\/image\/","url":"https:\/\/grassxpress.com\/wp-content\/uploads\/2024\/01\/logo.png","contentUrl":"https:\/\/grassxpress.com\/wp-content\/uploads\/2024\/01\/logo.png","width":300,"height":100,"caption":"GrassXpress"},"image":{"@id":"https:\/\/grassxpress.com\/#\/schema\/logo\/image\/"}}]}},"_links":{"self":[{"href":"https:\/\/grassxpress.com\/sv\/wp-json\/wp\/v2\/pages\/3603","targetHints":{"allow":["GET"]}}],"collection":[{"href":"https:\/\/grassxpress.com\/sv\/wp-json\/wp\/v2\/pages"}],"about":[{"href":"https:\/\/grassxpress.com\/sv\/wp-json\/wp\/v2\/types\/page"}],"author":[{"embeddable":true,"href":"https:\/\/grassxpress.com\/sv\/wp-json\/wp\/v2\/users\/1"}],"replies":[{"embeddable":true,"href":"https:\/\/grassxpress.com\/sv\/wp-json\/wp\/v2\/comments?post=3603"}],"version-history":[{"count":0,"href":"https:\/\/grassxpress.com\/sv\/wp-json\/wp\/v2\/pages\/3603\/revisions"}],"wp:attachment":[{"href":"https:\/\/grassxpress.com\/sv\/wp-json\/wp\/v2\/media?parent=3603"}],"curies":[{"name":"wp","href":"https:\/\/api.w.org\/{rel}","templated":true}]}}