{"id":3298,"date":"2020-02-18T05:09:07","date_gmt":"2020-02-18T05:09:07","guid":{"rendered":"https:\/\/diligentplug.com\/?page_id=3298"},"modified":"2020-02-18T05:09:07","modified_gmt":"2020-02-18T05:09:07","slug":"faqs","status":"publish","type":"page","link":"https:\/\/grassxpress.com\/sv\/fragor-och-svar\/","title":{"rendered":"Vanliga fr\u00e5gor"},"content":{"rendered":"<div id=\"main-content\">\n<article id=\"post-2333\" class=\"post-2333 page type-page status-publish hentry\">\n<div class=\"entry-content\">\n<div id=\"et-boc\" class=\"et-boc\">\n<div class=\"et-l et-l--post\">\n<div class=\"et_builder_inner_content et_pb_gutters3\">\n<div class=\"et_pb_section et_pb_section_1 et_section_regular\">\n<div class=\"et_pb_row et_pb_row_2\">\n<div class=\"et_pb_column et_pb_column_4_4 et_pb_column_2 et_pb_css_mix_blend_mode_passthrough et-last-child\">\n<div class=\"et_pb_module et_pb_text et_pb_text_2 et_pb_text_align_center et_pb_bg_layout_light\">\n<div class=\"et_pb_text_inner\">\n<h2>Var kan jag k\u00f6pa Weed online?<\/h2>\n<p>Detta \u00e4r ett s\u00f6kord som visas ungef\u00e4r 18 150 g\u00e5nger i s\u00f6kresultaten var 30:e dag och det \u00e4r d\u00e4rf\u00f6r<br \/>\nanses vara en av de vanligaste fr\u00e5gorna som st\u00e4lls online. H\u00e4r \u00e4r ditt svar, efter att ha sett hur sv\u00e5rt det var<br \/>\nk\u00f6pa ogr\u00e4s online s\u00e5 v\u00e5rt team best\u00e4mde sig f\u00f6r att komma ihop och ta in alla n\u00f6dv\u00e4ndiga faktorer och nu kan du best\u00e4lla eller k\u00f6pa ogr\u00e4s online fr\u00e5n oss i bara tre enkla steg s\u00e5 vi kommer att vilja svara p\u00e5 din fr\u00e5ga genom att s\u00e4ga \"JA\" du kan k\u00f6pa ogr\u00e4s online fr\u00e5n weed-crew.net och f\u00e5 det levererat i bara en twicke av ett \u00f6ga.<\/p>\n<\/div>\n<\/div>\n<\/div>\n<\/div>\n<div class=\"et_pb_row et_pb_row_3\">\n<div class=\"et_pb_column et_pb_column_4_4 et_pb_column_3 et_pb_css_mix_blend_mode_passthrough et-last-child\">\n<div class=\"et_pb_module et_pb_text et_pb_text_3 et_pb_text_align_center et_pb_bg_layout_light\">\n<div class=\"et_pb_text_inner\">\n<h3>Hur l\u00e5ng tid tar det innan min best\u00e4llning skickas?<\/h3>\n<p>Vi g\u00f6r v\u00e5rt b\u00e4sta f\u00f6r att se till att alla oders skickas ut inom samma dag, n\u00e4r och best\u00e4llning \u00e4r mottagen och betalning bekr\u00e4ftas kommer vi att forts\u00e4tta med f\u00f6rpackningen och n\u00e4r f\u00f6rpackningen \u00e4r klar kommer vi att g\u00e5 vidare och skicka ut efter vilket du kommer att f\u00e5 ditt paketsp\u00e5rningsnummer s\u00e5 att du kan h\u00e5lla reda p\u00e5 paketet medan du \u00e4r p\u00e5 transit tills det kommer till dig. Vi skickar med <a href=\"https:\/\/en.wikipedia.org\/wiki\/United_States_Postal_Service\">USPS<\/a>, UPS, FEDEX eller Marble Logistics.<\/p>\n<\/div>\n<\/div>\n<\/div>\n<\/div>\n<div class=\"et_pb_row et_pb_row_4\">\n<div class=\"et_pb_column et_pb_column_4_4 et_pb_column_4 et_pb_css_mix_blend_mode_passthrough et-last-child\">\n<div class=\"et_pb_module et_pb_text et_pb_text_4 et_pb_text_align_center et_pb_bg_layout_light\">\n<div class=\"et_pb_text_inner\">\n<h3>Hur l\u00e5ng tid tar det innan jag f\u00e5r mitt paket?<\/h3>\n<p>Alla paket skickas inom samma dag (24 timmar) fr\u00e5n det att best\u00e4llningen har mottagits, men hur l\u00e5ng tid det tar innan ditt paket n\u00e5r dig beror helt och h\u00e5llet p\u00e5 tv\u00e5 faktorer.<br \/>\n- Den f\u00f6rsta faktorn \u00e4r f\u00f6rs\u00e4ndelsetyp, med f\u00f6rs\u00e4ndelsetyp menar vi om ditt paket skickades till dig som ett vanligt paket eller f\u00f6r leverans samma dag eller prioriterad post. Om ditt paket registreras som ett vanligt paket tar det upp till tv\u00e5 dagar (948 timmar) innan det n\u00e5r dig, medan om det skickas f\u00f6r leverans samma dag eller som A-post kommer det att n\u00e5 dig inom 24 timmar.<br \/>\n- F\u00f6r det andra beror hur l\u00e5ng tid det tar innan ditt paket n\u00e5r dig p\u00e5 paketets destination, med paketdestination menar vi om din leveransadress \u00e4r inom USA eller i Europa. Alla paket som skickas till destinationer inom USA levereras inom h\u00f6gst 48 timmar medan paket inom Europa mer sannolikt tar upp till tre dagar (72 timmar).<\/p>\n<\/div>\n<\/div>\n<\/div>\n<\/div>\n<div class=\"et_pb_row et_pb_row_5\">\n<div class=\"et_pb_column et_pb_column_4_4 et_pb_column_5 et_pb_css_mix_blend_mode_passthrough et-last-child\">\n<div class=\"et_pb_module et_pb_text et_pb_text_5 et_pb_text_align_center et_pb_bg_layout_light\">\n<div class=\"et_pb_text_inner\">\n<h3>Finns det n\u00e5gra rabatter p\u00e5 best\u00e4llningar?<\/h3>\n<p>Precis som alla andra orderf\u00f6retag erbjuder vi rabatt p\u00e5 bulkbest\u00e4llningar och p\u00e5 alla best\u00e4llningar som g\u00f6rs med betalningstyper som Bitcoins. Alla best\u00e4llningar \u00f6ver $800 f\u00e5r en 25%-rabatt medan best\u00e4llningar som betalas via Bitcoins f\u00e5r en 20%-rabatt. Vi uppmuntrar bulkbest\u00e4llningar eftersom de ocks\u00e5 kommer med gratis fr\u00f6n. L\u00c4S MER om gratis fr\u00f6n fr\u00e5n v\u00e5r sida med policy f\u00f6r g\u00e5rdsst\u00f6d.<\/p>\n<\/div>\n<\/div>\n<\/div>\n<\/div>\n<div class=\"et_pb_row et_pb_row_6\">\n<div class=\"et_pb_column et_pb_column_4_4 et_pb_column_6 et_pb_css_mix_blend_mode_passthrough et-last-child\">\n<div class=\"et_pb_module et_pb_text et_pb_text_6 et_pb_text_align_center et_pb_bg_layout_light\">\n<div class=\"et_pb_text_inner\">\n<h3>\u00c4r det s\u00e4kert att k\u00f6pa gr\u00e4s p\u00e5 n\u00e4tet?<\/h3>\n<p>Att k\u00f6pa gr\u00e4s online kan vara knepigt och riskabelt ibland om du inte kontaktar r\u00e4tt personer, men vi g\u00f6r det s\u00e5 s\u00e4kert som m\u00f6jligt genom att \u00f6verv\u00e4ga n\u00e5gra faktorer som listas nedan<br \/>\n- \u00c4r det medicinsk marijuana? att k\u00f6pa ogr\u00e4s online kan vara knepigt eftersom du troligen bara f\u00e5r en smak av produkten<br \/>\nefter att du m\u00e5ste ha betalat f\u00f6r det redan s\u00e5 m\u00e5ste du se till att det du betalar f\u00f6r \u00e4r medicinsk marijuana och \/ eller laboratorietestat f\u00f6r dess THC- och CBD-inneh\u00e5ll.<br \/>\n- Kommer den att vara v\u00e4l f\u00f6rpackad s\u00e5 att jag inte f\u00e5r problem?<br \/>\nDu m\u00e5ste se till att din best\u00e4llning \u00e4r v\u00e4l f\u00f6rseglad s\u00e5 att den \u00e4r s\u00e4ker i kurirens h\u00e4nder, om du<br \/>\npaketet inte \u00e4r v\u00e4l f\u00f6rseglat kan s\u00e4ker postning via USPS, UPS eller n\u00e5gon annan kurirtj\u00e4nst inte garanteras och d\u00e4rf\u00f6r kan du inte vara s\u00e4ker p\u00e5 om ditt paket kommer att komma i din hand eller inte.<\/p>\n<\/div>\n<\/div>\n<\/div>\n<\/div>\n<div class=\"et_pb_row et_pb_row_7\">\n<div class=\"et_pb_column et_pb_column_4_4 et_pb_column_7 et_pb_css_mix_blend_mode_passthrough et-last-child\">\n<div class=\"et_pb_module et_pb_text et_pb_text_7 et_pb_text_align_center et_pb_bg_layout_light\">\n<div class=\"et_pb_text_inner\">\n<h3>Kan jag betala med ett kredit- eller betalkort?<\/h3>\n<p>I dagens onlinev\u00e4rld \u00e4r kredit- och betalkort en av de mest flexibla betalningsmetoderna p\u00e5 n\u00e4tet<br \/>\npruchases och vi tycker att varje f\u00f6retag b\u00f6r vidta \u00e5tg\u00e4rder f\u00f6r det. p\u00e5 weed-crew.net kan du g\u00f6ra betalning direkt med ditt kredit- eller betalkort. K\u00e4nn dig s\u00e4ker att betala via kreditkort eller betalkort eftersom v\u00e5r webbplats \u00e4r SSL-s\u00e4krad.<\/p>\n<\/div>\n<\/div>\n<\/div>\n<\/div>\n<div class=\"et_pb_row et_pb_row_8\">\n<div class=\"et_pb_column et_pb_column_4_4 et_pb_column_8 et_pb_css_mix_blend_mode_passthrough et-last-child\">\n<div class=\"et_pb_module et_pb_text et_pb_text_8 et_pb_text_align_center et_pb_bg_layout_light\">\n<div class=\"et_pb_text_inner\">\n<h3>Skickar du ut gratisprover f\u00f6r att k\u00f6pa Weed Online?<\/h3>\n<p><a href=\"https:\/\/grassxpress.com\/sv\/bestall-ogras-online-sverige\/\">Vi<\/a> erbjuda prover p\u00e5 upp till $50-$100 v\u00e4rde till alla potentiella bulkk\u00f6pare som ser fram emot en l\u00e5ngsiktig verksamhet men vill prova v\u00e5ra produkter innan de g\u00f6r stora ink\u00f6p, men proverna \u00e4r inte helt gratis eftersom du \u00e4r skyldig att betala 30% av paketv\u00e4rdet, det beror p\u00e5 att vi ins\u00e5g n\u00e4r vi ger ut gratis prover vissa kunder v\u00e4nder sig till att anv\u00e4nda det som ett kryph\u00e5l f\u00f6r utnyttjande och bara best\u00e4lla gratis prover bara f\u00f6r att r\u00f6ka och bli h\u00f6ga. Alla smples \u00e4r en blandning av 2 gram vardera av upp till 10 olika stammar av ditt val.<\/p>\n<\/div>\n<\/div>\n<\/div>\n<\/div>\n<div class=\"et_pb_row et_pb_row_9\">\n<div class=\"et_pb_column et_pb_column_4_4 et_pb_column_9 et_pb_css_mix_blend_mode_passthrough et-last-child\">\n<div class=\"et_pb_module et_pb_text et_pb_text_9 et_pb_text_align_center et_pb_bg_layout_light\">\n<div class=\"et_pb_text_inner\">\n<h3>S\u00e4ljer ni till minder\u00e5riga?<\/h3>\n<p>Minder\u00e5riga, som vi kallar dem, \u00e4r kunder under 18 \u00e5r. Vi erbjuder inte v\u00e5ra tj\u00e4nster till n\u00e5gon eller n\u00e5gra personer<br \/>\nunder 18 \u00e5rs \u00e5lder. Men om du \u00e4r patient eller lider av \u00e5ngestrelaterade problem kan vi s\u00e4lja<br \/>\nsm\u00e5 m\u00e4ngder av specificerade produkter till dig.<\/p>\n<\/div>\n<\/div>\n<\/div>\n<\/div>\n<\/div>\n<\/div>\n<\/div>\n<\/div>\n<\/div>\n<\/article>\n<\/div>","protected":false},"excerpt":{"rendered":"<p>Where Can I Buy Weed Online? This is a keyword which appears approximately 18,150 times in search results every 30 days and there fore is considered as one of the most frequent questions asked online.Here is your answer, after seeing how difficult it was buying weed online so our team decided to come together and<\/p>\n<div class=\"more-link\">\n             <a href=\"https:\/\/grassxpress.com\/sv\/fragor-och-svar\/\" class=\"link-btn\"><span>Forts\u00e4tt l\u00e4sa <\/span><i class=\"icofont-thin-double-right\"><\/i><\/a>\n        <\/div>","protected":false},"author":1,"featured_media":0,"parent":0,"menu_order":0,"comment_status":"closed","ping_status":"closed","template":"","meta":{"_themeisle_gutenberg_block_has_review":false,"_ti_tpc_template_sync":false,"_ti_tpc_template_id":"","_joinchat":[],"footnotes":""},"class_list":["post-3298","page","type-page","status-publish","hentry"],"yoast_head":"<!-- This site is optimized with the Yoast SEO plugin v22.7 - https:\/\/yoast.com\/wordpress\/plugins\/seo\/ -->\n<title>FAQs | About To Buy Weed Online - GrassXpress<\/title>\n<meta name=\"description\" content=\"If you have a question? We answer your question by saying \u201cYES\u201d you can buy weed online from weed-crew.net.All packages are shiped same day.\" \/>\n<meta name=\"robots\" content=\"index, follow, max-snippet:-1, max-image-preview:large, max-video-preview:-1\" \/>\n<link rel=\"canonical\" href=\"https:\/\/grassxpress.com\/sv\/faqs\/\" \/>\n<meta property=\"og:locale\" content=\"sv_SE\" \/>\n<meta property=\"og:type\" content=\"article\" \/>\n<meta property=\"og:title\" content=\"FAQs | About To Buy Weed Online - GrassXpress\" \/>\n<meta property=\"og:description\" content=\"If you have a question? We answer your question by saying \u201cYES\u201d you can buy weed online from weed-crew.net.All packages are shiped same day.\" \/>\n<meta property=\"og:url\" content=\"https:\/\/grassxpress.com\/sv\/faqs\/\" \/>\n<meta property=\"og:site_name\" content=\"GrassXpress\" \/>\n<meta name=\"twitter:card\" content=\"summary_large_image\" \/>\n<meta name=\"twitter:label1\" content=\"Ber\u00e4knad l\u00e4stid\" \/>\n\t<meta name=\"twitter:data1\" content=\"4 minuter\" \/>\n<!-- \/ Yoast SEO plugin. -->","yoast_head_json":{"title":"FAQs | About To Buy Weed Online - GrassXpress","description":"If you have a question? We answer your question by saying \u201cYES\u201d you can buy weed online from weed-crew.net.All packages are shiped same day.","robots":{"index":"index","follow":"follow","max-snippet":"max-snippet:-1","max-image-preview":"max-image-preview:large","max-video-preview":"max-video-preview:-1"},"canonical":"https:\/\/grassxpress.com\/sv\/faqs\/","og_locale":"sv_SE","og_type":"article","og_title":"FAQs | About To Buy Weed Online - GrassXpress","og_description":"If you have a question? We answer your question by saying \u201cYES\u201d you can buy weed online from weed-crew.net.All packages are shiped same day.","og_url":"https:\/\/grassxpress.com\/sv\/faqs\/","og_site_name":"GrassXpress","twitter_card":"summary_large_image","twitter_misc":{"Ber\u00e4knad l\u00e4stid":"4 minuter"},"schema":{"@context":"https:\/\/schema.org","@graph":[{"@type":"WebPage","@id":"https:\/\/grassxpress.com\/it\/faqs\/","url":"https:\/\/grassxpress.com\/it\/faqs\/","name":"FAQs | About To Buy Weed Online - GrassXpress","isPartOf":{"@id":"https:\/\/grassxpress.com\/#website"},"datePublished":"2020-02-18T05:09:07+00:00","dateModified":"2020-02-18T05:09:07+00:00","description":"If you have a question? We answer your question by saying \u201cYES\u201d you can buy weed online from weed-crew.net.All packages are shiped same day.","breadcrumb":{"@id":"https:\/\/grassxpress.com\/it\/faqs\/#breadcrumb"},"inLanguage":"sv-SE","potentialAction":[{"@type":"ReadAction","target":["https:\/\/grassxpress.com\/it\/faqs\/"]}]},{"@type":"BreadcrumbList","@id":"https:\/\/grassxpress.com\/it\/faqs\/#breadcrumb","itemListElement":[{"@type":"ListItem","position":1,"name":"Home","item":"https:\/\/grassxpress.com\/"},{"@type":"ListItem","position":2,"name":"FAQs"}]},{"@type":"WebSite","@id":"https:\/\/grassxpress.com\/#website","url":"https:\/\/grassxpress.com\/","name":"GrassXpress","description":"Buy Weed Online UK","publisher":{"@id":"https:\/\/grassxpress.com\/#organization"},"potentialAction":[{"@type":"SearchAction","target":{"@type":"EntryPoint","urlTemplate":"https:\/\/grassxpress.com\/?s={search_term_string}"},"query-input":"required name=search_term_string"}],"inLanguage":"sv-SE"},{"@type":"Organization","@id":"https:\/\/grassxpress.com\/#organization","name":"GrassXpress","url":"https:\/\/grassxpress.com\/","logo":{"@type":"ImageObject","inLanguage":"sv-SE","@id":"https:\/\/grassxpress.com\/#\/schema\/logo\/image\/","url":"https:\/\/grassxpress.com\/wp-content\/uploads\/2024\/01\/logo.png","contentUrl":"https:\/\/grassxpress.com\/wp-content\/uploads\/2024\/01\/logo.png","width":300,"height":100,"caption":"GrassXpress"},"image":{"@id":"https:\/\/grassxpress.com\/#\/schema\/logo\/image\/"}}]}},"_links":{"self":[{"href":"https:\/\/grassxpress.com\/sv\/wp-json\/wp\/v2\/pages\/3298","targetHints":{"allow":["GET"]}}],"collection":[{"href":"https:\/\/grassxpress.com\/sv\/wp-json\/wp\/v2\/pages"}],"about":[{"href":"https:\/\/grassxpress.com\/sv\/wp-json\/wp\/v2\/types\/page"}],"author":[{"embeddable":true,"href":"https:\/\/grassxpress.com\/sv\/wp-json\/wp\/v2\/users\/1"}],"replies":[{"embeddable":true,"href":"https:\/\/grassxpress.com\/sv\/wp-json\/wp\/v2\/comments?post=3298"}],"version-history":[{"count":0,"href":"https:\/\/grassxpress.com\/sv\/wp-json\/wp\/v2\/pages\/3298\/revisions"}],"wp:attachment":[{"href":"https:\/\/grassxpress.com\/sv\/wp-json\/wp\/v2\/media?parent=3298"}],"curies":[{"name":"wp","href":"https:\/\/api.w.org\/{rel}","templated":true}]}}