{"id":4363,"date":"2022-11-15T10:34:28","date_gmt":"2022-11-15T10:34:28","guid":{"rendered":"https:\/\/documentosespana.com\/diligent\/?post_type=product&#038;p=4363"},"modified":"2026-04-02T09:17:53","modified_gmt":"2026-04-02T09:17:53","slug":"og-kush-strain","status":"publish","type":"product","link":"https:\/\/grassxpress.com\/sk\/produkt\/og-kush-strain\/","title":{"rendered":"OG kush"},"content":{"rendered":"<h2>OG Kush na predaj<\/h2>\n<p><a href=\"https:\/\/grassxpress.com\/sk\/produkt\/og-kush-strain\/\">Buy OG Kush Strain<\/a> from <a href=\"https:\/\/grassxpress.com\/sk\/\">grassxpress.com<\/a> za najni\u017e\u0161iu cenu s najlep\u0161ou kvalitou. OG Kush je mimoriadne popul\u00e1rny hybrid s dominantnou sativou. Je to \u017eij\u00faca legenda medzi odrodami konope. Vysoko cenen\u00e1 pre svoj \u00fa\u017easn\u00fd high a skvel\u00fa chu\u0165. R\u00fdchlo sa stala najpopul\u00e1rnej\u0161ou odrodou konope na svete. OG Kush je skvel\u00e1 na \u0161\u013eachtenie a vytv\u00e1ranie nov\u00fdch fenotypov. Zdie\u013ea svoju epick\u00fa genetiku s mno\u017estvom kalifornsk\u00fdch naj\u00fa\u010dinnej\u0161\u00edch odr\u00f4d Kush, ako s\u00fa Fire OG a Tahoe OG. <a href=\"https:\/\/grassxpress.com\/sk\/mail-order-weed-uk\/\">Viac na<\/a><\/p>\n<p>Napriek svojej popularite je p\u00f4vodn\u00fd kme\u0148 OG Kush pova\u017eovan\u00fd za genetick\u00fa z\u00e1hadu. Mnoho pestovate\u013eov ver\u00ed, \u017ee to bol kr\u00ed\u017eenec medzi Chemdawg, Lemon Thai a Hindu Kush, ale nikto to nevie s istotou. Mnoh\u00ed pova\u017euj\u00fa kme\u0148 buriny OG Kush za skvel\u00fd kme\u0148 na \u00fa\u013eavu od bolesti a nespavosti. Nie je nezvy\u010dajn\u00e9, \u017ee OG Kush m\u00e1 okolo 80% THC. To vytv\u00e1ra high, ktor\u00fd je spo\u010diatku povzn\u00e1\u0161aj\u00faci, po ktorom nasleduje \u0165a\u017ek\u00e1 relaxa\u010dn\u00e1 v\u00fd\u0161ka tela. Z\u00e1sielkov\u00e1 tr\u00e1va slovensky<\/p>\n<h3>\u010co je OG Kush?<\/h3>\n<p>OG Kush Marijuana Strain\u00a0The foundational backbone of multiple\u00a0world famous cannabis strains,\u00a0OG Kush\u00a0is considered legendary for revolutionizing the <a href=\"https:\/\/grassxpress.com\/sk\/produkt\/platinum-girl-scout-cookies\/\">marijuana<\/a> industry, arguably rising to the recognition of \u201cmost well-known cannabis strain\u201d.\u00a0The OG Kush strain\u00a0is classified as a hybrid, with little known about its genetic origins, although rumors claim that this strain is a blend between possible parent plants\u00a0Chemdawg\u00a0and\u00a0Hindu Kush.<\/p>\n<p>T\u00e1to inform\u00e1cia nebola nikdy potvrden\u00e1, ale zd\u00e1 sa, \u017ee na p\u00f4vode OG Kush nez\u00e1le\u017e\u00ed, preto\u017ee \u00fa\u010dinok, ktor\u00fd mala na svet kanabisu, sa zd\u00e1 by\u0165 ove\u013ea d\u00f4le\u017eitej\u0161\u00ed. Z OG Kush bolo vy\u0161\u013eachten\u00fdch mno\u017estvo fenotypov, mnoh\u00e9 z nich si z\u00edskali popularitu rovnako ako OGK. Niektor\u00e9 z t\u00fdchto zn\u00e1mych fenotypov zah\u0155\u0148aj\u00fa Tahoe OG, Fire OG, SFV OG, Double OG a mnoho \u010fal\u0161\u00edch \u2013 h\u00e1dame, \u017ee aspo\u0148 niektor\u00e9 z nich pozn\u00e1te. Z\u00e1sielkov\u00e1 tr\u00e1va <a href=\"https:\/\/en.wikipedia.org\/wiki\/Special:Search?search=weed+online&amp;go=Go&amp;ns0=1\">Ve\u013ek\u00e1 Brit\u00e1nia<\/a><\/p>\n<p>Z\u013eava na olej CBD \u010ciasto\u010dn\u00fd d\u00f4vod, pre\u010do sa OG Kush vo ve\u013ekej miere pou\u017e\u00edva pri genetickom \u0161\u013eachten\u00ed kanabisu, je sp\u00f4soben\u00fd vysokou potenciou THC tohto p\u00f4vodn\u00e9ho kme\u0148a, ktor\u00e1, zd\u00e1 sa, pom\u00e1ha mnoh\u00fdm spotrebite\u013eom s r\u00f4znymi zdravotn\u00fdmi probl\u00e9mami, ktor\u00e9 m\u00f4\u017eu ma\u0165. S hladinami THC, ktor\u00e9 sa pohybuj\u00fa v rozmedz\u00ed 20 \u2013 27, s\u00fa bal\u00ed\u010dky OG Kush obzvl\u00e1\u0161\u0165 siln\u00e9 a skuto\u010dne zasiahnu ka\u017ed\u00e9ho, kto ho konzumuje.<\/p>\n<p>Although world-known, <a href=\"https:\/\/en.wikipedia.org\/wiki\/Kush\">OG Kush<\/a> seems to primarily be consumed throughout California, Colorado and the Pacific Northwest, so if you want to try a dank batch of this heady cannabis strain, look to those regions for answers.<\/p>\n<h3>A Kush Ar\u00f3ma<\/h3>\n<p>Chu\u0165 a vzh\u013ead OG Kush m\u00e1 jednu z naj\u010derstvej\u0161\u00edch v\u00f4n\u00ed, ktor\u00e1 intenz\u00edvne pripom\u00edna straten\u00e9 bl\u00fadenie hlboko v starom lesnom poraste. Jeho ar\u00f3ma je drevit\u00e1, borovicov\u00e1 a zemit\u00e1, okam\u017eite zasiahne va\u0161e chu\u0165ov\u00e9 poh\u00e1riky siln\u00fdm hitom. Jeho chu\u0165 neprest\u00e1va spotrebite\u013eov prekvapova\u0165 s ne\u010dakan\u00fdmi podt\u00f3nmi limetky, citr\u00f3nu a citrusov, ako aj s n\u00e1znakmi korenist\u00e9ho n\u00e1dychu. Z\u00e1sielkov\u00e1 burina sloven\u010dina.<\/p>\n<p>Pokia\u013e ide o vzh\u013ead, burina OG Kush m\u00e1 tradi\u010dn\u00fd vzh\u013ead kanabisu s klasickou \u017eltozelenou farbou cukrov\u00fdch listov s oran\u017eov\u00fdmi piestikmi a listovo zelen\u00fdmi vodn\u00fdmi listami, niekedy v odtie\u0148och \u0161alvie. P\u00fa\u010diky s\u00fa husto potiahnut\u00e9 kry\u0161talick\u00fdmi trich\u00f3mami, \u010do d\u00e1va dokonal\u00fd zmysel, ak vezmete do \u00favahy vysok\u00fd obsah THC kme\u0148a OG Kush. \u00da\u010dinky OG Kush Burina OG Kush, ktor\u00e1 zost\u00e1va vern\u00e1 svojej hybridnej klasifik\u00e1cii, je obzvl\u00e1\u0161\u0165 vyv\u00e1\u017een\u00e1 a jej vysok\u00fd obsah prin\u00e1\u0161a to najlep\u0161ie z oboch svetov.<\/p>\n<p>\u017div\u00e1 zmes znakov indica a sativa, OG Kush testuje na \u00farovniach diligent plug, sativa a\u00a0inda s\u00fa 60 % a 87 %. Po konzum\u00e1cii OG Kush o\u010dak\u00e1vajte siln\u00fa euf\u00f3riu a intenz\u00edvne cerebr\u00e1lne \u00fa\u010dinky, \u010dasto nasledovan\u00e9 miernym a\u017e siln\u00fdm pocitom zablokovania na gau\u010di.<\/p>\n<p>Considerat\u0103 una dintre cele mai relaxante \u0219i totu\u0219i \u00een\u0103l\u021b\u0103toare tulpini, OG Kush pare s\u0103 ofere consumatorilor s\u0103i o combina\u021bie minunat\u0103 de euforie de topire a corpului, dar \u0219i un rezultat la fel de benefic pentru minte, l\u0103s\u00e2nd pe oricine o \u00eencearc\u0103 fericit, calm, lini\u0219tit. , dar capabil s\u0103 chicoteasc\u0103, s\u0103 r\u00e2d\u0103 \u0219i s\u0103 se distreze minunat.<\/p>\n<h3>Lek\u00e1rske v\u00fdhody #1 kanabisov\u00e9ho kme\u0148a<\/h3>\n<p>OG Kush OG Kush Poh\u013ead zhora Naj\u010dastej\u0161ie konzumovan\u00fd v medic\u00edne pri du\u0161evn\u00fdch poruch\u00e1ch a chronickej bolesti. OG Kush burina je mimoriadne lie\u010div\u00e1 odroda kanabisu. To prekvapilo svet lek\u00e1rskej marihuany svojou schopnos\u0165ou pom\u00e1ha\u0165 to\u013ek\u00fdm po\u010das rokov svojej existencie.<\/p>\n<p>Jeho magick\u00e9 schopnosti s\u00fa \u010diasto\u010dne d\u00f4vodom masov\u00e9ho rastu popularity OGK. Ako st\u00e1le viac \u013eud\u00ed zis\u0165uje, \u017ee je lep\u0161ie konzumova\u0165 tento kme\u0148. Ako u\u017e\u00edvanie tradi\u010dn\u00fdch liekov, ktor\u00e9 s\u00fa \u010dasto spojen\u00e9 s nepr\u00edjemn\u00fdmi, \u017eivot meniacimi negat\u00edvnymi ved\u013eaj\u0161\u00edmi \u00fa\u010dinkami.<\/p>\n<p>T\u00ed, ktor\u00ed zvl\u00e1daj\u00fa stres, depresiu a nespavos\u0165, zistili, \u017ee kme\u0148 OG Kush je obzvl\u00e1\u0161\u0165 lie\u010div\u00fd. Rovnako ako pacienti poci\u0165uj\u00faci siln\u00e9 a chronick\u00e9 bolesti. OG Kush skuto\u010dne pom\u00e1ha uvo\u013eni\u0165 a znecitlivie\u0165 bo\u013eav\u00e9 miesta. Ak trp\u00edte stresom, depresiou, \u00fazkos\u0165ou alebo inou du\u0161evnou poruchou. <a href=\"https:\/\/grassxpress.com\/sk\/produkt\/og-kush-strain\/\">Secure checkout<\/a><\/p>\n<p>Potom je najlep\u0161ie vyfaj\u010di\u0165 mierne mno\u017estvo buriny OG Kush alebo zjes\u0165 jedlo v n\u00edzkej d\u00e1vke. Preto\u017ee nadmern\u00e1 konzum\u00e1cia ak\u00e9hoko\u013evek kme\u0148a hrnca pri zvl\u00e1dan\u00ed du\u0161evnej poruchy m\u00f4\u017ee v skuto\u010dnosti sp\u00f4sobi\u0165 viac \u0161kody ako \u00fa\u017eitku. Poznajte svoje hranice a zosta\u0148te v nich.<\/p>\n<p>Na druhej strane, ak sa pot\u00fdkate s nespavos\u0165ou, nedostatkom sp\u00e1nku \u010di chronickou boles\u0165ou. Potom by pr\u00edjem vy\u0161\u0161ej d\u00e1vky kme\u0148a OG Kush bol v\u00e4\u010d\u0161\u00edm pr\u00ednosom. Pom\u00f4\u017ee to okam\u017eite za\u00fato\u010di\u0165 na probl\u00e9m. Bez toho, aby ste nechali ak\u00fako\u013evek mo\u017enos\u0165, \u017ee ste neskonzumovali dostato\u010dne vysok\u00fa d\u00e1vku, aby ste skuto\u010dne poc\u00edtili v\u00fdhody. Na dosiahnutie vy\u0161\u0161ej d\u00e1vky m\u00f4\u017ee by\u0165 v poriadku jedl\u00e1, koncentr\u00e1t alebo in\u00e1 konzumn\u00e1 forma kanabisu.<\/p>\n<p>Mo\u017en\u00e9 ved\u013eaj\u0161ie \u00fa\u010dinky OG Kush. Najlep\u0161\u00edm sp\u00f4sobom, ako sa vyhn\u00fa\u0165 mo\u017en\u00fdm ved\u013eaj\u0161\u00edm \u00fa\u010dinkom marihuany OG Kush, je pou\u017ei\u0165 prevent\u00edvne opatrenie. Ak ste citliv\u00fd na THC a pozn\u00e1te svoje limity pri konzum\u00e1cii kanabisu. Spotrebitelia naj\u010dastej\u0161ie uv\u00e1dzaj\u00fa sucho v \u00fastach a such\u00e9 o\u010di ako be\u017en\u00fd ved\u013eaj\u0161\u00ed \u00fa\u010dinok pri sk\u00fa\u0161an\u00ed buriny OG Kush. Nepotite sa, to sa d\u00e1 \u013eahko vyrie\u0161i\u0165 pit\u00edm hydrata\u010dn\u00fdch tekut\u00edn a v pr\u00edpade potreby pou\u017eit\u00edm zvlh\u010duj\u00facich o\u010dn\u00fdch kvapiek.<\/p>\n<h3>okrem toho<\/h3>\n<p>Niektor\u00ed jedinci za\u017eili paranoju po konzum\u00e1cii kme\u0148a OG Kush. Ale pam\u00e4tajte, \u017ee va\u0161e vzru\u0161enie pominie a aby ste d\u00fdchali pomaly, hlboko a rovnomerne. M\u00f4\u017ee v\u00e1m pom\u00f4c\u0165 udr\u017ea\u0165 si \u010dist\u00fa hlavu, ak prech\u00e1dzate ak\u00fdmiko\u013evek negat\u00edvnymi my\u0161lienkov\u00fdmi vzormi.<\/p>\n<p>U\u017eito\u010dn\u00fdm vodidlom m\u00f4\u017eu by\u0165 aj techniky medit\u00e1cie a hlbokej relax\u00e1cie. Z\u00e1vere\u010dn\u00e9 my\u0161lienky o OG Kush: D\u00fafame, \u017ee ste t\u00fato recenziu OG Kush pova\u017eovali nielen za z\u00e1bavn\u00fa. Ale aj pou\u010dn\u00e9 a pou\u010dn\u00e9. Je d\u00f4le\u017eit\u00e9 si uvedomi\u0165, \u017ee za konzum\u00e1ciu marihuany zodpoved\u00e1 v\u00fdlu\u010dne pou\u017e\u00edvate\u013e a je potrebn\u00e9 postupova\u0165 pod\u013ea vlastn\u00e9ho uv\u00e1\u017eenia.<\/p>","protected":false},"excerpt":{"rendered":"<p><strong>Grade:<\/strong> A<br \/>\nType: Sativa dominant hybrid<br \/>\n<strong>Looks:<\/strong> This deep green bud is fluffy, frosty and packed with red hairs.<br \/>\n<strong>Smell:<\/strong> Piney, Cedar-like, Citrus<br \/>\n<strong>Taste:<\/strong> A very nice earthy and pine taste with a sweet after note . A very smooth and refreshing smoke. Vaporizing intensifies flavor and is a delight to have in the mouth.<br \/>\n<strong>Effects:<\/strong> Induces a feeling of euphoria, happiness, and creativity. An uplifting and energized high.<br \/>\nPotency: 10\/10 (It\u2019s a 1 hit wonder)<\/p>","protected":false},"featured_media":4421,"comment_status":"open","ping_status":"closed","template":"","meta":{"_themeisle_gutenberg_block_has_review":false,"_ti_tpc_template_sync":false,"_ti_tpc_template_id":"","_joinchat":[]},"product_cat":[216],"product_tag":[],"class_list":{"0":"post-4363","1":"product","2":"type-product","3":"status-publish","4":"has-post-thumbnail","6":"product_cat-hybrid","8":"first","9":"instock","10":"shipping-taxable","11":"purchasable","12":"product-type-variable"},"yoast_head":"<!-- This site is optimized with the Yoast SEO plugin v22.7 - https:\/\/yoast.com\/wordpress\/plugins\/seo\/ -->\n<title>OG Kush Strain Online For Sale | GrassXpress<\/title>\n<meta name=\"description\" content=\"Buy OG Kush online in uk and explore a legendary cannabis strain valued for its strong aroma and balanced hybrid effects. OG Kush for sale featuring distinctive earthy, citrus, and fuel-like terpene notes.\" \/>\n<meta name=\"robots\" content=\"index, follow, max-snippet:-1, max-image-preview:large, max-video-preview:-1\" \/>\n<link rel=\"canonical\" href=\"https:\/\/grassxpress.com\/sk\/produkt\/og-kush-strain\/\" \/>\n<meta property=\"og:locale\" content=\"sk_SK\" \/>\n<meta property=\"og:type\" content=\"article\" \/>\n<meta property=\"og:title\" content=\"OG Kush Strain Online For Sale | GrassXpress\" \/>\n<meta property=\"og:description\" content=\"Buy OG Kush online in uk and explore a legendary cannabis strain valued for its strong aroma and balanced hybrid effects. OG Kush for sale featuring distinctive earthy, citrus, and fuel-like terpene notes.\" \/>\n<meta property=\"og:url\" content=\"https:\/\/grassxpress.com\/sk\/produkt\/og-kush-strain\/\" \/>\n<meta property=\"og:site_name\" content=\"GrassXpress\" \/>\n<meta property=\"article:modified_time\" content=\"2026-04-02T09:17:53+00:00\" \/>\n<meta property=\"og:image\" content=\"https:\/\/grassxpress.com\/wp-content\/uploads\/2022\/11\/OG-kush.jpg\" \/>\n\t<meta property=\"og:image:width\" content=\"600\" \/>\n\t<meta property=\"og:image:height\" content=\"600\" \/>\n\t<meta property=\"og:image:type\" content=\"image\/jpeg\" \/>\n<meta name=\"twitter:card\" content=\"summary_large_image\" \/>\n<meta name=\"twitter:label1\" content=\"Predpokladan\u00fd \u010das \u010d\u00edtania\" \/>\n\t<meta name=\"twitter:data1\" content=\"6 min\u00fat\" \/>\n<!-- \/ Yoast SEO plugin. -->","yoast_head_json":{"title":"OG Kush Strain Online For Sale | GrassXpress","description":"Buy OG Kush online in uk and explore a legendary cannabis strain valued for its strong aroma and balanced hybrid effects. OG Kush for sale featuring distinctive earthy, citrus, and fuel-like terpene notes.","robots":{"index":"index","follow":"follow","max-snippet":"max-snippet:-1","max-image-preview":"max-image-preview:large","max-video-preview":"max-video-preview:-1"},"canonical":"https:\/\/grassxpress.com\/sk\/produkt\/og-kush-strain\/","og_locale":"sk_SK","og_type":"article","og_title":"OG Kush Strain Online For Sale | GrassXpress","og_description":"Buy OG Kush online in uk and explore a legendary cannabis strain valued for its strong aroma and balanced hybrid effects. OG Kush for sale featuring distinctive earthy, citrus, and fuel-like terpene notes.","og_url":"https:\/\/grassxpress.com\/sk\/produkt\/og-kush-strain\/","og_site_name":"GrassXpress","article_modified_time":"2026-04-02T09:17:53+00:00","og_image":[{"width":600,"height":600,"url":"https:\/\/grassxpress.com\/wp-content\/uploads\/2022\/11\/OG-kush.jpg","type":"image\/jpeg"}],"twitter_card":"summary_large_image","twitter_misc":{"Predpokladan\u00fd \u010das \u010d\u00edtania":"6 min\u00fat"},"schema":{"@context":"https:\/\/schema.org","@graph":[{"@type":"WebPage","@id":"https:\/\/grassxpress.com\/product\/og-kush-strain\/","url":"https:\/\/grassxpress.com\/product\/og-kush-strain\/","name":"OG Kush Strain Online For Sale | GrassXpress","isPartOf":{"@id":"https:\/\/grassxpress.com\/#website"},"primaryImageOfPage":{"@id":"https:\/\/grassxpress.com\/product\/og-kush-strain\/#primaryimage"},"image":{"@id":"https:\/\/grassxpress.com\/product\/og-kush-strain\/#primaryimage"},"thumbnailUrl":"https:\/\/grassxpress.com\/wp-content\/uploads\/2022\/11\/OG-kush.jpg","datePublished":"2022-11-15T10:34:28+00:00","dateModified":"2026-04-02T09:17:53+00:00","description":"Buy OG Kush online in uk and explore a legendary cannabis strain valued for its strong aroma and balanced hybrid effects. OG Kush for sale featuring distinctive earthy, citrus, and fuel-like terpene notes.","breadcrumb":{"@id":"https:\/\/grassxpress.com\/product\/og-kush-strain\/#breadcrumb"},"inLanguage":"sk-SK","potentialAction":[{"@type":"ReadAction","target":["https:\/\/grassxpress.com\/product\/og-kush-strain\/"]}]},{"@type":"ImageObject","inLanguage":"sk-SK","@id":"https:\/\/grassxpress.com\/product\/og-kush-strain\/#primaryimage","url":"https:\/\/grassxpress.com\/wp-content\/uploads\/2022\/11\/OG-kush.jpg","contentUrl":"https:\/\/grassxpress.com\/wp-content\/uploads\/2022\/11\/OG-kush.jpg","width":600,"height":600,"caption":"OG kush"},{"@type":"BreadcrumbList","@id":"https:\/\/grassxpress.com\/product\/og-kush-strain\/#breadcrumb","itemListElement":[{"@type":"ListItem","position":1,"name":"Home","item":"https:\/\/grassxpress.com\/"},{"@type":"ListItem","position":2,"name":"Mail Order Weed UK","item":"https:\/\/grassxpress.com\/mail-order-weed-uk\/"},{"@type":"ListItem","position":3,"name":"OG kush"}]},{"@type":"WebSite","@id":"https:\/\/grassxpress.com\/#website","url":"https:\/\/grassxpress.com\/","name":"GrassXpress","description":"Buy Weed Online UK","publisher":{"@id":"https:\/\/grassxpress.com\/#organization"},"potentialAction":[{"@type":"SearchAction","target":{"@type":"EntryPoint","urlTemplate":"https:\/\/grassxpress.com\/?s={search_term_string}"},"query-input":"required name=search_term_string"}],"inLanguage":"sk-SK"},{"@type":"Organization","@id":"https:\/\/grassxpress.com\/#organization","name":"GrassXpress","url":"https:\/\/grassxpress.com\/","logo":{"@type":"ImageObject","inLanguage":"sk-SK","@id":"https:\/\/grassxpress.com\/#\/schema\/logo\/image\/","url":"https:\/\/grassxpress.com\/wp-content\/uploads\/2024\/01\/logo.png","contentUrl":"https:\/\/grassxpress.com\/wp-content\/uploads\/2024\/01\/logo.png","width":300,"height":100,"caption":"GrassXpress"},"image":{"@id":"https:\/\/grassxpress.com\/#\/schema\/logo\/image\/"}}]}},"_links":{"self":[{"href":"https:\/\/grassxpress.com\/sk\/wp-json\/wp\/v2\/product\/4363","targetHints":{"allow":["GET"]}}],"collection":[{"href":"https:\/\/grassxpress.com\/sk\/wp-json\/wp\/v2\/product"}],"about":[{"href":"https:\/\/grassxpress.com\/sk\/wp-json\/wp\/v2\/types\/product"}],"replies":[{"embeddable":true,"href":"https:\/\/grassxpress.com\/sk\/wp-json\/wp\/v2\/comments?post=4363"}],"wp:featuredmedia":[{"embeddable":true,"href":"https:\/\/grassxpress.com\/sk\/wp-json\/wp\/v2\/media\/4421"}],"wp:attachment":[{"href":"https:\/\/grassxpress.com\/sk\/wp-json\/wp\/v2\/media?parent=4363"}],"wp:term":[{"taxonomy":"product_cat","embeddable":true,"href":"https:\/\/grassxpress.com\/sk\/wp-json\/wp\/v2\/product_cat?post=4363"},{"taxonomy":"product_tag","embeddable":true,"href":"https:\/\/grassxpress.com\/sk\/wp-json\/wp\/v2\/product_tag?post=4363"}],"curies":[{"name":"wp","href":"https:\/\/api.w.org\/{rel}","templated":true}]}}