{"id":4361,"date":"2022-11-15T10:28:23","date_gmt":"2022-11-15T10:28:23","guid":{"rendered":"https:\/\/documentosespana.com\/diligent\/?post_type=product&#038;p=4361"},"modified":"2026-04-02T09:21:10","modified_gmt":"2026-04-02T09:21:10","slug":"platinum-og","status":"publish","type":"product","link":"https:\/\/grassxpress.com\/sk\/produkt\/platinum-og\/","title":{"rendered":"Platinum OG"},"content":{"rendered":"<h2>D\u00e1 sa Platinum OG k\u00fapi\u0165 online na sloven\u010dine?<\/h2>\n<p><span style=\"color: #000000;\"><a href=\"https:\/\/grassxpress.com\/sk\/produkt\/platinum-og\/\">Platinum OG<\/a> Platinum OG je rovnako vz\u00e1cny ako kov, po ktorom je pomenovan\u00fd. Tento hybrid s dominanciou Indica sa presadzuje ako jeden z \u201enaj\u0165a\u017e\u0161\u00edch\u201c kme\u0148ov v okol\u00ed. Platinum OG \u00fadajne poch\u00e1dza z troch kme\u0148ov: Master Kush, OG Kush a tretieho nezn\u00e1meho rodi\u010da. Kvety s\u00fa limetkovo zelen\u00e9 a bacu\u013eat\u00e9, s v\u00fdrazn\u00fdmi oran\u017eov\u00fdmi ch\u013apkami a platinov\u00fdm povlakom v\u010faka mno\u017estvu <a href=\"https:\/\/en.wikipedia.org\/wiki\/Special:Search?search=weed+online&amp;go=Go&amp;ns0=1\">THC<\/a> crystals. A brief, heady onset settles into a powerful physical sedation suitable for nighttime use and pain, stress, or anxiety relief, making this precious strain a robust healer. Its THC content\u00a0 This <a href=\"https:\/\/grassxpress.com\/sk\/produkt\/purple-haze\/\">Indica-dominant hybrid<\/a> has a sativa\/Indica ratio of 25\/75,with trace levels of CBD, and its buzz has been described as strongly cerebral and body-numbing. can you buy weed online uk<\/span><\/p>\n<p><span style=\"color: #000000;\">This weed burns with a skunky, earthy smell and the flavor is smooth and sweetish, with notes of pine, berries and citrus. The effects come on quickly after inhaling, and start with a heavy body hit that then gives way to a relaxing, almost narcotic high that can last for two hours and more. This is a powerful weed and more than a couple of hits often lead to couchlock. Medical dispensaries prescribe it for nausea, stress and insomnia. can you <a href=\"https:\/\/grassxpress.com\/sk\/objednavka-burina-online-slovenska\/\">k\u00fapi\u0165 tr\u00e1vu online uk<\/a><\/span><\/p>\n<p><span style=\"color: #000000;\">Tento kme\u0148 dorast\u00e1 do v\u00fd\u0161ky okolo jedn\u00e9ho metra a je to hu\u0148at\u00fd kme\u0148 s kr\u00e1tkymi listami, ktor\u00e9 s dozrievan\u00edm rastliny celkom stmavn\u00fa. Stredne ve\u013ek\u00e9 p\u00fa\u010diky s\u00fa hust\u00e9 a s\u00fa pokryt\u00e9 trblietavou vrstvou kry\u0161t\u00e1lov a maj\u00fa tie\u017e oran\u017eov\u00e9 a\u017e hned\u00e9 ch\u013apky. <a href=\"https:\/\/grassxpress.com\/sk\/mail-order-weed-uk\/\">Viac na<\/a><\/span><\/p>\n<p>&nbsp;<\/p>","protected":false},"excerpt":{"rendered":"<p>Odpor\u00fa\u010dame ju na lie\u010dbu nevo\u013enosti, stresu a nespavosti, na no\u010dn\u00e9 u\u017e\u00edvanie a na zmiernenie bolesti, stresu alebo \u00fazkosti, v\u010faka \u010domu je tento vz\u00e1cny kme\u0148 siln\u00fdm lie\u010dite\u013eom. \u00da\u010dinky sa dostavia r\u00fdchlo po vd\u00fdchnut\u00ed a za\u010d\u00ednaj\u00fa siln\u00fdm z\u00e1sahom do tela, ktor\u00fd potom ust\u00fapi relaxa\u010dn\u00e9mu, takmer narkotick\u00e9mu opojeniu, ktor\u00e9 m\u00f4\u017ee trva\u0165 dve hodiny a viac.<\/p>","protected":false},"featured_media":4402,"comment_status":"open","ping_status":"closed","template":"","meta":{"_themeisle_gutenberg_block_has_review":false,"_ti_tpc_template_sync":false,"_ti_tpc_template_id":"","_joinchat":[]},"product_cat":[216,128],"product_tag":[217,138,218,140,219,220,27,221,192,33,222,223,224,172,225,226,227,228,229,230,231,232,233,234,235,236,237,238],"class_list":{"0":"post-4361","1":"product","2":"type-product","3":"status-publish","4":"has-post-thumbnail","6":"product_cat-hybrid","7":"product_cat-indica","8":"product_tag-24-7-platinum-kush-delivery","9":"product_tag-best-online-dispensary","10":"product_tag-buy-cheap-platinum-kush","11":"product_tag-buy-marijuana-online","12":"product_tag-buy-platinum-kush-in-usa","13":"product_tag-buy-platinum-kush-online","14":"product_tag-cannabis-strains","15":"product_tag-hybrid-strains","16":"product_tag-indica-marijuana-strains","17":"product_tag-indica-strains","18":"product_tag-indica-dominant-hybrid","19":"product_tag-legit-platinum-kush-online","20":"product_tag-marijuana-strains","21":"product_tag-medical-cannabis","22":"product_tag-medical-marijuana","23":"product_tag-order-platinum-kush","24":"product_tag-platinum-bubba-kush","25":"product_tag-platinum-kush","26":"product_tag-platinum-kush-for-sale-in-canada-without-script","27":"product_tag-platinum-kush-for-sale-in-usa","28":"product_tag-platinum-kush-for-sale-without-script","29":"product_tag-platinum-kush-mail-order","30":"product_tag-platinum-kush-overnight-shipping","31":"product_tag-platinum-kush-strain","32":"product_tag-platinum-kush-worldwide-delivery","33":"product_tag-platinum-og-kush","34":"product_tag-top-shelf-marijuana-strains","35":"product_tag-top-shelf-strains","37":"first","38":"instock","39":"shipping-taxable","40":"purchasable","41":"product-type-variable"},"yoast_head":"<!-- This site is optimized with the Yoast SEO plugin v22.7 - https:\/\/yoast.com\/wordpress\/plugins\/seo\/ -->\n<title>Platinum OG Strain for Sale UK \u2013 Buy Platinum OG Cannabis Online<\/title>\n<meta name=\"description\" content=\"Buy Platinum OG cannabis strain online. Premium indica-dominant hybrid known for its strong relaxing effects, earthy aroma, and long-lasting body high ideal for stress and nighttime use.\" \/>\n<meta name=\"robots\" content=\"index, follow, max-snippet:-1, max-image-preview:large, max-video-preview:-1\" \/>\n<link rel=\"canonical\" href=\"https:\/\/grassxpress.com\/sk\/produkt\/platinum-og\/\" \/>\n<meta property=\"og:locale\" content=\"sk_SK\" \/>\n<meta property=\"og:type\" content=\"article\" \/>\n<meta property=\"og:title\" content=\"Platinum OG Strain for Sale UK \u2013 Buy Platinum OG Cannabis Online\" \/>\n<meta property=\"og:description\" content=\"Buy Platinum OG cannabis strain online. Premium indica-dominant hybrid known for its strong relaxing effects, earthy aroma, and long-lasting body high ideal for stress and nighttime use.\" \/>\n<meta property=\"og:url\" content=\"https:\/\/grassxpress.com\/sk\/produkt\/platinum-og\/\" \/>\n<meta property=\"og:site_name\" content=\"GrassXpress\" \/>\n<meta property=\"article:modified_time\" content=\"2026-04-02T09:21:10+00:00\" \/>\n<meta property=\"og:image\" content=\"https:\/\/grassxpress.com\/wp-content\/uploads\/2022\/11\/Platinum-OG-1.jpg\" \/>\n\t<meta property=\"og:image:width\" content=\"600\" \/>\n\t<meta property=\"og:image:height\" content=\"600\" \/>\n\t<meta property=\"og:image:type\" content=\"image\/jpeg\" \/>\n<meta name=\"twitter:card\" content=\"summary_large_image\" \/>\n<meta name=\"twitter:label1\" content=\"Predpokladan\u00fd \u010das \u010d\u00edtania\" \/>\n\t<meta name=\"twitter:data1\" content=\"2 min\u00faty\" \/>\n<!-- \/ Yoast SEO plugin. -->","yoast_head_json":{"title":"Platinum OG Strain for Sale UK \u2013 Buy Platinum OG Cannabis Online","description":"Buy Platinum OG cannabis strain online. Premium indica-dominant hybrid known for its strong relaxing effects, earthy aroma, and long-lasting body high ideal for stress and nighttime use.","robots":{"index":"index","follow":"follow","max-snippet":"max-snippet:-1","max-image-preview":"max-image-preview:large","max-video-preview":"max-video-preview:-1"},"canonical":"https:\/\/grassxpress.com\/sk\/produkt\/platinum-og\/","og_locale":"sk_SK","og_type":"article","og_title":"Platinum OG Strain for Sale UK \u2013 Buy Platinum OG Cannabis Online","og_description":"Buy Platinum OG cannabis strain online. Premium indica-dominant hybrid known for its strong relaxing effects, earthy aroma, and long-lasting body high ideal for stress and nighttime use.","og_url":"https:\/\/grassxpress.com\/sk\/produkt\/platinum-og\/","og_site_name":"GrassXpress","article_modified_time":"2026-04-02T09:21:10+00:00","og_image":[{"width":600,"height":600,"url":"https:\/\/grassxpress.com\/wp-content\/uploads\/2022\/11\/Platinum-OG-1.jpg","type":"image\/jpeg"}],"twitter_card":"summary_large_image","twitter_misc":{"Predpokladan\u00fd \u010das \u010d\u00edtania":"2 min\u00faty"},"schema":{"@context":"https:\/\/schema.org","@graph":[{"@type":"WebPage","@id":"https:\/\/grassxpress.com\/product\/platinum-og\/","url":"https:\/\/grassxpress.com\/product\/platinum-og\/","name":"Platinum OG Strain for Sale UK \u2013 Buy Platinum OG Cannabis Online","isPartOf":{"@id":"https:\/\/grassxpress.com\/#website"},"primaryImageOfPage":{"@id":"https:\/\/grassxpress.com\/product\/platinum-og\/#primaryimage"},"image":{"@id":"https:\/\/grassxpress.com\/product\/platinum-og\/#primaryimage"},"thumbnailUrl":"https:\/\/grassxpress.com\/wp-content\/uploads\/2022\/11\/Platinum-OG-1.jpg","datePublished":"2022-11-15T10:28:23+00:00","dateModified":"2026-04-02T09:21:10+00:00","description":"Buy Platinum OG cannabis strain online. Premium indica-dominant hybrid known for its strong relaxing effects, earthy aroma, and long-lasting body high ideal for stress and nighttime use.","breadcrumb":{"@id":"https:\/\/grassxpress.com\/product\/platinum-og\/#breadcrumb"},"inLanguage":"sk-SK","potentialAction":[{"@type":"ReadAction","target":["https:\/\/grassxpress.com\/product\/platinum-og\/"]}]},{"@type":"ImageObject","inLanguage":"sk-SK","@id":"https:\/\/grassxpress.com\/product\/platinum-og\/#primaryimage","url":"https:\/\/grassxpress.com\/wp-content\/uploads\/2022\/11\/Platinum-OG-1.jpg","contentUrl":"https:\/\/grassxpress.com\/wp-content\/uploads\/2022\/11\/Platinum-OG-1.jpg","width":600,"height":600,"caption":"Platinum OG"},{"@type":"BreadcrumbList","@id":"https:\/\/grassxpress.com\/product\/platinum-og\/#breadcrumb","itemListElement":[{"@type":"ListItem","position":1,"name":"Home","item":"https:\/\/grassxpress.com\/"},{"@type":"ListItem","position":2,"name":"Mail Order Weed UK","item":"https:\/\/grassxpress.com\/mail-order-weed-uk\/"},{"@type":"ListItem","position":3,"name":"Platinum OG"}]},{"@type":"WebSite","@id":"https:\/\/grassxpress.com\/#website","url":"https:\/\/grassxpress.com\/","name":"GrassXpress","description":"Buy Weed Online UK","publisher":{"@id":"https:\/\/grassxpress.com\/#organization"},"potentialAction":[{"@type":"SearchAction","target":{"@type":"EntryPoint","urlTemplate":"https:\/\/grassxpress.com\/?s={search_term_string}"},"query-input":"required name=search_term_string"}],"inLanguage":"sk-SK"},{"@type":"Organization","@id":"https:\/\/grassxpress.com\/#organization","name":"GrassXpress","url":"https:\/\/grassxpress.com\/","logo":{"@type":"ImageObject","inLanguage":"sk-SK","@id":"https:\/\/grassxpress.com\/#\/schema\/logo\/image\/","url":"https:\/\/grassxpress.com\/wp-content\/uploads\/2024\/01\/logo.png","contentUrl":"https:\/\/grassxpress.com\/wp-content\/uploads\/2024\/01\/logo.png","width":300,"height":100,"caption":"GrassXpress"},"image":{"@id":"https:\/\/grassxpress.com\/#\/schema\/logo\/image\/"}}]}},"_links":{"self":[{"href":"https:\/\/grassxpress.com\/sk\/wp-json\/wp\/v2\/product\/4361","targetHints":{"allow":["GET"]}}],"collection":[{"href":"https:\/\/grassxpress.com\/sk\/wp-json\/wp\/v2\/product"}],"about":[{"href":"https:\/\/grassxpress.com\/sk\/wp-json\/wp\/v2\/types\/product"}],"replies":[{"embeddable":true,"href":"https:\/\/grassxpress.com\/sk\/wp-json\/wp\/v2\/comments?post=4361"}],"wp:featuredmedia":[{"embeddable":true,"href":"https:\/\/grassxpress.com\/sk\/wp-json\/wp\/v2\/media\/4402"}],"wp:attachment":[{"href":"https:\/\/grassxpress.com\/sk\/wp-json\/wp\/v2\/media?parent=4361"}],"wp:term":[{"taxonomy":"product_cat","embeddable":true,"href":"https:\/\/grassxpress.com\/sk\/wp-json\/wp\/v2\/product_cat?post=4361"},{"taxonomy":"product_tag","embeddable":true,"href":"https:\/\/grassxpress.com\/sk\/wp-json\/wp\/v2\/product_tag?post=4361"}],"curies":[{"name":"wp","href":"https:\/\/api.w.org\/{rel}","templated":true}]}}