{"id":4360,"date":"2022-11-15T10:11:40","date_gmt":"2022-11-15T10:11:40","guid":{"rendered":"https:\/\/documentosespana.com\/diligent\/?post_type=product&#038;p=4360"},"modified":"2026-04-02T09:09:06","modified_gmt":"2026-04-02T09:09:06","slug":"banana-kush","status":"publish","type":"product","link":"https:\/\/grassxpress.com\/sk\/produkt\/banana-kush\/","title":{"rendered":"Buy Banana Kush Online UK"},"content":{"rendered":"<div class=\"relative basis-auto flex-col -mb-(--composer-overlap-px) [--composer-overlap-px:28px] grow flex\">\n<div class=\"flex flex-col text-sm pb-25\">\n<article class=\"text-token-text-primary w-full focus:outline-none [--shadow-height:45px] has-data-writing-block:pointer-events-none has-data-writing-block:-mt-(--shadow-height) has-data-writing-block:pt-(--shadow-height) [&amp;:has([data-writing-block])&gt;*]:pointer-events-auto scroll-mt-[calc(var(--header-height)+min(200px,max(70px,20svh)))]\" dir=\"auto\" tabindex=\"-1\" data-turn-id=\"request-WEB:04e6e77b-5047-4170-b5cf-69678400d879-6\" data-testid=\"conversation-turn-14\" data-scroll-anchor=\"true\" data-turn=\"assistant\">\n<div class=\"text-base my-auto mx-auto pb-10 [--thread-content-margin:var(--thread-content-margin-xs,calc(var(--spacing)*4))] @w-sm\/main:[--thread-content-margin:var(--thread-content-margin-sm,calc(var(--spacing)*6))] @w-lg\/main:[--thread-content-margin:var(--thread-content-margin-lg,calc(var(--spacing)*16))] px-(--thread-content-margin)\">\n<div class=\"[--thread-content-max-width:40rem] @w-lg\/main:[--thread-content-max-width:48rem] mx-auto max-w-(--thread-content-max-width) flex-1 group\/turn-messages focus-visible:outline-hidden relative flex w-full min-w-0 flex-col agent-turn\" tabindex=\"-1\">\n<div class=\"flex max-w-full flex-col gap-4 grow\">\n<div class=\"min-h-8 text-message relative flex w-full flex-col items-end gap-2 text-start break-words whitespace-normal [.text-message+&amp;]:mt-1\" dir=\"auto\" data-message-author-role=\"assistant\" data-message-id=\"692c1616-ac21-4157-920c-8936db92195e\" data-message-model-slug=\"gpt-5-3\">\n<div class=\"flex w-full flex-col gap-1 empty:hidden\">\n<div class=\"markdown prose dark:prose-invert w-full wrap-break-word light markdown-new-styling\">\n<h2 data-section-id=\"1pwhjtz\" data-start=\"0\" data-end=\"38\">Burinu na n\u00e1kup online v Spojenom kr\u00e1\u013eovstve \u2013 Banana Kush<\/h2>\n<p data-start=\"40\" data-end=\"379\">If you are looking for weed to buy online UK, many cannabis enthusiasts prefer to <a href=\"https:\/\/grassxpress.com\/sk\/produkt\/banana-kush\/\">Buy Banana Kush online<\/a> v\u010faka svojej jedine\u010dnej chuti a relaxa\u010dn\u00fdm \u00fa\u010dinkom. Banana Kush, zn\u00e1ma svojou sladkou tropickou ar\u00f3mou a siln\u00fdm pocitom euforie, je jednou z najob\u013e\u00fabenej\u0161\u00edch odrodieb medzi u\u017e\u00edvate\u013emi kanabisu, ktor\u00ed h\u013eadaj\u00fa pr\u00e9miov\u00e9 kvalitn\u00e9 poh\u00e1riky.<\/p>\n<h1 data-section-id=\"1qkgbfg\" data-start=\"381\" data-end=\"409\">Buy Banana Kush Online UK<\/h1>\n<p data-start=\"411\" data-end=\"771\">Ak chcete odrodu Banana Kush, ktor\u00e1 prin\u00e1\u0161a vyv\u00e1\u017een\u00fa zmes euf\u00f3rie a hlbokej relax\u00e1cie, k\u00fapte si ju v d\u00f4veryhodn\u00fdch obchodoch s kanabisom. Banana Kush je zn\u00e1ma odroda zo z\u00e1padn\u00e9ho pobre\u017eia, ktor\u00e1 je zn\u00e1ma svojou ban\u00e1novou chu\u0165ou a upokojuj\u00facimi \u00fa\u010dinkami. Mnoho spotrebite\u013eov, ktor\u00ed si kupuj\u00fa Banana Kush online, si u\u017e\u00edva jej kombin\u00e1ciu povzn\u00e1\u0161aj\u00facich du\u0161evn\u00fdch pocitov a upokojuj\u00facej fyzickej relax\u00e1cie. T\u00e1to odroda je kr\u00ed\u017eencom Ghost OG a Skunk Haze a je zn\u00e1ma svojou v\u00fdraznou ar\u00f3mou a mierne n\u00e1ro\u010dn\u00fdm procesom pestovania. V\u010faka svojej popularite a jedine\u010dn\u00e9mu terp\u00e9nov\u00e9mu profilu mnoh\u00ed pou\u017e\u00edvatelia h\u013eadaj\u00fa Kde k\u00fapi\u0165 Banana Kush? pri h\u013eadan\u00ed vysokokvalitn\u00fdch produktov z kanabisu.<\/p>\n<h3 data-section-id=\"1d3xzlz\" data-start=\"1067\" data-end=\"1088\">Lab Tested Results<\/h3>\n<p data-start=\"1090\" data-end=\"1110\">THC: 25 %<br data-start=\"1098\" data-end=\"1101\" \/>CBD: 0,7%<\/p>\n<p data-start=\"1112\" data-end=\"1278\">These cannabinoid levels contribute to the powerful effects that make Banana Kush for sale a highly sought-after strain for both recreational and therapeutic use.<\/p>\n<h3 data-section-id=\"mnten1\" data-start=\"1280\" data-end=\"1305\">Banana Kush z\u00e1\u017eitok<\/h3>\n<p data-start=\"1307\" data-end=\"1560\">Hoci je Banana Kush prim\u00e1rne odrodou Indica, poskytuje aj miernu ment\u00e1lnu stimul\u00e1ciu podobn\u00fa Sative. Mnoho konzumentov kanabisu, ktor\u00ed si objednaj\u00fa Banana Kush online, hl\u00e1si siln\u00fd pocit euforie, ktor\u00fd postupne vedie k hlbokej relax\u00e1cii a ospalosti. V\u010faka svojim siln\u00fdm sedat\u00edvnym \u00fa\u010dinkom sa Banana Kush online \u010dasto odpor\u00fa\u010da na ve\u010dern\u00e9 u\u017e\u00edvanie. Mnoho sk\u00fasen\u00fdch u\u017e\u00edvate\u013eov uprednost\u0148uje t\u00fato odrodu pred span\u00edm, preto\u017ee jej upokojuj\u00face vlastnosti m\u00f4\u017eu pom\u00f4c\u0165 podpori\u0165 pokojn\u00fd sp\u00e1nok. Predt\u00fdm, ako sa relaxa\u010dn\u00e9 \u00fa\u010dinky \u00faplne rozvin\u00fa, u\u017e\u00edvatelia \u010dasto poci\u0165uj\u00fa pr\u00edjemn\u00e9 euforick\u00e9 bzu\u010danie a znate\u013en\u00e9 zlep\u0161enie n\u00e1lady. Tento povzn\u00e1\u0161aj\u00faci pocit je jedn\u00fdm z d\u00f4vodov, pre\u010do ve\u013ea \u013eud\u00ed h\u013ead\u00e1 najlep\u0161ie miesto na n\u00e1kup Banana Kush online.<\/p>\n<p data-start=\"2027\" data-end=\"2213\">Niektor\u00ed u\u017e\u00edvatelia m\u00f4\u017eu poci\u0165ova\u0165 sucho v \u00fastach alebo o\u010diach, najm\u00e4 pri vy\u0161\u0161\u00edch d\u00e1vkach. Pre t\u00fdch, ktor\u00ed s kanabisom za\u010d\u00ednaj\u00fa, sa odpor\u00fa\u010da za\u010da\u0165 s miernym mno\u017estvom pri k\u00fape Banana Kush.<\/p>\n<h3 data-section-id=\"n8ea45\" data-start=\"2215\" data-end=\"2242\">Profil chuti a ar\u00f3my<\/h3>\n<p data-start=\"2244\" data-end=\"2492\">Jednou z najrozpoznate\u013enej\u0161\u00edch vlastnost\u00ed odrody Banana Kush je jej legend\u00e1rny chu\u0165ov\u00fd profil. T\u00e1to odroda je zn\u00e1ma svojou nezamenite\u013enou ban\u00e1novou chu\u0165ou v kombin\u00e1cii s ovocn\u00fdmi a tropick\u00fdmi t\u00f3nmi. Niektor\u00ed nad\u0161enci kanabisu si tie\u017e v\u0161imn\u00fa jemn\u00e9 drevit\u00e9 podt\u00f3ny. Pri spa\u013eovan\u00ed Banana Kush uvo\u013e\u0148uje sladk\u00fa a ovocn\u00fa ar\u00f3mu, ktor\u00e1 r\u00fdchlo napln\u00ed miestnos\u0165. Jej siln\u00fd terp\u00e9nov\u00fd profil je hlavn\u00fdm d\u00f4vodom, pre\u010do sa mnoh\u00ed pou\u017e\u00edvatelia rozhoduj\u00fa k\u00fapi\u0165 Banana Kush online od renomovan\u00fdch obchodov s kanabisom. Vizu\u00e1lne m\u00e1 t\u00e1to odroda p\u00f4sobiv\u00fa pr\u00ed\u0165a\u017elivos\u0165 na polici. P\u00fa\u010diky maj\u00fa jasne zelen\u00e9 listy, brosky\u0148ovo sfarben\u00e9 piestiky a bohat\u00fa vrstvu bielych trich\u00f3mov. Tento atrakt\u00edvny vzh\u013ead \u010dasto u\u013eah\u010duje rozpoznanie pr\u00e9miov\u00fdch produktov Banana Kush.<\/p>\n<h3 data-section-id=\"6nc9ol\" data-start=\"2988\" data-end=\"3022\">Lek\u00e1rske v\u00fdhody ban\u00e1novej ka\u0161e<\/h3>\n<p data-start=\"3024\" data-end=\"3286\">Hoci je Banana Kush prim\u00e1rne odrodou Indica, poskytuje aj miernu ment\u00e1lnu stimul\u00e1ciu podobn\u00fa Sative. Mnoho konzumentov kanabisu, ktor\u00ed si objednaj\u00fa Banana Kush online, hl\u00e1si siln\u00fd pocit euforie, ktor\u00fd postupne vedie k hlbokej relax\u00e1cii a ospalosti. V\u010faka svojim siln\u00fdm sedat\u00edvnym \u00fa\u010dinkom sa Banana Kush online \u010dasto odpor\u00fa\u010da na ve\u010dern\u00e9 u\u017e\u00edvanie. Mnoho sk\u00fasen\u00fdch u\u017e\u00edvate\u013eov uprednost\u0148uje t\u00fato odrodu pred span\u00edm, preto\u017ee jej upokojuj\u00face vlastnosti m\u00f4\u017eu pom\u00f4c\u0165 podpori\u0165 pokojn\u00fd sp\u00e1nok. Predt\u00fdm, ako sa relaxa\u010dn\u00e9 \u00fa\u010dinky \u00faplne rozvin\u00fa, u\u017e\u00edvatelia \u010dasto poci\u0165uj\u00fa pr\u00edjemn\u00e9 euforick\u00e9 bzu\u010danie a znate\u013en\u00e9 zlep\u0161enie n\u00e1lady. Tento povzn\u00e1\u0161aj\u00faci pocit je jedn\u00fdm z d\u00f4vodov, pre\u010do ve\u013ea \u013eud\u00ed h\u013ead\u00e1 najlep\u0161ie miesto na n\u00e1kup Banana Kush online.<\/p>\n<p data-start=\"3734\" data-end=\"3996\">Okrem toho, siln\u00e9 charakteristiky Indicy m\u00f4\u017eu pom\u00f4c\u0165 jednotlivcom zvl\u00e1da\u0165 chronick\u00fa boles\u0165. Kv\u00f4li t\u00fdmto potenci\u00e1lnym v\u00fdhod\u00e1m mnoh\u00ed pou\u017e\u00edvatelia porovn\u00e1vaj\u00fa cenu Banana Kush u r\u00f4znych predajcov, aby na\u0161li najlep\u0161iu hodnotu a z\u00e1rove\u0148 zachovali kvalitu produktu. Pre nad\u0161encov kanabisu, ktor\u00ed h\u013eadaj\u00fa pr\u00e9miov\u00e9 odrody, n\u00e1jdenie najlep\u0161ieho miesta na n\u00e1kup Banana Kush online zabezpe\u010d\u00ed pr\u00edstup k spo\u013eahliv\u00fdm produktom s konzistentnou silou a chu\u0165ou.<\/p>\n<\/div>\n<\/div>\n<\/div>\n<\/div>\n<div class=\"z-0 flex min-h-[46px] justify-start\"><\/div>\n<div class=\"mt-3 w-full empty:hidden\">\n<div class=\"text-center\"><\/div>\n<\/div>\n<\/div>\n<\/div>\n<\/article>\n<\/div>\n<div class=\"pointer-events-none h-px w-px absolute bottom-0\" aria-hidden=\"true\" data-edge=\"true\"><\/div>\n<\/div>","protected":false},"excerpt":{"rendered":"<p>Hybrid s dominanciou Indica - 60% Indica \/ 40% Sativa THC: 18% - 25%, CBN: 1%<br \/>\nM\u00e1me tu ban\u00e1nov\u00fd hybrid dvoch legend\u00e1rnych kme\u0148ov: OG Kush of the West Coast a Skunk Haze.<\/p>\n<p>Marihuanov\u00fd kme\u0148 Banana Kush je hybrid s dominantn\u00fdm podielom Indica. Kush bol vytvoren\u00fd spolo\u010dnos\u0165ou Cali Kush. T\u00e1to marihuana m\u00e1 n\u00e1dhern\u00fa v\u00f4\u0148u lahodn\u00e9ho ban\u00e1novo-ku\u0161ov\u00e9ho kokteilu. Banana Kush m\u00e1 jasne zelen\u00e9, nad\u00fdchan\u00e9 p\u00fa\u010diky so \u017eltooran\u017eov\u00fdmi ch\u013apkami. Hr\u010dky s\u00fa pokryt\u00e9 bielymi kry\u0161t\u00e1likmi. V\u010faka svojej sile v\u00e1s konopn\u00fd kme\u0148 Banana Kush upokoj\u00ed od bolesti a v priebehu nieko\u013ek\u00fdch min\u00fat v\u00e1s ukol\u00ed\u0161e k sp\u00e1nku, najlep\u0161ie na no\u010dn\u00e9 u\u017e\u00edvanie. S THC na \u00farovni 18% by si za\u010diato\u010dn\u00edci mali d\u00e1va\u0165 pozor na d\u00e1vku.<\/p>","protected":false},"featured_media":4376,"comment_status":"open","ping_status":"closed","template":"","meta":{"_themeisle_gutenberg_block_has_review":false,"_ti_tpc_template_sync":false,"_ti_tpc_template_id":"","_joinchat":[]},"product_cat":[216],"product_tag":[],"class_list":{"0":"post-4360","1":"product","2":"type-product","3":"status-publish","4":"has-post-thumbnail","6":"product_cat-hybrid","8":"first","9":"instock","10":"shipping-taxable","11":"purchasable","12":"product-type-variable"},"yoast_head":"<!-- This site is optimized with the Yoast SEO plugin v22.7 - https:\/\/yoast.com\/wordpress\/plugins\/seo\/ -->\n<title>Weed to buy online uk | Buy banana kush online in Europe<\/title>\n<meta name=\"description\" content=\"Buy Banana Kush online for a flavorful hybrid strain known for its sweet tropical aroma and relaxing effects. Banana Kush for sale offers premium quality buds ideal for cannabis enthusiasts.\" \/>\n<meta name=\"robots\" content=\"index, follow, max-snippet:-1, max-image-preview:large, max-video-preview:-1\" \/>\n<link rel=\"canonical\" href=\"https:\/\/grassxpress.com\/sk\/produkt\/banana-kush\/\" \/>\n<meta property=\"og:locale\" content=\"sk_SK\" \/>\n<meta property=\"og:type\" content=\"article\" \/>\n<meta property=\"og:title\" content=\"Weed to buy online uk | Buy banana kush online in Europe\" \/>\n<meta property=\"og:description\" content=\"Buy Banana Kush online for a flavorful hybrid strain known for its sweet tropical aroma and relaxing effects. Banana Kush for sale offers premium quality buds ideal for cannabis enthusiasts.\" \/>\n<meta property=\"og:url\" content=\"https:\/\/grassxpress.com\/sk\/produkt\/banana-kush\/\" \/>\n<meta property=\"og:site_name\" content=\"GrassXpress\" \/>\n<meta property=\"article:modified_time\" content=\"2026-04-02T09:09:06+00:00\" \/>\n<meta property=\"og:image\" content=\"https:\/\/grassxpress.com\/wp-content\/uploads\/2022\/11\/Banana-kush.jpg\" \/>\n\t<meta property=\"og:image:width\" content=\"600\" \/>\n\t<meta property=\"og:image:height\" content=\"600\" \/>\n\t<meta property=\"og:image:type\" content=\"image\/jpeg\" \/>\n<meta name=\"twitter:card\" content=\"summary_large_image\" \/>\n<meta name=\"twitter:label1\" content=\"Predpokladan\u00fd \u010das \u010d\u00edtania\" \/>\n\t<meta name=\"twitter:data1\" content=\"3 min\u00faty\" \/>\n<!-- \/ Yoast SEO plugin. -->","yoast_head_json":{"title":"Weed to buy online uk | Buy banana kush online in Europe","description":"Buy Banana Kush online for a flavorful hybrid strain known for its sweet tropical aroma and relaxing effects. Banana Kush for sale offers premium quality buds ideal for cannabis enthusiasts.","robots":{"index":"index","follow":"follow","max-snippet":"max-snippet:-1","max-image-preview":"max-image-preview:large","max-video-preview":"max-video-preview:-1"},"canonical":"https:\/\/grassxpress.com\/sk\/produkt\/banana-kush\/","og_locale":"sk_SK","og_type":"article","og_title":"Weed to buy online uk | Buy banana kush online in Europe","og_description":"Buy Banana Kush online for a flavorful hybrid strain known for its sweet tropical aroma and relaxing effects. Banana Kush for sale offers premium quality buds ideal for cannabis enthusiasts.","og_url":"https:\/\/grassxpress.com\/sk\/produkt\/banana-kush\/","og_site_name":"GrassXpress","article_modified_time":"2026-04-02T09:09:06+00:00","og_image":[{"width":600,"height":600,"url":"https:\/\/grassxpress.com\/wp-content\/uploads\/2022\/11\/Banana-kush.jpg","type":"image\/jpeg"}],"twitter_card":"summary_large_image","twitter_misc":{"Predpokladan\u00fd \u010das \u010d\u00edtania":"3 min\u00faty"},"schema":{"@context":"https:\/\/schema.org","@graph":[{"@type":"WebPage","@id":"https:\/\/grassxpress.com\/product\/banana-kush\/","url":"https:\/\/grassxpress.com\/product\/banana-kush\/","name":"Weed to buy online uk | Buy banana kush online in Europe","isPartOf":{"@id":"https:\/\/grassxpress.com\/#website"},"primaryImageOfPage":{"@id":"https:\/\/grassxpress.com\/product\/banana-kush\/#primaryimage"},"image":{"@id":"https:\/\/grassxpress.com\/product\/banana-kush\/#primaryimage"},"thumbnailUrl":"https:\/\/grassxpress.com\/wp-content\/uploads\/2022\/11\/Banana-kush.jpg","datePublished":"2022-11-15T10:11:40+00:00","dateModified":"2026-04-02T09:09:06+00:00","description":"Buy Banana Kush online for a flavorful hybrid strain known for its sweet tropical aroma and relaxing effects. Banana Kush for sale offers premium quality buds ideal for cannabis enthusiasts.","breadcrumb":{"@id":"https:\/\/grassxpress.com\/product\/banana-kush\/#breadcrumb"},"inLanguage":"sk-SK","potentialAction":[{"@type":"ReadAction","target":["https:\/\/grassxpress.com\/product\/banana-kush\/"]}]},{"@type":"ImageObject","inLanguage":"sk-SK","@id":"https:\/\/grassxpress.com\/product\/banana-kush\/#primaryimage","url":"https:\/\/grassxpress.com\/wp-content\/uploads\/2022\/11\/Banana-kush.jpg","contentUrl":"https:\/\/grassxpress.com\/wp-content\/uploads\/2022\/11\/Banana-kush.jpg","width":600,"height":600,"caption":"Banana kush"},{"@type":"BreadcrumbList","@id":"https:\/\/grassxpress.com\/product\/banana-kush\/#breadcrumb","itemListElement":[{"@type":"ListItem","position":1,"name":"Home","item":"https:\/\/grassxpress.com\/"},{"@type":"ListItem","position":2,"name":"Mail Order Weed UK","item":"https:\/\/grassxpress.com\/mail-order-weed-uk\/"},{"@type":"ListItem","position":3,"name":"Buy Banana Kush Online UK"}]},{"@type":"WebSite","@id":"https:\/\/grassxpress.com\/#website","url":"https:\/\/grassxpress.com\/","name":"GrassXpress","description":"Buy Weed Online UK","publisher":{"@id":"https:\/\/grassxpress.com\/#organization"},"potentialAction":[{"@type":"SearchAction","target":{"@type":"EntryPoint","urlTemplate":"https:\/\/grassxpress.com\/?s={search_term_string}"},"query-input":"required name=search_term_string"}],"inLanguage":"sk-SK"},{"@type":"Organization","@id":"https:\/\/grassxpress.com\/#organization","name":"GrassXpress","url":"https:\/\/grassxpress.com\/","logo":{"@type":"ImageObject","inLanguage":"sk-SK","@id":"https:\/\/grassxpress.com\/#\/schema\/logo\/image\/","url":"https:\/\/grassxpress.com\/wp-content\/uploads\/2024\/01\/logo.png","contentUrl":"https:\/\/grassxpress.com\/wp-content\/uploads\/2024\/01\/logo.png","width":300,"height":100,"caption":"GrassXpress"},"image":{"@id":"https:\/\/grassxpress.com\/#\/schema\/logo\/image\/"}}]}},"_links":{"self":[{"href":"https:\/\/grassxpress.com\/sk\/wp-json\/wp\/v2\/product\/4360","targetHints":{"allow":["GET"]}}],"collection":[{"href":"https:\/\/grassxpress.com\/sk\/wp-json\/wp\/v2\/product"}],"about":[{"href":"https:\/\/grassxpress.com\/sk\/wp-json\/wp\/v2\/types\/product"}],"replies":[{"embeddable":true,"href":"https:\/\/grassxpress.com\/sk\/wp-json\/wp\/v2\/comments?post=4360"}],"wp:featuredmedia":[{"embeddable":true,"href":"https:\/\/grassxpress.com\/sk\/wp-json\/wp\/v2\/media\/4376"}],"wp:attachment":[{"href":"https:\/\/grassxpress.com\/sk\/wp-json\/wp\/v2\/media?parent=4360"}],"wp:term":[{"taxonomy":"product_cat","embeddable":true,"href":"https:\/\/grassxpress.com\/sk\/wp-json\/wp\/v2\/product_cat?post=4360"},{"taxonomy":"product_tag","embeddable":true,"href":"https:\/\/grassxpress.com\/sk\/wp-json\/wp\/v2\/product_tag?post=4360"}],"curies":[{"name":"wp","href":"https:\/\/api.w.org\/{rel}","templated":true}]}}