{"id":4305,"date":"2022-11-15T09:39:58","date_gmt":"2022-11-15T09:39:58","guid":{"rendered":"https:\/\/documentosespana.com\/diligent\/?post_type=product&#038;p=4305"},"modified":"2026-04-02T09:13:13","modified_gmt":"2026-04-02T09:13:13","slug":"master-kush","status":"publish","type":"product","link":"https:\/\/grassxpress.com\/sk\/produkt\/master-kush\/","title":{"rendered":"Master kush"},"content":{"rendered":"<h2><strong>Master Kush Weed Strain in UK| Master Kush for sale | buy master kush online<\/strong><\/h2>\n<p><span style=\"color: #000000;\"><a href=\"https:\/\/grassxpress.com\/sk\/produkt\/master-kush\/\">Buy Master Kush online in Uk<\/a> indica kr\u00ed\u017eenie z dvoch kme\u0148ov landrace z r\u00f4znych \u010dast\u00ed regi\u00f3nu Hindu Kush holandskou spolo\u010dnos\u0165ou White Label Seed Company v Amsterdame. Rastlina produkuje jemn\u00fa zemit\u00fa citrusov\u00fa v\u00f4\u0148u s n\u00e1dychom kadidla, ktor\u00e1 sa \u010dasto ozna\u010duje ako vintage chu\u0165. Chu\u0165 Master Kush pripom\u00edna zn\u00e1my natvrdo str\u00fahan\u00fd charas hash. Internetov\u00fd obchod s burinou vo Ve\u013ekej Brit\u00e1nii. <a href=\"https:\/\/grassxpress.com\/sk\/mail-order-weed-uk\/\">Viac na<\/a><\/span><\/p>\n<p><span style=\"color: #000000;\"><strong>N\u00e1zov kme\u0148a:<\/strong> Majster Kush je a<\/span><br \/>\n<span style=\"color: #000000;\"><strong>Type:<\/strong> Indica<\/span><br \/>\n<span style=\"color: #000000;\"><strong>Looks:<\/strong> Pokryt\u00e9 hust\u00fdmi jasne zelen\u00fdmi nugetami <a href=\"https:\/\/en.wikipedia.org\/wiki\/Special:Search?search=weed+online&amp;go=Go&amp;ns0=1\">in<\/a> oran\u017eov\u00e9 ch\u013apky a matn\u00e9 trichr\u00f3my, kam a\u017e oko dovid\u00ed<\/span><br \/>\n<span style=\"color: #000000;\"><strong>Smell:<\/strong> Piney &amp; Citrus Skunk<\/span><br \/>\n<span style=\"color: #000000;\"><strong>Taste:<\/strong> Komplexn\u00e1 chu\u0165 Kush s n\u00e1dychom citrusov a hladk\u00e1 pri v\u00fddychu<\/span><br \/>\n<span style=\"color: #000000;\"><strong>Effects:<\/strong> NARKOTICK\u00c1 Indica Dominance Ve\u013emi \u0165a\u017ek\u00e1 na o\u010dn\u00fdch vie\u010dkach c\u00edti\u0165 hne\u010f po v\u00fddychu niektor\u00e9 vlastnosti sativy, ALE hlavne c\u00edti\u0165 po celom tele<\/span><br \/>\n<span style=\"color: #000000;\"><strong>Potency:<\/strong> 10 NIE pre \u013eahk\u00fdch Pri d\u00e1vkovan\u00ed pou\u017e\u00edvajte diskr\u00e9tnos\u0165, inak sa pripravte na DLH\u00dd ZDROJ!!!<\/span><\/p>\n<h3><strong>\u00da\u010dinky a v\u00fdhody Master Kush<\/strong><\/h3>\n<p>Master Kush je zn\u00e1my svojimi hlboko relaxa\u010dn\u00fdmi a sedat\u00edvnymi vlastnos\u0165ami, v\u010faka \u010domu je ide\u00e1lny pre:<br \/>\n\u2013\u00a0\u00da\u013eava od stresu a \u00fazkosti\u00a0\u2013 Upokojuje myse\u013e a podporuje relax\u00e1ciu.<br \/>\n\u2013\u00a0Tlmenie bolesti\u00a0\u2013 \u00da\u010dinn\u00e9 pri chronickej bolesti, svalov\u00fdch k\u0155\u010doch a z\u00e1paloch.<br \/>\n\u2013 \u00da\u013eava od nespavosti \u2013 Pom\u00e1ha pou\u017e\u00edvate\u013eom r\u00fdchlej\u0161ie zaspa\u0165 a u\u017ei\u0165 si hlb\u0161\u00ed odpo\u010dinok.<br \/>\n\u2013 Stimul\u00e1cia chuti do jedla \u2013 Skvel\u00e9 pre t\u00fdch, ktor\u00ed trpia nevo\u013enos\u0165ou alebo nedostatkom hladu.<\/p>\n<p>\u00da\u010dinok za\u010d\u00edna jemn\u00fdm povznesen\u00edm mozgu a potom prech\u00e1dza do celotelovej relax\u00e1cie, v\u010faka \u010domu je ide\u00e1lny na ve\u010dern\u00e9 alebo no\u010dn\u00e9 pou\u017eitie.<\/p>\n<h3>\u00da\u010dinky odrody konope Master Kush<\/h3>\n<p>When you smoke this <a href=\"https:\/\/grassxpress.com\/sk\/produkt\/severne-svetla\/\">kanabis<\/a>, you may experience the typical side effects of dry mouth and eyes. Higher dosages or eating Master Kush as an edible can also cause anxiety, paranoia, and dizziness in certain patients.<\/p>\n<p>Hlavn\u00fdm \u00fa\u010delom tejto odrody je zmierni\u0165 \u00fazkos\u0165 a stres. Siln\u00e9 \u00fa\u010dinky zalo\u017een\u00e9 na indike s\u00fa ide\u00e1lne na uvo\u013enenie ve\u010der. Pokia\u013e ide o lie\u010dbu nespavosti, Master Kush je ve\u013emi \u00faspe\u0161n\u00fd. Chronick\u00fa boles\u0165 mo\u017eno zvl\u00e1dnu\u0165 jeho telesno znecitlivuj\u00facim \u00fa\u010dinkom. Siln\u00e9, charakteristick\u00e9 \u201em\u00e4knutie\u201c tejto odrody m\u00f4\u017ee tie\u017e pom\u00f4c\u0165 \u013eu\u010fom s poruchami pr\u00edjmu potravy, ako je bul\u00edmia a anorexia, zv\u00fd\u0161i\u0165 chu\u0165 do jedla. <a href=\"https:\/\/grassxpress.com\/sk\/\">Grassxpress<\/a><\/p>\n<h3>Pre\u010do nakupova\u0165 Master Kush od n\u00e1s online?<\/h3>\n<p>When you purchase the <a href=\"https:\/\/en.wikipedia.org\/wiki\/Kush_(cannabis)\">Master Kush strain online in uk<\/a>, you receive:<br \/>\nVynikaj\u00faca kvalita; \u00fa\u010dinnos\u0165 a \u010distota overen\u00e9 v laborat\u00f3riu.<\/p>\n<p>R\u00fdchle a skryt\u00e9 doru\u010denie; bezpe\u010dn\u00e9 balenie bez etikiet.<br \/>\nKonkuren\u010dn\u00e9 ceny: Ve\u013ekoobchodn\u00e9 objedn\u00e1vky za rozumn\u00e9 ceny.<br \/>\nSpo\u013eahliv\u00e1 doprava do USA, Kanady, Eur\u00f3py a \u010fal\u0161\u00edch kraj\u00edn; spo\u013eahliv\u00fd servis. <a href=\"https:\/\/grassxpress.com\/sk\/produkt\/master-kush\/\">Pick yours up<\/a><\/p>\n<p>&nbsp;<\/p>","protected":false},"excerpt":{"rendered":"<p>NARCOTIC Indica Dominance Very Heavy on the eyelids felt immediately upon exhalation some sativa attributes BUT mainly a felt throughout the body.\u00a0This strain holds a superb balance of full-body relaxation without mind-numbing effects. Instead,\u00a0Master Kush offers a sharpened sensory awareness that can bring out the<\/p>","protected":false},"featured_media":4330,"comment_status":"open","ping_status":"closed","template":"","meta":{"_themeisle_gutenberg_block_has_review":false,"_ti_tpc_template_sync":false,"_ti_tpc_template_id":"","_joinchat":[]},"product_cat":[128],"product_tag":[137,138,139,140,141,142,143,144,145,33,146,147,148,149,150,151,152,153,154,155,156,157,158,159,160,161,162,163,164,165,166,167,168,169,170,171,172,173,174,175,176,177,178,179,180,181,182],"class_list":{"0":"post-4305","1":"product","2":"type-product","3":"status-publish","4":"has-post-thumbnail","6":"product_cat-indica","7":"product_tag-best-marijuana-strains-for-pains","8":"product_tag-best-online-dispensary","9":"product_tag-buy-cheap-master-kush","10":"product_tag-buy-marijuana-online","11":"product_tag-buy-master-kush","12":"product_tag-buy-master-kush-in-usa","13":"product_tag-buy-master-kush-online","14":"product_tag-buy-master-kush-strains","15":"product_tag-delivery-master-kush","16":"product_tag-indica-strains","17":"product_tag-kush-masters-colorado","18":"product_tag-marijuana-medical-strains","19":"product_tag-master-kush","20":"product_tag-master-kush-420","21":"product_tag-master-kush-buds-for-sale","22":"product_tag-master-kush-cartridge","23":"product_tag-master-kush-for-sale-colorado","24":"product_tag-master-kush-for-sale-in-canada-without-mmi-card","25":"product_tag-master-kush-for-sale-in-usa","26":"product_tag-master-kush-leafly","27":"product_tag-master-kush-mail-order","28":"product_tag-master-kush-marijuana-for-sale-without-mmi-card","29":"product_tag-master-kush-marijuana-online","30":"product_tag-master-kush-marijuana-seeds","31":"product_tag-master-kush-marijuana-strain","32":"product_tag-master-kush-overnight-delivery","33":"product_tag-master-kush-overnight-shipping","34":"product_tag-master-kush-seeds","35":"product_tag-master-kush-seeds-for-sale","36":"product_tag-master-kush-strain","37":"product_tag-master-kush-strains","38":"product_tag-master-kush-strains-worldwide-delivery","39":"product_tag-master-kush-vape","40":"product_tag-master-kush-vape-cartridge","41":"product_tag-master-kush-weed","42":"product_tag-master-kush-weed-strain","43":"product_tag-medical-cannabis","44":"product_tag-medical-cannabis-delivery","45":"product_tag-medical-master-kush","46":"product_tag-medical-master-kush-strains","47":"product_tag-order-master-kush","48":"product_tag-order-master-kush-marijuana","49":"product_tag-order-master-kush-online","50":"product_tag-quality-master-kush","51":"product_tag-ship-master-kush-strains","52":"product_tag-top-shelf-master-kush-online","53":"product_tag-top-shelf-master-kush-strain","55":"first","56":"instock","57":"shipping-taxable","58":"purchasable","59":"product-type-variable"},"yoast_head":"<!-- This site is optimized with the Yoast SEO plugin v22.7 - https:\/\/yoast.com\/wordpress\/plugins\/seo\/ -->\n<title>Buy Master Kush Online in UK | Master Kush Strain for Sale<\/title>\n<meta name=\"description\" content=\"Buy Master Kush online uk and discover a classic indica strain recognized for its earthy aroma and calming qualities. Master Kush for sale with rich kush genetics and a smooth, relaxing profile.\" \/>\n<meta name=\"robots\" content=\"index, follow, max-snippet:-1, max-image-preview:large, max-video-preview:-1\" \/>\n<link rel=\"canonical\" href=\"https:\/\/grassxpress.com\/sk\/produkt\/master-kush\/\" \/>\n<meta property=\"og:locale\" content=\"sk_SK\" \/>\n<meta property=\"og:type\" content=\"article\" \/>\n<meta property=\"og:title\" content=\"Buy Master Kush Online in UK | Master Kush Strain for Sale\" \/>\n<meta property=\"og:description\" content=\"Buy Master Kush online uk and discover a classic indica strain recognized for its earthy aroma and calming qualities. Master Kush for sale with rich kush genetics and a smooth, relaxing profile.\" \/>\n<meta property=\"og:url\" content=\"https:\/\/grassxpress.com\/sk\/produkt\/master-kush\/\" \/>\n<meta property=\"og:site_name\" content=\"GrassXpress\" \/>\n<meta property=\"article:modified_time\" content=\"2026-04-02T09:13:13+00:00\" \/>\n<meta property=\"og:image\" content=\"https:\/\/grassxpress.com\/wp-content\/uploads\/2022\/11\/Master-kush.jpg\" \/>\n\t<meta property=\"og:image:width\" content=\"600\" \/>\n\t<meta property=\"og:image:height\" content=\"600\" \/>\n\t<meta property=\"og:image:type\" content=\"image\/jpeg\" \/>\n<meta name=\"twitter:card\" content=\"summary_large_image\" \/>\n<meta name=\"twitter:label1\" content=\"Predpokladan\u00fd \u010das \u010d\u00edtania\" \/>\n\t<meta name=\"twitter:data1\" content=\"3 min\u00faty\" \/>\n<!-- \/ Yoast SEO plugin. -->","yoast_head_json":{"title":"Buy Master Kush Online in UK | Master Kush Strain for Sale","description":"Buy Master Kush online uk and discover a classic indica strain recognized for its earthy aroma and calming qualities. Master Kush for sale with rich kush genetics and a smooth, relaxing profile.","robots":{"index":"index","follow":"follow","max-snippet":"max-snippet:-1","max-image-preview":"max-image-preview:large","max-video-preview":"max-video-preview:-1"},"canonical":"https:\/\/grassxpress.com\/sk\/produkt\/master-kush\/","og_locale":"sk_SK","og_type":"article","og_title":"Buy Master Kush Online in UK | Master Kush Strain for Sale","og_description":"Buy Master Kush online uk and discover a classic indica strain recognized for its earthy aroma and calming qualities. Master Kush for sale with rich kush genetics and a smooth, relaxing profile.","og_url":"https:\/\/grassxpress.com\/sk\/produkt\/master-kush\/","og_site_name":"GrassXpress","article_modified_time":"2026-04-02T09:13:13+00:00","og_image":[{"width":600,"height":600,"url":"https:\/\/grassxpress.com\/wp-content\/uploads\/2022\/11\/Master-kush.jpg","type":"image\/jpeg"}],"twitter_card":"summary_large_image","twitter_misc":{"Predpokladan\u00fd \u010das \u010d\u00edtania":"3 min\u00faty"},"schema":{"@context":"https:\/\/schema.org","@graph":[{"@type":"WebPage","@id":"https:\/\/grassxpress.com\/product\/master-kush\/","url":"https:\/\/grassxpress.com\/product\/master-kush\/","name":"Buy Master Kush Online in UK | Master Kush Strain for Sale","isPartOf":{"@id":"https:\/\/grassxpress.com\/#website"},"primaryImageOfPage":{"@id":"https:\/\/grassxpress.com\/product\/master-kush\/#primaryimage"},"image":{"@id":"https:\/\/grassxpress.com\/product\/master-kush\/#primaryimage"},"thumbnailUrl":"https:\/\/grassxpress.com\/wp-content\/uploads\/2022\/11\/Master-kush.jpg","datePublished":"2022-11-15T09:39:58+00:00","dateModified":"2026-04-02T09:13:13+00:00","description":"Buy Master Kush online uk and discover a classic indica strain recognized for its earthy aroma and calming qualities. Master Kush for sale with rich kush genetics and a smooth, relaxing profile.","breadcrumb":{"@id":"https:\/\/grassxpress.com\/product\/master-kush\/#breadcrumb"},"inLanguage":"sk-SK","potentialAction":[{"@type":"ReadAction","target":["https:\/\/grassxpress.com\/product\/master-kush\/"]}]},{"@type":"ImageObject","inLanguage":"sk-SK","@id":"https:\/\/grassxpress.com\/product\/master-kush\/#primaryimage","url":"https:\/\/grassxpress.com\/wp-content\/uploads\/2022\/11\/Master-kush.jpg","contentUrl":"https:\/\/grassxpress.com\/wp-content\/uploads\/2022\/11\/Master-kush.jpg","width":600,"height":600,"caption":"Master kush"},{"@type":"BreadcrumbList","@id":"https:\/\/grassxpress.com\/product\/master-kush\/#breadcrumb","itemListElement":[{"@type":"ListItem","position":1,"name":"Home","item":"https:\/\/grassxpress.com\/"},{"@type":"ListItem","position":2,"name":"Mail Order Weed UK","item":"https:\/\/grassxpress.com\/mail-order-weed-uk\/"},{"@type":"ListItem","position":3,"name":"Master kush"}]},{"@type":"WebSite","@id":"https:\/\/grassxpress.com\/#website","url":"https:\/\/grassxpress.com\/","name":"GrassXpress","description":"Buy Weed Online UK","publisher":{"@id":"https:\/\/grassxpress.com\/#organization"},"potentialAction":[{"@type":"SearchAction","target":{"@type":"EntryPoint","urlTemplate":"https:\/\/grassxpress.com\/?s={search_term_string}"},"query-input":"required name=search_term_string"}],"inLanguage":"sk-SK"},{"@type":"Organization","@id":"https:\/\/grassxpress.com\/#organization","name":"GrassXpress","url":"https:\/\/grassxpress.com\/","logo":{"@type":"ImageObject","inLanguage":"sk-SK","@id":"https:\/\/grassxpress.com\/#\/schema\/logo\/image\/","url":"https:\/\/grassxpress.com\/wp-content\/uploads\/2024\/01\/logo.png","contentUrl":"https:\/\/grassxpress.com\/wp-content\/uploads\/2024\/01\/logo.png","width":300,"height":100,"caption":"GrassXpress"},"image":{"@id":"https:\/\/grassxpress.com\/#\/schema\/logo\/image\/"}}]}},"_links":{"self":[{"href":"https:\/\/grassxpress.com\/sk\/wp-json\/wp\/v2\/product\/4305","targetHints":{"allow":["GET"]}}],"collection":[{"href":"https:\/\/grassxpress.com\/sk\/wp-json\/wp\/v2\/product"}],"about":[{"href":"https:\/\/grassxpress.com\/sk\/wp-json\/wp\/v2\/types\/product"}],"replies":[{"embeddable":true,"href":"https:\/\/grassxpress.com\/sk\/wp-json\/wp\/v2\/comments?post=4305"}],"wp:featuredmedia":[{"embeddable":true,"href":"https:\/\/grassxpress.com\/sk\/wp-json\/wp\/v2\/media\/4330"}],"wp:attachment":[{"href":"https:\/\/grassxpress.com\/sk\/wp-json\/wp\/v2\/media?parent=4305"}],"wp:term":[{"taxonomy":"product_cat","embeddable":true,"href":"https:\/\/grassxpress.com\/sk\/wp-json\/wp\/v2\/product_cat?post=4305"},{"taxonomy":"product_tag","embeddable":true,"href":"https:\/\/grassxpress.com\/sk\/wp-json\/wp\/v2\/product_tag?post=4305"}],"curies":[{"name":"wp","href":"https:\/\/api.w.org\/{rel}","templated":true}]}}