{"id":61,"date":"2020-01-23T18:21:52","date_gmt":"2020-01-23T18:21:52","guid":{"rendered":"https:\/\/demosites.io\/web-agency-gb\/?page_id=61"},"modified":"2023-01-06T07:07:00","modified_gmt":"2023-01-06T07:07:00","slug":"can-i-order-weed-online","status":"publish","type":"page","link":"https:\/\/grassxpress.com\/sk\/can-i-order-weed-online\/","title":{"rendered":"O n\u00e1s"},"content":{"rendered":"<h1 style=\"text-align: justify;\">legit weed plugs online slovensky<\/h1>\n<p style=\"text-align: justify;\">M\u00f4\u017eem si objedna\u0165 tr\u00e1vu online, GrassXpress je online v\u00fddaj\u0148a tr\u00e1vy, kde sa d\u00e1 k\u00fapi\u0165 tr\u00e1va online po slovensky bez toho, aby ste zabzu\u010dali \u010do i len centimeter od v\u00e1\u0161ho miesta. Mo\u017eno sa \u010dudujete, preto\u017ee bl\u00edzko m\u0148a je ve\u013ea predajcov buriny vo Ve\u013ekej Brit\u00e1nii. M\u00e1me najschopnej\u0161iu lek\u00e1re\u0148, ktor\u00e1 v\u00e1m pon\u00faka mo\u017enos\u0165 k\u00fapi\u0165 si produkty najvy\u0161\u0161ej kvality.<\/p>\n<p style=\"text-align: justify;\">M\u00f4\u017eete si k\u00fapi\u0165 kanabis online bez toho, aby ste sa stretli s ak\u00fdmko\u013evek probl\u00e9mom, ktor\u00fd by lie\u010dil pacientovu chorobu a uspokojoval rekrea\u010dn\u00fa t\u00fa\u017ebu. Nemus\u00edte opusti\u0165 svoj dom, aby ste si k\u00fapili odrody marihuany online, preto\u017ee svoju objedn\u00e1vku m\u00f4\u017eete splni\u0165 bu\u010f prostredn\u00edctvom smartf\u00f3nov, po\u010d\u00edta\u010dov alebo notebookov a nav\u0161t\u00edvi\u0165 virtu\u00e1lny obchod s hashmi.<\/p>\n<p style=\"text-align: justify;\">M\u00e1me ve\u013ek\u00fa zbierku v\u0161etk\u00fdch odr\u00f4d vysokokvalitnej buriny s r\u00f4znymi cenami pre ka\u017ed\u00fa odrodu. M\u00f4\u017eete si ich k\u00fapi\u0165 na z\u00e1klade svojich z\u00e1ujmov a preferenci\u00ed. Ka\u017ed\u00fa va\u0161u objedn\u00e1vku starostlivo zabal\u00edme a v atrakt\u00edvnom balen\u00ed doru\u010d\u00edme a\u017e domov. Prijat\u00fd bal\u00edk bude bez z\u00e1pachu a bude spracovan\u00fd v stanovenom \u010dasovom r\u00e1mci. Za posledn\u00fdch nieko\u013eko rokov sme sa etablovali ako popredn\u00e1 spolo\u010dnos\u0165 pre vo\u013en\u00fd \u010das a z\u00e1kazn\u00edci vlo\u017eili d\u00f4veru do na\u0161ich slu\u017eieb. Stali sme sa jednou z najr\u00fdchlej\u0161ie rast\u00facich kanabisov\u00fdch firiem v d\u00f4sledku n\u00e1\u0161ho vytrval\u00e9ho pr\u00edstupu a predv\u00eddavosti. Poskytujeme pr\u00e9miov\u00e9 doru\u010dovacie slu\u017eby v mnoh\u00fdch krajin\u00e1ch po celom svete vr\u00e1tane Spojen\u00e9ho kr\u00e1\u013eovstva, Holandska, Gr\u00e9cka, Franc\u00fazska, \u0160vaj\u010diarska, Talianska a mnoh\u00fdch \u010fal\u0161\u00edch. Ak h\u013ead\u00e1te online obchod s kanabisom v mojej bl\u00edzkosti, m\u00f4\u017eete n\u00e1m posla\u0165 svoju po\u017eiadavku.<\/p>\n<p style=\"text-align: justify;\">Sme si ist\u00ed na\u0161imi slu\u017ebami, preto\u017ee t\u00ed, ktor\u00ed nakupuj\u00fa konope na predaj z n\u00e1\u0161ho internetov\u00e9ho obchodu, sa k n\u00e1m znova a znova vracaj\u00fa. Sme jednou z najlep\u0161\u00edch spolo\u010dnost\u00ed na v\u00fdrobu hrncov na svete s odborn\u00edkmi na marihuanu a vy\u0161kolen\u00fdmi pracovn\u00edkmi, ktor\u00ed starostlivo kontroluj\u00fa ka\u017ed\u00fa polo\u017eku predt\u00fdm, ako ju odo\u0161le k va\u0161im dver\u00e1m. Pon\u00fakame bezpe\u010dn\u00fd sp\u00f4sob platby a v\u0161etky produkty bud\u00fa pre v\u00e1s v prijate\u013enom cenovom rozsahu.<\/p>\n<p style=\"text-align: justify;\">Z internetov\u00e9ho obchodu si m\u00f4\u017eete objedna\u0165 burinu z Ve\u013ekej Brit\u00e1nie ako AK-47, Banana Kush, Blue Dream, Blueberry Kush, Harlequin, Gelato 47, Girls Scout Cookies, Jack Ripper, Lemon Haze, Mango Kush, Master Kush.<\/p>\n<h2 style=\"text-align: justify;\">M\u00f4\u017eem si objedna\u0165 tr\u00e1vu online<\/h2>\n<p style=\"text-align: justify;\">Boli sme podr\u00e1\u017eden\u00ed t\u00fdm, ak\u00e9 \u0165a\u017ek\u00e9 m\u00f4\u017ee by\u0165 sk\u00fama\u0165 pestovanie kanabisu a dost\u00e1va\u0165 pravdiv\u00e9 odpovede na z\u00e1kladn\u00e9 pestovate\u013esk\u00e9 ot\u00e1zky po rokoch prehliadania najv\u00fdznamnej\u0161\u00edch str\u00e1nok s pestovan\u00edm kanabisu. GrassXpress tie\u017e veril, \u017ee je potrebn\u00fd u\u017e\u00edvate\u013esky pr\u00edjemnej\u0161\u00ed sp\u00f4sob vzdel\u00e1vania \u013eud\u00ed o raste. C\u00edtili sme, \u017ee je \u010das vytvori\u0165 webov\u00fa str\u00e1nku, ktor\u00e1 uk\u00e1\u017ee, ak\u00e9 jednoduch\u00e9 je vyr\u00e1ba\u0165 kanabis v interi\u00e9ri takmer s ak\u00fdmko\u013evek rozpo\u010dtom. Cie\u013eom GrassXpress bolo vytvori\u0165 zdroj, ktor\u00fd nevy\u017eadoval prihl\u00e1senie alebo \u00fa\u010det, ale namiesto toho jednoducho poskytoval \u013eahko dostupn\u00e9 roz\u0161iruj\u00face znalosti pre cel\u00fa plan\u00e9tu. Sky bud shop Store vznikol ako v\u00fdsledok tohto! Je mo\u017en\u00e9 k\u00fapi\u0165 marihuanu online?<\/p>\n<p style=\"text-align: justify;\">GrassXpress dod\u00e1va rovnak\u00fd kanabisov\u00fd tovar, ak\u00fd n\u00e1jdete vo va\u0161ej miestnej v\u00fddajni marihuany, do v\u00e1\u0161ho domu v Eur\u00f3pe a na celom svete. \u013dudia so zdravotn\u00fdmi probl\u00e9mami dost\u00e1vaj\u00fa od GrassXpress z\u013eavy, ako aj n\u00edzke n\u00e1klady pre opakovan\u00fdch klientov. Prezrite si na\u0161u str\u00e1nku, kde n\u00e1jdete svoje ob\u013e\u00faben\u00e9 THC poch\u00fa\u0165ky a objednajte si ju pomocou n\u00e1\u0161ho online alebo vytla\u010dite\u013en\u00e9ho objedn\u00e1vkov\u00e9ho formul\u00e1ra. Va\u0161a prav\u00e1 z\u00e1sielkov\u00e1 marihuana bude odoslan\u00e1 v ten ist\u00fd de\u0148, ke\u010f dostaneme platbu, a m\u00f4\u017eete si by\u0165 ist\u00ed, \u017ee doru\u010denie bude diskr\u00e9tne a bezpe\u010dn\u00e9. \u00c1no, s priamou po\u0161tovou objedn\u00e1vkou a r\u00fdchlym doru\u010den\u00edm domov si m\u00f4\u017eete k\u00fapi\u0165 skuto\u010dn\u00fa marihuanu online...<\/p>\n<p style=\"text-align: justify;\">Ak si chcete k\u00fapi\u0165 marihuanu vo forme p\u00fa\u010dikov, hash, su\u0161ienky, su\u0161ienky, tinkt\u00fary alebo maslo, prekro\u010d\u00edme va\u0161e o\u010dak\u00e1vania s na\u0161\u00edm \u00fa\u017easn\u00fdm v\u00fdberom a kvalitou potravin\u00e1rskych v\u00fdrobkov, ktor\u00e9 s\u00fa pe\u010den\u00e9 z t\u00fdch najlep\u0161\u00edch ingredienci\u00ed a s\u00fa nastaven\u00e9 za cenu, ktor\u00fa si m\u00f4\u017eete dovoli\u0165. N\u00e1\u0161 \u0161\u00e9fkuch\u00e1r je profesion\u00e1lny kuch\u00e1r a na\u0161i pestovatelia pestuj\u00fa t\u00fa najlep\u0161iu burinu, ktor\u00e1 v\u00e1s zaru\u010dene prin\u00fati vraca\u0165 sa k nej. Na predaj m\u00e1me len t\u00fa najlep\u0161iu marihuanu, ktor\u00e1 obsahuje skuto\u010dn\u00e9 THC vo v\u0161etk\u00fdch na\u0161ich produktoch.<\/p>\n<p style=\"text-align: justify;\"><strong>garancia najni\u017e\u0161ej ceny<\/strong><\/p>\n<p style=\"text-align: justify;\">H\u013ead\u00e1te najlep\u0161iu online v\u00fddaj\u0148u marihuany, kde cena odr\u00e1\u017ea kvalitu v\u00e1\u0161ho produktu? Potom ste nemohli n\u00e1js\u0165 lep\u0161ie miesto. V Get Kush poskytujeme na\u0161im z\u00e1kazn\u00edkom najni\u017e\u0161ie ceny kvetov marihuany.<\/p>\n<p style=\"text-align: justify;\">V\u0161etky kmene s\u00fa pr\u00e9miov\u00e9.<\/p>\n<p style=\"text-align: justify;\"><strong>doprava zdarma<\/strong><\/p>\n<p style=\"text-align: justify;\">V\u0161etky objedn\u00e1vky nad 250 eur maj\u00fa dopravu zadarmo. Svoju marihuanu objednan\u00fa po\u0161tou si m\u00f4\u017eete vychutna\u0165 s vedom\u00edm, \u017ee ste si pr\u00e1ve objednali svoje ob\u013e\u00faben\u00e9 odrody v pohodl\u00ed domova. Ke\u010f dostaneme objedn\u00e1vku, po\u0161leme v\u00e1m ju prostredn\u00edctvom DHL, UPS, EMS a \u010fal\u0161\u00edch, \u010d\u00edm zabezpe\u010d\u00edme r\u00fdchle a bezpe\u010dn\u00e9 doru\u010denie so 100% konzistenciou.<\/p>\n<p style=\"text-align: justify;\"><strong>bezpe\u010dn\u00fd<\/strong><\/p>\n<p style=\"text-align: justify;\">Burina st\u00e1le vyvol\u00e1va medzi niektor\u00fdmi \u013eu\u010fmi kontroverziu. Rozumieme tomu, a preto zachov\u00e1vame diskr\u00e9tnos\u0165 pri preprave. Va\u0161e produkty bud\u00fa zabalen\u00e9 tak, aby vyzerali ako be\u017en\u00e1 po\u0161tov\u00e1 objedn\u00e1vka, s nezistite\u013en\u00fdm doru\u010den\u00edm a bezpe\u010dn\u00fdm \u0161ifrovan\u00edm \u00fadajov o transakci\u00e1ch.<\/p>","protected":false},"excerpt":{"rendered":"<p>legit weed plugs online UK Can i order weed online, GrassXpress is an online weed dispensary where one can buy weed online UK, without buzzing an inch from your place. You might be wondering as there are many weed dealers near me uk. We have the most proficient pharmacy store that offers you the chance<\/p>\n<div class=\"more-link\">\n             <a href=\"https:\/\/grassxpress.com\/sk\/can-i-order-weed-online\/\" class=\"link-btn\"><span>Continue Reading <\/span><i class=\"icofont-thin-double-right\"><\/i><\/a>\n        <\/div>","protected":false},"author":1,"featured_media":0,"parent":0,"menu_order":0,"comment_status":"closed","ping_status":"closed","template":"","meta":{"_themeisle_gutenberg_block_has_review":false,"_ti_tpc_template_sync":false,"_ti_tpc_template_id":"0qhau2t6eoekosrgo1a2","_joinchat":[],"footnotes":""},"class_list":["post-61","page","type-page","status-publish","hentry"],"yoast_head":"<!-- This site is optimized with the Yoast SEO plugin v22.7 - https:\/\/yoast.com\/wordpress\/plugins\/seo\/ -->\n<title>Can i order weed online | legit weed plugs online uk | cannabis online uk<\/title>\n<meta name=\"description\" content=\"Can i order weed online. Online Dispensary in Europa for Mail Order Marijuana. Shop for Edibles, Concentrates, Sativa&#039;s, Indica&#039;s &amp; Hybrids.\" \/>\n<meta name=\"robots\" content=\"index, follow, max-snippet:-1, max-image-preview:large, max-video-preview:-1\" \/>\n<link rel=\"canonical\" href=\"https:\/\/grassxpress.com\/sk\/pot-comand-on-line-ieriana\/\" \/>\n<meta property=\"og:locale\" content=\"sk_SK\" \/>\n<meta property=\"og:type\" content=\"article\" \/>\n<meta property=\"og:title\" content=\"Can i order weed online | legit weed plugs online uk | cannabis online uk\" \/>\n<meta property=\"og:description\" content=\"Can i order weed online. Online Dispensary in Europa for Mail Order Marijuana. Shop for Edibles, Concentrates, Sativa&#039;s, Indica&#039;s &amp; Hybrids.\" \/>\n<meta property=\"og:url\" content=\"https:\/\/grassxpress.com\/sk\/pot-comand-on-line-ieriana\/\" \/>\n<meta property=\"og:site_name\" content=\"GrassXpress\" \/>\n<meta property=\"article:modified_time\" content=\"2023-01-06T07:07:00+00:00\" \/>\n<meta name=\"twitter:card\" content=\"summary_large_image\" \/>\n<meta name=\"twitter:label1\" content=\"Predpokladan\u00fd \u010das \u010d\u00edtania\" \/>\n\t<meta name=\"twitter:data1\" content=\"4 min\u00faty\" \/>\n<!-- \/ Yoast SEO plugin. -->","yoast_head_json":{"title":"Can i order weed online | legit weed plugs online uk | cannabis online uk","description":"Can i order weed online. Online Dispensary in Europa for Mail Order Marijuana. Shop for Edibles, Concentrates, Sativa's, Indica's & Hybrids.","robots":{"index":"index","follow":"follow","max-snippet":"max-snippet:-1","max-image-preview":"max-image-preview:large","max-video-preview":"max-video-preview:-1"},"canonical":"https:\/\/grassxpress.com\/sk\/pot-comand-on-line-ieriana\/","og_locale":"sk_SK","og_type":"article","og_title":"Can i order weed online | legit weed plugs online uk | cannabis online uk","og_description":"Can i order weed online. Online Dispensary in Europa for Mail Order Marijuana. Shop for Edibles, Concentrates, Sativa's, Indica's & Hybrids.","og_url":"https:\/\/grassxpress.com\/sk\/pot-comand-on-line-ieriana\/","og_site_name":"GrassXpress","article_modified_time":"2023-01-06T07:07:00+00:00","twitter_card":"summary_large_image","twitter_misc":{"Predpokladan\u00fd \u010das \u010d\u00edtania":"4 min\u00faty"},"schema":{"@context":"https:\/\/schema.org","@graph":[{"@type":"WebPage","@id":"https:\/\/grassxpress.com\/ro\/pot-comand-on-line-ieriana\/","url":"https:\/\/grassxpress.com\/ro\/pot-comand-on-line-ieriana\/","name":"Can i order weed online | legit weed plugs online uk | cannabis online uk","isPartOf":{"@id":"https:\/\/grassxpress.com\/#website"},"datePublished":"2020-01-23T18:21:52+00:00","dateModified":"2023-01-06T07:07:00+00:00","description":"Can i order weed online. Online Dispensary in Europa for Mail Order Marijuana. Shop for Edibles, Concentrates, Sativa's, Indica's & Hybrids.","breadcrumb":{"@id":"https:\/\/grassxpress.com\/ro\/pot-comand-on-line-ieriana\/#breadcrumb"},"inLanguage":"sk-SK","potentialAction":[{"@type":"ReadAction","target":["https:\/\/grassxpress.com\/ro\/pot-comand-on-line-ieriana\/"]}]},{"@type":"BreadcrumbList","@id":"https:\/\/grassxpress.com\/ro\/pot-comand-on-line-ieriana\/#breadcrumb","itemListElement":[{"@type":"ListItem","position":1,"name":"Home","item":"https:\/\/grassxpress.com\/"},{"@type":"ListItem","position":2,"name":"About us"}]},{"@type":"WebSite","@id":"https:\/\/grassxpress.com\/#website","url":"https:\/\/grassxpress.com\/","name":"GrassXpress","description":"Buy Weed Online UK","publisher":{"@id":"https:\/\/grassxpress.com\/#organization"},"potentialAction":[{"@type":"SearchAction","target":{"@type":"EntryPoint","urlTemplate":"https:\/\/grassxpress.com\/?s={search_term_string}"},"query-input":"required name=search_term_string"}],"inLanguage":"sk-SK"},{"@type":"Organization","@id":"https:\/\/grassxpress.com\/#organization","name":"GrassXpress","url":"https:\/\/grassxpress.com\/","logo":{"@type":"ImageObject","inLanguage":"sk-SK","@id":"https:\/\/grassxpress.com\/#\/schema\/logo\/image\/","url":"https:\/\/grassxpress.com\/wp-content\/uploads\/2024\/01\/logo.png","contentUrl":"https:\/\/grassxpress.com\/wp-content\/uploads\/2024\/01\/logo.png","width":300,"height":100,"caption":"GrassXpress"},"image":{"@id":"https:\/\/grassxpress.com\/#\/schema\/logo\/image\/"}}]}},"_links":{"self":[{"href":"https:\/\/grassxpress.com\/sk\/wp-json\/wp\/v2\/pages\/61","targetHints":{"allow":["GET"]}}],"collection":[{"href":"https:\/\/grassxpress.com\/sk\/wp-json\/wp\/v2\/pages"}],"about":[{"href":"https:\/\/grassxpress.com\/sk\/wp-json\/wp\/v2\/types\/page"}],"author":[{"embeddable":true,"href":"https:\/\/grassxpress.com\/sk\/wp-json\/wp\/v2\/users\/1"}],"replies":[{"embeddable":true,"href":"https:\/\/grassxpress.com\/sk\/wp-json\/wp\/v2\/comments?post=61"}],"version-history":[{"count":1,"href":"https:\/\/grassxpress.com\/sk\/wp-json\/wp\/v2\/pages\/61\/revisions"}],"predecessor-version":[{"id":4659,"href":"https:\/\/grassxpress.com\/sk\/wp-json\/wp\/v2\/pages\/61\/revisions\/4659"}],"wp:attachment":[{"href":"https:\/\/grassxpress.com\/sk\/wp-json\/wp\/v2\/media?parent=61"}],"curies":[{"name":"wp","href":"https:\/\/api.w.org\/{rel}","templated":true}]}}