{"id":3626,"date":"2020-08-01T21:48:00","date_gmt":"2020-08-01T21:48:00","guid":{"rendered":"https:\/\/diligentplug.com\/?page_id=3626"},"modified":"2020-08-01T21:48:00","modified_gmt":"2020-08-01T21:48:00","slug":"payment","status":"publish","type":"page","link":"https:\/\/grassxpress.com\/sk\/platba\/","title":{"rendered":"Platba"},"content":{"rendered":"<div id=\"wp-block-themeisle-blocks-advanced-columns-4816b07b\" class=\"wp-block-themeisle-blocks-advanced-columns has-1-columns has-desktop-equal-layout has-tablet-equal-layout has-mobile-equal-layout has-default-gap has-vertical-unset\">\n<div class=\"wp-block-themeisle-blocks-advanced-columns-overlay\">\u00a0<\/div>\n<div class=\"innerblocks-wrap\">\n<div id=\"wp-block-themeisle-blocks-advanced-column-45d84051\" class=\"wp-block-themeisle-blocks-advanced-column\">\n<h2 class=\"wp-block-heading\">Dar\u010dekov\u00e9 karty Amazon<\/h2>\n\n\n\n<p>Umiestnite svoje <a href=\"https:\/\/grassxpress.com\/sk\/store\/\">objedn\u00e1vka<\/a>, vyberte sp\u00f4sob platby (dar\u010dekov\u00e9 karty Amazon), z\u00edskajte dar\u010dekov\u00fa kartu a po\u0161lite fotografiu k\u00f3du na adresu<\/p>\n<div class=\"item--inner builder-item--custom_html\" data-section=\"custom_html\" data-item-id=\"custom_html\">\n<div class=\"nv-html-content\">\n<p>sales@grassxpress.com. Mus\u00edte n\u00e1js\u0165 obchod, ktor\u00fd pred\u00e1va\u00a0dar\u010dekov\u00e9 pouk\u00e1\u017eky. Ni\u017e\u0161ie s\u00fa uveden\u00e9 niektor\u00e9 obchody, ale s\u00fa k dispoz\u00edcii aj \u010fal\u0161ie obchody. M\u00f4\u017eete si k\u00fapi\u0165 eVoucher Amazon Gift Card z ich aplik\u00e1cie alebo webovej str\u00e1nky, ktor\u00e1 je <a href=\"https:\/\/www.amazon.co.uk\/Amazon-Gift-Voucher-Greeting-Card-Birthday-Christmas-Top-Up\/b?ie=UTF8&amp;node=1571304031\">www.amazon.co.uk<\/a><\/p>\n<\/div>\n<\/div>\n\n\n\n<div id=\"wp-block-themeisle-blocks-advanced-columns-7d316a24\" class=\"wp-block-themeisle-blocks-advanced-columns has-2-columns has-desktop-equal-layout has-tablet-equal-layout has-mobile-collapsedRows-layout has-default-gap has-vertical-unset\">\n<div class=\"wp-block-themeisle-blocks-advanced-columns-overlay\">\u00a0<\/div>\n<div class=\"innerblocks-wrap\">\n<div id=\"wp-block-themeisle-blocks-advanced-column-7b8ddc67\" class=\"wp-block-themeisle-blocks-advanced-column\">\n<figure class=\"wp-block-image size-large\"><img fetchpriority=\"high\" decoding=\"async\" class=\"alignnone wp-image-3627\" src=\"https:\/\/grassxpress.com\/wp-content\/uploads\/2020\/08\/buy-weed-with-amazon-gift-card.jpg\" alt=\"Dar\u010dekov\u00e9 karty Amazon\" width=\"600\" height=\"450\" \/><\/figure>\n<\/div>\n\n\n\n<div id=\"wp-block-themeisle-blocks-advanced-column-16202479\" class=\"wp-block-themeisle-blocks-advanced-column\">\n<figure class=\"wp-block-image size-large\"><img decoding=\"async\" class=\"wp-image-3628\" src=\"https:\/\/grassxpress.com\/wp-content\/uploads\/2020\/08\/buy-weed-online-with-amzon-egift-online.jpg\" alt=\"\" \/><\/figure>\n<\/div>\n<\/div>\n<\/div>\n\n\n\n<p>Ke\u010f dostanete dar\u010dekov\u00fa kartu Amazon, po\u0161kriabete strieborn\u00fa \u010das\u0165 za kartou. K\u00f3d n\u00e1roku na dar\u010dekov\u00fa kartu m\u00e1 14 alebo 15 znakov a zvy\u010dajne obsahuje p\u00edsmen\u00e1 aj \u010d\u00edsla (napr\u00edklad AS25-NJZ1JX-CZCP5). Ak m\u00e1te plastov\u00fa dar\u010dekov\u00fa kartu, mo\u017eno budete musie\u0165 jemne po\u0161kriaba\u0165 alebo odl\u00fapnu\u0165 ochrann\u00fa vrstvu na zadnej strane karty, aby ste odhalili reklama\u010dn\u00fd k\u00f3d. Odfo\u0165te kartu aj \u00fa\u010dtenku a po\u0161lite n\u00e1m ju e-mailom. M\u00f4\u017eete posla\u0165 prostredn\u00edctvom na\u0161ej e-mailovej adresy, ktor\u00e1 je (sales@grassxpress.com)<\/p>\n<\/div>\n<\/div>\n<\/div>\n\n\n\n<h2 class=\"wp-block-heading\">Bitcoiny<\/h2>\n\n\n\n<p>&nbsp;<\/p>","protected":false},"excerpt":{"rendered":"<p>Bitcoiny &nbsp;<\/p>","protected":false},"author":1,"featured_media":0,"parent":0,"menu_order":0,"comment_status":"closed","ping_status":"closed","template":"","meta":{"_themeisle_gutenberg_block_has_review":false,"_ti_tpc_template_sync":false,"_ti_tpc_template_id":"","_joinchat":[],"footnotes":""},"class_list":["post-3626","page","type-page","status-publish","hentry"],"yoast_head":"<!-- This site is optimized with the Yoast SEO plugin v22.7 - https:\/\/yoast.com\/wordpress\/plugins\/seo\/ -->\n<title>Payment | By Amazon Gift Cards Or Bitcoins - GrassXpress<\/title>\n<meta name=\"description\" content=\"Place your order, select a Payment method(Amazon gift cards), scratch card it out and send photo of the code tosales@grassxpress.com.\" \/>\n<meta name=\"robots\" content=\"index, follow, max-snippet:-1, max-image-preview:large, max-video-preview:-1\" \/>\n<link rel=\"canonical\" href=\"https:\/\/grassxpress.com\/sk\/pagamento\/\" \/>\n<meta property=\"og:locale\" content=\"sk_SK\" \/>\n<meta property=\"og:type\" content=\"article\" \/>\n<meta property=\"og:title\" content=\"Payment | By Amazon Gift Cards Or Bitcoins - GrassXpress\" \/>\n<meta property=\"og:description\" content=\"Place your order, select a Payment method(Amazon gift cards), scratch card it out and send photo of the code tosales@grassxpress.com.\" \/>\n<meta property=\"og:url\" content=\"https:\/\/grassxpress.com\/sk\/pagamento\/\" \/>\n<meta property=\"og:site_name\" content=\"GrassXpress\" \/>\n<meta property=\"og:image\" content=\"https:\/\/grassxpress.com\/wp-content\/uploads\/2020\/08\/buy-weed-with-amazon-gift-card.jpg\" \/>\n<meta name=\"twitter:card\" content=\"summary_large_image\" \/>\n<meta name=\"twitter:label1\" content=\"Predpokladan\u00fd \u010das \u010d\u00edtania\" \/>\n\t<meta name=\"twitter:data1\" content=\"1 min\u00fata\" \/>\n<!-- \/ Yoast SEO plugin. -->","yoast_head_json":{"title":"Payment | By Amazon Gift Cards Or Bitcoins - GrassXpress","description":"Place your order, select a Payment method(Amazon gift cards), scratch card it out and send photo of the code tosales@grassxpress.com.","robots":{"index":"index","follow":"follow","max-snippet":"max-snippet:-1","max-image-preview":"max-image-preview:large","max-video-preview":"max-video-preview:-1"},"canonical":"https:\/\/grassxpress.com\/sk\/pagamento\/","og_locale":"sk_SK","og_type":"article","og_title":"Payment | By Amazon Gift Cards Or Bitcoins - GrassXpress","og_description":"Place your order, select a Payment method(Amazon gift cards), scratch card it out and send photo of the code tosales@grassxpress.com.","og_url":"https:\/\/grassxpress.com\/sk\/pagamento\/","og_site_name":"GrassXpress","og_image":[{"url":"https:\/\/grassxpress.com\/wp-content\/uploads\/2020\/08\/buy-weed-with-amazon-gift-card.jpg"}],"twitter_card":"summary_large_image","twitter_misc":{"Predpokladan\u00fd \u010das \u010d\u00edtania":"1 min\u00fata"},"schema":{"@context":"https:\/\/schema.org","@graph":[{"@type":"WebPage","@id":"https:\/\/grassxpress.com\/it\/pagamento\/","url":"https:\/\/grassxpress.com\/it\/pagamento\/","name":"Payment | By Amazon Gift Cards Or Bitcoins - GrassXpress","isPartOf":{"@id":"https:\/\/grassxpress.com\/#website"},"primaryImageOfPage":{"@id":"https:\/\/grassxpress.com\/it\/pagamento\/#primaryimage"},"image":{"@id":"https:\/\/grassxpress.com\/it\/pagamento\/#primaryimage"},"thumbnailUrl":"https:\/\/grassxpress.com\/wp-content\/uploads\/2020\/08\/buy-weed-with-amazon-gift-card.jpg","datePublished":"2020-08-01T21:48:00+00:00","dateModified":"2020-08-01T21:48:00+00:00","description":"Place your order, select a Payment method(Amazon gift cards), scratch card it out and send photo of the code tosales@grassxpress.com.","breadcrumb":{"@id":"https:\/\/grassxpress.com\/it\/pagamento\/#breadcrumb"},"inLanguage":"sk-SK","potentialAction":[{"@type":"ReadAction","target":["https:\/\/grassxpress.com\/it\/pagamento\/"]}]},{"@type":"ImageObject","inLanguage":"sk-SK","@id":"https:\/\/grassxpress.com\/it\/pagamento\/#primaryimage","url":"https:\/\/grassxpress.com\/wp-content\/uploads\/2020\/08\/buy-weed-with-amazon-gift-card.jpg","contentUrl":"https:\/\/grassxpress.com\/wp-content\/uploads\/2020\/08\/buy-weed-with-amazon-gift-card.jpg"},{"@type":"BreadcrumbList","@id":"https:\/\/grassxpress.com\/it\/pagamento\/#breadcrumb","itemListElement":[{"@type":"ListItem","position":1,"name":"Home","item":"https:\/\/grassxpress.com\/"},{"@type":"ListItem","position":2,"name":"Payment"}]},{"@type":"WebSite","@id":"https:\/\/grassxpress.com\/#website","url":"https:\/\/grassxpress.com\/","name":"GrassXpress","description":"Buy Weed Online UK","publisher":{"@id":"https:\/\/grassxpress.com\/#organization"},"potentialAction":[{"@type":"SearchAction","target":{"@type":"EntryPoint","urlTemplate":"https:\/\/grassxpress.com\/?s={search_term_string}"},"query-input":"required name=search_term_string"}],"inLanguage":"sk-SK"},{"@type":"Organization","@id":"https:\/\/grassxpress.com\/#organization","name":"GrassXpress","url":"https:\/\/grassxpress.com\/","logo":{"@type":"ImageObject","inLanguage":"sk-SK","@id":"https:\/\/grassxpress.com\/#\/schema\/logo\/image\/","url":"https:\/\/grassxpress.com\/wp-content\/uploads\/2024\/01\/logo.png","contentUrl":"https:\/\/grassxpress.com\/wp-content\/uploads\/2024\/01\/logo.png","width":300,"height":100,"caption":"GrassXpress"},"image":{"@id":"https:\/\/grassxpress.com\/#\/schema\/logo\/image\/"}}]}},"_links":{"self":[{"href":"https:\/\/grassxpress.com\/sk\/wp-json\/wp\/v2\/pages\/3626","targetHints":{"allow":["GET"]}}],"collection":[{"href":"https:\/\/grassxpress.com\/sk\/wp-json\/wp\/v2\/pages"}],"about":[{"href":"https:\/\/grassxpress.com\/sk\/wp-json\/wp\/v2\/types\/page"}],"author":[{"embeddable":true,"href":"https:\/\/grassxpress.com\/sk\/wp-json\/wp\/v2\/users\/1"}],"replies":[{"embeddable":true,"href":"https:\/\/grassxpress.com\/sk\/wp-json\/wp\/v2\/comments?post=3626"}],"version-history":[{"count":0,"href":"https:\/\/grassxpress.com\/sk\/wp-json\/wp\/v2\/pages\/3626\/revisions"}],"wp:attachment":[{"href":"https:\/\/grassxpress.com\/sk\/wp-json\/wp\/v2\/media?parent=3626"}],"curies":[{"name":"wp","href":"https:\/\/api.w.org\/{rel}","templated":true}]}}