{"id":3603,"date":"2020-08-01T14:39:21","date_gmt":"2020-08-01T14:39:21","guid":{"rendered":"https:\/\/diligentplug.com\/?page_id=3603"},"modified":"2020-08-01T14:39:21","modified_gmt":"2020-08-01T14:39:21","slug":"shipping","status":"publish","type":"page","link":"https:\/\/grassxpress.com\/sk\/preprava\/","title":{"rendered":"Doprava"},"content":{"rendered":"<div id=\"wp-block-themeisle-blocks-advanced-columns-49060903\" class=\"wp-block-themeisle-blocks-advanced-columns has-1-columns has-desktop-equal-layout has-tablet-equal-layout has-mobile-equal-layout has-default-gap has-vertical-unset\">\n<div class=\"wp-block-themeisle-blocks-advanced-columns-overlay\"><strong>Kedy dostanem svoju objedn\u00e1vku?<\/strong><\/div>\n<div class=\"innerblocks-wrap\">\n<div id=\"wp-block-themeisle-blocks-advanced-column-af2d631f\" class=\"wp-block-themeisle-blocks-advanced-column\">\n\n\n<p>S\u00eddlime v Holandsku (Eur\u00f3pa). Doru\u010denie trv\u00e1 1 a\u017e 3 pracovn\u00e9 dni. Priemer je 2 dni. Zadr\u017eania na colnici m\u00f4\u017eu sp\u00f4sobi\u0165 zdr\u017eanie. Ale ke\u010f\u017ee na\u0161e produkty tak dobre ukr\u00fdvame, colnica po kontrole prepust\u00ed bal\u00edk.<\/p>\n\n\n\n<p><strong>Ako je moja objedn\u00e1vka zabalen\u00e1?<\/strong><\/p>\n\n\n\n<p>Va\u0161a objedn\u00e1vka bude zabalen\u00e1 v pevnej polstrovanej ob\u00e1lke. Na vonkaj\u0161ej ani vn\u00fatornej strane nie s\u00fa uveden\u00e9 \u017eiadne odkazy na marihuanu alebo pr\u00edbuzn\u00e9 produkty marihuany. Pou\u017e\u00edvame r\u00f4zne adresy odosielate\u013eov a nepou\u017e\u00edvame zna\u010dkov\u00e9 obaly. V ob\u00e1lke n\u00e1jdete polo\u017eku, ktor\u00e1 obsahuje va\u0161u objedn\u00e1vku.<\/p>\n\n\n\n<p><strong>Ako je zaru\u010den\u00e1 preprava?<\/strong><\/p>\n\n\n\n<p>Ak va\u0161a objedn\u00e1vka nepr\u00edde alebo bude zabaven\u00e1, va\u0161u objedn\u00e1vku f\u00e9rovo odo\u0161leme znova. Zadarmo! M\u00e1me nasleduj\u00face podmienky op\u00e4tovn\u00e9ho odoslania. Bezplatn\u00e1 op\u00e4tovn\u00e1 doprava sa uskuto\u010dn\u00ed po 5 pracovn\u00fdch d\u0148och. V\u00e4\u010d\u0161ina bal\u00edkov doraz\u00ed do 1 t\u00fd\u017ed\u0148a a tie, ktor\u00e9 nie, bud\u00fa doru\u010den\u00e9 v nasleduj\u00facom t\u00fd\u017edni. Medzin\u00e1rodn\u00e1 po\u0161ta a coln\u00e9 \u00farady m\u00f4\u017eu ma\u0165 r\u00f4zne oneskorenia, a preto \u010dakacia lehota.<\/p>\n\n\n\n<p>Ak ste zadali nespr\u00e1vnu adresu (ako keby ste zabudli \u010d\u00edslo bytu), nem\u00f4\u017eeme bezplatne preposla\u0165. Adresa je vytla\u010den\u00e1 PRESNE tak, ako ju zad\u00e1vate, z na\u0161ej strany nie s\u00fa \u017eiadne manu\u00e1lne akcie (pokia\u013e n\u00e1s o to nepo\u017eiadate). Nenech\u00e1vame v\u00e1s v\u0161ak st\u00e1\u0165 v chlade, preto ako kompenz\u00e1ciu z\u00edskate k\u00f3d na 50% z\u013eavu na va\u0161u \u010fal\u0161iu objedn\u00e1vku. M\u00f4\u017eete uvies\u0165 alternat\u00edvnu adresu pre 2. z\u00e1sielku. Pou\u017eijeme aj in\u00fa stealth met\u00f3du.<\/p>\n\n\n\n<p><strong>Do ktor\u00fdch kraj\u00edn posielate z\u00e1sielky?<\/strong><\/p>\n\n\n\n<p><a href=\"https:\/\/grassxpress.com\/sk\/objednavka-burina-online-slovenska\/\">My<\/a> zasielame do cel\u00e9ho sveta do v\u0161etk\u00fdch kraj\u00edn, z ktor\u00fdch prij\u00edmame objedn\u00e1vky. Bohu\u017eia\u013e nem\u00f4\u017eeme zaru\u010di\u0165 doru\u010denie vo v\u0161etk\u00fdch z nich, preto\u017ee miestne doru\u010denie nie je v niektor\u00fdch krajin\u00e1ch dostato\u010dne spo\u013eahliv\u00e9.<\/p>\n\n\n\n<p>Pre ostatn\u00e9 krajiny: doru\u010denie je zaru\u010den\u00e9! Ak teda b\u00fdvate napr\u00edklad na slovenskom resp <a href=\"https:\/\/en.wikipedia.org\/wiki\/Australia\">Austr\u00e1lia<\/a>, doru\u010denie v\u00e1\u0161ho bal\u00edka je nami garantovan\u00e9.<\/p>\n<\/div>\n<!-- \/wp:post-content --><\/div>\n<\/div>\n<!-- \/wp:themeisle-blocks\/advanced-columns -->","protected":false},"excerpt":{"rendered":"<p>We are based in the Netherlands (Europe). Shipping\u00a0takes between 1 and 3 business days. The average is 2 days. Holdups at customs can cause a delay. But, since we hide our products so well, customs will let the package through after inspection. How is my order packaged? Your order will be packed in a sturdy,<\/p>\n<div class=\"more-link\">\n             <a href=\"https:\/\/grassxpress.com\/sk\/preprava\/\" class=\"link-btn\"><span>Continue Reading <\/span><i class=\"icofont-thin-double-right\"><\/i><\/a>\n        <\/div>","protected":false},"author":1,"featured_media":0,"parent":0,"menu_order":0,"comment_status":"closed","ping_status":"closed","template":"","meta":{"_themeisle_gutenberg_block_has_review":false,"_ti_tpc_template_sync":false,"_ti_tpc_template_id":"","_joinchat":[],"footnotes":""},"class_list":["post-3603","page","type-page","status-publish","hentry"],"yoast_head":"<!-- This site is optimized with the Yoast SEO plugin v22.7 - https:\/\/yoast.com\/wordpress\/plugins\/seo\/ -->\n<title>Shipping | Delivery Is Guaranteed - GrassXpress<\/title>\n<meta name=\"description\" content=\"We are based in the Netherlands. Shipping\u00a0takes between 1 and 3 business days. The average is 2 days. Holdups at customs can cause a delay.\" \/>\n<meta name=\"robots\" content=\"index, follow, max-snippet:-1, max-image-preview:large, max-video-preview:-1\" \/>\n<link rel=\"canonical\" href=\"https:\/\/grassxpress.com\/sk\/wysylka\/\" \/>\n<meta property=\"og:locale\" content=\"sk_SK\" \/>\n<meta property=\"og:type\" content=\"article\" \/>\n<meta property=\"og:title\" content=\"Shipping | Delivery Is Guaranteed - GrassXpress\" \/>\n<meta property=\"og:description\" content=\"We are based in the Netherlands. Shipping\u00a0takes between 1 and 3 business days. The average is 2 days. Holdups at customs can cause a delay.\" \/>\n<meta property=\"og:url\" content=\"https:\/\/grassxpress.com\/sk\/wysylka\/\" \/>\n<meta property=\"og:site_name\" content=\"GrassXpress\" \/>\n<meta name=\"twitter:card\" content=\"summary_large_image\" \/>\n<meta name=\"twitter:label1\" content=\"Predpokladan\u00fd \u010das \u010d\u00edtania\" \/>\n\t<meta name=\"twitter:data1\" content=\"2 min\u00faty\" \/>\n<!-- \/ Yoast SEO plugin. -->","yoast_head_json":{"title":"Shipping | Delivery Is Guaranteed - GrassXpress","description":"We are based in the Netherlands. Shipping\u00a0takes between 1 and 3 business days. The average is 2 days. Holdups at customs can cause a delay.","robots":{"index":"index","follow":"follow","max-snippet":"max-snippet:-1","max-image-preview":"max-image-preview:large","max-video-preview":"max-video-preview:-1"},"canonical":"https:\/\/grassxpress.com\/sk\/wysylka\/","og_locale":"sk_SK","og_type":"article","og_title":"Shipping | Delivery Is Guaranteed - GrassXpress","og_description":"We are based in the Netherlands. Shipping\u00a0takes between 1 and 3 business days. The average is 2 days. Holdups at customs can cause a delay.","og_url":"https:\/\/grassxpress.com\/sk\/wysylka\/","og_site_name":"GrassXpress","twitter_card":"summary_large_image","twitter_misc":{"Predpokladan\u00fd \u010das \u010d\u00edtania":"2 min\u00faty"},"schema":{"@context":"https:\/\/schema.org","@graph":[{"@type":"WebPage","@id":"https:\/\/grassxpress.com\/pl\/wysylka\/","url":"https:\/\/grassxpress.com\/pl\/wysylka\/","name":"Shipping | Delivery Is Guaranteed - GrassXpress","isPartOf":{"@id":"https:\/\/grassxpress.com\/#website"},"datePublished":"2020-08-01T14:39:21+00:00","dateModified":"2020-08-01T14:39:21+00:00","description":"We are based in the Netherlands. Shipping\u00a0takes between 1 and 3 business days. The average is 2 days. Holdups at customs can cause a delay.","breadcrumb":{"@id":"https:\/\/grassxpress.com\/pl\/wysylka\/#breadcrumb"},"inLanguage":"sk-SK","potentialAction":[{"@type":"ReadAction","target":["https:\/\/grassxpress.com\/pl\/wysylka\/"]}]},{"@type":"BreadcrumbList","@id":"https:\/\/grassxpress.com\/pl\/wysylka\/#breadcrumb","itemListElement":[{"@type":"ListItem","position":1,"name":"Home","item":"https:\/\/grassxpress.com\/"},{"@type":"ListItem","position":2,"name":"Shipping"}]},{"@type":"WebSite","@id":"https:\/\/grassxpress.com\/#website","url":"https:\/\/grassxpress.com\/","name":"GrassXpress","description":"Buy Weed Online UK","publisher":{"@id":"https:\/\/grassxpress.com\/#organization"},"potentialAction":[{"@type":"SearchAction","target":{"@type":"EntryPoint","urlTemplate":"https:\/\/grassxpress.com\/?s={search_term_string}"},"query-input":"required name=search_term_string"}],"inLanguage":"sk-SK"},{"@type":"Organization","@id":"https:\/\/grassxpress.com\/#organization","name":"GrassXpress","url":"https:\/\/grassxpress.com\/","logo":{"@type":"ImageObject","inLanguage":"sk-SK","@id":"https:\/\/grassxpress.com\/#\/schema\/logo\/image\/","url":"https:\/\/grassxpress.com\/wp-content\/uploads\/2024\/01\/logo.png","contentUrl":"https:\/\/grassxpress.com\/wp-content\/uploads\/2024\/01\/logo.png","width":300,"height":100,"caption":"GrassXpress"},"image":{"@id":"https:\/\/grassxpress.com\/#\/schema\/logo\/image\/"}}]}},"_links":{"self":[{"href":"https:\/\/grassxpress.com\/sk\/wp-json\/wp\/v2\/pages\/3603","targetHints":{"allow":["GET"]}}],"collection":[{"href":"https:\/\/grassxpress.com\/sk\/wp-json\/wp\/v2\/pages"}],"about":[{"href":"https:\/\/grassxpress.com\/sk\/wp-json\/wp\/v2\/types\/page"}],"author":[{"embeddable":true,"href":"https:\/\/grassxpress.com\/sk\/wp-json\/wp\/v2\/users\/1"}],"replies":[{"embeddable":true,"href":"https:\/\/grassxpress.com\/sk\/wp-json\/wp\/v2\/comments?post=3603"}],"version-history":[{"count":0,"href":"https:\/\/grassxpress.com\/sk\/wp-json\/wp\/v2\/pages\/3603\/revisions"}],"wp:attachment":[{"href":"https:\/\/grassxpress.com\/sk\/wp-json\/wp\/v2\/media?parent=3603"}],"curies":[{"name":"wp","href":"https:\/\/api.w.org\/{rel}","templated":true}]}}