{"id":3298,"date":"2020-02-18T05:09:07","date_gmt":"2020-02-18T05:09:07","guid":{"rendered":"https:\/\/diligentplug.com\/?page_id=3298"},"modified":"2020-02-18T05:09:07","modified_gmt":"2020-02-18T05:09:07","slug":"faqs","status":"publish","type":"page","link":"https:\/\/grassxpress.com\/sk\/otazky\/","title":{"rendered":"\u010dasto kladen\u00e9 ot\u00e1zky"},"content":{"rendered":"<div id=\"main-content\">\n<article id=\"post-2333\" class=\"post-2333 page type-page status-publish hentry\">\n<div class=\"entry-content\">\n<div id=\"et-boc\" class=\"et-boc\">\n<div class=\"et-l et-l--post\">\n<div class=\"et_builder_inner_content et_pb_gutters3\">\n<div class=\"et_pb_section et_pb_section_1 et_section_regular\">\n<div class=\"et_pb_row et_pb_row_2\">\n<div class=\"et_pb_column et_pb_column_4_4 et_pb_column_2 et_pb_css_mix_blend_mode_passthrough et-last-child\">\n<div class=\"et_pb_module et_pb_text et_pb_text_2 et_pb_text_align_center et_pb_bg_layout_light\">\n<div class=\"et_pb_text_inner\">\n<h2>Kde si m\u00f4\u017eem k\u00fapi\u0165 tr\u00e1vu online?<\/h2>\n<p>Toto je k\u013e\u00fa\u010dov\u00e9 slovo, ktor\u00e9 sa vo v\u00fdsledkoch vyh\u013ead\u00e1vania objav\u00ed pribli\u017ene 18 150-kr\u00e1t ka\u017ed\u00fdch 30 dn\u00ed a<br \/>\npova\u017eovan\u00e1 za jednu z naj\u010dastej\u0161\u00edch ot\u00e1zok kladen\u00fdch online.Tu je va\u0161a odpove\u010f, ke\u010f ste videli, ak\u00e9 \u0165a\u017ek\u00e9 to bolo<br \/>\nn\u00e1kup tr\u00e1vy online, tak\u017ee n\u00e1\u0161 t\u00edm sa rozhodol spoji\u0165 a prinies\u0165 v\u0161etky potrebn\u00e9 faktory a teraz si m\u00f4\u017eete objedna\u0165 alebo k\u00fapi\u0165 tr\u00e1vu online od n\u00e1s len v troch jednoduch\u00fdch krokoch, tak\u017ee v\u00e1m radi odpovieme na va\u0161u ot\u00e1zku slovami \"\u00c1NO\", m\u00f4\u017eete si k\u00fapi\u0165 tr\u00e1vu online z weed-crew.net a dosta\u0165 ju doru\u010den\u00fa len za okamih.<\/p>\n<\/div>\n<\/div>\n<\/div>\n<\/div>\n<div class=\"et_pb_row et_pb_row_3\">\n<div class=\"et_pb_column et_pb_column_4_4 et_pb_column_3 et_pb_css_mix_blend_mode_passthrough et-last-child\">\n<div class=\"et_pb_module et_pb_text et_pb_text_3 et_pb_text_align_center et_pb_bg_layout_light\">\n<div class=\"et_pb_text_inner\">\n<h3>Za ako dlho bude moja objedn\u00e1vka odoslan\u00e1?<\/h3>\n<p>Rob\u00edme v\u0161etko pre to, aby sme sa uistili, \u017ee v\u0161etky pachy bud\u00fa odoslan\u00e9 v ten ist\u00fd de\u0148, akon\u00e1hle bude objedn\u00e1vka prijat\u00e1 a platba potvrden\u00e1, prist\u00fapime k baleniu a po dokon\u010den\u00ed balenia budeme pokra\u010dova\u0165 v odosielan\u00ed, po ktorom v\u00e1m bude poskytnut\u00e9 \u010d\u00edslo na sledovanie bal\u00edka, aby ste mohli sledova\u0165 bal\u00edk po\u010das prepravy, k\u00fdm sa k v\u00e1m dostane. Z\u00e1sielky zasielame pomocou <a href=\"https:\/\/en.wikipedia.org\/wiki\/United_States_Postal_Service\">USPS<\/a>, UPS, FEDEX alebo Marble Logistics.<\/p>\n<\/div>\n<\/div>\n<\/div>\n<\/div>\n<div class=\"et_pb_row et_pb_row_4\">\n<div class=\"et_pb_column et_pb_column_4_4 et_pb_column_4 et_pb_css_mix_blend_mode_passthrough et-last-child\">\n<div class=\"et_pb_module et_pb_text et_pb_text_4 et_pb_text_align_center et_pb_bg_layout_light\">\n<div class=\"et_pb_text_inner\">\n<h3>Za ako dlho dostanem svoj bal\u00edk?<\/h3>\n<p>V\u0161etky bal\u00edky sa odosielaj\u00fa v ten ist\u00fd de\u0148 (24 hod\u00edn) od prijatia objedn\u00e1vky, av\u0161ak to, ako dlho trv\u00e1, k\u00fdm sa k v\u00e1m bal\u00edk dostane, z\u00e1vis\u00ed v\u00fdlu\u010dne od dvoch faktorov.<br \/>\n- Prv\u00fdm faktorom je typ z\u00e1sielky, pri\u010dom pod typom z\u00e1sielky rozumieme to, \u010di v\u00e1m bol bal\u00edk zaslan\u00fd ako oby\u010dajn\u00fd bal\u00edk, alebo ako z\u00e1sielka s doru\u010den\u00edm v ten ist\u00fd de\u0148, alebo ako prioritn\u00e1 z\u00e1sielka. Ak je v\u00e1\u0161 bal\u00edk zaevidovan\u00fd ako oby\u010dajn\u00e1 z\u00e1sielka, bude trva\u0165 a\u017e dva dni (948 hod\u00edn), k\u00fdm sa k v\u00e1m dostane, zatia\u013e \u010do ak bol odoslan\u00fd na doru\u010denie v ten ist\u00fd de\u0148 alebo prioritnou po\u0161tou, dostane sa k v\u00e1m do 24 hod\u00edn.<br \/>\n- Po druh\u00e9, ako dlho trv\u00e1, k\u00fdm sa k v\u00e1m bal\u00edk dostane, z\u00e1vis\u00ed od miesta ur\u010denia bal\u00edka, pri\u010dom miestom ur\u010denia bal\u00edka sa mysl\u00ed to, \u010di sa va\u0161a adresa doru\u010denia nach\u00e1dza v USA alebo v Eur\u00f3pe. V\u0161etky bal\u00edky odoslan\u00e9 na miesta ur\u010denia v USA sa doru\u010dia maxim\u00e1lne do 48 hod\u00edn, zatia\u013e \u010do bal\u00edky v Eur\u00f3pe sa doru\u010duj\u00fa sk\u00f4r do troch dn\u00ed (72 hod\u00edn).<\/p>\n<\/div>\n<\/div>\n<\/div>\n<\/div>\n<div class=\"et_pb_row et_pb_row_5\">\n<div class=\"et_pb_column et_pb_column_4_4 et_pb_column_5 et_pb_css_mix_blend_mode_passthrough et-last-child\">\n<div class=\"et_pb_module et_pb_text et_pb_text_5 et_pb_text_align_center et_pb_bg_layout_light\">\n<div class=\"et_pb_text_inner\">\n<h3>Existuj\u00fa nejak\u00e9 z\u013eavy na objedn\u00e1vky ?<\/h3>\n<p>Rovnako ako ka\u017ed\u00fd obchod s objedn\u00e1vkami, aj n\u00e1\u0161 pon\u00faka z\u013eavu na hromadn\u00e9 objedn\u00e1vky a na v\u0161etky objedn\u00e1vky uskuto\u010dnen\u00e9 s typmi platieb, ako s\u00fa Bitcoiny. V\u0161etky objedn\u00e1vky nad $800 dostan\u00fa z\u013eavu 25% wile objedn\u00e1vky platen\u00e9 prostredn\u00edctvom Bitcoins dostan\u00fa z\u013eavu 20%. Podporujeme hromadn\u00e9 objedn\u00e1vky, preto\u017ee k nim patria aj semen\u00e1 zadarmo. PRE\u010c\u00cdTAJTE SI VIAC o semienkach zdarma z na\u0161ej str\u00e1nky o pravidl\u00e1ch podpory fariem.<\/p>\n<\/div>\n<\/div>\n<\/div>\n<\/div>\n<div class=\"et_pb_row et_pb_row_6\">\n<div class=\"et_pb_column et_pb_column_4_4 et_pb_column_6 et_pb_css_mix_blend_mode_passthrough et-last-child\">\n<div class=\"et_pb_module et_pb_text et_pb_text_6 et_pb_text_align_center et_pb_bg_layout_light\">\n<div class=\"et_pb_text_inner\">\n<h3>Je bezpe\u010dn\u00e9 kupova\u0165 tr\u00e1vu online ?<\/h3>\n<p>N\u00e1kup tr\u00e1vy online m\u00f4\u017ee by\u0165 niekedy zlo\u017eit\u00fd a riskantn\u00fd, ak sa neobr\u00e1tite na spr\u00e1vne osoby, av\u0161ak my ho rob\u00edme \u010do najbezpe\u010dnej\u0161\u00edm t\u00fdm, \u017ee zv\u00e1\u017eime nieko\u013eko faktorov uveden\u00fdch ni\u017e\u0161ie<br \/>\n- Je to lek\u00e1rska marihuana ? n\u00e1kup tr\u00e1vy online m\u00f4\u017ee by\u0165 zlo\u017eit\u00fd, preto\u017ee s najv\u00e4\u010d\u0161ou pravdepodobnos\u0165ou dostanete len ochutn\u00e1vku produktu<br \/>\npotom, \u010do ste za \u0148u u\u017e museli zaplati\u0165, tak\u017ee sa mus\u00edte uisti\u0165, \u017ee to, za \u010do plat\u00edte, je lek\u00e1rska marihuana a\/alebo laborat\u00f3rne testovan\u00e1 na obsah THC a CBD.<br \/>\n- Bude dobre zabalen\u00fd, aby som sa nedostal do probl\u00e9mov ?<br \/>\nMus\u00edte sa uisti\u0165, \u017ee va\u0161a objedn\u00e1vka bude dobre zape\u010daten\u00e1, aby bola zaisten\u00e1 bezpe\u010dnos\u0165 v ruk\u00e1ch kuri\u00e9ra, ak<br \/>\nbal\u00edk nie je dobre zape\u010daten\u00fd, potom nie je mo\u017en\u00e9 zaru\u010di\u0165 bezpe\u010dn\u00e9 odoslanie prostredn\u00edctvom USPS, UPS alebo inej kuri\u00e9rskej slu\u017eby, a preto si nem\u00f4\u017eete by\u0165 ist\u00ed, \u010di sa v\u00e1m bal\u00edk dostane do r\u00fak alebo nie.<\/p>\n<\/div>\n<\/div>\n<\/div>\n<\/div>\n<div class=\"et_pb_row et_pb_row_7\">\n<div class=\"et_pb_column et_pb_column_4_4 et_pb_column_7 et_pb_css_mix_blend_mode_passthrough et-last-child\">\n<div class=\"et_pb_module et_pb_text et_pb_text_7 et_pb_text_align_center et_pb_bg_layout_light\">\n<div class=\"et_pb_text_inner\">\n<h3>M\u00f4\u017eem plati\u0165 kreditnou alebo debetnou kartou ?<\/h3>\n<p>V dne\u0161nom online svete s\u00fa kreditn\u00e9 a debetn\u00e9 karty jedn\u00fdm z najflexibilnej\u0161\u00edch sp\u00f4sobov platieb na internete.<br \/>\nna weed-crew.net m\u00f4\u017eete uskuto\u010dni\u0165 platbu priamo pomocou kreditnej alebo debetnej karty. Pri platbe kreditnou alebo debetnou kartou sa c\u00edtite bezpe\u010dne, preto\u017ee na\u0161a webov\u00e1 str\u00e1nka je zabezpe\u010den\u00e1 protokolom SSL.<\/p>\n<\/div>\n<\/div>\n<\/div>\n<\/div>\n<div class=\"et_pb_row et_pb_row_8\">\n<div class=\"et_pb_column et_pb_column_4_4 et_pb_column_8 et_pb_css_mix_blend_mode_passthrough et-last-child\">\n<div class=\"et_pb_module et_pb_text et_pb_text_8 et_pb_text_align_center et_pb_bg_layout_light\">\n<div class=\"et_pb_text_inner\">\n<h3>Odosielate vzorky zadarmo K\u00fapi\u0165 tr\u00e1vu online?<\/h3>\n<p><a href=\"https:\/\/grassxpress.com\/sk\/objednavka-burina-online-slovenska\/\">My<\/a> pon\u00fakame vzorky v hodnote a\u017e $50-$100 v\u0161etk\u00fdm potenci\u00e1lnym hromadn\u00fdm kupuj\u00facim, ktor\u00ed sa te\u0161ia na dlhodob\u00e9 podnikanie, ale chc\u00fa si vysk\u00fa\u0161a\u0165 na\u0161e v\u00fdrobky pred uskuto\u010dnen\u00edm obrovsk\u00fdch n\u00e1kupov, av\u0161ak vzorky nie s\u00fa \u00faplne zadarmo, preto\u017ee sa od v\u00e1s vy\u017eaduje zaplatenie 30% z hodnoty bal\u00edka , je to preto, \u017ee sme si uvedomili, \u017ee ke\u010f rozd\u00e1vame vzorky zadarmo, niektor\u00ed z\u00e1kazn\u00edci to vyu\u017e\u00edvaj\u00fa ako dieru v z\u00e1kone na zneu\u017e\u00edvanie a len si objednaj\u00fa vzorky zadarmo, aby si mohli zap\u00e1li\u0165 a zfetova\u0165 sa. V\u0161etky smples s\u00fa zmesou po 2 gramy a\u017e 10 r\u00f4znych kme\u0148ov pod\u013ea v\u00e1\u0161ho v\u00fdberu.<\/p>\n<\/div>\n<\/div>\n<\/div>\n<\/div>\n<div class=\"et_pb_row et_pb_row_9\">\n<div class=\"et_pb_column et_pb_column_4_4 et_pb_column_9 et_pb_css_mix_blend_mode_passthrough et-last-child\">\n<div class=\"et_pb_module et_pb_text et_pb_text_9 et_pb_text_align_center et_pb_bg_layout_light\">\n<div class=\"et_pb_text_inner\">\n<h3>Pred\u00e1vate neplnolet\u00fdm osob\u00e1m ?<\/h3>\n<p>Malolet\u00ed, ako ich naz\u00fdvame, s\u00fa z\u00e1kazn\u00edci mlad\u0161\u00ed ako 18 rokov. Na\u0161e slu\u017eby nepon\u00fakame \u017eiadnej osobe alebo osob\u00e1m<br \/>\nmlad\u0161\u00ed ako 18 rokov. Ak ste v\u0161ak pacient alebo trp\u00edte probl\u00e9mami s\u00favisiacimi s \u00fazkos\u0165ou, m\u00f4\u017eeme v\u00e1m preda\u0165<br \/>\nmal\u00e9 mno\u017estv\u00e1 ur\u010den\u00fdch v\u00fdrobkov.<\/p>\n<\/div>\n<\/div>\n<\/div>\n<\/div>\n<\/div>\n<\/div>\n<\/div>\n<\/div>\n<\/div>\n<\/article>\n<\/div>","protected":false},"excerpt":{"rendered":"<p>Where Can I Buy Weed Online? This is a keyword which appears approximately 18,150 times in search results every 30 days and there fore is considered as one of the most frequent questions asked online.Here is your answer, after seeing how difficult it was buying weed online so our team decided to come together and<\/p>\n<div class=\"more-link\">\n             <a href=\"https:\/\/grassxpress.com\/sk\/otazky\/\" class=\"link-btn\"><span>Continue Reading <\/span><i class=\"icofont-thin-double-right\"><\/i><\/a>\n        <\/div>","protected":false},"author":1,"featured_media":0,"parent":0,"menu_order":0,"comment_status":"closed","ping_status":"closed","template":"","meta":{"_themeisle_gutenberg_block_has_review":false,"_ti_tpc_template_sync":false,"_ti_tpc_template_id":"","_joinchat":[],"footnotes":""},"class_list":["post-3298","page","type-page","status-publish","hentry"],"yoast_head":"<!-- This site is optimized with the Yoast SEO plugin v22.7 - https:\/\/yoast.com\/wordpress\/plugins\/seo\/ -->\n<title>FAQs | About To Buy Weed Online - GrassXpress<\/title>\n<meta name=\"description\" content=\"If you have a question? We answer your question by saying \u201cYES\u201d you can buy weed online from weed-crew.net.All packages are shiped same day.\" \/>\n<meta name=\"robots\" content=\"index, follow, max-snippet:-1, max-image-preview:large, max-video-preview:-1\" \/>\n<link rel=\"canonical\" href=\"https:\/\/grassxpress.com\/sk\/faqs\/\" \/>\n<meta property=\"og:locale\" content=\"sk_SK\" \/>\n<meta property=\"og:type\" content=\"article\" \/>\n<meta property=\"og:title\" content=\"FAQs | About To Buy Weed Online - GrassXpress\" \/>\n<meta property=\"og:description\" content=\"If you have a question? We answer your question by saying \u201cYES\u201d you can buy weed online from weed-crew.net.All packages are shiped same day.\" \/>\n<meta property=\"og:url\" content=\"https:\/\/grassxpress.com\/sk\/faqs\/\" \/>\n<meta property=\"og:site_name\" content=\"GrassXpress\" \/>\n<meta name=\"twitter:card\" content=\"summary_large_image\" \/>\n<meta name=\"twitter:label1\" content=\"Predpokladan\u00fd \u010das \u010d\u00edtania\" \/>\n\t<meta name=\"twitter:data1\" content=\"4 min\u00faty\" \/>\n<!-- \/ Yoast SEO plugin. -->","yoast_head_json":{"title":"FAQs | About To Buy Weed Online - GrassXpress","description":"If you have a question? We answer your question by saying \u201cYES\u201d you can buy weed online from weed-crew.net.All packages are shiped same day.","robots":{"index":"index","follow":"follow","max-snippet":"max-snippet:-1","max-image-preview":"max-image-preview:large","max-video-preview":"max-video-preview:-1"},"canonical":"https:\/\/grassxpress.com\/sk\/faqs\/","og_locale":"sk_SK","og_type":"article","og_title":"FAQs | About To Buy Weed Online - GrassXpress","og_description":"If you have a question? We answer your question by saying \u201cYES\u201d you can buy weed online from weed-crew.net.All packages are shiped same day.","og_url":"https:\/\/grassxpress.com\/sk\/faqs\/","og_site_name":"GrassXpress","twitter_card":"summary_large_image","twitter_misc":{"Predpokladan\u00fd \u010das \u010d\u00edtania":"4 min\u00faty"},"schema":{"@context":"https:\/\/schema.org","@graph":[{"@type":"WebPage","@id":"https:\/\/grassxpress.com\/it\/faqs\/","url":"https:\/\/grassxpress.com\/it\/faqs\/","name":"FAQs | About To Buy Weed Online - GrassXpress","isPartOf":{"@id":"https:\/\/grassxpress.com\/#website"},"datePublished":"2020-02-18T05:09:07+00:00","dateModified":"2020-02-18T05:09:07+00:00","description":"If you have a question? We answer your question by saying \u201cYES\u201d you can buy weed online from weed-crew.net.All packages are shiped same day.","breadcrumb":{"@id":"https:\/\/grassxpress.com\/it\/faqs\/#breadcrumb"},"inLanguage":"sk-SK","potentialAction":[{"@type":"ReadAction","target":["https:\/\/grassxpress.com\/it\/faqs\/"]}]},{"@type":"BreadcrumbList","@id":"https:\/\/grassxpress.com\/it\/faqs\/#breadcrumb","itemListElement":[{"@type":"ListItem","position":1,"name":"Home","item":"https:\/\/grassxpress.com\/"},{"@type":"ListItem","position":2,"name":"FAQs"}]},{"@type":"WebSite","@id":"https:\/\/grassxpress.com\/#website","url":"https:\/\/grassxpress.com\/","name":"GrassXpress","description":"Buy Weed Online UK","publisher":{"@id":"https:\/\/grassxpress.com\/#organization"},"potentialAction":[{"@type":"SearchAction","target":{"@type":"EntryPoint","urlTemplate":"https:\/\/grassxpress.com\/?s={search_term_string}"},"query-input":"required name=search_term_string"}],"inLanguage":"sk-SK"},{"@type":"Organization","@id":"https:\/\/grassxpress.com\/#organization","name":"GrassXpress","url":"https:\/\/grassxpress.com\/","logo":{"@type":"ImageObject","inLanguage":"sk-SK","@id":"https:\/\/grassxpress.com\/#\/schema\/logo\/image\/","url":"https:\/\/grassxpress.com\/wp-content\/uploads\/2024\/01\/logo.png","contentUrl":"https:\/\/grassxpress.com\/wp-content\/uploads\/2024\/01\/logo.png","width":300,"height":100,"caption":"GrassXpress"},"image":{"@id":"https:\/\/grassxpress.com\/#\/schema\/logo\/image\/"}}]}},"_links":{"self":[{"href":"https:\/\/grassxpress.com\/sk\/wp-json\/wp\/v2\/pages\/3298","targetHints":{"allow":["GET"]}}],"collection":[{"href":"https:\/\/grassxpress.com\/sk\/wp-json\/wp\/v2\/pages"}],"about":[{"href":"https:\/\/grassxpress.com\/sk\/wp-json\/wp\/v2\/types\/page"}],"author":[{"embeddable":true,"href":"https:\/\/grassxpress.com\/sk\/wp-json\/wp\/v2\/users\/1"}],"replies":[{"embeddable":true,"href":"https:\/\/grassxpress.com\/sk\/wp-json\/wp\/v2\/comments?post=3298"}],"version-history":[{"count":0,"href":"https:\/\/grassxpress.com\/sk\/wp-json\/wp\/v2\/pages\/3298\/revisions"}],"wp:attachment":[{"href":"https:\/\/grassxpress.com\/sk\/wp-json\/wp\/v2\/media?parent=3298"}],"curies":[{"name":"wp","href":"https:\/\/api.w.org\/{rel}","templated":true}]}}