{"id":4363,"date":"2022-11-15T10:34:28","date_gmt":"2022-11-15T10:34:28","guid":{"rendered":"https:\/\/documentosespana.com\/diligent\/?post_type=product&#038;p=4363"},"modified":"2026-04-02T09:17:53","modified_gmt":"2026-04-02T09:17:53","slug":"og-kush-strain","status":"publish","type":"product","link":"https:\/\/grassxpress.com\/ro\/produs\/og-kush-strain\/","title":{"rendered":"OG kush"},"content":{"rendered":"<h2>OG Kush de v\u00e2nzare<\/h2>\n<p><a href=\"https:\/\/grassxpress.com\/ro\/produs\/og-kush-strain\/\">Buy OG Kush Strain<\/a> from <a href=\"https:\/\/grassxpress.com\/ro\/\">grassxpress.com<\/a> la cel mai mic pre\u021b \u0219i cu cea mai bun\u0103 calitate. OG Kush este un hibrid cu predominan\u021b\u0103 sativa extrem de popular. Este o legend\u0103 vie printre soiurile de canabis. Este foarte apreciat pentru high-ul s\u0103u uluitor \u0219i gustul excelent. A devenit rapid cea mai popular\u0103 tulpin\u0103 de canabis din lume. OG Kush este minunat pentru reproducere \u0219i crearea de noi fenotipuri. \u00ce\u0219i \u00eemp\u0103rt\u0103\u0219e\u0219te genetica epic\u0103 cu o multitudine de soiuri Kush cu cea mai mare poten\u021b\u0103 din California, cum ar fi Fire OG \u0219i Tahoe OG. <a href=\"https:\/\/grassxpress.com\/ro\/mail-order-weed-uk\/\">Mai mult<\/a><\/p>\n<p>\u00cen ciuda popularit\u0103\u021bii sale, tulpina original\u0103 OG Kush este considerat\u0103 un mister genetic. Mul\u021bi cultivatori cred c\u0103 a fost o \u00eencruci\u0219are \u00eentre Chemdawg, Lemon Thai \u0219i Hindu Kush, dar nimeni nu \u0219tie sigur. Mul\u021bi consider\u0103 c\u0103 tulpina de buruieni OG Kush este o tulpin\u0103 excelent\u0103 pentru ameliorarea durerii \u0219i a insomniei. Nu este neobi\u0219nuit ca OG Kush s\u0103 aib\u0103 aproximativ 80% THC. Acest lucru produce un high care este ini\u021bial \u00een\u0103l\u021b\u0103tor, urmat de un corp relaxant puternic. Comand\u0103 prin po\u0219t\u0103 iarb\u0103 rom\u00e2neasc\u0103<\/p>\n<h3>Ce este OG Kush?<\/h3>\n<p>OG Kush Marijuana Strain\u00a0The foundational backbone of multiple\u00a0world famous cannabis strains,\u00a0OG Kush\u00a0is considered legendary for revolutionizing the <a href=\"https:\/\/grassxpress.com\/ro\/produs\/platinum-girl-scout-cookies\/\">marijuana<\/a> industry, arguably rising to the recognition of \u201cmost well-known cannabis strain\u201d.\u00a0The OG Kush strain\u00a0is classified as a hybrid, with little known about its genetic origins, although rumors claim that this strain is a blend between possible parent plants\u00a0Chemdawg\u00a0and\u00a0Hindu Kush.<\/p>\n<p>Aceste informa\u021bii nu au fost niciodat\u0103 confirmate, dar originile OG Kush nu par s\u0103 conteze, pentru c\u0103 efectul pe care l-a avut asupra lumii canabisului pare a fi mult mai important. O multitudine de fenotipuri au fost crescute din OG Kush, numeroase cantit\u0103\u021bi dintre ele c\u00e2\u0219tig\u00e2nd popularitate la fel ca \u0219i OGK. Unele dintre aceste fenotipuri binecunoscute includ Tahoe OG, Fire OG, SFV OG, Double OG \u0219i multe altele - presupunem c\u0103 probabil c\u0103 sunte\u021bi familiarizat cu cel pu\u021bin c\u00e2teva dintre ele. Buruian\u0103 pentru comand\u0103 prin po\u0219t\u0103 <a href=\"https:\/\/en.wikipedia.org\/wiki\/Special:Search?search=weed+online&amp;go=Go&amp;ns0=1\">Marea Britanie<\/a><\/p>\n<p>Reducere de ulei CBD Par\u021bial motivul pentru care OG Kush a fost folosit\u0103 pe scar\u0103 larg\u0103 \u00een cre\u0219terea genetic\u0103 a canabisului, se datoreaz\u0103 poten\u021bei mari de THC a acestei tulpini originale, care pare s\u0103 ajute mul\u021bi consumatori cu o varietate de probleme medicale pe care le-ar putea confrunta. Cu nivelurile de THC \u00eenregistr\u00e2ndu-se \u00een intervalul 20-27, pachetele punch OG Kush sunt deosebit de puternice, lovind cu adev\u0103rat pe oricine \u00eel consum\u0103.<\/p>\n<p>Although world-known, <a href=\"https:\/\/en.wikipedia.org\/wiki\/Kush\">OG Kush<\/a> seems to primarily be consumed throughout California, Colorado and the Pacific Northwest, so if you want to try a dank batch of this heady cannabis strain, look to those regions for answers.<\/p>\n<h3>\u0218I Kush Aroma<\/h3>\n<p>Arom\u0103 \u0219i aspect OG Kush are unul dintre cele mai proaspete arome, care aminte\u0219te intens de a fi pierdut r\u0103t\u0103cind ad\u00e2nc \u00eentr-o p\u0103dure veche. Aroma sa este lemnoas\u0103, de pin \u0219i p\u0103m\u00e2ntoas\u0103, lovind imediat papilele gustative cu o lovitur\u0103 puternic\u0103. Aroma sa continu\u0103 s\u0103 surprind\u0103 consumatorii, cu nuan\u021be nea\u0219teptate de l\u0103m\u00e2ie, l\u0103m\u00e2ie \u0219i citrice, precum \u0219i note de picant. Comand\u0103 prin coresponden\u021b\u0103 buruian\u0103 rom\u00e2neasc\u0103.<\/p>\n<p>Din punct de vedere al aspectului, buruiana OG Kush are aspectul tradi\u021bional de canabis, prezent\u00e2nd culoarea clasic\u0103 a frunzelor de zah\u0103r galben-verde, cu pistiluri portocalii \u0219i frunze verzi, uneori umbrite de salvie. Mugurii sunt acoperi\u021bi dens cu tricomi cristalini, ceea ce are sens perfect dac\u0103 lua\u021bi \u00een considerare con\u021binutul mare de THC al tulpinii OG Kush. Efecte OG Kush R\u0103m\u00e2n\u00e2nd fidel\u0103 clasific\u0103rii sale hibride, buruiana OG Kush este deosebit de echilibrat\u0103, cu sucul s\u0103u aduc\u00e2nd tot ce este mai bun din ambele lumi.<\/p>\n<p>O combina\u021bie vibrant\u0103 de tr\u0103s\u0103turi indica \u0219i sativa, OG Kush testeaz\u0103 la niveluri diligente plug, sativa \u0219i\u00a0 indica sunt de 60% \u0219i 87%. Dup\u0103 ce a\u021bi consumat OG Kush, a\u0219tepta\u021bi-v\u0103 la o euforie puternic\u0103 \u0219i la efecte cerebrale intense, adesea urmate de o senza\u021bie u\u0219oar\u0103 p\u00e2n\u0103 la puternic\u0103 de blocare a canapelei.<\/p>\n<p>Considerat\u0103 una dintre cele mai relaxante \u0219i totu\u0219i \u00een\u0103l\u021b\u0103toare tulpini, OG Kush pare s\u0103 ofere consumatorilor s\u0103i o combina\u021bie minunat\u0103 de euforie de topire a corpului, dar \u0219i un rezultat la fel de benefic pentru minte, l\u0103s\u00e2nd pe oricine o \u00eencearc\u0103 fericit, calm, lini\u0219tit. , dar capabil s\u0103 chicoteasc\u0103, s\u0103 r\u00e2d\u0103 \u0219i s\u0103 se distreze minunat.<\/p>\n<h3>Beneficiile medicale ale tulpinii #1 de canabis<\/h3>\n<p>OG Kush OG Kush Top View Cel mai frecvent consumat medical pentru tulbur\u0103ri mintale \u0219i dureri cronice. Buruiana OG Kush este o tulpin\u0103 de canabis extrem de vindec\u0103toare. Acest lucru a surprins lumea marijuanei medicale cu capacitatea sa de a ajuta at\u00e2t de mul\u021bi de-a lungul anilor de existen\u021b\u0103.<\/p>\n<p>Puterile sale magice sunt par\u021bial motivul cre\u0219terii popularit\u0103\u021bii \u00een mas\u0103 a OGK. Pe m\u0103sur\u0103 ce tot mai mul\u021bi indivizi descoper\u0103 c\u0103 le este mai bine s\u0103 consume aceast\u0103 tulpin\u0103. Dec\u00e2t s\u0103 lua\u021bi medicamente tradi\u021bionale care sunt adesea asociate cu efecte secundare negative ur\u00e2te, care modific\u0103 via\u021ba.<\/p>\n<p>Cei care se ocup\u0103 de stres, depresie \u0219i insomnie au descoperit c\u0103 tulpina OG Kush este deosebit de medicinal\u0103. La fel ca \u0219i pacien\u021bii care se confrunt\u0103 cu dureri severe \u0219i cronice. OG Kush ajut\u0103 cu adev\u0103rat la relaxare \u0219i la amor\u021birea punctelor dureroase. Dac\u0103 v\u0103 confrunta\u021bi cu stres, depresie, anxietate sau alt\u0103 tulburare mental\u0103. <a href=\"https:\/\/grassxpress.com\/ro\/produs\/og-kush-strain\/\">Secure checkout<\/a><\/p>\n<p>Apoi, cel mai bine este s\u0103 fuma\u021bi o cantitate u\u0219oar\u0103 de iarb\u0103 OG Kush sau s\u0103 m\u00e2nca\u021bi un comestibil \u00een doz\u0103 mic\u0103. Deoarece consumul excesiv de orice tulpin\u0103 de oal\u0103 \u00een timp ce se ocup\u0103 de o tulburare mintal\u0103 poate face de fapt mai mult r\u0103u dec\u00e2t bine. Cunoa\u0219te\u021bi-v\u0103 limitele \u0219i r\u0103m\u00e2ne\u021bi \u00een aceste limite.<\/p>\n<p>Pe de alt\u0103 parte, dac\u0103 ai de-a face cu insomnie, lips\u0103 de somn sau durere cronic\u0103. Apoi, administrarea unei doze mai mari de tulpin\u0103 OG Kush ar fi un beneficiu mai mare. Acest lucru v\u0103 va ajuta s\u0103 ataca\u021bi imediat problema direct. F\u0103r\u0103 a l\u0103sa nicio posibilitate de a nu fi consumat o doz\u0103 suficient de mare pentru a sim\u021bi efectiv beneficiile. Pentru a ob\u021bine o doz\u0103 mai mare, poate fi potrivit\u0103 o form\u0103 comestibil\u0103, concentrat\u0103 sau alt\u0103 form\u0103 consumabil\u0103 de canabis.<\/p>\n<p>Posibile efecte secundare ale OG Kush. Cea mai bun\u0103 modalitate de a evita eventualele efecte secundare ale marijuanei OG Kush este s\u0103 lua\u021bi m\u0103suri de precau\u021bie. Dac\u0103 sunte\u021bi sensibil la THC \u0219i s\u0103 v\u0103 cunoa\u0219te\u021bi limitele atunci c\u00e2nd consuma\u021bi canabis. Consumatorii raporteaz\u0103 cel mai adesea usc\u0103ciunea gurii \u0219i a ochilor ca un efect secundar obi\u0219nuit atunci c\u00e2nd \u00eencearc\u0103 iarba OG Kush. Nu v\u0103 transpira\u021bi, acest lucru este u\u0219or de rezolvat prin consumul de lichide hidratante \u0219i folosind pic\u0103turi pentru ochi hidratante, dac\u0103 este necesar.<\/p>\n<h3>\u00cen plus,<\/h3>\n<p>Unii indivizi au experimentat paranoia dup\u0103 ce au consumat tulpina OG Kush. Dar amintindu-\u021bi c\u0103 high-ul t\u0103u va trece \u0219i s\u0103 continui s\u0103 respiri lent, profund \u0219i constant. V\u0103 poate ajuta s\u0103 v\u0103 men\u021bine\u021bi capul clar dac\u0103 trece\u021bi prin orice tipare de g\u00e2nduri negative.<\/p>\n<p>Tehnicile de medita\u021bie \u0219i relaxare profund\u0103 pot fi de asemenea utile. G\u00e2nduri finale despre OG Kush: Sper\u0103m c\u0103 a\u021bi g\u0103sit aceast\u0103 recenzie a OG Kush nu doar distractiv\u0103. Dar \u0219i educa\u021bional \u0219i informativ. Este important s\u0103 ne amintim c\u0103 consumul de marijuana este responsabilitatea exclusiv\u0103 a utilizatorului \u0219i trebuie luat\u0103 discre\u021bia.<\/p>","protected":false},"excerpt":{"rendered":"<p><strong>Grade:<\/strong> A<br \/>\nType: Sativa dominant hybrid<br \/>\n<strong>Looks:<\/strong> This deep green bud is fluffy, frosty and packed with red hairs.<br \/>\n<strong>Smell:<\/strong> Piney, Cedar-like, Citrus<br \/>\n<strong>Taste:<\/strong> A very nice earthy and pine taste with a sweet after note . A very smooth and refreshing smoke. Vaporizing intensifies flavor and is a delight to have in the mouth.<br \/>\n<strong>Effects:<\/strong> Induces a feeling of euphoria, happiness, and creativity. An uplifting and energized high.<br \/>\nPotency: 10\/10 (It\u2019s a 1 hit wonder)<\/p>","protected":false},"featured_media":4421,"comment_status":"open","ping_status":"closed","template":"","meta":{"_themeisle_gutenberg_block_has_review":false,"_ti_tpc_template_sync":false,"_ti_tpc_template_id":"","_joinchat":[]},"product_cat":[216],"product_tag":[],"class_list":{"0":"post-4363","1":"product","2":"type-product","3":"status-publish","4":"has-post-thumbnail","6":"product_cat-hybrid","8":"first","9":"instock","10":"shipping-taxable","11":"purchasable","12":"product-type-variable"},"yoast_head":"<!-- This site is optimized with the Yoast SEO plugin v22.7 - https:\/\/yoast.com\/wordpress\/plugins\/seo\/ -->\n<title>OG Kush Strain Online For Sale | GrassXpress<\/title>\n<meta name=\"description\" content=\"Buy OG Kush online in uk and explore a legendary cannabis strain valued for its strong aroma and balanced hybrid effects. OG Kush for sale featuring distinctive earthy, citrus, and fuel-like terpene notes.\" \/>\n<meta name=\"robots\" content=\"index, follow, max-snippet:-1, max-image-preview:large, max-video-preview:-1\" \/>\n<link rel=\"canonical\" href=\"https:\/\/grassxpress.com\/ro\/produs\/og-kush-strain\/\" \/>\n<meta property=\"og:locale\" content=\"ro_RO\" \/>\n<meta property=\"og:type\" content=\"article\" \/>\n<meta property=\"og:title\" content=\"OG Kush Strain Online For Sale | GrassXpress\" \/>\n<meta property=\"og:description\" content=\"Buy OG Kush online in uk and explore a legendary cannabis strain valued for its strong aroma and balanced hybrid effects. OG Kush for sale featuring distinctive earthy, citrus, and fuel-like terpene notes.\" \/>\n<meta property=\"og:url\" content=\"https:\/\/grassxpress.com\/ro\/produs\/og-kush-strain\/\" \/>\n<meta property=\"og:site_name\" content=\"GrassXpress\" \/>\n<meta property=\"article:modified_time\" content=\"2026-04-02T09:17:53+00:00\" \/>\n<meta property=\"og:image\" content=\"https:\/\/grassxpress.com\/wp-content\/uploads\/2022\/11\/OG-kush.jpg\" \/>\n\t<meta property=\"og:image:width\" content=\"600\" \/>\n\t<meta property=\"og:image:height\" content=\"600\" \/>\n\t<meta property=\"og:image:type\" content=\"image\/jpeg\" \/>\n<meta name=\"twitter:card\" content=\"summary_large_image\" \/>\n<meta name=\"twitter:label1\" content=\"Timp estimat pentru citire\" \/>\n\t<meta name=\"twitter:data1\" content=\"6 minute\" \/>\n<!-- \/ Yoast SEO plugin. -->","yoast_head_json":{"title":"OG Kush Strain Online For Sale | GrassXpress","description":"Buy OG Kush online in uk and explore a legendary cannabis strain valued for its strong aroma and balanced hybrid effects. OG Kush for sale featuring distinctive earthy, citrus, and fuel-like terpene notes.","robots":{"index":"index","follow":"follow","max-snippet":"max-snippet:-1","max-image-preview":"max-image-preview:large","max-video-preview":"max-video-preview:-1"},"canonical":"https:\/\/grassxpress.com\/ro\/produs\/og-kush-strain\/","og_locale":"ro_RO","og_type":"article","og_title":"OG Kush Strain Online For Sale | GrassXpress","og_description":"Buy OG Kush online in uk and explore a legendary cannabis strain valued for its strong aroma and balanced hybrid effects. OG Kush for sale featuring distinctive earthy, citrus, and fuel-like terpene notes.","og_url":"https:\/\/grassxpress.com\/ro\/produs\/og-kush-strain\/","og_site_name":"GrassXpress","article_modified_time":"2026-04-02T09:17:53+00:00","og_image":[{"width":600,"height":600,"url":"https:\/\/grassxpress.com\/wp-content\/uploads\/2022\/11\/OG-kush.jpg","type":"image\/jpeg"}],"twitter_card":"summary_large_image","twitter_misc":{"Timp estimat pentru citire":"6 minute"},"schema":{"@context":"https:\/\/schema.org","@graph":[{"@type":"WebPage","@id":"https:\/\/grassxpress.com\/product\/og-kush-strain\/","url":"https:\/\/grassxpress.com\/product\/og-kush-strain\/","name":"OG Kush Strain Online For Sale | GrassXpress","isPartOf":{"@id":"https:\/\/grassxpress.com\/#website"},"primaryImageOfPage":{"@id":"https:\/\/grassxpress.com\/product\/og-kush-strain\/#primaryimage"},"image":{"@id":"https:\/\/grassxpress.com\/product\/og-kush-strain\/#primaryimage"},"thumbnailUrl":"https:\/\/grassxpress.com\/wp-content\/uploads\/2022\/11\/OG-kush.jpg","datePublished":"2022-11-15T10:34:28+00:00","dateModified":"2026-04-02T09:17:53+00:00","description":"Buy OG Kush online in uk and explore a legendary cannabis strain valued for its strong aroma and balanced hybrid effects. OG Kush for sale featuring distinctive earthy, citrus, and fuel-like terpene notes.","breadcrumb":{"@id":"https:\/\/grassxpress.com\/product\/og-kush-strain\/#breadcrumb"},"inLanguage":"ro-RO","potentialAction":[{"@type":"ReadAction","target":["https:\/\/grassxpress.com\/product\/og-kush-strain\/"]}]},{"@type":"ImageObject","inLanguage":"ro-RO","@id":"https:\/\/grassxpress.com\/product\/og-kush-strain\/#primaryimage","url":"https:\/\/grassxpress.com\/wp-content\/uploads\/2022\/11\/OG-kush.jpg","contentUrl":"https:\/\/grassxpress.com\/wp-content\/uploads\/2022\/11\/OG-kush.jpg","width":600,"height":600,"caption":"OG kush"},{"@type":"BreadcrumbList","@id":"https:\/\/grassxpress.com\/product\/og-kush-strain\/#breadcrumb","itemListElement":[{"@type":"ListItem","position":1,"name":"Home","item":"https:\/\/grassxpress.com\/"},{"@type":"ListItem","position":2,"name":"Mail Order Weed UK","item":"https:\/\/grassxpress.com\/mail-order-weed-uk\/"},{"@type":"ListItem","position":3,"name":"OG kush"}]},{"@type":"WebSite","@id":"https:\/\/grassxpress.com\/#website","url":"https:\/\/grassxpress.com\/","name":"GrassXpress","description":"Buy Weed Online UK","publisher":{"@id":"https:\/\/grassxpress.com\/#organization"},"potentialAction":[{"@type":"SearchAction","target":{"@type":"EntryPoint","urlTemplate":"https:\/\/grassxpress.com\/?s={search_term_string}"},"query-input":"required name=search_term_string"}],"inLanguage":"ro-RO"},{"@type":"Organization","@id":"https:\/\/grassxpress.com\/#organization","name":"GrassXpress","url":"https:\/\/grassxpress.com\/","logo":{"@type":"ImageObject","inLanguage":"ro-RO","@id":"https:\/\/grassxpress.com\/#\/schema\/logo\/image\/","url":"https:\/\/grassxpress.com\/wp-content\/uploads\/2024\/01\/logo.png","contentUrl":"https:\/\/grassxpress.com\/wp-content\/uploads\/2024\/01\/logo.png","width":300,"height":100,"caption":"GrassXpress"},"image":{"@id":"https:\/\/grassxpress.com\/#\/schema\/logo\/image\/"}}]}},"_links":{"self":[{"href":"https:\/\/grassxpress.com\/ro\/wp-json\/wp\/v2\/product\/4363","targetHints":{"allow":["GET"]}}],"collection":[{"href":"https:\/\/grassxpress.com\/ro\/wp-json\/wp\/v2\/product"}],"about":[{"href":"https:\/\/grassxpress.com\/ro\/wp-json\/wp\/v2\/types\/product"}],"replies":[{"embeddable":true,"href":"https:\/\/grassxpress.com\/ro\/wp-json\/wp\/v2\/comments?post=4363"}],"wp:featuredmedia":[{"embeddable":true,"href":"https:\/\/grassxpress.com\/ro\/wp-json\/wp\/v2\/media\/4421"}],"wp:attachment":[{"href":"https:\/\/grassxpress.com\/ro\/wp-json\/wp\/v2\/media?parent=4363"}],"wp:term":[{"taxonomy":"product_cat","embeddable":true,"href":"https:\/\/grassxpress.com\/ro\/wp-json\/wp\/v2\/product_cat?post=4363"},{"taxonomy":"product_tag","embeddable":true,"href":"https:\/\/grassxpress.com\/ro\/wp-json\/wp\/v2\/product_tag?post=4363"}],"curies":[{"name":"wp","href":"https:\/\/api.w.org\/{rel}","templated":true}]}}