{"id":4360,"date":"2022-11-15T10:11:40","date_gmt":"2022-11-15T10:11:40","guid":{"rendered":"https:\/\/documentosespana.com\/diligent\/?post_type=product&#038;p=4360"},"modified":"2026-04-02T09:09:06","modified_gmt":"2026-04-02T09:09:06","slug":"banana-kush","status":"publish","type":"product","link":"https:\/\/grassxpress.com\/ro\/produs\/banana-kush\/","title":{"rendered":"Buy Banana Kush Online UK"},"content":{"rendered":"<div class=\"relative basis-auto flex-col -mb-(--composer-overlap-px) [--composer-overlap-px:28px] grow flex\">\n<div class=\"flex flex-col text-sm pb-25\">\n<article class=\"text-token-text-primary w-full focus:outline-none [--shadow-height:45px] has-data-writing-block:pointer-events-none has-data-writing-block:-mt-(--shadow-height) has-data-writing-block:pt-(--shadow-height) [&amp;:has([data-writing-block])&gt;*]:pointer-events-auto scroll-mt-[calc(var(--header-height)+min(200px,max(70px,20svh)))]\" dir=\"auto\" tabindex=\"-1\" data-turn-id=\"request-WEB:04e6e77b-5047-4170-b5cf-69678400d879-6\" data-testid=\"conversation-turn-14\" data-scroll-anchor=\"true\" data-turn=\"assistant\">\n<div class=\"text-base my-auto mx-auto pb-10 [--thread-content-margin:var(--thread-content-margin-xs,calc(var(--spacing)*4))] @w-sm\/main:[--thread-content-margin:var(--thread-content-margin-sm,calc(var(--spacing)*6))] @w-lg\/main:[--thread-content-margin:var(--thread-content-margin-lg,calc(var(--spacing)*16))] px-(--thread-content-margin)\">\n<div class=\"[--thread-content-max-width:40rem] @w-lg\/main:[--thread-content-max-width:48rem] mx-auto max-w-(--thread-content-max-width) flex-1 group\/turn-messages focus-visible:outline-hidden relative flex w-full min-w-0 flex-col agent-turn\" tabindex=\"-1\">\n<div class=\"flex max-w-full flex-col gap-4 grow\">\n<div class=\"min-h-8 text-message relative flex w-full flex-col items-end gap-2 text-start break-words whitespace-normal [.text-message+&amp;]:mt-1\" dir=\"auto\" data-message-author-role=\"assistant\" data-message-id=\"692c1616-ac21-4157-920c-8936db92195e\" data-message-model-slug=\"gpt-5-3\">\n<div class=\"flex w-full flex-col gap-1 empty:hidden\">\n<div class=\"markdown prose dark:prose-invert w-full wrap-break-word light markdown-new-styling\">\n<h2 data-section-id=\"1pwhjtz\" data-start=\"0\" data-end=\"38\">Iarb\u0103 de cump\u0103rat online \u00een Marea Britanie \u2013 Banana Kush<\/h2>\n<p data-start=\"40\" data-end=\"379\">If you are looking for weed to buy online UK, many cannabis enthusiasts prefer to <a href=\"https:\/\/grassxpress.com\/ro\/produs\/banana-kush\/\">Buy Banana Kush online<\/a> Datorit\u0103 aromei sale unice \u0219i efectelor relaxante. Cunoscut\u0103 pentru aroma sa tropical\u0103 dulce \u0219i efectul puternic de euforie corporal\u0103, Banana Kush este una dintre cele mai populare tulpini printre utilizatorii de canabis care caut\u0103 muguri de calitate premium.<\/p>\n<h1 data-section-id=\"1qkgbfg\" data-start=\"381\" data-end=\"409\">Buy Banana Kush Online UK<\/h1>\n<p data-start=\"411\" data-end=\"771\">Cump\u0103r\u0103 Banana Kush de la magazine de canabis de \u00eencredere dac\u0103 \u00ee\u021bi dore\u0219ti o tulpin\u0103 care ofer\u0103 un amestec echilibrat de euforie \u0219i relaxare profund\u0103. Banana Kush este o tulpin\u0103 bine-cunoscut\u0103 de pe Coasta de Vest, renumit\u0103 pentru aroma sa de banan\u0103 \u0219i efectele calmante. Mul\u021bi consumatori care cump\u0103r\u0103 Banana Kush online se bucur\u0103 de combina\u021bia sa de senza\u021bii mentale \u00een\u0103l\u021b\u0103toare \u0219i relaxare fizic\u0103 lini\u0219titoare. Aceast\u0103 tulpin\u0103 este o \u00eencruci\u0219are \u00eentre Ghost OG \u0219i Skunk Haze \u0219i este cunoscut\u0103 pentru aroma sa distinctiv\u0103 \u0219i procesul de cultivare moderat dificil. Datorit\u0103 popularit\u0103\u021bii \u0219i profilului unic de terpeni, mul\u021bi utilizatori caut\u0103 \u201eUnde se poate cump\u0103ra Banana Kush?\u201d atunci c\u00e2nd caut\u0103 produse de canabis de \u00eenalt\u0103 calitate.<\/p>\n<h3 data-section-id=\"1d3xzlz\" data-start=\"1067\" data-end=\"1088\">Lab Tested Results<\/h3>\n<p data-start=\"1090\" data-end=\"1110\">THC: 25%<br data-start=\"1098\" data-end=\"1101\" \/>CBD: 0.7%<\/p>\n<p data-start=\"1112\" data-end=\"1278\">These cannabinoid levels contribute to the powerful effects that make Banana Kush for sale a highly sought-after strain for both recreational and therapeutic use.<\/p>\n<h3 data-section-id=\"mnten1\" data-start=\"1280\" data-end=\"1305\">Experienta Banana Kush<\/h3>\n<p data-start=\"1307\" data-end=\"1560\">De\u0219i Banana Kush este \u00een principal o tulpin\u0103 Indica, aceasta ofer\u0103 \u0219i o u\u0219oar\u0103 stimulare mental\u0103, asem\u0103n\u0103toare Sativa. Mul\u021bi consumatori de canabis care comand\u0103 Banana Kush online raporteaz\u0103 o euforie puternic\u0103, care duce treptat la o relaxare profund\u0103 \u0219i somnolen\u021b\u0103. Datorit\u0103 efectelor sale sedative puternice, cump\u0103rarea Banana Kush online este adesea recomandat\u0103 pentru consumul de sear\u0103. Mul\u021bi utilizatori experimenta\u021bi prefer\u0103 aceast\u0103 tulpin\u0103 \u00eenainte de culcare, deoarece propriet\u0103\u021bile sale calmante pot ajuta la promovarea unui somn odihnitor. \u00cenainte ca efectele relaxante s\u0103 se dezvolte complet, utilizatorii experimenteaz\u0103 adesea o senza\u021bie euforic\u0103 pl\u0103cut\u0103 \u0219i o \u00eembun\u0103t\u0103\u021bire vizibil\u0103 a st\u0103rii de spirit. Aceast\u0103 senza\u021bie de \u00een\u0103l\u021b\u0103tor este unul dintre motivele pentru care mul\u021bi oameni caut\u0103 cel mai bun loc pentru a cump\u0103ra Banana Kush online.<\/p>\n<p data-start=\"2027\" data-end=\"2213\">Unii utilizatori pot avea senza\u021bia de usc\u0103ciune a gurii sau a ochilor, \u00een special \u00een cazul dozelor mai mari. Pentru cei care sunt noi \u00een lumea canabisului, se recomand\u0103 \u00eenceperea cu o cantitate moderat\u0103 atunci c\u00e2nd cump\u0103r\u0103 Banana Kush.<\/p>\n<h3 data-section-id=\"n8ea45\" data-start=\"2215\" data-end=\"2242\">Profil de arom\u0103 \u0219i gust<\/h3>\n<p data-start=\"2244\" data-end=\"2492\">Una dintre cele mai recunoscute caracteristici ale Banana Kush este profilul s\u0103u aromatic legendar. Aceast\u0103 tulpin\u0103 este cunoscut\u0103 pentru gustul s\u0103u inconfundabil de banan\u0103, combinat cu note fructate \u0219i tropicale. Unii pasiona\u021bi de canabis observ\u0103, de asemenea, note subtile de lemn. C\u00e2nd este ars\u0103, Banana Kush de v\u00e2nzare elibereaz\u0103 o arom\u0103 dulce \u0219i fructat\u0103 care umple rapid \u00eenc\u0103perea. Profilul s\u0103u puternic de terpene este un motiv major pentru care mul\u021bi utilizatori aleg s\u0103 cumpere Banana Kush online de la magazine de canabis de renume. Din punct de vedere vizual, aceast\u0103 tulpin\u0103 are un aspect impresionant. Mugurii prezint\u0103 frunze verde str\u0103lucitor, pistile de culoarea piersicii \u0219i un strat generos de tricomi albi. Acest aspect atractiv face adesea mai u\u0219oar\u0103 recunoa\u0219terea produselor premium Banana Kush de v\u00e2nzare.<\/p>\n<h3 data-section-id=\"6nc9ol\" data-start=\"2988\" data-end=\"3022\">Beneficiile medicale ale Banana Kush<\/h3>\n<p data-start=\"3024\" data-end=\"3286\">De\u0219i Banana Kush este \u00een principal o tulpin\u0103 Indica, aceasta ofer\u0103 \u0219i o u\u0219oar\u0103 stimulare mental\u0103, asem\u0103n\u0103toare Sativa. Mul\u021bi consumatori de canabis care comand\u0103 Banana Kush online raporteaz\u0103 o euforie puternic\u0103, care duce treptat la o relaxare profund\u0103 \u0219i somnolen\u021b\u0103. Datorit\u0103 efectelor sale sedative puternice, cump\u0103rarea Banana Kush online este adesea recomandat\u0103 pentru consumul de sear\u0103. Mul\u021bi utilizatori experimenta\u021bi prefer\u0103 aceast\u0103 tulpin\u0103 \u00eenainte de culcare, deoarece propriet\u0103\u021bile sale calmante pot ajuta la promovarea unui somn odihnitor. \u00cenainte ca efectele relaxante s\u0103 se dezvolte complet, utilizatorii experimenteaz\u0103 adesea o senza\u021bie euforic\u0103 pl\u0103cut\u0103 \u0219i o \u00eembun\u0103t\u0103\u021bire vizibil\u0103 a st\u0103rii de spirit. Aceast\u0103 senza\u021bie de \u00een\u0103l\u021b\u0103tor este unul dintre motivele pentru care mul\u021bi oameni caut\u0103 cel mai bun loc pentru a cump\u0103ra Banana Kush online.<\/p>\n<p data-start=\"3734\" data-end=\"3996\">\u00cen plus, caracteristicile puternice ale soiului Indica pot ajuta persoanele s\u0103 gestioneze durerea cronic\u0103. Datorit\u0103 acestor beneficii poten\u021biale, mul\u021bi utilizatori compar\u0103 pre\u021bul soiului Banana Kush la diferi\u021bi comercian\u021bi cu am\u0103nuntul pentru a g\u0103si cea mai bun\u0103 valoare, men\u021bin\u00e2nd \u00een acela\u0219i timp calitatea produsului. Pentru pasiona\u021bii de canabis care caut\u0103 tulpini premium, g\u0103sirea celui mai bun loc pentru a cump\u0103ra Banana Kush online asigur\u0103 accesul la produse fiabile, cu poten\u021b\u0103 \u0219i arom\u0103 constante.<\/p>\n<\/div>\n<\/div>\n<\/div>\n<\/div>\n<div class=\"z-0 flex min-h-[46px] justify-start\"><\/div>\n<div class=\"mt-3 w-full empty:hidden\">\n<div class=\"text-center\"><\/div>\n<\/div>\n<\/div>\n<\/div>\n<\/article>\n<\/div>\n<div class=\"pointer-events-none h-px w-px absolute bottom-0\" aria-hidden=\"true\" data-edge=\"true\"><\/div>\n<\/div>","protected":false},"excerpt":{"rendered":"<p>Hibrid dominant Indica - 60% Indica \/ 40% Sativa THC: 18% - 25%, CBN: 1%<br \/>\nAici avem un hibrid asem\u0103n\u0103tor cu o banan\u0103 din dou\u0103 soiuri legendare: OG Kush of the West Coast \u0219i Skunk Haze.<\/p>\n<p>Soiul de marijuana Banana Kush este un hibrid dominant Indica. Kush-ul a fost creat de Cali Kush. Aceast\u0103 marijuana are o arom\u0103 minunat\u0103 de smoothie delicios de banana-kush. Banana Kush are muguri verzi str\u0103lucitori, pufo\u0219i, cu fire de p\u0103r galben-portocaliu. Mugurii sunt acoperi\u021bi de cristale albe. Datorit\u0103 poten\u021bei sale, tulpina de canabis Banana Kush v\u0103 va calma durerea \u0219i v\u0103 va leg\u0103na p\u00e2n\u0103 la somn \u00een c\u00e2teva minute, fiind cea mai bun\u0103 pentru consumul de noapte. Cu THC la 18%, \u00eencep\u0103torii ar trebui s\u0103 fie aten\u021bi la doz\u0103.<\/p>","protected":false},"featured_media":4376,"comment_status":"open","ping_status":"closed","template":"","meta":{"_themeisle_gutenberg_block_has_review":false,"_ti_tpc_template_sync":false,"_ti_tpc_template_id":"","_joinchat":[]},"product_cat":[216],"product_tag":[],"class_list":{"0":"post-4360","1":"product","2":"type-product","3":"status-publish","4":"has-post-thumbnail","6":"product_cat-hybrid","8":"first","9":"instock","10":"shipping-taxable","11":"purchasable","12":"product-type-variable"},"yoast_head":"<!-- This site is optimized with the Yoast SEO plugin v22.7 - https:\/\/yoast.com\/wordpress\/plugins\/seo\/ -->\n<title>Weed to buy online uk | Buy banana kush online in Europe<\/title>\n<meta name=\"description\" content=\"Buy Banana Kush online for a flavorful hybrid strain known for its sweet tropical aroma and relaxing effects. Banana Kush for sale offers premium quality buds ideal for cannabis enthusiasts.\" \/>\n<meta name=\"robots\" content=\"index, follow, max-snippet:-1, max-image-preview:large, max-video-preview:-1\" \/>\n<link rel=\"canonical\" href=\"https:\/\/grassxpress.com\/ro\/produs\/banana-kush\/\" \/>\n<meta property=\"og:locale\" content=\"ro_RO\" \/>\n<meta property=\"og:type\" content=\"article\" \/>\n<meta property=\"og:title\" content=\"Weed to buy online uk | Buy banana kush online in Europe\" \/>\n<meta property=\"og:description\" content=\"Buy Banana Kush online for a flavorful hybrid strain known for its sweet tropical aroma and relaxing effects. Banana Kush for sale offers premium quality buds ideal for cannabis enthusiasts.\" \/>\n<meta property=\"og:url\" content=\"https:\/\/grassxpress.com\/ro\/produs\/banana-kush\/\" \/>\n<meta property=\"og:site_name\" content=\"GrassXpress\" \/>\n<meta property=\"article:modified_time\" content=\"2026-04-02T09:09:06+00:00\" \/>\n<meta property=\"og:image\" content=\"https:\/\/grassxpress.com\/wp-content\/uploads\/2022\/11\/Banana-kush.jpg\" \/>\n\t<meta property=\"og:image:width\" content=\"600\" \/>\n\t<meta property=\"og:image:height\" content=\"600\" \/>\n\t<meta property=\"og:image:type\" content=\"image\/jpeg\" \/>\n<meta name=\"twitter:card\" content=\"summary_large_image\" \/>\n<meta name=\"twitter:label1\" content=\"Timp estimat pentru citire\" \/>\n\t<meta name=\"twitter:data1\" content=\"3 minute\" \/>\n<!-- \/ Yoast SEO plugin. -->","yoast_head_json":{"title":"Weed to buy online uk | Buy banana kush online in Europe","description":"Buy Banana Kush online for a flavorful hybrid strain known for its sweet tropical aroma and relaxing effects. Banana Kush for sale offers premium quality buds ideal for cannabis enthusiasts.","robots":{"index":"index","follow":"follow","max-snippet":"max-snippet:-1","max-image-preview":"max-image-preview:large","max-video-preview":"max-video-preview:-1"},"canonical":"https:\/\/grassxpress.com\/ro\/produs\/banana-kush\/","og_locale":"ro_RO","og_type":"article","og_title":"Weed to buy online uk | Buy banana kush online in Europe","og_description":"Buy Banana Kush online for a flavorful hybrid strain known for its sweet tropical aroma and relaxing effects. Banana Kush for sale offers premium quality buds ideal for cannabis enthusiasts.","og_url":"https:\/\/grassxpress.com\/ro\/produs\/banana-kush\/","og_site_name":"GrassXpress","article_modified_time":"2026-04-02T09:09:06+00:00","og_image":[{"width":600,"height":600,"url":"https:\/\/grassxpress.com\/wp-content\/uploads\/2022\/11\/Banana-kush.jpg","type":"image\/jpeg"}],"twitter_card":"summary_large_image","twitter_misc":{"Timp estimat pentru citire":"3 minute"},"schema":{"@context":"https:\/\/schema.org","@graph":[{"@type":"WebPage","@id":"https:\/\/grassxpress.com\/product\/banana-kush\/","url":"https:\/\/grassxpress.com\/product\/banana-kush\/","name":"Weed to buy online uk | Buy banana kush online in Europe","isPartOf":{"@id":"https:\/\/grassxpress.com\/#website"},"primaryImageOfPage":{"@id":"https:\/\/grassxpress.com\/product\/banana-kush\/#primaryimage"},"image":{"@id":"https:\/\/grassxpress.com\/product\/banana-kush\/#primaryimage"},"thumbnailUrl":"https:\/\/grassxpress.com\/wp-content\/uploads\/2022\/11\/Banana-kush.jpg","datePublished":"2022-11-15T10:11:40+00:00","dateModified":"2026-04-02T09:09:06+00:00","description":"Buy Banana Kush online for a flavorful hybrid strain known for its sweet tropical aroma and relaxing effects. Banana Kush for sale offers premium quality buds ideal for cannabis enthusiasts.","breadcrumb":{"@id":"https:\/\/grassxpress.com\/product\/banana-kush\/#breadcrumb"},"inLanguage":"ro-RO","potentialAction":[{"@type":"ReadAction","target":["https:\/\/grassxpress.com\/product\/banana-kush\/"]}]},{"@type":"ImageObject","inLanguage":"ro-RO","@id":"https:\/\/grassxpress.com\/product\/banana-kush\/#primaryimage","url":"https:\/\/grassxpress.com\/wp-content\/uploads\/2022\/11\/Banana-kush.jpg","contentUrl":"https:\/\/grassxpress.com\/wp-content\/uploads\/2022\/11\/Banana-kush.jpg","width":600,"height":600,"caption":"Banana kush"},{"@type":"BreadcrumbList","@id":"https:\/\/grassxpress.com\/product\/banana-kush\/#breadcrumb","itemListElement":[{"@type":"ListItem","position":1,"name":"Home","item":"https:\/\/grassxpress.com\/"},{"@type":"ListItem","position":2,"name":"Mail Order Weed UK","item":"https:\/\/grassxpress.com\/mail-order-weed-uk\/"},{"@type":"ListItem","position":3,"name":"Buy Banana Kush Online UK"}]},{"@type":"WebSite","@id":"https:\/\/grassxpress.com\/#website","url":"https:\/\/grassxpress.com\/","name":"GrassXpress","description":"Buy Weed Online UK","publisher":{"@id":"https:\/\/grassxpress.com\/#organization"},"potentialAction":[{"@type":"SearchAction","target":{"@type":"EntryPoint","urlTemplate":"https:\/\/grassxpress.com\/?s={search_term_string}"},"query-input":"required name=search_term_string"}],"inLanguage":"ro-RO"},{"@type":"Organization","@id":"https:\/\/grassxpress.com\/#organization","name":"GrassXpress","url":"https:\/\/grassxpress.com\/","logo":{"@type":"ImageObject","inLanguage":"ro-RO","@id":"https:\/\/grassxpress.com\/#\/schema\/logo\/image\/","url":"https:\/\/grassxpress.com\/wp-content\/uploads\/2024\/01\/logo.png","contentUrl":"https:\/\/grassxpress.com\/wp-content\/uploads\/2024\/01\/logo.png","width":300,"height":100,"caption":"GrassXpress"},"image":{"@id":"https:\/\/grassxpress.com\/#\/schema\/logo\/image\/"}}]}},"_links":{"self":[{"href":"https:\/\/grassxpress.com\/ro\/wp-json\/wp\/v2\/product\/4360","targetHints":{"allow":["GET"]}}],"collection":[{"href":"https:\/\/grassxpress.com\/ro\/wp-json\/wp\/v2\/product"}],"about":[{"href":"https:\/\/grassxpress.com\/ro\/wp-json\/wp\/v2\/types\/product"}],"replies":[{"embeddable":true,"href":"https:\/\/grassxpress.com\/ro\/wp-json\/wp\/v2\/comments?post=4360"}],"wp:featuredmedia":[{"embeddable":true,"href":"https:\/\/grassxpress.com\/ro\/wp-json\/wp\/v2\/media\/4376"}],"wp:attachment":[{"href":"https:\/\/grassxpress.com\/ro\/wp-json\/wp\/v2\/media?parent=4360"}],"wp:term":[{"taxonomy":"product_cat","embeddable":true,"href":"https:\/\/grassxpress.com\/ro\/wp-json\/wp\/v2\/product_cat?post=4360"},{"taxonomy":"product_tag","embeddable":true,"href":"https:\/\/grassxpress.com\/ro\/wp-json\/wp\/v2\/product_tag?post=4360"}],"curies":[{"name":"wp","href":"https:\/\/api.w.org\/{rel}","templated":true}]}}