{"id":61,"date":"2020-01-23T18:21:52","date_gmt":"2020-01-23T18:21:52","guid":{"rendered":"https:\/\/demosites.io\/web-agency-gb\/?page_id=61"},"modified":"2023-01-06T07:07:00","modified_gmt":"2023-01-06T07:07:00","slug":"can-i-order-weed-online","status":"publish","type":"page","link":"https:\/\/grassxpress.com\/ro\/pot-comand-on-line-ieriana\/","title":{"rendered":"Despre noi"},"content":{"rendered":"<h1 style=\"text-align: justify;\">legit weed plugs online romana<\/h1>\n<p style=\"text-align: justify;\">Pot comanda iarba online, GrassXpress este un dispensar online de iarba de unde se poate cumpara iarba online in romana, fara a b\u00e2z\u00e2it un centimetru de la tine. S-ar putea s\u0103 v\u0103 \u00eentreba\u021bi, deoarece exist\u0103 mul\u021bi dealeri de iarb\u0103 \u00een apropierea mea, Marea Britanie. Avem cel mai competent magazin de farmacie care v\u0103 ofer\u0103 \u0219ansa de a cump\u0103ra produse de cea mai bun\u0103 calitate.<\/p>\n<p style=\"text-align: justify;\">Pute\u021bi\u00a0cump\u0103ra canabis online\u00a0f\u0103r\u0103 s\u0103 v\u0103 confrunta\u021bi cu nicio problem\u0103 care va trata boala unui pacient \u0219i va satisface dorin\u021bele recreative. Nu trebuie s\u0103 ie\u0219i din cas\u0103 pentru a cump\u0103ra tulpini de marijuana online, deoarece \u00ee\u021bi po\u021bi onora comanda fie prin smartphone-uri, PC-uri sau laptop-uri \u0219i po\u021bi vizita magazinul virtual de hash.<\/p>\n<p style=\"text-align: justify;\">Avem o colec\u021bie mare de toate soiurile de buruieni de \u00eenalt\u0103 calitate, cu pre\u021buri diferite pentru fiecare soi. Le pute\u021bi achizi\u021biona \u00een func\u021bie de interesele \u0219i preferin\u021bele dvs. Ambal\u0103m cu aten\u021bie fiecare dintre comenzile tale \u0219i le livr\u0103m acas\u0103 \u00een ambalaje atractive. Pachetul primit va fi inodor \u0219i va fi procesat \u00eentr-un interval de timp specificat. \u00cen ultimii c\u00e2\u021biva ani, ne-am impus ca firma lider de agrement, iar clien\u021bii \u0219i-au pus \u00eencrederea \u00een serviciile noastre. Am devenit una dintre firmele de canabis cu cea mai rapid\u0103 cre\u0219tere, ca urmare a abord\u0103rii \u0219i previziunii noastre persistente. Oferim servicii de livrare premium \u00eentr-un num\u0103r de \u021b\u0103ri din \u00eentreaga lume, inclusiv Regatul Unit, \u021a\u0103rile de Jos, Grecia, Fran\u021ba, Elve\u021bia, Italia \u0219i multe altele. Ne pute\u021bi trimite cererea dumneavoastr\u0103 dac\u0103 sunte\u021bi \u00een c\u0103utarea unui magazin online de canabis \u00een apropierea mea.<\/p>\n<p style=\"text-align: justify;\">Suntem \u00eencrez\u0103tori \u00een serviciile noastre, deoarece cei care cump\u0103r\u0103 canabis pentru v\u00e2nzare din magazinul nostru de internet revin la noi din c\u00e2nd \u00een c\u00e2nd. Suntem una dintre cele mai bune firme de ghiveci din lume, cu exper\u021bi \u00een marijuana \u0219i muncitori instrui\u021bi care inspecteaz\u0103 cu aten\u021bie fiecare articol \u00eenainte de a-l trimite la u\u0219a dumneavoastr\u0103. Oferim o metod\u0103 de plat\u0103 sigur\u0103, iar toate produsele se vor \u00eencadra \u00eentr-un interval de pre\u021b acceptabil pentru dvs.<\/p>\n<p style=\"text-align: justify;\">Pute\u021bi comanda prin po\u0219t\u0103 iarb\u0103 din Marea Britanie precum AK-47, Banana Kush, Blue Dream, Blueberry Kush, Harlequin, Gelato 47, Girls Scout Cookies, Jack Ripper, Lemon Haze, Mango Kush, Master Kush dintr-un magazin online.<\/p>\n<h2 style=\"text-align: justify;\">Pot comanda iarba online<\/h2>\n<p style=\"text-align: justify;\">Am fost irita\u021bi de c\u00e2t de dificil poate fi s\u0103 cercet\u0103m o cultur\u0103 de canabis \u0219i s\u0103 primim r\u0103spunsuri adev\u0103rate la \u00eentreb\u0103rile de baz\u0103 despre cultivare, dup\u0103 ani \u00een care am r\u0103sfoit cele mai importante site-uri de cultivare de canabis. De asemenea, GrassXpress credea c\u0103 este necesar\u0103 o metod\u0103 mai u\u0219or de utilizat de educare a oamenilor despre cre\u0219tere. Am considerat c\u0103 este timpul s\u0103 cre\u0103m un site web care s\u0103 arate c\u00e2t de simplu este s\u0103 produci canabis \u00een interior, cu aproape orice buget. GrassXpress a inten\u021bionat s\u0103 creeze o resurs\u0103 care nu necesita autentificare sau cont, ci pur \u0219i simplu a furnizat cuno\u0219tin\u021be extinse u\u0219or de g\u0103sit pentru \u00eentreaga planet\u0103. Ca urmare a acestui fapt a fost \u00eenfiin\u021bat Sky Bud Shop Store! Este posibil s\u0103 cump\u0103ra\u021bi marijuana online?<\/p>\n<p style=\"text-align: justify;\">GrassXpress livreaz\u0103 acelea\u0219i produse de canabis pe care le ve\u021bi g\u0103si la dispensarul local de marijuana acas\u0103 la dumneavoastr\u0103 \u00een Europa \u0219i \u00een \u00eentreaga lume. Persoanele cu probleme medicale primesc reduceri de la GrassXpress, precum \u0219i costuri reduse pentru clien\u021bii repeta. R\u0103sfoi\u021bi site-ul nostru pentru delicatesele preferate de THC \u0219i plasa\u021bi comanda folosind formularul nostru de comand\u0103 online sau imprimabil. Marijuana dvs. autentic\u0103 prin coresponden\u021b\u0103 va fi trimis\u0103 \u00een aceea\u0219i zi \u00een care primim plata \u0219i pute\u021bi fi siguri c\u0103 livrarea va fi discret\u0103 \u0219i sigur\u0103. Da, cu o comand\u0103 po\u0219tal\u0103 direct\u0103 \u0219i livrare rapid\u0103 la domiciliu, pute\u021bi cump\u0103ra marijuana real\u0103 online...<\/p>\n<p style=\"text-align: justify;\">Dac\u0103 dori\u021bi s\u0103 cump\u0103ra\u021bi marijuana sub form\u0103 de muguri, ha\u0219, fursecuri, brownies, tincturi sau unt, v\u0103 vom dep\u0103\u0219i a\u0219tept\u0103rile cu selec\u021bia noastr\u0103 uimitoare \u0219i calitatea produselor alimentare care sunt coapte cu cele mai bune ingrediente \u0219i stabilite la un pre\u021b pe care vi-l pute\u021bi permite. Buc\u0103tarul nostru este un buc\u0103tar profesionist, iar cultivatorii no\u0219tri au cultivat cea mai bun\u0103 iarb\u0103 care v\u0103 va face garantat s\u0103 reveni\u021bi pentru mai mult. Avem de v\u00e2nzare doar cea mai bun\u0103 marijuana care con\u021bine THC real \u00een toate produsele noastre.<\/p>\n<p style=\"text-align: justify;\"><strong>cel mai mic pret garantat<\/strong><\/p>\n<p style=\"text-align: justify;\">C\u0103uta\u021bi cel mai bun dispensar de marijuana online unde pre\u021bul reflect\u0103 calitatea produsului dvs.? Atunci nu puteai g\u0103si un loc mai bun. La Get Kush, oferim clien\u021bilor no\u0219tri cele mai mici pre\u021buri pentru flori de marijuana.<\/p>\n<p style=\"text-align: justify;\">Toate tulpinile sunt premium.<\/p>\n<p style=\"text-align: justify;\"><strong>transport gratuit<\/strong><\/p>\n<p style=\"text-align: justify;\">Toate comenzile de peste 250 de euro beneficiaz\u0103 de transport gratuit. V\u0103 pute\u021bi bucura de marijuana comandat\u0103 prin po\u0219t\u0103 \u0219tiind c\u0103 tocmai a\u021bi comandat tulpinile preferate \u00een confortul casei dumneavoastr\u0103. Odat\u0103 ce am primit comanda, \u021bi-o vom trimite prin DHL, UPS, EMS \u0219i altele, asigur\u00e2nd o livrare rapid\u0103 \u0219i sigur\u0103, cu consecven\u021b\u0103 100%.<\/p>\n<p style=\"text-align: justify;\"><strong>sigur \u0219i sigur<\/strong><\/p>\n<p style=\"text-align: justify;\">Buruiana ridic\u0103 \u00eenc\u0103 controverse \u00een r\u00e2ndul unora. \u00cen\u021belegem asta, motiv pentru care ne p\u0103str\u0103m transportul discret. Produsele dvs. vor fi ambalate astfel \u00eenc\u00e2t s\u0103 arate ca o comand\u0103 prin po\u0219t\u0103 obi\u0219nuit\u0103, cu livrare nedetectabil\u0103 \u0219i criptare sigur\u0103 a datelor privind tranzac\u021biile.<\/p>","protected":false},"excerpt":{"rendered":"<p>legit weed plugs online UK Can i order weed online, GrassXpress is an online weed dispensary where one can buy weed online UK, without buzzing an inch from your place. You might be wondering as there are many weed dealers near me uk. We have the most proficient pharmacy store that offers you the chance<\/p>\n<div class=\"more-link\">\n             <a href=\"https:\/\/grassxpress.com\/ro\/pot-comand-on-line-ieriana\/\" class=\"link-btn\"><span>Continue Reading <\/span><i class=\"icofont-thin-double-right\"><\/i><\/a>\n        <\/div>","protected":false},"author":1,"featured_media":0,"parent":0,"menu_order":0,"comment_status":"closed","ping_status":"closed","template":"","meta":{"_themeisle_gutenberg_block_has_review":false,"_ti_tpc_template_sync":false,"_ti_tpc_template_id":"0qhau2t6eoekosrgo1a2","_joinchat":[],"footnotes":""},"class_list":["post-61","page","type-page","status-publish","hentry"],"yoast_head":"<!-- This site is optimized with the Yoast SEO plugin v22.7 - https:\/\/yoast.com\/wordpress\/plugins\/seo\/ -->\n<title>Can i order weed online | legit weed plugs online uk | cannabis online uk<\/title>\n<meta name=\"description\" content=\"Can i order weed online. Online Dispensary in Europa for Mail Order Marijuana. Shop for Edibles, Concentrates, Sativa&#039;s, Indica&#039;s &amp; Hybrids.\" \/>\n<meta name=\"robots\" content=\"index, follow, max-snippet:-1, max-image-preview:large, max-video-preview:-1\" \/>\n<link rel=\"canonical\" href=\"https:\/\/grassxpress.com\/ro\/pot-comand-on-line-ieriana\/\" \/>\n<meta property=\"og:locale\" content=\"ro_RO\" \/>\n<meta property=\"og:type\" content=\"article\" \/>\n<meta property=\"og:title\" content=\"Can i order weed online | legit weed plugs online uk | cannabis online uk\" \/>\n<meta property=\"og:description\" content=\"Can i order weed online. Online Dispensary in Europa for Mail Order Marijuana. Shop for Edibles, Concentrates, Sativa&#039;s, Indica&#039;s &amp; Hybrids.\" \/>\n<meta property=\"og:url\" content=\"https:\/\/grassxpress.com\/ro\/pot-comand-on-line-ieriana\/\" \/>\n<meta property=\"og:site_name\" content=\"GrassXpress\" \/>\n<meta property=\"article:modified_time\" content=\"2023-01-06T07:07:00+00:00\" \/>\n<meta name=\"twitter:card\" content=\"summary_large_image\" \/>\n<meta name=\"twitter:label1\" content=\"Timp estimat pentru citire\" \/>\n\t<meta name=\"twitter:data1\" content=\"4 minute\" \/>\n<!-- \/ Yoast SEO plugin. -->","yoast_head_json":{"title":"Can i order weed online | legit weed plugs online uk | cannabis online uk","description":"Can i order weed online. Online Dispensary in Europa for Mail Order Marijuana. Shop for Edibles, Concentrates, Sativa's, Indica's & Hybrids.","robots":{"index":"index","follow":"follow","max-snippet":"max-snippet:-1","max-image-preview":"max-image-preview:large","max-video-preview":"max-video-preview:-1"},"canonical":"https:\/\/grassxpress.com\/ro\/pot-comand-on-line-ieriana\/","og_locale":"ro_RO","og_type":"article","og_title":"Can i order weed online | legit weed plugs online uk | cannabis online uk","og_description":"Can i order weed online. Online Dispensary in Europa for Mail Order Marijuana. Shop for Edibles, Concentrates, Sativa's, Indica's & Hybrids.","og_url":"https:\/\/grassxpress.com\/ro\/pot-comand-on-line-ieriana\/","og_site_name":"GrassXpress","article_modified_time":"2023-01-06T07:07:00+00:00","twitter_card":"summary_large_image","twitter_misc":{"Timp estimat pentru citire":"4 minute"},"schema":{"@context":"https:\/\/schema.org","@graph":[{"@type":"WebPage","@id":"https:\/\/grassxpress.com\/ro\/pot-comand-on-line-ieriana\/","url":"https:\/\/grassxpress.com\/ro\/pot-comand-on-line-ieriana\/","name":"Can i order weed online | legit weed plugs online uk | cannabis online uk","isPartOf":{"@id":"https:\/\/grassxpress.com\/#website"},"datePublished":"2020-01-23T18:21:52+00:00","dateModified":"2023-01-06T07:07:00+00:00","description":"Can i order weed online. Online Dispensary in Europa for Mail Order Marijuana. Shop for Edibles, Concentrates, Sativa's, Indica's & Hybrids.","breadcrumb":{"@id":"https:\/\/grassxpress.com\/ro\/pot-comand-on-line-ieriana\/#breadcrumb"},"inLanguage":"ro-RO","potentialAction":[{"@type":"ReadAction","target":["https:\/\/grassxpress.com\/ro\/pot-comand-on-line-ieriana\/"]}]},{"@type":"BreadcrumbList","@id":"https:\/\/grassxpress.com\/ro\/pot-comand-on-line-ieriana\/#breadcrumb","itemListElement":[{"@type":"ListItem","position":1,"name":"Home","item":"https:\/\/grassxpress.com\/"},{"@type":"ListItem","position":2,"name":"About us"}]},{"@type":"WebSite","@id":"https:\/\/grassxpress.com\/#website","url":"https:\/\/grassxpress.com\/","name":"GrassXpress","description":"Buy Weed Online UK","publisher":{"@id":"https:\/\/grassxpress.com\/#organization"},"potentialAction":[{"@type":"SearchAction","target":{"@type":"EntryPoint","urlTemplate":"https:\/\/grassxpress.com\/?s={search_term_string}"},"query-input":"required name=search_term_string"}],"inLanguage":"ro-RO"},{"@type":"Organization","@id":"https:\/\/grassxpress.com\/#organization","name":"GrassXpress","url":"https:\/\/grassxpress.com\/","logo":{"@type":"ImageObject","inLanguage":"ro-RO","@id":"https:\/\/grassxpress.com\/#\/schema\/logo\/image\/","url":"https:\/\/grassxpress.com\/wp-content\/uploads\/2024\/01\/logo.png","contentUrl":"https:\/\/grassxpress.com\/wp-content\/uploads\/2024\/01\/logo.png","width":300,"height":100,"caption":"GrassXpress"},"image":{"@id":"https:\/\/grassxpress.com\/#\/schema\/logo\/image\/"}}]}},"_links":{"self":[{"href":"https:\/\/grassxpress.com\/ro\/wp-json\/wp\/v2\/pages\/61","targetHints":{"allow":["GET"]}}],"collection":[{"href":"https:\/\/grassxpress.com\/ro\/wp-json\/wp\/v2\/pages"}],"about":[{"href":"https:\/\/grassxpress.com\/ro\/wp-json\/wp\/v2\/types\/page"}],"author":[{"embeddable":true,"href":"https:\/\/grassxpress.com\/ro\/wp-json\/wp\/v2\/users\/1"}],"replies":[{"embeddable":true,"href":"https:\/\/grassxpress.com\/ro\/wp-json\/wp\/v2\/comments?post=61"}],"version-history":[{"count":1,"href":"https:\/\/grassxpress.com\/ro\/wp-json\/wp\/v2\/pages\/61\/revisions"}],"predecessor-version":[{"id":4659,"href":"https:\/\/grassxpress.com\/ro\/wp-json\/wp\/v2\/pages\/61\/revisions\/4659"}],"wp:attachment":[{"href":"https:\/\/grassxpress.com\/ro\/wp-json\/wp\/v2\/media?parent=61"}],"curies":[{"name":"wp","href":"https:\/\/api.w.org\/{rel}","templated":true}]}}