{"id":3603,"date":"2020-08-01T14:39:21","date_gmt":"2020-08-01T14:39:21","guid":{"rendered":"https:\/\/diligentplug.com\/?page_id=3603"},"modified":"2020-08-01T14:39:21","modified_gmt":"2020-08-01T14:39:21","slug":"shipping","status":"publish","type":"page","link":"https:\/\/grassxpress.com\/ro\/expediere\/","title":{"rendered":"Transport"},"content":{"rendered":"<div id=\"wp-block-themeisle-blocks-advanced-columns-49060903\" class=\"wp-block-themeisle-blocks-advanced-columns has-1-columns has-desktop-equal-layout has-tablet-equal-layout has-mobile-equal-layout has-default-gap has-vertical-unset\">\n<div class=\"wp-block-themeisle-blocks-advanced-columns-overlay\"><strong>C\u00e2nd primesc comanda mea?<\/strong><\/div>\n<div class=\"innerblocks-wrap\">\n<div id=\"wp-block-themeisle-blocks-advanced-column-af2d631f\" class=\"wp-block-themeisle-blocks-advanced-column\">\n\n\n<p>Avem sediul \u00een Olanda (Europa). Expedierea dureaz\u0103 \u00eentre 1 \u0219i 3 zile lucr\u0103toare. Media este de 2 zile. Re\u021binerile la vam\u0103 pot provoca o \u00eent\u00e2rziere. Dar, din moment ce ne ascundem produsele at\u00e2t de bine, vama va l\u0103sa pachetul s\u0103 treac\u0103 dup\u0103 inspec\u021bie.<\/p>\n\n\n\n<p><strong>Cum este ambalat\u0103 comanda mea?<\/strong><\/p>\n\n\n\n<p>Comanda dvs. va fi ambalat\u0103 \u00eentr-un plic rezistent, c\u0103ptu\u0219it. Nu se face nicio referire la marijuana sau la produsele legate de marijuana \u00een exterior sau \u00een interior. Folosim adrese diferite ale expeditorului \u0219i nu folosim ambalaje de marc\u0103. \u00cen plic ve\u021bi g\u0103si un articol care con\u021bine comanda dvs.<\/p>\n\n\n\n<p><strong>Cum este garantat\u0103 transportul?<\/strong><\/p>\n\n\n\n<p>Dac\u0103 comanda dvs. nu ajunge sau este confiscat\u0103, v\u0103 vom expedia din nou comanda. Gratuit! Avem urm\u0103toarele condi\u021bii de reexpediere. Reexpedierea gratuit\u0103 are loc dup\u0103 5 zile lucr\u0103toare. Majoritatea pachetelor ajung \u00een decurs de 1 s\u0103pt\u0103m\u00e2n\u0103, iar cele care nu vin vor fi livrate \u00een urm\u0103toarea s\u0103pt\u0103m\u00e2n\u0103. Po\u0219ta interna\u021bional\u0103 \u0219i vama pot avea diverse \u00eent\u00e2rzieri, de unde \u0219i perioada de a\u0219teptare.<\/p>\n\n\n\n<p>Dac\u0103 a\u021bi introdus o adres\u0103 incorect\u0103 (cum ar fi uitarea num\u0103rului apartamentului), atunci nu putem reexpedia gratuit. Adresa este tip\u0103rit\u0103 EXACT pe m\u0103sur\u0103 ce o introduce\u021bi, f\u0103r\u0103 ac\u021biuni manuale din partea noastr\u0103 (cu excep\u021bia cazului \u00een care ne cere\u021bi acest lucru). Cu toate acestea, nu te l\u0103s\u0103m \u00een frig, a\u0219a c\u0103 pentru a compensa vei primi un cod pentru o reducere de 50% la urm\u0103toarea ta comand\u0103. Pute\u021bi oferi o adres\u0103 alternativ\u0103 pentru a doua expediere. Vom folosi \u0219i o alt\u0103 metod\u0103 stealth.<\/p>\n\n\n\n<p><strong>\u00cen ce \u021b\u0103ri expedia\u021bi?<\/strong><\/p>\n\n\n\n<p><a href=\"https:\/\/grassxpress.com\/ro\/comanda-weed-online-roman\/\">Noi<\/a> expediaz\u0103 \u00een toat\u0103 lumea \u00een toate \u021b\u0103rile din care primim comenzi. Din p\u0103cate, nu putem garanta livrarea \u00een toate, deoarece livrarea local\u0103 nu este suficient de fiabil\u0103 \u00een unele \u021b\u0103ri.<\/p>\n\n\n\n<p>Pentru alte tari: livrarea este garantata! Deci, dac\u0103 locuie\u0219ti de exemplu \u00een rom\u00e2nul sau <a href=\"https:\/\/en.wikipedia.org\/wiki\/Australia\">Australia<\/a>, livrarea coletului dumneavoastr\u0103 este garantat\u0103 de noi.<\/p>\n<\/div>\n<!-- \/wp:post-content --><\/div>\n<\/div>\n<!-- \/wp:themeisle-blocks\/advanced-columns -->","protected":false},"excerpt":{"rendered":"<p>We are based in the Netherlands (Europe). Shipping\u00a0takes between 1 and 3 business days. The average is 2 days. Holdups at customs can cause a delay. But, since we hide our products so well, customs will let the package through after inspection. How is my order packaged? Your order will be packed in a sturdy,<\/p>\n<div class=\"more-link\">\n             <a href=\"https:\/\/grassxpress.com\/ro\/expediere\/\" class=\"link-btn\"><span>Continue Reading <\/span><i class=\"icofont-thin-double-right\"><\/i><\/a>\n        <\/div>","protected":false},"author":1,"featured_media":0,"parent":0,"menu_order":0,"comment_status":"closed","ping_status":"closed","template":"","meta":{"_themeisle_gutenberg_block_has_review":false,"_ti_tpc_template_sync":false,"_ti_tpc_template_id":"","_joinchat":[],"footnotes":""},"class_list":["post-3603","page","type-page","status-publish","hentry"],"yoast_head":"<!-- This site is optimized with the Yoast SEO plugin v22.7 - https:\/\/yoast.com\/wordpress\/plugins\/seo\/ -->\n<title>Shipping | Delivery Is Guaranteed - GrassXpress<\/title>\n<meta name=\"description\" content=\"We are based in the Netherlands. Shipping\u00a0takes between 1 and 3 business days. The average is 2 days. Holdups at customs can cause a delay.\" \/>\n<meta name=\"robots\" content=\"index, follow, max-snippet:-1, max-image-preview:large, max-video-preview:-1\" \/>\n<link rel=\"canonical\" href=\"https:\/\/grassxpress.com\/ro\/wysylka\/\" \/>\n<meta property=\"og:locale\" content=\"ro_RO\" \/>\n<meta property=\"og:type\" content=\"article\" \/>\n<meta property=\"og:title\" content=\"Shipping | Delivery Is Guaranteed - GrassXpress\" \/>\n<meta property=\"og:description\" content=\"We are based in the Netherlands. Shipping\u00a0takes between 1 and 3 business days. The average is 2 days. Holdups at customs can cause a delay.\" \/>\n<meta property=\"og:url\" content=\"https:\/\/grassxpress.com\/ro\/wysylka\/\" \/>\n<meta property=\"og:site_name\" content=\"GrassXpress\" \/>\n<meta name=\"twitter:card\" content=\"summary_large_image\" \/>\n<meta name=\"twitter:label1\" content=\"Timp estimat pentru citire\" \/>\n\t<meta name=\"twitter:data1\" content=\"2 minute\" \/>\n<!-- \/ Yoast SEO plugin. -->","yoast_head_json":{"title":"Shipping | Delivery Is Guaranteed - GrassXpress","description":"We are based in the Netherlands. Shipping\u00a0takes between 1 and 3 business days. The average is 2 days. Holdups at customs can cause a delay.","robots":{"index":"index","follow":"follow","max-snippet":"max-snippet:-1","max-image-preview":"max-image-preview:large","max-video-preview":"max-video-preview:-1"},"canonical":"https:\/\/grassxpress.com\/ro\/wysylka\/","og_locale":"ro_RO","og_type":"article","og_title":"Shipping | Delivery Is Guaranteed - GrassXpress","og_description":"We are based in the Netherlands. Shipping\u00a0takes between 1 and 3 business days. The average is 2 days. Holdups at customs can cause a delay.","og_url":"https:\/\/grassxpress.com\/ro\/wysylka\/","og_site_name":"GrassXpress","twitter_card":"summary_large_image","twitter_misc":{"Timp estimat pentru citire":"2 minute"},"schema":{"@context":"https:\/\/schema.org","@graph":[{"@type":"WebPage","@id":"https:\/\/grassxpress.com\/pl\/wysylka\/","url":"https:\/\/grassxpress.com\/pl\/wysylka\/","name":"Shipping | Delivery Is Guaranteed - GrassXpress","isPartOf":{"@id":"https:\/\/grassxpress.com\/#website"},"datePublished":"2020-08-01T14:39:21+00:00","dateModified":"2020-08-01T14:39:21+00:00","description":"We are based in the Netherlands. Shipping\u00a0takes between 1 and 3 business days. The average is 2 days. Holdups at customs can cause a delay.","breadcrumb":{"@id":"https:\/\/grassxpress.com\/pl\/wysylka\/#breadcrumb"},"inLanguage":"ro-RO","potentialAction":[{"@type":"ReadAction","target":["https:\/\/grassxpress.com\/pl\/wysylka\/"]}]},{"@type":"BreadcrumbList","@id":"https:\/\/grassxpress.com\/pl\/wysylka\/#breadcrumb","itemListElement":[{"@type":"ListItem","position":1,"name":"Home","item":"https:\/\/grassxpress.com\/"},{"@type":"ListItem","position":2,"name":"Shipping"}]},{"@type":"WebSite","@id":"https:\/\/grassxpress.com\/#website","url":"https:\/\/grassxpress.com\/","name":"GrassXpress","description":"Buy Weed Online UK","publisher":{"@id":"https:\/\/grassxpress.com\/#organization"},"potentialAction":[{"@type":"SearchAction","target":{"@type":"EntryPoint","urlTemplate":"https:\/\/grassxpress.com\/?s={search_term_string}"},"query-input":"required name=search_term_string"}],"inLanguage":"ro-RO"},{"@type":"Organization","@id":"https:\/\/grassxpress.com\/#organization","name":"GrassXpress","url":"https:\/\/grassxpress.com\/","logo":{"@type":"ImageObject","inLanguage":"ro-RO","@id":"https:\/\/grassxpress.com\/#\/schema\/logo\/image\/","url":"https:\/\/grassxpress.com\/wp-content\/uploads\/2024\/01\/logo.png","contentUrl":"https:\/\/grassxpress.com\/wp-content\/uploads\/2024\/01\/logo.png","width":300,"height":100,"caption":"GrassXpress"},"image":{"@id":"https:\/\/grassxpress.com\/#\/schema\/logo\/image\/"}}]}},"_links":{"self":[{"href":"https:\/\/grassxpress.com\/ro\/wp-json\/wp\/v2\/pages\/3603","targetHints":{"allow":["GET"]}}],"collection":[{"href":"https:\/\/grassxpress.com\/ro\/wp-json\/wp\/v2\/pages"}],"about":[{"href":"https:\/\/grassxpress.com\/ro\/wp-json\/wp\/v2\/types\/page"}],"author":[{"embeddable":true,"href":"https:\/\/grassxpress.com\/ro\/wp-json\/wp\/v2\/users\/1"}],"replies":[{"embeddable":true,"href":"https:\/\/grassxpress.com\/ro\/wp-json\/wp\/v2\/comments?post=3603"}],"version-history":[{"count":0,"href":"https:\/\/grassxpress.com\/ro\/wp-json\/wp\/v2\/pages\/3603\/revisions"}],"wp:attachment":[{"href":"https:\/\/grassxpress.com\/ro\/wp-json\/wp\/v2\/media?parent=3603"}],"curies":[{"name":"wp","href":"https:\/\/api.w.org\/{rel}","templated":true}]}}