{"id":3298,"date":"2020-02-18T05:09:07","date_gmt":"2020-02-18T05:09:07","guid":{"rendered":"https:\/\/diligentplug.com\/?page_id=3298"},"modified":"2020-02-18T05:09:07","modified_gmt":"2020-02-18T05:09:07","slug":"faqs","status":"publish","type":"page","link":"https:\/\/grassxpress.com\/ro\/faqs\/","title":{"rendered":"\u00centreb\u0103ri frecvente"},"content":{"rendered":"<div id=\"main-content\">\n<article id=\"post-2333\" class=\"post-2333 page type-page status-publish hentry\">\n<div class=\"entry-content\">\n<div id=\"et-boc\" class=\"et-boc\">\n<div class=\"et-l et-l--post\">\n<div class=\"et_builder_inner_content et_pb_gutters3\">\n<div class=\"et_pb_section et_pb_section_1 et_section_regular\">\n<div class=\"et_pb_row et_pb_row_2\">\n<div class=\"et_pb_column et_pb_column_4_4 et_pb_column_2 et_pb_css_mix_blend_mode_passthrough et-last-child\">\n<div class=\"et_pb_module et_pb_text et_pb_text_2 et_pb_text_align_center et_pb_bg_layout_light\">\n<div class=\"et_pb_text_inner\">\n<h2>De unde pot cump\u0103ra iarb\u0103 online?<\/h2>\n<p>Acesta este un cuv\u00e2nt cheie care apare de aproximativ 18.150 de ori \u00een rezultatele c\u0103ut\u0103rii la fiecare 30 de zile \u0219i, prin urmare, exist\u0103<br \/>\nconsiderat\u0103 ca fiind una dintre cele mai frecvente \u00eentreb\u0103ri adresate online.Iat\u0103 r\u0103spunsul t\u0103u, dup\u0103 ce ai v\u0103zut c\u00e2t de dificil a fost<br \/>\ncump\u0103rarea de iarb\u0103 online, astfel \u00eenc\u00e2t echipa noastr\u0103 a decis s\u0103 se adune \u00eempreun\u0103 \u0219i s\u0103 aduc\u0103 \u00een to\u021bi factorii necesari \u0219i acum pute\u021bi comanda sau cump\u0103ra iarb\u0103 online de la noi \u00een doar trei pa\u0219i simpli, a\u0219a c\u0103 vom dori s\u0103 v\u0103 r\u0103spundem la \u00eentrebarea dvs. spun\u00e2nd \"DA\" pute\u021bi cump\u0103ra iarb\u0103 online de la weed-crew.net \u0219i primi\u021bi-o livrat\u0103 \u00een doar o r\u0103sucire de ochi.<\/p>\n<\/div>\n<\/div>\n<\/div>\n<\/div>\n<div class=\"et_pb_row et_pb_row_3\">\n<div class=\"et_pb_column et_pb_column_4_4 et_pb_column_3 et_pb_css_mix_blend_mode_passthrough et-last-child\">\n<div class=\"et_pb_module et_pb_text et_pb_text_3 et_pb_text_align_center et_pb_bg_layout_light\">\n<div class=\"et_pb_text_inner\">\n<h3>\u00cen c\u00e2t timp va fi expediat\u0103 comanda mea?<\/h3>\n<p>Facem tot posibilul pentru a ne asigura c\u0103 toate odorizantele sunt expediate \u00een aceea\u0219i zi, odat\u0103 ce comanda este primit\u0103 \u0219i plata este confirmat\u0103, vom proceda la ambalare \u0219i, odat\u0103 ce ambalajul este gata, vom continua \u0219i vom expedia, dup\u0103 care vi se va furniza num\u0103rul de urm\u0103rire a pachetului pentru a v\u0103 permite s\u0103 urm\u0103ri\u021bi pachetul \u00een timp ce este \u00een tranzit p\u00e2n\u0103 c\u00e2nd ajunge la dvs. Livr\u0103m folosind <a href=\"https:\/\/en.wikipedia.org\/wiki\/United_States_Postal_Service\">USPS<\/a>, UPS, FEDEX sau Marble Logistics.<\/p>\n<\/div>\n<\/div>\n<\/div>\n<\/div>\n<div class=\"et_pb_row et_pb_row_4\">\n<div class=\"et_pb_column et_pb_column_4_4 et_pb_column_4 et_pb_css_mix_blend_mode_passthrough et-last-child\">\n<div class=\"et_pb_module et_pb_text et_pb_text_4 et_pb_text_align_center et_pb_bg_layout_light\">\n<div class=\"et_pb_text_inner\">\n<h3>\u00cen c\u00e2t timp voi primi pachetul meu?<\/h3>\n<p>Toate pachetele sunt expediate \u00een aceea\u0219i zi (24 de ore) de la primirea comenzii, \u00eens\u0103 timpul necesar pentru ca pachetul s\u0103 ajung\u0103 la dumneavoastr\u0103 depinde \u00een \u00eentregime de doi factori.<br \/>\n- Primul factor este tipul de expediere, prin tip de expediere \u00een\u021belegem dac\u0103 pachetul v-a fost trimis ca un pachet obi\u0219nuit, pentru livrare \u00een aceea\u0219i zi sau prin po\u0219t\u0103 prioritar\u0103. Dac\u0103 pachetul dvs. este \u00eenregistrat ca o coresponden\u021b\u0103 obi\u0219nuit\u0103, atunci va dura p\u00e2n\u0103 la dou\u0103 zile (948 de ore) pentru a ajunge la dvs., \u00een timp ce dac\u0103 este trimis prin po\u0219t\u0103 pentru livrare \u00een aceea\u0219i zi sau prin po\u0219t\u0103 prioritar\u0103, atunci va ajunge la dvs. \u00een 24 de ore.<br \/>\n- \u00cen al doilea r\u00e2nd, timpul necesar pentru ca pachetul s\u0103 ajung\u0103 la dumneavoastr\u0103 depinde de destina\u021bia acestuia, \u0219i prin destina\u021bia pachetului \u00een\u021belegem dac\u0103 adresa de livrare se afl\u0103 \u00een SUA sau \u00een Europa. Toate pachetele trimise la destina\u021bii din SUA sunt livrate \u00een cel mult 48 de ore, \u00een timp ce pentru pachetele din Europa este mai probabil s\u0103 dureze p\u00e2n\u0103 la trei zile (72 de ore).<\/p>\n<\/div>\n<\/div>\n<\/div>\n<\/div>\n<div class=\"et_pb_row et_pb_row_5\">\n<div class=\"et_pb_column et_pb_column_4_4 et_pb_column_5 et_pb_css_mix_blend_mode_passthrough et-last-child\">\n<div class=\"et_pb_module et_pb_text et_pb_text_5 et_pb_text_align_center et_pb_bg_layout_light\">\n<div class=\"et_pb_text_inner\">\n<h3>Exist\u0103 reduceri la comenzi?<\/h3>\n<p>La fel ca orice afacere de comand\u0103, ofertele noastre ofer\u0103 reduceri la comenzile \u00een vrac \u0219i la toate comenzile efectuate cu tipuri de pl\u0103\u021bi precum Bitcoins. Toate comenzile mai mari de $800 beneficiaz\u0103 de o reducere de 25%, \u00een timp ce comenzile pl\u0103tite prin Bitcoins beneficiaz\u0103 de o reducere de 20%. \u00cencuraj\u0103m comenzile \u00een vrac, deoarece acestea vin \u0219i cu semin\u021be gratuite. CITE\u0218TE MAI MULTE despre semin\u021bele gratuite de pe pagina noastr\u0103 de politic\u0103 de asisten\u021b\u0103 agricol\u0103.<\/p>\n<\/div>\n<\/div>\n<\/div>\n<\/div>\n<div class=\"et_pb_row et_pb_row_6\">\n<div class=\"et_pb_column et_pb_column_4_4 et_pb_column_6 et_pb_css_mix_blend_mode_passthrough et-last-child\">\n<div class=\"et_pb_module et_pb_text et_pb_text_6 et_pb_text_align_center et_pb_bg_layout_light\">\n<div class=\"et_pb_text_inner\">\n<h3>Este sigur s\u0103 cumperi iarb\u0103 online?<\/h3>\n<p>Cump\u0103rarea de iarb\u0103 online poate fi complicat\u0103 \u0219i riscant\u0103 uneori dac\u0103 nu contacta\u021bi persoanele potrivite, \u00eens\u0103 noi o facem c\u00e2t mai sigur\u0103 posibil lu\u00e2nd \u00een considerare c\u00e2\u021biva factori, dup\u0103 cum urmeaz\u0103<br \/>\n- Este marijuana medicinal\u0103 ? cump\u0103rarea de iarb\u0103 online poate fi dificil\u0103, deoarece este foarte probabil s\u0103 ob\u021bine\u021bi doar o mostr\u0103 din produs.<br \/>\ndup\u0103 ce trebuie s\u0103 fi pl\u0103tit deja pentru ea, a\u0219a c\u0103 trebuie s\u0103 v\u0103 asigura\u021bi c\u0103 ceea ce pl\u0103ti\u021bi este marijuana medicinal\u0103 \u0219i\/sau testat\u0103 \u00een laborator pentru con\u021binutul de THC \u0219i CBD.<br \/>\n- Va fi bine \u00eempachetat astfel \u00eenc\u00e2t s\u0103 nu am probleme ?<br \/>\nTrebuie s\u0103 v\u0103 asigura\u021bi c\u0103 comanda dvs. va fi bine sigilat\u0103 pentru a asigura siguran\u021ba \u00een m\u00e2inile curierului, \u00een cazul \u00een care<br \/>\npachetul nu este bine sigilat, atunci nu se poate garanta o expediere sigur\u0103 prin USPS, UPS sau orice alt serviciu de curierat \u0219i, prin urmare, nu pute\u021bi fi sigur c\u0103 pachetul va ajunge \u00een m\u00e2na dumneavoastr\u0103 sau nu.<\/p>\n<\/div>\n<\/div>\n<\/div>\n<\/div>\n<div class=\"et_pb_row et_pb_row_7\">\n<div class=\"et_pb_column et_pb_column_4_4 et_pb_column_7 et_pb_css_mix_blend_mode_passthrough et-last-child\">\n<div class=\"et_pb_module et_pb_text et_pb_text_7 et_pb_text_align_center et_pb_bg_layout_light\">\n<div class=\"et_pb_text_inner\">\n<h3>Pot s\u0103 pl\u0103tesc cu un card de credit sau de debit?<\/h3>\n<p>\u00cen lumea online de ast\u0103zi, cardul de credit \u0219i cardurile de debit reprezint\u0103 una dintre cele mai flexibile metode de plat\u0103 online.<br \/>\npruchases \u0219i credem c\u0103 fiecare afacere ar trebui s\u0103 ia m\u0103suri \u00een acest sens. la weed-crew.net pute\u021bi face plata direct cu ajutorul cardului de credit sau de debit. Sim\u021bi\u021bi-v\u0103 \u00een siguran\u021b\u0103 s\u0103 pl\u0103ti\u021bi prin card de credit sau de debit, deoarece site-ul nostru este securizat SSL.<\/p>\n<\/div>\n<\/div>\n<\/div>\n<\/div>\n<div class=\"et_pb_row et_pb_row_8\">\n<div class=\"et_pb_column et_pb_column_4_4 et_pb_column_8 et_pb_css_mix_blend_mode_passthrough et-last-child\">\n<div class=\"et_pb_module et_pb_text et_pb_text_8 et_pb_text_align_center et_pb_bg_layout_light\">\n<div class=\"et_pb_text_inner\">\n<h3>Trimite\u021bi mostre gratuite Pentru a cump\u0103ra Weed Online?<\/h3>\n<p><a href=\"https:\/\/grassxpress.com\/ro\/comanda-weed-online-roman\/\">Noi<\/a> oferim mostre de p\u00e2n\u0103 la $50-$100 \u00een valoare de p\u00e2n\u0103 la $50-$100 pentru to\u021bi poten\u021bialii cump\u0103r\u0103tori \u00een vrac care a\u0219teapt\u0103 cu ner\u0103bdare o afacere pe termen lung, dar doresc s\u0103 \u00eencerce produsele noastre \u00eenainte de a face achizi\u021bii uria\u0219e, cu toate acestea, mostrele nu sunt \u00een \u00eentregime gratuite, deoarece vi se cere s\u0103 pl\u0103ti\u021bi 30% din valoarea pachetului, deoarece ne-am dat seama c\u0103 atunci c\u00e2nd oferim mostre gratuite, unii clien\u021bi folosesc acest lucru ca pe o porti\u021b\u0103 de exploatare \u0219i comand\u0103 doar pentru mostre gratuite doar pentru a fuma \u0219i a se droga. Toate mostrele sunt un amestec de 2 grame fiecare de p\u00e2n\u0103 la 10 soiuri diferite la alegere.<\/p>\n<\/div>\n<\/div>\n<\/div>\n<\/div>\n<div class=\"et_pb_row et_pb_row_9\">\n<div class=\"et_pb_column et_pb_column_4_4 et_pb_column_9 et_pb_css_mix_blend_mode_passthrough et-last-child\">\n<div class=\"et_pb_module et_pb_text et_pb_text_9 et_pb_text_align_center et_pb_bg_layout_light\">\n<div class=\"et_pb_text_inner\">\n<h3>Vinde\u021bi minorilor?<\/h3>\n<p>Minorii, a\u0219a cum \u00eei numim noi, sunt clien\u021bii cu v\u00e2rsta sub 18 ani. Nu oferim serviciile noastre niciunei persoane sau persoane<br \/>\nsub v\u00e2rsta de 18 ani. Cu toate acestea, dac\u0103 sunte\u021bi un pacient sau suferi\u021bi de probleme legate de anxietate, atunci putem vinde<br \/>\ncantit\u0103\u021bi mici de produse specificate.<\/p>\n<\/div>\n<\/div>\n<\/div>\n<\/div>\n<\/div>\n<\/div>\n<\/div>\n<\/div>\n<\/div>\n<\/article>\n<\/div>","protected":false},"excerpt":{"rendered":"<p>Where Can I Buy Weed Online? This is a keyword which appears approximately 18,150 times in search results every 30 days and there fore is considered as one of the most frequent questions asked online.Here is your answer, after seeing how difficult it was buying weed online so our team decided to come together and<\/p>\n<div class=\"more-link\">\n             <a href=\"https:\/\/grassxpress.com\/ro\/faqs\/\" class=\"link-btn\"><span>Continue Reading <\/span><i class=\"icofont-thin-double-right\"><\/i><\/a>\n        <\/div>","protected":false},"author":1,"featured_media":0,"parent":0,"menu_order":0,"comment_status":"closed","ping_status":"closed","template":"","meta":{"_themeisle_gutenberg_block_has_review":false,"_ti_tpc_template_sync":false,"_ti_tpc_template_id":"","_joinchat":[],"footnotes":""},"class_list":["post-3298","page","type-page","status-publish","hentry"],"yoast_head":"<!-- This site is optimized with the Yoast SEO plugin v22.7 - https:\/\/yoast.com\/wordpress\/plugins\/seo\/ -->\n<title>FAQs | About To Buy Weed Online - GrassXpress<\/title>\n<meta name=\"description\" content=\"If you have a question? We answer your question by saying \u201cYES\u201d you can buy weed online from weed-crew.net.All packages are shiped same day.\" \/>\n<meta name=\"robots\" content=\"index, follow, max-snippet:-1, max-image-preview:large, max-video-preview:-1\" \/>\n<link rel=\"canonical\" href=\"https:\/\/grassxpress.com\/ro\/faqs\/\" \/>\n<meta property=\"og:locale\" content=\"ro_RO\" \/>\n<meta property=\"og:type\" content=\"article\" \/>\n<meta property=\"og:title\" content=\"FAQs | About To Buy Weed Online - GrassXpress\" \/>\n<meta property=\"og:description\" content=\"If you have a question? We answer your question by saying \u201cYES\u201d you can buy weed online from weed-crew.net.All packages are shiped same day.\" \/>\n<meta property=\"og:url\" content=\"https:\/\/grassxpress.com\/ro\/faqs\/\" \/>\n<meta property=\"og:site_name\" content=\"GrassXpress\" \/>\n<meta name=\"twitter:card\" content=\"summary_large_image\" \/>\n<meta name=\"twitter:label1\" content=\"Timp estimat pentru citire\" \/>\n\t<meta name=\"twitter:data1\" content=\"4 minute\" \/>\n<!-- \/ Yoast SEO plugin. -->","yoast_head_json":{"title":"FAQs | About To Buy Weed Online - GrassXpress","description":"If you have a question? We answer your question by saying \u201cYES\u201d you can buy weed online from weed-crew.net.All packages are shiped same day.","robots":{"index":"index","follow":"follow","max-snippet":"max-snippet:-1","max-image-preview":"max-image-preview:large","max-video-preview":"max-video-preview:-1"},"canonical":"https:\/\/grassxpress.com\/ro\/faqs\/","og_locale":"ro_RO","og_type":"article","og_title":"FAQs | About To Buy Weed Online - GrassXpress","og_description":"If you have a question? We answer your question by saying \u201cYES\u201d you can buy weed online from weed-crew.net.All packages are shiped same day.","og_url":"https:\/\/grassxpress.com\/ro\/faqs\/","og_site_name":"GrassXpress","twitter_card":"summary_large_image","twitter_misc":{"Timp estimat pentru citire":"4 minute"},"schema":{"@context":"https:\/\/schema.org","@graph":[{"@type":"WebPage","@id":"https:\/\/grassxpress.com\/it\/faqs\/","url":"https:\/\/grassxpress.com\/it\/faqs\/","name":"FAQs | About To Buy Weed Online - GrassXpress","isPartOf":{"@id":"https:\/\/grassxpress.com\/#website"},"datePublished":"2020-02-18T05:09:07+00:00","dateModified":"2020-02-18T05:09:07+00:00","description":"If you have a question? We answer your question by saying \u201cYES\u201d you can buy weed online from weed-crew.net.All packages are shiped same day.","breadcrumb":{"@id":"https:\/\/grassxpress.com\/it\/faqs\/#breadcrumb"},"inLanguage":"ro-RO","potentialAction":[{"@type":"ReadAction","target":["https:\/\/grassxpress.com\/it\/faqs\/"]}]},{"@type":"BreadcrumbList","@id":"https:\/\/grassxpress.com\/it\/faqs\/#breadcrumb","itemListElement":[{"@type":"ListItem","position":1,"name":"Home","item":"https:\/\/grassxpress.com\/"},{"@type":"ListItem","position":2,"name":"FAQs"}]},{"@type":"WebSite","@id":"https:\/\/grassxpress.com\/#website","url":"https:\/\/grassxpress.com\/","name":"GrassXpress","description":"Buy Weed Online UK","publisher":{"@id":"https:\/\/grassxpress.com\/#organization"},"potentialAction":[{"@type":"SearchAction","target":{"@type":"EntryPoint","urlTemplate":"https:\/\/grassxpress.com\/?s={search_term_string}"},"query-input":"required name=search_term_string"}],"inLanguage":"ro-RO"},{"@type":"Organization","@id":"https:\/\/grassxpress.com\/#organization","name":"GrassXpress","url":"https:\/\/grassxpress.com\/","logo":{"@type":"ImageObject","inLanguage":"ro-RO","@id":"https:\/\/grassxpress.com\/#\/schema\/logo\/image\/","url":"https:\/\/grassxpress.com\/wp-content\/uploads\/2024\/01\/logo.png","contentUrl":"https:\/\/grassxpress.com\/wp-content\/uploads\/2024\/01\/logo.png","width":300,"height":100,"caption":"GrassXpress"},"image":{"@id":"https:\/\/grassxpress.com\/#\/schema\/logo\/image\/"}}]}},"_links":{"self":[{"href":"https:\/\/grassxpress.com\/ro\/wp-json\/wp\/v2\/pages\/3298","targetHints":{"allow":["GET"]}}],"collection":[{"href":"https:\/\/grassxpress.com\/ro\/wp-json\/wp\/v2\/pages"}],"about":[{"href":"https:\/\/grassxpress.com\/ro\/wp-json\/wp\/v2\/types\/page"}],"author":[{"embeddable":true,"href":"https:\/\/grassxpress.com\/ro\/wp-json\/wp\/v2\/users\/1"}],"replies":[{"embeddable":true,"href":"https:\/\/grassxpress.com\/ro\/wp-json\/wp\/v2\/comments?post=3298"}],"version-history":[{"count":0,"href":"https:\/\/grassxpress.com\/ro\/wp-json\/wp\/v2\/pages\/3298\/revisions"}],"wp:attachment":[{"href":"https:\/\/grassxpress.com\/ro\/wp-json\/wp\/v2\/media?parent=3298"}],"curies":[{"name":"wp","href":"https:\/\/api.w.org\/{rel}","templated":true}]}}