{"id":4363,"date":"2022-11-15T10:34:28","date_gmt":"2022-11-15T10:34:28","guid":{"rendered":"https:\/\/documentosespana.com\/diligent\/?post_type=product&#038;p=4363"},"modified":"2026-04-02T09:17:53","modified_gmt":"2026-04-02T09:17:53","slug":"og-kush-strain","status":"publish","type":"product","link":"https:\/\/grassxpress.com\/pt\/produto\/og-kush-strain\/","title":{"rendered":"OG Kush"},"content":{"rendered":"<h2>OG Kush para venda<\/h2>\n<p><a href=\"https:\/\/grassxpress.com\/pt\/produto\/og-kush-strain\/\">Buy OG Kush Strain<\/a> from <a href=\"https:\/\/grassxpress.com\/pt\/\">grassxpress.com<\/a> Com o melhor pre\u00e7o e a mais alta qualidade, a OG Kush \u00e9 uma h\u00edbrida com predomin\u00e2ncia sativa extremamente popular. \u00c9 uma lenda viva entre as variedades de can\u00e1bis. Altamente apreciada pelo seu efeito potente e sabor excecional, tornou-se rapidamente a variedade de can\u00e1bis mais popular do mundo. A OG Kush \u00e9 excelente para cruzamentos e cria\u00e7\u00e3o de novos fen\u00f3tipos, partilhando a sua gen\u00e9tica excecional com diversas variedades Kush de alta pot\u00eancia da Calif\u00f3rnia, como a Fire OG e a Tahoe OG. <a href=\"https:\/\/grassxpress.com\/pt\/mail-order-weed-uk\/\">Mais<\/a><\/p>\n<p>Apesar de sua popularidade, a cepa OG Kush original \u00e9 considerada um mist\u00e9rio gen\u00e9tico. Muitos produtores acreditam que foi um cruzamento entre Chemdawg, Lemon Thai e Hindu Kush, mas ningu\u00e9m sabe ao certo. Muitos acham que a cepa de maconha OG Kush \u00e9 uma \u00f3tima cepa para al\u00edvio da dor e ins\u00f4nia. N\u00e3o \u00e9 incomum que OG Kush tenha cerca de 80% de THC. Isso produz uma euforia que \u00e9 inicialmente edificante, seguida por uma euforia pesada e relaxante para o corpo. Encomenda de ervas daninhas por correio<\/p>\n<h3>O que \u00e9 OG Kush?<\/h3>\n<p>OG Kush Marijuana Strain\u00a0The foundational backbone of multiple\u00a0world famous cannabis strains,\u00a0OG Kush\u00a0is considered legendary for revolutionizing the <a href=\"https:\/\/grassxpress.com\/pt\/produto\/platinum-girl-scout-cookies\/\">marijuana<\/a> industry, arguably rising to the recognition of \u201cmost well-known cannabis strain\u201d.\u00a0The OG Kush strain\u00a0is classified as a hybrid, with little known about its genetic origins, although rumors claim that this strain is a blend between possible parent plants\u00a0Chemdawg\u00a0and\u00a0Hindu Kush.<\/p>\n<p>Esta informa\u00e7\u00e3o nunca foi confirmada, mas as origens do OG Kush n\u00e3o parecem importar, pois o efeito que teve no mundo da cannabis parece ser muito mais importante. Uma infinidade de fen\u00f3tipos foi criada a partir do OG Kush, muitos deles ganhando popularidade, assim como o OGK. Alguns desses fen\u00f3tipos conhecidos incluem Tahoe OG, Fire OG, SFV OG, Double OG e muitos outros - nosso palpite \u00e9 que voc\u00ea provavelmente est\u00e1 familiarizado com pelo menos alguns deles. erva daninha por correspond\u00eancia <a href=\"https:\/\/en.wikipedia.org\/wiki\/Special:Search?search=weed+online&amp;go=Go&amp;ns0=1\">Reino Unido<\/a><\/p>\n<p>Desconto de \u00f3leo CBD Parcialmente, a raz\u00e3o pela qual OG Kush tem sido amplamente utilizado na cria\u00e7\u00e3o gen\u00e9tica de cannabis, \u00e9 devido \u00e0 alta pot\u00eancia de THC desta cepa original que parece ajudar muitos consumidores com uma variedade de problemas m\u00e9dicos que possam estar enfrentando. Com n\u00edveis de THC registrados na faixa de 20 a 27, os pacotes OG Kush s\u00e3o especialmente poderosos, atingindo verdadeiramente quem o consome.<\/p>\n<p>Although world-known, <a href=\"https:\/\/en.wikipedia.org\/wiki\/Kush\">OG Kush<\/a> seems to primarily be consumed throughout California, Colorado and the Pacific Northwest, so if you want to try a dank batch of this heady cannabis strain, look to those regions for answers.<\/p>\n<h3>E Kush Aroma<\/h3>\n<p>Sabor e Apar\u00eancia OG Kush tem um dos aromas mais frescos, intensamente reminiscente de estar perdido vagando nas profundezas de uma floresta antiga. Seu aroma \u00e9 amadeirado, pinho e terroso, atingindo imediatamente suas papilas gustativas com um golpe poderoso. Seu sabor continua a surpreender os consumidores, com tons inesperados de lima, lim\u00e3o e frutas c\u00edtricas, al\u00e9m de toques picantes. Encomenda de erva daninha Portugal.<\/p>\n<p>Em termos de apar\u00eancia, a erva daninha OG Kush tem a apar\u00eancia tradicional da cannabis, apresentando a cl\u00e1ssica cor verde-amarela da folha de a\u00e7\u00facar, com pistilos laranja e verde frondoso, \u00e0s vezes folhas de \u00e1gua sombreadas com s\u00e1lvia. Os bot\u00f5es s\u00e3o densamente revestidos com tricomas cristalinos, o que faz todo o sentido se voc\u00ea considerar o alto teor de THC da variedade OG Kush. Efeitos OG Kush Mantendo-se fiel \u00e0 sua classifica\u00e7\u00e3o h\u00edbrida, a erva OG Kush \u00e9 especialmente equilibrada, com sua moca trazendo o melhor dos dois mundos.<\/p>\n<p>Uma mistura vibrante de caracter\u00edsticas indica e sativa, testes OG Kush em plug diligente, n\u00edveis de sativa e\u00a0 indica s\u00e3o 60% e 87%. Depois de consumir OG Kush, espere uma forte euforia e efeitos cerebrais intensos, geralmente seguidos por uma sensa\u00e7\u00e3o leve a forte de bloqueio do sof\u00e1.<\/p>\n<p>Considerada uma das variedades mais relaxantes e edificantes, a OG Kush parece oferecer aos seus consumidores uma combina\u00e7\u00e3o maravilhosa n\u00e3o apenas de euforia total para derreter o corpo, mas tamb\u00e9m um resultado igualmente ben\u00e9fico para a mente, deixando quem a experimenta feliz, calmo e tranquilo. , mas capaz de rir, rir e se divertir muito.<\/p>\n<h3>Benef\u00edcios m\u00e9dicos da cepa de cannabis n\u00ba 1<\/h3>\n<p>OG Kush OG Kush Top View Mais frequentemente consumido medicamente para transtornos mentais e dor cr\u00f4nica. A erva daninha OG Kush \u00e9 uma cepa de cannabis extremamente curativa. Isso surpreendeu o mundo da maconha medicinal com sua capacidade de atender a tantos ao longo dos anos de sua exist\u00eancia.<\/p>\n<p>Seus poderes m\u00e1gicos s\u00e3o parcialmente a raz\u00e3o do crescimento da popularidade em massa da OGK. \u00c0 medida que mais e mais pessoas descobrem que \u00e9 melhor consumir essa cepa. Do que tomar medicamentos tradicionais que muitas vezes s\u00e3o associados a efeitos colaterais negativos que alteram a vida.<\/p>\n<p>Aqueles que lidam com estresse, depress\u00e3o e ins\u00f4nia descobriram que a cepa OG Kush \u00e9 especialmente medicinal. Bem como pacientes com dor intensa e cr\u00f4nica. OG Kush realmente ajuda a relaxar e anestesiar os pontos doloridos. Se voc\u00ea est\u00e1 passando por estresse, depress\u00e3o, ansiedade ou outro transtorno mental. <a href=\"https:\/\/grassxpress.com\/pt\/produto\/og-kush-strain\/\">Secure checkout<\/a><\/p>\n<p>Ent\u00e3o \u00e9 melhor fumar uma quantidade leve de erva daninha OG Kush ou comer um comest\u00edvel de baixa dosagem. Porque consumir qualquer cepa de maconha em excesso enquanto lida com um transtorno mental pode, na verdade, fazer mais mal do que bem. Conhe\u00e7a seus limites e fique dentro desses limites.<\/p>\n<p>Por outro lado, se voc\u00ea est\u00e1 lidando com ins\u00f4nia, falta de sono ou dor cr\u00f4nica. Ent\u00e3o, ingerir uma dose mais alta da cepa OG Kush seria de maior benef\u00edcio. Isso ajudar\u00e1 a atacar imediatamente o problema de frente. Sem deixar nenhuma possibilidade de n\u00e3o ter consumido uma dose alta o suficiente para realmente sentir os benef\u00edcios. Para atingir uma dose mais alta, uma forma comest\u00edvel, concentrada ou outra forma consum\u00edvel de cannabis pode estar em ordem.<\/p>\n<p>Poss\u00edveis efeitos colaterais do OG Kush. A melhor maneira de evitar poss\u00edveis efeitos colaterais da maconha OG Kush \u00e9 usar de precau\u00e7\u00e3o. Se voc\u00ea \u00e9 sens\u00edvel ao THC e conhece seus limites ao consumir cannabis. Os consumidores geralmente relatam boca e olhos secos como um efeito colateral comum ao experimentar a erva daninha OG Kush. N\u00e3o se preocupe, isso \u00e9 facilmente resolvido bebendo l\u00edquidos hidratantes e usando col\u00edrios hidratantes, se necess\u00e1rio.<\/p>\n<h3>Adicionalmente,<\/h3>\n<p>Alguns indiv\u00edduos experimentaram paran\u00f3ia ap\u00f3s consumir a cepa OG Kush. Mas lembrando que sua euforia vai passar e apenas continue respirando lenta, profunda e constantemente. Pode ajudar a manter a cabe\u00e7a limpa se voc\u00ea estiver passando por algum padr\u00e3o de pensamento negativo.<\/p>\n<p>T\u00e9cnicas de medita\u00e7\u00e3o e relaxamento profundo tamb\u00e9m podem ser uma orienta\u00e7\u00e3o \u00fatil. Considera\u00e7\u00f5es finais sobre o OG Kush: Esperamos que voc\u00ea tenha achado esta revis\u00e3o do OG Kush n\u00e3o apenas divertida. Mas tamb\u00e9m educacional e informativo. \u00c9 importante lembrar que o consumo da maconha \u00e9 de responsabilidade exclusiva do usu\u00e1rio e deve ser tomado com discri\u00e7\u00e3o.<\/p>","protected":false},"excerpt":{"rendered":"<p><strong>Grade:<\/strong> A<br \/>\nType: Sativa dominant hybrid<br \/>\n<strong>Looks:<\/strong> This deep green bud is fluffy, frosty and packed with red hairs.<br \/>\n<strong>Smell:<\/strong> Piney, Cedar-like, Citrus<br \/>\n<strong>Taste:<\/strong> A very nice earthy and pine taste with a sweet after note . A very smooth and refreshing smoke. Vaporizing intensifies flavor and is a delight to have in the mouth.<br \/>\n<strong>Effects:<\/strong> Induces a feeling of euphoria, happiness, and creativity. An uplifting and energized high.<br \/>\nPotency: 10\/10 (It\u2019s a 1 hit wonder)<\/p>","protected":false},"featured_media":4421,"comment_status":"open","ping_status":"closed","template":"","meta":{"_themeisle_gutenberg_block_has_review":false,"_ti_tpc_template_sync":false,"_ti_tpc_template_id":"","_joinchat":[]},"product_cat":[216],"product_tag":[],"class_list":{"0":"post-4363","1":"product","2":"type-product","3":"status-publish","4":"has-post-thumbnail","6":"product_cat-hybrid","8":"first","9":"instock","10":"shipping-taxable","11":"purchasable","12":"product-type-variable"},"yoast_head":"<!-- This site is optimized with the Yoast SEO plugin v22.7 - https:\/\/yoast.com\/wordpress\/plugins\/seo\/ -->\n<title>OG Kush Strain Online For Sale | GrassXpress<\/title>\n<meta name=\"description\" content=\"Buy OG Kush online in uk and explore a legendary cannabis strain valued for its strong aroma and balanced hybrid effects. OG Kush for sale featuring distinctive earthy, citrus, and fuel-like terpene notes.\" \/>\n<meta name=\"robots\" content=\"index, follow, max-snippet:-1, max-image-preview:large, max-video-preview:-1\" \/>\n<link rel=\"canonical\" href=\"https:\/\/grassxpress.com\/pt\/produto\/og-kush-strain\/\" \/>\n<meta property=\"og:locale\" content=\"pt_PT\" \/>\n<meta property=\"og:type\" content=\"article\" \/>\n<meta property=\"og:title\" content=\"OG Kush Strain Online For Sale | GrassXpress\" \/>\n<meta property=\"og:description\" content=\"Buy OG Kush online in uk and explore a legendary cannabis strain valued for its strong aroma and balanced hybrid effects. OG Kush for sale featuring distinctive earthy, citrus, and fuel-like terpene notes.\" \/>\n<meta property=\"og:url\" content=\"https:\/\/grassxpress.com\/pt\/produto\/og-kush-strain\/\" \/>\n<meta property=\"og:site_name\" content=\"GrassXpress\" \/>\n<meta property=\"article:modified_time\" content=\"2026-04-02T09:17:53+00:00\" \/>\n<meta property=\"og:image\" content=\"https:\/\/grassxpress.com\/wp-content\/uploads\/2022\/11\/OG-kush.jpg\" \/>\n\t<meta property=\"og:image:width\" content=\"600\" \/>\n\t<meta property=\"og:image:height\" content=\"600\" \/>\n\t<meta property=\"og:image:type\" content=\"image\/jpeg\" \/>\n<meta name=\"twitter:card\" content=\"summary_large_image\" \/>\n<meta name=\"twitter:label1\" content=\"Tempo estimado de leitura\" \/>\n\t<meta name=\"twitter:data1\" content=\"6 minutos\" \/>\n<!-- \/ Yoast SEO plugin. -->","yoast_head_json":{"title":"OG Kush Strain Online For Sale | GrassXpress","description":"Buy OG Kush online in uk and explore a legendary cannabis strain valued for its strong aroma and balanced hybrid effects. OG Kush for sale featuring distinctive earthy, citrus, and fuel-like terpene notes.","robots":{"index":"index","follow":"follow","max-snippet":"max-snippet:-1","max-image-preview":"max-image-preview:large","max-video-preview":"max-video-preview:-1"},"canonical":"https:\/\/grassxpress.com\/pt\/produto\/og-kush-strain\/","og_locale":"pt_PT","og_type":"article","og_title":"OG Kush Strain Online For Sale | GrassXpress","og_description":"Buy OG Kush online in uk and explore a legendary cannabis strain valued for its strong aroma and balanced hybrid effects. OG Kush for sale featuring distinctive earthy, citrus, and fuel-like terpene notes.","og_url":"https:\/\/grassxpress.com\/pt\/produto\/og-kush-strain\/","og_site_name":"GrassXpress","article_modified_time":"2026-04-02T09:17:53+00:00","og_image":[{"width":600,"height":600,"url":"https:\/\/grassxpress.com\/wp-content\/uploads\/2022\/11\/OG-kush.jpg","type":"image\/jpeg"}],"twitter_card":"summary_large_image","twitter_misc":{"Tempo estimado de leitura":"6 minutos"},"schema":{"@context":"https:\/\/schema.org","@graph":[{"@type":"WebPage","@id":"https:\/\/grassxpress.com\/product\/og-kush-strain\/","url":"https:\/\/grassxpress.com\/product\/og-kush-strain\/","name":"OG Kush Strain Online For Sale | GrassXpress","isPartOf":{"@id":"https:\/\/grassxpress.com\/#website"},"primaryImageOfPage":{"@id":"https:\/\/grassxpress.com\/product\/og-kush-strain\/#primaryimage"},"image":{"@id":"https:\/\/grassxpress.com\/product\/og-kush-strain\/#primaryimage"},"thumbnailUrl":"https:\/\/grassxpress.com\/wp-content\/uploads\/2022\/11\/OG-kush.jpg","datePublished":"2022-11-15T10:34:28+00:00","dateModified":"2026-04-02T09:17:53+00:00","description":"Buy OG Kush online in uk and explore a legendary cannabis strain valued for its strong aroma and balanced hybrid effects. OG Kush for sale featuring distinctive earthy, citrus, and fuel-like terpene notes.","breadcrumb":{"@id":"https:\/\/grassxpress.com\/product\/og-kush-strain\/#breadcrumb"},"inLanguage":"pt-PT","potentialAction":[{"@type":"ReadAction","target":["https:\/\/grassxpress.com\/product\/og-kush-strain\/"]}]},{"@type":"ImageObject","inLanguage":"pt-PT","@id":"https:\/\/grassxpress.com\/product\/og-kush-strain\/#primaryimage","url":"https:\/\/grassxpress.com\/wp-content\/uploads\/2022\/11\/OG-kush.jpg","contentUrl":"https:\/\/grassxpress.com\/wp-content\/uploads\/2022\/11\/OG-kush.jpg","width":600,"height":600,"caption":"OG kush"},{"@type":"BreadcrumbList","@id":"https:\/\/grassxpress.com\/product\/og-kush-strain\/#breadcrumb","itemListElement":[{"@type":"ListItem","position":1,"name":"Home","item":"https:\/\/grassxpress.com\/"},{"@type":"ListItem","position":2,"name":"Mail Order Weed UK","item":"https:\/\/grassxpress.com\/mail-order-weed-uk\/"},{"@type":"ListItem","position":3,"name":"OG kush"}]},{"@type":"WebSite","@id":"https:\/\/grassxpress.com\/#website","url":"https:\/\/grassxpress.com\/","name":"GrassXpress","description":"Buy Weed Online UK","publisher":{"@id":"https:\/\/grassxpress.com\/#organization"},"potentialAction":[{"@type":"SearchAction","target":{"@type":"EntryPoint","urlTemplate":"https:\/\/grassxpress.com\/?s={search_term_string}"},"query-input":"required name=search_term_string"}],"inLanguage":"pt-PT"},{"@type":"Organization","@id":"https:\/\/grassxpress.com\/#organization","name":"GrassXpress","url":"https:\/\/grassxpress.com\/","logo":{"@type":"ImageObject","inLanguage":"pt-PT","@id":"https:\/\/grassxpress.com\/#\/schema\/logo\/image\/","url":"https:\/\/grassxpress.com\/wp-content\/uploads\/2024\/01\/logo.png","contentUrl":"https:\/\/grassxpress.com\/wp-content\/uploads\/2024\/01\/logo.png","width":300,"height":100,"caption":"GrassXpress"},"image":{"@id":"https:\/\/grassxpress.com\/#\/schema\/logo\/image\/"}}]}},"_links":{"self":[{"href":"https:\/\/grassxpress.com\/pt\/wp-json\/wp\/v2\/product\/4363","targetHints":{"allow":["GET"]}}],"collection":[{"href":"https:\/\/grassxpress.com\/pt\/wp-json\/wp\/v2\/product"}],"about":[{"href":"https:\/\/grassxpress.com\/pt\/wp-json\/wp\/v2\/types\/product"}],"replies":[{"embeddable":true,"href":"https:\/\/grassxpress.com\/pt\/wp-json\/wp\/v2\/comments?post=4363"}],"wp:featuredmedia":[{"embeddable":true,"href":"https:\/\/grassxpress.com\/pt\/wp-json\/wp\/v2\/media\/4421"}],"wp:attachment":[{"href":"https:\/\/grassxpress.com\/pt\/wp-json\/wp\/v2\/media?parent=4363"}],"wp:term":[{"taxonomy":"product_cat","embeddable":true,"href":"https:\/\/grassxpress.com\/pt\/wp-json\/wp\/v2\/product_cat?post=4363"},{"taxonomy":"product_tag","embeddable":true,"href":"https:\/\/grassxpress.com\/pt\/wp-json\/wp\/v2\/product_tag?post=4363"}],"curies":[{"name":"wp","href":"https:\/\/api.w.org\/{rel}","templated":true}]}}