{"id":4360,"date":"2022-11-15T10:11:40","date_gmt":"2022-11-15T10:11:40","guid":{"rendered":"https:\/\/documentosespana.com\/diligent\/?post_type=product&#038;p=4360"},"modified":"2026-04-02T09:09:06","modified_gmt":"2026-04-02T09:09:06","slug":"banana-kush","status":"publish","type":"product","link":"https:\/\/grassxpress.com\/pt\/produto\/banana-kush\/","title":{"rendered":"Buy Banana Kush Online UK"},"content":{"rendered":"<div class=\"relative basis-auto flex-col -mb-(--composer-overlap-px) [--composer-overlap-px:28px] grow flex\">\n<div class=\"flex flex-col text-sm pb-25\">\n<article class=\"text-token-text-primary w-full focus:outline-none [--shadow-height:45px] has-data-writing-block:pointer-events-none has-data-writing-block:-mt-(--shadow-height) has-data-writing-block:pt-(--shadow-height) [&amp;:has([data-writing-block])&gt;*]:pointer-events-auto scroll-mt-[calc(var(--header-height)+min(200px,max(70px,20svh)))]\" dir=\"auto\" tabindex=\"-1\" data-turn-id=\"request-WEB:04e6e77b-5047-4170-b5cf-69678400d879-6\" data-testid=\"conversation-turn-14\" data-scroll-anchor=\"true\" data-turn=\"assistant\">\n<div class=\"text-base my-auto mx-auto pb-10 [--thread-content-margin:var(--thread-content-margin-xs,calc(var(--spacing)*4))] @w-sm\/main:[--thread-content-margin:var(--thread-content-margin-sm,calc(var(--spacing)*6))] @w-lg\/main:[--thread-content-margin:var(--thread-content-margin-lg,calc(var(--spacing)*16))] px-(--thread-content-margin)\">\n<div class=\"[--thread-content-max-width:40rem] @w-lg\/main:[--thread-content-max-width:48rem] mx-auto max-w-(--thread-content-max-width) flex-1 group\/turn-messages focus-visible:outline-hidden relative flex w-full min-w-0 flex-col agent-turn\" tabindex=\"-1\">\n<div class=\"flex max-w-full flex-col gap-4 grow\">\n<div class=\"min-h-8 text-message relative flex w-full flex-col items-end gap-2 text-start break-words whitespace-normal [.text-message+&amp;]:mt-1\" dir=\"auto\" data-message-author-role=\"assistant\" data-message-id=\"692c1616-ac21-4157-920c-8936db92195e\" data-message-model-slug=\"gpt-5-3\">\n<div class=\"flex w-full flex-col gap-1 empty:hidden\">\n<div class=\"markdown prose dark:prose-invert w-full wrap-break-word light markdown-new-styling\">\n<h2 data-section-id=\"1pwhjtz\" data-start=\"0\" data-end=\"38\">Comprar Can\u00e1bis Online no Reino Unido \u2013 Banana Kush<\/h2>\n<p data-start=\"40\" data-end=\"379\">If you are looking for weed to buy online UK, many cannabis enthusiasts prefer to <a href=\"https:\/\/grassxpress.com\/pt\/produto\/banana-kush\/\">Buy Banana Kush online<\/a> ...devido ao seu sabor \u00fanico e aos seus efeitos relaxantes. Conhecida pelo seu aroma tropical adocicado e por uma poderosa sensa\u00e7\u00e3o corporal, a Banana Kush \u2014 dispon\u00edvel para venda \u2014 \u00e9 uma das variedades mais populares entre os consumidores de can\u00e1bis que procuram flores de qualidade premium.<\/p>\n<h1 data-section-id=\"1qkgbfg\" data-start=\"381\" data-end=\"409\">Buy Banana Kush Online UK<\/h1>\n<p data-start=\"411\" data-end=\"771\">Adquira a Banana Kush em lojas de can\u00e1bis de confian\u00e7a se procura uma variedade que ofere\u00e7a uma combina\u00e7\u00e3o equilibrada de euforia e relaxamento profundo. A Banana Kush \u00e9 uma variedade muito conhecida da Costa Oeste, famosa pelo seu sabor a banana e pelos seus efeitos calmantes. Muitos consumidores que compram a Banana Kush online apreciam a sua combina\u00e7\u00e3o de sensa\u00e7\u00f5es mentais revigorantes e um relaxamento f\u00edsico reconfortante. Esta variedade \u00e9 um cruzamento entre a Ghost OG e a Skunk Haze, sendo reconhecida pelo seu aroma inconfund\u00edvel e por um processo de cultivo considerado moderadamente desafiante. Devido \u00e0 sua popularidade e ao seu perfil de terpenos \u00fanico, muitos utilizadores pesquisam \"Onde comprar Banana Kush?\" ao procurar produtos de can\u00e1bis de alta qualidade.<\/p>\n<h3 data-section-id=\"1d3xzlz\" data-start=\"1067\" data-end=\"1088\">Lab Tested Results<\/h3>\n<p data-start=\"1090\" data-end=\"1110\">THC: 25%<br data-start=\"1098\" data-end=\"1101\" \/>CBD: 0,7%<\/p>\n<p data-start=\"1112\" data-end=\"1278\">These cannabinoid levels contribute to the powerful effects that make Banana Kush for sale a highly sought-after strain for both recreational and therapeutic use.<\/p>\n<h3 data-section-id=\"mnten1\" data-start=\"1280\" data-end=\"1305\">Experi\u00eancia Banana Kush<\/h3>\n<p data-start=\"1307\" data-end=\"1560\">Embora a Banana Kush seja predominantemente uma variedade Indica, tamb\u00e9m proporciona uma ligeira estimula\u00e7\u00e3o mental t\u00edpica das Sativas. Muitos consumidores de can\u00e1bis que encomendam a Banana Kush online relatam uma forte sensa\u00e7\u00e3o corporal que, gradualmente, conduz a um relaxamento profundo e \u00e0 sonol\u00eancia. Devido aos seus potentes efeitos sedativos, a compra da Banana Kush online \u00e9 frequentemente recomendada para uso noturno. Muitos utilizadores experientes preferem esta variedade antes de dormir, uma vez que as suas propriedades calmantes podem ajudar a promover um sono reparador. Antes que os efeitos relaxantes se manifestem plenamente, os utilizadores experimentam frequentemente uma agrad\u00e1vel euforia e uma not\u00e1vel eleva\u00e7\u00e3o do humor. Esta sensa\u00e7\u00e3o revigorante \u00e9 uma das raz\u00f5es pelas quais muitas pessoas procuram o melhor lugar para comprar Banana Kush online.<\/p>\n<p data-start=\"2027\" data-end=\"2213\">Alguns utilizadores podem apresentar a boca seca ou os olhos secos, especialmente com doses mais elevadas. Para aqueles que s\u00e3o novos no uso da can\u00e1bis, recomenda-se come\u00e7ar com uma quantidade moderada ao comprar a Banana Kush.<\/p>\n<h3 data-section-id=\"n8ea45\" data-start=\"2215\" data-end=\"2242\">Perfil de Sabor e Aroma<\/h3>\n<p data-start=\"2244\" data-end=\"2492\">Uma das caracter\u00edsticas mais reconhec\u00edveis da Banana Kush \u00e9 o seu lend\u00e1rio perfil de sabor. Esta variedade \u00e9 conhecida pelo seu inconfund\u00edvel sabor a banana, combinado com notas frutadas e tropicais. Alguns entusiastas da can\u00e1bis tamb\u00e9m notam subtis nuances amadeiradas. Ao ser consumida, a Banana Kush liberta um aroma doce e frutado que rapidamente preenche o ambiente. O seu intenso perfil de terpenos \u00e9 um dos principais motivos pelos quais muitos utilizadores optam por comprar a Banana Kush online, em lojas de can\u00e1bis conceituadas. Visualmente, esta casta possui um apelo est\u00e9tico impressionante. Os buds exibem folhas num tom verde-brilhante, pistilos de cor p\u00eassego e uma generosa camada de tricomas brancos. Esta apar\u00eancia atraente facilita muitas vezes o reconhecimento de produtos Banana Kush de qualidade premium dispon\u00edveis para venda.<\/p>\n<h3 data-section-id=\"6nc9ol\" data-start=\"2988\" data-end=\"3022\">Benef\u00edcios Medicinais da Banana Kush<\/h3>\n<p data-start=\"3024\" data-end=\"3286\">Embora a Banana Kush seja predominantemente uma variedade Indica, tamb\u00e9m proporciona uma ligeira estimula\u00e7\u00e3o mental t\u00edpica das Sativas. Muitos consumidores de can\u00e1bis que encomendam a Banana Kush online relatam uma forte sensa\u00e7\u00e3o corporal que, gradualmente, conduz a um relaxamento profundo e \u00e0 sonol\u00eancia. Devido aos seus potentes efeitos sedativos, a compra da Banana Kush online \u00e9 frequentemente recomendada para uso noturno. Muitos utilizadores experientes preferem esta variedade antes de dormir, uma vez que as suas propriedades calmantes podem ajudar a promover um sono reparador. Antes que os efeitos relaxantes se manifestem plenamente, os utilizadores experimentam frequentemente uma agrad\u00e1vel euforia e uma not\u00e1vel eleva\u00e7\u00e3o do humor. Esta sensa\u00e7\u00e3o revigorante \u00e9 uma das raz\u00f5es pelas quais muitas pessoas procuram o melhor lugar para comprar Banana Kush online.<\/p>\n<p data-start=\"3734\" data-end=\"3996\">Al\u00e9m disso, as caracter\u00edsticas marcantes do Indica podem auxiliar os indiv\u00edduos que lidam com dores cr\u00f3nicas. Devido a estes potenciais benef\u00edcios, muitos utilizadores comparam o pre\u00e7o da Banana Kush em diferentes revendedores para encontrar a melhor rela\u00e7\u00e3o custo-benef\u00edcio, mantendo a qualidade do produto. Para os entusiastas da can\u00e1bis que procuram variedades *premium*, encontrar o melhor local para comprar Banana Kush online garante o acesso a produtos fi\u00e1veis, com pot\u00eancia e sabor consistentes.<\/p>\n<\/div>\n<\/div>\n<\/div>\n<\/div>\n<div class=\"z-0 flex min-h-[46px] justify-start\"><\/div>\n<div class=\"mt-3 w-full empty:hidden\">\n<div class=\"text-center\"><\/div>\n<\/div>\n<\/div>\n<\/div>\n<\/article>\n<\/div>\n<div class=\"pointer-events-none h-px w-px absolute bottom-0\" aria-hidden=\"true\" data-edge=\"true\"><\/div>\n<\/div>","protected":false},"excerpt":{"rendered":"<p>H\u00edbrido dominante de \u00cdndica - 60% \u00cdndica \/ 40% Sativa THC: 18% - 25%, CBN: 1%<br \/>\nAqui temos o h\u00edbrido tipo banana de duas variedades lend\u00e1rias: OG Kush da Costa Oeste e Skunk Haze.<\/p>\n<p>A variedade de can\u00e1bis Banana Kush \u00e9 uma h\u00edbrida com domin\u00e2ncia \u00cdndica. A kush foi criada pela Cali Kush. Esta marijuana tem um aroma maravilhoso a um delicioso batido de banana-kush. A Banana Kush tem bot\u00f5es verdes brilhantes e fofos com p\u00ealos amarelo-alaranjados. Os nugs s\u00e3o cobertos por cristais brancos. Devido \u00e0 sua pot\u00eancia, a variedade de can\u00e1bis Banana Kush acalma a dor e embala o sono numa quest\u00e3o de minutos, sendo ideal para uso noturno. Com um THC de 18%, os principiantes devem estar atentos \u00e0 dose.<\/p>","protected":false},"featured_media":4376,"comment_status":"open","ping_status":"closed","template":"","meta":{"_themeisle_gutenberg_block_has_review":false,"_ti_tpc_template_sync":false,"_ti_tpc_template_id":"","_joinchat":[]},"product_cat":[216],"product_tag":[],"class_list":{"0":"post-4360","1":"product","2":"type-product","3":"status-publish","4":"has-post-thumbnail","6":"product_cat-hybrid","8":"first","9":"instock","10":"shipping-taxable","11":"purchasable","12":"product-type-variable"},"yoast_head":"<!-- This site is optimized with the Yoast SEO plugin v22.7 - https:\/\/yoast.com\/wordpress\/plugins\/seo\/ -->\n<title>Weed to buy online uk | Buy banana kush online in Europe<\/title>\n<meta name=\"description\" content=\"Buy Banana Kush online for a flavorful hybrid strain known for its sweet tropical aroma and relaxing effects. Banana Kush for sale offers premium quality buds ideal for cannabis enthusiasts.\" \/>\n<meta name=\"robots\" content=\"index, follow, max-snippet:-1, max-image-preview:large, max-video-preview:-1\" \/>\n<link rel=\"canonical\" href=\"https:\/\/grassxpress.com\/pt\/produto\/banana-kush\/\" \/>\n<meta property=\"og:locale\" content=\"pt_PT\" \/>\n<meta property=\"og:type\" content=\"article\" \/>\n<meta property=\"og:title\" content=\"Weed to buy online uk | Buy banana kush online in Europe\" \/>\n<meta property=\"og:description\" content=\"Buy Banana Kush online for a flavorful hybrid strain known for its sweet tropical aroma and relaxing effects. Banana Kush for sale offers premium quality buds ideal for cannabis enthusiasts.\" \/>\n<meta property=\"og:url\" content=\"https:\/\/grassxpress.com\/pt\/produto\/banana-kush\/\" \/>\n<meta property=\"og:site_name\" content=\"GrassXpress\" \/>\n<meta property=\"article:modified_time\" content=\"2026-04-02T09:09:06+00:00\" \/>\n<meta property=\"og:image\" content=\"https:\/\/grassxpress.com\/wp-content\/uploads\/2022\/11\/Banana-kush.jpg\" \/>\n\t<meta property=\"og:image:width\" content=\"600\" \/>\n\t<meta property=\"og:image:height\" content=\"600\" \/>\n\t<meta property=\"og:image:type\" content=\"image\/jpeg\" \/>\n<meta name=\"twitter:card\" content=\"summary_large_image\" \/>\n<meta name=\"twitter:label1\" content=\"Tempo estimado de leitura\" \/>\n\t<meta name=\"twitter:data1\" content=\"3 minutos\" \/>\n<!-- \/ Yoast SEO plugin. -->","yoast_head_json":{"title":"Weed to buy online uk | Buy banana kush online in Europe","description":"Buy Banana Kush online for a flavorful hybrid strain known for its sweet tropical aroma and relaxing effects. Banana Kush for sale offers premium quality buds ideal for cannabis enthusiasts.","robots":{"index":"index","follow":"follow","max-snippet":"max-snippet:-1","max-image-preview":"max-image-preview:large","max-video-preview":"max-video-preview:-1"},"canonical":"https:\/\/grassxpress.com\/pt\/produto\/banana-kush\/","og_locale":"pt_PT","og_type":"article","og_title":"Weed to buy online uk | Buy banana kush online in Europe","og_description":"Buy Banana Kush online for a flavorful hybrid strain known for its sweet tropical aroma and relaxing effects. Banana Kush for sale offers premium quality buds ideal for cannabis enthusiasts.","og_url":"https:\/\/grassxpress.com\/pt\/produto\/banana-kush\/","og_site_name":"GrassXpress","article_modified_time":"2026-04-02T09:09:06+00:00","og_image":[{"width":600,"height":600,"url":"https:\/\/grassxpress.com\/wp-content\/uploads\/2022\/11\/Banana-kush.jpg","type":"image\/jpeg"}],"twitter_card":"summary_large_image","twitter_misc":{"Tempo estimado de leitura":"3 minutos"},"schema":{"@context":"https:\/\/schema.org","@graph":[{"@type":"WebPage","@id":"https:\/\/grassxpress.com\/product\/banana-kush\/","url":"https:\/\/grassxpress.com\/product\/banana-kush\/","name":"Weed to buy online uk | Buy banana kush online in Europe","isPartOf":{"@id":"https:\/\/grassxpress.com\/#website"},"primaryImageOfPage":{"@id":"https:\/\/grassxpress.com\/product\/banana-kush\/#primaryimage"},"image":{"@id":"https:\/\/grassxpress.com\/product\/banana-kush\/#primaryimage"},"thumbnailUrl":"https:\/\/grassxpress.com\/wp-content\/uploads\/2022\/11\/Banana-kush.jpg","datePublished":"2022-11-15T10:11:40+00:00","dateModified":"2026-04-02T09:09:06+00:00","description":"Buy Banana Kush online for a flavorful hybrid strain known for its sweet tropical aroma and relaxing effects. Banana Kush for sale offers premium quality buds ideal for cannabis enthusiasts.","breadcrumb":{"@id":"https:\/\/grassxpress.com\/product\/banana-kush\/#breadcrumb"},"inLanguage":"pt-PT","potentialAction":[{"@type":"ReadAction","target":["https:\/\/grassxpress.com\/product\/banana-kush\/"]}]},{"@type":"ImageObject","inLanguage":"pt-PT","@id":"https:\/\/grassxpress.com\/product\/banana-kush\/#primaryimage","url":"https:\/\/grassxpress.com\/wp-content\/uploads\/2022\/11\/Banana-kush.jpg","contentUrl":"https:\/\/grassxpress.com\/wp-content\/uploads\/2022\/11\/Banana-kush.jpg","width":600,"height":600,"caption":"Banana kush"},{"@type":"BreadcrumbList","@id":"https:\/\/grassxpress.com\/product\/banana-kush\/#breadcrumb","itemListElement":[{"@type":"ListItem","position":1,"name":"Home","item":"https:\/\/grassxpress.com\/"},{"@type":"ListItem","position":2,"name":"Mail Order Weed UK","item":"https:\/\/grassxpress.com\/mail-order-weed-uk\/"},{"@type":"ListItem","position":3,"name":"Buy Banana Kush Online UK"}]},{"@type":"WebSite","@id":"https:\/\/grassxpress.com\/#website","url":"https:\/\/grassxpress.com\/","name":"GrassXpress","description":"Buy Weed Online UK","publisher":{"@id":"https:\/\/grassxpress.com\/#organization"},"potentialAction":[{"@type":"SearchAction","target":{"@type":"EntryPoint","urlTemplate":"https:\/\/grassxpress.com\/?s={search_term_string}"},"query-input":"required name=search_term_string"}],"inLanguage":"pt-PT"},{"@type":"Organization","@id":"https:\/\/grassxpress.com\/#organization","name":"GrassXpress","url":"https:\/\/grassxpress.com\/","logo":{"@type":"ImageObject","inLanguage":"pt-PT","@id":"https:\/\/grassxpress.com\/#\/schema\/logo\/image\/","url":"https:\/\/grassxpress.com\/wp-content\/uploads\/2024\/01\/logo.png","contentUrl":"https:\/\/grassxpress.com\/wp-content\/uploads\/2024\/01\/logo.png","width":300,"height":100,"caption":"GrassXpress"},"image":{"@id":"https:\/\/grassxpress.com\/#\/schema\/logo\/image\/"}}]}},"_links":{"self":[{"href":"https:\/\/grassxpress.com\/pt\/wp-json\/wp\/v2\/product\/4360","targetHints":{"allow":["GET"]}}],"collection":[{"href":"https:\/\/grassxpress.com\/pt\/wp-json\/wp\/v2\/product"}],"about":[{"href":"https:\/\/grassxpress.com\/pt\/wp-json\/wp\/v2\/types\/product"}],"replies":[{"embeddable":true,"href":"https:\/\/grassxpress.com\/pt\/wp-json\/wp\/v2\/comments?post=4360"}],"wp:featuredmedia":[{"embeddable":true,"href":"https:\/\/grassxpress.com\/pt\/wp-json\/wp\/v2\/media\/4376"}],"wp:attachment":[{"href":"https:\/\/grassxpress.com\/pt\/wp-json\/wp\/v2\/media?parent=4360"}],"wp:term":[{"taxonomy":"product_cat","embeddable":true,"href":"https:\/\/grassxpress.com\/pt\/wp-json\/wp\/v2\/product_cat?post=4360"},{"taxonomy":"product_tag","embeddable":true,"href":"https:\/\/grassxpress.com\/pt\/wp-json\/wp\/v2\/product_tag?post=4360"}],"curies":[{"name":"wp","href":"https:\/\/api.w.org\/{rel}","templated":true}]}}