{"id":4305,"date":"2022-11-15T09:39:58","date_gmt":"2022-11-15T09:39:58","guid":{"rendered":"https:\/\/documentosespana.com\/diligent\/?post_type=product&#038;p=4305"},"modified":"2026-04-02T09:13:13","modified_gmt":"2026-04-02T09:13:13","slug":"master-kush","status":"publish","type":"product","link":"https:\/\/grassxpress.com\/pt\/produto\/master-kush\/","title":{"rendered":"Mestre kush"},"content":{"rendered":"<h2><strong>Master Kush Weed Strain in UK| Master Kush for sale | buy master kush online<\/strong><\/h2>\n<p><span style=\"color: #000000;\"><a href=\"https:\/\/grassxpress.com\/pt\/produto\/master-kush\/\">Buy Master Kush online in Uk<\/a> indica cruzamento de duas variedades originais de diferentes partes da regi\u00e3o de Hindu Kush pela Dutch White Label Seed Company em Amsterd\u00e3. A planta produz um cheiro sutil de terra e c\u00edtrico com um toque de incenso, que \u00e9 frequentemente descrito como um sabor vintage. O sabor do Master Kush \u00e9 uma reminisc\u00eancia do famoso hash de charas esfregado com for\u00e7a. Loja de ervas daninhas online no reino unido. <a href=\"https:\/\/grassxpress.com\/pt\/mail-order-weed-uk\/\">Mais<\/a><\/span><\/p>\n<p><span style=\"color: #000000;\"><strong>Nome da Cepa:<\/strong> Mestre Kush \u00e9 um<\/span><br \/>\n<span style=\"color: #000000;\"><strong>Type:<\/strong> Indica<\/span><br \/>\n<span style=\"color: #000000;\"><strong>Looks:<\/strong> Densas pepitas verdes brilhantes cobertas <a href=\"https:\/\/en.wikipedia.org\/wiki\/Special:Search?search=weed+online&amp;go=Go&amp;ns0=1\">in<\/a> cabelos alaranjados e fosco com tricromos at\u00e9 onde a vista alcan\u00e7a<\/span><br \/>\n<span style=\"color: #000000;\"><strong>Smell:<\/strong> Piney &amp; Citrus Skunk<\/span><br \/>\n<span style=\"color: #000000;\"><strong>Taste:<\/strong> Complexo Kush sabor uma pitada de frutas c\u00edtricas e suave na expira\u00e7\u00e3o<\/span><br \/>\n<span style=\"color: #000000;\"><strong>Effects:<\/strong> NARCOTIC Indica Dominance Muito forte nas p\u00e1lpebras sentida imediatamente ap\u00f3s a exala\u00e7\u00e3o alguns atributos sativa MAS principalmente uma sensa\u00e7\u00e3o em todo o corpo<\/span><br \/>\n<span style=\"color: #000000;\"><strong>Potency:<\/strong> 10 N\u00c3O para pesos leves Use discri\u00e7\u00e3o ao dosar, caso contr\u00e1rio, prepare-se para um LONGO NAP!!!<\/span><\/p>\n<h3><strong>Efeitos e benef\u00edcios da Master Kush<\/strong><\/h3>\n<p>A Master Kush \u00e9 de renome pelas suas propriedades profundamente relaxantes e sedativas, sendo ideal para:<br \/>\n\u2013 Al\u00edvio do stress e da ansiedade \u2013 Acalma a mente e promove o relaxamento.<br \/>\n\u2013 Controlo da dor \u2013 Eficaz para a dor cr\u00f3nica, espasmos musculares e inflama\u00e7\u00e3o.<br \/>\n\u2013 Al\u00edvio da ins\u00f3nia \u2013 Ajuda os utilizadores a adormecer mais rapidamente e a desfrutar de um descanso mais profundo.<br \/>\n\u2013 Estimula\u00e7\u00e3o do apetite \u2013 \u00d3timo para quem lida com n\u00e1useas ou falta de apetite.<\/p>\n<p>A euforia come\u00e7a com uma suave eleva\u00e7\u00e3o cerebral, antes de transitar para um relaxamento de corpo inteiro, tornando-a perfeita para uso ao final da tarde ou \u00e0 noite.<\/p>\n<h3>Efeitos da variedade de can\u00e1bis Master Kush<\/h3>\n<p>When you smoke this <a href=\"https:\/\/grassxpress.com\/pt\/produto\/aurora-boreal\/\">maconha<\/a>, you may experience the typical side effects of dry mouth and eyes. Higher dosages or eating Master Kush as an edible can also cause anxiety, paranoia, and dizziness in certain patients.<\/p>\n<p>O principal objetivo desta variedade \u00e9 reduzir a ansiedade e o stress. Os seus efeitos potentes, de base Indica, s\u00e3o perfeitos para relaxar ao final do dia. No que diz respeito ao tratamento da ins\u00f3nia, a Master Kush \u00e9 muito eficaz. A dor cr\u00f3nica pode ser controlada gra\u00e7as \u00e0 sua euforia que promove uma sensa\u00e7\u00e3o de entorpecimento corporal. O potente e caracter\u00edstico efeito de \"fome\" (munchies) desta variedade pode tamb\u00e9m ajudar os indiv\u00edduos com dist\u00farbios alimentares \u2014 como a bulimia e a anorexia \u2014 a aumentar o apetite. <a href=\"https:\/\/grassxpress.com\/pt\/\">Grassxpress<\/a><\/p>\n<h3>Porqu\u00ea comprar Master Kush connosco online?<\/h3>\n<p>When you purchase the <a href=\"https:\/\/en.wikipedia.org\/wiki\/Kush_(cannabis)\">Master Kush strain online in uk<\/a>, you receive:<br \/>\nQualidade superior; pot\u00eancia e pureza avaliadas em laborat\u00f3rio.<\/p>\n<p>Entrega r\u00e1pida e discreta; embalagem segura e sem identifica\u00e7\u00e3o.<br \/>\nPre\u00e7os competitivos: Encomendas em grande volume com pre\u00e7os razo\u00e1veis.<br \/>\nEnvio fi\u00e1vel para os EUA, Canad\u00e1, Europa e outros pa\u00edses; servi\u00e7o de confian\u00e7a. <a href=\"https:\/\/grassxpress.com\/pt\/produto\/master-kush\/\">Pick yours up<\/a><\/p>\n<p>&nbsp;<\/p>","protected":false},"excerpt":{"rendered":"<p>NARCOTIC Indica Dominance Very Heavy on the eyelids felt immediately upon exhalation some sativa attributes BUT mainly a felt throughout the body.\u00a0This strain holds a superb balance of full-body relaxation without mind-numbing effects. Instead,\u00a0Master Kush offers a sharpened sensory awareness that can bring out the<\/p>","protected":false},"featured_media":4330,"comment_status":"open","ping_status":"closed","template":"","meta":{"_themeisle_gutenberg_block_has_review":false,"_ti_tpc_template_sync":false,"_ti_tpc_template_id":"","_joinchat":[]},"product_cat":[128],"product_tag":[137,138,139,140,141,142,143,144,145,33,146,147,148,149,150,151,152,153,154,155,156,157,158,159,160,161,162,163,164,165,166,167,168,169,170,171,172,173,174,175,176,177,178,179,180,181,182],"class_list":{"0":"post-4305","1":"product","2":"type-product","3":"status-publish","4":"has-post-thumbnail","6":"product_cat-indica","7":"product_tag-best-marijuana-strains-for-pains","8":"product_tag-best-online-dispensary","9":"product_tag-buy-cheap-master-kush","10":"product_tag-buy-marijuana-online","11":"product_tag-buy-master-kush","12":"product_tag-buy-master-kush-in-usa","13":"product_tag-buy-master-kush-online","14":"product_tag-buy-master-kush-strains","15":"product_tag-delivery-master-kush","16":"product_tag-indica-strains","17":"product_tag-kush-masters-colorado","18":"product_tag-marijuana-medical-strains","19":"product_tag-master-kush","20":"product_tag-master-kush-420","21":"product_tag-master-kush-buds-for-sale","22":"product_tag-master-kush-cartridge","23":"product_tag-master-kush-for-sale-colorado","24":"product_tag-master-kush-for-sale-in-canada-without-mmi-card","25":"product_tag-master-kush-for-sale-in-usa","26":"product_tag-master-kush-leafly","27":"product_tag-master-kush-mail-order","28":"product_tag-master-kush-marijuana-for-sale-without-mmi-card","29":"product_tag-master-kush-marijuana-online","30":"product_tag-master-kush-marijuana-seeds","31":"product_tag-master-kush-marijuana-strain","32":"product_tag-master-kush-overnight-delivery","33":"product_tag-master-kush-overnight-shipping","34":"product_tag-master-kush-seeds","35":"product_tag-master-kush-seeds-for-sale","36":"product_tag-master-kush-strain","37":"product_tag-master-kush-strains","38":"product_tag-master-kush-strains-worldwide-delivery","39":"product_tag-master-kush-vape","40":"product_tag-master-kush-vape-cartridge","41":"product_tag-master-kush-weed","42":"product_tag-master-kush-weed-strain","43":"product_tag-medical-cannabis","44":"product_tag-medical-cannabis-delivery","45":"product_tag-medical-master-kush","46":"product_tag-medical-master-kush-strains","47":"product_tag-order-master-kush","48":"product_tag-order-master-kush-marijuana","49":"product_tag-order-master-kush-online","50":"product_tag-quality-master-kush","51":"product_tag-ship-master-kush-strains","52":"product_tag-top-shelf-master-kush-online","53":"product_tag-top-shelf-master-kush-strain","55":"first","56":"instock","57":"shipping-taxable","58":"purchasable","59":"product-type-variable"},"yoast_head":"<!-- This site is optimized with the Yoast SEO plugin v22.7 - https:\/\/yoast.com\/wordpress\/plugins\/seo\/ -->\n<title>Buy Master Kush Online in UK | Master Kush Strain for Sale<\/title>\n<meta name=\"description\" content=\"Buy Master Kush online uk and discover a classic indica strain recognized for its earthy aroma and calming qualities. Master Kush for sale with rich kush genetics and a smooth, relaxing profile.\" \/>\n<meta name=\"robots\" content=\"index, follow, max-snippet:-1, max-image-preview:large, max-video-preview:-1\" \/>\n<link rel=\"canonical\" href=\"https:\/\/grassxpress.com\/pt\/produto\/master-kush\/\" \/>\n<meta property=\"og:locale\" content=\"pt_PT\" \/>\n<meta property=\"og:type\" content=\"article\" \/>\n<meta property=\"og:title\" content=\"Buy Master Kush Online in UK | Master Kush Strain for Sale\" \/>\n<meta property=\"og:description\" content=\"Buy Master Kush online uk and discover a classic indica strain recognized for its earthy aroma and calming qualities. Master Kush for sale with rich kush genetics and a smooth, relaxing profile.\" \/>\n<meta property=\"og:url\" content=\"https:\/\/grassxpress.com\/pt\/produto\/master-kush\/\" \/>\n<meta property=\"og:site_name\" content=\"GrassXpress\" \/>\n<meta property=\"article:modified_time\" content=\"2026-04-02T09:13:13+00:00\" \/>\n<meta property=\"og:image\" content=\"https:\/\/grassxpress.com\/wp-content\/uploads\/2022\/11\/Master-kush.jpg\" \/>\n\t<meta property=\"og:image:width\" content=\"600\" \/>\n\t<meta property=\"og:image:height\" content=\"600\" \/>\n\t<meta property=\"og:image:type\" content=\"image\/jpeg\" \/>\n<meta name=\"twitter:card\" content=\"summary_large_image\" \/>\n<meta name=\"twitter:label1\" content=\"Tempo estimado de leitura\" \/>\n\t<meta name=\"twitter:data1\" content=\"3 minutos\" \/>\n<!-- \/ Yoast SEO plugin. -->","yoast_head_json":{"title":"Buy Master Kush Online in UK | Master Kush Strain for Sale","description":"Buy Master Kush online uk and discover a classic indica strain recognized for its earthy aroma and calming qualities. Master Kush for sale with rich kush genetics and a smooth, relaxing profile.","robots":{"index":"index","follow":"follow","max-snippet":"max-snippet:-1","max-image-preview":"max-image-preview:large","max-video-preview":"max-video-preview:-1"},"canonical":"https:\/\/grassxpress.com\/pt\/produto\/master-kush\/","og_locale":"pt_PT","og_type":"article","og_title":"Buy Master Kush Online in UK | Master Kush Strain for Sale","og_description":"Buy Master Kush online uk and discover a classic indica strain recognized for its earthy aroma and calming qualities. Master Kush for sale with rich kush genetics and a smooth, relaxing profile.","og_url":"https:\/\/grassxpress.com\/pt\/produto\/master-kush\/","og_site_name":"GrassXpress","article_modified_time":"2026-04-02T09:13:13+00:00","og_image":[{"width":600,"height":600,"url":"https:\/\/grassxpress.com\/wp-content\/uploads\/2022\/11\/Master-kush.jpg","type":"image\/jpeg"}],"twitter_card":"summary_large_image","twitter_misc":{"Tempo estimado de leitura":"3 minutos"},"schema":{"@context":"https:\/\/schema.org","@graph":[{"@type":"WebPage","@id":"https:\/\/grassxpress.com\/product\/master-kush\/","url":"https:\/\/grassxpress.com\/product\/master-kush\/","name":"Buy Master Kush Online in UK | Master Kush Strain for Sale","isPartOf":{"@id":"https:\/\/grassxpress.com\/#website"},"primaryImageOfPage":{"@id":"https:\/\/grassxpress.com\/product\/master-kush\/#primaryimage"},"image":{"@id":"https:\/\/grassxpress.com\/product\/master-kush\/#primaryimage"},"thumbnailUrl":"https:\/\/grassxpress.com\/wp-content\/uploads\/2022\/11\/Master-kush.jpg","datePublished":"2022-11-15T09:39:58+00:00","dateModified":"2026-04-02T09:13:13+00:00","description":"Buy Master Kush online uk and discover a classic indica strain recognized for its earthy aroma and calming qualities. Master Kush for sale with rich kush genetics and a smooth, relaxing profile.","breadcrumb":{"@id":"https:\/\/grassxpress.com\/product\/master-kush\/#breadcrumb"},"inLanguage":"pt-PT","potentialAction":[{"@type":"ReadAction","target":["https:\/\/grassxpress.com\/product\/master-kush\/"]}]},{"@type":"ImageObject","inLanguage":"pt-PT","@id":"https:\/\/grassxpress.com\/product\/master-kush\/#primaryimage","url":"https:\/\/grassxpress.com\/wp-content\/uploads\/2022\/11\/Master-kush.jpg","contentUrl":"https:\/\/grassxpress.com\/wp-content\/uploads\/2022\/11\/Master-kush.jpg","width":600,"height":600,"caption":"Master kush"},{"@type":"BreadcrumbList","@id":"https:\/\/grassxpress.com\/product\/master-kush\/#breadcrumb","itemListElement":[{"@type":"ListItem","position":1,"name":"Home","item":"https:\/\/grassxpress.com\/"},{"@type":"ListItem","position":2,"name":"Mail Order Weed UK","item":"https:\/\/grassxpress.com\/mail-order-weed-uk\/"},{"@type":"ListItem","position":3,"name":"Master kush"}]},{"@type":"WebSite","@id":"https:\/\/grassxpress.com\/#website","url":"https:\/\/grassxpress.com\/","name":"GrassXpress","description":"Buy Weed Online UK","publisher":{"@id":"https:\/\/grassxpress.com\/#organization"},"potentialAction":[{"@type":"SearchAction","target":{"@type":"EntryPoint","urlTemplate":"https:\/\/grassxpress.com\/?s={search_term_string}"},"query-input":"required name=search_term_string"}],"inLanguage":"pt-PT"},{"@type":"Organization","@id":"https:\/\/grassxpress.com\/#organization","name":"GrassXpress","url":"https:\/\/grassxpress.com\/","logo":{"@type":"ImageObject","inLanguage":"pt-PT","@id":"https:\/\/grassxpress.com\/#\/schema\/logo\/image\/","url":"https:\/\/grassxpress.com\/wp-content\/uploads\/2024\/01\/logo.png","contentUrl":"https:\/\/grassxpress.com\/wp-content\/uploads\/2024\/01\/logo.png","width":300,"height":100,"caption":"GrassXpress"},"image":{"@id":"https:\/\/grassxpress.com\/#\/schema\/logo\/image\/"}}]}},"_links":{"self":[{"href":"https:\/\/grassxpress.com\/pt\/wp-json\/wp\/v2\/product\/4305","targetHints":{"allow":["GET"]}}],"collection":[{"href":"https:\/\/grassxpress.com\/pt\/wp-json\/wp\/v2\/product"}],"about":[{"href":"https:\/\/grassxpress.com\/pt\/wp-json\/wp\/v2\/types\/product"}],"replies":[{"embeddable":true,"href":"https:\/\/grassxpress.com\/pt\/wp-json\/wp\/v2\/comments?post=4305"}],"wp:featuredmedia":[{"embeddable":true,"href":"https:\/\/grassxpress.com\/pt\/wp-json\/wp\/v2\/media\/4330"}],"wp:attachment":[{"href":"https:\/\/grassxpress.com\/pt\/wp-json\/wp\/v2\/media?parent=4305"}],"wp:term":[{"taxonomy":"product_cat","embeddable":true,"href":"https:\/\/grassxpress.com\/pt\/wp-json\/wp\/v2\/product_cat?post=4305"},{"taxonomy":"product_tag","embeddable":true,"href":"https:\/\/grassxpress.com\/pt\/wp-json\/wp\/v2\/product_tag?post=4305"}],"curies":[{"name":"wp","href":"https:\/\/api.w.org\/{rel}","templated":true}]}}