{"id":61,"date":"2020-01-23T18:21:52","date_gmt":"2020-01-23T18:21:52","guid":{"rendered":"https:\/\/demosites.io\/web-agency-gb\/?page_id=61"},"modified":"2023-01-06T07:07:00","modified_gmt":"2023-01-06T07:07:00","slug":"can-i-order-weed-online","status":"publish","type":"page","link":"https:\/\/grassxpress.com\/pt\/posso-pedir-ervaninha-online\/","title":{"rendered":"Sobre n\u00f3s"},"content":{"rendered":"<h1 style=\"text-align: justify;\">plugues leg\u00edtimos de ervas daninhas online Portugal<\/h1>\n<p style=\"text-align: justify;\">Posso encomendar maconha online, GrassXpress \u00e9 um dispens\u00e1rio de maconha online onde se pode comprar maconha online em Portugal, sem zumbir um cent\u00edmetro de sua casa. Voc\u00ea pode estar se perguntando, pois h\u00e1 muitos traficantes de maconha perto de mim no Reino Unido. Temos a farm\u00e1cia mais competente que lhe oferece a oportunidade de comprar produtos da melhor qualidade.<\/p>\n<p style=\"text-align: justify;\">Voc\u00ea pode\u00a0comprar cannabis online\u00a0sem enfrentar nenhum problema que trate a doen\u00e7a de um paciente e sacie os desejos recreativos. Voc\u00ea n\u00e3o precisa sair de casa para comprar cepas de maconha online, pois pode atender seu pedido por meio de seus smartphones, PCs ou laptops e visitar a loja virtual de haxixe.<\/p>\n<p style=\"text-align: justify;\">Temos uma grande cole\u00e7\u00e3o de todas as variedades de ervas daninhas de alta qualidade, com pre\u00e7os diferentes para cada variedade. Voc\u00ea pode compr\u00e1-los com base em seus interesses e prefer\u00eancias. Embalamos cuidadosamente cada um dos seus pedidos e os entregamos em sua casa em embalagens atraentes. O pacote recebido ser\u00e1 inodoro e ser\u00e1 processado dentro de um prazo especificado. Nos \u00faltimos anos, nos estabelecemos como a principal empresa de lazer e os clientes depositaram sua confian\u00e7a em nossos servi\u00e7os. N\u00f3s nos tornamos uma das empresas de cannabis de crescimento mais r\u00e1pido como resultado de nossa abordagem e vis\u00e3o persistentes. Oferecemos servi\u00e7os de entrega premium em v\u00e1rios pa\u00edses do mundo, incluindo Reino Unido, Holanda, Gr\u00e9cia, Fran\u00e7a, Su\u00ed\u00e7a, It\u00e1lia e muitos outros. Voc\u00ea pode nos enviar sua solicita\u00e7\u00e3o se estiver procurando por uma loja online de cannabis perto de mim.<\/p>\n<p style=\"text-align: justify;\">Estamos confiantes em nossos servi\u00e7os porque aqueles que compram cannabis para venda em nossa loja na Internet retornam a n\u00f3s v\u00e1rias vezes. Somos uma das melhores empresas de maconha do mundo, com especialistas em maconha e trabalhadores treinados que inspecionam cuidadosamente cada item antes de envi\u00e1-lo \u00e0 sua porta. Oferecemos um m\u00e9todo de pagamento seguro e todos os produtos estar\u00e3o dentro de uma faixa de pre\u00e7o aceit\u00e1vel para voc\u00ea.<\/p>\n<p style=\"text-align: justify;\">Voc\u00ea pode encomendar ervas daninhas do Reino Unido como AK-47, Banana Kush, Blue Dream, Blueberry Kush, Harlequin, Gelato 47, Girls Scout Cookies, Jack Ripper, Lemon Haze, Mango Kush, Master Kush em uma loja online.<\/p>\n<h2 style=\"text-align: justify;\">Posso encomendar maconha online<\/h2>\n<p style=\"text-align: justify;\">Ficamos irritados com o qu\u00e3o dif\u00edcil pode ser pesquisar um cultivo de cannabis e receber respostas verdadeiras para perguntas b\u00e1sicas sobre cultivo ap\u00f3s anos navegando nos sites de cultivo de cannabis mais proeminentes. A GrassXpress tamb\u00e9m acreditava que era necess\u00e1rio um m\u00e9todo mais amig\u00e1vel de educar as pessoas sobre o crescimento. Sentimos que era hora de criar um site para mostrar como \u00e9 simples produzir cannabis em ambientes fechados com quase qualquer or\u00e7amento. A GrassXpress pretendia criar um recurso que n\u00e3o exigisse login ou conta, mas simplesmente fornecesse conhecimento em expans\u00e3o f\u00e1cil de encontrar para todo o planeta. A loja Sky Bud Shop foi formada como resultado disso! \u00c9 poss\u00edvel comprar maconha online?<\/p>\n<p style=\"text-align: justify;\">A GrassXpress entrega os mesmos produtos de cannabis que voc\u00ea encontrar\u00e1 em seu dispens\u00e1rio de maconha local em sua casa na Europa e no mundo. Pessoas com problemas m\u00e9dicos recebem descontos do GrassXpress, bem como custos baixos para clientes recorrentes. Navegue em nosso site para encontrar suas iguarias THC favoritas e fa\u00e7a seu pedido usando nosso formul\u00e1rio de pedido on-line ou para impress\u00e3o. Sua maconha genu\u00edna por correspond\u00eancia ser\u00e1 enviada no mesmo dia em que recebermos o pagamento, e voc\u00ea pode ter certeza de que a entrega ser\u00e1 discreta e segura. Sim, com um vale postal direto e entrega r\u00e1pida em sua casa, voc\u00ea pode comprar maconha de verdade online\u2026<\/p>\n<p style=\"text-align: justify;\">Se voc\u00ea deseja comprar maconha em forma de broto, haxixe, biscoitos, brownies, tinturas ou manteiga, excederemos suas expectativas com nossa incr\u00edvel sele\u00e7\u00e3o e qualidade de produtos aliment\u00edcios, preparados com os melhores ingredientes e com um custo que voc\u00ea pode pagar. Nosso chef \u00e9 um cozinheiro profissional e nossos produtores cultivam a melhor erva daninha que garante que voc\u00ea volte para mais. Temos apenas a melhor maconha para venda que cont\u00e9m THC real em todos os nossos produtos.<\/p>\n<p style=\"text-align: justify;\"><strong>garantia de pre\u00e7o mais baixo<\/strong><\/p>\n<p style=\"text-align: justify;\">Procurando o melhor dispens\u00e1rio de maconha online onde o pre\u00e7o reflete a qualidade do seu produto? Ent\u00e3o voc\u00ea n\u00e3o poderia encontrar um lugar melhor. Na Get Kush, oferecemos aos nossos clientes os pre\u00e7os mais baixos para flores de maconha.<\/p>\n<p style=\"text-align: justify;\">Todas as cepas s\u00e3o premium.<\/p>\n<p style=\"text-align: justify;\"><strong>Envio Gr\u00e1tis<\/strong><\/p>\n<p style=\"text-align: justify;\">Todas as encomendas superiores a 250 Euros t\u00eam portes de envio gratuitos. Voc\u00ea pode aproveitar sua maconha encomendada por correio sabendo que acabou de encomendar suas variedades favoritas no conforto de sua casa. Assim que recebermos o pedido, enviaremos para voc\u00ea via DHL, UPS, EMS e outros, garantindo uma entrega r\u00e1pida e segura com 100% de consist\u00eancia.<\/p>\n<p style=\"text-align: justify;\"><strong>seguro e seguro<\/strong><\/p>\n<p style=\"text-align: justify;\">A maconha ainda gera pol\u00eamica entre algumas pessoas. Entendemos isso, e \u00e9 por isso que mantemos nosso envio discreto. Seus produtos ser\u00e3o embalados para se parecer com um pedido de correio normal, com entrega indetect\u00e1vel e criptografia segura dos dados da transa\u00e7\u00e3o.<\/p>","protected":false},"excerpt":{"rendered":"<p>legit weed plugs online UK Can i order weed online, GrassXpress is an online weed dispensary where one can buy weed online UK, without buzzing an inch from your place. You might be wondering as there are many weed dealers near me uk. We have the most proficient pharmacy store that offers you the chance<\/p>\n<div class=\"more-link\">\n             <a href=\"https:\/\/grassxpress.com\/pt\/posso-pedir-ervaninha-online\/\" class=\"link-btn\"><span>Continue Reading <\/span><i class=\"icofont-thin-double-right\"><\/i><\/a>\n        <\/div>","protected":false},"author":1,"featured_media":0,"parent":0,"menu_order":0,"comment_status":"closed","ping_status":"closed","template":"","meta":{"_themeisle_gutenberg_block_has_review":false,"_ti_tpc_template_sync":false,"_ti_tpc_template_id":"0qhau2t6eoekosrgo1a2","_joinchat":[],"footnotes":""},"class_list":["post-61","page","type-page","status-publish","hentry"],"yoast_head":"<!-- This site is optimized with the Yoast SEO plugin v22.7 - https:\/\/yoast.com\/wordpress\/plugins\/seo\/ -->\n<title>Can i order weed online | legit weed plugs online uk | cannabis online uk<\/title>\n<meta name=\"description\" content=\"Can i order weed online. Online Dispensary in Europa for Mail Order Marijuana. Shop for Edibles, Concentrates, Sativa&#039;s, Indica&#039;s &amp; Hybrids.\" \/>\n<meta name=\"robots\" content=\"index, follow, max-snippet:-1, max-image-preview:large, max-video-preview:-1\" \/>\n<link rel=\"canonical\" href=\"https:\/\/grassxpress.com\/pt\/pot-comand-on-line-ieriana\/\" \/>\n<meta property=\"og:locale\" content=\"pt_PT\" \/>\n<meta property=\"og:type\" content=\"article\" \/>\n<meta property=\"og:title\" content=\"Can i order weed online | legit weed plugs online uk | cannabis online uk\" \/>\n<meta property=\"og:description\" content=\"Can i order weed online. Online Dispensary in Europa for Mail Order Marijuana. Shop for Edibles, Concentrates, Sativa&#039;s, Indica&#039;s &amp; Hybrids.\" \/>\n<meta property=\"og:url\" content=\"https:\/\/grassxpress.com\/pt\/pot-comand-on-line-ieriana\/\" \/>\n<meta property=\"og:site_name\" content=\"GrassXpress\" \/>\n<meta property=\"article:modified_time\" content=\"2023-01-06T07:07:00+00:00\" \/>\n<meta name=\"twitter:card\" content=\"summary_large_image\" \/>\n<meta name=\"twitter:label1\" content=\"Tempo estimado de leitura\" \/>\n\t<meta name=\"twitter:data1\" content=\"4 minutos\" \/>\n<!-- \/ Yoast SEO plugin. -->","yoast_head_json":{"title":"Can i order weed online | legit weed plugs online uk | cannabis online uk","description":"Can i order weed online. Online Dispensary in Europa for Mail Order Marijuana. Shop for Edibles, Concentrates, Sativa's, Indica's & Hybrids.","robots":{"index":"index","follow":"follow","max-snippet":"max-snippet:-1","max-image-preview":"max-image-preview:large","max-video-preview":"max-video-preview:-1"},"canonical":"https:\/\/grassxpress.com\/pt\/pot-comand-on-line-ieriana\/","og_locale":"pt_PT","og_type":"article","og_title":"Can i order weed online | legit weed plugs online uk | cannabis online uk","og_description":"Can i order weed online. Online Dispensary in Europa for Mail Order Marijuana. Shop for Edibles, Concentrates, Sativa's, Indica's & Hybrids.","og_url":"https:\/\/grassxpress.com\/pt\/pot-comand-on-line-ieriana\/","og_site_name":"GrassXpress","article_modified_time":"2023-01-06T07:07:00+00:00","twitter_card":"summary_large_image","twitter_misc":{"Tempo estimado de leitura":"4 minutos"},"schema":{"@context":"https:\/\/schema.org","@graph":[{"@type":"WebPage","@id":"https:\/\/grassxpress.com\/ro\/pot-comand-on-line-ieriana\/","url":"https:\/\/grassxpress.com\/ro\/pot-comand-on-line-ieriana\/","name":"Can i order weed online | legit weed plugs online uk | cannabis online uk","isPartOf":{"@id":"https:\/\/grassxpress.com\/#website"},"datePublished":"2020-01-23T18:21:52+00:00","dateModified":"2023-01-06T07:07:00+00:00","description":"Can i order weed online. Online Dispensary in Europa for Mail Order Marijuana. Shop for Edibles, Concentrates, Sativa's, Indica's & Hybrids.","breadcrumb":{"@id":"https:\/\/grassxpress.com\/ro\/pot-comand-on-line-ieriana\/#breadcrumb"},"inLanguage":"pt-PT","potentialAction":[{"@type":"ReadAction","target":["https:\/\/grassxpress.com\/ro\/pot-comand-on-line-ieriana\/"]}]},{"@type":"BreadcrumbList","@id":"https:\/\/grassxpress.com\/ro\/pot-comand-on-line-ieriana\/#breadcrumb","itemListElement":[{"@type":"ListItem","position":1,"name":"Home","item":"https:\/\/grassxpress.com\/"},{"@type":"ListItem","position":2,"name":"About us"}]},{"@type":"WebSite","@id":"https:\/\/grassxpress.com\/#website","url":"https:\/\/grassxpress.com\/","name":"GrassXpress","description":"Buy Weed Online UK","publisher":{"@id":"https:\/\/grassxpress.com\/#organization"},"potentialAction":[{"@type":"SearchAction","target":{"@type":"EntryPoint","urlTemplate":"https:\/\/grassxpress.com\/?s={search_term_string}"},"query-input":"required name=search_term_string"}],"inLanguage":"pt-PT"},{"@type":"Organization","@id":"https:\/\/grassxpress.com\/#organization","name":"GrassXpress","url":"https:\/\/grassxpress.com\/","logo":{"@type":"ImageObject","inLanguage":"pt-PT","@id":"https:\/\/grassxpress.com\/#\/schema\/logo\/image\/","url":"https:\/\/grassxpress.com\/wp-content\/uploads\/2024\/01\/logo.png","contentUrl":"https:\/\/grassxpress.com\/wp-content\/uploads\/2024\/01\/logo.png","width":300,"height":100,"caption":"GrassXpress"},"image":{"@id":"https:\/\/grassxpress.com\/#\/schema\/logo\/image\/"}}]}},"_links":{"self":[{"href":"https:\/\/grassxpress.com\/pt\/wp-json\/wp\/v2\/pages\/61","targetHints":{"allow":["GET"]}}],"collection":[{"href":"https:\/\/grassxpress.com\/pt\/wp-json\/wp\/v2\/pages"}],"about":[{"href":"https:\/\/grassxpress.com\/pt\/wp-json\/wp\/v2\/types\/page"}],"author":[{"embeddable":true,"href":"https:\/\/grassxpress.com\/pt\/wp-json\/wp\/v2\/users\/1"}],"replies":[{"embeddable":true,"href":"https:\/\/grassxpress.com\/pt\/wp-json\/wp\/v2\/comments?post=61"}],"version-history":[{"count":1,"href":"https:\/\/grassxpress.com\/pt\/wp-json\/wp\/v2\/pages\/61\/revisions"}],"predecessor-version":[{"id":4659,"href":"https:\/\/grassxpress.com\/pt\/wp-json\/wp\/v2\/pages\/61\/revisions\/4659"}],"wp:attachment":[{"href":"https:\/\/grassxpress.com\/pt\/wp-json\/wp\/v2\/media?parent=61"}],"curies":[{"name":"wp","href":"https:\/\/api.w.org\/{rel}","templated":true}]}}