{"id":3603,"date":"2020-08-01T14:39:21","date_gmt":"2020-08-01T14:39:21","guid":{"rendered":"https:\/\/diligentplug.com\/?page_id=3603"},"modified":"2020-08-01T14:39:21","modified_gmt":"2020-08-01T14:39:21","slug":"shipping","status":"publish","type":"page","link":"https:\/\/grassxpress.com\/pt\/envio\/","title":{"rendered":"Envio"},"content":{"rendered":"<div id=\"wp-block-themeisle-blocks-advanced-columns-49060903\" class=\"wp-block-themeisle-blocks-advanced-columns has-1-columns has-desktop-equal-layout has-tablet-equal-layout has-mobile-equal-layout has-default-gap has-vertical-unset\">\n<div class=\"wp-block-themeisle-blocks-advanced-columns-overlay\"><strong>Quando \u00e9 que recebo a minha encomenda?<\/strong><\/div>\n<div class=\"innerblocks-wrap\">\n<div id=\"wp-block-themeisle-blocks-advanced-column-af2d631f\" class=\"wp-block-themeisle-blocks-advanced-column\">\n\n\n<p>Estamos sediados na Holanda (Europa). O envio\u00a0leva de 1 a 3 dias \u00fateis. A m\u00e9dia \u00e9 de 2 dias. Assaltos na alf\u00e2ndega podem causar atrasos. Mas, como escondemos nossos produtos t\u00e3o bem, a alf\u00e2ndega deixar\u00e1 o pacote passar ap\u00f3s a inspe\u00e7\u00e3o.<\/p>\n\n\n\n<p><strong>Como meu pedido \u00e9 embalado?<\/strong><\/p>\n\n\n\n<p>Seu pedido ser\u00e1 embalado em um envelope resistente e acolchoado. Nenhuma refer\u00eancia \u00e0 maconha ou produtos relacionados \u00e0 maconha \u00e9 feita por fora ou por dentro. Usamos endere\u00e7os de remetentes diferentes e n\u00e3o usamos embalagens de marca. No envelope voc\u00ea encontrar\u00e1 um item que cont\u00e9m seu pedido.<\/p>\n\n\n\n<p><strong>Como \u00e9 garantido o envio?<\/strong><\/p>\n\n\n\n<p>Hvis din ordre ikke ankommer eller bliver beslaglagt, sender vi i al rimelighed din ordre igen. Gratis! Vi har f\u00f8lgende genforsendelsesbetingelser. Gratis genforsendelse finder sted efter 5 hverdage. De fleste pakker ankommer inden for 1 uge, og dem, der ikke g\u00f8r, vil blive leveret i den efterf\u00f8lgende 1 uge. International post og told kan have forskellige forsinkelser, deraf ventetiden....<\/p>\n\n\n\n<p>Se voc\u00ea digitou um endere\u00e7o incorreto (como esquecer o n\u00famero do apartamento), n\u00e3o podemos reenviar gratuitamente. O endere\u00e7o \u00e9 impresso EXATAMENTE conforme voc\u00ea o insere, sem a\u00e7\u00f5es manuais de nossa parte (a menos que voc\u00ea nos pe\u00e7a). Por\u00e9m, n\u00e3o deixamos voc\u00ea parado no frio, ent\u00e3o para compensar voc\u00ea receber\u00e1 um c\u00f3digo de 50% de desconto no seu pr\u00f3ximo pedido. Voc\u00ea pode fornecer um endere\u00e7o alternativo para a 2\u00aa remessa. Tamb\u00e9m usaremos um m\u00e9todo furtivo diferente.<\/p>\n\n\n\n<p><strong>Para quais pa\u00edses voc\u00ea envia?<\/strong><\/p>\n\n\n\n<p><a href=\"https:\/\/grassxpress.com\/pt\/ordem-ervaninha-online-portugal\/\">N\u00f3s<\/a> enviamos para todo o mundo para todos os pa\u00edses dos quais recebemos pedidos. Infelizmente, n\u00e3o podemos garantir a entrega em todos eles, porque a entrega local n\u00e3o \u00e9 confi\u00e1vel o suficiente em alguns pa\u00edses.<\/p>\n\n\n\n<p>Para outros pa\u00edses: a entrega \u00e9 garantida! Ent\u00e3o, se voc\u00ea mora, por exemplo, em Portugal ou <a href=\"https:\/\/en.wikipedia.org\/wiki\/Australia\">Austr\u00e1lia<\/a>, a entrega do seu pacote \u00e9 garantida por n\u00f3s.<\/p>\n<\/div>\n<!-- \/wp:post-content --><\/div>\n<\/div>\n<!-- \/wp:themeisle-blocks\/advanced-columns -->","protected":false},"excerpt":{"rendered":"<p>We are based in the Netherlands (Europe). Shipping\u00a0takes between 1 and 3 business days. The average is 2 days. Holdups at customs can cause a delay. But, since we hide our products so well, customs will let the package through after inspection. How is my order packaged? Your order will be packed in a sturdy,<\/p>\n<div class=\"more-link\">\n             <a href=\"https:\/\/grassxpress.com\/pt\/envio\/\" class=\"link-btn\"><span>Continue Reading <\/span><i class=\"icofont-thin-double-right\"><\/i><\/a>\n        <\/div>","protected":false},"author":1,"featured_media":0,"parent":0,"menu_order":0,"comment_status":"closed","ping_status":"closed","template":"","meta":{"_themeisle_gutenberg_block_has_review":false,"_ti_tpc_template_sync":false,"_ti_tpc_template_id":"","_joinchat":[],"footnotes":""},"class_list":["post-3603","page","type-page","status-publish","hentry"],"yoast_head":"<!-- This site is optimized with the Yoast SEO plugin v22.7 - https:\/\/yoast.com\/wordpress\/plugins\/seo\/ -->\n<title>Shipping | Delivery Is Guaranteed - GrassXpress<\/title>\n<meta name=\"description\" content=\"We are based in the Netherlands. Shipping\u00a0takes between 1 and 3 business days. The average is 2 days. Holdups at customs can cause a delay.\" \/>\n<meta name=\"robots\" content=\"index, follow, max-snippet:-1, max-image-preview:large, max-video-preview:-1\" \/>\n<link rel=\"canonical\" href=\"https:\/\/grassxpress.com\/pt\/wysylka\/\" \/>\n<meta property=\"og:locale\" content=\"pt_PT\" \/>\n<meta property=\"og:type\" content=\"article\" \/>\n<meta property=\"og:title\" content=\"Shipping | Delivery Is Guaranteed - GrassXpress\" \/>\n<meta property=\"og:description\" content=\"We are based in the Netherlands. Shipping\u00a0takes between 1 and 3 business days. The average is 2 days. Holdups at customs can cause a delay.\" \/>\n<meta property=\"og:url\" content=\"https:\/\/grassxpress.com\/pt\/wysylka\/\" \/>\n<meta property=\"og:site_name\" content=\"GrassXpress\" \/>\n<meta name=\"twitter:card\" content=\"summary_large_image\" \/>\n<meta name=\"twitter:label1\" content=\"Tempo estimado de leitura\" \/>\n\t<meta name=\"twitter:data1\" content=\"2 minutos\" \/>\n<!-- \/ Yoast SEO plugin. -->","yoast_head_json":{"title":"Shipping | Delivery Is Guaranteed - GrassXpress","description":"We are based in the Netherlands. Shipping\u00a0takes between 1 and 3 business days. The average is 2 days. Holdups at customs can cause a delay.","robots":{"index":"index","follow":"follow","max-snippet":"max-snippet:-1","max-image-preview":"max-image-preview:large","max-video-preview":"max-video-preview:-1"},"canonical":"https:\/\/grassxpress.com\/pt\/wysylka\/","og_locale":"pt_PT","og_type":"article","og_title":"Shipping | Delivery Is Guaranteed - GrassXpress","og_description":"We are based in the Netherlands. Shipping\u00a0takes between 1 and 3 business days. The average is 2 days. Holdups at customs can cause a delay.","og_url":"https:\/\/grassxpress.com\/pt\/wysylka\/","og_site_name":"GrassXpress","twitter_card":"summary_large_image","twitter_misc":{"Tempo estimado de leitura":"2 minutos"},"schema":{"@context":"https:\/\/schema.org","@graph":[{"@type":"WebPage","@id":"https:\/\/grassxpress.com\/pl\/wysylka\/","url":"https:\/\/grassxpress.com\/pl\/wysylka\/","name":"Shipping | Delivery Is Guaranteed - GrassXpress","isPartOf":{"@id":"https:\/\/grassxpress.com\/#website"},"datePublished":"2020-08-01T14:39:21+00:00","dateModified":"2020-08-01T14:39:21+00:00","description":"We are based in the Netherlands. Shipping\u00a0takes between 1 and 3 business days. The average is 2 days. Holdups at customs can cause a delay.","breadcrumb":{"@id":"https:\/\/grassxpress.com\/pl\/wysylka\/#breadcrumb"},"inLanguage":"pt-PT","potentialAction":[{"@type":"ReadAction","target":["https:\/\/grassxpress.com\/pl\/wysylka\/"]}]},{"@type":"BreadcrumbList","@id":"https:\/\/grassxpress.com\/pl\/wysylka\/#breadcrumb","itemListElement":[{"@type":"ListItem","position":1,"name":"Home","item":"https:\/\/grassxpress.com\/"},{"@type":"ListItem","position":2,"name":"Shipping"}]},{"@type":"WebSite","@id":"https:\/\/grassxpress.com\/#website","url":"https:\/\/grassxpress.com\/","name":"GrassXpress","description":"Buy Weed Online UK","publisher":{"@id":"https:\/\/grassxpress.com\/#organization"},"potentialAction":[{"@type":"SearchAction","target":{"@type":"EntryPoint","urlTemplate":"https:\/\/grassxpress.com\/?s={search_term_string}"},"query-input":"required name=search_term_string"}],"inLanguage":"pt-PT"},{"@type":"Organization","@id":"https:\/\/grassxpress.com\/#organization","name":"GrassXpress","url":"https:\/\/grassxpress.com\/","logo":{"@type":"ImageObject","inLanguage":"pt-PT","@id":"https:\/\/grassxpress.com\/#\/schema\/logo\/image\/","url":"https:\/\/grassxpress.com\/wp-content\/uploads\/2024\/01\/logo.png","contentUrl":"https:\/\/grassxpress.com\/wp-content\/uploads\/2024\/01\/logo.png","width":300,"height":100,"caption":"GrassXpress"},"image":{"@id":"https:\/\/grassxpress.com\/#\/schema\/logo\/image\/"}}]}},"_links":{"self":[{"href":"https:\/\/grassxpress.com\/pt\/wp-json\/wp\/v2\/pages\/3603","targetHints":{"allow":["GET"]}}],"collection":[{"href":"https:\/\/grassxpress.com\/pt\/wp-json\/wp\/v2\/pages"}],"about":[{"href":"https:\/\/grassxpress.com\/pt\/wp-json\/wp\/v2\/types\/page"}],"author":[{"embeddable":true,"href":"https:\/\/grassxpress.com\/pt\/wp-json\/wp\/v2\/users\/1"}],"replies":[{"embeddable":true,"href":"https:\/\/grassxpress.com\/pt\/wp-json\/wp\/v2\/comments?post=3603"}],"version-history":[{"count":0,"href":"https:\/\/grassxpress.com\/pt\/wp-json\/wp\/v2\/pages\/3603\/revisions"}],"wp:attachment":[{"href":"https:\/\/grassxpress.com\/pt\/wp-json\/wp\/v2\/media?parent=3603"}],"curies":[{"name":"wp","href":"https:\/\/api.w.org\/{rel}","templated":true}]}}