{"id":3298,"date":"2020-02-18T05:09:07","date_gmt":"2020-02-18T05:09:07","guid":{"rendered":"https:\/\/diligentplug.com\/?page_id=3298"},"modified":"2020-02-18T05:09:07","modified_gmt":"2020-02-18T05:09:07","slug":"faqs","status":"publish","type":"page","link":"https:\/\/grassxpress.com\/pt\/perguntas-frequentes\/","title":{"rendered":"perguntas frequentes"},"content":{"rendered":"<div id=\"main-content\">\n<article id=\"post-2333\" class=\"post-2333 page type-page status-publish hentry\">\n<div class=\"entry-content\">\n<div id=\"et-boc\" class=\"et-boc\">\n<div class=\"et-l et-l--post\">\n<div class=\"et_builder_inner_content et_pb_gutters3\">\n<div class=\"et_pb_section et_pb_section_1 et_section_regular\">\n<div class=\"et_pb_row et_pb_row_2\">\n<div class=\"et_pb_column et_pb_column_4_4 et_pb_column_2 et_pb_css_mix_blend_mode_passthrough et-last-child\">\n<div class=\"et_pb_module et_pb_text et_pb_text_2 et_pb_text_align_center et_pb_bg_layout_light\">\n<div class=\"et_pb_text_inner\">\n<h2>Onde posso comprar maconha online?<\/h2>\n<p>Esta \u00e9 uma palavra-chave que aparece aproximadamente 18.150 vezes nos resultados de pesquisa a cada 30 dias e, portanto, \u00e9<br \/>\nconsiderada como uma das perguntas mais frequentes feitas online. Aqui est\u00e1 a sua resposta, depois de ver como foi dif\u00edcil<br \/>\ncomprar erva daninha online, por isso a nossa equipa decidiu juntar-se e reunir todos os factores necess\u00e1rios e agora pode encomendar ou comprar erva daninha online a partir de n\u00f3s em apenas tr\u00eas passos simples, pelo que gostar\u00edamos de responder \u00e0 sua pergunta dizendo \"SIM\", pode comprar erva daninha online a partir de weed-crew.net e receb\u00ea-la num piscar de olhos.<\/p>\n<\/div>\n<\/div>\n<\/div>\n<\/div>\n<div class=\"et_pb_row et_pb_row_3\">\n<div class=\"et_pb_column et_pb_column_4_4 et_pb_column_3 et_pb_css_mix_blend_mode_passthrough et-last-child\">\n<div class=\"et_pb_module et_pb_text et_pb_text_3 et_pb_text_align_center et_pb_bg_layout_light\">\n<div class=\"et_pb_text_inner\">\n<h3>Quanto tempo falta para a minha encomenda ser expedida?<\/h3>\n<p>Fazemos o nosso melhor para garantir que todos os odores s\u00e3o enviados no mesmo dia, assim que a encomenda for recebida e o pagamento confirmado, procederemos \u00e0 embalagem e, assim que a embalagem estiver conclu\u00edda, avan\u00e7aremos e enviaremos, ap\u00f3s o que lhe ser\u00e1 fornecido o n\u00famero de rastreio da encomenda para que possa acompanhar a encomenda em tr\u00e2nsito at\u00e9 chegar a si. O envio \u00e9 efectuado atrav\u00e9s de <a href=\"https:\/\/en.wikipedia.org\/wiki\/United_States_Postal_Service\">USPS<\/a>UPS, FEDEX ou Marble Logistics.<\/p>\n<\/div>\n<\/div>\n<\/div>\n<\/div>\n<div class=\"et_pb_row et_pb_row_4\">\n<div class=\"et_pb_column et_pb_column_4_4 et_pb_column_4 et_pb_css_mix_blend_mode_passthrough et-last-child\">\n<div class=\"et_pb_module et_pb_text et_pb_text_4 et_pb_text_align_center et_pb_bg_layout_light\">\n<div class=\"et_pb_text_inner\">\n<h3>Quanto tempo falta para receber a minha encomenda?<\/h3>\n<p>Todas as encomendas s\u00e3o enviadas no mesmo dia (24 horas) a partir da rece\u00e7\u00e3o da encomenda, no entanto, o tempo que demora a chegar a sua encomenda depende inteiramente de dois factores.<br \/>\n- O primeiro fator \u00e9 o tipo de envio. Por tipo de envio entendemos se a sua encomenda foi enviada como encomenda normal ou para entrega no mesmo dia ou correio priorit\u00e1rio. Se a sua encomenda for registada como correio normal, demorar\u00e1 at\u00e9 dois dias (948 horas) a chegar at\u00e9 si, ao passo que se for enviada para entrega no mesmo dia ou correio priorit\u00e1rio, chegar\u00e1 at\u00e9 si no prazo de 24 horas.<br \/>\n- Em segundo lugar, o tempo que demora at\u00e9 a sua encomenda chegar at\u00e9 si depende do destino da encomenda, ou seja, se o seu endere\u00e7o de entrega se situa nos EUA ou na Europa. Todas as encomendas enviadas para destinos nos EUA s\u00e3o entregues no prazo m\u00e1ximo de 48 horas, enquanto as encomendas na Europa podem demorar at\u00e9 tr\u00eas dias (72 horas).<\/p>\n<\/div>\n<\/div>\n<\/div>\n<\/div>\n<div class=\"et_pb_row et_pb_row_5\">\n<div class=\"et_pb_column et_pb_column_4_4 et_pb_column_5 et_pb_css_mix_blend_mode_passthrough et-last-child\">\n<div class=\"et_pb_module et_pb_text et_pb_text_5 et_pb_text_align_center et_pb_bg_layout_light\">\n<div class=\"et_pb_text_inner\">\n<h3>Existem descontos nas encomendas?<\/h3>\n<p>Tal como qualquer empresa de encomendas, a nossa oferece descontos em encomendas em massa e em todas as encomendas efectuadas com tipos de pagamento como Bitcoins. Todas as encomendas acima de $800 recebem um desconto de 25%, enquanto as encomendas pagas atrav\u00e9s de Bitcoins recebem um desconto de 20%. Encorajamos as encomendas em massa, uma vez que tamb\u00e9m incluem sementes gratuitas. LER MAIS sobre sementes gratuitas na nossa p\u00e1gina de pol\u00edtica de apoio \u00e0 explora\u00e7\u00e3o agr\u00edcola.<\/p>\n<\/div>\n<\/div>\n<\/div>\n<\/div>\n<div class=\"et_pb_row et_pb_row_6\">\n<div class=\"et_pb_column et_pb_column_4_4 et_pb_column_6 et_pb_css_mix_blend_mode_passthrough et-last-child\">\n<div class=\"et_pb_module et_pb_text et_pb_text_6 et_pb_text_align_center et_pb_bg_layout_light\">\n<div class=\"et_pb_text_inner\">\n<h3>\u00c9 seguro comprar erva online?<\/h3>\n<p>A compra de erva daninha em linha pode ser complicada e arriscada, por vezes, se n\u00e3o contactar as pessoas certas. No entanto, tornamos a compra o mais segura poss\u00edvel, tendo em conta alguns factores, tal como indicado abaixo<br \/>\n- \u00c9 maconha medicinal? comprar maconha online pode ser complicado, pois o mais prov\u00e1vel \u00e9 que s\u00f3 tenha uma amostra do produto<br \/>\ndepois de j\u00e1 ter pago por ela, deve certificar-se de que o que est\u00e1 a pagar \u00e9 marijuana medicinal e\/ou testada em laborat\u00f3rio quanto ao seu teor de THC e CBD.<br \/>\n- Ser\u00e1 bem embalado para que eu n\u00e3o tenha problemas?<br \/>\nDeve certificar-se de que a sua encomenda est\u00e1 bem selada, de modo a garantir a seguran\u00e7a nas m\u00e3os do transportador, se<br \/>\nse a embalagem n\u00e3o estiver bem selada, o envio seguro atrav\u00e9s da USPS, UPS ou qualquer outro servi\u00e7o de correio n\u00e3o pode ser garantido e, por conseguinte, n\u00e3o pode ter a certeza se a sua encomenda chegar\u00e1 \u00e0s suas m\u00e3os ou n\u00e3o.<\/p>\n<\/div>\n<\/div>\n<\/div>\n<\/div>\n<div class=\"et_pb_row et_pb_row_7\">\n<div class=\"et_pb_column et_pb_column_4_4 et_pb_column_7 et_pb_css_mix_blend_mode_passthrough et-last-child\">\n<div class=\"et_pb_module et_pb_text et_pb_text_7 et_pb_text_align_center et_pb_bg_layout_light\">\n<div class=\"et_pb_text_inner\">\n<h3>Posso pagar com um cart\u00e3o de cr\u00e9dito ou de d\u00e9bito?<\/h3>\n<p>No mundo em linha atual, os cart\u00f5es de cr\u00e9dito e de d\u00e9bito s\u00e3o um dos m\u00e9todos mais flex\u00edveis de pagamento em linha.<br \/>\nNa weed-crew.net pode fazer o pagamento diretamente com o seu cart\u00e3o de cr\u00e9dito ou d\u00e9bito. Sinta-se seguro ao pagar com cart\u00e3o de cr\u00e9dito ou d\u00e9bito, pois nosso site \u00e9 protegido por SSL.<\/p>\n<\/div>\n<\/div>\n<\/div>\n<\/div>\n<div class=\"et_pb_row et_pb_row_8\">\n<div class=\"et_pb_column et_pb_column_4_4 et_pb_column_8 et_pb_css_mix_blend_mode_passthrough et-last-child\">\n<div class=\"et_pb_module et_pb_text et_pb_text_8 et_pb_text_align_center et_pb_bg_layout_light\">\n<div class=\"et_pb_text_inner\">\n<h3>Enviam amostras gr\u00e1tis para a Buy Weed Online?<\/h3>\n<p><a href=\"https:\/\/grassxpress.com\/pt\/ordem-ervaninha-online-portugal\/\">N\u00f3s<\/a> Oferecemos amostras de at\u00e9 $50-$100 a todos os potenciais compradores a granel que esperam um neg\u00f3cio a longo prazo, mas desejam experimentar os nossos produtos antes de fazer grandes compras, no entanto, as amostras n\u00e3o s\u00e3o totalmente gratuitas, uma vez que \u00e9 necess\u00e1rio pagar 30% do valor da embalagem, isto porque percebemos que quando damos amostras gr\u00e1tis alguns clientes usam isso como uma brecha para a explora\u00e7\u00e3o e apenas pedem amostras gr\u00e1tis apenas para fumar e ficarem pedrados. Todas as amostras s\u00e3o uma mistura de 2 gramas de cada, at\u00e9 10 variedades diferentes \u00e0 tua escolha.<\/p>\n<\/div>\n<\/div>\n<\/div>\n<\/div>\n<div class=\"et_pb_row et_pb_row_9\">\n<div class=\"et_pb_column et_pb_column_4_4 et_pb_column_9 et_pb_css_mix_blend_mode_passthrough et-last-child\">\n<div class=\"et_pb_module et_pb_text et_pb_text_9 et_pb_text_align_center et_pb_bg_layout_light\">\n<div class=\"et_pb_text_inner\">\n<h3>Vendem a menores?<\/h3>\n<p>Os menores, como lhes chamamos, s\u00e3o clientes com menos de 18 anos de idade. N\u00e3o oferecemos os nossos servi\u00e7os a qualquer pessoa ou pessoas<br \/>\ncom idade inferior a 18 anos. No entanto, se for um doente ou sofrer de problemas relacionados com a ansiedade, podemos vender<br \/>\npequenas quantidades de produtos especificados para si.<\/p>\n<\/div>\n<\/div>\n<\/div>\n<\/div>\n<\/div>\n<\/div>\n<\/div>\n<\/div>\n<\/div>\n<\/article>\n<\/div>","protected":false},"excerpt":{"rendered":"<p>Where Can I Buy Weed Online? This is a keyword which appears approximately 18,150 times in search results every 30 days and there fore is considered as one of the most frequent questions asked online.Here is your answer, after seeing how difficult it was buying weed online so our team decided to come together and<\/p>\n<div class=\"more-link\">\n             <a href=\"https:\/\/grassxpress.com\/pt\/perguntas-frequentes\/\" class=\"link-btn\"><span>Continue Reading <\/span><i class=\"icofont-thin-double-right\"><\/i><\/a>\n        <\/div>","protected":false},"author":1,"featured_media":0,"parent":0,"menu_order":0,"comment_status":"closed","ping_status":"closed","template":"","meta":{"_themeisle_gutenberg_block_has_review":false,"_ti_tpc_template_sync":false,"_ti_tpc_template_id":"","_joinchat":[],"footnotes":""},"class_list":["post-3298","page","type-page","status-publish","hentry"],"yoast_head":"<!-- This site is optimized with the Yoast SEO plugin v22.7 - https:\/\/yoast.com\/wordpress\/plugins\/seo\/ -->\n<title>FAQs | About To Buy Weed Online - GrassXpress<\/title>\n<meta name=\"description\" content=\"If you have a question? We answer your question by saying \u201cYES\u201d you can buy weed online from weed-crew.net.All packages are shiped same day.\" \/>\n<meta name=\"robots\" content=\"index, follow, max-snippet:-1, max-image-preview:large, max-video-preview:-1\" \/>\n<link rel=\"canonical\" href=\"https:\/\/grassxpress.com\/pt\/faqs\/\" \/>\n<meta property=\"og:locale\" content=\"pt_PT\" \/>\n<meta property=\"og:type\" content=\"article\" \/>\n<meta property=\"og:title\" content=\"FAQs | About To Buy Weed Online - GrassXpress\" \/>\n<meta property=\"og:description\" content=\"If you have a question? We answer your question by saying \u201cYES\u201d you can buy weed online from weed-crew.net.All packages are shiped same day.\" \/>\n<meta property=\"og:url\" content=\"https:\/\/grassxpress.com\/pt\/faqs\/\" \/>\n<meta property=\"og:site_name\" content=\"GrassXpress\" \/>\n<meta name=\"twitter:card\" content=\"summary_large_image\" \/>\n<meta name=\"twitter:label1\" content=\"Tempo estimado de leitura\" \/>\n\t<meta name=\"twitter:data1\" content=\"4 minutos\" \/>\n<!-- \/ Yoast SEO plugin. -->","yoast_head_json":{"title":"FAQs | About To Buy Weed Online - GrassXpress","description":"If you have a question? We answer your question by saying \u201cYES\u201d you can buy weed online from weed-crew.net.All packages are shiped same day.","robots":{"index":"index","follow":"follow","max-snippet":"max-snippet:-1","max-image-preview":"max-image-preview:large","max-video-preview":"max-video-preview:-1"},"canonical":"https:\/\/grassxpress.com\/pt\/faqs\/","og_locale":"pt_PT","og_type":"article","og_title":"FAQs | About To Buy Weed Online - GrassXpress","og_description":"If you have a question? We answer your question by saying \u201cYES\u201d you can buy weed online from weed-crew.net.All packages are shiped same day.","og_url":"https:\/\/grassxpress.com\/pt\/faqs\/","og_site_name":"GrassXpress","twitter_card":"summary_large_image","twitter_misc":{"Tempo estimado de leitura":"4 minutos"},"schema":{"@context":"https:\/\/schema.org","@graph":[{"@type":"WebPage","@id":"https:\/\/grassxpress.com\/it\/faqs\/","url":"https:\/\/grassxpress.com\/it\/faqs\/","name":"FAQs | About To Buy Weed Online - GrassXpress","isPartOf":{"@id":"https:\/\/grassxpress.com\/#website"},"datePublished":"2020-02-18T05:09:07+00:00","dateModified":"2020-02-18T05:09:07+00:00","description":"If you have a question? We answer your question by saying \u201cYES\u201d you can buy weed online from weed-crew.net.All packages are shiped same day.","breadcrumb":{"@id":"https:\/\/grassxpress.com\/it\/faqs\/#breadcrumb"},"inLanguage":"pt-PT","potentialAction":[{"@type":"ReadAction","target":["https:\/\/grassxpress.com\/it\/faqs\/"]}]},{"@type":"BreadcrumbList","@id":"https:\/\/grassxpress.com\/it\/faqs\/#breadcrumb","itemListElement":[{"@type":"ListItem","position":1,"name":"Home","item":"https:\/\/grassxpress.com\/"},{"@type":"ListItem","position":2,"name":"FAQs"}]},{"@type":"WebSite","@id":"https:\/\/grassxpress.com\/#website","url":"https:\/\/grassxpress.com\/","name":"GrassXpress","description":"Buy Weed Online UK","publisher":{"@id":"https:\/\/grassxpress.com\/#organization"},"potentialAction":[{"@type":"SearchAction","target":{"@type":"EntryPoint","urlTemplate":"https:\/\/grassxpress.com\/?s={search_term_string}"},"query-input":"required name=search_term_string"}],"inLanguage":"pt-PT"},{"@type":"Organization","@id":"https:\/\/grassxpress.com\/#organization","name":"GrassXpress","url":"https:\/\/grassxpress.com\/","logo":{"@type":"ImageObject","inLanguage":"pt-PT","@id":"https:\/\/grassxpress.com\/#\/schema\/logo\/image\/","url":"https:\/\/grassxpress.com\/wp-content\/uploads\/2024\/01\/logo.png","contentUrl":"https:\/\/grassxpress.com\/wp-content\/uploads\/2024\/01\/logo.png","width":300,"height":100,"caption":"GrassXpress"},"image":{"@id":"https:\/\/grassxpress.com\/#\/schema\/logo\/image\/"}}]}},"_links":{"self":[{"href":"https:\/\/grassxpress.com\/pt\/wp-json\/wp\/v2\/pages\/3298","targetHints":{"allow":["GET"]}}],"collection":[{"href":"https:\/\/grassxpress.com\/pt\/wp-json\/wp\/v2\/pages"}],"about":[{"href":"https:\/\/grassxpress.com\/pt\/wp-json\/wp\/v2\/types\/page"}],"author":[{"embeddable":true,"href":"https:\/\/grassxpress.com\/pt\/wp-json\/wp\/v2\/users\/1"}],"replies":[{"embeddable":true,"href":"https:\/\/grassxpress.com\/pt\/wp-json\/wp\/v2\/comments?post=3298"}],"version-history":[{"count":0,"href":"https:\/\/grassxpress.com\/pt\/wp-json\/wp\/v2\/pages\/3298\/revisions"}],"wp:attachment":[{"href":"https:\/\/grassxpress.com\/pt\/wp-json\/wp\/v2\/media?parent=3298"}],"curies":[{"name":"wp","href":"https:\/\/api.w.org\/{rel}","templated":true}]}}