{"id":4363,"date":"2022-11-15T10:34:28","date_gmt":"2022-11-15T10:34:28","guid":{"rendered":"https:\/\/documentosespana.com\/diligent\/?post_type=product&#038;p=4363"},"modified":"2026-04-02T09:17:53","modified_gmt":"2026-04-02T09:17:53","slug":"og-kush-strain","status":"publish","type":"product","link":"https:\/\/grassxpress.com\/pl\/produkt\/og-kush-strain\/","title":{"rendered":"OG kusz"},"content":{"rendered":"<h2>Sprzedam OG Kush<\/h2>\n<p><a href=\"https:\/\/grassxpress.com\/pl\/produkt\/og-kush-strain\/\">Buy OG Kush Strain<\/a> from <a href=\"https:\/\/grassxpress.com\/pl\/\">grassxpress.com<\/a> W najni\u017cszej cenie i z najwy\u017csz\u0105 jako\u015bci\u0105. OG Kush to niezwykle popularna hybryda z dominacj\u0105 sativy. To \u017cywa legenda w\u015br\u00f3d odmian konopi. Wysoko ceniona za powalaj\u0105cy haj i wspania\u0142y smak. Szybko sta\u0142a si\u0119 najpopularniejsz\u0105 odmian\u0105 konopi na \u015bwiecie. OG Kush to wspania\u0142a odmiana do hodowli i tworzenia nowych fenotyp\u00f3w. Dzieli swoj\u0105 imponuj\u0105c\u0105 genetyk\u0119 z wieloma kalifornijskimi odmianami Kush o najwi\u0119kszej mocy, takimi jak Fire OG i Tahoe OG. <a href=\"https:\/\/grassxpress.com\/pl\/mail-order-weed-uk\/\">Wi\u0119cej<\/a><\/p>\n<p>Pomimo swojej popularno\u015bci, oryginalny szczep OG Kush jest uwa\u017cany za genetyczn\u0105 tajemnic\u0119. Wielu hodowc\u00f3w uwa\u017ca, \u017ce by\u0142a to krzy\u017c\u00f3wka Chemdawg, Lemon Thai i Hindu Kush, ale nikt nie ma pewno\u015bci. Wiele os\u00f3b uwa\u017ca, \u017ce odmiana OG Kush to \u015bwietna odmiana do \u0142agodzenia b\u00f3lu i bezsenno\u015bci. Cz\u0119sto zdarza si\u0119, \u017ce OG Kush ma oko\u0142o 80% THC. Powoduje to pocz\u0105tkowo podnosz\u0105cy na duchu haj, po kt\u00f3rym nast\u0119puje ci\u0119\u017cki, relaksuj\u0105cy haj cia\u0142a. Sprzeda\u017c wysy\u0142kowa weed polska<\/p>\n<h3>Co to jest OG Kush?<\/h3>\n<p>OG Kush Marijuana Strain\u00a0The foundational backbone of multiple\u00a0world famous cannabis strains,\u00a0OG Kush\u00a0is considered legendary for revolutionizing the <a href=\"https:\/\/grassxpress.com\/pl\/produkt\/platinum-girl-scout-cookies\/\">marijuana<\/a> industry, arguably rising to the recognition of \u201cmost well-known cannabis strain\u201d.\u00a0The OG Kush strain\u00a0is classified as a hybrid, with little known about its genetic origins, although rumors claim that this strain is a blend between possible parent plants\u00a0Chemdawg\u00a0and\u00a0Hindu Kush.<\/p>\n<p>Ta informacja nigdy nie zosta\u0142a potwierdzona, ale pochodzenie OG Kush nie wydaje si\u0119 mie\u0107 znaczenia, poniewa\u017c wp\u0142yw, jaki wywar\u0142a na \u015bwiat konopi, wydaje si\u0119 by\u0107 znacznie wa\u017cniejszy. Z OG Kush wyhodowano wiele fenotyp\u00f3w, a wiele z nich zyska\u0142o popularno\u015b\u0107, podobnie jak OGK. Niekt\u00f3re z tych dobrze znanych fenotyp\u00f3w to Tahoe OG, Fire OG, SFV OG, Double OG i wiele innych \u2013 przypuszczamy, \u017ce prawdopodobnie znasz przynajmniej kilka z nich. Ziele wysy\u0142kowe <a href=\"https:\/\/en.wikipedia.org\/wiki\/Special:Search?search=weed+online&amp;go=Go&amp;ns0=1\">uk<\/a><\/p>\n<p>Zni\u017cka na olej CBD Cz\u0119\u015bciowo powodem, dla kt\u00f3rego OG Kush jest szeroko stosowany w hodowli genetyki konopi, jest wysoka moc THC tej oryginalnej odmiany, kt\u00f3ra wydaje si\u0119 pomaga\u0107 wielu konsumentom z r\u00f3\u017cnymi problemami medycznymi, kt\u00f3rych mog\u0105 do\u015bwiadcza\u0107. Przy poziomach THC rejestrowanych w zakresie 20-27, poncz w opakowaniach OG Kush jest szczeg\u00f3lnie pot\u0119\u017cny, naprawd\u0119 uderzaj\u0105c ka\u017cdego, kto go konsumuje.<\/p>\n<p>Although world-known, <a href=\"https:\/\/en.wikipedia.org\/wiki\/Kush\">OG Kush<\/a> seems to primarily be consumed throughout California, Colorado and the Pacific Northwest, so if you want to try a dank batch of this heady cannabis strain, look to those regions for answers.<\/p>\n<h3>ORAZ aromat Kush<\/h3>\n<p>Smak i wygl\u0105d OG Kush ma jeden z naj\u015bwie\u017cszych zapach\u00f3w, intensywnie przypominaj\u0105cy zagubion\u0105 w\u0119dr\u00f3wk\u0119 w g\u0142\u0105b starego lasu. Jego aromat jest drzewny, sosnowy i ziemisty, natychmiast uderzaj\u0105c w kubki smakowe pot\u0119\u017cnym uderzeniem. Jego smak wci\u0105\u017c zaskakuje konsument\u00f3w nieoczekiwanymi nutami limonki, cytryny i cytrus\u00f3w, a tak\u017ce nut\u0105 pikantnego akcentu. Sprzeda\u017c wysy\u0142kowa chwast\u00f3w POLSKA.<\/p>\n<p>Je\u015bli chodzi o wygl\u0105d, chwast OG Kush ma tradycyjny wygl\u0105d konopi, charakteryzuj\u0105cy si\u0119 klasycznym \u017c\u00f3\u0142to-zielonym kolorem li\u015bci cukru, pomara\u0144czowymi s\u0142upkami i zielonymi li\u015b\u0107mi, czasem w cieniu sza\u0142wii. P\u0105ki s\u0105 g\u0119sto pokryte krystalicznymi w\u0142oskami, co ma sens, je\u015bli we\u017amie si\u0119 pod uwag\u0119 wysok\u0105 zawarto\u015b\u0107 THC w szczepie OG Kush. Efekty OG Kush Pozostaj\u0105c wiernym swojej hybrydowej klasyfikacji, OG Kush weed jest szczeg\u00f3lnie zr\u00f3wnowa\u017cony, a jego haj przynosi to, co najlepsze z obu \u015bwiat\u00f3w.<\/p>\n<p>T\u0119tni\u0105ca \u017cyciem mieszanka cech indica i sativa, testowana przez OG Kush na poziomach starannej wtyczki, sativa i\u00a0indica wynosz\u0105 60% i 87%. Po spo\u017cyciu OG Kush spodziewaj si\u0119 silnej euforii i intensywnych efekt\u00f3w m\u00f3zgowych, po kt\u00f3rych cz\u0119sto nast\u0119puje \u0142agodne lub silne uczucie przykucia do kanapy.<\/p>\n<p>Uwa\u017cany za jeden z najbardziej relaksuj\u0105cych, a jednocze\u015bnie podnosz\u0105cych na duchu szczep\u00f3w, OG Kush wydaje si\u0119 zapewnia\u0107 swoim konsumentom wspania\u0142e po\u0142\u0105czenie nie tylko pe\u0142nej euforii roztapiaj\u0105cej cia\u0142o, ale tak\u017ce r\u00f3wnie korzystnego rezultatu dla umys\u0142u, pozostawiaj\u0105c ka\u017cdego, kto go spr\u00f3buje, szcz\u0119\u015bliwym, spokojnym i wyciszonym , ale potrafi chichota\u0107, \u015bmia\u0107 si\u0119 i wspaniale sp\u0119dza\u0107 czas.<\/p>\n<h3>Korzy\u015bci medyczne szczepu konopi nr 1<\/h3>\n<p>OG Kush OG Kush Widok z g\u00f3ry Najcz\u0119\u015bciej spo\u017cywany medycznie przy zaburzeniach psychicznych i przewlek\u0142ym b\u00f3lu. OG Kush Weed to wyj\u0105tkowo uzdrawiaj\u0105ca odmiana konopi. To zaskoczy\u0142o \u015bwiat medycznej marihuany swoj\u0105 zdolno\u015bci\u0105 do pomocy tak wielu osobom przez lata swojego istnienia.<\/p>\n<p>Jego magiczne moce s\u0105 cz\u0119\u015bciowo powodem masowego wzrostu popularno\u015bci OGK. Poniewa\u017c coraz wi\u0119cej os\u00f3b odkrywa, \u017ce lepiej jest spo\u017cywa\u0107 ten szczep. Ni\u017c przyjmowanie tradycyjnych lek\u00f3w, kt\u00f3re cz\u0119sto wi\u0105\u017c\u0105 si\u0119 z nieprzyjemnymi, zmieniaj\u0105cymi \u017cycie negatywnymi skutkami ubocznymi.<\/p>\n<p>Osoby zmagaj\u0105ce si\u0119 ze stresem, depresj\u0105 i bezsenno\u015bci\u0105 odkry\u0142y, \u017ce odmiana OG Kush jest szczeg\u00f3lnie lecznicza. Jak r\u00f3wnie\u017c pacjent\u00f3w do\u015bwiadczaj\u0105cych silnego i przewlek\u0142ego b\u00f3lu. OG Kush naprawd\u0119 pomaga zrelaksowa\u0107 si\u0119 i znieczuli\u0107 obola\u0142e miejsca. Je\u015bli do\u015bwiadczasz stresu, depresji, l\u0119ku lub innych zaburze\u0144 psychicznych. <a href=\"https:\/\/grassxpress.com\/pl\/produkt\/og-kush-strain\/\">Secure checkout<\/a><\/p>\n<p>Wtedy najlepiej jest wypali\u0107 \u0142agodn\u0105 ilo\u015b\u0107 marihuany OG Kush lub zje\u015b\u0107 jadalny produkt o niskiej dawce. Poniewa\u017c nadmierne spo\u017cywanie jakiejkolwiek odmiany marihuany podczas leczenia zaburze\u0144 psychicznych mo\u017ce w rzeczywisto\u015bci wyrz\u0105dzi\u0107 wi\u0119cej szkody ni\u017c po\u017cytku. Poznaj swoje granice i trzymaj si\u0119 tych granic.<\/p>\n<p>Z drugiej strony, je\u015bli borykasz si\u0119 z bezsenno\u015bci\u0105, niewyspaniem lub przewlek\u0142ym b\u00f3lem. Wtedy przyj\u0119cie wi\u0119kszej dawki szczepu OG Kush przynios\u0142oby wi\u0119ksze korzy\u015bci. Pomo\u017ce to natychmiast zaatakowa\u0107 problem. Nie pozostawiaj\u0105c \u017cadnej mo\u017cliwo\u015bci, \u017ce nie spo\u017cy\u0142e\u015b wystarczaj\u0105co du\u017cej dawki, aby faktycznie odczu\u0107 korzy\u015bci. Aby osi\u0105gn\u0105\u0107 wy\u017csz\u0105 dawk\u0119, odpowiednia mo\u017ce by\u0107 jadalna, koncentrat lub inna nadaj\u0105ca si\u0119 do spo\u017cycia forma konopi.<\/p>\n<p>Mo\u017cliwe skutki uboczne OG Kush. Najlepszym sposobem na unikni\u0119cie ewentualnych skutk\u00f3w ubocznych marihuany OG Kush jest zachowanie \u015brodk\u00f3w ostro\u017cno\u015bci. Je\u015bli jeste\u015b wra\u017cliwy na THC i znasz swoje ograniczenia podczas spo\u017cywania konopi indyjskich. Konsumenci najcz\u0119\u015bciej zg\u0142aszaj\u0105 sucho\u015b\u0107 w ustach i sucho\u015b\u0107 oczu jako cz\u0119sty efekt uboczny podczas wypr\u00f3bowywania marihuany OG Kush. Nie przejmuj si\u0119, mo\u017cna to \u0142atwo rozwi\u0105za\u0107, pij\u0105c p\u0142yny nawil\u017caj\u0105ce i w razie potrzeby stosuj\u0105c nawil\u017caj\u0105ce krople do oczu.<\/p>\n<h3>Dodatkowo,<\/h3>\n<p>Niekt\u00f3re osoby do\u015bwiadczy\u0142y paranoi po spo\u017cyciu szczepu OG Kush. Ale pami\u0119taj, \u017ce tw\u00f3j haj minie i po prostu oddychaj powoli, g\u0142\u0119boko i miarowo. Mo\u017ce pom\u00f3c w utrzymaniu jasnej g\u0142owy, je\u015bli przechodzisz przez jakiekolwiek negatywne wzorce my\u015blowe.<\/p>\n<p>Pomocne mog\u0105 by\u0107 r\u00f3wnie\u017c techniki medytacji i g\u0142\u0119bokiej relaksacji. Ostatnie przemy\u015blenia na temat OG Kush: Mamy nadziej\u0119, \u017ce ta recenzja OG Kush jest nie tylko zabawna. Ale tak\u017ce edukacyjnych i informacyjnych. Wa\u017cne jest, aby pami\u0119ta\u0107, \u017ce konsumpcja marihuany jest wy\u0142\u0105czn\u0105 odpowiedzialno\u015bci\u0105 u\u017cytkownika i nale\u017cy zachowa\u0107 dyskrecj\u0119.<\/p>","protected":false},"excerpt":{"rendered":"<p><strong>Grade:<\/strong> A<br \/>\nType: Sativa dominant hybrid<br \/>\n<strong>Looks:<\/strong> This deep green bud is fluffy, frosty and packed with red hairs.<br \/>\n<strong>Smell:<\/strong> Piney, Cedar-like, Citrus<br \/>\n<strong>Taste:<\/strong> A very nice earthy and pine taste with a sweet after note . A very smooth and refreshing smoke. Vaporizing intensifies flavor and is a delight to have in the mouth.<br \/>\n<strong>Effects:<\/strong> Induces a feeling of euphoria, happiness, and creativity. An uplifting and energized high.<br \/>\nPotency: 10\/10 (It\u2019s a 1 hit wonder)<\/p>","protected":false},"featured_media":4421,"comment_status":"open","ping_status":"closed","template":"","meta":{"_themeisle_gutenberg_block_has_review":false,"_ti_tpc_template_sync":false,"_ti_tpc_template_id":"","_joinchat":[]},"product_cat":[216],"product_tag":[],"class_list":{"0":"post-4363","1":"product","2":"type-product","3":"status-publish","4":"has-post-thumbnail","6":"product_cat-hybrid","8":"first","9":"instock","10":"shipping-taxable","11":"purchasable","12":"product-type-variable"},"yoast_head":"<!-- This site is optimized with the Yoast SEO plugin v22.7 - https:\/\/yoast.com\/wordpress\/plugins\/seo\/ -->\n<title>OG Kush Strain Online For Sale | GrassXpress<\/title>\n<meta name=\"description\" content=\"Buy OG Kush online in uk and explore a legendary cannabis strain valued for its strong aroma and balanced hybrid effects. OG Kush for sale featuring distinctive earthy, citrus, and fuel-like terpene notes.\" \/>\n<meta name=\"robots\" content=\"index, follow, max-snippet:-1, max-image-preview:large, max-video-preview:-1\" \/>\n<link rel=\"canonical\" href=\"https:\/\/grassxpress.com\/pl\/produkt\/og-kush-strain\/\" \/>\n<meta property=\"og:locale\" content=\"pl_PL\" \/>\n<meta property=\"og:type\" content=\"article\" \/>\n<meta property=\"og:title\" content=\"OG Kush Strain Online For Sale | GrassXpress\" \/>\n<meta property=\"og:description\" content=\"Buy OG Kush online in uk and explore a legendary cannabis strain valued for its strong aroma and balanced hybrid effects. OG Kush for sale featuring distinctive earthy, citrus, and fuel-like terpene notes.\" \/>\n<meta property=\"og:url\" content=\"https:\/\/grassxpress.com\/pl\/produkt\/og-kush-strain\/\" \/>\n<meta property=\"og:site_name\" content=\"GrassXpress\" \/>\n<meta property=\"article:modified_time\" content=\"2026-04-02T09:17:53+00:00\" \/>\n<meta property=\"og:image\" content=\"https:\/\/grassxpress.com\/wp-content\/uploads\/2022\/11\/OG-kush.jpg\" \/>\n\t<meta property=\"og:image:width\" content=\"600\" \/>\n\t<meta property=\"og:image:height\" content=\"600\" \/>\n\t<meta property=\"og:image:type\" content=\"image\/jpeg\" \/>\n<meta name=\"twitter:card\" content=\"summary_large_image\" \/>\n<meta name=\"twitter:label1\" content=\"Szacowany czas czytania\" \/>\n\t<meta name=\"twitter:data1\" content=\"6 minut\" \/>\n<!-- \/ Yoast SEO plugin. -->","yoast_head_json":{"title":"OG Kush Strain Online For Sale | GrassXpress","description":"Buy OG Kush online in uk and explore a legendary cannabis strain valued for its strong aroma and balanced hybrid effects. OG Kush for sale featuring distinctive earthy, citrus, and fuel-like terpene notes.","robots":{"index":"index","follow":"follow","max-snippet":"max-snippet:-1","max-image-preview":"max-image-preview:large","max-video-preview":"max-video-preview:-1"},"canonical":"https:\/\/grassxpress.com\/pl\/produkt\/og-kush-strain\/","og_locale":"pl_PL","og_type":"article","og_title":"OG Kush Strain Online For Sale | GrassXpress","og_description":"Buy OG Kush online in uk and explore a legendary cannabis strain valued for its strong aroma and balanced hybrid effects. OG Kush for sale featuring distinctive earthy, citrus, and fuel-like terpene notes.","og_url":"https:\/\/grassxpress.com\/pl\/produkt\/og-kush-strain\/","og_site_name":"GrassXpress","article_modified_time":"2026-04-02T09:17:53+00:00","og_image":[{"width":600,"height":600,"url":"https:\/\/grassxpress.com\/wp-content\/uploads\/2022\/11\/OG-kush.jpg","type":"image\/jpeg"}],"twitter_card":"summary_large_image","twitter_misc":{"Szacowany czas czytania":"6 minut"},"schema":{"@context":"https:\/\/schema.org","@graph":[{"@type":"WebPage","@id":"https:\/\/grassxpress.com\/product\/og-kush-strain\/","url":"https:\/\/grassxpress.com\/product\/og-kush-strain\/","name":"OG Kush Strain Online For Sale | GrassXpress","isPartOf":{"@id":"https:\/\/grassxpress.com\/#website"},"primaryImageOfPage":{"@id":"https:\/\/grassxpress.com\/product\/og-kush-strain\/#primaryimage"},"image":{"@id":"https:\/\/grassxpress.com\/product\/og-kush-strain\/#primaryimage"},"thumbnailUrl":"https:\/\/grassxpress.com\/wp-content\/uploads\/2022\/11\/OG-kush.jpg","datePublished":"2022-11-15T10:34:28+00:00","dateModified":"2026-04-02T09:17:53+00:00","description":"Buy OG Kush online in uk and explore a legendary cannabis strain valued for its strong aroma and balanced hybrid effects. OG Kush for sale featuring distinctive earthy, citrus, and fuel-like terpene notes.","breadcrumb":{"@id":"https:\/\/grassxpress.com\/product\/og-kush-strain\/#breadcrumb"},"inLanguage":"pl-PL","potentialAction":[{"@type":"ReadAction","target":["https:\/\/grassxpress.com\/product\/og-kush-strain\/"]}]},{"@type":"ImageObject","inLanguage":"pl-PL","@id":"https:\/\/grassxpress.com\/product\/og-kush-strain\/#primaryimage","url":"https:\/\/grassxpress.com\/wp-content\/uploads\/2022\/11\/OG-kush.jpg","contentUrl":"https:\/\/grassxpress.com\/wp-content\/uploads\/2022\/11\/OG-kush.jpg","width":600,"height":600,"caption":"OG kush"},{"@type":"BreadcrumbList","@id":"https:\/\/grassxpress.com\/product\/og-kush-strain\/#breadcrumb","itemListElement":[{"@type":"ListItem","position":1,"name":"Home","item":"https:\/\/grassxpress.com\/"},{"@type":"ListItem","position":2,"name":"Mail Order Weed UK","item":"https:\/\/grassxpress.com\/mail-order-weed-uk\/"},{"@type":"ListItem","position":3,"name":"OG kush"}]},{"@type":"WebSite","@id":"https:\/\/grassxpress.com\/#website","url":"https:\/\/grassxpress.com\/","name":"GrassXpress","description":"Buy Weed Online UK","publisher":{"@id":"https:\/\/grassxpress.com\/#organization"},"potentialAction":[{"@type":"SearchAction","target":{"@type":"EntryPoint","urlTemplate":"https:\/\/grassxpress.com\/?s={search_term_string}"},"query-input":"required name=search_term_string"}],"inLanguage":"pl-PL"},{"@type":"Organization","@id":"https:\/\/grassxpress.com\/#organization","name":"GrassXpress","url":"https:\/\/grassxpress.com\/","logo":{"@type":"ImageObject","inLanguage":"pl-PL","@id":"https:\/\/grassxpress.com\/#\/schema\/logo\/image\/","url":"https:\/\/grassxpress.com\/wp-content\/uploads\/2024\/01\/logo.png","contentUrl":"https:\/\/grassxpress.com\/wp-content\/uploads\/2024\/01\/logo.png","width":300,"height":100,"caption":"GrassXpress"},"image":{"@id":"https:\/\/grassxpress.com\/#\/schema\/logo\/image\/"}}]}},"_links":{"self":[{"href":"https:\/\/grassxpress.com\/pl\/wp-json\/wp\/v2\/product\/4363","targetHints":{"allow":["GET"]}}],"collection":[{"href":"https:\/\/grassxpress.com\/pl\/wp-json\/wp\/v2\/product"}],"about":[{"href":"https:\/\/grassxpress.com\/pl\/wp-json\/wp\/v2\/types\/product"}],"replies":[{"embeddable":true,"href":"https:\/\/grassxpress.com\/pl\/wp-json\/wp\/v2\/comments?post=4363"}],"wp:featuredmedia":[{"embeddable":true,"href":"https:\/\/grassxpress.com\/pl\/wp-json\/wp\/v2\/media\/4421"}],"wp:attachment":[{"href":"https:\/\/grassxpress.com\/pl\/wp-json\/wp\/v2\/media?parent=4363"}],"wp:term":[{"taxonomy":"product_cat","embeddable":true,"href":"https:\/\/grassxpress.com\/pl\/wp-json\/wp\/v2\/product_cat?post=4363"},{"taxonomy":"product_tag","embeddable":true,"href":"https:\/\/grassxpress.com\/pl\/wp-json\/wp\/v2\/product_tag?post=4363"}],"curies":[{"name":"wp","href":"https:\/\/api.w.org\/{rel}","templated":true}]}}