{"id":4362,"date":"2022-11-15T10:31:56","date_gmt":"2022-11-15T10:31:56","guid":{"rendered":"https:\/\/documentosespana.com\/diligent\/?post_type=product&#038;p=4362"},"modified":"2026-04-02T09:19:20","modified_gmt":"2026-04-02T09:19:20","slug":"platinum-girl-scout-cookies","status":"publish","type":"product","link":"https:\/\/grassxpress.com\/pl\/produkt\/platinum-girl-scout-cookies\/","title":{"rendered":"Platynowe ciasteczka harcerskie"},"content":{"rendered":"<h2>Girls Scout Cookies Na sprzeda\u017c<\/h2>\n<p><a href=\"https:\/\/grassxpress.com\/pl\/produkt\/platinum-girl-scout-cookies\/\">Girls Scout Cookies Na sprzeda\u017c<\/a> on our website &#8220;<a href=\"https:\/\/grassxpress.com\/pl\/\">GrassXpress<\/a>\u201eCiasteczka Girl Scout, tak, odmiana konopi (nie same ciasteczka), to jedna z najpopularniejszych hybryd. Odmiana ta powsta\u0142a w wyniku skrzy\u017cowania OG Kush (r\u00f3wnie\u017c jednej z najpopularniejszych odmian) z hybryd\u0105 Durban Trucizna. Odmiana ta sk\u0142ania si\u0119 bardziej w stron\u0119 sativy, a bior\u0105c pod uwag\u0119 wysoki poziom THC, wynosz\u0105cy oko\u0142o 75%, nic dziwnego, \u017ce zapewnia tak silne i euforyczne odurzenie. Ze wzgl\u0119du na swoj\u0105 moc, jest stosowana g\u0142\u00f3wnie w celu \u0142agodzenia stresu u pacjent\u00f3w. Inne zastosowania medyczne obejmuj\u0105 leczenie wi\u0119kszo\u015bci rodzaj\u00f3w l\u0119k\u00f3w, \u0142agodzenie b\u00f3lu, depresji, a czasami bezsenno\u015bci. <a href=\"https:\/\/en.wikipedia.org\/wiki\/Special:Search?search=weed+online&amp;go=Go&amp;ns0=1\">uk<\/a> mail order weed | <a href=\"https:\/\/grassxpress.com\/pl\/mail-order-weed-uk\/\">Wi\u0119cej\u00a0<\/a><\/p>\n<p>Dry mouth and eyes are two of the side effects of this <a href=\"https:\/\/grassxpress.com\/pl\/produkt\/platinum-og\/\">obci\u0105\u017cenie<\/a>. There are two types of Girl scout cookies. One is the platinum girl scout cookies and the other is thin mint Girls Scouts cookie. Though there are some variations in appearance and effects, they are mostly the same. The appearance of this strain is unique. It has a fresh look to it, with dark green leaves and brilliant orange hairs. In terms of smell, things are the exact opposite. The smoke is almost milky smooth with a plethora of flavours. Although the taste is mostly sweet, there are earthy undertones. It tastes like chocolate, cherry, mint and lemongrass at the same time. Now you can easily buy marijuana product from diligent plug. <a href=\"https:\/\/grassxpress.com\/pl\/produkt\/platinum-girl-scout-cookies\/\">Best price guaranteed<\/a><\/p>","protected":false},"excerpt":{"rendered":"<p>Ze wzgl\u0119du na swoj\u0105 moc, jest stosowany g\u0142\u00f3wnie w celu z\u0142agodzenia stresu u pacjent\u00f3w. Inne zastosowania lecznicze obejmuj\u0105 leczenie wi\u0119kszo\u015bci rodzaj\u00f3w l\u0119k\u00f3w, \u0142agodzenie b\u00f3lu, depresji i czasami bezsenno\u015bci.<\/p>","protected":false},"featured_media":4417,"comment_status":"open","ping_status":"closed","template":"","meta":{"_themeisle_gutenberg_block_has_review":false,"_ti_tpc_template_sync":false,"_ti_tpc_template_id":"","_joinchat":[]},"product_cat":[216],"product_tag":[261,262,263,190,264,265],"class_list":{"0":"post-4362","1":"product","2":"type-product","3":"status-publish","4":"has-post-thumbnail","6":"product_cat-hybrid","7":"product_tag-42o-mail-order-uk","8":"product_tag-buy-cannabis-online-uk","9":"product_tag-buy-cannabis-uk","10":"product_tag-buy-weed-online-uk-buy-weed-online-uk","11":"product_tag-cannabis-weed-for-sale-uk","12":"product_tag-order-weed","14":"first","15":"instock","16":"shipping-taxable","17":"purchasable","18":"product-type-variable"},"yoast_head":"<!-- This site is optimized with the Yoast SEO plugin v22.7 - https:\/\/yoast.com\/wordpress\/plugins\/seo\/ -->\n<title>Platinum Girl Scout Cookies For Sale | GrassXpress<\/title>\n<meta name=\"description\" content=\"Buy Platinum Girl Scout Cookies online in uk and enjoy a potent hybrid strain derived from the famous Girl Scout Cookies lineage. Platinum Girl Scout Cookies for sale with sweet, earthy flavors and uplifting effects.\" \/>\n<meta name=\"robots\" content=\"index, follow, max-snippet:-1, max-image-preview:large, max-video-preview:-1\" \/>\n<link rel=\"canonical\" href=\"https:\/\/grassxpress.com\/pl\/produkt\/platinum-girl-scout-cookies\/\" \/>\n<meta property=\"og:locale\" content=\"pl_PL\" \/>\n<meta property=\"og:type\" content=\"article\" \/>\n<meta property=\"og:title\" content=\"Platinum Girl Scout Cookies For Sale | GrassXpress\" \/>\n<meta property=\"og:description\" content=\"Buy Platinum Girl Scout Cookies online in uk and enjoy a potent hybrid strain derived from the famous Girl Scout Cookies lineage. Platinum Girl Scout Cookies for sale with sweet, earthy flavors and uplifting effects.\" \/>\n<meta property=\"og:url\" content=\"https:\/\/grassxpress.com\/pl\/produkt\/platinum-girl-scout-cookies\/\" \/>\n<meta property=\"og:site_name\" content=\"GrassXpress\" \/>\n<meta property=\"article:modified_time\" content=\"2026-04-02T09:19:20+00:00\" \/>\n<meta property=\"og:image\" content=\"https:\/\/grassxpress.com\/wp-content\/uploads\/2022\/11\/Platinum-Girl-Scout-Cookies.jpg\" \/>\n\t<meta property=\"og:image:width\" content=\"600\" \/>\n\t<meta property=\"og:image:height\" content=\"600\" \/>\n\t<meta property=\"og:image:type\" content=\"image\/jpeg\" \/>\n<meta name=\"twitter:card\" content=\"summary_large_image\" \/>\n<meta name=\"twitter:label1\" content=\"Szacowany czas czytania\" \/>\n\t<meta name=\"twitter:data1\" content=\"2 minuty\" \/>\n<!-- \/ Yoast SEO plugin. -->","yoast_head_json":{"title":"Platinum Girl Scout Cookies For Sale | GrassXpress","description":"Buy Platinum Girl Scout Cookies online in uk and enjoy a potent hybrid strain derived from the famous Girl Scout Cookies lineage. Platinum Girl Scout Cookies for sale with sweet, earthy flavors and uplifting effects.","robots":{"index":"index","follow":"follow","max-snippet":"max-snippet:-1","max-image-preview":"max-image-preview:large","max-video-preview":"max-video-preview:-1"},"canonical":"https:\/\/grassxpress.com\/pl\/produkt\/platinum-girl-scout-cookies\/","og_locale":"pl_PL","og_type":"article","og_title":"Platinum Girl Scout Cookies For Sale | GrassXpress","og_description":"Buy Platinum Girl Scout Cookies online in uk and enjoy a potent hybrid strain derived from the famous Girl Scout Cookies lineage. Platinum Girl Scout Cookies for sale with sweet, earthy flavors and uplifting effects.","og_url":"https:\/\/grassxpress.com\/pl\/produkt\/platinum-girl-scout-cookies\/","og_site_name":"GrassXpress","article_modified_time":"2026-04-02T09:19:20+00:00","og_image":[{"width":600,"height":600,"url":"https:\/\/grassxpress.com\/wp-content\/uploads\/2022\/11\/Platinum-Girl-Scout-Cookies.jpg","type":"image\/jpeg"}],"twitter_card":"summary_large_image","twitter_misc":{"Szacowany czas czytania":"2 minuty"},"schema":{"@context":"https:\/\/schema.org","@graph":[{"@type":"WebPage","@id":"https:\/\/grassxpress.com\/product\/platinum-girl-scout-cookies\/","url":"https:\/\/grassxpress.com\/product\/platinum-girl-scout-cookies\/","name":"Platinum Girl Scout Cookies For Sale | GrassXpress","isPartOf":{"@id":"https:\/\/grassxpress.com\/#website"},"primaryImageOfPage":{"@id":"https:\/\/grassxpress.com\/product\/platinum-girl-scout-cookies\/#primaryimage"},"image":{"@id":"https:\/\/grassxpress.com\/product\/platinum-girl-scout-cookies\/#primaryimage"},"thumbnailUrl":"https:\/\/grassxpress.com\/wp-content\/uploads\/2022\/11\/Platinum-Girl-Scout-Cookies.jpg","datePublished":"2022-11-15T10:31:56+00:00","dateModified":"2026-04-02T09:19:20+00:00","description":"Buy Platinum Girl Scout Cookies online in uk and enjoy a potent hybrid strain derived from the famous Girl Scout Cookies lineage. Platinum Girl Scout Cookies for sale with sweet, earthy flavors and uplifting effects.","breadcrumb":{"@id":"https:\/\/grassxpress.com\/product\/platinum-girl-scout-cookies\/#breadcrumb"},"inLanguage":"pl-PL","potentialAction":[{"@type":"ReadAction","target":["https:\/\/grassxpress.com\/product\/platinum-girl-scout-cookies\/"]}]},{"@type":"ImageObject","inLanguage":"pl-PL","@id":"https:\/\/grassxpress.com\/product\/platinum-girl-scout-cookies\/#primaryimage","url":"https:\/\/grassxpress.com\/wp-content\/uploads\/2022\/11\/Platinum-Girl-Scout-Cookies.jpg","contentUrl":"https:\/\/grassxpress.com\/wp-content\/uploads\/2022\/11\/Platinum-Girl-Scout-Cookies.jpg","width":600,"height":600,"caption":"Platinum Girl Scout Cookies"},{"@type":"BreadcrumbList","@id":"https:\/\/grassxpress.com\/product\/platinum-girl-scout-cookies\/#breadcrumb","itemListElement":[{"@type":"ListItem","position":1,"name":"Home","item":"https:\/\/grassxpress.com\/"},{"@type":"ListItem","position":2,"name":"Mail Order Weed UK","item":"https:\/\/grassxpress.com\/mail-order-weed-uk\/"},{"@type":"ListItem","position":3,"name":"Platinum Girl Scout Cookies"}]},{"@type":"WebSite","@id":"https:\/\/grassxpress.com\/#website","url":"https:\/\/grassxpress.com\/","name":"GrassXpress","description":"Buy Weed Online UK","publisher":{"@id":"https:\/\/grassxpress.com\/#organization"},"potentialAction":[{"@type":"SearchAction","target":{"@type":"EntryPoint","urlTemplate":"https:\/\/grassxpress.com\/?s={search_term_string}"},"query-input":"required name=search_term_string"}],"inLanguage":"pl-PL"},{"@type":"Organization","@id":"https:\/\/grassxpress.com\/#organization","name":"GrassXpress","url":"https:\/\/grassxpress.com\/","logo":{"@type":"ImageObject","inLanguage":"pl-PL","@id":"https:\/\/grassxpress.com\/#\/schema\/logo\/image\/","url":"https:\/\/grassxpress.com\/wp-content\/uploads\/2024\/01\/logo.png","contentUrl":"https:\/\/grassxpress.com\/wp-content\/uploads\/2024\/01\/logo.png","width":300,"height":100,"caption":"GrassXpress"},"image":{"@id":"https:\/\/grassxpress.com\/#\/schema\/logo\/image\/"}}]}},"_links":{"self":[{"href":"https:\/\/grassxpress.com\/pl\/wp-json\/wp\/v2\/product\/4362","targetHints":{"allow":["GET"]}}],"collection":[{"href":"https:\/\/grassxpress.com\/pl\/wp-json\/wp\/v2\/product"}],"about":[{"href":"https:\/\/grassxpress.com\/pl\/wp-json\/wp\/v2\/types\/product"}],"replies":[{"embeddable":true,"href":"https:\/\/grassxpress.com\/pl\/wp-json\/wp\/v2\/comments?post=4362"}],"wp:featuredmedia":[{"embeddable":true,"href":"https:\/\/grassxpress.com\/pl\/wp-json\/wp\/v2\/media\/4417"}],"wp:attachment":[{"href":"https:\/\/grassxpress.com\/pl\/wp-json\/wp\/v2\/media?parent=4362"}],"wp:term":[{"taxonomy":"product_cat","embeddable":true,"href":"https:\/\/grassxpress.com\/pl\/wp-json\/wp\/v2\/product_cat?post=4362"},{"taxonomy":"product_tag","embeddable":true,"href":"https:\/\/grassxpress.com\/pl\/wp-json\/wp\/v2\/product_tag?post=4362"}],"curies":[{"name":"wp","href":"https:\/\/api.w.org\/{rel}","templated":true}]}}