{"id":4360,"date":"2022-11-15T10:11:40","date_gmt":"2022-11-15T10:11:40","guid":{"rendered":"https:\/\/documentosespana.com\/diligent\/?post_type=product&#038;p=4360"},"modified":"2026-04-02T09:09:06","modified_gmt":"2026-04-02T09:09:06","slug":"banana-kush","status":"publish","type":"product","link":"https:\/\/grassxpress.com\/pl\/produkt\/banana-kush\/","title":{"rendered":"Buy Banana Kush Online UK"},"content":{"rendered":"<div class=\"relative basis-auto flex-col -mb-(--composer-overlap-px) [--composer-overlap-px:28px] grow flex\">\n<div class=\"flex flex-col text-sm pb-25\">\n<article class=\"text-token-text-primary w-full focus:outline-none [--shadow-height:45px] has-data-writing-block:pointer-events-none has-data-writing-block:-mt-(--shadow-height) has-data-writing-block:pt-(--shadow-height) [&amp;:has([data-writing-block])&gt;*]:pointer-events-auto scroll-mt-[calc(var(--header-height)+min(200px,max(70px,20svh)))]\" dir=\"auto\" tabindex=\"-1\" data-turn-id=\"request-WEB:04e6e77b-5047-4170-b5cf-69678400d879-6\" data-testid=\"conversation-turn-14\" data-scroll-anchor=\"true\" data-turn=\"assistant\">\n<div class=\"text-base my-auto mx-auto pb-10 [--thread-content-margin:var(--thread-content-margin-xs,calc(var(--spacing)*4))] @w-sm\/main:[--thread-content-margin:var(--thread-content-margin-sm,calc(var(--spacing)*6))] @w-lg\/main:[--thread-content-margin:var(--thread-content-margin-lg,calc(var(--spacing)*16))] px-(--thread-content-margin)\">\n<div class=\"[--thread-content-max-width:40rem] @w-lg\/main:[--thread-content-max-width:48rem] mx-auto max-w-(--thread-content-max-width) flex-1 group\/turn-messages focus-visible:outline-hidden relative flex w-full min-w-0 flex-col agent-turn\" tabindex=\"-1\">\n<div class=\"flex max-w-full flex-col gap-4 grow\">\n<div class=\"min-h-8 text-message relative flex w-full flex-col items-end gap-2 text-start break-words whitespace-normal [.text-message+&amp;]:mt-1\" dir=\"auto\" data-message-author-role=\"assistant\" data-message-id=\"692c1616-ac21-4157-920c-8936db92195e\" data-message-model-slug=\"gpt-5-3\">\n<div class=\"flex w-full flex-col gap-1 empty:hidden\">\n<div class=\"markdown prose dark:prose-invert w-full wrap-break-word light markdown-new-styling\">\n<h2 data-section-id=\"1pwhjtz\" data-start=\"0\" data-end=\"38\">Marihuana na sprzeda\u017c online w UK \u2013 Banana Kush<\/h2>\n<p data-start=\"40\" data-end=\"379\">If you are looking for weed to buy online UK, many cannabis enthusiasts prefer to <a href=\"https:\/\/grassxpress.com\/pl\/produkt\/banana-kush\/\">Buy Banana Kush online<\/a> ze wzgl\u0119du na sw\u00f3j unikalny smak i relaksuj\u0105ce dzia\u0142anie. Znany ze swojego s\u0142odkiego, tropikalnego aromatu oraz silnego dzia\u0142ania fizycznego, dost\u0119pny w sprzeda\u017cy Banana Kush to jedna z najpopularniejszych odmian w\u015br\u00f3d u\u017cytkownik\u00f3w konopi poszukuj\u0105cych najwy\u017cszej jako\u015bci kwiat\u00f3w.<\/p>\n<h1 data-section-id=\"1qkgbfg\" data-start=\"381\" data-end=\"409\">Buy Banana Kush Online UK<\/h1>\n<p data-start=\"411\" data-end=\"771\">Kup Banana Kush w zaufanych sklepach z konopiami, je\u015bli szukasz odmiany, kt\u00f3ra zapewnia zr\u00f3wnowa\u017cone po\u0142\u0105czenie euforii i g\u0142\u0119bokiego odpr\u0119\u017cenia. Banana Kush to dobrze znana odmiana z Zachodniego Wybrze\u017ca, s\u0142yn\u0105ca ze swojego bananowego smaku oraz dzia\u0142ania uspokajaj\u0105cego. Wielu konsument\u00f3w kupuj\u0105cych Banana Kush online ceni sobie po\u0142\u0105czenie pobudzaj\u0105cych dozna\u0144 mentalnych z koj\u0105cym relaksem fizycznym. Odmiana ta, b\u0119d\u0105ca krzy\u017c\u00f3wk\u0105 Ghost OG i Skunk Haze, wyr\u00f3\u017cnia si\u0119 charakterystycznym aromatem, a jej uprawa stanowi umiarkowane wyzwanie. Ze wzgl\u0119du na swoj\u0105 popularno\u015b\u0107 i unikalny profil terpenowy, wielu u\u017cytkownik\u00f3w poszukuj\u0105cych wysokiej jako\u015bci produkt\u00f3w konopnych zadaje sobie pytanie: \u201eGdzie kupi\u0107 Banana Kush?\u201d.<\/p>\n<h3 data-section-id=\"1d3xzlz\" data-start=\"1067\" data-end=\"1088\">Lab Tested Results<\/h3>\n<p data-start=\"1090\" data-end=\"1110\">THC: 25%<br data-start=\"1098\" data-end=\"1101\" \/>CBD: 0,7%<\/p>\n<p data-start=\"1112\" data-end=\"1278\">These cannabinoid levels contribute to the powerful effects that make Banana Kush for sale a highly sought-after strain for both recreational and therapeutic use.<\/p>\n<h3 data-section-id=\"mnten1\" data-start=\"1280\" data-end=\"1305\">Do\u015bwiadczenie Banana Kush<\/h3>\n<p data-start=\"1307\" data-end=\"1560\">Cho\u0107 Banana Kush to odmiana nale\u017c\u0105ca g\u0142\u00f3wnie do typu Indica, zapewnia ona r\u00f3wnie\u017c pewn\u0105 \u0142agodn\u0105 stymulacj\u0119 umys\u0142ow\u0105, typow\u0105 dla odmian Sativa. Wielu konsument\u00f3w konopi, zamawiaj\u0105cych Banana Kush przez internet, donosi o silnym odpr\u0119\u017ceniu fizycznym (\u201ebody high\u201d), kt\u00f3re stopniowo przechodzi w stan g\u0142\u0119bokiego relaksu i senno\u015bci. Ze wzgl\u0119du na swoje silne dzia\u0142anie uspokajaj\u0105ce, Banana Kush jest cz\u0119sto zalecany do stosowania w godzinach wieczornych. Wielu do\u015bwiadczonych u\u017cytkownik\u00f3w wybiera t\u0119 odmian\u0119 przed snem, poniewa\u017c jej w\u0142a\u015bciwo\u015bci wyciszaj\u0105ce mog\u0105 sprzyja\u0107 zapewnieniu spokojnego i regeneruj\u0105cego wypoczynku. Zanim efekty relaksacyjne rozwin\u0105 si\u0119 w pe\u0142ni, u\u017cytkownicy cz\u0119sto do\u015bwiadczaj\u0105 przyjemnego, euforycznego uniesienia oraz wyra\u017anej poprawy nastroju. To podnosz\u0105ce na duchu uczucie jest jednym z powod\u00f3w, dla kt\u00f3rych wiele os\u00f3b poszukuje najlepszego miejsca do zakupu Banana Kush online.<\/p>\n<p data-start=\"2027\" data-end=\"2213\">Niekt\u00f3rzy u\u017cytkownicy mog\u0105 odczuwa\u0107 sucho\u015b\u0107 w ustach lub sucho\u015b\u0107 oczu, zw\u0142aszcza przy wy\u017cszych dawkach. Osobom, kt\u00f3re dopiero zaczynaj\u0105 przygod\u0119 z konopiami, zaleca si\u0119 rozpocz\u0119cie od umiarkowanej ilo\u015bci przy zakupie odmiany Banana Kush.<\/p>\n<h3 data-section-id=\"n8ea45\" data-start=\"2215\" data-end=\"2242\">Profil smakowo-aromatyczny<\/h3>\n<p data-start=\"2244\" data-end=\"2492\">Jedn\u0105 z najbardziej rozpoznawalnych cech odmiany Banana Kush jest jej legendarny profil smakowy. Szczep ten s\u0142ynie z niepowtarzalnego smaku banana, po\u0142\u0105czonego z nutami owocowymi i tropikalnymi. Niekt\u00f3rzy entuzja\u015bci konopi dostrzegaj\u0105 w nim r\u00f3wnie\u017c subtelne, drzewne akcenty. Podczas spalania Banana Kush uwalnia s\u0142odki i owocowy aromat, kt\u00f3ry b\u0142yskawicznie wype\u0142nia pomieszczenie. Jego wyrazisty profil terpenowy stanowi g\u0142\u00f3wny pow\u00f3d, dla kt\u00f3rego wielu u\u017cytkownik\u00f3w decyduje si\u0119 na zakup Banana Kush online w renomowanych sklepach z konopiami. Wizualnie odmiana ta prezentuje si\u0119 niezwykle efektownie. Jej kwiaty wyr\u00f3\u017cniaj\u0105 si\u0119 jaskrawozielonymi li\u015b\u0107mi, brzoskwiniowymi s\u0142upkami oraz obfit\u0105 warstw\u0105 bia\u0142ych trichom\u00f3w. Ten atrakcyjny wygl\u0105d cz\u0119sto u\u0142atwia rozpoznanie produkt\u00f3w Banana Kush najwy\u017cszej jako\u015bci.<\/p>\n<h3 data-section-id=\"6nc9ol\" data-start=\"2988\" data-end=\"3022\">Korzy\u015bci medyczne Banana Kush<\/h3>\n<p data-start=\"3024\" data-end=\"3286\">Cho\u0107 Banana Kush to odmiana nale\u017c\u0105ca g\u0142\u00f3wnie do typu Indica, zapewnia ona r\u00f3wnie\u017c pewn\u0105 \u0142agodn\u0105 stymulacj\u0119 umys\u0142ow\u0105, typow\u0105 dla odmian Sativa. Wielu konsument\u00f3w konopi, zamawiaj\u0105cych Banana Kush przez internet, donosi o silnym odpr\u0119\u017ceniu fizycznym (\u201ebody high\u201d), kt\u00f3re stopniowo przechodzi w stan g\u0142\u0119bokiego relaksu i senno\u015bci. Ze wzgl\u0119du na swoje silne dzia\u0142anie uspokajaj\u0105ce, Banana Kush jest cz\u0119sto zalecany do stosowania w godzinach wieczornych. Wielu do\u015bwiadczonych u\u017cytkownik\u00f3w wybiera t\u0119 odmian\u0119 przed snem, poniewa\u017c jej w\u0142a\u015bciwo\u015bci wyciszaj\u0105ce mog\u0105 sprzyja\u0107 zapewnieniu spokojnego i regeneruj\u0105cego wypoczynku. Zanim efekty relaksacyjne rozwin\u0105 si\u0119 w pe\u0142ni, u\u017cytkownicy cz\u0119sto do\u015bwiadczaj\u0105 przyjemnego, euforycznego uniesienia oraz wyra\u017anej poprawy nastroju. To podnosz\u0105ce na duchu uczucie jest jednym z powod\u00f3w, dla kt\u00f3rych wiele os\u00f3b poszukuje najlepszego miejsca do zakupu Banana Kush online.<\/p>\n<p data-start=\"3734\" data-end=\"3996\">Ponadto silne cechy odmiany Indica mog\u0105 okaza\u0107 si\u0119 pomocne dla os\u00f3b zmagaj\u0105cych si\u0119 z przewlek\u0142ym b\u00f3lem. Ze wzgl\u0119du na te potencjalne korzy\u015bci wielu u\u017cytkownik\u00f3w por\u00f3wnuje ceny Banana Kush u r\u00f3\u017cnych sprzedawc\u00f3w, aby znale\u017a\u0107 najkorzystniejsz\u0105 ofert\u0119 przy jednoczesnym zachowaniu wysokiej jako\u015bci produktu. Dla entuzjast\u00f3w konopi poszukuj\u0105cych odmian klasy premium znalezienie najlepszego miejsca do zakupu Banana Kush online gwarantuje dost\u0119p do niezawodnych produkt\u00f3w o sta\u0142ej mocy i niezmiennym smaku.<\/p>\n<\/div>\n<\/div>\n<\/div>\n<\/div>\n<div class=\"z-0 flex min-h-[46px] justify-start\"><\/div>\n<div class=\"mt-3 w-full empty:hidden\">\n<div class=\"text-center\"><\/div>\n<\/div>\n<\/div>\n<\/div>\n<\/article>\n<\/div>\n<div class=\"pointer-events-none h-px w-px absolute bottom-0\" aria-hidden=\"true\" data-edge=\"true\"><\/div>\n<\/div>","protected":false},"excerpt":{"rendered":"<p>Hybryda z dominacj\u0105 Indica - 60% Indica \/ 40% Sativa THC: 18% - 25%, CBN: 1%<br \/>\nMamy tu bananow\u0105 hybryd\u0119 dw\u00f3ch legendarnych szczep\u00f3w: OG Kush z Zachodniego Wybrze\u017ca i Skunk Haze.<\/p>\n<p>Odmiana marihuany Banana Kush to hybryda z dominacj\u0105 Indica. Kush zosta\u0142 stworzony przez Cali Kush. Marihuana ta ma wspania\u0142y aromat pysznego smoothie bananowo-kushowego. Banana Kush ma jasnozielone, puszyste p\u0105ki z \u017c\u00f3\u0142to-pomara\u0144czowymi w\u0142oskami. P\u0105ki pokryte s\u0105 bia\u0142ymi kryszta\u0142kami. Ze wzgl\u0119du na swoj\u0105 moc, odmiana konopi Banana Kush \u0142agodzi b\u00f3l i ko\u0142ysze do snu w ci\u0105gu kilku minut, najlepiej nadaje si\u0119 do stosowania na noc. Z THC na poziomie 18%, pocz\u0105tkuj\u0105cy powinni uwa\u017ca\u0107 na dawk\u0119.<\/p>","protected":false},"featured_media":4376,"comment_status":"open","ping_status":"closed","template":"","meta":{"_themeisle_gutenberg_block_has_review":false,"_ti_tpc_template_sync":false,"_ti_tpc_template_id":"","_joinchat":[]},"product_cat":[216],"product_tag":[],"class_list":{"0":"post-4360","1":"product","2":"type-product","3":"status-publish","4":"has-post-thumbnail","6":"product_cat-hybrid","8":"first","9":"instock","10":"shipping-taxable","11":"purchasable","12":"product-type-variable"},"yoast_head":"<!-- This site is optimized with the Yoast SEO plugin v22.7 - https:\/\/yoast.com\/wordpress\/plugins\/seo\/ -->\n<title>Weed to buy online uk | Buy banana kush online in Europe<\/title>\n<meta name=\"description\" content=\"Buy Banana Kush online for a flavorful hybrid strain known for its sweet tropical aroma and relaxing effects. Banana Kush for sale offers premium quality buds ideal for cannabis enthusiasts.\" \/>\n<meta name=\"robots\" content=\"index, follow, max-snippet:-1, max-image-preview:large, max-video-preview:-1\" \/>\n<link rel=\"canonical\" href=\"https:\/\/grassxpress.com\/pl\/produkt\/banana-kush\/\" \/>\n<meta property=\"og:locale\" content=\"pl_PL\" \/>\n<meta property=\"og:type\" content=\"article\" \/>\n<meta property=\"og:title\" content=\"Weed to buy online uk | Buy banana kush online in Europe\" \/>\n<meta property=\"og:description\" content=\"Buy Banana Kush online for a flavorful hybrid strain known for its sweet tropical aroma and relaxing effects. Banana Kush for sale offers premium quality buds ideal for cannabis enthusiasts.\" \/>\n<meta property=\"og:url\" content=\"https:\/\/grassxpress.com\/pl\/produkt\/banana-kush\/\" \/>\n<meta property=\"og:site_name\" content=\"GrassXpress\" \/>\n<meta property=\"article:modified_time\" content=\"2026-04-02T09:09:06+00:00\" \/>\n<meta property=\"og:image\" content=\"https:\/\/grassxpress.com\/wp-content\/uploads\/2022\/11\/Banana-kush.jpg\" \/>\n\t<meta property=\"og:image:width\" content=\"600\" \/>\n\t<meta property=\"og:image:height\" content=\"600\" \/>\n\t<meta property=\"og:image:type\" content=\"image\/jpeg\" \/>\n<meta name=\"twitter:card\" content=\"summary_large_image\" \/>\n<meta name=\"twitter:label1\" content=\"Szacowany czas czytania\" \/>\n\t<meta name=\"twitter:data1\" content=\"3 minuty\" \/>\n<!-- \/ Yoast SEO plugin. -->","yoast_head_json":{"title":"Weed to buy online uk | Buy banana kush online in Europe","description":"Buy Banana Kush online for a flavorful hybrid strain known for its sweet tropical aroma and relaxing effects. Banana Kush for sale offers premium quality buds ideal for cannabis enthusiasts.","robots":{"index":"index","follow":"follow","max-snippet":"max-snippet:-1","max-image-preview":"max-image-preview:large","max-video-preview":"max-video-preview:-1"},"canonical":"https:\/\/grassxpress.com\/pl\/produkt\/banana-kush\/","og_locale":"pl_PL","og_type":"article","og_title":"Weed to buy online uk | Buy banana kush online in Europe","og_description":"Buy Banana Kush online for a flavorful hybrid strain known for its sweet tropical aroma and relaxing effects. Banana Kush for sale offers premium quality buds ideal for cannabis enthusiasts.","og_url":"https:\/\/grassxpress.com\/pl\/produkt\/banana-kush\/","og_site_name":"GrassXpress","article_modified_time":"2026-04-02T09:09:06+00:00","og_image":[{"width":600,"height":600,"url":"https:\/\/grassxpress.com\/wp-content\/uploads\/2022\/11\/Banana-kush.jpg","type":"image\/jpeg"}],"twitter_card":"summary_large_image","twitter_misc":{"Szacowany czas czytania":"3 minuty"},"schema":{"@context":"https:\/\/schema.org","@graph":[{"@type":"WebPage","@id":"https:\/\/grassxpress.com\/product\/banana-kush\/","url":"https:\/\/grassxpress.com\/product\/banana-kush\/","name":"Weed to buy online uk | Buy banana kush online in Europe","isPartOf":{"@id":"https:\/\/grassxpress.com\/#website"},"primaryImageOfPage":{"@id":"https:\/\/grassxpress.com\/product\/banana-kush\/#primaryimage"},"image":{"@id":"https:\/\/grassxpress.com\/product\/banana-kush\/#primaryimage"},"thumbnailUrl":"https:\/\/grassxpress.com\/wp-content\/uploads\/2022\/11\/Banana-kush.jpg","datePublished":"2022-11-15T10:11:40+00:00","dateModified":"2026-04-02T09:09:06+00:00","description":"Buy Banana Kush online for a flavorful hybrid strain known for its sweet tropical aroma and relaxing effects. Banana Kush for sale offers premium quality buds ideal for cannabis enthusiasts.","breadcrumb":{"@id":"https:\/\/grassxpress.com\/product\/banana-kush\/#breadcrumb"},"inLanguage":"pl-PL","potentialAction":[{"@type":"ReadAction","target":["https:\/\/grassxpress.com\/product\/banana-kush\/"]}]},{"@type":"ImageObject","inLanguage":"pl-PL","@id":"https:\/\/grassxpress.com\/product\/banana-kush\/#primaryimage","url":"https:\/\/grassxpress.com\/wp-content\/uploads\/2022\/11\/Banana-kush.jpg","contentUrl":"https:\/\/grassxpress.com\/wp-content\/uploads\/2022\/11\/Banana-kush.jpg","width":600,"height":600,"caption":"Banana kush"},{"@type":"BreadcrumbList","@id":"https:\/\/grassxpress.com\/product\/banana-kush\/#breadcrumb","itemListElement":[{"@type":"ListItem","position":1,"name":"Home","item":"https:\/\/grassxpress.com\/"},{"@type":"ListItem","position":2,"name":"Mail Order Weed UK","item":"https:\/\/grassxpress.com\/mail-order-weed-uk\/"},{"@type":"ListItem","position":3,"name":"Buy Banana Kush Online UK"}]},{"@type":"WebSite","@id":"https:\/\/grassxpress.com\/#website","url":"https:\/\/grassxpress.com\/","name":"GrassXpress","description":"Buy Weed Online UK","publisher":{"@id":"https:\/\/grassxpress.com\/#organization"},"potentialAction":[{"@type":"SearchAction","target":{"@type":"EntryPoint","urlTemplate":"https:\/\/grassxpress.com\/?s={search_term_string}"},"query-input":"required name=search_term_string"}],"inLanguage":"pl-PL"},{"@type":"Organization","@id":"https:\/\/grassxpress.com\/#organization","name":"GrassXpress","url":"https:\/\/grassxpress.com\/","logo":{"@type":"ImageObject","inLanguage":"pl-PL","@id":"https:\/\/grassxpress.com\/#\/schema\/logo\/image\/","url":"https:\/\/grassxpress.com\/wp-content\/uploads\/2024\/01\/logo.png","contentUrl":"https:\/\/grassxpress.com\/wp-content\/uploads\/2024\/01\/logo.png","width":300,"height":100,"caption":"GrassXpress"},"image":{"@id":"https:\/\/grassxpress.com\/#\/schema\/logo\/image\/"}}]}},"_links":{"self":[{"href":"https:\/\/grassxpress.com\/pl\/wp-json\/wp\/v2\/product\/4360","targetHints":{"allow":["GET"]}}],"collection":[{"href":"https:\/\/grassxpress.com\/pl\/wp-json\/wp\/v2\/product"}],"about":[{"href":"https:\/\/grassxpress.com\/pl\/wp-json\/wp\/v2\/types\/product"}],"replies":[{"embeddable":true,"href":"https:\/\/grassxpress.com\/pl\/wp-json\/wp\/v2\/comments?post=4360"}],"wp:featuredmedia":[{"embeddable":true,"href":"https:\/\/grassxpress.com\/pl\/wp-json\/wp\/v2\/media\/4376"}],"wp:attachment":[{"href":"https:\/\/grassxpress.com\/pl\/wp-json\/wp\/v2\/media?parent=4360"}],"wp:term":[{"taxonomy":"product_cat","embeddable":true,"href":"https:\/\/grassxpress.com\/pl\/wp-json\/wp\/v2\/product_cat?post=4360"},{"taxonomy":"product_tag","embeddable":true,"href":"https:\/\/grassxpress.com\/pl\/wp-json\/wp\/v2\/product_tag?post=4360"}],"curies":[{"name":"wp","href":"https:\/\/api.w.org\/{rel}","templated":true}]}}