{"id":4273,"date":"2022-11-15T08:57:17","date_gmt":"2022-11-15T08:57:17","guid":{"rendered":"https:\/\/documentosespana.com\/diligent\/?post_type=product&#038;p=4273"},"modified":"2026-04-01T07:43:48","modified_gmt":"2026-04-01T07:43:48","slug":"harlequin","status":"publish","type":"product","link":"https:\/\/grassxpress.com\/pl\/produkt\/harlequin\/","title":{"rendered":"Harlequin"},"content":{"rendered":"<div class=\"relative basis-auto flex-col -mb-(--composer-overlap-px) [--composer-overlap-px:28px] grow flex\">\n<div class=\"flex flex-col text-sm pb-25\">\n<article class=\"text-token-text-primary w-full focus:outline-none [--shadow-height:45px] has-data-writing-block:pointer-events-none has-data-writing-block:-mt-(--shadow-height) has-data-writing-block:pt-(--shadow-height) [&amp;:has([data-writing-block])&gt;*]:pointer-events-auto scroll-mt-[calc(var(--header-height)+min(200px,max(70px,20svh)))]\" dir=\"auto\" tabindex=\"-1\" data-turn-id=\"request-WEB:04e6e77b-5047-4170-b5cf-69678400d879-12\" data-testid=\"conversation-turn-26\" data-scroll-anchor=\"true\" data-turn=\"assistant\">\n<div class=\"text-base my-auto mx-auto pb-10 [--thread-content-margin:var(--thread-content-margin-xs,calc(var(--spacing)*4))] @w-sm\/main:[--thread-content-margin:var(--thread-content-margin-sm,calc(var(--spacing)*6))] @w-lg\/main:[--thread-content-margin:var(--thread-content-margin-lg,calc(var(--spacing)*16))] px-(--thread-content-margin)\">\n<div class=\"[--thread-content-max-width:40rem] @w-lg\/main:[--thread-content-max-width:48rem] mx-auto max-w-(--thread-content-max-width) flex-1 group\/turn-messages focus-visible:outline-hidden relative flex w-full min-w-0 flex-col agent-turn\" tabindex=\"-1\">\n<div class=\"flex max-w-full flex-col gap-4 grow\">\n<div class=\"min-h-8 text-message relative flex w-full flex-col items-end gap-2 text-start break-words whitespace-normal [.text-message+&amp;]:mt-1\" dir=\"auto\" data-message-author-role=\"assistant\" data-message-id=\"47645361-189f-45c4-b93f-0b32d278e368\" data-message-model-slug=\"gpt-5-3\">\n<div class=\"flex w-full flex-col gap-1 empty:hidden\">\n<div class=\"markdown prose dark:prose-invert w-full wrap-break-word light markdown-new-styling\">\n<h2 data-section-id=\"1vkgve3\" data-start=\"0\" data-end=\"29\">Kupowanie Harlequin\u00f3w online \u2013 wydania polskie<\/h2>\n<p data-start=\"31\" data-end=\"341\">Wielu u\u017cytkownik\u00f3w konopi poszukuj\u0105cych zr\u00f3wnowa\u017conych odmian bogatych w CBD wybiera <a href=\"https:\/\/grassxpress.com\/pl\/produkt\/harlequin\/\"><strong data-start=\"99\" data-end=\"123\">Buy Harlequin online<\/strong><\/a> ze wzgl\u0119du na swoje dzia\u0142anie koj\u0105ce i terapeutyczne. Znany z wysokiej zawarto\u015bci CBD oraz niskiego poziomu THC, dost\u0119pny w sprzeda\u017cy Harlequin jest cz\u0119sto wybierany przez u\u017cytkownik\u00f3w poszukuj\u0105cych relaksu i ulgi bez intensywnych efekt\u00f3w psychoaktywnych.<\/p>\n<h3 data-section-id=\"1bc2uzn\" data-start=\"343\" data-end=\"370\">Efekty odmiany Harlequin<\/h3>\n<p data-start=\"372\" data-end=\"763\">Konsumenci, kt\u00f3rzy kupuj\u0105 Harlequin, cz\u0119sto opisuj\u0105 to do\u015bwiadczenie jako g\u0142\u0119boko wyciszaj\u0105ce i koj\u0105ce. Dzia\u0142anie rozpoczyna si\u0119 od delikatnej fali relaksu, kt\u00f3ra stopniowo przesuwa si\u0119 od g\u0142owy a\u017c po same stopy, pomagaj\u0105c z\u0142agodzi\u0107 napi\u0119cie i sprzyjaj\u0105c poczuciu spokoju. Ze wzgl\u0119du na te \u0142agodne, lecz skuteczne efekty, wiele os\u00f3b poszukuj\u0105cych odpowiedzi na pytanie \u201egdzie kupi\u0107 Harlequin?\u201d uwa\u017ca t\u0119 odmian\u0119 za idealn\u0105 do redukcji l\u0119ku i stresu.<\/p>\n<p data-start=\"765\" data-end=\"1062\">The strain is also known for providing decent pain management. Users who Order Harlequin online frequently report that it helps reduce physical discomfort while keeping the mind clear and focused. Some consumers even find it more effective for pain relief than many traditional sativa strains. Another characteristic that attracts users to Harlequin for sale is its smooth and gradual onset. Many people compare the relaxing effects to the calming experience associated with certain anti-anxiety medications, which is why some users refer to it as the \u201c<a href=\"https:\/\/grassxpress.com\/pl\/produkt\/jack-ripper\/\">Valium of marijuana<\/a>.\u201d<\/p>\n<h3 data-section-id=\"1baedxq\" data-start=\"2084\" data-end=\"2110\">Do\u015bwiadczenie i czas trwania<\/h3>\n<p data-start=\"2112\" data-end=\"2423\">The experience of <a href=\"https:\/\/en.wikipedia.org\/wiki\/Harlequin\"><strong>Harlequin online<\/strong><\/a> products is generally described as gentle and manageable. The onset is smooth and easy, followed by a calm and relaxing sensation that spreads through the body. Many users find the effects suitable for daytime use because it allows them to remain alert and functional. While the strain offers a pleasant sense of calm, some individuals report mild headaches during the comedown phase. For this reason, consumers comparing options often research the Best place to buy Harlequin online to ensure they receive high-quality products grown by experienced cultivators.<\/p>\n<h3 data-section-id=\"1tjc18v\" data-start=\"2724\" data-end=\"2747\">Dlaczego warto wybra\u0107 Harlequin?<\/h3>\n<p data-start=\"2749\" data-end=\"3041\">For those interested in <a href=\"https:\/\/www.health.com\/condition\/chronic-pain\/what-is-cbd#:~:text=CBD{d6f9a58d1e1a099d002381539e54388177b0a7c145fffb287e30f813265aae92}2C{d6f9a58d1e1a099d002381539e54388177b0a7c145fffb287e30f813265aae92}20short{d6f9a58d1e1a099d002381539e54388177b0a7c145fffb287e30f813265aae92}20for{d6f9a58d1e1a099d002381539e54388177b0a7c145fffb287e30f813265aae92}20cannabidiol{d6f9a58d1e1a099d002381539e54388177b0a7c145fffb287e30f813265aae92}2C{d6f9a58d1e1a099d002381539e54388177b0a7c145fffb287e30f813265aae92}20is,feeling{d6f9a58d1e1a099d002381539e54388177b0a7c145fffb287e30f813265aae92}20of{d6f9a58d1e1a099d002381539e54388177b0a7c145fffb287e30f813265aae92}20relaxation{d6f9a58d1e1a099d002381539e54388177b0a7c145fffb287e30f813265aae92}20and{d6f9a58d1e1a099d002381539e54388177b0a7c145fffb287e30f813265aae92}20calm.\">CBD-rich<\/a> W\u015br\u00f3d odmian konopi dost\u0119pnych w sprzeda\u017cy Harlequin pozostaje jednym z najpopularniejszych wybor\u00f3w. Jego zdolno\u015b\u0107 do redukowania stresu, wspomagania \u0142agodzenia b\u00f3lu oraz sprzyjania relaksacji \u2013 bez wywo\u0142ywania przyt\u0142aczaj\u0105cych efekt\u00f3w psychoaktywnych \u2013 czyni go atrakcyjnym wyborem zar\u00f3wno dla pocz\u0105tkuj\u0105cych, jak i do\u015bwiadczonych u\u017cytkownik\u00f3w.<\/p>\n<p data-start=\"3043\" data-end=\"3380\" data-is-last-node=\"\" data-is-only-node=\"\">People looking to Order Harlequin online often appreciate the balanced cannabinoid profile that allows them to enjoy the benefits of cannabis while maintaining mental clarity. When purchasing, many buyers compare the Price of Harlequin and search for the <a href=\"https:\/\/grassxpress.com\/pl\/produkt\/harlequin\/\"><strong>Best place to buy Harlequin online<\/strong><\/a> to ensure quality and authenticity.<\/p>\n<\/div>\n<\/div>\n<\/div>\n<\/div>\n<div class=\"z-0 flex min-h-[46px] justify-start\"><\/div>\n<div class=\"mt-3 w-full empty:hidden\">\n<div class=\"text-center\"><\/div>\n<\/div>\n<\/div>\n<\/div>\n<\/article>\n<\/div>\n<div class=\"pointer-events-none h-px w-px absolute bottom-0\" aria-hidden=\"true\" data-edge=\"true\"><\/div>\n<\/div>\n<div id=\"thread-bottom-container\" class=\"sticky bottom-0 group\/thread-bottom-container relative isolate z-10 w-full basis-auto has-data-has-thread-error:pt-2 has-data-has-thread-error:[box-shadow:var(--sharp-edge-bottom-shadow)] md:border-transparent md:pt-0 dark:border-white\/20 md:dark:border-transparent print:hidden content-fade single-line flex flex-col\">\n<div class=\"relative h-0\">\n<div><\/div>\n<\/div>\n<div id=\"thread-bottom\">\n<div class=\"text-base mx-auto [--thread-content-margin:var(--thread-content-margin-xs,calc(var(--spacing)*4))] @w-sm\/main:[--thread-content-margin:var(--thread-content-margin-sm,calc(var(--spacing)*6))] @w-lg\/main:[--thread-content-margin:var(--thread-content-margin-lg,calc(var(--spacing)*16))] px-(--thread-content-margin)\">\n<div class=\"[--thread-content-max-width:40rem] @w-lg\/main:[--thread-content-max-width:48rem] mx-auto max-w-(--thread-content-max-width) flex-1 mb-[var(--thread-component-gap,1rem)]\">\n<div class=\"flex justify-center empty:hidden\"><\/div>\n<div class=\"pointer-events-auto relative z-1 flex h-(--composer-container-height,100%) max-w-full flex-(--composer-container-flex,1) flex-col\">\n<form class=\"group\/composer w-full\" data-type=\"unified-composer\" action=\"\">\n<div class=\"\">\n<div class=\"bg-token-bg-primary corner-superellipse\/1.1 cursor-text overflow-clip bg-clip-padding p-2.5 contain-inline-size motion-safe:transition-colors motion-safe:duration-200 motion-safe:ease-in-out dark:bg-[#303030] grid grid-cols-[auto_1fr_auto] [grid-template-areas:'header_header_header'_'leading_primary_trailing'_'._footer_.'] group-data-expanded\/composer:[grid-template-areas:'header_header_header'_'primary_primary_primary'_'leading_footer_trailing'] shadow-short\" data-composer-surface=\"true\">\n<div class=\"-my-2.5 flex min-h-14 items-center overflow-x-hidden px-1.5 [grid-area:primary] group-data-expanded\/composer:mb-0 group-data-expanded\/composer:px-2.5\">\n<div class=\"wcDTda_prosemirror-parent text-token-text-primary max-h-[max(30svh,5rem)] max-h-52 min-h-[var(--deep-research-composer-extra-height,unset)] flex-1 overflow-auto [scrollbar-width:thin] default-browser vertical-scroll-fade-mask\">\n<div id=\"prompt-textarea\" class=\"ProseMirror\" role=\"textbox\" contenteditable=\"true\" translate=\"no\" data-virtualkeyboard=\"true\" aria-multiline=\"true\"><\/div>\n<\/div>\n<\/div>\n<\/div>\n<\/div>\n<input type=\"hidden\" name=\"trp-form-language\" value=\"pl\"\/><\/form>\n<\/div>\n<\/div>\n<\/div>\n<\/div>\n<\/div>","protected":false},"excerpt":{"rendered":"<p>Strain Name: Harlequin<br \/>\nGrade: B<br \/>\nType: 75% Sativa<br \/>\nSmell:earthy<br \/>\nTaste: earthy<\/p>","protected":false},"featured_media":4279,"comment_status":"open","ping_status":"closed","template":"","meta":{"_themeisle_gutenberg_block_has_review":false,"_ti_tpc_template_sync":false,"_ti_tpc_template_id":"","_joinchat":[]},"product_cat":[19],"product_tag":[],"class_list":{"0":"post-4273","1":"product","2":"type-product","3":"status-publish","4":"has-post-thumbnail","6":"product_cat-sativa","8":"first","9":"instock","10":"shipping-taxable","11":"purchasable","12":"product-type-variable"},"yoast_head":"<!-- This site is optimized with the Yoast SEO plugin v22.7 - https:\/\/yoast.com\/wordpress\/plugins\/seo\/ -->\n<title>Buying weed online uk | Buy Harlequin weed strain online in Europe<\/title>\n<meta name=\"description\" content=\"Buy Harlequin online for a well-known CBD-rich cannabis strain valued for its balanced effects. Harlequin for sale offers premium quality buds suitable for cannabis collectors and enthusiasts.\" \/>\n<meta name=\"robots\" content=\"index, follow, max-snippet:-1, max-image-preview:large, max-video-preview:-1\" \/>\n<link rel=\"canonical\" href=\"https:\/\/grassxpress.com\/pl\/produkt\/harlequin\/\" \/>\n<meta property=\"og:locale\" content=\"pl_PL\" \/>\n<meta property=\"og:type\" content=\"article\" \/>\n<meta property=\"og:title\" content=\"Buying weed online uk | Buy Harlequin weed strain online in Europe\" \/>\n<meta property=\"og:description\" content=\"Buy Harlequin online for a well-known CBD-rich cannabis strain valued for its balanced effects. Harlequin for sale offers premium quality buds suitable for cannabis collectors and enthusiasts.\" \/>\n<meta property=\"og:url\" content=\"https:\/\/grassxpress.com\/pl\/produkt\/harlequin\/\" \/>\n<meta property=\"og:site_name\" content=\"GrassXpress\" \/>\n<meta property=\"article:modified_time\" content=\"2026-04-01T07:43:48+00:00\" \/>\n<meta property=\"og:image\" content=\"https:\/\/grassxpress.com\/wp-content\/uploads\/2022\/11\/harlequin-1.jpg\" \/>\n\t<meta property=\"og:image:width\" content=\"600\" \/>\n\t<meta property=\"og:image:height\" content=\"600\" \/>\n\t<meta property=\"og:image:type\" content=\"image\/jpeg\" \/>\n<meta name=\"twitter:card\" content=\"summary_large_image\" \/>\n<meta name=\"twitter:label1\" content=\"Szacowany czas czytania\" \/>\n\t<meta name=\"twitter:data1\" content=\"2 minuty\" \/>\n<!-- \/ Yoast SEO plugin. -->","yoast_head_json":{"title":"Buying weed online uk | Buy Harlequin weed strain online in Europe","description":"Buy Harlequin online for a well-known CBD-rich cannabis strain valued for its balanced effects. Harlequin for sale offers premium quality buds suitable for cannabis collectors and enthusiasts.","robots":{"index":"index","follow":"follow","max-snippet":"max-snippet:-1","max-image-preview":"max-image-preview:large","max-video-preview":"max-video-preview:-1"},"canonical":"https:\/\/grassxpress.com\/pl\/produkt\/harlequin\/","og_locale":"pl_PL","og_type":"article","og_title":"Buying weed online uk | Buy Harlequin weed strain online in Europe","og_description":"Buy Harlequin online for a well-known CBD-rich cannabis strain valued for its balanced effects. Harlequin for sale offers premium quality buds suitable for cannabis collectors and enthusiasts.","og_url":"https:\/\/grassxpress.com\/pl\/produkt\/harlequin\/","og_site_name":"GrassXpress","article_modified_time":"2026-04-01T07:43:48+00:00","og_image":[{"width":600,"height":600,"url":"https:\/\/grassxpress.com\/wp-content\/uploads\/2022\/11\/harlequin-1.jpg","type":"image\/jpeg"}],"twitter_card":"summary_large_image","twitter_misc":{"Szacowany czas czytania":"2 minuty"},"schema":{"@context":"https:\/\/schema.org","@graph":[{"@type":"WebPage","@id":"https:\/\/grassxpress.com\/product\/harlequin\/","url":"https:\/\/grassxpress.com\/product\/harlequin\/","name":"Buying weed online uk | Buy Harlequin weed strain online in Europe","isPartOf":{"@id":"https:\/\/grassxpress.com\/#website"},"primaryImageOfPage":{"@id":"https:\/\/grassxpress.com\/product\/harlequin\/#primaryimage"},"image":{"@id":"https:\/\/grassxpress.com\/product\/harlequin\/#primaryimage"},"thumbnailUrl":"https:\/\/grassxpress.com\/wp-content\/uploads\/2022\/11\/harlequin-1.jpg","datePublished":"2022-11-15T08:57:17+00:00","dateModified":"2026-04-01T07:43:48+00:00","description":"Buy Harlequin online for a well-known CBD-rich cannabis strain valued for its balanced effects. Harlequin for sale offers premium quality buds suitable for cannabis collectors and enthusiasts.","breadcrumb":{"@id":"https:\/\/grassxpress.com\/product\/harlequin\/#breadcrumb"},"inLanguage":"pl-PL","potentialAction":[{"@type":"ReadAction","target":["https:\/\/grassxpress.com\/product\/harlequin\/"]}]},{"@type":"ImageObject","inLanguage":"pl-PL","@id":"https:\/\/grassxpress.com\/product\/harlequin\/#primaryimage","url":"https:\/\/grassxpress.com\/wp-content\/uploads\/2022\/11\/harlequin-1.jpg","contentUrl":"https:\/\/grassxpress.com\/wp-content\/uploads\/2022\/11\/harlequin-1.jpg","width":600,"height":600,"caption":"Harlequin"},{"@type":"BreadcrumbList","@id":"https:\/\/grassxpress.com\/product\/harlequin\/#breadcrumb","itemListElement":[{"@type":"ListItem","position":1,"name":"Home","item":"https:\/\/grassxpress.com\/"},{"@type":"ListItem","position":2,"name":"Mail Order Weed UK","item":"https:\/\/grassxpress.com\/mail-order-weed-uk\/"},{"@type":"ListItem","position":3,"name":"Harlequin"}]},{"@type":"WebSite","@id":"https:\/\/grassxpress.com\/#website","url":"https:\/\/grassxpress.com\/","name":"GrassXpress","description":"Buy Weed Online UK","publisher":{"@id":"https:\/\/grassxpress.com\/#organization"},"potentialAction":[{"@type":"SearchAction","target":{"@type":"EntryPoint","urlTemplate":"https:\/\/grassxpress.com\/?s={search_term_string}"},"query-input":"required name=search_term_string"}],"inLanguage":"pl-PL"},{"@type":"Organization","@id":"https:\/\/grassxpress.com\/#organization","name":"GrassXpress","url":"https:\/\/grassxpress.com\/","logo":{"@type":"ImageObject","inLanguage":"pl-PL","@id":"https:\/\/grassxpress.com\/#\/schema\/logo\/image\/","url":"https:\/\/grassxpress.com\/wp-content\/uploads\/2024\/01\/logo.png","contentUrl":"https:\/\/grassxpress.com\/wp-content\/uploads\/2024\/01\/logo.png","width":300,"height":100,"caption":"GrassXpress"},"image":{"@id":"https:\/\/grassxpress.com\/#\/schema\/logo\/image\/"}}]}},"_links":{"self":[{"href":"https:\/\/grassxpress.com\/pl\/wp-json\/wp\/v2\/product\/4273","targetHints":{"allow":["GET"]}}],"collection":[{"href":"https:\/\/grassxpress.com\/pl\/wp-json\/wp\/v2\/product"}],"about":[{"href":"https:\/\/grassxpress.com\/pl\/wp-json\/wp\/v2\/types\/product"}],"replies":[{"embeddable":true,"href":"https:\/\/grassxpress.com\/pl\/wp-json\/wp\/v2\/comments?post=4273"}],"wp:featuredmedia":[{"embeddable":true,"href":"https:\/\/grassxpress.com\/pl\/wp-json\/wp\/v2\/media\/4279"}],"wp:attachment":[{"href":"https:\/\/grassxpress.com\/pl\/wp-json\/wp\/v2\/media?parent=4273"}],"wp:term":[{"taxonomy":"product_cat","embeddable":true,"href":"https:\/\/grassxpress.com\/pl\/wp-json\/wp\/v2\/product_cat?post=4273"},{"taxonomy":"product_tag","embeddable":true,"href":"https:\/\/grassxpress.com\/pl\/wp-json\/wp\/v2\/product_tag?post=4273"}],"curies":[{"name":"wp","href":"https:\/\/api.w.org\/{rel}","templated":true}]}}