{"id":61,"date":"2020-01-23T18:21:52","date_gmt":"2020-01-23T18:21:52","guid":{"rendered":"https:\/\/demosites.io\/web-agency-gb\/?page_id=61"},"modified":"2023-01-06T07:07:00","modified_gmt":"2023-01-06T07:07:00","slug":"can-i-order-weed-online","status":"publish","type":"page","link":"https:\/\/grassxpress.com\/pl\/czy-moge-zamowic-weed-online\/","title":{"rendered":"O nas"},"content":{"rendered":"<h1 style=\"text-align: justify;\">legalne zatyczki do chwast\u00f3w online Polska<\/h1>\n<p style=\"text-align: justify;\">Czy mog\u0119 zam\u00f3wi\u0107 zio\u0142o przez Internet, GrassXpress to internetowa apteka, w kt\u00f3rej mo\u017cna kupi\u0107 zio\u0142o online w Polsce, nie oddalaj\u0105c si\u0119 nawet o cal od twojego miejsca zamieszkania. By\u0107 mo\u017ce zastanawiasz si\u0119, poniewa\u017c w pobli\u017cu mnie w Wielkiej Brytanii jest wielu sprzedawc\u00f3w chwast\u00f3w. Posiadamy najbardziej kompetentny sklep apteczny, kt\u00f3ry oferuje mo\u017cliwo\u015b\u0107 zakupu produkt\u00f3w najwy\u017cszej jako\u015bci.<\/p>\n<p style=\"text-align: justify;\">Mo\u017cesz\u00a0kupi\u0107 marihuan\u0119 online\u00a0bez stawiania czo\u0142a jakimkolwiek problemom, kt\u00f3re wylecz\u0105 chorob\u0119 pacjenta i zaspokoj\u0105 pragnienia rekreacyjne. Nie musisz wychodzi\u0107 z domu, aby kupi\u0107 odmiany marihuany online, poniewa\u017c mo\u017cesz zrealizowa\u0107 swoje zam\u00f3wienie za po\u015brednictwem smartfon\u00f3w, komputer\u00f3w PC lub laptop\u00f3w i odwiedzi\u0107 wirtualny sklep z haszyszem.<\/p>\n<p style=\"text-align: justify;\">Mamy du\u017c\u0105 kolekcj\u0119 wszystkich odmian wysokiej jako\u015bci chwast\u00f3w, z r\u00f3\u017cnymi cenami dla ka\u017cdej odmiany. Mo\u017cesz je kupi\u0107 na podstawie swoich zainteresowa\u0144 i preferencji. Starannie pakujemy ka\u017cde Twoje zam\u00f3wienie i dostarczamy je do Twojego domu w atrakcyjnym opakowaniu. Otrzymana paczka b\u0119dzie bezwonna i zostanie przetworzona w okre\u015blonym czasie. W ci\u0105gu ostatnich kilku lat stali\u015bmy si\u0119 wiod\u0105c\u0105 firm\u0105 zajmuj\u0105c\u0105 si\u0119 wypoczynkiem, a klienci zaufali naszym us\u0142ugom. Dzi\u0119ki naszemu wytrwa\u0142emu podej\u015bciu i przewidywaniu stali\u015bmy si\u0119 jedn\u0105 z najszybciej rozwijaj\u0105cych si\u0119 firm zajmuj\u0105cych si\u0119 konopiami indyjskimi. \u015awiadczymy us\u0142ugi dostawy premium w wielu krajach na ca\u0142ym \u015bwiecie, w tym w Wielkiej Brytanii, Holandii, Grecji, Francji, Szwajcarii, W\u0142oszech i wielu innych. Mo\u017cesz przes\u0142a\u0107 nam swoj\u0105 pro\u015bb\u0119, je\u015bli szukasz internetowego sklepu z konopiami indyjskimi w pobli\u017cu.<\/p>\n<p style=\"text-align: justify;\">Jeste\u015bmy pewni naszych us\u0142ug, poniewa\u017c ci, kt\u00f3rzy kupuj\u0105 marihuan\u0119 na sprzeda\u017c w naszym sklepie internetowym, wracaj\u0105 do nas raz po raz. Jeste\u015bmy jedn\u0105 z najlepszych firm produkuj\u0105cych marihuan\u0119 na \u015bwiecie, z ekspertami od marihuany i wyszkolonymi pracownikami, kt\u00f3rzy dok\u0142adnie sprawdzaj\u0105 ka\u017cdy przedmiot przed wys\u0142aniem go do Twoich drzwi. Oferujemy bezpieczn\u0105 metod\u0119 p\u0142atno\u015bci, a wszystkie produkty b\u0119d\u0105 w akceptowalnym dla Ciebie przedziale cenowym.<\/p>\n<p style=\"text-align: justify;\">Mo\u017cesz zam\u00f3wi\u0107 marihuan\u0119 w Wielkiej Brytanii, tak\u0105 jak AK-47, Banana Kush, Blue Dream, Blueberry Kush, Harlequin, Gelato 47, Girls Scout Cookies, Jack Ripper, Lemon Haze, Mango Kush, Master Kush ze sklepu internetowego.<\/p>\n<h2 style=\"text-align: justify;\">Czy mog\u0119 zam\u00f3wi\u0107 zio\u0142o online<\/h2>\n<p style=\"text-align: justify;\">Byli\u015bmy zirytowani tym, jak trudne mo\u017ce by\u0107 zbadanie uprawy konopi i otrzymanie prawdziwych odpowiedzi na podstawowe pytania dotycz\u0105ce uprawy po latach przegl\u0105dania najbardziej znanych witryn z upraw\u0105 konopi. Firma GrassXpress uwa\u017ca\u0142a r\u00f3wnie\u017c, \u017ce potrzebna jest bardziej przyjazna dla u\u017cytkownika metoda edukowania ludzi na temat rozwoju. Czuli\u015bmy, \u017ce nadszed\u0142 czas, aby stworzy\u0107 stron\u0119 internetow\u0105, aby pokaza\u0107, jak \u0142atwo jest uprawia\u0107 konopie indyjskie w pomieszczeniach przy prawie ka\u017cdym bud\u017cecie. GrassXpress mia\u0142 na celu stworzenie zasobu, kt\u00f3ry nie wymaga\u0142by logowania ani konta, ale po prostu zapewnia\u0142 \u0142atw\u0105 do znalezienia poszerzaj\u0105c\u0105 si\u0119 wiedz\u0119 dla ca\u0142ej planety. W wyniku tego powsta\u0142 Sky bud shop Store! Czy mo\u017cna kupi\u0107 marihuan\u0119 przez Internet?<\/p>\n<p style=\"text-align: justify;\">GrassXpress dostarcza te same produkty z konopi indyjskich, kt\u00f3re znajdziesz w lokalnej aptece marihuany do domu w Europie i na ca\u0142ym \u015bwiecie. Osoby z problemami zdrowotnymi otrzymuj\u0105 zni\u017cki od GrassXpress, a tak\u017ce niskie koszty dla sta\u0142ych klient\u00f3w. Przejrzyj nasz\u0105 witryn\u0119, aby znale\u017a\u0107 swoje ulubione przysmaki THC i z\u0142\u00f3\u017c zam\u00f3wienie, korzystaj\u0105c z naszego formularza online lub formularza zam\u00f3wienia do wydrukowania. Twoja oryginalna marihuana wysy\u0142kowa zostanie wys\u0142ana tego samego dnia, w kt\u00f3rym otrzymamy p\u0142atno\u015b\u0107, i mo\u017cesz mie\u0107 pewno\u015b\u0107, \u017ce dostawa b\u0119dzie dyskretna i bezpieczna. Tak, dzi\u0119ki bezpo\u015bredniemu przekazowi pocztowemu i szybkiej dostawie do domu mo\u017cesz kupi\u0107 prawdziw\u0105 marihuan\u0119 online\u2026<\/p>\n<p style=\"text-align: justify;\">Je\u015bli chcesz kupi\u0107 marihuan\u0119 w formie p\u0105k\u00f3w, haszyszu, ciastek, ciastek, nalewek lub mas\u0142a, przekroczymy Twoje oczekiwania dzi\u0119ki naszemu niesamowitemu wyborowi i jako\u015bci produkt\u00f3w spo\u017cywczych, kt\u00f3re s\u0105 pieczone z najlepszych sk\u0142adnik\u00f3w i ustalane w cenie, na kt\u00f3r\u0105 Ci\u0119 sta\u0107. Nasz szef kuchni jest profesjonalnym kucharzem, a nasi hodowcy uprawiaj\u0105 najlepsze zio\u0142o, kt\u00f3re gwarantuje, \u017ce b\u0119dziesz wraca\u0107 po wi\u0119cej. Mamy na sprzeda\u017c tylko najlepsz\u0105 marihuan\u0119, kt\u00f3ra zawiera rzeczywiste THC we wszystkich naszych produktach.<\/p>\n<p style=\"text-align: justify;\"><strong>gwarancja najni\u017cszej ceny<\/strong><\/p>\n<p style=\"text-align: justify;\">Szukasz najlepszej internetowej apteki z marihuan\u0105, w kt\u00f3rej cena odzwierciedla jako\u015b\u0107 Twojego produktu? W takim razie nie mog\u0142e\u015b znale\u017a\u0107 lepszego miejsca. W Get Kush zapewniamy naszym klientom najni\u017csze ceny kwiat\u00f3w marihuany.<\/p>\n<p style=\"text-align: justify;\">Wszystkie odmiany s\u0105 premium.<\/p>\n<p style=\"text-align: justify;\"><strong>Darmowa dostawa<\/strong><\/p>\n<p style=\"text-align: justify;\">Wszystkie zam\u00f3wienia powy\u017cej 250 euro s\u0105 obj\u0119te bezp\u0142atn\u0105 wysy\u0142k\u0105. Mo\u017cesz cieszy\u0107 si\u0119 marihuan\u0105 zam\u00f3wion\u0105 poczt\u0105, wiedz\u0105c, \u017ce w\u0142a\u015bnie zam\u00f3wi\u0142e\u015b swoje ulubione odmiany w zaciszu w\u0142asnego domu. Po otrzymaniu zam\u00f3wienia wy\u015blemy je do Ciebie za po\u015brednictwem DHL, UPS, EMS i innych, zapewniaj\u0105c szybk\u0105 i bezpieczn\u0105 dostaw\u0119 ze 100% sp\u00f3jno\u015bci\u0105.<\/p>\n<p style=\"text-align: justify;\"><strong>bezpieczne<\/strong><\/p>\n<p style=\"text-align: justify;\">Zio\u0142o wci\u0105\u017c budzi kontrowersje w\u015br\u00f3d niekt\u00f3rych os\u00f3b. Rozumiemy to, dlatego dbamy o dyskrecj\u0119 wysy\u0142ki. Twoje produkty zostan\u0105 zapakowane tak, aby wygl\u0105da\u0142y jak zwyk\u0142a przesy\u0142ka pocztowa, z niewykrywaln\u0105 dostaw\u0105 i bezpiecznym szyfrowaniem danych transakcji.<\/p>","protected":false},"excerpt":{"rendered":"<p>legit weed plugs online UK Can i order weed online, GrassXpress is an online weed dispensary where one can buy weed online UK, without buzzing an inch from your place. You might be wondering as there are many weed dealers near me uk. We have the most proficient pharmacy store that offers you the chance<\/p>\n<div class=\"more-link\">\n             <a href=\"https:\/\/grassxpress.com\/pl\/czy-moge-zamowic-weed-online\/\" class=\"link-btn\"><span>Czytaj dalej <\/span><i class=\"icofont-thin-double-right\"><\/i><\/a>\n        <\/div>","protected":false},"author":1,"featured_media":0,"parent":0,"menu_order":0,"comment_status":"closed","ping_status":"closed","template":"","meta":{"_themeisle_gutenberg_block_has_review":false,"_ti_tpc_template_sync":false,"_ti_tpc_template_id":"0qhau2t6eoekosrgo1a2","_joinchat":[],"footnotes":""},"class_list":["post-61","page","type-page","status-publish","hentry"],"yoast_head":"<!-- This site is optimized with the Yoast SEO plugin v22.7 - https:\/\/yoast.com\/wordpress\/plugins\/seo\/ -->\n<title>Can i order weed online | legit weed plugs online uk | cannabis online uk<\/title>\n<meta name=\"description\" content=\"Can i order weed online. Online Dispensary in Europa for Mail Order Marijuana. Shop for Edibles, Concentrates, Sativa&#039;s, Indica&#039;s &amp; Hybrids.\" \/>\n<meta name=\"robots\" content=\"index, follow, max-snippet:-1, max-image-preview:large, max-video-preview:-1\" \/>\n<link rel=\"canonical\" href=\"https:\/\/grassxpress.com\/pl\/pot-comand-on-line-ieriana\/\" \/>\n<meta property=\"og:locale\" content=\"pl_PL\" \/>\n<meta property=\"og:type\" content=\"article\" \/>\n<meta property=\"og:title\" content=\"Can i order weed online | legit weed plugs online uk | cannabis online uk\" \/>\n<meta property=\"og:description\" content=\"Can i order weed online. Online Dispensary in Europa for Mail Order Marijuana. Shop for Edibles, Concentrates, Sativa&#039;s, Indica&#039;s &amp; Hybrids.\" \/>\n<meta property=\"og:url\" content=\"https:\/\/grassxpress.com\/pl\/pot-comand-on-line-ieriana\/\" \/>\n<meta property=\"og:site_name\" content=\"GrassXpress\" \/>\n<meta property=\"article:modified_time\" content=\"2023-01-06T07:07:00+00:00\" \/>\n<meta name=\"twitter:card\" content=\"summary_large_image\" \/>\n<meta name=\"twitter:label1\" content=\"Szacowany czas czytania\" \/>\n\t<meta name=\"twitter:data1\" content=\"4 minuty\" \/>\n<!-- \/ Yoast SEO plugin. -->","yoast_head_json":{"title":"Can i order weed online | legit weed plugs online uk | cannabis online uk","description":"Can i order weed online. Online Dispensary in Europa for Mail Order Marijuana. Shop for Edibles, Concentrates, Sativa's, Indica's & Hybrids.","robots":{"index":"index","follow":"follow","max-snippet":"max-snippet:-1","max-image-preview":"max-image-preview:large","max-video-preview":"max-video-preview:-1"},"canonical":"https:\/\/grassxpress.com\/pl\/pot-comand-on-line-ieriana\/","og_locale":"pl_PL","og_type":"article","og_title":"Can i order weed online | legit weed plugs online uk | cannabis online uk","og_description":"Can i order weed online. Online Dispensary in Europa for Mail Order Marijuana. Shop for Edibles, Concentrates, Sativa's, Indica's & Hybrids.","og_url":"https:\/\/grassxpress.com\/pl\/pot-comand-on-line-ieriana\/","og_site_name":"GrassXpress","article_modified_time":"2023-01-06T07:07:00+00:00","twitter_card":"summary_large_image","twitter_misc":{"Szacowany czas czytania":"4 minuty"},"schema":{"@context":"https:\/\/schema.org","@graph":[{"@type":"WebPage","@id":"https:\/\/grassxpress.com\/ro\/pot-comand-on-line-ieriana\/","url":"https:\/\/grassxpress.com\/ro\/pot-comand-on-line-ieriana\/","name":"Can i order weed online | legit weed plugs online uk | cannabis online uk","isPartOf":{"@id":"https:\/\/grassxpress.com\/#website"},"datePublished":"2020-01-23T18:21:52+00:00","dateModified":"2023-01-06T07:07:00+00:00","description":"Can i order weed online. Online Dispensary in Europa for Mail Order Marijuana. Shop for Edibles, Concentrates, Sativa's, Indica's & Hybrids.","breadcrumb":{"@id":"https:\/\/grassxpress.com\/ro\/pot-comand-on-line-ieriana\/#breadcrumb"},"inLanguage":"pl-PL","potentialAction":[{"@type":"ReadAction","target":["https:\/\/grassxpress.com\/ro\/pot-comand-on-line-ieriana\/"]}]},{"@type":"BreadcrumbList","@id":"https:\/\/grassxpress.com\/ro\/pot-comand-on-line-ieriana\/#breadcrumb","itemListElement":[{"@type":"ListItem","position":1,"name":"Home","item":"https:\/\/grassxpress.com\/"},{"@type":"ListItem","position":2,"name":"About us"}]},{"@type":"WebSite","@id":"https:\/\/grassxpress.com\/#website","url":"https:\/\/grassxpress.com\/","name":"GrassXpress","description":"Buy Weed Online UK","publisher":{"@id":"https:\/\/grassxpress.com\/#organization"},"potentialAction":[{"@type":"SearchAction","target":{"@type":"EntryPoint","urlTemplate":"https:\/\/grassxpress.com\/?s={search_term_string}"},"query-input":"required name=search_term_string"}],"inLanguage":"pl-PL"},{"@type":"Organization","@id":"https:\/\/grassxpress.com\/#organization","name":"GrassXpress","url":"https:\/\/grassxpress.com\/","logo":{"@type":"ImageObject","inLanguage":"pl-PL","@id":"https:\/\/grassxpress.com\/#\/schema\/logo\/image\/","url":"https:\/\/grassxpress.com\/wp-content\/uploads\/2024\/01\/logo.png","contentUrl":"https:\/\/grassxpress.com\/wp-content\/uploads\/2024\/01\/logo.png","width":300,"height":100,"caption":"GrassXpress"},"image":{"@id":"https:\/\/grassxpress.com\/#\/schema\/logo\/image\/"}}]}},"_links":{"self":[{"href":"https:\/\/grassxpress.com\/pl\/wp-json\/wp\/v2\/pages\/61","targetHints":{"allow":["GET"]}}],"collection":[{"href":"https:\/\/grassxpress.com\/pl\/wp-json\/wp\/v2\/pages"}],"about":[{"href":"https:\/\/grassxpress.com\/pl\/wp-json\/wp\/v2\/types\/page"}],"author":[{"embeddable":true,"href":"https:\/\/grassxpress.com\/pl\/wp-json\/wp\/v2\/users\/1"}],"replies":[{"embeddable":true,"href":"https:\/\/grassxpress.com\/pl\/wp-json\/wp\/v2\/comments?post=61"}],"version-history":[{"count":1,"href":"https:\/\/grassxpress.com\/pl\/wp-json\/wp\/v2\/pages\/61\/revisions"}],"predecessor-version":[{"id":4659,"href":"https:\/\/grassxpress.com\/pl\/wp-json\/wp\/v2\/pages\/61\/revisions\/4659"}],"wp:attachment":[{"href":"https:\/\/grassxpress.com\/pl\/wp-json\/wp\/v2\/media?parent=61"}],"curies":[{"name":"wp","href":"https:\/\/api.w.org\/{rel}","templated":true}]}}