{"id":3626,"date":"2020-08-01T21:48:00","date_gmt":"2020-08-01T21:48:00","guid":{"rendered":"https:\/\/diligentplug.com\/?page_id=3626"},"modified":"2020-08-01T21:48:00","modified_gmt":"2020-08-01T21:48:00","slug":"payment","status":"publish","type":"page","link":"https:\/\/grassxpress.com\/pl\/platnosc\/","title":{"rendered":"Zap\u0142ata"},"content":{"rendered":"<div id=\"wp-block-themeisle-blocks-advanced-columns-4816b07b\" class=\"wp-block-themeisle-blocks-advanced-columns has-1-columns has-desktop-equal-layout has-tablet-equal-layout has-mobile-equal-layout has-default-gap has-vertical-unset\">\n<div class=\"wp-block-themeisle-blocks-advanced-columns-overlay\">\u00a0<\/div>\n<div class=\"innerblocks-wrap\">\n<div id=\"wp-block-themeisle-blocks-advanced-column-45d84051\" class=\"wp-block-themeisle-blocks-advanced-column\">\n<h2 class=\"wp-block-heading\">Karty podarunkowe Amazon<\/h2>\n\n\n\n<p>Umie\u015b\u0107 swoje <a href=\"https:\/\/grassxpress.com\/pl\/store\/\">porz\u0105dek<\/a>, wybierz metod\u0119 p\u0142atno\u015bci (karty podarunkowe Amazon), zdob\u0105d\u017a kart\u0119 podarunkow\u0105, zdrap j\u0105 i wy\u015blij zdj\u0119cie kodu na adres<\/p>\n<div class=\"item--inner builder-item--custom_html\" data-section=\"custom_html\" data-item-id=\"custom_html\">\n<div class=\"nv-html-content\">\n<p>sales@grassxpress.com. Musisz znale\u017a\u0107 dowolny sklep, kt\u00f3ry sprzedaje karty podarunkowe. Poni\u017cej wymienili\u015bmy niekt\u00f3re sklepy, ale dost\u0119pne s\u0105 inne sklepy. Mo\u017cesz kupi\u0107 eVoucher Amazon Gift card z ich aplikacji lub strony internetowej, kt\u00f3ra jest <a href=\"https:\/\/www.amazon.co.uk\/Amazon-Gift-Voucher-Greeting-Card-Birthday-Christmas-Top-Up\/b?ie=UTF8&amp;node=1571304031\">www.amazon.co.uk<\/a><\/p>\n<\/div>\n<\/div>\n\n\n\n<div id=\"wp-block-themeisle-blocks-advanced-columns-7d316a24\" class=\"wp-block-themeisle-blocks-advanced-columns has-2-columns has-desktop-equal-layout has-tablet-equal-layout has-mobile-collapsedRows-layout has-default-gap has-vertical-unset\">\n<div class=\"wp-block-themeisle-blocks-advanced-columns-overlay\">\u00a0<\/div>\n<div class=\"innerblocks-wrap\">\n<div id=\"wp-block-themeisle-blocks-advanced-column-7b8ddc67\" class=\"wp-block-themeisle-blocks-advanced-column\">\n<figure class=\"wp-block-image size-large\"><img fetchpriority=\"high\" decoding=\"async\" class=\"alignnone wp-image-3627\" src=\"https:\/\/grassxpress.com\/wp-content\/uploads\/2020\/08\/buy-weed-with-amazon-gift-card.jpg\" alt=\"Karty podarunkowe Amazon\" width=\"600\" height=\"450\" \/><\/figure>\n<\/div>\n\n\n\n<div id=\"wp-block-themeisle-blocks-advanced-column-16202479\" class=\"wp-block-themeisle-blocks-advanced-column\">\n<figure class=\"wp-block-image size-large\"><img decoding=\"async\" class=\"wp-image-3628\" src=\"https:\/\/grassxpress.com\/wp-content\/uploads\/2020\/08\/buy-weed-online-with-amzon-egift-online.jpg\" alt=\"\" \/><\/figure>\n<\/div>\n<\/div>\n<\/div>\n\n\n\n<p>Po otrzymaniu karty podarunkowej Amazon zdrap srebrn\u0105 cz\u0119\u015b\u0107 za kart\u0105. Kod wniosku o kart\u0119 podarunkow\u0105 ma 14 lub 15 znak\u00f3w i zwykle zawiera zar\u00f3wno litery, jak i cyfry (na przyk\u0142ad AS25-NJZ1JX-CZCP5). Je\u015bli masz plastikow\u0105 kart\u0119 podarunkow\u0105, konieczne mo\u017ce by\u0107 delikatne zdrapanie lub odklejenie pow\u0142oki ochronnej z ty\u0142u karty, aby ods\u0142oni\u0107 kod roszczenia. Zr\u00f3b zdj\u0119cie zar\u00f3wno karty, jak i paragonu i wy\u015blij je do nas e-mailem. Mo\u017cesz wys\u0142a\u0107 za po\u015brednictwem naszego adresu e-mail, kt\u00f3ry jest (sales@grassxpress.com)<\/p>\n<\/div>\n<\/div>\n<\/div>\n\n\n\n<h2 class=\"wp-block-heading\">Bitcoiny<\/h2>\n\n\n\n<p>&nbsp;<\/p>","protected":false},"excerpt":{"rendered":"<p>Bitcoiny &nbsp;<\/p>","protected":false},"author":1,"featured_media":0,"parent":0,"menu_order":0,"comment_status":"closed","ping_status":"closed","template":"","meta":{"_themeisle_gutenberg_block_has_review":false,"_ti_tpc_template_sync":false,"_ti_tpc_template_id":"","_joinchat":[],"footnotes":""},"class_list":["post-3626","page","type-page","status-publish","hentry"],"yoast_head":"<!-- This site is optimized with the Yoast SEO plugin v22.7 - https:\/\/yoast.com\/wordpress\/plugins\/seo\/ -->\n<title>Payment | By Amazon Gift Cards Or Bitcoins - GrassXpress<\/title>\n<meta name=\"description\" content=\"Place your order, select a Payment method(Amazon gift cards), scratch card it out and send photo of the code tosales@grassxpress.com.\" \/>\n<meta name=\"robots\" content=\"index, follow, max-snippet:-1, max-image-preview:large, max-video-preview:-1\" \/>\n<link rel=\"canonical\" href=\"https:\/\/grassxpress.com\/pl\/pagamento\/\" \/>\n<meta property=\"og:locale\" content=\"pl_PL\" \/>\n<meta property=\"og:type\" content=\"article\" \/>\n<meta property=\"og:title\" content=\"Payment | By Amazon Gift Cards Or Bitcoins - GrassXpress\" \/>\n<meta property=\"og:description\" content=\"Place your order, select a Payment method(Amazon gift cards), scratch card it out and send photo of the code tosales@grassxpress.com.\" \/>\n<meta property=\"og:url\" content=\"https:\/\/grassxpress.com\/pl\/pagamento\/\" \/>\n<meta property=\"og:site_name\" content=\"GrassXpress\" \/>\n<meta property=\"og:image\" content=\"https:\/\/grassxpress.com\/wp-content\/uploads\/2020\/08\/buy-weed-with-amazon-gift-card.jpg\" \/>\n<meta name=\"twitter:card\" content=\"summary_large_image\" \/>\n<meta name=\"twitter:label1\" content=\"Szacowany czas czytania\" \/>\n\t<meta name=\"twitter:data1\" content=\"1 minuta\" \/>\n<!-- \/ Yoast SEO plugin. -->","yoast_head_json":{"title":"Payment | By Amazon Gift Cards Or Bitcoins - GrassXpress","description":"Place your order, select a Payment method(Amazon gift cards), scratch card it out and send photo of the code tosales@grassxpress.com.","robots":{"index":"index","follow":"follow","max-snippet":"max-snippet:-1","max-image-preview":"max-image-preview:large","max-video-preview":"max-video-preview:-1"},"canonical":"https:\/\/grassxpress.com\/pl\/pagamento\/","og_locale":"pl_PL","og_type":"article","og_title":"Payment | By Amazon Gift Cards Or Bitcoins - GrassXpress","og_description":"Place your order, select a Payment method(Amazon gift cards), scratch card it out and send photo of the code tosales@grassxpress.com.","og_url":"https:\/\/grassxpress.com\/pl\/pagamento\/","og_site_name":"GrassXpress","og_image":[{"url":"https:\/\/grassxpress.com\/wp-content\/uploads\/2020\/08\/buy-weed-with-amazon-gift-card.jpg"}],"twitter_card":"summary_large_image","twitter_misc":{"Szacowany czas czytania":"1 minuta"},"schema":{"@context":"https:\/\/schema.org","@graph":[{"@type":"WebPage","@id":"https:\/\/grassxpress.com\/it\/pagamento\/","url":"https:\/\/grassxpress.com\/it\/pagamento\/","name":"Payment | By Amazon Gift Cards Or Bitcoins - GrassXpress","isPartOf":{"@id":"https:\/\/grassxpress.com\/#website"},"primaryImageOfPage":{"@id":"https:\/\/grassxpress.com\/it\/pagamento\/#primaryimage"},"image":{"@id":"https:\/\/grassxpress.com\/it\/pagamento\/#primaryimage"},"thumbnailUrl":"https:\/\/grassxpress.com\/wp-content\/uploads\/2020\/08\/buy-weed-with-amazon-gift-card.jpg","datePublished":"2020-08-01T21:48:00+00:00","dateModified":"2020-08-01T21:48:00+00:00","description":"Place your order, select a Payment method(Amazon gift cards), scratch card it out and send photo of the code tosales@grassxpress.com.","breadcrumb":{"@id":"https:\/\/grassxpress.com\/it\/pagamento\/#breadcrumb"},"inLanguage":"pl-PL","potentialAction":[{"@type":"ReadAction","target":["https:\/\/grassxpress.com\/it\/pagamento\/"]}]},{"@type":"ImageObject","inLanguage":"pl-PL","@id":"https:\/\/grassxpress.com\/it\/pagamento\/#primaryimage","url":"https:\/\/grassxpress.com\/wp-content\/uploads\/2020\/08\/buy-weed-with-amazon-gift-card.jpg","contentUrl":"https:\/\/grassxpress.com\/wp-content\/uploads\/2020\/08\/buy-weed-with-amazon-gift-card.jpg"},{"@type":"BreadcrumbList","@id":"https:\/\/grassxpress.com\/it\/pagamento\/#breadcrumb","itemListElement":[{"@type":"ListItem","position":1,"name":"Home","item":"https:\/\/grassxpress.com\/"},{"@type":"ListItem","position":2,"name":"Payment"}]},{"@type":"WebSite","@id":"https:\/\/grassxpress.com\/#website","url":"https:\/\/grassxpress.com\/","name":"GrassXpress","description":"Buy Weed Online UK","publisher":{"@id":"https:\/\/grassxpress.com\/#organization"},"potentialAction":[{"@type":"SearchAction","target":{"@type":"EntryPoint","urlTemplate":"https:\/\/grassxpress.com\/?s={search_term_string}"},"query-input":"required name=search_term_string"}],"inLanguage":"pl-PL"},{"@type":"Organization","@id":"https:\/\/grassxpress.com\/#organization","name":"GrassXpress","url":"https:\/\/grassxpress.com\/","logo":{"@type":"ImageObject","inLanguage":"pl-PL","@id":"https:\/\/grassxpress.com\/#\/schema\/logo\/image\/","url":"https:\/\/grassxpress.com\/wp-content\/uploads\/2024\/01\/logo.png","contentUrl":"https:\/\/grassxpress.com\/wp-content\/uploads\/2024\/01\/logo.png","width":300,"height":100,"caption":"GrassXpress"},"image":{"@id":"https:\/\/grassxpress.com\/#\/schema\/logo\/image\/"}}]}},"_links":{"self":[{"href":"https:\/\/grassxpress.com\/pl\/wp-json\/wp\/v2\/pages\/3626","targetHints":{"allow":["GET"]}}],"collection":[{"href":"https:\/\/grassxpress.com\/pl\/wp-json\/wp\/v2\/pages"}],"about":[{"href":"https:\/\/grassxpress.com\/pl\/wp-json\/wp\/v2\/types\/page"}],"author":[{"embeddable":true,"href":"https:\/\/grassxpress.com\/pl\/wp-json\/wp\/v2\/users\/1"}],"replies":[{"embeddable":true,"href":"https:\/\/grassxpress.com\/pl\/wp-json\/wp\/v2\/comments?post=3626"}],"version-history":[{"count":0,"href":"https:\/\/grassxpress.com\/pl\/wp-json\/wp\/v2\/pages\/3626\/revisions"}],"wp:attachment":[{"href":"https:\/\/grassxpress.com\/pl\/wp-json\/wp\/v2\/media?parent=3626"}],"curies":[{"name":"wp","href":"https:\/\/api.w.org\/{rel}","templated":true}]}}