{"id":3603,"date":"2020-08-01T14:39:21","date_gmt":"2020-08-01T14:39:21","guid":{"rendered":"https:\/\/diligentplug.com\/?page_id=3603"},"modified":"2020-08-01T14:39:21","modified_gmt":"2020-08-01T14:39:21","slug":"shipping","status":"publish","type":"page","link":"https:\/\/grassxpress.com\/pl\/wysylka\/","title":{"rendered":"Wysy\u0142ka"},"content":{"rendered":"<div id=\"wp-block-themeisle-blocks-advanced-columns-49060903\" class=\"wp-block-themeisle-blocks-advanced-columns has-1-columns has-desktop-equal-layout has-tablet-equal-layout has-mobile-equal-layout has-default-gap has-vertical-unset\">\n<div class=\"wp-block-themeisle-blocks-advanced-columns-overlay\"><strong>Kiedy otrzymam moje zam\u00f3wienie?<\/strong><\/div>\n<div class=\"innerblocks-wrap\">\n<div id=\"wp-block-themeisle-blocks-advanced-column-af2d631f\" class=\"wp-block-themeisle-blocks-advanced-column\">\n\n\n<p>Nasza siedziba znajduje si\u0119 w Holandii (Europa). Wysy\u0142ka trwa od 1 do 3 dni roboczych. \u015arednio to 2 dni. Napady w urz\u0119dzie celnym mog\u0105 spowodowa\u0107 op\u00f3\u017anienie. Ale poniewa\u017c tak dobrze ukrywamy nasze produkty, celnicy przepuszcz\u0105 paczk\u0119 po kontroli.<\/p>\n\n\n\n<p><strong>Jak pakowane jest moje zam\u00f3wienie?<\/strong><\/p>\n\n\n\n<p>Twoje zam\u00f3wienie zostanie zapakowane w solidn\u0105, wy\u015bcie\u0142an\u0105 kopert\u0119. \u017badne odniesienia do marihuany lub powi\u0105zanych produkt\u00f3w marihuany nie s\u0105 umieszczane na zewn\u0105trz ani w \u015brodku. U\u017cywamy r\u00f3\u017cnych adres\u00f3w nadawc\u00f3w i nie stosujemy markowych opakowa\u0144. W kopercie znajdziesz przedmiot, kt\u00f3ry zawiera Twoje zam\u00f3wienie.<\/p>\n\n\n\n<p><strong>W jaki spos\u00f3b gwarantowana jest wysy\u0142ka?<\/strong><\/p>\n\n\n\n<p>Je\u015bli Twoje zam\u00f3wienie nie dotrze lub zostanie zaj\u0119te, z ca\u0142\u0105 uczciwo\u015bci\u0105 wy\u015blemy je ponownie. Za darmo! Mamy nast\u0119puj\u0105ce warunki zwrotu. Bezp\u0142atna ponowna wysy\u0142ka nast\u0119puje po 5 dniach roboczych. Wi\u0119kszo\u015b\u0107 paczek dociera w ci\u0105gu 1 tygodnia, a te, kt\u00f3re nie docieraj\u0105, zostan\u0105 dostarczone w nast\u0119pnym 1 tygodniu. Mi\u0119dzynarodowa poczta i s\u0142u\u017cby celne mog\u0105 mie\u0107 r\u00f3\u017cne op\u00f3\u017anienia, st\u0105d okres oczekiwania.<\/p>\n\n\n\n<p>Je\u015bli poda\u0142e\u015b nieprawid\u0142owy adres (np. zapomnia\u0142e\u015b numeru mieszkania), nie mo\u017cemy dokona\u0107 bezp\u0142atnej ponownej wysy\u0142ki. Adres jest drukowany DOK\u0141ADNIE tak, jak go wpisujesz, bez \u017cadnych r\u0119cznych dzia\u0142a\u0144 z naszej strony (chyba \u017ce nas o to poprosisz). Nie zostawiamy Ci\u0119 jednak na lodzie, dlatego w ramach rekompensaty otrzymasz kod rabatowy 50% na kolejne zam\u00f3wienie. Mo\u017cesz poda\u0107 alternatywny adres dla drugiej przesy\u0142ki. Zastosujemy te\u017c inn\u0105 metod\u0119 skradania si\u0119.<\/p>\n\n\n\n<p><strong>Do jakich kraj\u00f3w wysy\u0142acie?<\/strong><\/p>\n\n\n\n<p><a href=\"https:\/\/grassxpress.com\/pl\/zamow-weed-online-polska\/\">My<\/a> wysy\u0142amy na ca\u0142y \u015bwiat do wszystkich kraj\u00f3w, z kt\u00f3rych otrzymujemy zam\u00f3wienia. Niestety nie mo\u017cemy zagwarantowa\u0107 dostawy we wszystkich z nich, poniewa\u017c dostawa lokalna nie jest wystarczaj\u0105co niezawodna w niekt\u00f3rych krajach.<\/p>\n\n\n\n<p>W przypadku innych kraj\u00f3w: dostawa jest gwarantowana! Tak wi\u0119c, je\u015bli mieszkasz na przyk\u0142ad w Polsce lub <a href=\"https:\/\/en.wikipedia.org\/wiki\/Australia\">Australia<\/a>, dostawa Twojej paczki jest przez nas gwarantowana.<\/p>\n<\/div>\n<!-- \/wp:post-content --><\/div>\n<\/div>\n<!-- \/wp:themeisle-blocks\/advanced-columns -->","protected":false},"excerpt":{"rendered":"<p>We are based in the Netherlands (Europe). Shipping\u00a0takes between 1 and 3 business days. The average is 2 days. Holdups at customs can cause a delay. But, since we hide our products so well, customs will let the package through after inspection. How is my order packaged? Your order will be packed in a sturdy,<\/p>\n<div class=\"more-link\">\n             <a href=\"https:\/\/grassxpress.com\/pl\/wysylka\/\" class=\"link-btn\"><span>Czytaj dalej <\/span><i class=\"icofont-thin-double-right\"><\/i><\/a>\n        <\/div>","protected":false},"author":1,"featured_media":0,"parent":0,"menu_order":0,"comment_status":"closed","ping_status":"closed","template":"","meta":{"_themeisle_gutenberg_block_has_review":false,"_ti_tpc_template_sync":false,"_ti_tpc_template_id":"","_joinchat":[],"footnotes":""},"class_list":["post-3603","page","type-page","status-publish","hentry"],"yoast_head":"<!-- This site is optimized with the Yoast SEO plugin v22.7 - https:\/\/yoast.com\/wordpress\/plugins\/seo\/ -->\n<title>Shipping | Delivery Is Guaranteed - GrassXpress<\/title>\n<meta name=\"description\" content=\"We are based in the Netherlands. Shipping\u00a0takes between 1 and 3 business days. The average is 2 days. Holdups at customs can cause a delay.\" \/>\n<meta name=\"robots\" content=\"index, follow, max-snippet:-1, max-image-preview:large, max-video-preview:-1\" \/>\n<link rel=\"canonical\" href=\"https:\/\/grassxpress.com\/pl\/wysylka\/\" \/>\n<meta property=\"og:locale\" content=\"pl_PL\" \/>\n<meta property=\"og:type\" content=\"article\" \/>\n<meta property=\"og:title\" content=\"Shipping | Delivery Is Guaranteed - GrassXpress\" \/>\n<meta property=\"og:description\" content=\"We are based in the Netherlands. Shipping\u00a0takes between 1 and 3 business days. The average is 2 days. Holdups at customs can cause a delay.\" \/>\n<meta property=\"og:url\" content=\"https:\/\/grassxpress.com\/pl\/wysylka\/\" \/>\n<meta property=\"og:site_name\" content=\"GrassXpress\" \/>\n<meta name=\"twitter:card\" content=\"summary_large_image\" \/>\n<meta name=\"twitter:label1\" content=\"Szacowany czas czytania\" \/>\n\t<meta name=\"twitter:data1\" content=\"2 minuty\" \/>\n<!-- \/ Yoast SEO plugin. -->","yoast_head_json":{"title":"Shipping | Delivery Is Guaranteed - GrassXpress","description":"We are based in the Netherlands. Shipping\u00a0takes between 1 and 3 business days. The average is 2 days. Holdups at customs can cause a delay.","robots":{"index":"index","follow":"follow","max-snippet":"max-snippet:-1","max-image-preview":"max-image-preview:large","max-video-preview":"max-video-preview:-1"},"canonical":"https:\/\/grassxpress.com\/pl\/wysylka\/","og_locale":"pl_PL","og_type":"article","og_title":"Shipping | Delivery Is Guaranteed - GrassXpress","og_description":"We are based in the Netherlands. Shipping\u00a0takes between 1 and 3 business days. The average is 2 days. Holdups at customs can cause a delay.","og_url":"https:\/\/grassxpress.com\/pl\/wysylka\/","og_site_name":"GrassXpress","twitter_card":"summary_large_image","twitter_misc":{"Szacowany czas czytania":"2 minuty"},"schema":{"@context":"https:\/\/schema.org","@graph":[{"@type":"WebPage","@id":"https:\/\/grassxpress.com\/pl\/wysylka\/","url":"https:\/\/grassxpress.com\/pl\/wysylka\/","name":"Shipping | Delivery Is Guaranteed - GrassXpress","isPartOf":{"@id":"https:\/\/grassxpress.com\/#website"},"datePublished":"2020-08-01T14:39:21+00:00","dateModified":"2020-08-01T14:39:21+00:00","description":"We are based in the Netherlands. Shipping\u00a0takes between 1 and 3 business days. The average is 2 days. Holdups at customs can cause a delay.","breadcrumb":{"@id":"https:\/\/grassxpress.com\/pl\/wysylka\/#breadcrumb"},"inLanguage":"pl-PL","potentialAction":[{"@type":"ReadAction","target":["https:\/\/grassxpress.com\/pl\/wysylka\/"]}]},{"@type":"BreadcrumbList","@id":"https:\/\/grassxpress.com\/pl\/wysylka\/#breadcrumb","itemListElement":[{"@type":"ListItem","position":1,"name":"Home","item":"https:\/\/grassxpress.com\/"},{"@type":"ListItem","position":2,"name":"Shipping"}]},{"@type":"WebSite","@id":"https:\/\/grassxpress.com\/#website","url":"https:\/\/grassxpress.com\/","name":"GrassXpress","description":"Buy Weed Online UK","publisher":{"@id":"https:\/\/grassxpress.com\/#organization"},"potentialAction":[{"@type":"SearchAction","target":{"@type":"EntryPoint","urlTemplate":"https:\/\/grassxpress.com\/?s={search_term_string}"},"query-input":"required name=search_term_string"}],"inLanguage":"pl-PL"},{"@type":"Organization","@id":"https:\/\/grassxpress.com\/#organization","name":"GrassXpress","url":"https:\/\/grassxpress.com\/","logo":{"@type":"ImageObject","inLanguage":"pl-PL","@id":"https:\/\/grassxpress.com\/#\/schema\/logo\/image\/","url":"https:\/\/grassxpress.com\/wp-content\/uploads\/2024\/01\/logo.png","contentUrl":"https:\/\/grassxpress.com\/wp-content\/uploads\/2024\/01\/logo.png","width":300,"height":100,"caption":"GrassXpress"},"image":{"@id":"https:\/\/grassxpress.com\/#\/schema\/logo\/image\/"}}]}},"_links":{"self":[{"href":"https:\/\/grassxpress.com\/pl\/wp-json\/wp\/v2\/pages\/3603","targetHints":{"allow":["GET"]}}],"collection":[{"href":"https:\/\/grassxpress.com\/pl\/wp-json\/wp\/v2\/pages"}],"about":[{"href":"https:\/\/grassxpress.com\/pl\/wp-json\/wp\/v2\/types\/page"}],"author":[{"embeddable":true,"href":"https:\/\/grassxpress.com\/pl\/wp-json\/wp\/v2\/users\/1"}],"replies":[{"embeddable":true,"href":"https:\/\/grassxpress.com\/pl\/wp-json\/wp\/v2\/comments?post=3603"}],"version-history":[{"count":0,"href":"https:\/\/grassxpress.com\/pl\/wp-json\/wp\/v2\/pages\/3603\/revisions"}],"wp:attachment":[{"href":"https:\/\/grassxpress.com\/pl\/wp-json\/wp\/v2\/media?parent=3603"}],"curies":[{"name":"wp","href":"https:\/\/api.w.org\/{rel}","templated":true}]}}