{"id":3298,"date":"2020-02-18T05:09:07","date_gmt":"2020-02-18T05:09:07","guid":{"rendered":"https:\/\/diligentplug.com\/?page_id=3298"},"modified":"2020-02-18T05:09:07","modified_gmt":"2020-02-18T05:09:07","slug":"faqs","status":"publish","type":"page","link":"https:\/\/grassxpress.com\/pl\/faqs\/","title":{"rendered":"Cz\u0119sto zadawane pytania"},"content":{"rendered":"<div id=\"main-content\">\n<article id=\"post-2333\" class=\"post-2333 page type-page status-publish hentry\">\n<div class=\"entry-content\">\n<div id=\"et-boc\" class=\"et-boc\">\n<div class=\"et-l et-l--post\">\n<div class=\"et_builder_inner_content et_pb_gutters3\">\n<div class=\"et_pb_section et_pb_section_1 et_section_regular\">\n<div class=\"et_pb_row et_pb_row_2\">\n<div class=\"et_pb_column et_pb_column_4_4 et_pb_column_2 et_pb_css_mix_blend_mode_passthrough et-last-child\">\n<div class=\"et_pb_module et_pb_text et_pb_text_2 et_pb_text_align_center et_pb_bg_layout_light\">\n<div class=\"et_pb_text_inner\">\n<h2>Gdzie mog\u0119 kupi\u0107 zio\u0142o online?<\/h2>\n<p>To s\u0142owo kluczowe pojawia si\u0119 oko\u0142o 18 150 razy w wynikach wyszukiwania co 30 dni i dlatego<br \/>\nuwa\u017cane za jedno z najcz\u0119stszych pyta\u0144 zadawanych online. Oto odpowied\u017a, po zobaczeniu, jak trudne to by\u0142o<br \/>\nKupuj\u0105c zio\u0142o online, nasz zesp\u00f3\u0142 postanowi\u0142 zebra\u0107 si\u0119 razem i wprowadzi\u0107 wszystkie niezb\u0119dne czynniki, a teraz mo\u017cesz zam\u00f3wi\u0107 lub kupi\u0107 zio\u0142o online od nas w zaledwie trzech prostych krokach, wi\u0119c chcieliby\u015bmy odpowiedzie\u0107 na twoje pytanie, m\u00f3wi\u0105c \"TAK\", mo\u017cesz kupi\u0107 zio\u0142o online od weed-crew.net i otrzyma\u0107 je w mgnieniu oka.<\/p>\n<\/div>\n<\/div>\n<\/div>\n<\/div>\n<div class=\"et_pb_row et_pb_row_3\">\n<div class=\"et_pb_column et_pb_column_4_4 et_pb_column_3 et_pb_css_mix_blend_mode_passthrough et-last-child\">\n<div class=\"et_pb_module et_pb_text et_pb_text_3 et_pb_text_align_center et_pb_bg_layout_light\">\n<div class=\"et_pb_text_inner\">\n<h3>Kiedy moje zam\u00f3wienie zostanie wys\u0142ane?<\/h3>\n<p>Dok\u0142adamy wszelkich stara\u0144, aby wszystkie zam\u00f3wienia zosta\u0142y wys\u0142ane w ci\u0105gu tego samego dnia, po otrzymaniu zam\u00f3wienia i potwierdzeniu p\u0142atno\u015bci przyst\u0105pimy do pakowania, a po zako\u0144czeniu pakowania rozpoczniemy wysy\u0142k\u0119, po czym otrzymasz numer \u015bledzenia paczki, aby umo\u017cliwi\u0107 \u015bledzenie paczki podczas transportu, a\u017c dotrze do Ciebie. Wysy\u0142amy za pomoc\u0105 <a href=\"https:\/\/en.wikipedia.org\/wiki\/United_States_Postal_Service\">USPS<\/a>UPS, FEDEX lub Marble Logistics.<\/p>\n<\/div>\n<\/div>\n<\/div>\n<\/div>\n<div class=\"et_pb_row et_pb_row_4\">\n<div class=\"et_pb_column et_pb_column_4_4 et_pb_column_4 et_pb_css_mix_blend_mode_passthrough et-last-child\">\n<div class=\"et_pb_module et_pb_text et_pb_text_4 et_pb_text_align_center et_pb_bg_layout_light\">\n<div class=\"et_pb_text_inner\">\n<h3>Kiedy otrzymam przesy\u0142k\u0119?<\/h3>\n<p>Wszystkie paczki s\u0105 wysy\u0142ane w ci\u0105gu tego samego dnia (24 godziny) od otrzymania zam\u00f3wienia, jednak czas potrzebny na dostarczenie paczki zale\u017cy wy\u0142\u0105cznie od dw\u00f3ch czynnik\u00f3w.<br \/>\n- Pierwszym czynnikiem jest typ przesy\u0142ki, przez kt\u00f3ry rozumiemy to, czy paczka zosta\u0142a wys\u0142ana jako zwyk\u0142a paczka, czy jako przesy\u0142ka dor\u0119czona tego samego dnia lub przesy\u0142ka priorytetowa. Je\u015bli paczka zosta\u0142a zarejestrowana jako zwyk\u0142a przesy\u0142ka pocztowa, dotarcie do odbiorcy zajmie do dw\u00f3ch dni (948 godzin), natomiast je\u015bli zosta\u0142a wys\u0142ana w ramach dostawy tego samego dnia lub przesy\u0142ki priorytetowej, dotrze do odbiorcy w ci\u0105gu 24 godzin.<br \/>\n- Po drugie, czas potrzebny na dostarczenie paczki zale\u017cy od miejsca docelowego paczki, przez miejsce docelowe paczki rozumiemy to, czy adres dostawy znajduje si\u0119 w USA czy w Europie. Wszystkie paczki wysy\u0142ane do miejsc docelowych w USA s\u0105 dostarczane w ci\u0105gu maksymalnie 48 godzin, podczas gdy paczki w Europie mog\u0105 zaj\u0105\u0107 do trzech dni (72 godziny).<\/p>\n<\/div>\n<\/div>\n<\/div>\n<\/div>\n<div class=\"et_pb_row et_pb_row_5\">\n<div class=\"et_pb_column et_pb_column_4_4 et_pb_column_5 et_pb_css_mix_blend_mode_passthrough et-last-child\">\n<div class=\"et_pb_module et_pb_text et_pb_text_5 et_pb_text_align_center et_pb_bg_layout_light\">\n<div class=\"et_pb_text_inner\">\n<h3>Czy s\u0105 jakie\u015b zni\u017cki na zam\u00f3wienia?<\/h3>\n<p>Jak ka\u017cda firma zajmuj\u0105ca si\u0119 zam\u00f3wieniami, oferujemy zni\u017cki na zam\u00f3wienia hurtowe i na wszystkie zam\u00f3wienia dokonane za pomoc\u0105 p\u0142atno\u015bci takich jak Bitcoiny. Wszystkie zam\u00f3wienia powy\u017cej $800 otrzymuj\u0105 rabat 25%, a zam\u00f3wienia op\u0142acone za pomoc\u0105 Bitcoin\u00f3w otrzymuj\u0105 rabat 20%. Zach\u0119camy do sk\u0142adania zam\u00f3wie\u0144 hurtowych, poniewa\u017c s\u0105 one r\u00f3wnie\u017c dostarczane z darmowymi nasionami. CZYTAJ WI\u0118CEJ o darmowych nasionach na naszej stronie polityki wsparcia farmy.<\/p>\n<\/div>\n<\/div>\n<\/div>\n<\/div>\n<div class=\"et_pb_row et_pb_row_6\">\n<div class=\"et_pb_column et_pb_column_4_4 et_pb_column_6 et_pb_css_mix_blend_mode_passthrough et-last-child\">\n<div class=\"et_pb_module et_pb_text et_pb_text_6 et_pb_text_align_center et_pb_bg_layout_light\">\n<div class=\"et_pb_text_inner\">\n<h3>Czy kupowanie marihuany online jest bezpieczne?<\/h3>\n<p>Kupowanie marihuany online mo\u017ce by\u0107 czasami trudne i ryzykowne, je\u015bli nie skontaktujesz si\u0119 z odpowiednimi osobami, jednak sprawiamy, \u017ce jest to tak bezpieczne, jak to tylko mo\u017cliwe, bior\u0105c pod uwag\u0119 kilka czynnik\u00f3w wymienionych poni\u017cej<br \/>\n- Czy jest to medyczna marihuana? Kupowanie marihuany online mo\u017ce by\u0107 trudne, poniewa\u017c najprawdopodobniej otrzymasz tylko smak produktu.<br \/>\nPo tym, jak ju\u017c za ni\u0105 zap\u0142aci\u0142e\u015b, musisz upewni\u0107 si\u0119, \u017ce p\u0142acisz za medyczn\u0105 marihuan\u0119 i\/lub przetestowan\u0105 laboratoryjnie pod k\u0105tem zawarto\u015bci THC i CBD.<br \/>\n- Czy b\u0119dzie dobrze zapakowany, \u017cebym nie mia\u0142 k\u0142opot\u00f3w?<br \/>\nMusisz upewni\u0107 si\u0119, \u017ce Twoje zam\u00f3wienie b\u0119dzie dobrze zapiecz\u0119towane, aby zapewni\u0107 bezpiecze\u0144stwo w r\u0119kach kuriera, je\u015bli<br \/>\nJe\u015bli paczka nie jest dobrze zapiecz\u0119towana, nie mo\u017cna zagwarantowa\u0107 bezpiecznej wysy\u0142ki za po\u015brednictwem USPS, UPS lub dowolnej firmy kurierskiej, a zatem nie mo\u017cna mie\u0107 pewno\u015bci, czy paczka dotrze do r\u0119ki, czy nie.<\/p>\n<\/div>\n<\/div>\n<\/div>\n<\/div>\n<div class=\"et_pb_row et_pb_row_7\">\n<div class=\"et_pb_column et_pb_column_4_4 et_pb_column_7 et_pb_css_mix_blend_mode_passthrough et-last-child\">\n<div class=\"et_pb_module et_pb_text et_pb_text_7 et_pb_text_align_center et_pb_bg_layout_light\">\n<div class=\"et_pb_text_inner\">\n<h3>Czy mog\u0119 zap\u0142aci\u0107 kart\u0105 kredytow\u0105 lub debetow\u0105?<\/h3>\n<p>W dzisiejszym \u015bwiecie online karty kredytowe i debetowe s\u0105 jednymi z najbardziej elastycznych metod p\u0142atno\u015bci w Internecie.<br \/>\nW weed-crew.net mo\u017cesz dokona\u0107 p\u0142atno\u015bci bezpo\u015brednio za pomoc\u0105 karty kredytowej lub debetowej. P\u0142acenie kart\u0105 kredytow\u0105 lub debetow\u0105 jest bezpieczne, poniewa\u017c nasza strona jest zabezpieczona protoko\u0142em SSL.<\/p>\n<\/div>\n<\/div>\n<\/div>\n<\/div>\n<div class=\"et_pb_row et_pb_row_8\">\n<div class=\"et_pb_column et_pb_column_4_4 et_pb_column_8 et_pb_css_mix_blend_mode_passthrough et-last-child\">\n<div class=\"et_pb_module et_pb_text et_pb_text_8 et_pb_text_align_center et_pb_bg_layout_light\">\n<div class=\"et_pb_text_inner\">\n<h3>Czy wysy\u0142acie darmowe pr\u00f3bki do zakupu zio\u0142a online?<\/h3>\n<p><a href=\"https:\/\/grassxpress.com\/pl\/zamow-weed-online-polska\/\">My<\/a> oferujemy pr\u00f3bki o warto\u015bci do $50-$100 wszystkim potencjalnym nabywcom hurtowym, kt\u00f3rzy oczekuj\u0105 d\u0142ugoterminowego biznesu, ale chc\u0105 wypr\u00f3bowa\u0107 nasze produkty przed dokonaniem du\u017cych zakup\u00f3w, jednak pr\u00f3bki nie s\u0105 ca\u0142kowicie bezp\u0142atne, poniewa\u017c musisz zap\u0142aci\u0107 30% warto\u015bci paczki, poniewa\u017c zdali\u015bmy sobie spraw\u0119, \u017ce kiedy rozdajemy darmowe pr\u00f3bki, niekt\u00f3rzy klienci wykorzystuj\u0105 to jako luk\u0119 w celu wykorzystania i po prostu zamawiaj\u0105 darmowe pr\u00f3bki tylko po to, aby pali\u0107 i \u0107pa\u0107. Wszystkie pr\u00f3bki s\u0105 mieszank\u0105 po 2 gramy do 10 r\u00f3\u017cnych szczep\u00f3w do wyboru.<\/p>\n<\/div>\n<\/div>\n<\/div>\n<\/div>\n<div class=\"et_pb_row et_pb_row_9\">\n<div class=\"et_pb_column et_pb_column_4_4 et_pb_column_9 et_pb_css_mix_blend_mode_passthrough et-last-child\">\n<div class=\"et_pb_module et_pb_text et_pb_text_9 et_pb_text_align_center et_pb_bg_layout_light\">\n<div class=\"et_pb_text_inner\">\n<h3>Czy sprzedajesz produkty nieletnim?<\/h3>\n<p>Ma\u0142oletni, jak ich nazywamy, to klienci poni\u017cej 18 roku \u017cycia. Nie oferujemy naszych us\u0142ug \u017cadnej osobie lub osobom<br \/>\nponi\u017cej 18 roku \u017cycia. Je\u015bli jednak jeste\u015b pacjentem lub cierpisz na problemy zwi\u0105zane z l\u0119kiem, mo\u017cemy sprzeda\u0107<br \/>\nniewielkie ilo\u015bci okre\u015blonych produkt\u00f3w.<\/p>\n<\/div>\n<\/div>\n<\/div>\n<\/div>\n<\/div>\n<\/div>\n<\/div>\n<\/div>\n<\/div>\n<\/article>\n<\/div>","protected":false},"excerpt":{"rendered":"<p>Where Can I Buy Weed Online? This is a keyword which appears approximately 18,150 times in search results every 30 days and there fore is considered as one of the most frequent questions asked online.Here is your answer, after seeing how difficult it was buying weed online so our team decided to come together and<\/p>\n<div class=\"more-link\">\n             <a href=\"https:\/\/grassxpress.com\/pl\/faqs\/\" class=\"link-btn\"><span>Czytaj dalej <\/span><i class=\"icofont-thin-double-right\"><\/i><\/a>\n        <\/div>","protected":false},"author":1,"featured_media":0,"parent":0,"menu_order":0,"comment_status":"closed","ping_status":"closed","template":"","meta":{"_themeisle_gutenberg_block_has_review":false,"_ti_tpc_template_sync":false,"_ti_tpc_template_id":"","_joinchat":[],"footnotes":""},"class_list":["post-3298","page","type-page","status-publish","hentry"],"yoast_head":"<!-- This site is optimized with the Yoast SEO plugin v22.7 - https:\/\/yoast.com\/wordpress\/plugins\/seo\/ -->\n<title>FAQs | About To Buy Weed Online - GrassXpress<\/title>\n<meta name=\"description\" content=\"If you have a question? We answer your question by saying \u201cYES\u201d you can buy weed online from weed-crew.net.All packages are shiped same day.\" \/>\n<meta name=\"robots\" content=\"index, follow, max-snippet:-1, max-image-preview:large, max-video-preview:-1\" \/>\n<link rel=\"canonical\" href=\"https:\/\/grassxpress.com\/pl\/faqs\/\" \/>\n<meta property=\"og:locale\" content=\"pl_PL\" \/>\n<meta property=\"og:type\" content=\"article\" \/>\n<meta property=\"og:title\" content=\"FAQs | About To Buy Weed Online - GrassXpress\" \/>\n<meta property=\"og:description\" content=\"If you have a question? We answer your question by saying \u201cYES\u201d you can buy weed online from weed-crew.net.All packages are shiped same day.\" \/>\n<meta property=\"og:url\" content=\"https:\/\/grassxpress.com\/pl\/faqs\/\" \/>\n<meta property=\"og:site_name\" content=\"GrassXpress\" \/>\n<meta name=\"twitter:card\" content=\"summary_large_image\" \/>\n<meta name=\"twitter:label1\" content=\"Szacowany czas czytania\" \/>\n\t<meta name=\"twitter:data1\" content=\"4 minuty\" \/>\n<!-- \/ Yoast SEO plugin. -->","yoast_head_json":{"title":"FAQs | About To Buy Weed Online - GrassXpress","description":"If you have a question? We answer your question by saying \u201cYES\u201d you can buy weed online from weed-crew.net.All packages are shiped same day.","robots":{"index":"index","follow":"follow","max-snippet":"max-snippet:-1","max-image-preview":"max-image-preview:large","max-video-preview":"max-video-preview:-1"},"canonical":"https:\/\/grassxpress.com\/pl\/faqs\/","og_locale":"pl_PL","og_type":"article","og_title":"FAQs | About To Buy Weed Online - GrassXpress","og_description":"If you have a question? We answer your question by saying \u201cYES\u201d you can buy weed online from weed-crew.net.All packages are shiped same day.","og_url":"https:\/\/grassxpress.com\/pl\/faqs\/","og_site_name":"GrassXpress","twitter_card":"summary_large_image","twitter_misc":{"Szacowany czas czytania":"4 minuty"},"schema":{"@context":"https:\/\/schema.org","@graph":[{"@type":"WebPage","@id":"https:\/\/grassxpress.com\/it\/faqs\/","url":"https:\/\/grassxpress.com\/it\/faqs\/","name":"FAQs | About To Buy Weed Online - GrassXpress","isPartOf":{"@id":"https:\/\/grassxpress.com\/#website"},"datePublished":"2020-02-18T05:09:07+00:00","dateModified":"2020-02-18T05:09:07+00:00","description":"If you have a question? We answer your question by saying \u201cYES\u201d you can buy weed online from weed-crew.net.All packages are shiped same day.","breadcrumb":{"@id":"https:\/\/grassxpress.com\/it\/faqs\/#breadcrumb"},"inLanguage":"pl-PL","potentialAction":[{"@type":"ReadAction","target":["https:\/\/grassxpress.com\/it\/faqs\/"]}]},{"@type":"BreadcrumbList","@id":"https:\/\/grassxpress.com\/it\/faqs\/#breadcrumb","itemListElement":[{"@type":"ListItem","position":1,"name":"Home","item":"https:\/\/grassxpress.com\/"},{"@type":"ListItem","position":2,"name":"FAQs"}]},{"@type":"WebSite","@id":"https:\/\/grassxpress.com\/#website","url":"https:\/\/grassxpress.com\/","name":"GrassXpress","description":"Buy Weed Online UK","publisher":{"@id":"https:\/\/grassxpress.com\/#organization"},"potentialAction":[{"@type":"SearchAction","target":{"@type":"EntryPoint","urlTemplate":"https:\/\/grassxpress.com\/?s={search_term_string}"},"query-input":"required name=search_term_string"}],"inLanguage":"pl-PL"},{"@type":"Organization","@id":"https:\/\/grassxpress.com\/#organization","name":"GrassXpress","url":"https:\/\/grassxpress.com\/","logo":{"@type":"ImageObject","inLanguage":"pl-PL","@id":"https:\/\/grassxpress.com\/#\/schema\/logo\/image\/","url":"https:\/\/grassxpress.com\/wp-content\/uploads\/2024\/01\/logo.png","contentUrl":"https:\/\/grassxpress.com\/wp-content\/uploads\/2024\/01\/logo.png","width":300,"height":100,"caption":"GrassXpress"},"image":{"@id":"https:\/\/grassxpress.com\/#\/schema\/logo\/image\/"}}]}},"_links":{"self":[{"href":"https:\/\/grassxpress.com\/pl\/wp-json\/wp\/v2\/pages\/3298","targetHints":{"allow":["GET"]}}],"collection":[{"href":"https:\/\/grassxpress.com\/pl\/wp-json\/wp\/v2\/pages"}],"about":[{"href":"https:\/\/grassxpress.com\/pl\/wp-json\/wp\/v2\/types\/page"}],"author":[{"embeddable":true,"href":"https:\/\/grassxpress.com\/pl\/wp-json\/wp\/v2\/users\/1"}],"replies":[{"embeddable":true,"href":"https:\/\/grassxpress.com\/pl\/wp-json\/wp\/v2\/comments?post=3298"}],"version-history":[{"count":0,"href":"https:\/\/grassxpress.com\/pl\/wp-json\/wp\/v2\/pages\/3298\/revisions"}],"wp:attachment":[{"href":"https:\/\/grassxpress.com\/pl\/wp-json\/wp\/v2\/media?parent=3298"}],"curies":[{"name":"wp","href":"https:\/\/api.w.org\/{rel}","templated":true}]}}