{"id":4363,"date":"2022-11-15T10:34:28","date_gmt":"2022-11-15T10:34:28","guid":{"rendered":"https:\/\/documentosespana.com\/diligent\/?post_type=product&#038;p=4363"},"modified":"2026-04-02T09:17:53","modified_gmt":"2026-04-02T09:17:53","slug":"og-kush-strain","status":"publish","type":"product","link":"https:\/\/grassxpress.com\/it\/prodotto\/og-kush-strain\/","title":{"rendered":"OG Kush"},"content":{"rendered":"<h2>OG Kush in vendita<\/h2>\n<p><a href=\"https:\/\/grassxpress.com\/it\/prodotto\/og-kush-strain\/\">Buy OG Kush Strain<\/a> from <a href=\"https:\/\/grassxpress.com\/it\/\">grassxpress.com<\/a> Al prezzo pi\u00f9 basso e con la migliore qualit\u00e0. OG Kush \u00e8 un ibrido a predominanza sativa estremamente popolare. \u00c8 una leggenda vivente tra le variet\u00e0 di cannabis. Molto apprezzata per il suo effetto travolgente e il suo sapore eccezionale, \u00e8 rapidamente diventata la variet\u00e0 di cannabis pi\u00f9 popolare al mondo. OG Kush \u00e8 una variet\u00e0 meravigliosa per la riproduzione e la creazione di nuovi fenotipi. Condivide la sua genetica epica con una pletora di variet\u00e0 Kush californiane tra le pi\u00f9 potenti, come Fire OG e Tahoe OG. <a href=\"https:\/\/grassxpress.com\/it\/mail-order-weed-uk\/\">Di pi\u00f9<\/a><\/p>\n<p>Nonostante la sua popolarit\u00e0, la variet\u00e0 originale OG Kush \u00e8 considerata un mistero genetico. Molti coltivatori credono che sia stato un incrocio tra Chemdawg, Lemon Thai e Hindu Kush, ma nessuno lo sa per certo. Molti trovano che la variet\u00e0 d'erba OG Kush sia un'ottima variet\u00e0 per alleviare il dolore e l'insonnia. Non \u00e8 raro che OG Kush contenga circa l'80% di THC. Questo produce uno sballo inizialmente edificante, seguito da uno sballo corporeo pesante e rilassante. Vendita per corrispondenza erbaccia italia<\/p>\n<h3>Cos'\u00e8 l'OG Kush?<\/h3>\n<p>OG Kush Marijuana Strain\u00a0The foundational backbone of multiple\u00a0world famous cannabis strains,\u00a0OG Kush\u00a0is considered legendary for revolutionizing the <a href=\"https:\/\/grassxpress.com\/it\/prodotto\/platinum-girl-scout-cookies\/\">marijuana<\/a> industry, arguably rising to the recognition of \u201cmost well-known cannabis strain\u201d.\u00a0The OG Kush strain\u00a0is classified as a hybrid, with little known about its genetic origins, although rumors claim that this strain is a blend between possible parent plants\u00a0Chemdawg\u00a0and\u00a0Hindu Kush.<\/p>\n<p>Questa informazione non \u00e8 mai stata confermata, ma le origini di OG Kush non sembrano avere importanza, poich\u00e9 l'effetto che ha avuto sul mondo della cannabis sembra essere molto pi\u00f9 importante. Una moltitudine di fenotipi sono stati ibridati da OG Kush, molti dei quali stanno guadagnando popolarit\u00e0 proprio come ha fatto OGK. Alcuni di questi ben noti fenotipi includono Tahoe OG, Fire OG, SFV OG, Double OG e molti altri. La nostra ipotesi \u00e8 che probabilmente ne conosci almeno alcuni. Erba per corrispondenza <a href=\"https:\/\/en.wikipedia.org\/wiki\/Special:Search?search=weed+online&amp;go=Go&amp;ns0=1\">uk<\/a><\/p>\n<p>Sconto sull'olio di CBD In parte il motivo per cui OG Kush \u00e8 stato ampiamente utilizzato nell'ibridazione genetica della cannabis, \u00e8 dovuto all'elevata potenza di THC di questa variet\u00e0 originale che sembra aiutare molti consumatori con una variet\u00e0 di problemi medici che potrebbero incontrare. Con i livelli di THC che si registrano nell'intervallo 20-27, le potenti confezioni di OG Kush sono particolarmente potenti e colpiscono davvero chiunque la consumi.<\/p>\n<p>Although world-known, <a href=\"https:\/\/en.wikipedia.org\/wiki\/Kush\">OG Kush<\/a> seems to primarily be consumed throughout California, Colorado and the Pacific Northwest, so if you want to try a dank batch of this heady cannabis strain, look to those regions for answers.<\/p>\n<h3>E Aroma Kush<\/h3>\n<p>Sapore e aspetto OG Kush ha uno dei profumi pi\u00f9 freschi, che ricordano intensamente l'essere persi vagando nel profondo di una vecchia foresta in crescita. Il suo aroma \u00e8 legnoso, di pino e terroso, colpendo immediatamente le tue papille gustative con un colpo potente. Il suo sapore continua a sorprendere i consumatori, con sfumature inaspettate di lime, limone e agrumi, oltre a sentori speziati. Vendita per corrispondenza erbaccia Italia.<\/p>\n<p>Per quanto riguarda l'aspetto, l'erba OG Kush ha il tradizionale aspetto della cannabis, caratterizzato dal classico colore giallo-verde delle foglie di zucchero, con pistilli arancioni e foglie d'acqua verde frondoso, a volte color salvia. Le cime sono densamente ricoperte di tricomi cristallini, il che ha perfettamente senso se si considera il forte contenuto di THC della variet\u00e0 OG Kush. Effetti OG Kush Rimanendo fedele alla sua classificazione ibrida, l'erba OG Kush \u00e8 particolarmente equilibrata, con il suo sballo che porta il meglio di entrambi i mondi.<\/p>\n<p>Un vibrante mix di tratti sia indica che sativa, OG Kush testato a plug diligenti, i livelli di sativa e\u00a0indica sono del 60% e dell'87%. Dopo aver consumato OG Kush, aspettati una forte euforia e intensi effetti cerebrali, spesso seguiti da una sensazione di blocco da divano da lieve a forte.<\/p>\n<p>Considerata una delle variet\u00e0 pi\u00f9 rilassanti ed edificanti, la OG Kush sembra fornire ai suoi consumatori un meraviglioso abbinamento non solo di euforia che scioglie il corpo, ma anche di un risultato altrettanto benefico per la mente, lasciando chiunque la provi felice, calmo, tranquillo , ma capace di ridacchiare, ridere e divertirsi.<\/p>\n<h3>Benefici medici della variet\u00e0 di cannabis numero 1<\/h3>\n<p>OG Kush OG Kush Vista dall'alto Pi\u00f9 frequentemente consumato in medicina per disturbi mentali e dolore cronico. L'erba OG Kush \u00e8 una variet\u00e0 di cannabis estremamente curativa. Ci\u00f2 ha sorpreso il mondo della marijuana medica con la sua capacit\u00e0 di assistere cos\u00ec tante persone nel corso degli anni della sua esistenza.<\/p>\n<p>I suoi poteri magici sono in parte la ragione della crescita della popolarit\u00e0 di massa di OGK. Man mano che sempre pi\u00f9 persone scoprono che \u00e8 meglio consumare questa variet\u00e0. Che assumere farmaci tradizionali che sono spesso associati a effetti collaterali negativi sgradevoli e che alterano la vita.<\/p>\n<p>Coloro che gestiscono lo stress, la depressione e l'insonnia hanno scoperto che la variet\u00e0 OG Kush \u00e8 particolarmente medicinale. Cos\u00ec come i pazienti che soffrono di dolore grave e cronico. OG Kush aiuta davvero a rilassare e ad intorpidire i punti dolenti. Se soffri di stress, depressione, ansia o un altro disturbo mentale. <a href=\"https:\/\/grassxpress.com\/it\/prodotto\/og-kush-strain\/\">Secure checkout<\/a><\/p>\n<p>Quindi \u00e8 meglio fumare una piccola quantit\u00e0 di erba OG Kush o mangiare un commestibile a basso dosaggio. Perch\u00e9 il consumo eccessivo di qualsiasi variet\u00e0 di erba durante la gestione di un disturbo mentale pu\u00f2 effettivamente fare pi\u00f9 male che bene. Conosci i tuoi limiti e rimani all'interno di quei confini.<\/p>\n<p>D'altra parte, se hai a che fare con insonnia, mancanza di sonno o dolore cronico. Quindi l'assunzione di una dose pi\u00f9 elevata della variet\u00e0 OG Kush sarebbe di maggiore beneficio. Ci\u00f2 contribuir\u00e0 ad attaccare immediatamente il problema a testa alta. Senza lasciare alcuna possibilit\u00e0 di non aver consumato una dose sufficientemente elevata per sentirne effettivamente i benefici. Per ottenere una dose pi\u00f9 alta, potrebbe essere necessaria una forma commestibile, concentrata o consumabile di cannabis.<\/p>\n<p>Possibili effetti collaterali di OG Kush. Il modo migliore per evitare ogni possibile effetto collaterale della marijuana OG Kush \u00e8 usare precauzioni. Se sei sensibile al THC e conosci i tuoi limiti quando consumi cannabis. I consumatori spesso segnalano secchezza delle fauci e secchezza oculare come un effetto collaterale comune quando provano l'erba OG Kush. Non preoccuparti, questo \u00e8 facilmente risolvibile bevendo liquidi idratanti e usando colliri idratanti se necessario.<\/p>\n<h3>Inoltre,<\/h3>\n<p>Alcuni individui hanno sperimentato la paranoia dopo aver consumato la variet\u00e0 OG Kush. Ma ricordando che il tuo sballo passer\u00e0 e continua a respirare lentamente, profondamente e con costanza. Pu\u00f2 aiutarti a mantenere la testa lucida se stai attraversando schemi di pensiero negativi.<\/p>\n<p>Anche la meditazione e le tecniche di rilassamento profondo possono essere di guida utile. Considerazioni finali su OG Kush: speriamo che tu abbia trovato questa recensione di OG Kush non solo divertente. Ma anche educativo e informativo. \u00c8 importante ricordare che il consumo di marijuana \u00e8 di esclusiva responsabilit\u00e0 dell'utente e dovrebbe essere presa discrezione.<\/p>","protected":false},"excerpt":{"rendered":"<p><strong>Grade:<\/strong> A<br \/>\nType: Sativa dominant hybrid<br \/>\n<strong>Looks:<\/strong> This deep green bud is fluffy, frosty and packed with red hairs.<br \/>\n<strong>Smell:<\/strong> Piney, Cedar-like, Citrus<br \/>\n<strong>Taste:<\/strong> A very nice earthy and pine taste with a sweet after note . A very smooth and refreshing smoke. Vaporizing intensifies flavor and is a delight to have in the mouth.<br \/>\n<strong>Effects:<\/strong> Induces a feeling of euphoria, happiness, and creativity. An uplifting and energized high.<br \/>\nPotency: 10\/10 (It\u2019s a 1 hit wonder)<\/p>","protected":false},"featured_media":4421,"comment_status":"open","ping_status":"closed","template":"","meta":{"_themeisle_gutenberg_block_has_review":false,"_ti_tpc_template_sync":false,"_ti_tpc_template_id":"","_joinchat":[]},"product_cat":[216],"product_tag":[],"class_list":{"0":"post-4363","1":"product","2":"type-product","3":"status-publish","4":"has-post-thumbnail","6":"product_cat-hybrid","8":"first","9":"instock","10":"shipping-taxable","11":"purchasable","12":"product-type-variable"},"yoast_head":"<!-- This site is optimized with the Yoast SEO plugin v22.7 - https:\/\/yoast.com\/wordpress\/plugins\/seo\/ -->\n<title>OG Kush Strain Online For Sale | GrassXpress<\/title>\n<meta name=\"description\" content=\"Buy OG Kush online in uk and explore a legendary cannabis strain valued for its strong aroma and balanced hybrid effects. OG Kush for sale featuring distinctive earthy, citrus, and fuel-like terpene notes.\" \/>\n<meta name=\"robots\" content=\"index, follow, max-snippet:-1, max-image-preview:large, max-video-preview:-1\" \/>\n<link rel=\"canonical\" href=\"https:\/\/grassxpress.com\/it\/prodotto\/og-kush-strain\/\" \/>\n<meta property=\"og:locale\" content=\"it_IT\" \/>\n<meta property=\"og:type\" content=\"article\" \/>\n<meta property=\"og:title\" content=\"OG Kush Strain Online For Sale | GrassXpress\" \/>\n<meta property=\"og:description\" content=\"Buy OG Kush online in uk and explore a legendary cannabis strain valued for its strong aroma and balanced hybrid effects. OG Kush for sale featuring distinctive earthy, citrus, and fuel-like terpene notes.\" \/>\n<meta property=\"og:url\" content=\"https:\/\/grassxpress.com\/it\/prodotto\/og-kush-strain\/\" \/>\n<meta property=\"og:site_name\" content=\"GrassXpress\" \/>\n<meta property=\"article:modified_time\" content=\"2026-04-02T09:17:53+00:00\" \/>\n<meta property=\"og:image\" content=\"https:\/\/grassxpress.com\/wp-content\/uploads\/2022\/11\/OG-kush.jpg\" \/>\n\t<meta property=\"og:image:width\" content=\"600\" \/>\n\t<meta property=\"og:image:height\" content=\"600\" \/>\n\t<meta property=\"og:image:type\" content=\"image\/jpeg\" \/>\n<meta name=\"twitter:card\" content=\"summary_large_image\" \/>\n<meta name=\"twitter:label1\" content=\"Tempo di lettura stimato\" \/>\n\t<meta name=\"twitter:data1\" content=\"6 minuti\" \/>\n<!-- \/ Yoast SEO plugin. -->","yoast_head_json":{"title":"OG Kush Strain Online For Sale | GrassXpress","description":"Buy OG Kush online in uk and explore a legendary cannabis strain valued for its strong aroma and balanced hybrid effects. OG Kush for sale featuring distinctive earthy, citrus, and fuel-like terpene notes.","robots":{"index":"index","follow":"follow","max-snippet":"max-snippet:-1","max-image-preview":"max-image-preview:large","max-video-preview":"max-video-preview:-1"},"canonical":"https:\/\/grassxpress.com\/it\/prodotto\/og-kush-strain\/","og_locale":"it_IT","og_type":"article","og_title":"OG Kush Strain Online For Sale | GrassXpress","og_description":"Buy OG Kush online in uk and explore a legendary cannabis strain valued for its strong aroma and balanced hybrid effects. OG Kush for sale featuring distinctive earthy, citrus, and fuel-like terpene notes.","og_url":"https:\/\/grassxpress.com\/it\/prodotto\/og-kush-strain\/","og_site_name":"GrassXpress","article_modified_time":"2026-04-02T09:17:53+00:00","og_image":[{"width":600,"height":600,"url":"https:\/\/grassxpress.com\/wp-content\/uploads\/2022\/11\/OG-kush.jpg","type":"image\/jpeg"}],"twitter_card":"summary_large_image","twitter_misc":{"Tempo di lettura stimato":"6 minuti"},"schema":{"@context":"https:\/\/schema.org","@graph":[{"@type":"WebPage","@id":"https:\/\/grassxpress.com\/product\/og-kush-strain\/","url":"https:\/\/grassxpress.com\/product\/og-kush-strain\/","name":"OG Kush Strain Online For Sale | GrassXpress","isPartOf":{"@id":"https:\/\/grassxpress.com\/#website"},"primaryImageOfPage":{"@id":"https:\/\/grassxpress.com\/product\/og-kush-strain\/#primaryimage"},"image":{"@id":"https:\/\/grassxpress.com\/product\/og-kush-strain\/#primaryimage"},"thumbnailUrl":"https:\/\/grassxpress.com\/wp-content\/uploads\/2022\/11\/OG-kush.jpg","datePublished":"2022-11-15T10:34:28+00:00","dateModified":"2026-04-02T09:17:53+00:00","description":"Buy OG Kush online in uk and explore a legendary cannabis strain valued for its strong aroma and balanced hybrid effects. OG Kush for sale featuring distinctive earthy, citrus, and fuel-like terpene notes.","breadcrumb":{"@id":"https:\/\/grassxpress.com\/product\/og-kush-strain\/#breadcrumb"},"inLanguage":"it-IT","potentialAction":[{"@type":"ReadAction","target":["https:\/\/grassxpress.com\/product\/og-kush-strain\/"]}]},{"@type":"ImageObject","inLanguage":"it-IT","@id":"https:\/\/grassxpress.com\/product\/og-kush-strain\/#primaryimage","url":"https:\/\/grassxpress.com\/wp-content\/uploads\/2022\/11\/OG-kush.jpg","contentUrl":"https:\/\/grassxpress.com\/wp-content\/uploads\/2022\/11\/OG-kush.jpg","width":600,"height":600,"caption":"OG kush"},{"@type":"BreadcrumbList","@id":"https:\/\/grassxpress.com\/product\/og-kush-strain\/#breadcrumb","itemListElement":[{"@type":"ListItem","position":1,"name":"Home","item":"https:\/\/grassxpress.com\/"},{"@type":"ListItem","position":2,"name":"Mail Order Weed UK","item":"https:\/\/grassxpress.com\/mail-order-weed-uk\/"},{"@type":"ListItem","position":3,"name":"OG kush"}]},{"@type":"WebSite","@id":"https:\/\/grassxpress.com\/#website","url":"https:\/\/grassxpress.com\/","name":"GrassXpress","description":"Buy Weed Online UK","publisher":{"@id":"https:\/\/grassxpress.com\/#organization"},"potentialAction":[{"@type":"SearchAction","target":{"@type":"EntryPoint","urlTemplate":"https:\/\/grassxpress.com\/?s={search_term_string}"},"query-input":"required name=search_term_string"}],"inLanguage":"it-IT"},{"@type":"Organization","@id":"https:\/\/grassxpress.com\/#organization","name":"GrassXpress","url":"https:\/\/grassxpress.com\/","logo":{"@type":"ImageObject","inLanguage":"it-IT","@id":"https:\/\/grassxpress.com\/#\/schema\/logo\/image\/","url":"https:\/\/grassxpress.com\/wp-content\/uploads\/2024\/01\/logo.png","contentUrl":"https:\/\/grassxpress.com\/wp-content\/uploads\/2024\/01\/logo.png","width":300,"height":100,"caption":"GrassXpress"},"image":{"@id":"https:\/\/grassxpress.com\/#\/schema\/logo\/image\/"}}]}},"_links":{"self":[{"href":"https:\/\/grassxpress.com\/it\/wp-json\/wp\/v2\/product\/4363","targetHints":{"allow":["GET"]}}],"collection":[{"href":"https:\/\/grassxpress.com\/it\/wp-json\/wp\/v2\/product"}],"about":[{"href":"https:\/\/grassxpress.com\/it\/wp-json\/wp\/v2\/types\/product"}],"replies":[{"embeddable":true,"href":"https:\/\/grassxpress.com\/it\/wp-json\/wp\/v2\/comments?post=4363"}],"wp:featuredmedia":[{"embeddable":true,"href":"https:\/\/grassxpress.com\/it\/wp-json\/wp\/v2\/media\/4421"}],"wp:attachment":[{"href":"https:\/\/grassxpress.com\/it\/wp-json\/wp\/v2\/media?parent=4363"}],"wp:term":[{"taxonomy":"product_cat","embeddable":true,"href":"https:\/\/grassxpress.com\/it\/wp-json\/wp\/v2\/product_cat?post=4363"},{"taxonomy":"product_tag","embeddable":true,"href":"https:\/\/grassxpress.com\/it\/wp-json\/wp\/v2\/product_tag?post=4363"}],"curies":[{"name":"wp","href":"https:\/\/api.w.org\/{rel}","templated":true}]}}