{"id":4360,"date":"2022-11-15T10:11:40","date_gmt":"2022-11-15T10:11:40","guid":{"rendered":"https:\/\/documentosespana.com\/diligent\/?post_type=product&#038;p=4360"},"modified":"2026-04-02T09:09:06","modified_gmt":"2026-04-02T09:09:06","slug":"banana-kush","status":"publish","type":"product","link":"https:\/\/grassxpress.com\/it\/prodotto\/banana-kush\/","title":{"rendered":"Buy Banana Kush Online UK"},"content":{"rendered":"<div class=\"relative basis-auto flex-col -mb-(--composer-overlap-px) [--composer-overlap-px:28px] grow flex\">\n<div class=\"flex flex-col text-sm pb-25\">\n<article class=\"text-token-text-primary w-full focus:outline-none [--shadow-height:45px] has-data-writing-block:pointer-events-none has-data-writing-block:-mt-(--shadow-height) has-data-writing-block:pt-(--shadow-height) [&amp;:has([data-writing-block])&gt;*]:pointer-events-auto scroll-mt-[calc(var(--header-height)+min(200px,max(70px,20svh)))]\" dir=\"auto\" tabindex=\"-1\" data-turn-id=\"request-WEB:04e6e77b-5047-4170-b5cf-69678400d879-6\" data-testid=\"conversation-turn-14\" data-scroll-anchor=\"true\" data-turn=\"assistant\">\n<div class=\"text-base my-auto mx-auto pb-10 [--thread-content-margin:var(--thread-content-margin-xs,calc(var(--spacing)*4))] @w-sm\/main:[--thread-content-margin:var(--thread-content-margin-sm,calc(var(--spacing)*6))] @w-lg\/main:[--thread-content-margin:var(--thread-content-margin-lg,calc(var(--spacing)*16))] px-(--thread-content-margin)\">\n<div class=\"[--thread-content-max-width:40rem] @w-lg\/main:[--thread-content-max-width:48rem] mx-auto max-w-(--thread-content-max-width) flex-1 group\/turn-messages focus-visible:outline-hidden relative flex w-full min-w-0 flex-col agent-turn\" tabindex=\"-1\">\n<div class=\"flex max-w-full flex-col gap-4 grow\">\n<div class=\"min-h-8 text-message relative flex w-full flex-col items-end gap-2 text-start break-words whitespace-normal [.text-message+&amp;]:mt-1\" dir=\"auto\" data-message-author-role=\"assistant\" data-message-id=\"692c1616-ac21-4157-920c-8936db92195e\" data-message-model-slug=\"gpt-5-3\">\n<div class=\"flex w-full flex-col gap-1 empty:hidden\">\n<div class=\"markdown prose dark:prose-invert w-full wrap-break-word light markdown-new-styling\">\n<h2 data-section-id=\"1pwhjtz\" data-start=\"0\" data-end=\"38\">Erba da acquistare online nel Regno Unito \u2013 Banana Kush<\/h2>\n<p data-start=\"40\" data-end=\"379\">If you are looking for weed to buy online UK, many cannabis enthusiasts prefer to <a href=\"https:\/\/grassxpress.com\/it\/prodotto\/banana-kush\/\">Buy Banana Kush online<\/a> ...grazie al suo sapore unico e ai suoi effetti rilassanti. Nota per il suo dolce aroma tropicale e per il potente effetto corporeo, la Banana Kush in vendita \u00e8 una delle variet\u00e0 pi\u00f9 apprezzate tra i consumatori di cannabis alla ricerca di infiorescenze di qualit\u00e0 superiore.<\/p>\n<h1 data-section-id=\"1qkgbfg\" data-start=\"381\" data-end=\"409\">Buy Banana Kush Online UK<\/h1>\n<p data-start=\"411\" data-end=\"771\">Acquista la Banana Kush presso rivenditori di cannabis affidabili se cerchi una variet\u00e0 in grado di offrire un mix equilibrato di euforia e profondo rilassamento. La Banana Kush \u00e8 una rinomata variet\u00e0 della West Coast, celebre per il suo sapore di banana e i suoi effetti calmanti. Molti consumatori che acquistano la Banana Kush online apprezzano la sua combinazione di sensazioni mentali stimolanti e un rilassamento fisico lenitivo. Questa variet\u00e0 \u00e8 un incrocio tra la Ghost OG e la Skunk Haze, ed \u00e8 nota per il suo aroma distintivo e per un processo di coltivazione moderatamente impegnativo. Data la sua popolarit\u00e0 e il suo profilo terpenico unico, molti utenti si chiedono \"dove acquistare la Banana Kush?\" quando sono alla ricerca di prodotti a base di cannabis di alta qualit\u00e0.<\/p>\n<h3 data-section-id=\"1d3xzlz\" data-start=\"1067\" data-end=\"1088\">Lab Tested Results<\/h3>\n<p data-start=\"1090\" data-end=\"1110\">THC: 25%<br data-start=\"1098\" data-end=\"1101\" \/>CBD: 0,7%<\/p>\n<p data-start=\"1112\" data-end=\"1278\">These cannabinoid levels contribute to the powerful effects that make Banana Kush for sale a highly sought-after strain for both recreational and therapeutic use.<\/p>\n<h3 data-section-id=\"mnten1\" data-start=\"1280\" data-end=\"1305\">Esperienza Banana Kush<\/h3>\n<p data-start=\"1307\" data-end=\"1560\">Sebbene la Banana Kush sia prevalentemente una variet\u00e0 Indica, offre anche una leggera stimolazione mentale tipica delle Sativa. Molti consumatori di cannabis che ordinano la Banana Kush online riferiscono un intenso effetto corporeo che sfocia gradualmente in un profondo rilassamento e in una sensazione di sonnolenza. Proprio in virt\u00f9 dei suoi potenti effetti sedativi, l'acquisto online della Banana Kush \u00e8 spesso raccomandato per l'uso serale. Molti utenti esperti prediligono questa variet\u00e0 prima di coricarsi, poich\u00e9 le sue propriet\u00e0 calmanti possono favorire un sonno ristoratore. Prima che gli effetti rilassanti si manifestino appieno, gli utenti sperimentano spesso un piacevole senso di euforia e un notevole miglioramento dell'umore. Questa sensazione di benessere e leggerezza \u00e8 uno dei motivi per cui molte persone sono alla ricerca del miglior sito dove acquistare la Banana Kush online.<\/p>\n<p data-start=\"2027\" data-end=\"2213\">Alcuni utenti potrebbero avvertire secchezza delle fauci o degli occhi, specialmente con dosi pi\u00f9 elevate. Per chi \u00e8 alle prime armi con la cannabis, si raccomanda di iniziare con una quantit\u00e0 moderata al momento dell'acquisto della Banana Kush.<\/p>\n<h3 data-section-id=\"n8ea45\" data-start=\"2215\" data-end=\"2242\">Profilo aromatico e gustativo<\/h3>\n<p data-start=\"2244\" data-end=\"2492\">Una delle caratteristiche pi\u00f9 riconoscibili della Banana Kush \u00e8 il suo leggendario profilo aromatico. Questa variet\u00e0 \u00e8 nota per il suo inconfondibile sapore di banana, abbinato a note fruttate e tropicali. Alcuni appassionati di cannabis percepiscono anche sottili sfumature legnose. Una volta combusta, la Banana Kush sprigiona un aroma dolce e fruttato che riempie rapidamente l'ambiente. Il suo intenso profilo terpenico \u00e8 uno dei motivi principali per cui molti consumatori scelgono di acquistare la Banana Kush online presso rivenditori di cannabis affidabili. A livello visivo, questa variet\u00e0 vanta un aspetto di grande impatto. Le cime presentano foglie di un verde brillante, pistilli color pesca e una generosa copertura di tricomi bianchi. Questo aspetto accattivante rende spesso pi\u00f9 semplice riconoscere i prodotti a base di Banana Kush di qualit\u00e0 superiore.<\/p>\n<h3 data-section-id=\"6nc9ol\" data-start=\"2988\" data-end=\"3022\">Benefici medici della Banana Kush<\/h3>\n<p data-start=\"3024\" data-end=\"3286\">Sebbene la Banana Kush sia prevalentemente una variet\u00e0 Indica, offre anche una leggera stimolazione mentale tipica delle Sativa. Molti consumatori di cannabis che ordinano la Banana Kush online riferiscono un intenso effetto corporeo che sfocia gradualmente in un profondo rilassamento e in una sensazione di sonnolenza. Proprio in virt\u00f9 dei suoi potenti effetti sedativi, l'acquisto online della Banana Kush \u00e8 spesso raccomandato per l'uso serale. Molti utenti esperti prediligono questa variet\u00e0 prima di coricarsi, poich\u00e9 le sue propriet\u00e0 calmanti possono favorire un sonno ristoratore. Prima che gli effetti rilassanti si manifestino appieno, gli utenti sperimentano spesso un piacevole senso di euforia e un notevole miglioramento dell'umore. Questa sensazione di benessere e leggerezza \u00e8 uno dei motivi per cui molte persone sono alla ricerca del miglior sito dove acquistare la Banana Kush online.<\/p>\n<p data-start=\"3734\" data-end=\"3996\">Inoltre, le marcate caratteristiche Indica possono offrire sollievo alle persone che gestiscono il dolore cronico. Proprio in virt\u00f9 di questi potenziali benefici, molti consumatori confrontano i prezzi della Banana Kush presso diversi rivenditori, al fine di individuare l'offerta pi\u00f9 vantaggiosa senza compromettere la qualit\u00e0 del prodotto. Per gli appassionati di cannabis alla ricerca di variet\u00e0 di alta qualit\u00e0, individuare il miglior canale online per l'acquisto della Banana Kush garantisce l'accesso a prodotti affidabili, caratterizzati da potenza e sapore costanti.<\/p>\n<\/div>\n<\/div>\n<\/div>\n<\/div>\n<div class=\"z-0 flex min-h-[46px] justify-start\"><\/div>\n<div class=\"mt-3 w-full empty:hidden\">\n<div class=\"text-center\"><\/div>\n<\/div>\n<\/div>\n<\/div>\n<\/article>\n<\/div>\n<div class=\"pointer-events-none h-px w-px absolute bottom-0\" aria-hidden=\"true\" data-edge=\"true\"><\/div>\n<\/div>","protected":false},"excerpt":{"rendered":"<p>Ibrido a dominanza Indica - 60% Indica \/ 40% Sativa THC: 18% - 25%, CBN: 1%<br \/>\nQui abbiamo l'ibrido simile alla banana di due variet\u00e0 leggendarie: OG Kush della West Coast e Skunk Haze.<\/p>\n<p>La variet\u00e0 di marijuana Banana Kush \u00e8 un ibrido a dominanza Indica. Il kush \u00e8 stato creato da Cali Kush. Questa marijuana ha un meraviglioso aroma di delizioso frullato di banana-kush. La Banana Kush ha cime verdi brillanti e soffici con peli giallo-arancio. I boccioli sono ricoperti da cristalli bianchi. Grazie alla sua potenza, la variet\u00e0 di cannabis Banana Kush lenir\u00e0 il vostro dolore e vi far\u00e0 addormentare in pochi minuti, meglio se di notte. Con un THC di 18%, i principianti dovrebbero fare attenzione alla dose.<\/p>","protected":false},"featured_media":4376,"comment_status":"open","ping_status":"closed","template":"","meta":{"_themeisle_gutenberg_block_has_review":false,"_ti_tpc_template_sync":false,"_ti_tpc_template_id":"","_joinchat":[]},"product_cat":[216],"product_tag":[],"class_list":{"0":"post-4360","1":"product","2":"type-product","3":"status-publish","4":"has-post-thumbnail","6":"product_cat-hybrid","8":"first","9":"instock","10":"shipping-taxable","11":"purchasable","12":"product-type-variable"},"yoast_head":"<!-- This site is optimized with the Yoast SEO plugin v22.7 - https:\/\/yoast.com\/wordpress\/plugins\/seo\/ -->\n<title>Weed to buy online uk | Buy banana kush online in Europe<\/title>\n<meta name=\"description\" content=\"Buy Banana Kush online for a flavorful hybrid strain known for its sweet tropical aroma and relaxing effects. Banana Kush for sale offers premium quality buds ideal for cannabis enthusiasts.\" \/>\n<meta name=\"robots\" content=\"index, follow, max-snippet:-1, max-image-preview:large, max-video-preview:-1\" \/>\n<link rel=\"canonical\" href=\"https:\/\/grassxpress.com\/it\/prodotto\/banana-kush\/\" \/>\n<meta property=\"og:locale\" content=\"it_IT\" \/>\n<meta property=\"og:type\" content=\"article\" \/>\n<meta property=\"og:title\" content=\"Weed to buy online uk | Buy banana kush online in Europe\" \/>\n<meta property=\"og:description\" content=\"Buy Banana Kush online for a flavorful hybrid strain known for its sweet tropical aroma and relaxing effects. Banana Kush for sale offers premium quality buds ideal for cannabis enthusiasts.\" \/>\n<meta property=\"og:url\" content=\"https:\/\/grassxpress.com\/it\/prodotto\/banana-kush\/\" \/>\n<meta property=\"og:site_name\" content=\"GrassXpress\" \/>\n<meta property=\"article:modified_time\" content=\"2026-04-02T09:09:06+00:00\" \/>\n<meta property=\"og:image\" content=\"https:\/\/grassxpress.com\/wp-content\/uploads\/2022\/11\/Banana-kush.jpg\" \/>\n\t<meta property=\"og:image:width\" content=\"600\" \/>\n\t<meta property=\"og:image:height\" content=\"600\" \/>\n\t<meta property=\"og:image:type\" content=\"image\/jpeg\" \/>\n<meta name=\"twitter:card\" content=\"summary_large_image\" \/>\n<meta name=\"twitter:label1\" content=\"Tempo di lettura stimato\" \/>\n\t<meta name=\"twitter:data1\" content=\"3 minuti\" \/>\n<!-- \/ Yoast SEO plugin. -->","yoast_head_json":{"title":"Weed to buy online uk | Buy banana kush online in Europe","description":"Buy Banana Kush online for a flavorful hybrid strain known for its sweet tropical aroma and relaxing effects. Banana Kush for sale offers premium quality buds ideal for cannabis enthusiasts.","robots":{"index":"index","follow":"follow","max-snippet":"max-snippet:-1","max-image-preview":"max-image-preview:large","max-video-preview":"max-video-preview:-1"},"canonical":"https:\/\/grassxpress.com\/it\/prodotto\/banana-kush\/","og_locale":"it_IT","og_type":"article","og_title":"Weed to buy online uk | Buy banana kush online in Europe","og_description":"Buy Banana Kush online for a flavorful hybrid strain known for its sweet tropical aroma and relaxing effects. Banana Kush for sale offers premium quality buds ideal for cannabis enthusiasts.","og_url":"https:\/\/grassxpress.com\/it\/prodotto\/banana-kush\/","og_site_name":"GrassXpress","article_modified_time":"2026-04-02T09:09:06+00:00","og_image":[{"width":600,"height":600,"url":"https:\/\/grassxpress.com\/wp-content\/uploads\/2022\/11\/Banana-kush.jpg","type":"image\/jpeg"}],"twitter_card":"summary_large_image","twitter_misc":{"Tempo di lettura stimato":"3 minuti"},"schema":{"@context":"https:\/\/schema.org","@graph":[{"@type":"WebPage","@id":"https:\/\/grassxpress.com\/product\/banana-kush\/","url":"https:\/\/grassxpress.com\/product\/banana-kush\/","name":"Weed to buy online uk | Buy banana kush online in Europe","isPartOf":{"@id":"https:\/\/grassxpress.com\/#website"},"primaryImageOfPage":{"@id":"https:\/\/grassxpress.com\/product\/banana-kush\/#primaryimage"},"image":{"@id":"https:\/\/grassxpress.com\/product\/banana-kush\/#primaryimage"},"thumbnailUrl":"https:\/\/grassxpress.com\/wp-content\/uploads\/2022\/11\/Banana-kush.jpg","datePublished":"2022-11-15T10:11:40+00:00","dateModified":"2026-04-02T09:09:06+00:00","description":"Buy Banana Kush online for a flavorful hybrid strain known for its sweet tropical aroma and relaxing effects. Banana Kush for sale offers premium quality buds ideal for cannabis enthusiasts.","breadcrumb":{"@id":"https:\/\/grassxpress.com\/product\/banana-kush\/#breadcrumb"},"inLanguage":"it-IT","potentialAction":[{"@type":"ReadAction","target":["https:\/\/grassxpress.com\/product\/banana-kush\/"]}]},{"@type":"ImageObject","inLanguage":"it-IT","@id":"https:\/\/grassxpress.com\/product\/banana-kush\/#primaryimage","url":"https:\/\/grassxpress.com\/wp-content\/uploads\/2022\/11\/Banana-kush.jpg","contentUrl":"https:\/\/grassxpress.com\/wp-content\/uploads\/2022\/11\/Banana-kush.jpg","width":600,"height":600,"caption":"Banana kush"},{"@type":"BreadcrumbList","@id":"https:\/\/grassxpress.com\/product\/banana-kush\/#breadcrumb","itemListElement":[{"@type":"ListItem","position":1,"name":"Home","item":"https:\/\/grassxpress.com\/"},{"@type":"ListItem","position":2,"name":"Mail Order Weed UK","item":"https:\/\/grassxpress.com\/mail-order-weed-uk\/"},{"@type":"ListItem","position":3,"name":"Buy Banana Kush Online UK"}]},{"@type":"WebSite","@id":"https:\/\/grassxpress.com\/#website","url":"https:\/\/grassxpress.com\/","name":"GrassXpress","description":"Buy Weed Online UK","publisher":{"@id":"https:\/\/grassxpress.com\/#organization"},"potentialAction":[{"@type":"SearchAction","target":{"@type":"EntryPoint","urlTemplate":"https:\/\/grassxpress.com\/?s={search_term_string}"},"query-input":"required name=search_term_string"}],"inLanguage":"it-IT"},{"@type":"Organization","@id":"https:\/\/grassxpress.com\/#organization","name":"GrassXpress","url":"https:\/\/grassxpress.com\/","logo":{"@type":"ImageObject","inLanguage":"it-IT","@id":"https:\/\/grassxpress.com\/#\/schema\/logo\/image\/","url":"https:\/\/grassxpress.com\/wp-content\/uploads\/2024\/01\/logo.png","contentUrl":"https:\/\/grassxpress.com\/wp-content\/uploads\/2024\/01\/logo.png","width":300,"height":100,"caption":"GrassXpress"},"image":{"@id":"https:\/\/grassxpress.com\/#\/schema\/logo\/image\/"}}]}},"_links":{"self":[{"href":"https:\/\/grassxpress.com\/it\/wp-json\/wp\/v2\/product\/4360","targetHints":{"allow":["GET"]}}],"collection":[{"href":"https:\/\/grassxpress.com\/it\/wp-json\/wp\/v2\/product"}],"about":[{"href":"https:\/\/grassxpress.com\/it\/wp-json\/wp\/v2\/types\/product"}],"replies":[{"embeddable":true,"href":"https:\/\/grassxpress.com\/it\/wp-json\/wp\/v2\/comments?post=4360"}],"wp:featuredmedia":[{"embeddable":true,"href":"https:\/\/grassxpress.com\/it\/wp-json\/wp\/v2\/media\/4376"}],"wp:attachment":[{"href":"https:\/\/grassxpress.com\/it\/wp-json\/wp\/v2\/media?parent=4360"}],"wp:term":[{"taxonomy":"product_cat","embeddable":true,"href":"https:\/\/grassxpress.com\/it\/wp-json\/wp\/v2\/product_cat?post=4360"},{"taxonomy":"product_tag","embeddable":true,"href":"https:\/\/grassxpress.com\/it\/wp-json\/wp\/v2\/product_tag?post=4360"}],"curies":[{"name":"wp","href":"https:\/\/api.w.org\/{rel}","templated":true}]}}