{"id":61,"date":"2020-01-23T18:21:52","date_gmt":"2020-01-23T18:21:52","guid":{"rendered":"https:\/\/demosites.io\/web-agency-gb\/?page_id=61"},"modified":"2023-01-06T07:07:00","modified_gmt":"2023-01-06T07:07:00","slug":"can-i-order-weed-online","status":"publish","type":"page","link":"https:\/\/grassxpress.com\/it\/posso-ordinare-erba-online\/","title":{"rendered":"Chi siamo"},"content":{"rendered":"<h1 style=\"text-align: justify;\">tappi per erbacce legittimi online Italia<\/h1>\n<p style=\"text-align: justify;\">Posso ordinare erba online, GrassXpress \u00e8 un dispensario di erba online dove si pu\u00f2 acquistare erba online in Italia, senza ronzare di un centimetro da casa tua. Forse ti starai chiedendo perch\u00e9 ci sono molti rivenditori di erba vicino a me nel Regno Unito. Abbiamo il negozio di farmacia pi\u00f9 competente che ti offre la possibilit\u00e0 di acquistare i migliori prodotti di qualit\u00e0.<\/p>\n<p style=\"text-align: justify;\">Puoi\u00a0acquistare cannabis online\u00a0senza affrontare alcun problema che curer\u00e0 la malattia di un paziente e sazier\u00e0 i desideri ricreativi. Non devi uscire di casa per acquistare variet\u00e0 di marijuana online poich\u00e9 puoi evadere il tuo ordine tramite smartphone, PC o laptop e visitare il negozio di hashish virtuale.<\/p>\n<p style=\"text-align: justify;\">Abbiamo una vasta collezione di tutte le variet\u00e0 di erbe infestanti di alta qualit\u00e0, con prezzi diversi per ogni variet\u00e0. Puoi acquistarli in base ai tuoi interessi e alle tue preferenze. Imballiamo accuratamente ciascuno dei tuoi ordini e li consegniamo a casa tua in una confezione attraente. Il pacco ricevuto sar\u00e0 inodore e verr\u00e0 elaborato entro un periodo di tempo specificato. Negli ultimi anni ci siamo affermati come azienda leader nel tempo libero e i clienti hanno riposto la loro fiducia nei nostri servizi. Siamo diventati una delle aziende di cannabis in pi\u00f9 rapida crescita grazie al nostro approccio persistente e alla nostra lungimiranza. Forniamo servizi di consegna premium in numerosi paesi in tutto il mondo, tra cui Regno Unito, Paesi Bassi, Grecia, Francia, Svizzera, Italia e molti altri. Puoi inviarci la tua richiesta se stai cercando un negozio di cannabis online vicino a me.<\/p>\n<p style=\"text-align: justify;\">Siamo fiduciosi nei nostri servizi perch\u00e9 coloro che acquistano cannabis in vendita dal nostro negozio online tornano da noi pi\u00f9 e pi\u00f9 volte. Siamo una delle migliori aziende di marijuana al mondo, con esperti di marijuana e lavoratori qualificati che ispezionano attentamente ogni articolo prima di inviarlo a casa tua. Offriamo un metodo di pagamento sicuro e tutti i prodotti rientreranno in una fascia di prezzo accettabile per te.<\/p>\n<p style=\"text-align: justify;\">Puoi ordinare erba nel Regno Unito come AK-47, Banana Kush, Blue Dream, Blueberry Kush, Harlequin, Gelato 47, Girls Scout Cookies, Jack Ripper, Lemon Haze, Mango Kush, Master Kush da un negozio online.<\/p>\n<h2 style=\"text-align: justify;\">Posso ordinare erba online<\/h2>\n<p style=\"text-align: justify;\">Siamo rimasti irritati da quanto possa essere difficile ricercare una coltivazione di cannabis e ricevere risposte vere a domande di base sulla coltivazione dopo anni di navigazione nei pi\u00f9 importanti siti di coltivazione di cannabis. GrassXpress credeva inoltre che fosse necessario un metodo pi\u00f9 intuitivo per educare le persone alla crescita. Abbiamo ritenuto che fosse giunto il momento di creare un sito Web per mostrare quanto sia semplice produrre cannabis indoor con quasi tutti i budget. GrassXpress intendeva creare una risorsa che non richiedesse un login o un account, ma fornisse semplicemente una conoscenza in espansione facile da trovare per l'intero pianeta. Il negozio Sky Bud Shop \u00e8 stato formato come risultato di questo! \u00c8 possibile acquistare marijuana online?<\/p>\n<p style=\"text-align: justify;\">GrassXpress consegna gli stessi prodotti a base di cannabis che troverai nel tuo dispensario di marijuana locale a casa tua in Europa e in tutto il mondo. Le persone con problemi di salute ricevono sconti da GrassXpress, oltre a costi bassi per i clienti abituali. Sfoglia il nostro sito per le tue prelibatezze THC preferite ed effettua l'ordine utilizzando il nostro modulo d'ordine online o stampabile. La tua autentica marijuana ordinata per corrispondenza verr\u00e0 inviata lo stesso giorno in cui riceviamo il pagamento e puoi essere certo che la consegna sar\u00e0 discreta e sicura. S\u00ec, con un vaglia postale diretto e consegna rapida a casa tua, puoi acquistare vera marijuana online...<\/p>\n<p style=\"text-align: justify;\">Se stai cercando di acquistare marijuana in forma di cime, hashish, biscotti, brownies, tinture o burro, supereremo le tue aspettative con la nostra straordinaria selezione e qualit\u00e0 di prodotti alimentari che vengono cotti con i migliori ingredienti e impostati a un costo che ti puoi permettere. Il nostro chef \u00e8 un cuoco professionista e i nostri coltivatori hanno coltivato l'erba migliore che sicuramente ti far\u00e0 tornare per averne di pi\u00f9. Abbiamo solo la migliore marijuana in vendita che contiene vero THC in tutti i nostri prodotti.<\/p>\n<p style=\"text-align: justify;\"><strong>garanzia del prezzo pi\u00f9 basso<\/strong><\/p>\n<p style=\"text-align: justify;\">Cerchi il miglior dispensario di marijuana online dove il prezzo rifletta la qualit\u00e0 del tuo prodotto? Quindi non potresti trovare un posto migliore. A Get Kush, forniamo ai nostri clienti i prezzi pi\u00f9 bassi per i fiori di marijuana.<\/p>\n<p style=\"text-align: justify;\">Tutti i ceppi sono premium.<\/p>\n<p style=\"text-align: justify;\"><strong>spedizione gratuita<\/strong><\/p>\n<p style=\"text-align: justify;\">Tutti gli ordini superiori a 250 euro ricevono la spedizione gratuita. Puoi goderti la tua marijuana ordinata per posta sapendo di aver appena ordinato le tue variet\u00e0 preferite nel comfort di casa tua. Una volta ricevuto l'ordine, te lo invieremo tramite DHL, UPS, EMS e altri assicurando una consegna rapida e sicura con una coerenza del 100%.<\/p>\n<p style=\"text-align: justify;\"><strong>sicuro e protetto<\/strong><\/p>\n<p style=\"text-align: justify;\">L'erba solleva ancora polemiche tra alcune persone. Lo capiamo, motivo per cui manteniamo la nostra spedizione discreta. I tuoi prodotti saranno confezionati in modo da assomigliare a un normale ordine per corrispondenza, con consegna non rilevabile e crittografia sicura dei dati delle transazioni.<\/p>","protected":false},"excerpt":{"rendered":"<p>legit weed plugs online UK Can i order weed online, GrassXpress is an online weed dispensary where one can buy weed online UK, without buzzing an inch from your place. You might be wondering as there are many weed dealers near me uk. We have the most proficient pharmacy store that offers you the chance<\/p>\n<div class=\"more-link\">\n             <a href=\"https:\/\/grassxpress.com\/it\/posso-ordinare-erba-online\/\" class=\"link-btn\"><span>Continua a leggere <\/span><i class=\"icofont-thin-double-right\"><\/i><\/a>\n        <\/div>","protected":false},"author":1,"featured_media":0,"parent":0,"menu_order":0,"comment_status":"closed","ping_status":"closed","template":"","meta":{"_themeisle_gutenberg_block_has_review":false,"_ti_tpc_template_sync":false,"_ti_tpc_template_id":"0qhau2t6eoekosrgo1a2","_joinchat":[],"footnotes":""},"class_list":["post-61","page","type-page","status-publish","hentry"],"yoast_head":"<!-- This site is optimized with the Yoast SEO plugin v22.7 - https:\/\/yoast.com\/wordpress\/plugins\/seo\/ -->\n<title>Can i order weed online | legit weed plugs online uk | cannabis online uk<\/title>\n<meta name=\"description\" content=\"Can i order weed online. Online Dispensary in Europa for Mail Order Marijuana. Shop for Edibles, Concentrates, Sativa&#039;s, Indica&#039;s &amp; Hybrids.\" \/>\n<meta name=\"robots\" content=\"index, follow, max-snippet:-1, max-image-preview:large, max-video-preview:-1\" \/>\n<link rel=\"canonical\" href=\"https:\/\/grassxpress.com\/it\/pot-comand-on-line-ieriana\/\" \/>\n<meta property=\"og:locale\" content=\"it_IT\" \/>\n<meta property=\"og:type\" content=\"article\" \/>\n<meta property=\"og:title\" content=\"Can i order weed online | legit weed plugs online uk | cannabis online uk\" \/>\n<meta property=\"og:description\" content=\"Can i order weed online. Online Dispensary in Europa for Mail Order Marijuana. Shop for Edibles, Concentrates, Sativa&#039;s, Indica&#039;s &amp; Hybrids.\" \/>\n<meta property=\"og:url\" content=\"https:\/\/grassxpress.com\/it\/pot-comand-on-line-ieriana\/\" \/>\n<meta property=\"og:site_name\" content=\"GrassXpress\" \/>\n<meta property=\"article:modified_time\" content=\"2023-01-06T07:07:00+00:00\" \/>\n<meta name=\"twitter:card\" content=\"summary_large_image\" \/>\n<meta name=\"twitter:label1\" content=\"Tempo di lettura stimato\" \/>\n\t<meta name=\"twitter:data1\" content=\"4 minuti\" \/>\n<!-- \/ Yoast SEO plugin. -->","yoast_head_json":{"title":"Can i order weed online | legit weed plugs online uk | cannabis online uk","description":"Can i order weed online. Online Dispensary in Europa for Mail Order Marijuana. Shop for Edibles, Concentrates, Sativa's, Indica's & Hybrids.","robots":{"index":"index","follow":"follow","max-snippet":"max-snippet:-1","max-image-preview":"max-image-preview:large","max-video-preview":"max-video-preview:-1"},"canonical":"https:\/\/grassxpress.com\/it\/pot-comand-on-line-ieriana\/","og_locale":"it_IT","og_type":"article","og_title":"Can i order weed online | legit weed plugs online uk | cannabis online uk","og_description":"Can i order weed online. Online Dispensary in Europa for Mail Order Marijuana. Shop for Edibles, Concentrates, Sativa's, Indica's & Hybrids.","og_url":"https:\/\/grassxpress.com\/it\/pot-comand-on-line-ieriana\/","og_site_name":"GrassXpress","article_modified_time":"2023-01-06T07:07:00+00:00","twitter_card":"summary_large_image","twitter_misc":{"Tempo di lettura stimato":"4 minuti"},"schema":{"@context":"https:\/\/schema.org","@graph":[{"@type":"WebPage","@id":"https:\/\/grassxpress.com\/ro\/pot-comand-on-line-ieriana\/","url":"https:\/\/grassxpress.com\/ro\/pot-comand-on-line-ieriana\/","name":"Can i order weed online | legit weed plugs online uk | cannabis online uk","isPartOf":{"@id":"https:\/\/grassxpress.com\/#website"},"datePublished":"2020-01-23T18:21:52+00:00","dateModified":"2023-01-06T07:07:00+00:00","description":"Can i order weed online. Online Dispensary in Europa for Mail Order Marijuana. Shop for Edibles, Concentrates, Sativa's, Indica's & Hybrids.","breadcrumb":{"@id":"https:\/\/grassxpress.com\/ro\/pot-comand-on-line-ieriana\/#breadcrumb"},"inLanguage":"it-IT","potentialAction":[{"@type":"ReadAction","target":["https:\/\/grassxpress.com\/ro\/pot-comand-on-line-ieriana\/"]}]},{"@type":"BreadcrumbList","@id":"https:\/\/grassxpress.com\/ro\/pot-comand-on-line-ieriana\/#breadcrumb","itemListElement":[{"@type":"ListItem","position":1,"name":"Home","item":"https:\/\/grassxpress.com\/"},{"@type":"ListItem","position":2,"name":"About us"}]},{"@type":"WebSite","@id":"https:\/\/grassxpress.com\/#website","url":"https:\/\/grassxpress.com\/","name":"GrassXpress","description":"Buy Weed Online UK","publisher":{"@id":"https:\/\/grassxpress.com\/#organization"},"potentialAction":[{"@type":"SearchAction","target":{"@type":"EntryPoint","urlTemplate":"https:\/\/grassxpress.com\/?s={search_term_string}"},"query-input":"required name=search_term_string"}],"inLanguage":"it-IT"},{"@type":"Organization","@id":"https:\/\/grassxpress.com\/#organization","name":"GrassXpress","url":"https:\/\/grassxpress.com\/","logo":{"@type":"ImageObject","inLanguage":"it-IT","@id":"https:\/\/grassxpress.com\/#\/schema\/logo\/image\/","url":"https:\/\/grassxpress.com\/wp-content\/uploads\/2024\/01\/logo.png","contentUrl":"https:\/\/grassxpress.com\/wp-content\/uploads\/2024\/01\/logo.png","width":300,"height":100,"caption":"GrassXpress"},"image":{"@id":"https:\/\/grassxpress.com\/#\/schema\/logo\/image\/"}}]}},"_links":{"self":[{"href":"https:\/\/grassxpress.com\/it\/wp-json\/wp\/v2\/pages\/61","targetHints":{"allow":["GET"]}}],"collection":[{"href":"https:\/\/grassxpress.com\/it\/wp-json\/wp\/v2\/pages"}],"about":[{"href":"https:\/\/grassxpress.com\/it\/wp-json\/wp\/v2\/types\/page"}],"author":[{"embeddable":true,"href":"https:\/\/grassxpress.com\/it\/wp-json\/wp\/v2\/users\/1"}],"replies":[{"embeddable":true,"href":"https:\/\/grassxpress.com\/it\/wp-json\/wp\/v2\/comments?post=61"}],"version-history":[{"count":1,"href":"https:\/\/grassxpress.com\/it\/wp-json\/wp\/v2\/pages\/61\/revisions"}],"predecessor-version":[{"id":4659,"href":"https:\/\/grassxpress.com\/it\/wp-json\/wp\/v2\/pages\/61\/revisions\/4659"}],"wp:attachment":[{"href":"https:\/\/grassxpress.com\/it\/wp-json\/wp\/v2\/media?parent=61"}],"curies":[{"name":"wp","href":"https:\/\/api.w.org\/{rel}","templated":true}]}}