{"id":3603,"date":"2020-08-01T14:39:21","date_gmt":"2020-08-01T14:39:21","guid":{"rendered":"https:\/\/diligentplug.com\/?page_id=3603"},"modified":"2020-08-01T14:39:21","modified_gmt":"2020-08-01T14:39:21","slug":"shipping","status":"publish","type":"page","link":"https:\/\/grassxpress.com\/it\/spedizione\/","title":{"rendered":"Spedizione"},"content":{"rendered":"<div id=\"wp-block-themeisle-blocks-advanced-columns-49060903\" class=\"wp-block-themeisle-blocks-advanced-columns has-1-columns has-desktop-equal-layout has-tablet-equal-layout has-mobile-equal-layout has-default-gap has-vertical-unset\">\n<div class=\"wp-block-themeisle-blocks-advanced-columns-overlay\"><strong>Quando ricever\u00f2 il mio ordine?<\/strong><\/div>\n<div class=\"innerblocks-wrap\">\n<div id=\"wp-block-themeisle-blocks-advanced-column-af2d631f\" class=\"wp-block-themeisle-blocks-advanced-column\">\n\n\n<p>La nostra sede \u00e8 nei Paesi Bassi (Europa). La spedizione richiede da 1 a 3 giorni lavorativi. La media \u00e8 di 2 giorni. Le rapine alla dogana possono causare un ritardo. Tuttavia, poich\u00e9 nascondiamo cos\u00ec bene i nostri prodotti, la dogana lascer\u00e0 passare il pacco dopo l'ispezione.<\/p>\n\n\n\n<p><strong>Come viene confezionato il mio ordine?<\/strong><\/p>\n\n\n\n<p>Il tuo ordine sar\u00e0 imballato in una robusta busta imbottita. All'esterno o all'interno non viene fatto alcun riferimento alla marijuana o ai prodotti a base di marijuana correlati. Utilizziamo indirizzi di mittente diversi e non utilizziamo imballaggi di marca. Nella busta troverai un articolo che contiene il tuo ordine.<\/p>\n\n\n\n<p><strong>Come viene garantita la spedizione?<\/strong><\/p>\n\n\n\n<p>Se il tuo ordine non arriva o viene sequestrato, in tutta onest\u00e0 spediremo nuovamente il tuo ordine. Gratuito! Abbiamo le seguenti condizioni di rispedizione. La rispedizione gratuita avviene dopo 5 giorni lavorativi. La maggior parte dei pacchi arriva entro 1 settimana e quelli che non lo fanno verranno consegnati nella 1 settimana successiva. La posta internazionale e la dogana possono subire vari ritardi, da qui il periodo di attesa.<\/p>\n\n\n\n<p>Se hai inserito un indirizzo errato (come dimenticare il numero dell'appartamento), non possiamo rispedire gratuitamente. L'indirizzo viene stampato ESATTAMENTE quando lo inserisci, nessuna azione manuale da parte nostra (a meno che tu non ci chieda di farlo). Tuttavia, non ti lasciamo al freddo, quindi per compensare riceverai un codice per uno sconto del 50% sul tuo prossimo ordine. Puoi fornire un indirizzo alternativo per la seconda spedizione. Useremo anche un metodo invisibile diverso.<\/p>\n\n\n\n<p><strong>In quali paesi spedite?<\/strong><\/p>\n\n\n\n<p><a href=\"https:\/\/grassxpress.com\/it\/ordina-erba-online-italia\/\">Noi<\/a> spedire in tutto il mondo in tutti i paesi da cui riceviamo ordini. Sfortunatamente, non possiamo garantire la consegna in tutti loro, perch\u00e9 la consegna locale non \u00e8 abbastanza affidabile in alcuni paesi.<\/p>\n\n\n\n<p>Per gli altri paesi: la consegna \u00e8 garantita! Quindi, se vivi ad esempio in Italia o <a href=\"https:\/\/en.wikipedia.org\/wiki\/Australia\">Australia<\/a>, la consegna del tuo pacco \u00e8 garantita da noi.<\/p>\n<\/div>\n<!-- \/wp:post-content --><\/div>\n<\/div>\n<!-- \/wp:themeisle-blocks\/advanced-columns -->","protected":false},"excerpt":{"rendered":"<p>We are based in the Netherlands (Europe). Shipping\u00a0takes between 1 and 3 business days. The average is 2 days. Holdups at customs can cause a delay. But, since we hide our products so well, customs will let the package through after inspection. How is my order packaged? Your order will be packed in a sturdy,<\/p>\n<div class=\"more-link\">\n             <a href=\"https:\/\/grassxpress.com\/it\/spedizione\/\" class=\"link-btn\"><span>Continua a leggere <\/span><i class=\"icofont-thin-double-right\"><\/i><\/a>\n        <\/div>","protected":false},"author":1,"featured_media":0,"parent":0,"menu_order":0,"comment_status":"closed","ping_status":"closed","template":"","meta":{"_themeisle_gutenberg_block_has_review":false,"_ti_tpc_template_sync":false,"_ti_tpc_template_id":"","_joinchat":[],"footnotes":""},"class_list":["post-3603","page","type-page","status-publish","hentry"],"yoast_head":"<!-- This site is optimized with the Yoast SEO plugin v22.7 - https:\/\/yoast.com\/wordpress\/plugins\/seo\/ -->\n<title>Shipping | Delivery Is Guaranteed - GrassXpress<\/title>\n<meta name=\"description\" content=\"We are based in the Netherlands. Shipping\u00a0takes between 1 and 3 business days. The average is 2 days. Holdups at customs can cause a delay.\" \/>\n<meta name=\"robots\" content=\"index, follow, max-snippet:-1, max-image-preview:large, max-video-preview:-1\" \/>\n<link rel=\"canonical\" href=\"https:\/\/grassxpress.com\/it\/wysylka\/\" \/>\n<meta property=\"og:locale\" content=\"it_IT\" \/>\n<meta property=\"og:type\" content=\"article\" \/>\n<meta property=\"og:title\" content=\"Shipping | Delivery Is Guaranteed - GrassXpress\" \/>\n<meta property=\"og:description\" content=\"We are based in the Netherlands. Shipping\u00a0takes between 1 and 3 business days. The average is 2 days. Holdups at customs can cause a delay.\" \/>\n<meta property=\"og:url\" content=\"https:\/\/grassxpress.com\/it\/wysylka\/\" \/>\n<meta property=\"og:site_name\" content=\"GrassXpress\" \/>\n<meta name=\"twitter:card\" content=\"summary_large_image\" \/>\n<meta name=\"twitter:label1\" content=\"Tempo di lettura stimato\" \/>\n\t<meta name=\"twitter:data1\" content=\"2 minuti\" \/>\n<!-- \/ Yoast SEO plugin. -->","yoast_head_json":{"title":"Shipping | Delivery Is Guaranteed - GrassXpress","description":"We are based in the Netherlands. Shipping\u00a0takes between 1 and 3 business days. The average is 2 days. Holdups at customs can cause a delay.","robots":{"index":"index","follow":"follow","max-snippet":"max-snippet:-1","max-image-preview":"max-image-preview:large","max-video-preview":"max-video-preview:-1"},"canonical":"https:\/\/grassxpress.com\/it\/wysylka\/","og_locale":"it_IT","og_type":"article","og_title":"Shipping | Delivery Is Guaranteed - GrassXpress","og_description":"We are based in the Netherlands. Shipping\u00a0takes between 1 and 3 business days. The average is 2 days. Holdups at customs can cause a delay.","og_url":"https:\/\/grassxpress.com\/it\/wysylka\/","og_site_name":"GrassXpress","twitter_card":"summary_large_image","twitter_misc":{"Tempo di lettura stimato":"2 minuti"},"schema":{"@context":"https:\/\/schema.org","@graph":[{"@type":"WebPage","@id":"https:\/\/grassxpress.com\/pl\/wysylka\/","url":"https:\/\/grassxpress.com\/pl\/wysylka\/","name":"Shipping | Delivery Is Guaranteed - GrassXpress","isPartOf":{"@id":"https:\/\/grassxpress.com\/#website"},"datePublished":"2020-08-01T14:39:21+00:00","dateModified":"2020-08-01T14:39:21+00:00","description":"We are based in the Netherlands. Shipping\u00a0takes between 1 and 3 business days. The average is 2 days. Holdups at customs can cause a delay.","breadcrumb":{"@id":"https:\/\/grassxpress.com\/pl\/wysylka\/#breadcrumb"},"inLanguage":"it-IT","potentialAction":[{"@type":"ReadAction","target":["https:\/\/grassxpress.com\/pl\/wysylka\/"]}]},{"@type":"BreadcrumbList","@id":"https:\/\/grassxpress.com\/pl\/wysylka\/#breadcrumb","itemListElement":[{"@type":"ListItem","position":1,"name":"Home","item":"https:\/\/grassxpress.com\/"},{"@type":"ListItem","position":2,"name":"Shipping"}]},{"@type":"WebSite","@id":"https:\/\/grassxpress.com\/#website","url":"https:\/\/grassxpress.com\/","name":"GrassXpress","description":"Buy Weed Online UK","publisher":{"@id":"https:\/\/grassxpress.com\/#organization"},"potentialAction":[{"@type":"SearchAction","target":{"@type":"EntryPoint","urlTemplate":"https:\/\/grassxpress.com\/?s={search_term_string}"},"query-input":"required name=search_term_string"}],"inLanguage":"it-IT"},{"@type":"Organization","@id":"https:\/\/grassxpress.com\/#organization","name":"GrassXpress","url":"https:\/\/grassxpress.com\/","logo":{"@type":"ImageObject","inLanguage":"it-IT","@id":"https:\/\/grassxpress.com\/#\/schema\/logo\/image\/","url":"https:\/\/grassxpress.com\/wp-content\/uploads\/2024\/01\/logo.png","contentUrl":"https:\/\/grassxpress.com\/wp-content\/uploads\/2024\/01\/logo.png","width":300,"height":100,"caption":"GrassXpress"},"image":{"@id":"https:\/\/grassxpress.com\/#\/schema\/logo\/image\/"}}]}},"_links":{"self":[{"href":"https:\/\/grassxpress.com\/it\/wp-json\/wp\/v2\/pages\/3603","targetHints":{"allow":["GET"]}}],"collection":[{"href":"https:\/\/grassxpress.com\/it\/wp-json\/wp\/v2\/pages"}],"about":[{"href":"https:\/\/grassxpress.com\/it\/wp-json\/wp\/v2\/types\/page"}],"author":[{"embeddable":true,"href":"https:\/\/grassxpress.com\/it\/wp-json\/wp\/v2\/users\/1"}],"replies":[{"embeddable":true,"href":"https:\/\/grassxpress.com\/it\/wp-json\/wp\/v2\/comments?post=3603"}],"version-history":[{"count":0,"href":"https:\/\/grassxpress.com\/it\/wp-json\/wp\/v2\/pages\/3603\/revisions"}],"wp:attachment":[{"href":"https:\/\/grassxpress.com\/it\/wp-json\/wp\/v2\/media?parent=3603"}],"curies":[{"name":"wp","href":"https:\/\/api.w.org\/{rel}","templated":true}]}}