{"id":3298,"date":"2020-02-18T05:09:07","date_gmt":"2020-02-18T05:09:07","guid":{"rendered":"https:\/\/diligentplug.com\/?page_id=3298"},"modified":"2020-02-18T05:09:07","modified_gmt":"2020-02-18T05:09:07","slug":"faqs","status":"publish","type":"page","link":"https:\/\/grassxpress.com\/it\/faqs\/","title":{"rendered":"Domande frequenti"},"content":{"rendered":"<div id=\"main-content\">\n<article id=\"post-2333\" class=\"post-2333 page type-page status-publish hentry\">\n<div class=\"entry-content\">\n<div id=\"et-boc\" class=\"et-boc\">\n<div class=\"et-l et-l--post\">\n<div class=\"et_builder_inner_content et_pb_gutters3\">\n<div class=\"et_pb_section et_pb_section_1 et_section_regular\">\n<div class=\"et_pb_row et_pb_row_2\">\n<div class=\"et_pb_column et_pb_column_4_4 et_pb_column_2 et_pb_css_mix_blend_mode_passthrough et-last-child\">\n<div class=\"et_pb_module et_pb_text et_pb_text_2 et_pb_text_align_center et_pb_bg_layout_light\">\n<div class=\"et_pb_text_inner\">\n<h2>Dove posso acquistare erba online?<\/h2>\n<p>Questa \u00e8 una parola chiave che appare circa 18.150 volte nei risultati di ricerca ogni 30 giorni e quindi \u00e8<br \/>\n\u00e8 considerata una delle domande pi\u00f9 frequenti che vengono poste online. Ecco la sua risposta, dopo aver visto quanto \u00e8 stato difficile<br \/>\ncomprare erba online, quindi il nostro team ha deciso di riunirsi e di inserire tutti i fattori necessari e ora \u00e8 possibile ordinare o comprare erba online da noi in soli tre semplici passaggi, quindi vorremo rispondere alla vostra domanda dicendo \"SI\", potete comprare erba online da weed-crew.net e farvela consegnare in un batter d'occhio.<\/p>\n<\/div>\n<\/div>\n<\/div>\n<\/div>\n<div class=\"et_pb_row et_pb_row_3\">\n<div class=\"et_pb_column et_pb_column_4_4 et_pb_column_3 et_pb_css_mix_blend_mode_passthrough et-last-child\">\n<div class=\"et_pb_module et_pb_text et_pb_text_3 et_pb_text_align_center et_pb_bg_layout_light\">\n<div class=\"et_pb_text_inner\">\n<h3>Quanto tempo passa prima che il mio ordine venga spedito?<\/h3>\n<p>Facciamo del nostro meglio per assicurarci che tutti gli odori vengano spediti entro lo stesso giorno, una volta ricevuto l'ordine e confermato il pagamento procederemo con l'imballaggio e una volta terminato l'imballaggio procederemo con la spedizione, dopodich\u00e9 vi verr\u00e0 fornito il numero di tracciamento del pacco per permettervi di tenere traccia del pacco durante il transito fino a quando non vi arriver\u00e0. Spediamo utilizzando <a href=\"https:\/\/en.wikipedia.org\/wiki\/United_States_Postal_Service\">USPS<\/a>UPS, FEDEX o Marble Logistics.<\/p>\n<\/div>\n<\/div>\n<\/div>\n<\/div>\n<div class=\"et_pb_row et_pb_row_4\">\n<div class=\"et_pb_column et_pb_column_4_4 et_pb_column_4 et_pb_css_mix_blend_mode_passthrough et-last-child\">\n<div class=\"et_pb_module et_pb_text et_pb_text_4 et_pb_text_align_center et_pb_bg_layout_light\">\n<div class=\"et_pb_text_inner\">\n<h3>Quanto tempo ci vuole per ricevere il pacco?<\/h3>\n<p>Tutti i pacchi vengono spediti entro lo stesso giorno (24 ore) dalla ricezione dell'ordine, tuttavia il tempo necessario per ricevere il pacco dipende interamente da due fattori.<br \/>\n- Il primo fattore \u00e8 il tipo di spedizione; per tipo di spedizione si intende se il pacco \u00e8 stato spedito come pacco normale o per consegna in giornata o per posta prioritaria. Se il vostro pacco \u00e8 stato registrato come pacco ordinario, ci vorranno fino a due giorni (948 ore) perch\u00e9 vi arrivi, mentre se \u00e8 stato spedito con consegna in giornata o con posta prioritaria vi arriver\u00e0 entro 24 ore.<br \/>\n- In secondo luogo, il tempo necessario per ricevere il vostro pacco dipende dalla destinazione del pacco stesso. Per destinazione del pacco intendiamo se il vostro indirizzo di consegna si trova negli Stati Uniti o in Europa. Tutti i pacchi spediti verso destinazioni negli Stati Uniti vengono consegnati al massimo entro 48 ore, mentre per i pacchi in Europa sono necessari fino a tre giorni (72 ore).<\/p>\n<\/div>\n<\/div>\n<\/div>\n<\/div>\n<div class=\"et_pb_row et_pb_row_5\">\n<div class=\"et_pb_column et_pb_column_4_4 et_pb_column_5 et_pb_css_mix_blend_mode_passthrough et-last-child\">\n<div class=\"et_pb_module et_pb_text et_pb_text_5 et_pb_text_align_center et_pb_bg_layout_light\">\n<div class=\"et_pb_text_inner\">\n<h3>Ci sono sconti sugli ordini?<\/h3>\n<p>Proprio come ogni azienda che si occupa di ordini, le nostre offerte prevedono sconti sugli ordini di grandi quantit\u00e0 e su tutti gli ordini effettuati con tipi di pagamento come i Bitcoin. Tutti gli ordini superiori a $800 ricevono uno sconto di 25%, mentre gli ordini pagati con Bitcoin ricevono uno sconto di 20%. Incoraggiamo gli ordini di grandi quantit\u00e0 perch\u00e9 vengono anche forniti con semi gratuiti. Per saperne di pi\u00f9 sui semi gratuiti, consultare la pagina della nostra politica di supporto alla fattoria.<\/p>\n<\/div>\n<\/div>\n<\/div>\n<\/div>\n<div class=\"et_pb_row et_pb_row_6\">\n<div class=\"et_pb_column et_pb_column_4_4 et_pb_column_6 et_pb_css_mix_blend_mode_passthrough et-last-child\">\n<div class=\"et_pb_module et_pb_text et_pb_text_6 et_pb_text_align_center et_pb_bg_layout_light\">\n<div class=\"et_pb_text_inner\">\n<h3>\u00c8 sicuro acquistare erba online?<\/h3>\n<p>L'acquisto di erba online pu\u00f2 essere complicato e a volte rischioso se non si contattano le persone giuste, ma noi lo rendiamo il pi\u00f9 sicuro possibile considerando alcuni fattori elencati di seguito.<br \/>\n- L'acquisto di erba online pu\u00f2 essere complicato in quanto \u00e8 molto probabile che si ottenga solo un assaggio del prodotto.<br \/>\ndopo averla gi\u00e0 pagata, quindi dovete assicurarvi che quella che state pagando sia marijuana medica e\/o testata in laboratorio per il suo contenuto di THC e CBD.<br \/>\n- Sar\u00e0 ben imballato in modo da non mettermi nei guai?<br \/>\nDovete assicurarvi che il vostro ordine sia ben sigillato in modo da garantire la sicurezza nelle mani del corriere, se<br \/>\nSe il pacco non \u00e8 ben sigillato, non \u00e8 possibile garantire una spedizione sicura tramite USPS, UPS o qualsiasi altro servizio di corriere e quindi non si pu\u00f2 essere sicuri che il pacco arrivi nelle vostre mani o meno.<\/p>\n<\/div>\n<\/div>\n<\/div>\n<\/div>\n<div class=\"et_pb_row et_pb_row_7\">\n<div class=\"et_pb_column et_pb_column_4_4 et_pb_column_7 et_pb_css_mix_blend_mode_passthrough et-last-child\">\n<div class=\"et_pb_module et_pb_text et_pb_text_7 et_pb_text_align_center et_pb_bg_layout_light\">\n<div class=\"et_pb_text_inner\">\n<h3>Posso pagare con una carta di credito o di debito?<\/h3>\n<p>Nel mondo online di oggi, le carte di credito e di debito sono uno dei metodi di pagamento pi\u00f9 flessibili.<br \/>\nSu weed-crew.net potete effettuare il pagamento direttamente con la vostra carta di credito o di debito. Sentitevi sicuri di pagare con carta di credito o di debito perch\u00e9 il nostro sito \u00e8 protetto da SSL.<\/p>\n<\/div>\n<\/div>\n<\/div>\n<\/div>\n<div class=\"et_pb_row et_pb_row_8\">\n<div class=\"et_pb_column et_pb_column_4_4 et_pb_column_8 et_pb_css_mix_blend_mode_passthrough et-last-child\">\n<div class=\"et_pb_module et_pb_text et_pb_text_8 et_pb_text_align_center et_pb_bg_layout_light\">\n<div class=\"et_pb_text_inner\">\n<h3>Spedite campioni gratuiti per comprare erba online?<\/h3>\n<p><a href=\"https:\/\/grassxpress.com\/it\/ordina-erba-online-italia\/\">Noi<\/a> offriamo campioni di valore fino a $50-$100 a tutti i potenziali acquirenti di massa che non vedono l'ora di un business a lungo termine, ma desiderano provare i nostri prodotti prima di fare acquisti enormi, tuttavia, i campioni non sono completamente gratuiti come si sono tenuti a pagare 30% del valore del pacchetto, questo perch\u00e9 ci siamo resi conto quando diamo fuori campioni gratuiti alcuni clienti si rivolgono a utilizzare che come una scappatoia per lo sfruttamento e solo solo l'ordine per i campioni gratuiti solo per fumare e ottenere alto. Tutti i campioni sono un mix di 2 grammi ciascuno di un massimo di 10 ceppi diversi a vostra scelta.<\/p>\n<\/div>\n<\/div>\n<\/div>\n<\/div>\n<div class=\"et_pb_row et_pb_row_9\">\n<div class=\"et_pb_column et_pb_column_4_4 et_pb_column_9 et_pb_css_mix_blend_mode_passthrough et-last-child\">\n<div class=\"et_pb_module et_pb_text et_pb_text_9 et_pb_text_align_center et_pb_bg_layout_light\">\n<div class=\"et_pb_text_inner\">\n<h3>Vendete ai minori?<\/h3>\n<p>I minori, come li chiamiamo noi, sono clienti di et\u00e0 inferiore ai 18 anni. Non offriamo i nostri servizi ad alcuna persona o persone<br \/>\ndi et\u00e0 inferiore ai 18 anni. Tuttavia, se siete un paziente o soffrite di problemi legati all'ansia, possiamo vendere<br \/>\npiccole quantit\u00e0 di prodotti specifici.<\/p>\n<\/div>\n<\/div>\n<\/div>\n<\/div>\n<\/div>\n<\/div>\n<\/div>\n<\/div>\n<\/div>\n<\/article>\n<\/div>","protected":false},"excerpt":{"rendered":"<p>Where Can I Buy Weed Online? This is a keyword which appears approximately 18,150 times in search results every 30 days and there fore is considered as one of the most frequent questions asked online.Here is your answer, after seeing how difficult it was buying weed online so our team decided to come together and<\/p>\n<div class=\"more-link\">\n             <a href=\"https:\/\/grassxpress.com\/it\/faqs\/\" class=\"link-btn\"><span>Continua a leggere <\/span><i class=\"icofont-thin-double-right\"><\/i><\/a>\n        <\/div>","protected":false},"author":1,"featured_media":0,"parent":0,"menu_order":0,"comment_status":"closed","ping_status":"closed","template":"","meta":{"_themeisle_gutenberg_block_has_review":false,"_ti_tpc_template_sync":false,"_ti_tpc_template_id":"","_joinchat":[],"footnotes":""},"class_list":["post-3298","page","type-page","status-publish","hentry"],"yoast_head":"<!-- This site is optimized with the Yoast SEO plugin v22.7 - https:\/\/yoast.com\/wordpress\/plugins\/seo\/ -->\n<title>FAQs | About To Buy Weed Online - GrassXpress<\/title>\n<meta name=\"description\" content=\"If you have a question? We answer your question by saying \u201cYES\u201d you can buy weed online from weed-crew.net.All packages are shiped same day.\" \/>\n<meta name=\"robots\" content=\"index, follow, max-snippet:-1, max-image-preview:large, max-video-preview:-1\" \/>\n<link rel=\"canonical\" href=\"https:\/\/grassxpress.com\/it\/faqs\/\" \/>\n<meta property=\"og:locale\" content=\"it_IT\" \/>\n<meta property=\"og:type\" content=\"article\" \/>\n<meta property=\"og:title\" content=\"FAQs | About To Buy Weed Online - GrassXpress\" \/>\n<meta property=\"og:description\" content=\"If you have a question? We answer your question by saying \u201cYES\u201d you can buy weed online from weed-crew.net.All packages are shiped same day.\" \/>\n<meta property=\"og:url\" content=\"https:\/\/grassxpress.com\/it\/faqs\/\" \/>\n<meta property=\"og:site_name\" content=\"GrassXpress\" \/>\n<meta name=\"twitter:card\" content=\"summary_large_image\" \/>\n<meta name=\"twitter:label1\" content=\"Tempo di lettura stimato\" \/>\n\t<meta name=\"twitter:data1\" content=\"4 minuti\" \/>\n<!-- \/ Yoast SEO plugin. -->","yoast_head_json":{"title":"FAQs | About To Buy Weed Online - GrassXpress","description":"If you have a question? We answer your question by saying \u201cYES\u201d you can buy weed online from weed-crew.net.All packages are shiped same day.","robots":{"index":"index","follow":"follow","max-snippet":"max-snippet:-1","max-image-preview":"max-image-preview:large","max-video-preview":"max-video-preview:-1"},"canonical":"https:\/\/grassxpress.com\/it\/faqs\/","og_locale":"it_IT","og_type":"article","og_title":"FAQs | About To Buy Weed Online - GrassXpress","og_description":"If you have a question? We answer your question by saying \u201cYES\u201d you can buy weed online from weed-crew.net.All packages are shiped same day.","og_url":"https:\/\/grassxpress.com\/it\/faqs\/","og_site_name":"GrassXpress","twitter_card":"summary_large_image","twitter_misc":{"Tempo di lettura stimato":"4 minuti"},"schema":{"@context":"https:\/\/schema.org","@graph":[{"@type":"WebPage","@id":"https:\/\/grassxpress.com\/it\/faqs\/","url":"https:\/\/grassxpress.com\/it\/faqs\/","name":"FAQs | About To Buy Weed Online - GrassXpress","isPartOf":{"@id":"https:\/\/grassxpress.com\/#website"},"datePublished":"2020-02-18T05:09:07+00:00","dateModified":"2020-02-18T05:09:07+00:00","description":"If you have a question? We answer your question by saying \u201cYES\u201d you can buy weed online from weed-crew.net.All packages are shiped same day.","breadcrumb":{"@id":"https:\/\/grassxpress.com\/it\/faqs\/#breadcrumb"},"inLanguage":"it-IT","potentialAction":[{"@type":"ReadAction","target":["https:\/\/grassxpress.com\/it\/faqs\/"]}]},{"@type":"BreadcrumbList","@id":"https:\/\/grassxpress.com\/it\/faqs\/#breadcrumb","itemListElement":[{"@type":"ListItem","position":1,"name":"Home","item":"https:\/\/grassxpress.com\/"},{"@type":"ListItem","position":2,"name":"FAQs"}]},{"@type":"WebSite","@id":"https:\/\/grassxpress.com\/#website","url":"https:\/\/grassxpress.com\/","name":"GrassXpress","description":"Buy Weed Online UK","publisher":{"@id":"https:\/\/grassxpress.com\/#organization"},"potentialAction":[{"@type":"SearchAction","target":{"@type":"EntryPoint","urlTemplate":"https:\/\/grassxpress.com\/?s={search_term_string}"},"query-input":"required name=search_term_string"}],"inLanguage":"it-IT"},{"@type":"Organization","@id":"https:\/\/grassxpress.com\/#organization","name":"GrassXpress","url":"https:\/\/grassxpress.com\/","logo":{"@type":"ImageObject","inLanguage":"it-IT","@id":"https:\/\/grassxpress.com\/#\/schema\/logo\/image\/","url":"https:\/\/grassxpress.com\/wp-content\/uploads\/2024\/01\/logo.png","contentUrl":"https:\/\/grassxpress.com\/wp-content\/uploads\/2024\/01\/logo.png","width":300,"height":100,"caption":"GrassXpress"},"image":{"@id":"https:\/\/grassxpress.com\/#\/schema\/logo\/image\/"}}]}},"_links":{"self":[{"href":"https:\/\/grassxpress.com\/it\/wp-json\/wp\/v2\/pages\/3298","targetHints":{"allow":["GET"]}}],"collection":[{"href":"https:\/\/grassxpress.com\/it\/wp-json\/wp\/v2\/pages"}],"about":[{"href":"https:\/\/grassxpress.com\/it\/wp-json\/wp\/v2\/types\/page"}],"author":[{"embeddable":true,"href":"https:\/\/grassxpress.com\/it\/wp-json\/wp\/v2\/users\/1"}],"replies":[{"embeddable":true,"href":"https:\/\/grassxpress.com\/it\/wp-json\/wp\/v2\/comments?post=3298"}],"version-history":[{"count":0,"href":"https:\/\/grassxpress.com\/it\/wp-json\/wp\/v2\/pages\/3298\/revisions"}],"wp:attachment":[{"href":"https:\/\/grassxpress.com\/it\/wp-json\/wp\/v2\/media?parent=3298"}],"curies":[{"name":"wp","href":"https:\/\/api.w.org\/{rel}","templated":true}]}}