{"id":4379,"date":"2022-11-15T10:39:40","date_gmt":"2022-11-15T10:39:40","guid":{"rendered":"https:\/\/documentosespana.com\/diligent\/?post_type=product&#038;p=4379"},"modified":"2026-04-01T07:36:16","modified_gmt":"2026-04-01T07:36:16","slug":"gelato-47","status":"publish","type":"product","link":"https:\/\/grassxpress.com\/hu\/termek\/gelato-47\/","title":{"rendered":"Gelato 47"},"content":{"rendered":"<div class=\"relative basis-auto flex-col -mb-(--composer-overlap-px) [--composer-overlap-px:28px] grow flex\">\n<div class=\"flex flex-col text-sm pb-25\">\n<article class=\"text-token-text-primary w-full focus:outline-none [--shadow-height:45px] has-data-writing-block:pointer-events-none has-data-writing-block:-mt-(--shadow-height) has-data-writing-block:pt-(--shadow-height) [&amp;:has([data-writing-block])&gt;*]:pointer-events-auto scroll-mt-[calc(var(--header-height)+min(200px,max(70px,20svh)))]\" dir=\"auto\" tabindex=\"-1\" data-turn-id=\"request-WEB:04e6e77b-5047-4170-b5cf-69678400d879-10\" data-testid=\"conversation-turn-22\" data-scroll-anchor=\"true\" data-turn=\"assistant\">\n<div class=\"text-base my-auto mx-auto pb-10 [--thread-content-margin:var(--thread-content-margin-xs,calc(var(--spacing)*4))] @w-sm\/main:[--thread-content-margin:var(--thread-content-margin-sm,calc(var(--spacing)*6))] @w-lg\/main:[--thread-content-margin:var(--thread-content-margin-lg,calc(var(--spacing)*16))] px-(--thread-content-margin)\">\n<div class=\"[--thread-content-max-width:40rem] @w-lg\/main:[--thread-content-max-width:48rem] mx-auto max-w-(--thread-content-max-width) flex-1 group\/turn-messages focus-visible:outline-hidden relative flex w-full min-w-0 flex-col agent-turn\" tabindex=\"-1\">\n<div class=\"flex max-w-full flex-col gap-4 grow\">\n<div class=\"min-h-8 text-message relative flex w-full flex-col items-end gap-2 text-start break-words whitespace-normal [.text-message+&amp;]:mt-1\" dir=\"auto\" data-message-author-role=\"assistant\" data-message-id=\"d25bc291-6209-41fd-b942-d9878636c13c\" data-message-model-slug=\"gpt-5-3\">\n<div class=\"flex w-full flex-col gap-1 empty:hidden\">\n<div class=\"markdown prose dark:prose-invert w-full wrap-break-word light markdown-new-styling\">\n<h2 data-section-id=\"1gh5fob\" data-start=\"0\" data-end=\"39\">Rendelj Gelato 47-et Amszterdamb\u00f3l magyarra<\/h2>\n<p data-start=\"41\" data-end=\"438\">Many cannabis enthusiasts who want to order weed from Amsterdam to <a href=\"https:\/\/grassxpress.com\/hu\/\">UK<\/a> look for premium hybrid strains like Gelato. If you want to <a href=\"https:\/\/grassxpress.com\/hu\/termek\/gelato-47\/\">Buy Gelato 47 online<\/a>, ez a h\u00edres fajta \u00e9des arom\u00e1j\u00e1r\u00f3l, er\u0151teljes hat\u00e1sair\u00f3l \u00e9s er\u0151s genetik\u00e1j\u00e1r\u00f3l ismert. Kiegyens\u00falyozott hibrid profilj\u00e1nak \u00e9s gazdag \u00edz\u00e9nek k\u00f6sz\u00f6nhet\u0151en a Gelato 47 az egyik legn\u00e9pszer\u0171bb kannabiszfajt\u00e1v\u00e1 v\u00e1lt a tapasztalt felhaszn\u00e1l\u00f3k k\u00f6r\u00e9ben.<\/p>\n<h3 data-section-id=\"1fzx542\" data-start=\"440\" data-end=\"468\">Gelato 47 Strain Overview<\/h3>\n<p data-start=\"470\" data-end=\"744\">A Gelato, m\u00e1s n\u00e9ven \u201eLarry Bird\u201d, egy j\u00f3l ismert hibrid kannabiszfajta, amelyet a Cookie Fam Genetics fejlesztett ki Kaliforni\u00e1ban. Azok, akik a Hol lehet Gelato 47-et v\u00e1s\u00e1rolni? k\u00e9rd\u00e9sre keresnek v\u00e1lasztj\u00e1k, gyakran ezt a fajt\u00e1t v\u00e1lasztj\u00e1k jellegzetes desszertszer\u0171 arom\u00e1ja \u00e9s l\u00e1gy doh\u00e1nyz\u00e1si \u00e9lm\u00e9nye miatt. A fajta nev\u00e9t gy\u00fcm\u00f6lcs\u00f6s \u00e9s kr\u00e9mes illat\u00e1r\u00f3l kapta, amely az \u00e9des gelato desszertekre eml\u00e9keztet. A Gelato 47-et v\u00e1s\u00e1rl\u00f3 felhaszn\u00e1l\u00f3k \u00e9szreveszik a r\u00fcgyeket, amelyek gyakran s\u00f6t\u00e9tlila \u00e1rnyalatokat mutatnak, amelyeket \u00e9l\u00e9nk narancss\u00e1rga sz\u0151r\u00f6k emelnek ki, \u00e9s vastag krist\u00e1lygyanta r\u00e9teg bor\u00edt. Magas THC-tartalma miatt sok kezd\u0151 ink\u00e1bb lassan kezd, amikor... <strong data-start=\"1085\" data-end=\"1111\">Order Gelato 47 online<\/strong>.<\/p>\n<h3 data-section-id=\"8twblx\" data-start=\"1114\" data-end=\"1142\">Gelato 47 t\u00f6rzsgenetika<\/h3>\n<p data-start=\"1144\" data-end=\"1415\">Gelato 47 is a slightly indica-dominant hybrid consisting of approximately 55 percent indica and 45 percent sativa. It is created by crossing Sunset Sherbet with Thin Mint Girl Scout Cookies, producing a strain known for its powerful effects and rich terpene profile. Consumers who Buy Gelato 47 online appreciate its sweet flavor that combines lavender, citrus, and berry notes. The aroma becomes even stronger when the buds are broken apart, revealing subtle woody and herbal undertones. Because of its premium quality, many people compare the <a href=\"https:\/\/grassxpress.com\/hu\/termek\/girls-scout-cookies\/\">Price of Gelato 47 before purchasing.<\/a><\/p>\n<h3 data-section-id=\"1kk6kao\" data-start=\"1742\" data-end=\"1765\">Megjelen\u00e9s \u00e9s aroma<\/h3>\n<p data-start=\"1767\" data-end=\"2042\">Az elad\u00f3 Gelato 47 r\u00fcgyei \u00e1ltal\u00e1ban kicsik, de s\u0171r\u0171ek, t\u00fckr\u00f6zve indica \u00f6r\u00f6ks\u00e9g\u00e9t. Az \u00e9l\u00e9nk megjelen\u00e9st erd\u0151z\u00f6ld levelek, m\u00e9lylila \u00e1rnyalatok \u00e9s \u00e9l\u00e9nk narancss\u00e1rga bib\u00e9k jellemzik. Ezeket a sz\u00ednes r\u00fcgyeket gyakran gyant\u00e1val bor\u00edtj\u00e1k, ami ragacsos text\u00far\u00e1t k\u00f6lcs\u00f6n\u00f6z nekik. A sok Gelato 47 n\u00f6v\u00e9nyben megtal\u00e1lhat\u00f3 lila sz\u00edn akkor alakul ki, amikor az antocianinok nev\u0171 pigmentek aktiv\u00e1l\u00f3dnak a n\u00f6v\u00e9ny n\u00f6veked\u00e9si szakasz\u00e1ban a h\u0171v\u00f6sebb h\u0151m\u00e9rs\u00e9klet hat\u00e1s\u00e1ra. Er\u0151s arom\u00e1ja \u00e9s \u00edze miatt sok kannabisz-rajong\u00f3 keresi a legjobb helyet a Gelato 47 online v\u00e1s\u00e1rl\u00e1s\u00e1ra, hogy biztosan eredeti \u00e9s kiv\u00e1l\u00f3 min\u0151s\u00e9g\u0171 r\u00fcgyeket kapjon.<\/p>\n<h3 data-section-id=\"fg6r73\" data-start=\"2386\" data-end=\"2416\">\u00cdz- \u00e9s f\u00fcst\u00e9lm\u00e9ny<\/h3>\n<p data-start=\"2418\" data-end=\"2648\">When properly cured, Gelato 47 for sale has a dominant citrus aroma inherited from its Sunset Sherbet parent strain. Some users also notice subtle notes of dough, yeast, and herbal earthiness when the flowers are broken apart. The smoke from Buy Gelato 47 online products is smooth but thick, expanding in the lungs and leaving behind a creamy and slightly sweet sensation. Because the aroma is strong and pungent, users who <a href=\"https:\/\/leafmagazines.com\/leaf-picks\/flower\/gelato-47\/\">Order Gelato 47 online<\/a> should be aware that the scent can easily fill a room.<\/p>\n<h3 data-section-id=\"18izdo6\" data-start=\"2935\" data-end=\"2955\">Gelato 47 hat\u00e1sok<\/h3>\n<p data-start=\"2957\" data-end=\"3157\">A Gelato 47 gyors hat\u00e1s\u00e1r\u00f3l ismert, amely m\u00e1r az els\u0151 bel\u00e9gz\u00e9s ut\u00e1n r\u00f6viddel jelentkezhet. A legfelt\u0171n\u0151bb hat\u00e1s az agyi felp\u00f6rg\u00e9s, amely euf\u00f3ri\u00e1t \u00e9s ment\u00e1lis stimul\u00e1ci\u00f3t okoz. Sok felhaszn\u00e1l\u00f3, aki Gelato 47-et v\u00e1s\u00e1rol, fokozott \u00e9rz\u00e9kel\u00e9sr\u0151l \u00e9s hangulatjavul\u00e1sr\u00f3l sz\u00e1mol be. B\u00e1r a t\u00f6rzs er\u0151s testp\u00f6rg\u00e9st okoz, \u00e1ltal\u00e1ban nem okoz er\u0151s szed\u00e1ci\u00f3t vagy kanap\u00e9z\u00e1r\u00f3d\u00e1st. Ez a kiegyens\u00falyozott hat\u00e1s alkalmass\u00e1 teszi a Gelato 47-et nappali vagy kora esti haszn\u00e1latra. Egyesek enyhe pszichedelikus \u00e9rz\u00e9sekr\u0151l sz\u00e1molnak be, mint p\u00e9ld\u00e1ul az id\u0151 torzul\u00e1sa vagy a hangok \u00e9s a k\u00f6rnyezet fokozott tudatoss\u00e1ga. Ezen er\u0151s hat\u00e1sok miatt sok tapasztalt felhaszn\u00e1l\u00f3 pr\u00e9mium kannabisz v\u00e1laszt\u00e1snak tartja a Gelato 47 online v\u00e1s\u00e1rl\u00e1s\u00e1t. <a href=\"https:\/\/grassxpress.com\/hu\/mail-order-weed-uk\/\"><strong>Best sellers<\/strong><\/a><\/p>\n<p data-start=\"5346\" data-end=\"5668\" data-is-last-node=\"\" data-is-only-node=\"\">\n<\/div>\n<\/div>\n<\/div>\n<\/div>\n<div class=\"z-0 flex min-h-[46px] justify-start\"><\/div>\n<div class=\"mt-3 w-full empty:hidden\">\n<div class=\"text-center\"><\/div>\n<\/div>\n<\/div>\n<\/div>\n<\/article>\n<\/div>\n<div class=\"pointer-events-none h-px w-px absolute bottom-0\" aria-hidden=\"true\" data-edge=\"true\"><\/div>\n<\/div>\n<div id=\"thread-bottom-container\" class=\"sticky bottom-0 group\/thread-bottom-container relative isolate z-10 w-full basis-auto has-data-has-thread-error:pt-2 has-data-has-thread-error:[box-shadow:var(--sharp-edge-bottom-shadow)] md:border-transparent md:pt-0 dark:border-white\/20 md:dark:border-transparent print:hidden content-fade single-line flex flex-col\">\n<div class=\"relative h-0\"><\/div>\n<div id=\"thread-bottom\">\n<div class=\"text-base mx-auto [--thread-content-margin:var(--thread-content-margin-xs,calc(var(--spacing)*4))] @w-sm\/main:[--thread-content-margin:var(--thread-content-margin-sm,calc(var(--spacing)*6))] @w-lg\/main:[--thread-content-margin:var(--thread-content-margin-lg,calc(var(--spacing)*16))] px-(--thread-content-margin)\">\n<div class=\"[--thread-content-max-width:40rem] @w-lg\/main:[--thread-content-max-width:48rem] mx-auto max-w-(--thread-content-max-width) flex-1 mb-[var(--thread-component-gap,1rem)]\">\n<div class=\"flex justify-center empty:hidden\"><\/div>\n<div class=\"pointer-events-auto relative z-1 flex h-(--composer-container-height,100%) max-w-full flex-(--composer-container-flex,1) flex-col\">\n<form class=\"group\/composer w-full\" data-type=\"unified-composer\" action=\"\">\n<div class=\"\">\n<div class=\"bg-token-bg-primary corner-superellipse\/1.1 cursor-text overflow-clip bg-clip-padding p-2.5 contain-inline-size motion-safe:transition-colors motion-safe:duration-200 motion-safe:ease-in-out dark:bg-[#303030] grid grid-cols-[auto_1fr_auto] [grid-template-areas:'header_header_header'_'leading_primary_trailing'_'._footer_.'] group-data-expanded\/composer:[grid-template-areas:'header_header_header'_'primary_primary_primary'_'leading_footer_trailing'] shadow-short\" data-composer-surface=\"true\">\n<div class=\"flex items-center gap-2 [grid-area:trailing]\">\n<div class=\"ms-auto flex items-center gap-1.5\">\n<div>\n<div class=\"relative\"><\/div>\n<\/div>\n<\/div>\n<\/div>\n<\/div>\n<\/div>\n<input type=\"hidden\" name=\"trp-form-language\" value=\"hu\"\/><\/form>\n<\/div>\n<\/div>\n<\/div>\n<\/div>\n<\/div>","protected":false},"excerpt":{"rendered":"<p>Ez a nedves bimb\u00f3 h\u00edrhedt az \u0151r\u00fclten finom \u00edz\u00e9r\u0151l \u00e9s rendk\u00edv\u00fcl er\u0151teljes hat\u00e1sair\u00f3l, amelyeket a THC-szint t\u00e1pl\u00e1l.<\/p>","protected":false},"featured_media":4431,"comment_status":"open","ping_status":"closed","template":"","meta":{"_themeisle_gutenberg_block_has_review":false,"_ti_tpc_template_sync":false,"_ti_tpc_template_id":"","_joinchat":[]},"product_cat":[216],"product_tag":[266,267,268,249,250,269,270,271,272,273,274,275,276,277,278,279,280,281,282,255,283,284,285,286],"class_list":{"0":"post-4379","1":"product","2":"type-product","3":"status-publish","4":"has-post-thumbnail","6":"product_cat-hybrid","7":"product_tag-best-online-marijuana-store","8":"product_tag-buy-legal-weed-online","9":"product_tag-buying-marijuana-edibles-online-legal","10":"product_tag-california-marijuana-for-sale-online","11":"product_tag-california-weed-shop-online","12":"product_tag-can-i-order-weed-online","13":"product_tag-can-marijuana-be-ordered-online","14":"product_tag-can-marijuana-be-purchased-online","15":"product_tag-can-you-order-marijuana-online-legally","16":"product_tag-different-gelato-strains","17":"product_tag-gelato-strain-flowering-time","18":"product_tag-gelato-strain-grow-info","19":"product_tag-growing-gelato-outdoors","20":"product_tag-how-to-grow-gelato-strain","21":"product_tag-how-to-order-marijuana-online","22":"product_tag-mail-order-marijuana-united-states","23":"product_tag-marijuana-dispensaries-that-ship-nationwide","24":"product_tag-order-marijuana-online-from-colorado","25":"product_tag-order-weed-near-me","26":"product_tag-order-weed-online-ship-anywhere","27":"product_tag-purple-gelato-weed-strain","28":"product_tag-safe-mail-order-marijuana-sites","29":"product_tag-strawberry-gelato-weed-strain","30":"product_tag-white-gelato-strain-info","32":"first","33":"instock","34":"shipping-taxable","35":"purchasable","36":"product-type-variable"},"yoast_head":"<!-- This site is optimized with the Yoast SEO plugin v22.7 - https:\/\/yoast.com\/wordpress\/plugins\/seo\/ -->\n<title>Order weed from amsterdam to uk | Buy Gelato 47 weed online<\/title>\n<meta name=\"description\" content=\"Buy Gelato 47 online for a flavorful hybrid strain known for its dessert-like aroma and balanced effects. Gelato 47 for sale offers high-quality buds with rich terpene profiles.\" \/>\n<meta name=\"robots\" content=\"index, follow, max-snippet:-1, max-image-preview:large, max-video-preview:-1\" \/>\n<link rel=\"canonical\" href=\"https:\/\/grassxpress.com\/hu\/termek\/gelato-47\/\" \/>\n<meta property=\"og:locale\" content=\"hu_HU\" \/>\n<meta property=\"og:type\" content=\"article\" \/>\n<meta property=\"og:title\" content=\"Order weed from amsterdam to uk | Buy Gelato 47 weed online\" \/>\n<meta property=\"og:description\" content=\"Buy Gelato 47 online for a flavorful hybrid strain known for its dessert-like aroma and balanced effects. Gelato 47 for sale offers high-quality buds with rich terpene profiles.\" \/>\n<meta property=\"og:url\" content=\"https:\/\/grassxpress.com\/hu\/termek\/gelato-47\/\" \/>\n<meta property=\"og:site_name\" content=\"GrassXpress\" \/>\n<meta property=\"article:modified_time\" content=\"2026-04-01T07:36:16+00:00\" \/>\n<meta property=\"og:image\" content=\"https:\/\/grassxpress.com\/wp-content\/uploads\/2022\/11\/Gelato-47.jpg\" \/>\n\t<meta property=\"og:image:width\" content=\"600\" \/>\n\t<meta property=\"og:image:height\" content=\"600\" \/>\n\t<meta property=\"og:image:type\" content=\"image\/jpeg\" \/>\n<meta name=\"twitter:card\" content=\"summary_large_image\" \/>\n<meta name=\"twitter:label1\" content=\"Becs\u00fclt olvas\u00e1si id\u0151\" \/>\n\t<meta name=\"twitter:data1\" content=\"3 perc\" \/>\n<!-- \/ Yoast SEO plugin. -->","yoast_head_json":{"title":"Order weed from amsterdam to uk | Buy Gelato 47 weed online","description":"Buy Gelato 47 online for a flavorful hybrid strain known for its dessert-like aroma and balanced effects. Gelato 47 for sale offers high-quality buds with rich terpene profiles.","robots":{"index":"index","follow":"follow","max-snippet":"max-snippet:-1","max-image-preview":"max-image-preview:large","max-video-preview":"max-video-preview:-1"},"canonical":"https:\/\/grassxpress.com\/hu\/termek\/gelato-47\/","og_locale":"hu_HU","og_type":"article","og_title":"Order weed from amsterdam to uk | Buy Gelato 47 weed online","og_description":"Buy Gelato 47 online for a flavorful hybrid strain known for its dessert-like aroma and balanced effects. Gelato 47 for sale offers high-quality buds with rich terpene profiles.","og_url":"https:\/\/grassxpress.com\/hu\/termek\/gelato-47\/","og_site_name":"GrassXpress","article_modified_time":"2026-04-01T07:36:16+00:00","og_image":[{"width":600,"height":600,"url":"https:\/\/grassxpress.com\/wp-content\/uploads\/2022\/11\/Gelato-47.jpg","type":"image\/jpeg"}],"twitter_card":"summary_large_image","twitter_misc":{"Becs\u00fclt olvas\u00e1si id\u0151":"3 perc"},"schema":{"@context":"https:\/\/schema.org","@graph":[{"@type":"WebPage","@id":"https:\/\/grassxpress.com\/product\/gelato-47\/","url":"https:\/\/grassxpress.com\/product\/gelato-47\/","name":"Order weed from amsterdam to uk | Buy Gelato 47 weed online","isPartOf":{"@id":"https:\/\/grassxpress.com\/#website"},"primaryImageOfPage":{"@id":"https:\/\/grassxpress.com\/product\/gelato-47\/#primaryimage"},"image":{"@id":"https:\/\/grassxpress.com\/product\/gelato-47\/#primaryimage"},"thumbnailUrl":"https:\/\/grassxpress.com\/wp-content\/uploads\/2022\/11\/Gelato-47.jpg","datePublished":"2022-11-15T10:39:40+00:00","dateModified":"2026-04-01T07:36:16+00:00","description":"Buy Gelato 47 online for a flavorful hybrid strain known for its dessert-like aroma and balanced effects. Gelato 47 for sale offers high-quality buds with rich terpene profiles.","breadcrumb":{"@id":"https:\/\/grassxpress.com\/product\/gelato-47\/#breadcrumb"},"inLanguage":"hu","potentialAction":[{"@type":"ReadAction","target":["https:\/\/grassxpress.com\/product\/gelato-47\/"]}]},{"@type":"ImageObject","inLanguage":"hu","@id":"https:\/\/grassxpress.com\/product\/gelato-47\/#primaryimage","url":"https:\/\/grassxpress.com\/wp-content\/uploads\/2022\/11\/Gelato-47.jpg","contentUrl":"https:\/\/grassxpress.com\/wp-content\/uploads\/2022\/11\/Gelato-47.jpg","width":600,"height":600,"caption":"Gelato 47"},{"@type":"BreadcrumbList","@id":"https:\/\/grassxpress.com\/product\/gelato-47\/#breadcrumb","itemListElement":[{"@type":"ListItem","position":1,"name":"Home","item":"https:\/\/grassxpress.com\/"},{"@type":"ListItem","position":2,"name":"Mail Order Weed UK","item":"https:\/\/grassxpress.com\/mail-order-weed-uk\/"},{"@type":"ListItem","position":3,"name":"Gelato 47"}]},{"@type":"WebSite","@id":"https:\/\/grassxpress.com\/#website","url":"https:\/\/grassxpress.com\/","name":"GrassXpress","description":"Buy Weed Online UK","publisher":{"@id":"https:\/\/grassxpress.com\/#organization"},"potentialAction":[{"@type":"SearchAction","target":{"@type":"EntryPoint","urlTemplate":"https:\/\/grassxpress.com\/?s={search_term_string}"},"query-input":"required name=search_term_string"}],"inLanguage":"hu"},{"@type":"Organization","@id":"https:\/\/grassxpress.com\/#organization","name":"GrassXpress","url":"https:\/\/grassxpress.com\/","logo":{"@type":"ImageObject","inLanguage":"hu","@id":"https:\/\/grassxpress.com\/#\/schema\/logo\/image\/","url":"https:\/\/grassxpress.com\/wp-content\/uploads\/2024\/01\/logo.png","contentUrl":"https:\/\/grassxpress.com\/wp-content\/uploads\/2024\/01\/logo.png","width":300,"height":100,"caption":"GrassXpress"},"image":{"@id":"https:\/\/grassxpress.com\/#\/schema\/logo\/image\/"}}]}},"_links":{"self":[{"href":"https:\/\/grassxpress.com\/hu\/wp-json\/wp\/v2\/product\/4379","targetHints":{"allow":["GET"]}}],"collection":[{"href":"https:\/\/grassxpress.com\/hu\/wp-json\/wp\/v2\/product"}],"about":[{"href":"https:\/\/grassxpress.com\/hu\/wp-json\/wp\/v2\/types\/product"}],"replies":[{"embeddable":true,"href":"https:\/\/grassxpress.com\/hu\/wp-json\/wp\/v2\/comments?post=4379"}],"wp:featuredmedia":[{"embeddable":true,"href":"https:\/\/grassxpress.com\/hu\/wp-json\/wp\/v2\/media\/4431"}],"wp:attachment":[{"href":"https:\/\/grassxpress.com\/hu\/wp-json\/wp\/v2\/media?parent=4379"}],"wp:term":[{"taxonomy":"product_cat","embeddable":true,"href":"https:\/\/grassxpress.com\/hu\/wp-json\/wp\/v2\/product_cat?post=4379"},{"taxonomy":"product_tag","embeddable":true,"href":"https:\/\/grassxpress.com\/hu\/wp-json\/wp\/v2\/product_tag?post=4379"}],"curies":[{"name":"wp","href":"https:\/\/api.w.org\/{rel}","templated":true}]}}