{"id":4363,"date":"2022-11-15T10:34:28","date_gmt":"2022-11-15T10:34:28","guid":{"rendered":"https:\/\/documentosespana.com\/diligent\/?post_type=product&#038;p=4363"},"modified":"2026-04-02T09:17:53","modified_gmt":"2026-04-02T09:17:53","slug":"og-kush-strain","status":"publish","type":"product","link":"https:\/\/grassxpress.com\/hu\/termek\/og-kush-strain\/","title":{"rendered":"OG kush"},"content":{"rendered":"<h2>OG Kush Elad\u00f3<\/h2>\n<p><a href=\"https:\/\/grassxpress.com\/hu\/termek\/og-kush-strain\/\">Buy OG Kush Strain<\/a> from <a href=\"https:\/\/grassxpress.com\/hu\/\">grassxpress.com<\/a> a legalacsonyabb \u00e1ron, a legjobb min\u0151s\u00e9gben. Az OG Kush egy rendk\u00edv\u00fcl n\u00e9pszer\u0171 sativa domin\u00e1ns hibrid. \u00c9l\u0151 legenda a kannabiszfajt\u00e1k k\u00f6z\u00f6tt. Nagyra becs\u00fclik kiugr\u00f3 hat\u00e1s\u00e1r\u00f3l \u00e9s nagyszer\u0171 \u00edz\u00e9r\u0151l. Gyorsan a vil\u00e1g legn\u00e9pszer\u0171bb kannabiszfajt\u00e1j\u00e1v\u00e1 v\u00e1lt. Az OG Kush csod\u00e1latos a nemes\u00edt\u00e9shez \u00e9s \u00faj fenot\u00edpusok l\u00e9trehoz\u00e1s\u00e1hoz. Epikus genetik\u00e1j\u00e1t Kalifornia sz\u00e1mos legnagyobb hat\u00e9konys\u00e1g\u00fa Kush fajt\u00e1j\u00e1val osztja meg, mint p\u00e9ld\u00e1ul a Fire OG \u00e9s a Tahoe OG. <a href=\"https:\/\/grassxpress.com\/hu\/mail-order-weed-uk\/\">Tov\u00e1bbi<\/a><\/p>\n<p>N\u00e9pszer\u0171s\u00e9ge ellen\u00e9re az eredeti OG Kush t\u00f6rzset genetikai rejt\u00e9lynek tekintik. Sok termel\u0151 \u00fagy gondolja, hogy Chemdawg, Lemon Thai \u00e9s Hindu Kush keresztez\u00e9se volt, de senki sem tudja biztosan. Sokan \u00fagy tal\u00e1lj\u00e1k, hogy az OG Kush gyomt\u00f6rzs nagyszer\u0171 f\u00e1jdalomcsillap\u00edt\u00f3 \u00e9s \u00e1lmatlans\u00e1g kezel\u00e9s\u00e9re. Nem ritka, hogy az OG Kush 80% k\u00f6r\u00fcli THC-t tartalmaz. Ez eleinte felemel\u0151 cs\u00facsot eredm\u00e9nyez, amelyet egy neh\u00e9z pihentet\u0151 testmagass\u00e1g k\u00f6vet. Postai rendel\u00e9s weed hungary<\/p>\n<h3>Mi az OG Kush?<\/h3>\n<p>OG Kush Marijuana Strain\u00a0The foundational backbone of multiple\u00a0world famous cannabis strains,\u00a0OG Kush\u00a0is considered legendary for revolutionizing the <a href=\"https:\/\/grassxpress.com\/hu\/termek\/platinum-girl-scout-cookies\/\">marijuana<\/a> industry, arguably rising to the recognition of \u201cmost well-known cannabis strain\u201d.\u00a0The OG Kush strain\u00a0is classified as a hybrid, with little known about its genetic origins, although rumors claim that this strain is a blend between possible parent plants\u00a0Chemdawg\u00a0and\u00a0Hindu Kush.<\/p>\n<p>Ezt az inform\u00e1ci\u00f3t soha nem er\u0151s\u00edtett\u00e9k meg, de \u00fagy t\u0171nik, hogy az OG Kush eredete nem sz\u00e1m\u00edt, mert a kannabisz vil\u00e1g\u00e1ra gyakorolt hat\u00e1sa sokkal fontosabbnak t\u0171nik. Rengeteg fenot\u00edpust teny\u00e9sztettek ki az OG Kush-b\u00f3l, amelyek k\u00f6z\u00fcl sz\u00e1mos egyre n\u00e9pszer\u0171bb, mint az OGK. Ezen j\u00f3l ismert fenot\u00edpusok k\u00f6z\u00e9 tartozik a Tahoe OG, Fire OG, SFV OG, Double OG \u00e9s m\u00e9g sok m\u00e1s \u2013 felt\u00e9telez\u00e9s\u00fcnk szerint \u00d6n val\u00f3sz\u00edn\u0171leg legal\u00e1bb n\u00e9h\u00e1nyat ismer k\u00f6z\u00fcl\u00fck. Csomagk\u00fcld\u0151 f\u0171 <a href=\"https:\/\/en.wikipedia.org\/wiki\/Special:Search?search=weed+online&amp;go=Go&amp;ns0=1\">UK<\/a><\/p>\n<p>CBD olajkedvezm\u00e9ny Az OG Kush-t r\u00e9szben ennek az eredeti t\u00f6rzsnek a magas THC-potenci\u00e1j\u00e1nak k\u00f6sz\u00f6nheti, ami\u00e9rt sz\u00e9les k\u00f6rben alkalmazz\u00e1k a kannabisz genetikai teny\u00e9szt\u00e9s\u00e9ben, amely \u00fagy t\u0171nik, hogy sok fogyaszt\u00f3nak seg\u00edts\u00e9get ny\u00fajt a k\u00fcl\u00f6nf\u00e9le eg\u00e9szs\u00e9g\u00fcgyi probl\u00e9m\u00e1kban, amelyeket esetleg tapasztalnak. A 20-27 tartom\u00e1nyban regisztr\u00e1lt THC-szintekkel az OG Kush \u00fct\u0151csomagok k\u00fcl\u00f6n\u00f6sen er\u0151sek, \u00e9s val\u00f3ban eltal\u00e1lj\u00e1k azt, aki fogyasztja.<\/p>\n<p>Although world-known, <a href=\"https:\/\/en.wikipedia.org\/wiki\/Kush\">OG Kush<\/a> seems to primarily be consumed throughout California, Colorado and the Pacific Northwest, so if you want to try a dank batch of this heady cannabis strain, look to those regions for answers.<\/p>\n<h3>\u00c9S Kush Aroma<\/h3>\n<p>\u00cdz \u00e9s megjelen\u00e9s Az OG Kush az egyik legfrissebb illattal rendelkezik, amely intenz\u00edven eml\u00e9keztet arra, hogy egy \u00f6reg erd\u0151 m\u00e9ly\u00e9n v\u00e1ndorol, elveszett. Illata f\u00e1s, fenyves \u00e9s f\u00f6ldes, azonnal meg\u00fcti az \u00edzlel\u0151bimb\u00f3kat egy er\u0151teljes \u00fct\u00e9ssel. \u00cdze tov\u00e1bbra is meglepi a fogyaszt\u00f3kat, v\u00e1ratlan lime, citrom \u00e9s citrus \u00e1rnyalataival, valamint egy cs\u00edp\u0151s csavarral. Csomagk\u00fcld\u0151 gyom Magyarorsz\u00e1g.<\/p>\n<p>A megjelen\u00e9s szempontj\u00e1b\u00f3l az OG Kush gyomn\u00f6v\u00e9ny hagyom\u00e1nyos kannabisz megjelen\u00e9st k\u00f6lcs\u00f6n\u00f6z, a klasszikus s\u00e1rg\u00e1sz\u00f6ld cukorlev\u00e9l sz\u00edn\u00e9vel, narancss\u00e1rga bib\u00e9kkel \u00e9s lev\u00e9lz\u00f6ld, n\u00e9ha zs\u00e1lya \u00e1rnyalat\u00fa v\u00edzlevelekkel. A r\u00fcgyek s\u0171r\u0171n krist\u00e1lyos trichom\u00e1kkal vannak bevonva, ami teljesen logikus, ha figyelembe vessz\u00fck az OG Kush t\u00f6rzs neh\u00e9z THC-tartalm\u00e1t. OG Kush Effects A hibrid besorol\u00e1s\u00e1hoz h\u0171 maradva, az OG Kush weed k\u00fcl\u00f6n\u00f6sen kiegyens\u00falyozott, \u00e9s mindk\u00e9t vil\u00e1gb\u00f3l a legjobbat hozza mag\u00e1val.<\/p>\n<p>Az indica \u00e9s sativa tulajdons\u00e1gok \u00e9l\u00e9nk kever\u00e9ke, az OG Kush tesztek szorgalmas dug\u00f3, sativa \u00e9s indica szinten 60% \u00e9s 87%. Az OG Kush elfogyaszt\u00e1sa ut\u00e1n er\u0151s euf\u00f3ri\u00e1ra \u00e9s intenz\u00edv agyi hat\u00e1sokra kell sz\u00e1m\u00edtani, amelyeket gyakran enyhe vagy er\u0151s kanap\u00e9z\u00e1r\u00e1s \u00e9rz\u00e9s k\u00f6vet.<\/p>\n<p>Az egyik legpihentet\u0151bb, m\u00e9gis felemel\u0151 fajtak\u00e9nt sz\u00e1mon tartott OG Kush \u00fagy t\u0171nik, hogy csod\u00e1latos p\u00e1ros\u00edt\u00e1st ny\u00fajt fogyaszt\u00f3inak nemcsak a teljes testet olvad\u00f3 euf\u00f3ri\u00e1b\u00f3l, hanem az elme sz\u00e1m\u00e1ra is ugyanolyan j\u00f3t\u00e9kony hat\u00e1st, \u00e9s boldog, nyugodt \u00e9s nyugodt marad. , m\u00e9gis k\u00e9pes vihogni, nevetni \u00e9s csod\u00e1latosan sz\u00f3rakozni.<\/p>\n<h3>Az 1. sz\u00e1m\u00fa kannabiszt\u00f6rzs orvosi el\u0151nyei<\/h3>\n<p>OG Kush OG Kush fel\u00fcln\u00e9zet Leggyakrabban ment\u00e1lis zavarok \u00e9s kr\u00f3nikus f\u00e1jdalom kezel\u00e9s\u00e9re haszn\u00e1lj\u00e1k. Az OG Kush gyomn\u00f6v\u00e9ny a kannabisz egy kiemelked\u0151en gy\u00f3gy\u00edt\u00f3 t\u00f6rzse. Ez meglepte az orvosi marihu\u00e1na vil\u00e1g\u00e1t azzal a k\u00e9pess\u00e9g\u00e9vel, hogy oly sok embernek tudott seg\u00edteni fenn\u00e1ll\u00e1s\u00e1nak \u00e9vei sor\u00e1n.<\/p>\n<p>Var\u00e1zsereje r\u00e9szben az OGK t\u00f6meges n\u00e9pszer\u0171s\u00e9g\u00e9nek az oka. Ahogy egyre t\u00f6bben fedezik fel, hogy jobban j\u00e1rnak, ha ezt a t\u00f6rzset fogyasztj\u00e1k. Mint a hagyom\u00e1nyos gy\u00f3gyszerek szed\u00e9se, amelyekhez gyakran cs\u00fanya, \u00e9letet megv\u00e1ltoztat\u00f3 negat\u00edv mell\u00e9khat\u00e1sok t\u00e1rsulnak.<\/p>\n<p>A stresszel, depresszi\u00f3val \u00e9s \u00e1lmatlans\u00e1ggal k\u00fczd\u0151k felfedezt\u00e9k, hogy az OG Kush t\u00f6rzs k\u00fcl\u00f6n\u00f6sen gy\u00f3gyhat\u00e1s\u00fa. Valamint s\u00falyos \u00e9s kr\u00f3nikus f\u00e1jdalmat tapasztal\u00f3 betegek. Az OG Kush val\u00f3ban seg\u00edt ellaz\u00edtani \u00e9s elzsibbadni a f\u00e1j\u00f3 helyeken. Ha stresszt, depresszi\u00f3t, szorong\u00e1st vagy m\u00e1s ment\u00e1lis zavart tapasztal. <a href=\"https:\/\/grassxpress.com\/hu\/termek\/og-kush-strain\/\">Secure checkout<\/a><\/p>\n<p>Ezut\u00e1n a legjobb, ha elsz\u00edv egy enyhe mennyis\u00e9g\u0171 OG Kush f\u00fcvet, vagy enni egy kis d\u00f3zis\u00fa ehet\u0151t. Mert az ed\u00e9ny t\u00falzott elfogyaszt\u00e1sa ment\u00e1lis zavar kezel\u00e9se k\u00f6zben val\u00f3j\u00e1ban t\u00f6bb k\u00e1rt okozhat, mint hasznot. Ismerd meg a hat\u00e1raidat, \u00e9s maradj e hat\u00e1rokon bel\u00fcl.<\/p>\n<p>M\u00e1sr\u00e9szt, ha \u00e1lmatlans\u00e1ggal, alv\u00e1shi\u00e1nnyal vagy kr\u00f3nikus f\u00e1jdalommal k\u00fczd. Ekkor az OG Kush t\u00f6rzs nagyobb adagj\u00e1nak bev\u00e9tele nagyobb hasznot hozna. Ez seg\u00edt azonnal t\u00e1madni a probl\u00e9m\u00e1t. An\u00e9lk\u00fcl, hogy b\u00e1rmilyen lehet\u0151s\u00e9get hagyna arra, hogy nem fogyasztott el el\u00e9g nagy adagot ahhoz, hogy t\u00e9nylegesen \u00e9rezze az el\u0151nyeit. A nagyobb d\u00f3zis el\u00e9r\u00e9s\u00e9hez a kannabisz ehet\u0151, koncentr\u00e1tum vagy m\u00e1s fogyaszthat\u00f3 form\u00e1ja is megfelel\u0151 lehet.<\/p>\n<p>Az OG Kush lehets\u00e9ges mell\u00e9khat\u00e1sai. Az OG Kush marihu\u00e1na esetleges mell\u00e9khat\u00e1sainak elker\u00fcl\u00e9s\u00e9nek legjobb m\u00f3dja az el\u0151vigy\u00e1zatoss\u00e1g. Ha \u00e9rz\u00e9keny a THC-re, \u00e9s ismeri a kannabiszfogyaszt\u00e1s hat\u00e1rait. A fogyaszt\u00f3k leggyakrabban sz\u00e1jsz\u00e1razs\u00e1got \u00e9s szemsz\u00e1razs\u00e1got jelentenek gyakori mell\u00e9khat\u00e1sk\u00e9nt az OG Kush gyomn\u00f6v\u00e9ny kipr\u00f3b\u00e1l\u00e1sakor. Ne izzad meg, ez k\u00f6nnyen megoldhat\u00f3 hidrat\u00e1l\u00f3 folyad\u00e9kok fogyaszt\u00e1s\u00e1val \u00e9s sz\u00fcks\u00e9g eset\u00e9n hidrat\u00e1l\u00f3 szemcseppek haszn\u00e1lat\u00e1val.<\/p>\n<h3>Ezenk\u00edv\u00fcl<\/h3>\n<p>Egyes egy\u00e9nek paranoi\u00e1t tapasztaltak az OG Kush t\u00f6rzs elfogyaszt\u00e1sa ut\u00e1n. De ne feledje, hogy a magaslat elm\u00falik, \u00e9s csak lassan, m\u00e9lyen \u00e9s egyenletesen l\u00e9legezzen. Seg\u00edthet tiszt\u00e1n tartani a fej\u00e9t, ha negat\u00edv gondolati mint\u00e1kon megy kereszt\u00fcl.<\/p>\n<p>A medit\u00e1ci\u00f3 \u00e9s a m\u00e9ly relax\u00e1ci\u00f3s technik\u00e1k is hasznos \u00fatmutat\u00e1st jelenthetnek. Utols\u00f3 gondolatok az OG Kush-r\u00f3l: Rem\u00e9lj\u00fck, hogy ezt az OG Kush \u00e1ttekint\u00e9st nemcsak sz\u00f3rakoztat\u00f3nak tal\u00e1lta. De tanuls\u00e1gos \u00e9s informat\u00edv is. Fontos megjegyezni, hogy a marihu\u00e1na fogyaszt\u00e1sa a felhaszn\u00e1l\u00f3 kiz\u00e1r\u00f3lagos felel\u0151ss\u00e9ge, \u00e9s m\u00e9rlegel\u00e9st kell v\u00e9gezni.<\/p>","protected":false},"excerpt":{"rendered":"<p><strong>Grade:<\/strong> A<br \/>\nType: Sativa dominant hybrid<br \/>\n<strong>Looks:<\/strong> This deep green bud is fluffy, frosty and packed with red hairs.<br \/>\n<strong>Smell:<\/strong> Piney, Cedar-like, Citrus<br \/>\n<strong>Taste:<\/strong> A very nice earthy and pine taste with a sweet after note . A very smooth and refreshing smoke. Vaporizing intensifies flavor and is a delight to have in the mouth.<br \/>\n<strong>Effects:<\/strong> Induces a feeling of euphoria, happiness, and creativity. An uplifting and energized high.<br \/>\nPotency: 10\/10 (It\u2019s a 1 hit wonder)<\/p>","protected":false},"featured_media":4421,"comment_status":"open","ping_status":"closed","template":"","meta":{"_themeisle_gutenberg_block_has_review":false,"_ti_tpc_template_sync":false,"_ti_tpc_template_id":"","_joinchat":[]},"product_cat":[216],"product_tag":[],"class_list":{"0":"post-4363","1":"product","2":"type-product","3":"status-publish","4":"has-post-thumbnail","6":"product_cat-hybrid","8":"first","9":"instock","10":"shipping-taxable","11":"purchasable","12":"product-type-variable"},"yoast_head":"<!-- This site is optimized with the Yoast SEO plugin v22.7 - https:\/\/yoast.com\/wordpress\/plugins\/seo\/ -->\n<title>OG Kush Strain Online For Sale | GrassXpress<\/title>\n<meta name=\"description\" content=\"Buy OG Kush online in uk and explore a legendary cannabis strain valued for its strong aroma and balanced hybrid effects. OG Kush for sale featuring distinctive earthy, citrus, and fuel-like terpene notes.\" \/>\n<meta name=\"robots\" content=\"index, follow, max-snippet:-1, max-image-preview:large, max-video-preview:-1\" \/>\n<link rel=\"canonical\" href=\"https:\/\/grassxpress.com\/hu\/termek\/og-kush-strain\/\" \/>\n<meta property=\"og:locale\" content=\"hu_HU\" \/>\n<meta property=\"og:type\" content=\"article\" \/>\n<meta property=\"og:title\" content=\"OG Kush Strain Online For Sale | GrassXpress\" \/>\n<meta property=\"og:description\" content=\"Buy OG Kush online in uk and explore a legendary cannabis strain valued for its strong aroma and balanced hybrid effects. OG Kush for sale featuring distinctive earthy, citrus, and fuel-like terpene notes.\" \/>\n<meta property=\"og:url\" content=\"https:\/\/grassxpress.com\/hu\/termek\/og-kush-strain\/\" \/>\n<meta property=\"og:site_name\" content=\"GrassXpress\" \/>\n<meta property=\"article:modified_time\" content=\"2026-04-02T09:17:53+00:00\" \/>\n<meta property=\"og:image\" content=\"https:\/\/grassxpress.com\/wp-content\/uploads\/2022\/11\/OG-kush.jpg\" \/>\n\t<meta property=\"og:image:width\" content=\"600\" \/>\n\t<meta property=\"og:image:height\" content=\"600\" \/>\n\t<meta property=\"og:image:type\" content=\"image\/jpeg\" \/>\n<meta name=\"twitter:card\" content=\"summary_large_image\" \/>\n<meta name=\"twitter:label1\" content=\"Becs\u00fclt olvas\u00e1si id\u0151\" \/>\n\t<meta name=\"twitter:data1\" content=\"6 perc\" \/>\n<!-- \/ Yoast SEO plugin. -->","yoast_head_json":{"title":"OG Kush Strain Online For Sale | GrassXpress","description":"Buy OG Kush online in uk and explore a legendary cannabis strain valued for its strong aroma and balanced hybrid effects. OG Kush for sale featuring distinctive earthy, citrus, and fuel-like terpene notes.","robots":{"index":"index","follow":"follow","max-snippet":"max-snippet:-1","max-image-preview":"max-image-preview:large","max-video-preview":"max-video-preview:-1"},"canonical":"https:\/\/grassxpress.com\/hu\/termek\/og-kush-strain\/","og_locale":"hu_HU","og_type":"article","og_title":"OG Kush Strain Online For Sale | GrassXpress","og_description":"Buy OG Kush online in uk and explore a legendary cannabis strain valued for its strong aroma and balanced hybrid effects. OG Kush for sale featuring distinctive earthy, citrus, and fuel-like terpene notes.","og_url":"https:\/\/grassxpress.com\/hu\/termek\/og-kush-strain\/","og_site_name":"GrassXpress","article_modified_time":"2026-04-02T09:17:53+00:00","og_image":[{"width":600,"height":600,"url":"https:\/\/grassxpress.com\/wp-content\/uploads\/2022\/11\/OG-kush.jpg","type":"image\/jpeg"}],"twitter_card":"summary_large_image","twitter_misc":{"Becs\u00fclt olvas\u00e1si id\u0151":"6 perc"},"schema":{"@context":"https:\/\/schema.org","@graph":[{"@type":"WebPage","@id":"https:\/\/grassxpress.com\/product\/og-kush-strain\/","url":"https:\/\/grassxpress.com\/product\/og-kush-strain\/","name":"OG Kush Strain Online For Sale | GrassXpress","isPartOf":{"@id":"https:\/\/grassxpress.com\/#website"},"primaryImageOfPage":{"@id":"https:\/\/grassxpress.com\/product\/og-kush-strain\/#primaryimage"},"image":{"@id":"https:\/\/grassxpress.com\/product\/og-kush-strain\/#primaryimage"},"thumbnailUrl":"https:\/\/grassxpress.com\/wp-content\/uploads\/2022\/11\/OG-kush.jpg","datePublished":"2022-11-15T10:34:28+00:00","dateModified":"2026-04-02T09:17:53+00:00","description":"Buy OG Kush online in uk and explore a legendary cannabis strain valued for its strong aroma and balanced hybrid effects. OG Kush for sale featuring distinctive earthy, citrus, and fuel-like terpene notes.","breadcrumb":{"@id":"https:\/\/grassxpress.com\/product\/og-kush-strain\/#breadcrumb"},"inLanguage":"hu","potentialAction":[{"@type":"ReadAction","target":["https:\/\/grassxpress.com\/product\/og-kush-strain\/"]}]},{"@type":"ImageObject","inLanguage":"hu","@id":"https:\/\/grassxpress.com\/product\/og-kush-strain\/#primaryimage","url":"https:\/\/grassxpress.com\/wp-content\/uploads\/2022\/11\/OG-kush.jpg","contentUrl":"https:\/\/grassxpress.com\/wp-content\/uploads\/2022\/11\/OG-kush.jpg","width":600,"height":600,"caption":"OG kush"},{"@type":"BreadcrumbList","@id":"https:\/\/grassxpress.com\/product\/og-kush-strain\/#breadcrumb","itemListElement":[{"@type":"ListItem","position":1,"name":"Home","item":"https:\/\/grassxpress.com\/"},{"@type":"ListItem","position":2,"name":"Mail Order Weed UK","item":"https:\/\/grassxpress.com\/mail-order-weed-uk\/"},{"@type":"ListItem","position":3,"name":"OG kush"}]},{"@type":"WebSite","@id":"https:\/\/grassxpress.com\/#website","url":"https:\/\/grassxpress.com\/","name":"GrassXpress","description":"Buy Weed Online UK","publisher":{"@id":"https:\/\/grassxpress.com\/#organization"},"potentialAction":[{"@type":"SearchAction","target":{"@type":"EntryPoint","urlTemplate":"https:\/\/grassxpress.com\/?s={search_term_string}"},"query-input":"required name=search_term_string"}],"inLanguage":"hu"},{"@type":"Organization","@id":"https:\/\/grassxpress.com\/#organization","name":"GrassXpress","url":"https:\/\/grassxpress.com\/","logo":{"@type":"ImageObject","inLanguage":"hu","@id":"https:\/\/grassxpress.com\/#\/schema\/logo\/image\/","url":"https:\/\/grassxpress.com\/wp-content\/uploads\/2024\/01\/logo.png","contentUrl":"https:\/\/grassxpress.com\/wp-content\/uploads\/2024\/01\/logo.png","width":300,"height":100,"caption":"GrassXpress"},"image":{"@id":"https:\/\/grassxpress.com\/#\/schema\/logo\/image\/"}}]}},"_links":{"self":[{"href":"https:\/\/grassxpress.com\/hu\/wp-json\/wp\/v2\/product\/4363","targetHints":{"allow":["GET"]}}],"collection":[{"href":"https:\/\/grassxpress.com\/hu\/wp-json\/wp\/v2\/product"}],"about":[{"href":"https:\/\/grassxpress.com\/hu\/wp-json\/wp\/v2\/types\/product"}],"replies":[{"embeddable":true,"href":"https:\/\/grassxpress.com\/hu\/wp-json\/wp\/v2\/comments?post=4363"}],"wp:featuredmedia":[{"embeddable":true,"href":"https:\/\/grassxpress.com\/hu\/wp-json\/wp\/v2\/media\/4421"}],"wp:attachment":[{"href":"https:\/\/grassxpress.com\/hu\/wp-json\/wp\/v2\/media?parent=4363"}],"wp:term":[{"taxonomy":"product_cat","embeddable":true,"href":"https:\/\/grassxpress.com\/hu\/wp-json\/wp\/v2\/product_cat?post=4363"},{"taxonomy":"product_tag","embeddable":true,"href":"https:\/\/grassxpress.com\/hu\/wp-json\/wp\/v2\/product_tag?post=4363"}],"curies":[{"name":"wp","href":"https:\/\/api.w.org\/{rel}","templated":true}]}}