{"id":4361,"date":"2022-11-15T10:28:23","date_gmt":"2022-11-15T10:28:23","guid":{"rendered":"https:\/\/documentosespana.com\/diligent\/?post_type=product&#038;p=4361"},"modified":"2026-04-02T09:21:10","modified_gmt":"2026-04-02T09:21:10","slug":"platinum-og","status":"publish","type":"product","link":"https:\/\/grassxpress.com\/hu\/termek\/platinum-og\/","title":{"rendered":"Platina OG"},"content":{"rendered":"<h2>Meg lehet v\u00e1s\u00e1rolni a Platinum OG-t online magyarul?<\/h2>\n<p><span style=\"color: #000000;\"><a href=\"https:\/\/grassxpress.com\/hu\/termek\/platinum-og\/\">Platina OG<\/a> A Platinum OG ugyanolyan \u00e9rt\u00e9kes, mint a f\u00e9m, amelyr\u0151l elnevezett. Ez az Indica-domin\u00e1ns hibrid az egyik \u201elegnehezebb\u201d t\u00f6rzsnek tartja mag\u00e1t. A Platinum OG \u00e1ll\u00edt\u00f3lag h\u00e1rom t\u00f6rzsb\u0151l sz\u00e1rmazik: Master Kush, OG Kush \u00e9s egy harmadik ismeretlen sz\u00fcl\u0151. A vir\u00e1gok lime z\u00f6ldek \u00e9s g\u00f6mb\u00f6ly\u0171ek, kiemelked\u0151 narancss\u00e1rga sz\u0151r\u00f6kkel \u00e9s platina bevonattal a rengeteg <a href=\"https:\/\/en.wikipedia.org\/wiki\/Special:Search?search=weed+online&amp;go=Go&amp;ns0=1\">THC<\/a> crystals. A brief, heady onset settles into a powerful physical sedation suitable for nighttime use and pain, stress, or anxiety relief, making this precious strain a robust healer. Its THC content\u00a0 This <a href=\"https:\/\/grassxpress.com\/hu\/termek\/purple-haze\/\">Indica-dominant hybrid<\/a> has a sativa\/Indica ratio of 25\/75,with trace levels of CBD, and its buzz has been described as strongly cerebral and body-numbing. can you buy weed online uk<\/span><\/p>\n<p><span style=\"color: #000000;\">This weed burns with a skunky, earthy smell and the flavor is smooth and sweetish, with notes of pine, berries and citrus. The effects come on quickly after inhaling, and start with a heavy body hit that then gives way to a relaxing, almost narcotic high that can last for two hours and more. This is a powerful weed and more than a couple of hits often lead to couchlock. Medical dispensaries prescribe it for nausea, stress and insomnia. can you <a href=\"https:\/\/grassxpress.com\/hu\/rendeles-gyom-online-magyarorszag\/\">v\u00e1s\u00e1roljon f\u00fcvet online uk<\/a><\/span><\/p>\n<p><span style=\"color: #000000;\">Ez a t\u00f6rzs k\u00f6r\u00fclbel\u00fcl egy m\u00e9ter magasra n\u0151, \u00e9s egy bokros t\u00f6rzs, r\u00f6vid levelekkel, amelyek a n\u00f6v\u00e9ny \u00e9r\u00e9s\u00e9vel meglehet\u0151sen s\u00f6t\u00e9tek lesznek. A k\u00f6zepes m\u00e9ret\u0171 r\u00fcgyek s\u0171r\u0171ek, szikr\u00e1z\u00f3 krist\u00e1lyr\u00e9teggel bor\u00edtj\u00e1k \u0151ket, \u00e9s narancss\u00e1rga vagy barna sz\u0151rsz\u00e1lak is vannak. <a href=\"https:\/\/grassxpress.com\/hu\/mail-order-weed-uk\/\">Tov\u00e1bbi<\/a><\/span><\/p>\n<p>&nbsp;<\/p>","protected":false},"excerpt":{"rendered":"<p>Aj\u00e1nljuk h\u00e1nyinger, stressz \u00e9s \u00e1lmatlans\u00e1g eset\u00e9n, \u00e9jszakai haszn\u00e1latra, valamint f\u00e1jdalom, stressz vagy szorong\u00e1s enyh\u00edt\u00e9s\u00e9re, \u00edgy ez az \u00e9rt\u00e9kes t\u00f6rzs robusztus gy\u00f3gy\u00edt\u00f3. A hat\u00e1sok gyorsan jelentkeznek a bel\u00e9legz\u00e9s ut\u00e1n, \u00e9s egy er\u0151s testt\u00e1ji \u00fct\u00e9ssel kezd\u0151dnek, amely azt\u00e1n \u00e1tadja hely\u00e9t egy pihentet\u0151, szinte narkotikus magass\u00e1gnak, amely k\u00e9t \u00f3r\u00e1n \u00e1t \u00e9s tov\u00e1bb is eltarthat.<\/p>","protected":false},"featured_media":4402,"comment_status":"open","ping_status":"closed","template":"","meta":{"_themeisle_gutenberg_block_has_review":false,"_ti_tpc_template_sync":false,"_ti_tpc_template_id":"","_joinchat":[]},"product_cat":[216,128],"product_tag":[217,138,218,140,219,220,27,221,192,33,222,223,224,172,225,226,227,228,229,230,231,232,233,234,235,236,237,238],"class_list":{"0":"post-4361","1":"product","2":"type-product","3":"status-publish","4":"has-post-thumbnail","6":"product_cat-hybrid","7":"product_cat-indica","8":"product_tag-24-7-platinum-kush-delivery","9":"product_tag-best-online-dispensary","10":"product_tag-buy-cheap-platinum-kush","11":"product_tag-buy-marijuana-online","12":"product_tag-buy-platinum-kush-in-usa","13":"product_tag-buy-platinum-kush-online","14":"product_tag-cannabis-strains","15":"product_tag-hybrid-strains","16":"product_tag-indica-marijuana-strains","17":"product_tag-indica-strains","18":"product_tag-indica-dominant-hybrid","19":"product_tag-legit-platinum-kush-online","20":"product_tag-marijuana-strains","21":"product_tag-medical-cannabis","22":"product_tag-medical-marijuana","23":"product_tag-order-platinum-kush","24":"product_tag-platinum-bubba-kush","25":"product_tag-platinum-kush","26":"product_tag-platinum-kush-for-sale-in-canada-without-script","27":"product_tag-platinum-kush-for-sale-in-usa","28":"product_tag-platinum-kush-for-sale-without-script","29":"product_tag-platinum-kush-mail-order","30":"product_tag-platinum-kush-overnight-shipping","31":"product_tag-platinum-kush-strain","32":"product_tag-platinum-kush-worldwide-delivery","33":"product_tag-platinum-og-kush","34":"product_tag-top-shelf-marijuana-strains","35":"product_tag-top-shelf-strains","37":"first","38":"instock","39":"shipping-taxable","40":"purchasable","41":"product-type-variable"},"yoast_head":"<!-- This site is optimized with the Yoast SEO plugin v22.7 - https:\/\/yoast.com\/wordpress\/plugins\/seo\/ -->\n<title>Platinum OG Strain for Sale UK \u2013 Buy Platinum OG Cannabis Online<\/title>\n<meta name=\"description\" content=\"Buy Platinum OG cannabis strain online. Premium indica-dominant hybrid known for its strong relaxing effects, earthy aroma, and long-lasting body high ideal for stress and nighttime use.\" \/>\n<meta name=\"robots\" content=\"index, follow, max-snippet:-1, max-image-preview:large, max-video-preview:-1\" \/>\n<link rel=\"canonical\" href=\"https:\/\/grassxpress.com\/hu\/termek\/platinum-og\/\" \/>\n<meta property=\"og:locale\" content=\"hu_HU\" \/>\n<meta property=\"og:type\" content=\"article\" \/>\n<meta property=\"og:title\" content=\"Platinum OG Strain for Sale UK \u2013 Buy Platinum OG Cannabis Online\" \/>\n<meta property=\"og:description\" content=\"Buy Platinum OG cannabis strain online. Premium indica-dominant hybrid known for its strong relaxing effects, earthy aroma, and long-lasting body high ideal for stress and nighttime use.\" \/>\n<meta property=\"og:url\" content=\"https:\/\/grassxpress.com\/hu\/termek\/platinum-og\/\" \/>\n<meta property=\"og:site_name\" content=\"GrassXpress\" \/>\n<meta property=\"article:modified_time\" content=\"2026-04-02T09:21:10+00:00\" \/>\n<meta property=\"og:image\" content=\"https:\/\/grassxpress.com\/wp-content\/uploads\/2022\/11\/Platinum-OG-1.jpg\" \/>\n\t<meta property=\"og:image:width\" content=\"600\" \/>\n\t<meta property=\"og:image:height\" content=\"600\" \/>\n\t<meta property=\"og:image:type\" content=\"image\/jpeg\" \/>\n<meta name=\"twitter:card\" content=\"summary_large_image\" \/>\n<meta name=\"twitter:label1\" content=\"Becs\u00fclt olvas\u00e1si id\u0151\" \/>\n\t<meta name=\"twitter:data1\" content=\"2 perc\" \/>\n<!-- \/ Yoast SEO plugin. -->","yoast_head_json":{"title":"Platinum OG Strain for Sale UK \u2013 Buy Platinum OG Cannabis Online","description":"Buy Platinum OG cannabis strain online. Premium indica-dominant hybrid known for its strong relaxing effects, earthy aroma, and long-lasting body high ideal for stress and nighttime use.","robots":{"index":"index","follow":"follow","max-snippet":"max-snippet:-1","max-image-preview":"max-image-preview:large","max-video-preview":"max-video-preview:-1"},"canonical":"https:\/\/grassxpress.com\/hu\/termek\/platinum-og\/","og_locale":"hu_HU","og_type":"article","og_title":"Platinum OG Strain for Sale UK \u2013 Buy Platinum OG Cannabis Online","og_description":"Buy Platinum OG cannabis strain online. Premium indica-dominant hybrid known for its strong relaxing effects, earthy aroma, and long-lasting body high ideal for stress and nighttime use.","og_url":"https:\/\/grassxpress.com\/hu\/termek\/platinum-og\/","og_site_name":"GrassXpress","article_modified_time":"2026-04-02T09:21:10+00:00","og_image":[{"width":600,"height":600,"url":"https:\/\/grassxpress.com\/wp-content\/uploads\/2022\/11\/Platinum-OG-1.jpg","type":"image\/jpeg"}],"twitter_card":"summary_large_image","twitter_misc":{"Becs\u00fclt olvas\u00e1si id\u0151":"2 perc"},"schema":{"@context":"https:\/\/schema.org","@graph":[{"@type":"WebPage","@id":"https:\/\/grassxpress.com\/product\/platinum-og\/","url":"https:\/\/grassxpress.com\/product\/platinum-og\/","name":"Platinum OG Strain for Sale UK \u2013 Buy Platinum OG Cannabis Online","isPartOf":{"@id":"https:\/\/grassxpress.com\/#website"},"primaryImageOfPage":{"@id":"https:\/\/grassxpress.com\/product\/platinum-og\/#primaryimage"},"image":{"@id":"https:\/\/grassxpress.com\/product\/platinum-og\/#primaryimage"},"thumbnailUrl":"https:\/\/grassxpress.com\/wp-content\/uploads\/2022\/11\/Platinum-OG-1.jpg","datePublished":"2022-11-15T10:28:23+00:00","dateModified":"2026-04-02T09:21:10+00:00","description":"Buy Platinum OG cannabis strain online. Premium indica-dominant hybrid known for its strong relaxing effects, earthy aroma, and long-lasting body high ideal for stress and nighttime use.","breadcrumb":{"@id":"https:\/\/grassxpress.com\/product\/platinum-og\/#breadcrumb"},"inLanguage":"hu","potentialAction":[{"@type":"ReadAction","target":["https:\/\/grassxpress.com\/product\/platinum-og\/"]}]},{"@type":"ImageObject","inLanguage":"hu","@id":"https:\/\/grassxpress.com\/product\/platinum-og\/#primaryimage","url":"https:\/\/grassxpress.com\/wp-content\/uploads\/2022\/11\/Platinum-OG-1.jpg","contentUrl":"https:\/\/grassxpress.com\/wp-content\/uploads\/2022\/11\/Platinum-OG-1.jpg","width":600,"height":600,"caption":"Platinum OG"},{"@type":"BreadcrumbList","@id":"https:\/\/grassxpress.com\/product\/platinum-og\/#breadcrumb","itemListElement":[{"@type":"ListItem","position":1,"name":"Home","item":"https:\/\/grassxpress.com\/"},{"@type":"ListItem","position":2,"name":"Mail Order Weed UK","item":"https:\/\/grassxpress.com\/mail-order-weed-uk\/"},{"@type":"ListItem","position":3,"name":"Platinum OG"}]},{"@type":"WebSite","@id":"https:\/\/grassxpress.com\/#website","url":"https:\/\/grassxpress.com\/","name":"GrassXpress","description":"Buy Weed Online UK","publisher":{"@id":"https:\/\/grassxpress.com\/#organization"},"potentialAction":[{"@type":"SearchAction","target":{"@type":"EntryPoint","urlTemplate":"https:\/\/grassxpress.com\/?s={search_term_string}"},"query-input":"required name=search_term_string"}],"inLanguage":"hu"},{"@type":"Organization","@id":"https:\/\/grassxpress.com\/#organization","name":"GrassXpress","url":"https:\/\/grassxpress.com\/","logo":{"@type":"ImageObject","inLanguage":"hu","@id":"https:\/\/grassxpress.com\/#\/schema\/logo\/image\/","url":"https:\/\/grassxpress.com\/wp-content\/uploads\/2024\/01\/logo.png","contentUrl":"https:\/\/grassxpress.com\/wp-content\/uploads\/2024\/01\/logo.png","width":300,"height":100,"caption":"GrassXpress"},"image":{"@id":"https:\/\/grassxpress.com\/#\/schema\/logo\/image\/"}}]}},"_links":{"self":[{"href":"https:\/\/grassxpress.com\/hu\/wp-json\/wp\/v2\/product\/4361","targetHints":{"allow":["GET"]}}],"collection":[{"href":"https:\/\/grassxpress.com\/hu\/wp-json\/wp\/v2\/product"}],"about":[{"href":"https:\/\/grassxpress.com\/hu\/wp-json\/wp\/v2\/types\/product"}],"replies":[{"embeddable":true,"href":"https:\/\/grassxpress.com\/hu\/wp-json\/wp\/v2\/comments?post=4361"}],"wp:featuredmedia":[{"embeddable":true,"href":"https:\/\/grassxpress.com\/hu\/wp-json\/wp\/v2\/media\/4402"}],"wp:attachment":[{"href":"https:\/\/grassxpress.com\/hu\/wp-json\/wp\/v2\/media?parent=4361"}],"wp:term":[{"taxonomy":"product_cat","embeddable":true,"href":"https:\/\/grassxpress.com\/hu\/wp-json\/wp\/v2\/product_cat?post=4361"},{"taxonomy":"product_tag","embeddable":true,"href":"https:\/\/grassxpress.com\/hu\/wp-json\/wp\/v2\/product_tag?post=4361"}],"curies":[{"name":"wp","href":"https:\/\/api.w.org\/{rel}","templated":true}]}}