{"id":4360,"date":"2022-11-15T10:11:40","date_gmt":"2022-11-15T10:11:40","guid":{"rendered":"https:\/\/documentosespana.com\/diligent\/?post_type=product&#038;p=4360"},"modified":"2026-04-02T09:09:06","modified_gmt":"2026-04-02T09:09:06","slug":"banana-kush","status":"publish","type":"product","link":"https:\/\/grassxpress.com\/hu\/termek\/banana-kush\/","title":{"rendered":"Buy Banana Kush Online UK"},"content":{"rendered":"<div class=\"relative basis-auto flex-col -mb-(--composer-overlap-px) [--composer-overlap-px:28px] grow flex\">\n<div class=\"flex flex-col text-sm pb-25\">\n<article class=\"text-token-text-primary w-full focus:outline-none [--shadow-height:45px] has-data-writing-block:pointer-events-none has-data-writing-block:-mt-(--shadow-height) has-data-writing-block:pt-(--shadow-height) [&amp;:has([data-writing-block])&gt;*]:pointer-events-auto scroll-mt-[calc(var(--header-height)+min(200px,max(70px,20svh)))]\" dir=\"auto\" tabindex=\"-1\" data-turn-id=\"request-WEB:04e6e77b-5047-4170-b5cf-69678400d879-6\" data-testid=\"conversation-turn-14\" data-scroll-anchor=\"true\" data-turn=\"assistant\">\n<div class=\"text-base my-auto mx-auto pb-10 [--thread-content-margin:var(--thread-content-margin-xs,calc(var(--spacing)*4))] @w-sm\/main:[--thread-content-margin:var(--thread-content-margin-sm,calc(var(--spacing)*6))] @w-lg\/main:[--thread-content-margin:var(--thread-content-margin-lg,calc(var(--spacing)*16))] px-(--thread-content-margin)\">\n<div class=\"[--thread-content-max-width:40rem] @w-lg\/main:[--thread-content-max-width:48rem] mx-auto max-w-(--thread-content-max-width) flex-1 group\/turn-messages focus-visible:outline-hidden relative flex w-full min-w-0 flex-col agent-turn\" tabindex=\"-1\">\n<div class=\"flex max-w-full flex-col gap-4 grow\">\n<div class=\"min-h-8 text-message relative flex w-full flex-col items-end gap-2 text-start break-words whitespace-normal [.text-message+&amp;]:mt-1\" dir=\"auto\" data-message-author-role=\"assistant\" data-message-id=\"692c1616-ac21-4157-920c-8936db92195e\" data-message-model-slug=\"gpt-5-3\">\n<div class=\"flex w-full flex-col gap-1 empty:hidden\">\n<div class=\"markdown prose dark:prose-invert w-full wrap-break-word light markdown-new-styling\">\n<h2 data-section-id=\"1pwhjtz\" data-start=\"0\" data-end=\"38\">Online f\u0171v\u00e1s\u00e1rl\u00e1s az Egyes\u00fclt Kir\u00e1lys\u00e1gban \u2013 Banana Kush<\/h2>\n<p data-start=\"40\" data-end=\"379\">If you are looking for weed to buy online UK, many cannabis enthusiasts prefer to <a href=\"https:\/\/grassxpress.com\/hu\/termek\/banana-kush\/\">Buy Banana Kush online<\/a> ...debido a su sabor \u00fanico y a sus efectos relajantes. Conocida por su dulce aroma tropical y su potente efecto corporal, la Banana Kush \u2014disponible a la venta\u2014 es una de las variedades m\u00e1s populares entre los consumidores de cannabis que buscan cogollos de calidad premium.<\/p>\n<h1 data-section-id=\"1qkgbfg\" data-start=\"381\" data-end=\"409\">Buy Banana Kush Online UK<\/h1>\n<p data-start=\"411\" data-end=\"771\">V\u00e1s\u00e1rolj Banana Kush-t megb\u00edzhat\u00f3 kannabiszboltokb\u00f3l, ha olyan t\u00f6rzset keresel, amely kiegyens\u00falyozott kever\u00e9k\u00e9t ny\u00fajtja az euf\u00f3ri\u00e1nak \u00e9s a m\u00e9ly relax\u00e1ci\u00f3nak. A Banana Kush egy j\u00f3l ismert nyugati parti fajta, amely ban\u00e1n \u00edz\u00e9r\u0151l \u00e9s nyugtat\u00f3 hat\u00e1sair\u00f3l h\u00edres. Sok fogyaszt\u00f3, aki online v\u00e1s\u00e1rol Banana Kush-t, \u00e9lvezi a felemel\u0151 ment\u00e1lis \u00e9rz\u00e9sek \u00e9s a nyugtat\u00f3 fizikai relax\u00e1ci\u00f3 kombin\u00e1ci\u00f3j\u00e1t. Ez a fajta a Ghost OG \u00e9s a Skunk Haze keresztez\u00e9se, \u00e9s jellegzetes arom\u00e1j\u00e1r\u00f3l \u00e9s m\u00e9rs\u00e9kelten kih\u00edv\u00e1st jelent\u0151 termeszt\u00e9si folyamat\u00e1r\u00f3l ismert. N\u00e9pszer\u0171s\u00e9ge \u00e9s egyedi terp\u00e9nprofilja miatt sok felhaszn\u00e1l\u00f3 a Hol lehet Banana Kush-t v\u00e1s\u00e1rolni? oldalra keres, amikor kiv\u00e1l\u00f3 min\u0151s\u00e9g\u0171 kannabiszterm\u00e9keket keres.<\/p>\n<h3 data-section-id=\"1d3xzlz\" data-start=\"1067\" data-end=\"1088\">Lab Tested Results<\/h3>\n<p data-start=\"1090\" data-end=\"1110\">THC: 25%<br data-start=\"1098\" data-end=\"1101\" \/>CBD: 0.7%<\/p>\n<p data-start=\"1112\" data-end=\"1278\">These cannabinoid levels contribute to the powerful effects that make Banana Kush for sale a highly sought-after strain for both recreational and therapeutic use.<\/p>\n<h3 data-section-id=\"mnten1\" data-start=\"1280\" data-end=\"1305\">Banana Kush \u00e9lm\u00e9ny<\/h3>\n<p data-start=\"1307\" data-end=\"1560\">B\u00e1r a Banana Kush els\u0151sorban egy Indica fajta, enyhe, Sativa-szer\u0171 ment\u00e1lis stimul\u00e1ci\u00f3t is biztos\u00edt. Sok kannabiszfogyaszt\u00f3, aki online rendel Banana Kush-t, er\u0151s testi euf\u00f3ri\u00e1r\u00f3l sz\u00e1mol be, amely fokozatosan m\u00e9ly ellazul\u00e1shoz \u00e9s \u00e1lmoss\u00e1ghoz vezet. Er\u0151s nyugtat\u00f3 hat\u00e1sa miatt a Banana Kush online v\u00e1s\u00e1rl\u00e1s\u00e1t gyakran aj\u00e1nlj\u00e1k esti haszn\u00e1latra. Sok tapasztalt felhaszn\u00e1l\u00f3 lefekv\u00e9s el\u0151tt r\u00e9szes\u00edti el\u0151nyben ezt a fajt\u00e1t, mivel nyugtat\u00f3 tulajdons\u00e1gai el\u0151seg\u00edthetik a pihentet\u0151 alv\u00e1st. Miel\u0151tt a pihentet\u0151 hat\u00e1sok teljesen kifejl\u0151dn\u00e9nek, a felhaszn\u00e1l\u00f3k gyakran kellemes euforikus z\u00fcmm\u00f6g\u00e9st \u00e9s \u00e9rezhet\u0151 hangulatjavul\u00e1st tapasztalnak. Ez a felemel\u0151 \u00e9rz\u00e9s az egyik oka annak, hogy sokan a legjobb helyet keresik a Banana Kush online v\u00e1s\u00e1rl\u00e1s\u00e1ra.<\/p>\n<p data-start=\"2027\" data-end=\"2213\">Egyes felhaszn\u00e1l\u00f3k sz\u00e1jsz\u00e1razs\u00e1got vagy szemsz\u00e1razs\u00e1got tapasztalhatnak, k\u00fcl\u00f6n\u00f6sen nagyobb adagok eset\u00e9n. Azoknak, akik m\u00e9g csak most ismerkednek a kannabisszal, aj\u00e1nlott m\u00e9rs\u00e9kelt mennyis\u00e9ggel kezdeni Banana Kush v\u00e1s\u00e1rl\u00e1s\u00e1t.<\/p>\n<h3 data-section-id=\"n8ea45\" data-start=\"2215\" data-end=\"2242\">\u00cdz- \u00e9s aromaprofil<\/h3>\n<p data-start=\"2244\" data-end=\"2492\">A Banana Kush egyik legismertebb tulajdons\u00e1ga a legend\u00e1s \u00edzprofilja. Ez a fajta \u00f6sszet\u00e9veszthetetlen ban\u00e1n\u00edz\u00e9r\u0151l ismert, gy\u00fcm\u00f6lcs\u00f6s \u00e9s tr\u00f3pusi jegyekkel kombin\u00e1lva. Egyes kannabiszrajong\u00f3k finom f\u00e1s felhangokat is \u00e9szrevesznek. \u00c9g\u00e9skor a Banana Kush \u00e9des \u00e9s gy\u00fcm\u00f6lcs\u00f6s arom\u00e1t bocs\u00e1t ki, amely gyorsan bet\u00f6lti a szob\u00e1t. Er\u0151s terp\u00e9nprofilja az egyik f\u0151 oka annak, hogy sok felhaszn\u00e1l\u00f3 \u00fagy d\u00f6nt, hogy megb\u00edzhat\u00f3 kannabiszboltokb\u00f3l v\u00e1s\u00e1rol Banana Kush-t online. Vizu\u00e1lisan ez a fajta leny\u0171g\u00f6z\u0151 megjelen\u00e9s\u0171. A r\u00fcgyek \u00e9l\u00e9nkz\u00f6ld leveleket, baracksz\u00edn\u0171 bib\u00e9ket \u00e9s feh\u00e9r trich\u00f3m\u00e1kb\u00f3l \u00e1ll\u00f3 vastag bevonatot mutatnak. Ez a vonz\u00f3 megjelen\u00e9s gyakran megk\u00f6nny\u00edti a pr\u00e9mium Banana Kush term\u00e9kek felismer\u00e9s\u00e9t.<\/p>\n<h3 data-section-id=\"6nc9ol\" data-start=\"2988\" data-end=\"3022\">A Banana Kush orvosi el\u0151nyei<\/h3>\n<p data-start=\"3024\" data-end=\"3286\">B\u00e1r a Banana Kush els\u0151sorban egy Indica fajta, enyhe, Sativa-szer\u0171 ment\u00e1lis stimul\u00e1ci\u00f3t is biztos\u00edt. Sok kannabiszfogyaszt\u00f3, aki online rendel Banana Kush-t, er\u0151s testi euf\u00f3ri\u00e1r\u00f3l sz\u00e1mol be, amely fokozatosan m\u00e9ly ellazul\u00e1shoz \u00e9s \u00e1lmoss\u00e1ghoz vezet. Er\u0151s nyugtat\u00f3 hat\u00e1sa miatt a Banana Kush online v\u00e1s\u00e1rl\u00e1s\u00e1t gyakran aj\u00e1nlj\u00e1k esti haszn\u00e1latra. Sok tapasztalt felhaszn\u00e1l\u00f3 lefekv\u00e9s el\u0151tt r\u00e9szes\u00edti el\u0151nyben ezt a fajt\u00e1t, mivel nyugtat\u00f3 tulajdons\u00e1gai el\u0151seg\u00edthetik a pihentet\u0151 alv\u00e1st. Miel\u0151tt a pihentet\u0151 hat\u00e1sok teljesen kifejl\u0151dn\u00e9nek, a felhaszn\u00e1l\u00f3k gyakran kellemes euforikus z\u00fcmm\u00f6g\u00e9st \u00e9s \u00e9rezhet\u0151 hangulatjavul\u00e1st tapasztalnak. Ez a felemel\u0151 \u00e9rz\u00e9s az egyik oka annak, hogy sokan a legjobb helyet keresik a Banana Kush online v\u00e1s\u00e1rl\u00e1s\u00e1ra.<\/p>\n<p data-start=\"3734\" data-end=\"3996\">Ezenk\u00edv\u00fcl az er\u0151s Indica jellemz\u0151k seg\u00edthetnek a kr\u00f3nikus f\u00e1jdalom kezel\u00e9s\u00e9ben. Ezen lehets\u00e9ges el\u0151ny\u00f6k miatt sok felhaszn\u00e1l\u00f3 \u00f6sszehasonl\u00edtja a Banana Kush \u00e1r\u00e1t a k\u00fcl\u00f6nb\u00f6z\u0151 kiskeresked\u0151kn\u00e9l, hogy megtal\u00e1lja a legjobb \u00e9rt\u00e9ket, mik\u00f6zben meg\u0151rzi a term\u00e9k min\u0151s\u00e9g\u00e9t. A pr\u00e9mium fajt\u00e1kat keres\u0151 kannabiszrajong\u00f3k sz\u00e1m\u00e1ra a Banana Kush online v\u00e1s\u00e1rl\u00e1s\u00e1nak legjobb helye biztos\u00edtja a megb\u00edzhat\u00f3, \u00e1lland\u00f3 hat\u00e9konys\u00e1g\u00fa \u00e9s \u00edz\u0171 term\u00e9kekhez val\u00f3 hozz\u00e1f\u00e9r\u00e9st.<\/p>\n<\/div>\n<\/div>\n<\/div>\n<\/div>\n<div class=\"z-0 flex min-h-[46px] justify-start\"><\/div>\n<div class=\"mt-3 w-full empty:hidden\">\n<div class=\"text-center\"><\/div>\n<\/div>\n<\/div>\n<\/div>\n<\/article>\n<\/div>\n<div class=\"pointer-events-none h-px w-px absolute bottom-0\" aria-hidden=\"true\" data-edge=\"true\"><\/div>\n<\/div>","protected":false},"excerpt":{"rendered":"<p>Indica domin\u00e1ns hibrid - 60% Indica \/ 40% Sativa THC: 18% - 25%, CBN: 1%<br \/>\nItt van k\u00e9t legend\u00e1s t\u00f6rzs ban\u00e1nszer\u0171 hibridje: az OG Kush of the West Coast \u00e9s a Skunk Haze.<\/p>\n<p>A Banana Kush marihu\u00e1na t\u00f6rzs egy Indica domin\u00e1ns hibrid. A kush-t a Cali Kush hozta l\u00e9tre. Ennek a marihu\u00e1n\u00e1nak csod\u00e1latos illata van, mint egy finom ban\u00e1n-kush turmix. A Banana Kush \u00e9l\u00e9nkz\u00f6ld, bolyhos bimb\u00f3kkal rendelkezik, s\u00e1rg\u00e1s-narancss\u00e1rga sz\u0151r\u00f6kkel. A nug\u00e1kat feh\u00e9r krist\u00e1lyok bor\u00edtj\u00e1k. A Banana Kush kannabiszt\u00f6rzs a potencia miatt percek alatt csillap\u00edtja a f\u00e1jdalmat \u00e9s \u00e1lomba ringatja \u00d6nt, a legjobb \u00e9jszakai haszn\u00e1latra. A 18% THC-vel a kezd\u0151knek figyelni\u00fck kell az adagol\u00e1sra.<\/p>","protected":false},"featured_media":4376,"comment_status":"open","ping_status":"closed","template":"","meta":{"_themeisle_gutenberg_block_has_review":false,"_ti_tpc_template_sync":false,"_ti_tpc_template_id":"","_joinchat":[]},"product_cat":[216],"product_tag":[],"class_list":{"0":"post-4360","1":"product","2":"type-product","3":"status-publish","4":"has-post-thumbnail","6":"product_cat-hybrid","8":"first","9":"instock","10":"shipping-taxable","11":"purchasable","12":"product-type-variable"},"yoast_head":"<!-- This site is optimized with the Yoast SEO plugin v22.7 - https:\/\/yoast.com\/wordpress\/plugins\/seo\/ -->\n<title>Weed to buy online uk | Buy banana kush online in Europe<\/title>\n<meta name=\"description\" content=\"Buy Banana Kush online for a flavorful hybrid strain known for its sweet tropical aroma and relaxing effects. Banana Kush for sale offers premium quality buds ideal for cannabis enthusiasts.\" \/>\n<meta name=\"robots\" content=\"index, follow, max-snippet:-1, max-image-preview:large, max-video-preview:-1\" \/>\n<link rel=\"canonical\" href=\"https:\/\/grassxpress.com\/hu\/termek\/banana-kush\/\" \/>\n<meta property=\"og:locale\" content=\"hu_HU\" \/>\n<meta property=\"og:type\" content=\"article\" \/>\n<meta property=\"og:title\" content=\"Weed to buy online uk | Buy banana kush online in Europe\" \/>\n<meta property=\"og:description\" content=\"Buy Banana Kush online for a flavorful hybrid strain known for its sweet tropical aroma and relaxing effects. Banana Kush for sale offers premium quality buds ideal for cannabis enthusiasts.\" \/>\n<meta property=\"og:url\" content=\"https:\/\/grassxpress.com\/hu\/termek\/banana-kush\/\" \/>\n<meta property=\"og:site_name\" content=\"GrassXpress\" \/>\n<meta property=\"article:modified_time\" content=\"2026-04-02T09:09:06+00:00\" \/>\n<meta property=\"og:image\" content=\"https:\/\/grassxpress.com\/wp-content\/uploads\/2022\/11\/Banana-kush.jpg\" \/>\n\t<meta property=\"og:image:width\" content=\"600\" \/>\n\t<meta property=\"og:image:height\" content=\"600\" \/>\n\t<meta property=\"og:image:type\" content=\"image\/jpeg\" \/>\n<meta name=\"twitter:card\" content=\"summary_large_image\" \/>\n<meta name=\"twitter:label1\" content=\"Becs\u00fclt olvas\u00e1si id\u0151\" \/>\n\t<meta name=\"twitter:data1\" content=\"3 perc\" \/>\n<!-- \/ Yoast SEO plugin. -->","yoast_head_json":{"title":"Weed to buy online uk | Buy banana kush online in Europe","description":"Buy Banana Kush online for a flavorful hybrid strain known for its sweet tropical aroma and relaxing effects. Banana Kush for sale offers premium quality buds ideal for cannabis enthusiasts.","robots":{"index":"index","follow":"follow","max-snippet":"max-snippet:-1","max-image-preview":"max-image-preview:large","max-video-preview":"max-video-preview:-1"},"canonical":"https:\/\/grassxpress.com\/hu\/termek\/banana-kush\/","og_locale":"hu_HU","og_type":"article","og_title":"Weed to buy online uk | Buy banana kush online in Europe","og_description":"Buy Banana Kush online for a flavorful hybrid strain known for its sweet tropical aroma and relaxing effects. Banana Kush for sale offers premium quality buds ideal for cannabis enthusiasts.","og_url":"https:\/\/grassxpress.com\/hu\/termek\/banana-kush\/","og_site_name":"GrassXpress","article_modified_time":"2026-04-02T09:09:06+00:00","og_image":[{"width":600,"height":600,"url":"https:\/\/grassxpress.com\/wp-content\/uploads\/2022\/11\/Banana-kush.jpg","type":"image\/jpeg"}],"twitter_card":"summary_large_image","twitter_misc":{"Becs\u00fclt olvas\u00e1si id\u0151":"3 perc"},"schema":{"@context":"https:\/\/schema.org","@graph":[{"@type":"WebPage","@id":"https:\/\/grassxpress.com\/product\/banana-kush\/","url":"https:\/\/grassxpress.com\/product\/banana-kush\/","name":"Weed to buy online uk | Buy banana kush online in Europe","isPartOf":{"@id":"https:\/\/grassxpress.com\/#website"},"primaryImageOfPage":{"@id":"https:\/\/grassxpress.com\/product\/banana-kush\/#primaryimage"},"image":{"@id":"https:\/\/grassxpress.com\/product\/banana-kush\/#primaryimage"},"thumbnailUrl":"https:\/\/grassxpress.com\/wp-content\/uploads\/2022\/11\/Banana-kush.jpg","datePublished":"2022-11-15T10:11:40+00:00","dateModified":"2026-04-02T09:09:06+00:00","description":"Buy Banana Kush online for a flavorful hybrid strain known for its sweet tropical aroma and relaxing effects. Banana Kush for sale offers premium quality buds ideal for cannabis enthusiasts.","breadcrumb":{"@id":"https:\/\/grassxpress.com\/product\/banana-kush\/#breadcrumb"},"inLanguage":"hu","potentialAction":[{"@type":"ReadAction","target":["https:\/\/grassxpress.com\/product\/banana-kush\/"]}]},{"@type":"ImageObject","inLanguage":"hu","@id":"https:\/\/grassxpress.com\/product\/banana-kush\/#primaryimage","url":"https:\/\/grassxpress.com\/wp-content\/uploads\/2022\/11\/Banana-kush.jpg","contentUrl":"https:\/\/grassxpress.com\/wp-content\/uploads\/2022\/11\/Banana-kush.jpg","width":600,"height":600,"caption":"Banana kush"},{"@type":"BreadcrumbList","@id":"https:\/\/grassxpress.com\/product\/banana-kush\/#breadcrumb","itemListElement":[{"@type":"ListItem","position":1,"name":"Home","item":"https:\/\/grassxpress.com\/"},{"@type":"ListItem","position":2,"name":"Mail Order Weed UK","item":"https:\/\/grassxpress.com\/mail-order-weed-uk\/"},{"@type":"ListItem","position":3,"name":"Buy Banana Kush Online UK"}]},{"@type":"WebSite","@id":"https:\/\/grassxpress.com\/#website","url":"https:\/\/grassxpress.com\/","name":"GrassXpress","description":"Buy Weed Online UK","publisher":{"@id":"https:\/\/grassxpress.com\/#organization"},"potentialAction":[{"@type":"SearchAction","target":{"@type":"EntryPoint","urlTemplate":"https:\/\/grassxpress.com\/?s={search_term_string}"},"query-input":"required name=search_term_string"}],"inLanguage":"hu"},{"@type":"Organization","@id":"https:\/\/grassxpress.com\/#organization","name":"GrassXpress","url":"https:\/\/grassxpress.com\/","logo":{"@type":"ImageObject","inLanguage":"hu","@id":"https:\/\/grassxpress.com\/#\/schema\/logo\/image\/","url":"https:\/\/grassxpress.com\/wp-content\/uploads\/2024\/01\/logo.png","contentUrl":"https:\/\/grassxpress.com\/wp-content\/uploads\/2024\/01\/logo.png","width":300,"height":100,"caption":"GrassXpress"},"image":{"@id":"https:\/\/grassxpress.com\/#\/schema\/logo\/image\/"}}]}},"_links":{"self":[{"href":"https:\/\/grassxpress.com\/hu\/wp-json\/wp\/v2\/product\/4360","targetHints":{"allow":["GET"]}}],"collection":[{"href":"https:\/\/grassxpress.com\/hu\/wp-json\/wp\/v2\/product"}],"about":[{"href":"https:\/\/grassxpress.com\/hu\/wp-json\/wp\/v2\/types\/product"}],"replies":[{"embeddable":true,"href":"https:\/\/grassxpress.com\/hu\/wp-json\/wp\/v2\/comments?post=4360"}],"wp:featuredmedia":[{"embeddable":true,"href":"https:\/\/grassxpress.com\/hu\/wp-json\/wp\/v2\/media\/4376"}],"wp:attachment":[{"href":"https:\/\/grassxpress.com\/hu\/wp-json\/wp\/v2\/media?parent=4360"}],"wp:term":[{"taxonomy":"product_cat","embeddable":true,"href":"https:\/\/grassxpress.com\/hu\/wp-json\/wp\/v2\/product_cat?post=4360"},{"taxonomy":"product_tag","embeddable":true,"href":"https:\/\/grassxpress.com\/hu\/wp-json\/wp\/v2\/product_tag?post=4360"}],"curies":[{"name":"wp","href":"https:\/\/api.w.org\/{rel}","templated":true}]}}