{"id":4305,"date":"2022-11-15T09:39:58","date_gmt":"2022-11-15T09:39:58","guid":{"rendered":"https:\/\/documentosespana.com\/diligent\/?post_type=product&#038;p=4305"},"modified":"2026-04-02T09:13:13","modified_gmt":"2026-04-02T09:13:13","slug":"master-kush","status":"publish","type":"product","link":"https:\/\/grassxpress.com\/hu\/termek\/master-kush\/","title":{"rendered":"Master kush"},"content":{"rendered":"<h2><strong>Master Kush Weed Strain in UK| Master Kush for sale | buy master kush online<\/strong><\/h2>\n<p><span style=\"color: #000000;\"><a href=\"https:\/\/grassxpress.com\/hu\/termek\/master-kush\/\">Buy Master Kush online in Uk<\/a> Indica keresztez\u00e9se a Hindu Kush r\u00e9gi\u00f3 k\u00fcl\u00f6nb\u00f6z\u0151 r\u00e9szeib\u0151l sz\u00e1rmaz\u00f3 k\u00e9t t\u00e1jfajt\u00e1b\u00f3l a Dutch White Label Seed Company \u00e1ltal Amszterdamban. A n\u00f6v\u00e9ny finom f\u00f6ldes, citrusos illatot \u00e1raszt egy csipetnyi t\u00f6mj\u00e9nnel, amelyet gyakran vintage \u00edzk\u00e9nt \u00edrnak le. Mester Kush \u00edze a h\u00edres, kem\u00e9nyre d\u00f6rzs\u00f6lt charas hash-re eml\u00e9keztet. Weed shop online uk. <a href=\"https:\/\/grassxpress.com\/hu\/mail-order-weed-uk\/\">Tov\u00e1bbi<\/a><\/span><\/p>\n<p><span style=\"color: #000000;\"><strong>T\u00f6rzs neve:<\/strong> Kush mester<\/span><br \/>\n<span style=\"color: #000000;\"><strong>Type:<\/strong> Indica<\/span><br \/>\n<span style=\"color: #000000;\"><strong>Looks:<\/strong> S\u0171r\u0171, \u00e9l\u00e9nkz\u00f6ld r\u00f6g\u00f6k bor\u00edtj\u00e1k <a href=\"https:\/\/en.wikipedia.org\/wiki\/Special:Search?search=weed+online&amp;go=Go&amp;ns0=1\">in<\/a> narancss\u00e1rga sz\u0151rsz\u00e1lak \u00e9s trikr\u00f3mokkal, ameddig a szem ell\u00e1t<\/span><br \/>\n<span style=\"color: #000000;\"><strong>Smell:<\/strong> Piney &amp; Citrus Skunk<\/span><br \/>\n<span style=\"color: #000000;\"><strong>Taste:<\/strong> Komplex Kush \u00edze egy csipetnyi citrusf\u00e9l\u00e9k \u00e9s finom a kil\u00e9gz\u00e9sben<\/span><br \/>\n<span style=\"color: #000000;\"><strong>Effects:<\/strong> NARCOTIC Indica Dominance Nagyon neh\u00e9z a szemh\u00e9jon, azonnal \u00e9rezhet\u0151 a kil\u00e9gz\u00e9skor n\u00e9h\u00e1ny sativa tulajdons\u00e1g, DE f\u0151leg az eg\u00e9sz testen \u00e9rezhet\u0151<\/span><br \/>\n<span style=\"color: #000000;\"><strong>Potency:<\/strong> 10 NEM k\u00f6nny\u0171s\u00faly\u00faaknak Haszn\u00e1ljon diszkr\u00e9ci\u00f3t az adagol\u00e1s sor\u00e1n, k\u00fcl\u00f6nben k\u00e9sz\u00fclj\u00f6n fel a HOSSZ\u00da szundira!!!<\/span><\/p>\n<h3><strong>A Master Kush hat\u00e1sai \u00e9s el\u0151nyei<\/strong><\/h3>\n<p>A Master Kush m\u00e9lyen ellaz\u00edt\u00f3 \u00e9s nyugtat\u00f3 tulajdons\u00e1gair\u00f3l ismert, \u00edgy ide\u00e1lis a k\u00f6vetkez\u0151kre:<br \/>\n\u2013\u00a0Stressz \u00e9s szorong\u00e1sold\u00e1s\u00a0\u2013 Megnyugtatja az elm\u00e9t \u00e9s el\u0151seg\u00edti a relax\u00e1ci\u00f3t.<br \/>\n\u2013\u00a0F\u00e1jdalomcsillap\u00edt\u00e1s\u00a0\u2013 Hat\u00e9kony kr\u00f3nikus f\u00e1jdalom, izomg\u00f6rcs\u00f6k \u00e9s gyullad\u00e1s eset\u00e9n.<br \/>\n\u2013\u00a0\u00c1lmatlans\u00e1g enyh\u00edt\u00e9se\u00a0\u2013 Seg\u00edt a felhaszn\u00e1l\u00f3knak gyorsabban elaludni \u00e9s m\u00e9lyebb pihen\u00e9st \u00e9lvezni.<br \/>\n\u2013\u00a0\u00c9tv\u00e1gygerjeszt\u0151\u00a0\u2013 Nagyszer\u0171 azok sz\u00e1m\u00e1ra, akik h\u00e1nyingerrel vagy \u00e9hs\u00e9g\u00e9rzettel k\u00fczdenek.<\/p>\n<p>A hat\u00e1s gyeng\u00e9d agyi felt\u00f6lt\u0151d\u00e9ssel kezd\u0151dik, miel\u0151tt teljes testes ellazul\u00e1sba v\u00e1lt, \u00edgy t\u00f6k\u00e9letes esti vagy \u00e9jszakai haszn\u00e1latra.<\/p>\n<h3>A Master Kush kannabiszfajta hat\u00e1sai<\/h3>\n<p>When you smoke this <a href=\"https:\/\/grassxpress.com\/hu\/termek\/eszaki-feny\/\">kannabisz<\/a>, you may experience the typical side effects of dry mouth and eyes. Higher dosages or eating Master Kush as an edible can also cause anxiety, paranoia, and dizziness in certain patients.<\/p>\n<p>Ennek a fajt\u00e1nak az els\u0151dleges c\u00e9lja a szorong\u00e1s \u00e9s a stressz cs\u00f6kkent\u00e9se. Az er\u0151s, indica-alap\u00fa hat\u00e1sok t\u00f6k\u00e9letesek az esti kikapcsol\u00f3d\u00e1shoz. Az \u00e1lmatlans\u00e1g kezel\u00e9s\u00e9ben a Master Kush nagyon sikeres. A kr\u00f3nikus f\u00e1jdalom kezelhet\u0151 a testet zsibbaszt\u00f3 hat\u00e1s\u00e1val. Ennek a fajt\u00e1nak az er\u0151s, jellegzetes \u201er\u00e1gcs\u00e1lnival\u00f3i\u201d seg\u00edthetnek az \u00e9tkez\u00e9si zavarokkal, p\u00e9ld\u00e1ul bulimi\u00e1val \u00e9s anorexi\u00e1val k\u00fczd\u0151 egy\u00e9neknek az \u00e9tv\u00e1gyuk n\u00f6vel\u00e9s\u00e9ben is. <a href=\"https:\/\/grassxpress.com\/hu\/\">Grassxpress<\/a><\/p>\n<h3>Mi\u00e9rt \u00e9rdemes t\u0151l\u00fcnk online v\u00e1s\u00e1rolni a Master Kush-t?<\/h3>\n<p>When you purchase the <a href=\"https:\/\/en.wikipedia.org\/wiki\/Kush_(cannabis)\">Master Kush strain online in uk<\/a>, you receive:<br \/>\nKiv\u00e1l\u00f3 min\u0151s\u00e9g; a hat\u00e9konys\u00e1got \u00e9s a tisztas\u00e1got laborat\u00f3riumban tesztelt\u00e9k.<\/p>\n<p>Gyors, titkos sz\u00e1ll\u00edt\u00e1s; biztons\u00e1gos, c\u00edmkementes csomagol\u00e1s.<br \/>\nVersenyk\u00e9pes \u00e1rak: Megfizethet\u0151 \u00e1r\u00fa nagy t\u00e9telben t\u00f6rt\u00e9n\u0151 megrendel\u00e9sek.<br \/>\nMegb\u00edzhat\u00f3 sz\u00e1ll\u00edt\u00e1s az Egyes\u00fclt \u00c1llamokba, Kanad\u00e1ba, Eur\u00f3p\u00e1ba \u00e9s m\u00e1s orsz\u00e1gokba; megb\u00edzhat\u00f3 szolg\u00e1ltat\u00e1s. <a href=\"https:\/\/grassxpress.com\/hu\/termek\/master-kush\/\">Pick yours up<\/a><\/p>\n<p>&nbsp;<\/p>","protected":false},"excerpt":{"rendered":"<p>NARCOTIC Indica Dominance Very Heavy on the eyelids felt immediately upon exhalation some sativa attributes BUT mainly a felt throughout the body.\u00a0This strain holds a superb balance of full-body relaxation without mind-numbing effects. Instead,\u00a0Master Kush offers a sharpened sensory awareness that can bring out the<\/p>","protected":false},"featured_media":4330,"comment_status":"open","ping_status":"closed","template":"","meta":{"_themeisle_gutenberg_block_has_review":false,"_ti_tpc_template_sync":false,"_ti_tpc_template_id":"","_joinchat":[]},"product_cat":[128],"product_tag":[137,138,139,140,141,142,143,144,145,33,146,147,148,149,150,151,152,153,154,155,156,157,158,159,160,161,162,163,164,165,166,167,168,169,170,171,172,173,174,175,176,177,178,179,180,181,182],"class_list":{"0":"post-4305","1":"product","2":"type-product","3":"status-publish","4":"has-post-thumbnail","6":"product_cat-indica","7":"product_tag-best-marijuana-strains-for-pains","8":"product_tag-best-online-dispensary","9":"product_tag-buy-cheap-master-kush","10":"product_tag-buy-marijuana-online","11":"product_tag-buy-master-kush","12":"product_tag-buy-master-kush-in-usa","13":"product_tag-buy-master-kush-online","14":"product_tag-buy-master-kush-strains","15":"product_tag-delivery-master-kush","16":"product_tag-indica-strains","17":"product_tag-kush-masters-colorado","18":"product_tag-marijuana-medical-strains","19":"product_tag-master-kush","20":"product_tag-master-kush-420","21":"product_tag-master-kush-buds-for-sale","22":"product_tag-master-kush-cartridge","23":"product_tag-master-kush-for-sale-colorado","24":"product_tag-master-kush-for-sale-in-canada-without-mmi-card","25":"product_tag-master-kush-for-sale-in-usa","26":"product_tag-master-kush-leafly","27":"product_tag-master-kush-mail-order","28":"product_tag-master-kush-marijuana-for-sale-without-mmi-card","29":"product_tag-master-kush-marijuana-online","30":"product_tag-master-kush-marijuana-seeds","31":"product_tag-master-kush-marijuana-strain","32":"product_tag-master-kush-overnight-delivery","33":"product_tag-master-kush-overnight-shipping","34":"product_tag-master-kush-seeds","35":"product_tag-master-kush-seeds-for-sale","36":"product_tag-master-kush-strain","37":"product_tag-master-kush-strains","38":"product_tag-master-kush-strains-worldwide-delivery","39":"product_tag-master-kush-vape","40":"product_tag-master-kush-vape-cartridge","41":"product_tag-master-kush-weed","42":"product_tag-master-kush-weed-strain","43":"product_tag-medical-cannabis","44":"product_tag-medical-cannabis-delivery","45":"product_tag-medical-master-kush","46":"product_tag-medical-master-kush-strains","47":"product_tag-order-master-kush","48":"product_tag-order-master-kush-marijuana","49":"product_tag-order-master-kush-online","50":"product_tag-quality-master-kush","51":"product_tag-ship-master-kush-strains","52":"product_tag-top-shelf-master-kush-online","53":"product_tag-top-shelf-master-kush-strain","55":"first","56":"instock","57":"shipping-taxable","58":"purchasable","59":"product-type-variable"},"yoast_head":"<!-- This site is optimized with the Yoast SEO plugin v22.7 - https:\/\/yoast.com\/wordpress\/plugins\/seo\/ -->\n<title>Buy Master Kush Online in UK | Master Kush Strain for Sale<\/title>\n<meta name=\"description\" content=\"Buy Master Kush online uk and discover a classic indica strain recognized for its earthy aroma and calming qualities. Master Kush for sale with rich kush genetics and a smooth, relaxing profile.\" \/>\n<meta name=\"robots\" content=\"index, follow, max-snippet:-1, max-image-preview:large, max-video-preview:-1\" \/>\n<link rel=\"canonical\" href=\"https:\/\/grassxpress.com\/hu\/termek\/master-kush\/\" \/>\n<meta property=\"og:locale\" content=\"hu_HU\" \/>\n<meta property=\"og:type\" content=\"article\" \/>\n<meta property=\"og:title\" content=\"Buy Master Kush Online in UK | Master Kush Strain for Sale\" \/>\n<meta property=\"og:description\" content=\"Buy Master Kush online uk and discover a classic indica strain recognized for its earthy aroma and calming qualities. Master Kush for sale with rich kush genetics and a smooth, relaxing profile.\" \/>\n<meta property=\"og:url\" content=\"https:\/\/grassxpress.com\/hu\/termek\/master-kush\/\" \/>\n<meta property=\"og:site_name\" content=\"GrassXpress\" \/>\n<meta property=\"article:modified_time\" content=\"2026-04-02T09:13:13+00:00\" \/>\n<meta property=\"og:image\" content=\"https:\/\/grassxpress.com\/wp-content\/uploads\/2022\/11\/Master-kush.jpg\" \/>\n\t<meta property=\"og:image:width\" content=\"600\" \/>\n\t<meta property=\"og:image:height\" content=\"600\" \/>\n\t<meta property=\"og:image:type\" content=\"image\/jpeg\" \/>\n<meta name=\"twitter:card\" content=\"summary_large_image\" \/>\n<meta name=\"twitter:label1\" content=\"Becs\u00fclt olvas\u00e1si id\u0151\" \/>\n\t<meta name=\"twitter:data1\" content=\"3 perc\" \/>\n<!-- \/ Yoast SEO plugin. -->","yoast_head_json":{"title":"Buy Master Kush Online in UK | Master Kush Strain for Sale","description":"Buy Master Kush online uk and discover a classic indica strain recognized for its earthy aroma and calming qualities. Master Kush for sale with rich kush genetics and a smooth, relaxing profile.","robots":{"index":"index","follow":"follow","max-snippet":"max-snippet:-1","max-image-preview":"max-image-preview:large","max-video-preview":"max-video-preview:-1"},"canonical":"https:\/\/grassxpress.com\/hu\/termek\/master-kush\/","og_locale":"hu_HU","og_type":"article","og_title":"Buy Master Kush Online in UK | Master Kush Strain for Sale","og_description":"Buy Master Kush online uk and discover a classic indica strain recognized for its earthy aroma and calming qualities. Master Kush for sale with rich kush genetics and a smooth, relaxing profile.","og_url":"https:\/\/grassxpress.com\/hu\/termek\/master-kush\/","og_site_name":"GrassXpress","article_modified_time":"2026-04-02T09:13:13+00:00","og_image":[{"width":600,"height":600,"url":"https:\/\/grassxpress.com\/wp-content\/uploads\/2022\/11\/Master-kush.jpg","type":"image\/jpeg"}],"twitter_card":"summary_large_image","twitter_misc":{"Becs\u00fclt olvas\u00e1si id\u0151":"3 perc"},"schema":{"@context":"https:\/\/schema.org","@graph":[{"@type":"WebPage","@id":"https:\/\/grassxpress.com\/product\/master-kush\/","url":"https:\/\/grassxpress.com\/product\/master-kush\/","name":"Buy Master Kush Online in UK | Master Kush Strain for Sale","isPartOf":{"@id":"https:\/\/grassxpress.com\/#website"},"primaryImageOfPage":{"@id":"https:\/\/grassxpress.com\/product\/master-kush\/#primaryimage"},"image":{"@id":"https:\/\/grassxpress.com\/product\/master-kush\/#primaryimage"},"thumbnailUrl":"https:\/\/grassxpress.com\/wp-content\/uploads\/2022\/11\/Master-kush.jpg","datePublished":"2022-11-15T09:39:58+00:00","dateModified":"2026-04-02T09:13:13+00:00","description":"Buy Master Kush online uk and discover a classic indica strain recognized for its earthy aroma and calming qualities. Master Kush for sale with rich kush genetics and a smooth, relaxing profile.","breadcrumb":{"@id":"https:\/\/grassxpress.com\/product\/master-kush\/#breadcrumb"},"inLanguage":"hu","potentialAction":[{"@type":"ReadAction","target":["https:\/\/grassxpress.com\/product\/master-kush\/"]}]},{"@type":"ImageObject","inLanguage":"hu","@id":"https:\/\/grassxpress.com\/product\/master-kush\/#primaryimage","url":"https:\/\/grassxpress.com\/wp-content\/uploads\/2022\/11\/Master-kush.jpg","contentUrl":"https:\/\/grassxpress.com\/wp-content\/uploads\/2022\/11\/Master-kush.jpg","width":600,"height":600,"caption":"Master kush"},{"@type":"BreadcrumbList","@id":"https:\/\/grassxpress.com\/product\/master-kush\/#breadcrumb","itemListElement":[{"@type":"ListItem","position":1,"name":"Home","item":"https:\/\/grassxpress.com\/"},{"@type":"ListItem","position":2,"name":"Mail Order Weed UK","item":"https:\/\/grassxpress.com\/mail-order-weed-uk\/"},{"@type":"ListItem","position":3,"name":"Master kush"}]},{"@type":"WebSite","@id":"https:\/\/grassxpress.com\/#website","url":"https:\/\/grassxpress.com\/","name":"GrassXpress","description":"Buy Weed Online UK","publisher":{"@id":"https:\/\/grassxpress.com\/#organization"},"potentialAction":[{"@type":"SearchAction","target":{"@type":"EntryPoint","urlTemplate":"https:\/\/grassxpress.com\/?s={search_term_string}"},"query-input":"required name=search_term_string"}],"inLanguage":"hu"},{"@type":"Organization","@id":"https:\/\/grassxpress.com\/#organization","name":"GrassXpress","url":"https:\/\/grassxpress.com\/","logo":{"@type":"ImageObject","inLanguage":"hu","@id":"https:\/\/grassxpress.com\/#\/schema\/logo\/image\/","url":"https:\/\/grassxpress.com\/wp-content\/uploads\/2024\/01\/logo.png","contentUrl":"https:\/\/grassxpress.com\/wp-content\/uploads\/2024\/01\/logo.png","width":300,"height":100,"caption":"GrassXpress"},"image":{"@id":"https:\/\/grassxpress.com\/#\/schema\/logo\/image\/"}}]}},"_links":{"self":[{"href":"https:\/\/grassxpress.com\/hu\/wp-json\/wp\/v2\/product\/4305","targetHints":{"allow":["GET"]}}],"collection":[{"href":"https:\/\/grassxpress.com\/hu\/wp-json\/wp\/v2\/product"}],"about":[{"href":"https:\/\/grassxpress.com\/hu\/wp-json\/wp\/v2\/types\/product"}],"replies":[{"embeddable":true,"href":"https:\/\/grassxpress.com\/hu\/wp-json\/wp\/v2\/comments?post=4305"}],"wp:featuredmedia":[{"embeddable":true,"href":"https:\/\/grassxpress.com\/hu\/wp-json\/wp\/v2\/media\/4330"}],"wp:attachment":[{"href":"https:\/\/grassxpress.com\/hu\/wp-json\/wp\/v2\/media?parent=4305"}],"wp:term":[{"taxonomy":"product_cat","embeddable":true,"href":"https:\/\/grassxpress.com\/hu\/wp-json\/wp\/v2\/product_cat?post=4305"},{"taxonomy":"product_tag","embeddable":true,"href":"https:\/\/grassxpress.com\/hu\/wp-json\/wp\/v2\/product_tag?post=4305"}],"curies":[{"name":"wp","href":"https:\/\/api.w.org\/{rel}","templated":true}]}}