{"id":4277,"date":"2022-11-15T09:17:34","date_gmt":"2022-11-15T09:17:34","guid":{"rendered":"https:\/\/documentosespana.com\/diligent\/?post_type=product&#038;p=4277"},"modified":"2026-04-02T09:22:32","modified_gmt":"2026-04-02T09:22:32","slug":"purple-haze","status":"publish","type":"product","link":"https:\/\/grassxpress.com\/hu\/termek\/purple-haze\/","title":{"rendered":"Lila k\u00f6d"},"content":{"rendered":"<h2>V\u00e1s\u00e1roljon Purple Haze-t online Hungarain<\/h2>\n<p>\u00e1ltal n\u00e9pszer\u0171s\u00edtette <a href=\"https:\/\/en.wikipedia.org\/wiki\/Jimi_Hendrix\">Jimi Hendrix<\/a>Az 1967-es klasszikus, a Purple Haze az euf\u00f3ria \u00e1lmodoz\u00f3 kit\u00f6r\u00e9s\u00e9t adja, amely visszahozza a veter\u00e1n fogyaszt\u00f3kat pszichedelikus vir\u00e1gkorukba. Ezt a nosztalgikus sativa alapdarabot tov\u00e1bbra is nagyra \u00e9rt\u00e9kelik a nagy energi\u00e1j\u00fa agyi stimul\u00e1ci\u00f3 miatt, amely eg\u00e9sz nap fel\u00e9breszti a kreativit\u00e1st \u00e9s a boldog\u00edt\u00f3 el\u00e9gedetts\u00e9get. leg\u00e1lis gyom v\u00e1s\u00e1rl\u00e1s online magyarorsz\u00e1gon<\/p>\n<p>\u00dagy tartj\u00e1k, hogy a Purple Haze a sz\u00fcl\u0151 t\u00f6rzsekb\u0151l sz\u00e1rmazik. <a href=\"https:\/\/grassxpress.com\/hu\/termek\/purple-haze\/\">Purple Thai and Haze<\/a>, which pass on a mix of sweet and earthy flavors underscored by notes of berry and sharp spice. Purple Haze buds typically acquire vibrant hues of lavender that further justify the naming of this strain. buy legal weed online uk<\/p>\n<p><strong>Potency:<\/strong> Most Sativa strains test right around 13.5% THC. <a href=\"https:\/\/grassxpress.com\/hu\/termek\/purple-haze\/\">Lila k\u00f6d<\/a> ranges anywhere from 13%to 20% THC. The potency of the specific buds you get your hands on will play a key role in how intense your high ends up being.<\/p>\n<p><strong>Effects:<\/strong> Ez az eg\u00e9sz az agyr\u00f3l sz\u00f3l. A Purple Haze elfogyaszt\u00e1sa ut\u00e1n n\u00e9h\u00e1ny jellegzetes \u00e9s er\u0151teljes agyi cs\u00facsra sz\u00e1m\u00edthat. Biztosan euf\u00f3rikusnak, energikusnak, felemeltnek \u00e9s kreat\u00edvnak fogod \u00e9rezni magad. \u00c9s ha valami er\u0151s vir\u00e1got haszn\u00e1lsz, vagy nagyobb adagot v\u00e1lasztasz, akkor is tapasztalhatsz n\u00e9mi tripla pszichedelikus hat\u00e1st. Ak\u00e1rhogy is, az \u00e9g magass\u00e1g\u00e1ban fogsz lebegni, miut\u00e1n n\u00e9h\u00e1ny f\u00faj\u00e1s ut\u00e1n ezen a fels\u0151 polcon tal\u00e1lhat\u00f3 kannabiszt\u00f6rzs\u00f6n fogsz lebegni.<\/p>\n<p><strong>Scent &amp; Flavor:<\/strong> Purple Haze has an earthy smell with notes of sweetness. That same profile carries over into the taste of the smoke, which also takes on a slight berry flavor. Purple Haze is a sativa dominant hybrid 85% sativa\/15% strain that is a potent cross between the rare yet popular <a href=\"https:\/\/grassxpress.com\/hu\/termek\/sour-diesel\/\">Purple Thai X Haze strains<\/a>. Purple Haze was named after Jimi Hendrix\u2019s classic 1967 song and is one of the most famous strains ever thanks to its popularity in the 1960s. Users describe the Purple Haze high as one with almost immediate high-energy cerebral stimulation accompanied by an intense sense of creative inspiration and blissful contentment. You may experience a mild body buzz that is warming and spreads from your head and neck throughout the rest of your body.<\/p>\n<p>Due to these potent effects, Purple Haze in ideal <a href=\"https:\/\/grassxpress.com\/hu\/\">t\u00f6rzs<\/a> for treating patients suffering from conditions such as fatigue, mild to moderate cases of depression, and chronic stress or anxiety. Purple Haze has long, dense pepper-shaped nugs that are light minty green with rich purple undertones. These nugs are covered in long thin light and dark purple hairs and a fine layer of milky white trichomes and sweet sticky resin. It has a sweet earthy berry aroma and a pungent berry taste with a hint of spice. <a href=\"https:\/\/grassxpress.com\/hu\/mail-order-weed-uk\/\">Tov\u00e1bbi<\/a><\/p>","protected":false},"excerpt":{"rendered":"<p>Purple Haze cannabis is an old school favorite that made it\u2019s presence known in the 1970\u2019s. Named after a Jimi Hedrix song that is about a high grade L.S.D., the Sativa\u00a0qualities of Purple Haze will definitely put you in a \u201cHaze\u201d and leave you feeling happy. Purple Haze is great for patients that need relief from depression, stress and pain.<\/p>","protected":false},"featured_media":4300,"comment_status":"open","ping_status":"closed","template":"","meta":{"_themeisle_gutenberg_block_has_review":false,"_ti_tpc_template_sync":false,"_ti_tpc_template_id":"","_joinchat":[]},"product_cat":[19],"product_tag":[68,69,20,21,70,71,72,25,73,26,28,74,75,76,77,51,52,78,54,79,80,58,81,82,83,84,85,86,87,88,89,90,91,92,93,94,95,96,97,98,99,100,101,102,103,64,104,66,105],"class_list":{"0":"post-4277","1":"product","2":"type-product","3":"status-publish","4":"has-post-thumbnail","6":"product_cat-sativa","7":"product_tag-40-sativa","8":"product_tag-60-indica","9":"product_tag-average-weed-prices-in-new-york","10":"product_tag-best-cannabis-strains","11":"product_tag-buy-1-oz-purple-haze","12":"product_tag-buy-discount-ounce-purple-haze","13":"product_tag-buy-purple-haze-online","14":"product_tag-cannabis-priceofweed-com","15":"product_tag-cannabis-strain","16":"product_tag-cannabis-strain-information","17":"product_tag-home-of-premium-cannabis","18":"product_tag-how-much-does-an-ounce-of-purple-haze-cost","19":"product_tag-how-much-is-a-quarter-of-purple-haze","20":"product_tag-how-much-is-an-ounce-of-purple-haze","21":"product_tag-how-much-is-purple-kush-a-pound","22":"product_tag-marijuana","23":"product_tag-marijuana-bud-shop","24":"product_tag-marijuana-strain-purple-kush","25":"product_tag-marijuanatopshelfstore-com","26":"product_tag-ounce-of-price-of-purple-haze-weed","27":"product_tag-ounce-of-purple-haze","28":"product_tag-ounce-of-weed","29":"product_tag-oz-purple-haze","30":"product_tag-platinum-purple-haze","31":"product_tag-price-of-purple-haze","32":"product_tag-purple-h","33":"product_tag-purple-haze","34":"product_tag-purple-haze-17-to-27thc","35":"product_tag-purple-haze-5","36":"product_tag-purple-haze-buds","37":"product_tag-purple-haze-cbd","38":"product_tag-purple-haze-hash","39":"product_tag-purple-haze-hybrid-strains","40":"product_tag-purple-haze-is-a-100-pure-indica-strain","41":"product_tag-purple-haze-kush","42":"product_tag-purple-haze-marijuana-strain","43":"product_tag-purple-haze-seeds","44":"product_tag-purple-haze-shatter-glo","45":"product_tag-purple-haze-strain","46":"product_tag-purple-haze-strains","47":"product_tag-purple-haze-weed-online","48":"product_tag-purple-kush-and-other-strains","49":"product_tag-purple-kush-price","50":"product_tag-purple-kush-strain-for-sale","51":"product_tag-super-purple-haze","52":"product_tag-the-price-of-weed","53":"product_tag-weed-prices-for-purple-kush","54":"product_tag-weedmaps","55":"product_tag-what-is-the-best-purple-haze-strains","57":"first","58":"instock","59":"shipping-taxable","60":"purchasable","61":"product-type-variable"},"yoast_head":"<!-- This site is optimized with the Yoast SEO plugin v22.7 - https:\/\/yoast.com\/wordpress\/plugins\/seo\/ -->\n<title>Purple Haze Strain for Sale UK \u2013 Buy Purple Haze Cannabis Online<\/title>\n<meta name=\"description\" content=\"Buy Purple Haze strain online uk. Classic sativa-dominant cannabis known for its sweet berry aroma and uplifting, creative effects that boost mood and energy.\" \/>\n<meta name=\"robots\" content=\"index, follow, max-snippet:-1, max-image-preview:large, max-video-preview:-1\" \/>\n<link rel=\"canonical\" href=\"https:\/\/grassxpress.com\/hu\/termek\/purple-haze\/\" \/>\n<meta property=\"og:locale\" content=\"hu_HU\" \/>\n<meta property=\"og:type\" content=\"article\" \/>\n<meta property=\"og:title\" content=\"Purple Haze Strain for Sale UK \u2013 Buy Purple Haze Cannabis Online\" \/>\n<meta property=\"og:description\" content=\"Buy Purple Haze strain online uk. Classic sativa-dominant cannabis known for its sweet berry aroma and uplifting, creative effects that boost mood and energy.\" \/>\n<meta property=\"og:url\" content=\"https:\/\/grassxpress.com\/hu\/termek\/purple-haze\/\" \/>\n<meta property=\"og:site_name\" content=\"GrassXpress\" \/>\n<meta property=\"article:modified_time\" content=\"2026-04-02T09:22:32+00:00\" \/>\n<meta property=\"og:image\" content=\"https:\/\/grassxpress.com\/wp-content\/uploads\/2022\/11\/Purple-Haze.jpg\" \/>\n\t<meta property=\"og:image:width\" content=\"600\" \/>\n\t<meta property=\"og:image:height\" content=\"600\" \/>\n\t<meta property=\"og:image:type\" content=\"image\/jpeg\" \/>\n<meta name=\"twitter:card\" content=\"summary_large_image\" \/>\n<meta name=\"twitter:label1\" content=\"Becs\u00fclt olvas\u00e1si id\u0151\" \/>\n\t<meta name=\"twitter:data1\" content=\"3 perc\" \/>\n<!-- \/ Yoast SEO plugin. -->","yoast_head_json":{"title":"Purple Haze Strain for Sale UK \u2013 Buy Purple Haze Cannabis Online","description":"Buy Purple Haze strain online uk. Classic sativa-dominant cannabis known for its sweet berry aroma and uplifting, creative effects that boost mood and energy.","robots":{"index":"index","follow":"follow","max-snippet":"max-snippet:-1","max-image-preview":"max-image-preview:large","max-video-preview":"max-video-preview:-1"},"canonical":"https:\/\/grassxpress.com\/hu\/termek\/purple-haze\/","og_locale":"hu_HU","og_type":"article","og_title":"Purple Haze Strain for Sale UK \u2013 Buy Purple Haze Cannabis Online","og_description":"Buy Purple Haze strain online uk. Classic sativa-dominant cannabis known for its sweet berry aroma and uplifting, creative effects that boost mood and energy.","og_url":"https:\/\/grassxpress.com\/hu\/termek\/purple-haze\/","og_site_name":"GrassXpress","article_modified_time":"2026-04-02T09:22:32+00:00","og_image":[{"width":600,"height":600,"url":"https:\/\/grassxpress.com\/wp-content\/uploads\/2022\/11\/Purple-Haze.jpg","type":"image\/jpeg"}],"twitter_card":"summary_large_image","twitter_misc":{"Becs\u00fclt olvas\u00e1si id\u0151":"3 perc"},"schema":{"@context":"https:\/\/schema.org","@graph":[{"@type":"WebPage","@id":"https:\/\/grassxpress.com\/product\/purple-haze\/","url":"https:\/\/grassxpress.com\/product\/purple-haze\/","name":"Purple Haze Strain for Sale UK \u2013 Buy Purple Haze Cannabis Online","isPartOf":{"@id":"https:\/\/grassxpress.com\/#website"},"primaryImageOfPage":{"@id":"https:\/\/grassxpress.com\/product\/purple-haze\/#primaryimage"},"image":{"@id":"https:\/\/grassxpress.com\/product\/purple-haze\/#primaryimage"},"thumbnailUrl":"https:\/\/grassxpress.com\/wp-content\/uploads\/2022\/11\/Purple-Haze.jpg","datePublished":"2022-11-15T09:17:34+00:00","dateModified":"2026-04-02T09:22:32+00:00","description":"Buy Purple Haze strain online uk. Classic sativa-dominant cannabis known for its sweet berry aroma and uplifting, creative effects that boost mood and energy.","breadcrumb":{"@id":"https:\/\/grassxpress.com\/product\/purple-haze\/#breadcrumb"},"inLanguage":"hu","potentialAction":[{"@type":"ReadAction","target":["https:\/\/grassxpress.com\/product\/purple-haze\/"]}]},{"@type":"ImageObject","inLanguage":"hu","@id":"https:\/\/grassxpress.com\/product\/purple-haze\/#primaryimage","url":"https:\/\/grassxpress.com\/wp-content\/uploads\/2022\/11\/Purple-Haze.jpg","contentUrl":"https:\/\/grassxpress.com\/wp-content\/uploads\/2022\/11\/Purple-Haze.jpg","width":600,"height":600,"caption":"Purple Haze"},{"@type":"BreadcrumbList","@id":"https:\/\/grassxpress.com\/product\/purple-haze\/#breadcrumb","itemListElement":[{"@type":"ListItem","position":1,"name":"Home","item":"https:\/\/grassxpress.com\/"},{"@type":"ListItem","position":2,"name":"Mail Order Weed UK","item":"https:\/\/grassxpress.com\/mail-order-weed-uk\/"},{"@type":"ListItem","position":3,"name":"Purple Haze"}]},{"@type":"WebSite","@id":"https:\/\/grassxpress.com\/#website","url":"https:\/\/grassxpress.com\/","name":"GrassXpress","description":"Buy Weed Online UK","publisher":{"@id":"https:\/\/grassxpress.com\/#organization"},"potentialAction":[{"@type":"SearchAction","target":{"@type":"EntryPoint","urlTemplate":"https:\/\/grassxpress.com\/?s={search_term_string}"},"query-input":"required name=search_term_string"}],"inLanguage":"hu"},{"@type":"Organization","@id":"https:\/\/grassxpress.com\/#organization","name":"GrassXpress","url":"https:\/\/grassxpress.com\/","logo":{"@type":"ImageObject","inLanguage":"hu","@id":"https:\/\/grassxpress.com\/#\/schema\/logo\/image\/","url":"https:\/\/grassxpress.com\/wp-content\/uploads\/2024\/01\/logo.png","contentUrl":"https:\/\/grassxpress.com\/wp-content\/uploads\/2024\/01\/logo.png","width":300,"height":100,"caption":"GrassXpress"},"image":{"@id":"https:\/\/grassxpress.com\/#\/schema\/logo\/image\/"}}]}},"_links":{"self":[{"href":"https:\/\/grassxpress.com\/hu\/wp-json\/wp\/v2\/product\/4277","targetHints":{"allow":["GET"]}}],"collection":[{"href":"https:\/\/grassxpress.com\/hu\/wp-json\/wp\/v2\/product"}],"about":[{"href":"https:\/\/grassxpress.com\/hu\/wp-json\/wp\/v2\/types\/product"}],"replies":[{"embeddable":true,"href":"https:\/\/grassxpress.com\/hu\/wp-json\/wp\/v2\/comments?post=4277"}],"wp:featuredmedia":[{"embeddable":true,"href":"https:\/\/grassxpress.com\/hu\/wp-json\/wp\/v2\/media\/4300"}],"wp:attachment":[{"href":"https:\/\/grassxpress.com\/hu\/wp-json\/wp\/v2\/media?parent=4277"}],"wp:term":[{"taxonomy":"product_cat","embeddable":true,"href":"https:\/\/grassxpress.com\/hu\/wp-json\/wp\/v2\/product_cat?post=4277"},{"taxonomy":"product_tag","embeddable":true,"href":"https:\/\/grassxpress.com\/hu\/wp-json\/wp\/v2\/product_tag?post=4277"}],"curies":[{"name":"wp","href":"https:\/\/api.w.org\/{rel}","templated":true}]}}