{"id":4274,"date":"2022-11-15T09:07:11","date_gmt":"2022-11-15T09:07:11","guid":{"rendered":"https:\/\/documentosespana.com\/diligent\/?post_type=product&#038;p=4274"},"modified":"2026-04-01T07:48:56","modified_gmt":"2026-04-01T07:48:56","slug":"jack-ripper","status":"publish","type":"product","link":"https:\/\/grassxpress.com\/hu\/termek\/jack-ripper\/","title":{"rendered":"Hasfelmetsz\u0151 Jack"},"content":{"rendered":"<div class=\"relative basis-auto flex-col -mb-(--composer-overlap-px) [--composer-overlap-px:28px] grow flex\">\n<div class=\"flex flex-col text-sm pb-25\">\n<article class=\"text-token-text-primary w-full focus:outline-none [--shadow-height:45px] has-data-writing-block:pointer-events-none has-data-writing-block:-mt-(--shadow-height) has-data-writing-block:pt-(--shadow-height) [&amp;:has([data-writing-block])&gt;*]:pointer-events-auto scroll-mt-[calc(var(--header-height)+min(200px,max(70px,20svh)))]\" dir=\"auto\" tabindex=\"-1\" data-turn-id=\"request-WEB:04e6e77b-5047-4170-b5cf-69678400d879-13\" data-testid=\"conversation-turn-28\" data-scroll-anchor=\"true\" data-turn=\"assistant\">\n<div class=\"text-base my-auto mx-auto pb-10 [--thread-content-margin:var(--thread-content-margin-xs,calc(var(--spacing)*4))] @w-sm\/main:[--thread-content-margin:var(--thread-content-margin-sm,calc(var(--spacing)*6))] @w-lg\/main:[--thread-content-margin:var(--thread-content-margin-lg,calc(var(--spacing)*16))] px-(--thread-content-margin)\">\n<div class=\"[--thread-content-max-width:40rem] @w-lg\/main:[--thread-content-max-width:48rem] mx-auto max-w-(--thread-content-max-width) flex-1 group\/turn-messages focus-visible:outline-hidden relative flex w-full min-w-0 flex-col agent-turn\" tabindex=\"-1\">\n<div class=\"flex max-w-full flex-col gap-4 grow\">\n<div class=\"min-h-8 text-message relative flex w-full flex-col items-end gap-2 text-start break-words whitespace-normal [.text-message+&amp;]:mt-1\" dir=\"auto\" data-message-author-role=\"assistant\" data-message-id=\"7c1d9cfd-741b-4acb-9dfc-d565880b151f\" data-message-model-slug=\"gpt-5-3\">\n<div class=\"flex w-full flex-col gap-1 empty:hidden\">\n<div class=\"markdown prose dark:prose-invert w-full wrap-break-word light markdown-new-styling\">\n<h2 data-section-id=\"k3syd1\" data-start=\"0\" data-end=\"28\">V\u00e1s\u00e1roljon Jack Rippert magyarul online<\/h2>\n<p data-start=\"30\" data-end=\"330\">Ha online kannabisz v\u00e1s\u00e1rl\u00e1st keresel az Egyes\u00fclt Kir\u00e1lys\u00e1gban, sok kannabiszrajong\u00f3 ezt v\u00e1lasztja <a href=\"https:\/\/grassxpress.com\/hu\/termek\/jack-ripper\/\">Buy Jack Ripper online<\/a> energikus \u00e9s felemel\u0151 hat\u00e1sai miatt. Egyedi nev\u00e9r\u0151l \u00e9s er\u0151s intellektu\u00e1lis \u00e9lm\u00e9ny\u00e9r\u0151l ismert, elad\u00f3 Jack Ripper fajta n\u00e9pszer\u0171 azok k\u00f6r\u00e9ben, akik a kreat\u00edv nappali euf\u00f3ri\u00e1t kedvelik. Ennek a \u201egyilkosnak\u201d a neve... <a href=\"https:\/\/grassxpress.com\/hu\/\">t\u00f6rzs<\/a> a h\u00edres 19. sz\u00e1zadi londoni alakra, Hasfelmetsz\u0151 Jackre utal, akit gyakran a vil\u00e1g els\u0151 dokument\u00e1lt sorozatgyilkos\u00e1nak tartanak. B\u00e1r a n\u00e9v intenz\u00edvnek hangzik, a fajta hat\u00e1sai kor\u00e1ntsem er\u0151szakosak. Ehelyett azok, akik Jack Rippert v\u00e1s\u00e1rolnak, jellemz\u0151en egy k\u00fasz\u00f3 agyi euf\u00f3ri\u00e1t tapasztalnak, amely fokozatosan \u00e9p\u00edti \u00e9s \u00f6szt\u00f6nzi a kreativit\u00e1st, a koncentr\u00e1ci\u00f3t \u00e9s a motiv\u00e1ci\u00f3t.<\/p>\n<h2 data-section-id=\"1oba3s7\" data-start=\"730\" data-end=\"755\">Jack Ripper hat\u00e1sai<\/h2>\n<p data-start=\"757\" data-end=\"1000\">Users who <a href=\"https:\/\/en.wikipedia.org\/wiki\/Jack_the_Ripper\">Order Jack Ripper online<\/a> often report a bright, upbeat mental effect that combines energy with light physical relaxation. The strain provides a balanced experience that can support creative tasks, conversations, or artistic work. Because the high is mostly cerebral, many consumers searching Where to buy Jack Ripper? prefer this strain for daytime use. The uplifting mental stimulation can also help boost mood while still allowing users to remain productive.<\/p>\n<h2 data-section-id=\"1wslzu2\" data-start=\"1238\" data-end=\"1257\">eg\u00e9szs\u00e9g\u00fcgyi el\u0151nyei<\/h2>\n<p data-start=\"1259\" data-end=\"1465\">Many <a href=\"https:\/\/grassxpress.com\/hu\/termek\/mango-kush\/\">orvosi kannabisz<\/a> users Buy Jack Ripper online for its potential therapeutic benefits. The strain is commonly used to help manage depression and anxiety due to its positive and mood-lifting effects. In addition, some patients who look for Jack Ripper for sale report that it may help with conditions such as PTSD, migraines, and PMS symptoms. Its gentle yet noticeable relief makes it a popular choice for those seeking a balanced strain that supports mental clarity. <strong><a href=\"https:\/\/grassxpress.com\/hu\/termek\/jack-ripper\/\">Customer favorites<\/a><\/strong><\/p>\n<p data-start=\"3048\" data-end=\"3242\" data-is-last-node=\"\" data-is-only-node=\"\">\n<\/div>\n<\/div>\n<\/div>\n<\/div>\n<div class=\"z-0 flex min-h-[46px] justify-start\"><\/div>\n<div class=\"mt-3 w-full empty:hidden\">\n<div class=\"text-center\"><\/div>\n<\/div>\n<\/div>\n<\/div>\n<\/article>\n<\/div>\n<div class=\"pointer-events-none h-px w-px absolute bottom-0\" aria-hidden=\"true\" data-edge=\"true\"><\/div>\n<\/div>\n<div id=\"thread-bottom-container\" class=\"sticky bottom-0 group\/thread-bottom-container relative isolate z-10 w-full basis-auto has-data-has-thread-error:pt-2 has-data-has-thread-error:[box-shadow:var(--sharp-edge-bottom-shadow)] md:border-transparent md:pt-0 dark:border-white\/20 md:dark:border-transparent print:hidden content-fade single-line flex flex-col\">\n<div id=\"thread-bottom\">\n<div class=\"text-base mx-auto [--thread-content-margin:var(--thread-content-margin-xs,calc(var(--spacing)*4))] @w-sm\/main:[--thread-content-margin:var(--thread-content-margin-sm,calc(var(--spacing)*6))] @w-lg\/main:[--thread-content-margin:var(--thread-content-margin-lg,calc(var(--spacing)*16))] px-(--thread-content-margin)\">\n<div class=\"[--thread-content-max-width:40rem] @w-lg\/main:[--thread-content-max-width:48rem] mx-auto max-w-(--thread-content-max-width) flex-1 mb-[var(--thread-component-gap,1rem)]\">\n<div class=\"pointer-events-auto relative z-1 flex h-(--composer-container-height,100%) max-w-full flex-(--composer-container-flex,1) flex-col\">\n<form class=\"group\/composer w-full\" data-type=\"unified-composer\" action=\"\">\n<div class=\"\">\n<div class=\"bg-token-bg-primary corner-superellipse\/1.1 cursor-text overflow-clip bg-clip-padding p-2.5 contain-inline-size motion-safe:transition-colors motion-safe:duration-200 motion-safe:ease-in-out dark:bg-[#303030] grid grid-cols-[auto_1fr_auto] [grid-template-areas:'header_header_header'_'leading_primary_trailing'_'._footer_.'] group-data-expanded\/composer:[grid-template-areas:'header_header_header'_'primary_primary_primary'_'leading_footer_trailing'] shadow-short\" data-composer-surface=\"true\">\n<div class=\"-my-2.5 flex min-h-14 items-center overflow-x-hidden px-1.5 [grid-area:primary] group-data-expanded\/composer:mb-0 group-data-expanded\/composer:px-2.5\">\n<div class=\"wcDTda_prosemirror-parent text-token-text-primary max-h-[max(30svh,5rem)] max-h-52 min-h-[var(--deep-research-composer-extra-height,unset)] flex-1 overflow-auto [scrollbar-width:thin] default-browser vertical-scroll-fade-mask\">\n<div id=\"prompt-textarea\" class=\"ProseMirror\" role=\"textbox\" contenteditable=\"true\" translate=\"no\" data-virtualkeyboard=\"true\" aria-multiline=\"true\"><\/div>\n<\/div>\n<\/div>\n<\/div>\n<\/div>\n<input type=\"hidden\" name=\"trp-form-language\" value=\"hu\"\/><\/form>\n<\/div>\n<\/div>\n<\/div>\n<\/div>\n<\/div>","protected":false},"excerpt":{"rendered":"<p>Jack the Ripper<\/p>\n<p>Sativa Dominant Hybrid \u2013 70% Sativa \/ 30% Indica THC: 15% \u2013 20%<\/p>","protected":false},"featured_media":4288,"comment_status":"open","ping_status":"closed","template":"","meta":{"_themeisle_gutenberg_block_has_review":false,"_ti_tpc_template_sync":false,"_ti_tpc_template_id":"","_joinchat":[]},"product_cat":[19],"product_tag":[],"class_list":{"0":"post-4274","1":"product","2":"type-product","3":"status-publish","4":"has-post-thumbnail","6":"product_cat-sativa","8":"first","9":"instock","10":"shipping-taxable","11":"purchasable","12":"product-type-variable"},"yoast_head":"<!-- This site is optimized with the Yoast SEO plugin v22.7 - https:\/\/yoast.com\/wordpress\/plugins\/seo\/ -->\n<title>Jack Ripper | Legal weed uk buy online | Buy Jack Ripper weed<\/title>\n<meta name=\"description\" content=\"Jack Ripper uk buy online, Online Dispensary Shipping UK. Buy Marijuana Online Ireland. Cannabis oil For Sale UK, Buy Weed Online UK.\" \/>\n<meta name=\"robots\" content=\"index, follow, max-snippet:-1, max-image-preview:large, max-video-preview:-1\" \/>\n<link rel=\"canonical\" href=\"https:\/\/grassxpress.com\/hu\/termek\/jack-ripper\/\" \/>\n<meta property=\"og:locale\" content=\"hu_HU\" \/>\n<meta property=\"og:type\" content=\"article\" \/>\n<meta property=\"og:title\" content=\"Jack Ripper | Legal weed uk buy online | Buy Jack Ripper weed\" \/>\n<meta property=\"og:description\" content=\"Jack Ripper uk buy online, Online Dispensary Shipping UK. Buy Marijuana Online Ireland. Cannabis oil For Sale UK, Buy Weed Online UK.\" \/>\n<meta property=\"og:url\" content=\"https:\/\/grassxpress.com\/hu\/termek\/jack-ripper\/\" \/>\n<meta property=\"og:site_name\" content=\"GrassXpress\" \/>\n<meta property=\"article:modified_time\" content=\"2026-04-01T07:48:56+00:00\" \/>\n<meta property=\"og:image\" content=\"https:\/\/grassxpress.com\/wp-content\/uploads\/2022\/11\/Jack-Ripper.jpg\" \/>\n\t<meta property=\"og:image:width\" content=\"600\" \/>\n\t<meta property=\"og:image:height\" content=\"600\" \/>\n\t<meta property=\"og:image:type\" content=\"image\/jpeg\" \/>\n<meta name=\"twitter:card\" content=\"summary_large_image\" \/>\n<meta name=\"twitter:label1\" content=\"Becs\u00fclt olvas\u00e1si id\u0151\" \/>\n\t<meta name=\"twitter:data1\" content=\"2 perc\" \/>\n<!-- \/ Yoast SEO plugin. -->","yoast_head_json":{"title":"Jack Ripper | Legal weed uk buy online | Buy Jack Ripper weed","description":"Jack Ripper uk buy online, Online Dispensary Shipping UK. Buy Marijuana Online Ireland. Cannabis oil For Sale UK, Buy Weed Online UK.","robots":{"index":"index","follow":"follow","max-snippet":"max-snippet:-1","max-image-preview":"max-image-preview:large","max-video-preview":"max-video-preview:-1"},"canonical":"https:\/\/grassxpress.com\/hu\/termek\/jack-ripper\/","og_locale":"hu_HU","og_type":"article","og_title":"Jack Ripper | Legal weed uk buy online | Buy Jack Ripper weed","og_description":"Jack Ripper uk buy online, Online Dispensary Shipping UK. Buy Marijuana Online Ireland. Cannabis oil For Sale UK, Buy Weed Online UK.","og_url":"https:\/\/grassxpress.com\/hu\/termek\/jack-ripper\/","og_site_name":"GrassXpress","article_modified_time":"2026-04-01T07:48:56+00:00","og_image":[{"width":600,"height":600,"url":"https:\/\/grassxpress.com\/wp-content\/uploads\/2022\/11\/Jack-Ripper.jpg","type":"image\/jpeg"}],"twitter_card":"summary_large_image","twitter_misc":{"Becs\u00fclt olvas\u00e1si id\u0151":"2 perc"},"schema":{"@context":"https:\/\/schema.org","@graph":[{"@type":"WebPage","@id":"https:\/\/grassxpress.com\/product\/jack-ripper\/","url":"https:\/\/grassxpress.com\/product\/jack-ripper\/","name":"Jack Ripper | Legal weed uk buy online | Buy Jack Ripper weed","isPartOf":{"@id":"https:\/\/grassxpress.com\/#website"},"primaryImageOfPage":{"@id":"https:\/\/grassxpress.com\/product\/jack-ripper\/#primaryimage"},"image":{"@id":"https:\/\/grassxpress.com\/product\/jack-ripper\/#primaryimage"},"thumbnailUrl":"https:\/\/grassxpress.com\/wp-content\/uploads\/2022\/11\/Jack-Ripper.jpg","datePublished":"2022-11-15T09:07:11+00:00","dateModified":"2026-04-01T07:48:56+00:00","description":"Jack Ripper uk buy online, Online Dispensary Shipping UK. Buy Marijuana Online Ireland. Cannabis oil For Sale UK, Buy Weed Online UK.","breadcrumb":{"@id":"https:\/\/grassxpress.com\/product\/jack-ripper\/#breadcrumb"},"inLanguage":"hu","potentialAction":[{"@type":"ReadAction","target":["https:\/\/grassxpress.com\/product\/jack-ripper\/"]}]},{"@type":"ImageObject","inLanguage":"hu","@id":"https:\/\/grassxpress.com\/product\/jack-ripper\/#primaryimage","url":"https:\/\/grassxpress.com\/wp-content\/uploads\/2022\/11\/Jack-Ripper.jpg","contentUrl":"https:\/\/grassxpress.com\/wp-content\/uploads\/2022\/11\/Jack-Ripper.jpg","width":600,"height":600,"caption":"Jack Ripper"},{"@type":"BreadcrumbList","@id":"https:\/\/grassxpress.com\/product\/jack-ripper\/#breadcrumb","itemListElement":[{"@type":"ListItem","position":1,"name":"Home","item":"https:\/\/grassxpress.com\/"},{"@type":"ListItem","position":2,"name":"Mail Order Weed UK","item":"https:\/\/grassxpress.com\/mail-order-weed-uk\/"},{"@type":"ListItem","position":3,"name":"Jack Ripper"}]},{"@type":"WebSite","@id":"https:\/\/grassxpress.com\/#website","url":"https:\/\/grassxpress.com\/","name":"GrassXpress","description":"Buy Weed Online UK","publisher":{"@id":"https:\/\/grassxpress.com\/#organization"},"potentialAction":[{"@type":"SearchAction","target":{"@type":"EntryPoint","urlTemplate":"https:\/\/grassxpress.com\/?s={search_term_string}"},"query-input":"required name=search_term_string"}],"inLanguage":"hu"},{"@type":"Organization","@id":"https:\/\/grassxpress.com\/#organization","name":"GrassXpress","url":"https:\/\/grassxpress.com\/","logo":{"@type":"ImageObject","inLanguage":"hu","@id":"https:\/\/grassxpress.com\/#\/schema\/logo\/image\/","url":"https:\/\/grassxpress.com\/wp-content\/uploads\/2024\/01\/logo.png","contentUrl":"https:\/\/grassxpress.com\/wp-content\/uploads\/2024\/01\/logo.png","width":300,"height":100,"caption":"GrassXpress"},"image":{"@id":"https:\/\/grassxpress.com\/#\/schema\/logo\/image\/"}}]}},"_links":{"self":[{"href":"https:\/\/grassxpress.com\/hu\/wp-json\/wp\/v2\/product\/4274","targetHints":{"allow":["GET"]}}],"collection":[{"href":"https:\/\/grassxpress.com\/hu\/wp-json\/wp\/v2\/product"}],"about":[{"href":"https:\/\/grassxpress.com\/hu\/wp-json\/wp\/v2\/types\/product"}],"replies":[{"embeddable":true,"href":"https:\/\/grassxpress.com\/hu\/wp-json\/wp\/v2\/comments?post=4274"}],"wp:featuredmedia":[{"embeddable":true,"href":"https:\/\/grassxpress.com\/hu\/wp-json\/wp\/v2\/media\/4288"}],"wp:attachment":[{"href":"https:\/\/grassxpress.com\/hu\/wp-json\/wp\/v2\/media?parent=4274"}],"wp:term":[{"taxonomy":"product_cat","embeddable":true,"href":"https:\/\/grassxpress.com\/hu\/wp-json\/wp\/v2\/product_cat?post=4274"},{"taxonomy":"product_tag","embeddable":true,"href":"https:\/\/grassxpress.com\/hu\/wp-json\/wp\/v2\/product_tag?post=4274"}],"curies":[{"name":"wp","href":"https:\/\/api.w.org\/{rel}","templated":true}]}}