{"id":75,"date":"2020-01-27T08:29:32","date_gmt":"2020-01-27T08:29:32","guid":{"rendered":"https:\/\/demosites.io\/web-agency-gb\/?page_id=75"},"modified":"2022-11-15T15:42:44","modified_gmt":"2022-11-15T15:42:44","slug":"contact","status":"publish","type":"page","link":"https:\/\/grassxpress.com\/hu\/kapcsolatfelvetel\/","title":{"rendered":"Kapcsolatba l\u00e9pni"},"content":{"rendered":"<div data-elementor-type=\"wp-page\" data-elementor-id=\"75\" class=\"elementor elementor-75\">\n\t\t\t\t\t\t<section class=\"elementor-section elementor-top-section elementor-element elementor-element-1d054cd4 elementor-section-boxed elementor-section-height-default elementor-section-height-default\" data-id=\"1d054cd4\" data-element_type=\"section\">\n\t\t\t\t\t\t<div class=\"elementor-container elementor-column-gap-default\">\n\t\t\t\t\t<div class=\"elementor-column elementor-col-100 elementor-top-column elementor-element elementor-element-27edf7ef\" data-id=\"27edf7ef\" data-element_type=\"column\">\n\t\t\t<div class=\"elementor-widget-wrap elementor-element-populated\">\n\t\t\t\t\t\t<div class=\"elementor-element elementor-element-23d8a2ab elementor-widget elementor-widget-text-editor\" data-id=\"23d8a2ab\" data-element_type=\"widget\" data-widget_type=\"text-editor.default\">\n\t\t\t\t<div class=\"elementor-widget-container\">\n\t\t\t\t\t\t\t\t\t<h3 style=\"text-align: justify;\">K\u00fcld <a href=\"https:\/\/grassxpress.com\/hu\/rendeles-gyom-online-magyarorszag\/\">minket<\/a> \u00fczenet, hogy v\u00e1s\u00e1roljon f\u00fcvet online Magyarorsz\u00e1gon<\/h3><p style=\"text-align: justify;\">V\u00c1S\u00c1RL\u00c1S Cannabis ONLINE Magyarorsz\u00e1g Online Magyarorsz\u00e1g Gyorsan \u00e9s Egyszer\u0171en Mi\u00e9rt vesztegeti az idej\u00e9t, k\u00fcl\u00f6n\u00f6sen akkor, ha Magyarorsz\u00e1gon v\u00e1s\u00e1rol f\u00fcvet, \u00e9s a v\u00e1s\u00e1rl\u00e1ssal kapcsolatos probl\u00e9m\u00e1kat \u00d6nre vezett\u00e9k vissza, amikor online v\u00e1s\u00e1rolhat f\u00fcvet a magyarorsz\u00e1gi online gyomgy\u00f3gyszert\u00e1runkban. . Rendelje meg m\u00e9g ma, mivel gyors \u00e9s min\u0151s\u00e9gi szolg\u00e1ltat\u00e1sokat ny\u00fajtunk, k\u00fcl\u00f6n\u00f6sen a magas gy\u00f3gyszertartalm\u00fa term\u00e9kek sz\u00e1ll\u00edt\u00e1sa ter\u00e9n, ha online v\u00e1s\u00e1rol f\u00fcvet a Marijuana Bud-t\u00f3l <a href=\"https:\/\/en.wikipedia.org\/wiki\/United_Kingdom\">UK<\/a>. Nagyon megb\u00edzhat\u00f3ak vagyunk, mert \u00fagy gondoljuk, hogy az \u00d6n el\u00e9gedetts\u00e9ge a legfontosabb sz\u00e1munkra. V\u00e1s\u00e1roljon f\u00fcvet online m\u00e9g ma! K\u00f6zvetlen\u00fcl gazd\u00e1lkod\u00f3inkt\u00f3l az \u00d6n kez\u00e9be, b\u00fcszk\u00e9k vagyunk versenyk\u00e9pes kannabisz- \u00e9s koncentr\u00e1tum\u00e1rainkra. A gazd\u00e1lkod\u00f3k nagy csoportj\u00e1val dolgozunk egy\u00fctt, akik elk\u00f6telezettek a kannabisz minden fajt\u00e1j\u00e1nak k\u00fcl\u00f6nb\u00f6z\u0151 fogyaszt\u00f3k sz\u00e1m\u00e1ra t\u00f6rt\u00e9n\u0151 termeszt\u00e9se ir\u00e1nt.<\/p><p><strong>Csak Whatsapp:  +447405258324<\/strong><br \/><strong>E-mail: sales@grassxpress.com<\/strong><\/p>\t\t\t\t\t\t\t\t<\/div>\n\t\t\t\t<\/div>\n\t\t\t\t\t<\/div>\n\t\t<\/div>\n\t\t\t\t\t<\/div>\n\t\t<\/section>\n\t\t\t\t<section class=\"elementor-section elementor-top-section elementor-element elementor-element-fcf956b elementor-section-boxed elementor-section-height-default elementor-section-height-default\" data-id=\"fcf956b\" data-element_type=\"section\">\n\t\t\t\t\t\t<div class=\"elementor-container elementor-column-gap-default\">\n\t\t\t\t\t<div class=\"elementor-column elementor-col-100 elementor-top-column elementor-element elementor-element-cfd845d\" data-id=\"cfd845d\" data-element_type=\"column\">\n\t\t\t<div class=\"elementor-widget-wrap elementor-element-populated\">\n\t\t\t\t\t\t<div class=\"elementor-element elementor-element-22a7dfe premium-cf7-button-fwidth-yes elementor-widget elementor-widget-premium-contact-form\" data-id=\"22a7dfe\" data-element_type=\"widget\" data-widget_type=\"premium-contact-form.default\">\n\t\t\t\t<div class=\"elementor-widget-container\">\n\t\t\t\t\t\r\n\t\t\t\r\n\t\t\t<div class=\"premium-cf7-container\">\r\n\t\t\t\t\n<div class=\"wpcf7 no-js\" id=\"wpcf7-f4543-o1\" lang=\"en-US\" dir=\"ltr\" data-wpcf7-id=\"4543\">\n<div class=\"screen-reader-response\"><p role=\"status\" aria-live=\"polite\" aria-atomic=\"true\"><\/p> <ul><\/ul><\/div>\n<form action=\"\/hu\/wp-json\/wp\/v2\/pages\/75#wpcf7-f4543-o1\" method=\"post\" class=\"wpcf7-form init\" aria-label=\"Contact form\" novalidate=\"novalidate\" data-status=\"init\" data-trp-original-action=\"\/hu\/wp-json\/wp\/v2\/pages\/75#wpcf7-f4543-o1\">\n<div style=\"display: none;\">\n<input type=\"hidden\" name=\"_wpcf7\" value=\"4543\" \/>\n<input type=\"hidden\" name=\"_wpcf7_version\" value=\"6.0.4\" \/>\n<input type=\"hidden\" name=\"_wpcf7_locale\" value=\"en_US\" \/>\n<input type=\"hidden\" name=\"_wpcf7_unit_tag\" value=\"wpcf7-f4543-o1\" \/>\n<input type=\"hidden\" name=\"_wpcf7_container_post\" value=\"0\" \/>\n<input type=\"hidden\" name=\"_wpcf7_posted_data_hash\" value=\"\" \/>\n<\/div>\n<p><label> A neved<br \/>\n<span class=\"wpcf7-form-control-wrap\" data-name=\"your-name\"><input size=\"40\" maxlength=\"400\" class=\"wpcf7-form-control wpcf7-text wpcf7-validates-as-required\" aria-required=\"true\" aria-invalid=\"false\" value=\"\" type=\"text\" name=\"your-name\" \/><\/span> <\/label>\n<\/p>\n<p><label> Az email c\u00edmed<br \/>\n<span class=\"wpcf7-form-control-wrap\" data-name=\"your-email\"><input size=\"40\" maxlength=\"400\" class=\"wpcf7-form-control wpcf7-email wpcf7-validates-as-required wpcf7-text wpcf7-validates-as-email\" aria-required=\"true\" aria-invalid=\"false\" value=\"\" type=\"email\" name=\"your-email\" \/><\/span> <\/label>\n<\/p>\n<p><label> Tant\u00e1rgy<br \/>\n<span class=\"wpcf7-form-control-wrap\" data-name=\"your-subject\"><input size=\"40\" maxlength=\"400\" class=\"wpcf7-form-control wpcf7-text wpcf7-validates-as-required\" aria-required=\"true\" aria-invalid=\"false\" value=\"\" type=\"text\" name=\"your-subject\" \/><\/span> <\/label>\n<\/p>\n<p><label> Az \u00d6n \u00fczenete (nem k\u00f6telez\u0151)<br \/>\n<span class=\"wpcf7-form-control-wrap\" data-name=\"your-message\"><textarea cols=\"40\" rows=\"10\" maxlength=\"2000\" class=\"wpcf7-form-control wpcf7-textarea\" aria-invalid=\"false\" name=\"your-message\"><\/textarea><\/span> <\/label>\n<\/p>\n<p><input class=\"wpcf7-form-control wpcf7-submit has-spinner\" type=\"submit\" value=\"Bek\u00fcld\u00e9s\" \/>\n<\/p><div class=\"wpcf7-response-output\" aria-hidden=\"true\"><\/div>\n<input type=\"hidden\" name=\"trp-form-language\" value=\"hu\"\/><\/form>\n<\/div>\n\t\t\t<\/div>\r\n\r\n\t\t\t\t\t\t\t<\/div>\n\t\t\t\t<\/div>\n\t\t\t\t\t<\/div>\n\t\t<\/div>\n\t\t\t\t\t<\/div>\n\t\t<\/section>\n\t\t\t\t<\/div>","protected":false},"excerpt":{"rendered":"<p>Send us a message to buy weed online UK BUY Cannabis ONLINE UK Online UK Made Quick And Easy Why do you waste time especially when you buy weed online UK, and have issues of your purchase been traced back to you when you could just go online and purchase weed online at our online<\/p>\n<div class=\"more-link\">\n             <a href=\"https:\/\/grassxpress.com\/hu\/kapcsolatfelvetel\/\" class=\"link-btn\"><span>Continue Reading <\/span><i class=\"icofont-thin-double-right\"><\/i><\/a>\n        <\/div>","protected":false},"author":1,"featured_media":0,"parent":0,"menu_order":0,"comment_status":"closed","ping_status":"closed","template":"","meta":{"_themeisle_gutenberg_block_has_review":false,"_ti_tpc_template_sync":false,"_ti_tpc_template_id":"","_joinchat":[],"footnotes":""},"class_list":["post-75","page","type-page","status-publish","hentry"],"yoast_head":"<!-- This site is optimized with the Yoast SEO plugin v22.7 - https:\/\/yoast.com\/wordpress\/plugins\/seo\/ -->\n<title>Contact | To Buy Weed Online Today - GrassXpress<\/title>\n<meta name=\"description\" content=\"Why do you waste time especially when you buy weed online today in UK. Get your orders today as we provide quick and quality services.\" \/>\n<meta name=\"robots\" content=\"index, follow, max-snippet:-1, max-image-preview:large, max-video-preview:-1\" \/>\n<link rel=\"canonical\" href=\"https:\/\/grassxpress.com\/hu\/kapcsolatfelvetel\/\" \/>\n<meta property=\"og:locale\" content=\"hu_HU\" \/>\n<meta property=\"og:type\" content=\"article\" \/>\n<meta property=\"og:title\" content=\"Contact | To Buy Weed Online Today - GrassXpress\" \/>\n<meta property=\"og:description\" content=\"Why do you waste time especially when you buy weed online today in UK. Get your orders today as we provide quick and quality services.\" \/>\n<meta property=\"og:url\" content=\"https:\/\/grassxpress.com\/hu\/kapcsolatfelvetel\/\" \/>\n<meta property=\"og:site_name\" content=\"GrassXpress\" \/>\n<meta property=\"article:modified_time\" content=\"2022-11-15T15:42:44+00:00\" \/>\n<meta name=\"twitter:card\" content=\"summary_large_image\" \/>\n<meta name=\"twitter:label1\" content=\"Becs\u00fclt olvas\u00e1si id\u0151\" \/>\n\t<meta name=\"twitter:data1\" content=\"1 perc\" \/>\n<!-- \/ Yoast SEO plugin. -->","yoast_head_json":{"title":"Contact | To Buy Weed Online Today - GrassXpress","description":"Why do you waste time especially when you buy weed online today in UK. Get your orders today as we provide quick and quality services.","robots":{"index":"index","follow":"follow","max-snippet":"max-snippet:-1","max-image-preview":"max-image-preview:large","max-video-preview":"max-video-preview:-1"},"canonical":"https:\/\/grassxpress.com\/hu\/kapcsolatfelvetel\/","og_locale":"hu_HU","og_type":"article","og_title":"Contact | To Buy Weed Online Today - GrassXpress","og_description":"Why do you waste time especially when you buy weed online today in UK. Get your orders today as we provide quick and quality services.","og_url":"https:\/\/grassxpress.com\/hu\/kapcsolatfelvetel\/","og_site_name":"GrassXpress","article_modified_time":"2022-11-15T15:42:44+00:00","twitter_card":"summary_large_image","twitter_misc":{"Becs\u00fclt olvas\u00e1si id\u0151":"1 perc"},"schema":{"@context":"https:\/\/schema.org","@graph":[{"@type":"WebPage","@id":"https:\/\/grassxpress.com\/contact\/","url":"https:\/\/grassxpress.com\/contact\/","name":"Contact | To Buy Weed Online Today - GrassXpress","isPartOf":{"@id":"https:\/\/grassxpress.com\/#website"},"datePublished":"2020-01-27T08:29:32+00:00","dateModified":"2022-11-15T15:42:44+00:00","description":"Why do you waste time especially when you buy weed online today in UK. Get your orders today as we provide quick and quality services.","breadcrumb":{"@id":"https:\/\/grassxpress.com\/contact\/#breadcrumb"},"inLanguage":"hu","potentialAction":[{"@type":"ReadAction","target":["https:\/\/grassxpress.com\/contact\/"]}]},{"@type":"BreadcrumbList","@id":"https:\/\/grassxpress.com\/contact\/#breadcrumb","itemListElement":[{"@type":"ListItem","position":1,"name":"Home","item":"https:\/\/grassxpress.com\/"},{"@type":"ListItem","position":2,"name":"Contact"}]},{"@type":"WebSite","@id":"https:\/\/grassxpress.com\/#website","url":"https:\/\/grassxpress.com\/","name":"GrassXpress","description":"Buy Weed Online UK","publisher":{"@id":"https:\/\/grassxpress.com\/#organization"},"potentialAction":[{"@type":"SearchAction","target":{"@type":"EntryPoint","urlTemplate":"https:\/\/grassxpress.com\/?s={search_term_string}"},"query-input":"required name=search_term_string"}],"inLanguage":"hu"},{"@type":"Organization","@id":"https:\/\/grassxpress.com\/#organization","name":"GrassXpress","url":"https:\/\/grassxpress.com\/","logo":{"@type":"ImageObject","inLanguage":"hu","@id":"https:\/\/grassxpress.com\/#\/schema\/logo\/image\/","url":"https:\/\/grassxpress.com\/wp-content\/uploads\/2024\/01\/logo.png","contentUrl":"https:\/\/grassxpress.com\/wp-content\/uploads\/2024\/01\/logo.png","width":300,"height":100,"caption":"GrassXpress"},"image":{"@id":"https:\/\/grassxpress.com\/#\/schema\/logo\/image\/"}}]}},"_links":{"self":[{"href":"https:\/\/grassxpress.com\/hu\/wp-json\/wp\/v2\/pages\/75","targetHints":{"allow":["GET"]}}],"collection":[{"href":"https:\/\/grassxpress.com\/hu\/wp-json\/wp\/v2\/pages"}],"about":[{"href":"https:\/\/grassxpress.com\/hu\/wp-json\/wp\/v2\/types\/page"}],"author":[{"embeddable":true,"href":"https:\/\/grassxpress.com\/hu\/wp-json\/wp\/v2\/users\/1"}],"replies":[{"embeddable":true,"href":"https:\/\/grassxpress.com\/hu\/wp-json\/wp\/v2\/comments?post=75"}],"version-history":[{"count":12,"href":"https:\/\/grassxpress.com\/hu\/wp-json\/wp\/v2\/pages\/75\/revisions"}],"predecessor-version":[{"id":4546,"href":"https:\/\/grassxpress.com\/hu\/wp-json\/wp\/v2\/pages\/75\/revisions\/4546"}],"wp:attachment":[{"href":"https:\/\/grassxpress.com\/hu\/wp-json\/wp\/v2\/media?parent=75"}],"curies":[{"name":"wp","href":"https:\/\/api.w.org\/{rel}","templated":true}]}}