{"id":61,"date":"2020-01-23T18:21:52","date_gmt":"2020-01-23T18:21:52","guid":{"rendered":"https:\/\/demosites.io\/web-agency-gb\/?page_id=61"},"modified":"2023-01-06T07:07:00","modified_gmt":"2023-01-06T07:07:00","slug":"can-i-order-weed-online","status":"publish","type":"page","link":"https:\/\/grassxpress.com\/hu\/fuvet-rendelhetek-e-online\/","title":{"rendered":"R\u00f3lunk"},"content":{"rendered":"<h1 style=\"text-align: justify;\">legit gyomdug\u00f3k online Magyarorsz\u00e1g<\/h1>\n<p style=\"text-align: justify;\">Rendelhetek-e f\u00fcvet online, a GrassXpress egy online gyomgy\u00f3gyszert\u00e1r, ahol Magyarorsz\u00e1gon v\u00e1s\u00e1rolhat f\u00fcvet online, an\u00e9lk\u00fcl, hogy egy h\u00fcvelyknyire z\u00fcmm\u00f6gne otthonr\u00f3l. K\u00edv\u00e1ncsi lehet, mivel sok gyomkeresked\u0151 van a k\u00f6zelemben az Egyes\u00fclt Kir\u00e1lys\u00e1gban. N\u00e1lunk van a legtapasztaltabb gy\u00f3gyszert\u00e1r, amely lehet\u0151s\u00e9get k\u00edn\u00e1l a legjobb min\u0151s\u00e9g\u0171 term\u00e9kek v\u00e1s\u00e1rl\u00e1s\u00e1ra.<\/p>\n<p style=\"text-align: justify;\">V\u00e1s\u00e1rolhat kannabiszt az interneten an\u00e9lk\u00fcl, hogy olyan probl\u00e9m\u00e1val kellene szemben\u00e9znie, amely a beteg betegs\u00e9g\u00e9t kezeli, \u00e9s kiel\u00e9g\u00edti a rekre\u00e1ci\u00f3s v\u00e1gyakat. Nem kell elhagynia otthon\u00e1t, hogy online v\u00e1s\u00e1roljon marihu\u00e1nat\u00f6rzseket, hiszen ak\u00e1r okostelefonj\u00e1n, sz\u00e1m\u00edt\u00f3g\u00e9p\u00e9n vagy laptopj\u00e1n kereszt\u00fcl teljes\u00edtheti megrendel\u00e9s\u00e9t, \u00e9s ell\u00e1togathat a virtu\u00e1lis hash-boltba.<\/p>\n<p style=\"text-align: justify;\">Nagy gy\u0171jtem\u00e9ny\u00fcnk van a kiv\u00e1l\u00f3 min\u0151s\u00e9g\u0171 gyomfajt\u00e1kb\u00f3l, fajt\u00e1nk\u00e9nt elt\u00e9r\u0151 \u00e1rakkal. \u00c9rdekl\u0151d\u00e9se \u00e9s preferenci\u00e1i alapj\u00e1n v\u00e1s\u00e1rolhatja meg \u0151ket. Minden megrendel\u00e9s\u00e9t gondosan becsomagoljuk, \u00e9s vonz\u00f3 csomagol\u00e1sban h\u00e1zhoz sz\u00e1ll\u00edtjuk. A kapott csomag szagtalan lesz, \u00e9s meghat\u00e1rozott id\u0151kereten bel\u00fcl ker\u00fcl feldolgoz\u00e1sra. Az elm\u00falt n\u00e9h\u00e1ny \u00e9vben vezet\u0151 szabadid\u0151s c\u00e9gg\u00e9 n\u0151tt\u00fck ki magunkat, \u00e9s az \u00fcgyfelek bizalmat vetettek szolg\u00e1ltat\u00e1sainkba. Kitart\u00f3 hozz\u00e1\u00e1ll\u00e1sunk \u00e9s el\u0151rel\u00e1t\u00e1sunk eredm\u00e9nyek\u00e9nt az egyik leggyorsabban n\u00f6vekv\u0151 kannabiszc\u00e9gg\u00e9 v\u00e1ltunk. Pr\u00e9mium sz\u00e1ll\u00edt\u00e1si szolg\u00e1ltat\u00e1sokat ny\u00fajtunk a vil\u00e1g sz\u00e1mos orsz\u00e1g\u00e1ban, k\u00f6zt\u00fck az Egyes\u00fclt Kir\u00e1lys\u00e1gban, Hollandi\u00e1ban, G\u00f6r\u00f6gorsz\u00e1gban, Franciaorsz\u00e1gban, Sv\u00e1jcban, Olaszorsz\u00e1gban \u00e9s sok m\u00e1s orsz\u00e1gban. Bek\u00fcldheti nek\u00fcnk k\u00e9r\u00e9s\u00e9t, ha online kannabiszboltot keres a k\u00f6zelemben.<\/p>\n<p style=\"text-align: justify;\">B\u00edzunk szolg\u00e1ltat\u00e1sainkban, mert azok, akik akci\u00f3san kannabiszt v\u00e1s\u00e1rolnak internetes \u00e1ruh\u00e1zunkb\u00f3l, \u00fajra \u00e9s \u00fajra visszat\u00e9rnek hozz\u00e1nk. Mi vagyunk az egyik legjobb ed\u00e9nyc\u00e9g a vil\u00e1gon, marihu\u00e1naszak\u00e9rt\u0151kkel \u00e9s k\u00e9pzett dolgoz\u00f3kkal, akik gondosan megvizsg\u00e1lnak minden egyes term\u00e9ket, miel\u0151tt az ajt\u00f3hoz k\u00fclden\u00e9k. Biztons\u00e1gos fizet\u00e9si m\u00f3dot k\u00edn\u00e1lunk, \u00e9s minden term\u00e9k az \u00d6n sz\u00e1m\u00e1ra elfogadhat\u00f3 \u00e1rtartom\u00e1nyba esik.<\/p>\n<p style=\"text-align: justify;\">Az AK-47, a Banana Kush, a Blue Dream, a Blueberry Kush, a Harlequin, a Gelato 47, a Girls Scout Cookies, a Jack Ripper, a Lemon Haze, a Mango Kush, a Master Kush postai \u00faton is megrendelhet egy online \u00e1ruh\u00e1zb\u00f3l.<\/p>\n<h2 style=\"text-align: justify;\">Rendelhetek Weed online<\/h2>\n<p style=\"text-align: justify;\">Bosszantott minket, hogy milyen neh\u00e9z lehet kutatni a kannabisztermeszt\u00e9st, \u00e9s val\u00f3di v\u00e1laszokat kapni a termeszt\u00e9ssel kapcsolatos alapvet\u0151 k\u00e9rd\u00e9sekre, miut\u00e1n \u00e9vekig b\u00f6ng\u00e9szt\u00fck a legjelent\u0151sebb kannabisztermeszt\u0151 oldalakat. A GrassXpress \u00fagy v\u00e9lte, hogy felhaszn\u00e1l\u00f3bar\u00e1tabb m\u00f3dszerre van sz\u00fcks\u00e9g az emberek n\u00f6veked\u00e9sre val\u00f3 nevel\u00e9s\u00e9re. \u00dagy \u00e9rezt\u00fck, itt az ideje, hogy l\u00e9trehozzunk egy weboldalt, amely bemutatja, milyen egyszer\u0171 a kannabiszt belt\u00e9ren szinte b\u00e1rmilyen k\u00f6lts\u00e9gvet\u00e9ssel el\u0151\u00e1ll\u00edtani. A GrassXpress olyan er\u0151forr\u00e1st k\u00edv\u00e1nt l\u00e9trehozni, amelyhez nincs sz\u00fcks\u00e9g bejelentkez\u00e9sre vagy fi\u00f3kra, hanem egyszer\u0171en el\u00e9rhet\u0151, b\u0151v\u00edthet\u0151 tud\u00e1st biztos\u00edt az eg\u00e9sz bolyg\u00f3 sz\u00e1m\u00e1ra. Ennek eredm\u00e9nyek\u00e9nt alakult meg a Sky bud shop Store! Lehet-e online marihu\u00e1n\u00e1t v\u00e1s\u00e1rolni?<\/p>\n<p style=\"text-align: justify;\">A GrassXpress ugyanazokat a kannabiszterm\u00e9keket sz\u00e1ll\u00edtja h\u00e1zhoz Eur\u00f3p\u00e1ban \u00e9s szerte a vil\u00e1gon, amelyeket a helyi marihu\u00e1naboltban tal\u00e1l. Az eg\u00e9szs\u00e9g\u00fcgyi probl\u00e9m\u00e1kkal k\u00fczd\u0151k kedvezm\u00e9nyeket kapnak a GrassXpresst\u00f3l, valamint alacsony k\u00f6lts\u00e9geket visszat\u00e9r\u0151 \u00fcgyfelek eset\u00e9n. B\u00f6ng\u00e9sszen oldalunkon kedvenc THC finoms\u00e1gai\u00e9rt, \u00e9s adja le rendel\u00e9s\u00e9t online vagy nyomtathat\u00f3 megrendel\u0151lapunk seg\u00edts\u00e9g\u00e9vel. Az eredeti, postai \u00faton megrendelt marihu\u00e1n\u00e1t m\u00e9g aznap elk\u00fcldj\u00fck, amikor megkapjuk a fizet\u00e9st, \u00e9s biztos lehet benne, hogy a k\u00e9zbes\u00edt\u00e9s diszkr\u00e9t \u00e9s biztons\u00e1gos lesz. Igen, k\u00f6zvetlen postai utalv\u00e1nnyal \u00e9s gyors h\u00e1zhoz sz\u00e1ll\u00edt\u00e1ssal val\u00f3di marihu\u00e1n\u00e1t v\u00e1s\u00e1rolhat online\u2026<\/p>\n<p style=\"text-align: justify;\">Ha marihu\u00e1n\u00e1t szeretne v\u00e1s\u00e1rolni bimb\u00f3s form\u00e1ban, hasis, keksz, brownie, tinkt\u00fara vagy vaj form\u00e1j\u00e1ban, akkor fel\u00fclm\u00faljuk az elv\u00e1r\u00e1sait a legkiv\u00e1l\u00f3bb alapanyagokb\u00f3l s\u00fct\u00f6tt \u00e9s megfizethet\u0151 \u00e1ron k\u00edn\u00e1lt \u00e9lelmiszerek csod\u00e1latos v\u00e1laszt\u00e9k\u00e1val \u00e9s min\u0151s\u00e9g\u00e9vel. Szak\u00e1csunk professzion\u00e1lis szak\u00e1cs, termel\u0151ink pedig a legfinomabb gyomn\u00f6v\u00e9nyt termesztik, amely garant\u00e1ltan vissza fogja t\u00e9rni. Csak a legjobb marihu\u00e1n\u00e1t \u00e1ruljuk, amely minden term\u00e9k\u00fcnkben t\u00e9nyleges THC-t tartalmaz.<\/p>\n<p style=\"text-align: justify;\"><strong>legalacsonyabb \u00e1r garancia<\/strong><\/p>\n<p style=\"text-align: justify;\">A legjobb online marihu\u00e1na gy\u00f3gyszert\u00e1rat keresi, ahol az \u00e1r t\u00fckr\u00f6zi term\u00e9ke min\u0151s\u00e9g\u00e9t? Akkor nem tal\u00e1lt\u00e1l jobb helyet. A Get Kushn\u00e1l a legalacsonyabb \u00e1r\u00fa marihu\u00e1na vir\u00e1gokat k\u00edn\u00e1ljuk \u00fcgyfeleinknek.<\/p>\n<p style=\"text-align: justify;\">Minden t\u00f6rzs pr\u00e9mium.<\/p>\n<p style=\"text-align: justify;\"><strong>ingyenes sz\u00e1ll\u00edt\u00e1s<\/strong><\/p>\n<p style=\"text-align: justify;\">Minden 250 eur\u00f3 feletti rendel\u00e9st ingyenesen sz\u00e1ll\u00edtunk ki. \u00c9lvezheti post\u00e1n rendelt marihu\u00e1n\u00e1j\u00e1t annak tudat\u00e1ban, hogy \u00e9ppen most rendelte meg kedvenc t\u00f6rzs\u00e9t az otthona k\u00e9nyelm\u00e9ben. Miut\u00e1n megkaptuk a rendel\u00e9st, elk\u00fcldj\u00fck \u00d6nnek DHL-en, UPS-en, EMS-en \u00e9s m\u00e1sokon kereszt\u00fcl, biztos\u00edtva a gyors \u00e9s biztons\u00e1gos sz\u00e1ll\u00edt\u00e1st, 100%-os k\u00f6vetkezetess\u00e9ggel.<\/p>\n<p style=\"text-align: justify;\"><strong>biztons\u00e1gos<\/strong><\/p>\n<p style=\"text-align: justify;\">A gyom m\u00e9g mindig vit\u00e1kat v\u00e1lt ki egyes emberek k\u00f6r\u00e9ben. Ezt meg\u00e9rtj\u00fck, ez\u00e9rt tartjuk diszkr\u00e9t sz\u00e1ll\u00edt\u00e1sunkat. Term\u00e9keit \u00fagy csomagoljuk, hogy \u00fagy n\u00e9zzenek ki, mint egy hagyom\u00e1nyos postai rendel\u00e9s, \u00e9szrevehetetlen k\u00e9zbes\u00edt\u00e9ssel \u00e9s biztons\u00e1gos tranzakci\u00f3s adatok titkos\u00edt\u00e1s\u00e1val.<\/p>","protected":false},"excerpt":{"rendered":"<p>legit weed plugs online UK Can i order weed online, GrassXpress is an online weed dispensary where one can buy weed online UK, without buzzing an inch from your place. You might be wondering as there are many weed dealers near me uk. We have the most proficient pharmacy store that offers you the chance<\/p>\n<div class=\"more-link\">\n             <a href=\"https:\/\/grassxpress.com\/hu\/fuvet-rendelhetek-e-online\/\" class=\"link-btn\"><span>Continue Reading <\/span><i class=\"icofont-thin-double-right\"><\/i><\/a>\n        <\/div>","protected":false},"author":1,"featured_media":0,"parent":0,"menu_order":0,"comment_status":"closed","ping_status":"closed","template":"","meta":{"_themeisle_gutenberg_block_has_review":false,"_ti_tpc_template_sync":false,"_ti_tpc_template_id":"0qhau2t6eoekosrgo1a2","_joinchat":[],"footnotes":""},"class_list":["post-61","page","type-page","status-publish","hentry"],"yoast_head":"<!-- This site is optimized with the Yoast SEO plugin v22.7 - https:\/\/yoast.com\/wordpress\/plugins\/seo\/ -->\n<title>Can i order weed online | legit weed plugs online uk | cannabis online uk<\/title>\n<meta name=\"description\" content=\"Can i order weed online. Online Dispensary in Europa for Mail Order Marijuana. Shop for Edibles, Concentrates, Sativa&#039;s, Indica&#039;s &amp; Hybrids.\" \/>\n<meta name=\"robots\" content=\"index, follow, max-snippet:-1, max-image-preview:large, max-video-preview:-1\" \/>\n<link rel=\"canonical\" href=\"https:\/\/grassxpress.com\/hu\/pot-comand-on-line-ieriana\/\" \/>\n<meta property=\"og:locale\" content=\"hu_HU\" \/>\n<meta property=\"og:type\" content=\"article\" \/>\n<meta property=\"og:title\" content=\"Can i order weed online | legit weed plugs online uk | cannabis online uk\" \/>\n<meta property=\"og:description\" content=\"Can i order weed online. Online Dispensary in Europa for Mail Order Marijuana. Shop for Edibles, Concentrates, Sativa&#039;s, Indica&#039;s &amp; Hybrids.\" \/>\n<meta property=\"og:url\" content=\"https:\/\/grassxpress.com\/hu\/pot-comand-on-line-ieriana\/\" \/>\n<meta property=\"og:site_name\" content=\"GrassXpress\" \/>\n<meta property=\"article:modified_time\" content=\"2023-01-06T07:07:00+00:00\" \/>\n<meta name=\"twitter:card\" content=\"summary_large_image\" \/>\n<meta name=\"twitter:label1\" content=\"Becs\u00fclt olvas\u00e1si id\u0151\" \/>\n\t<meta name=\"twitter:data1\" content=\"4 perc\" \/>\n<!-- \/ Yoast SEO plugin. -->","yoast_head_json":{"title":"Can i order weed online | legit weed plugs online uk | cannabis online uk","description":"Can i order weed online. Online Dispensary in Europa for Mail Order Marijuana. Shop for Edibles, Concentrates, Sativa's, Indica's & Hybrids.","robots":{"index":"index","follow":"follow","max-snippet":"max-snippet:-1","max-image-preview":"max-image-preview:large","max-video-preview":"max-video-preview:-1"},"canonical":"https:\/\/grassxpress.com\/hu\/pot-comand-on-line-ieriana\/","og_locale":"hu_HU","og_type":"article","og_title":"Can i order weed online | legit weed plugs online uk | cannabis online uk","og_description":"Can i order weed online. Online Dispensary in Europa for Mail Order Marijuana. Shop for Edibles, Concentrates, Sativa's, Indica's & Hybrids.","og_url":"https:\/\/grassxpress.com\/hu\/pot-comand-on-line-ieriana\/","og_site_name":"GrassXpress","article_modified_time":"2023-01-06T07:07:00+00:00","twitter_card":"summary_large_image","twitter_misc":{"Becs\u00fclt olvas\u00e1si id\u0151":"4 perc"},"schema":{"@context":"https:\/\/schema.org","@graph":[{"@type":"WebPage","@id":"https:\/\/grassxpress.com\/ro\/pot-comand-on-line-ieriana\/","url":"https:\/\/grassxpress.com\/ro\/pot-comand-on-line-ieriana\/","name":"Can i order weed online | legit weed plugs online uk | cannabis online uk","isPartOf":{"@id":"https:\/\/grassxpress.com\/#website"},"datePublished":"2020-01-23T18:21:52+00:00","dateModified":"2023-01-06T07:07:00+00:00","description":"Can i order weed online. Online Dispensary in Europa for Mail Order Marijuana. Shop for Edibles, Concentrates, Sativa's, Indica's & Hybrids.","breadcrumb":{"@id":"https:\/\/grassxpress.com\/ro\/pot-comand-on-line-ieriana\/#breadcrumb"},"inLanguage":"hu","potentialAction":[{"@type":"ReadAction","target":["https:\/\/grassxpress.com\/ro\/pot-comand-on-line-ieriana\/"]}]},{"@type":"BreadcrumbList","@id":"https:\/\/grassxpress.com\/ro\/pot-comand-on-line-ieriana\/#breadcrumb","itemListElement":[{"@type":"ListItem","position":1,"name":"Home","item":"https:\/\/grassxpress.com\/"},{"@type":"ListItem","position":2,"name":"About us"}]},{"@type":"WebSite","@id":"https:\/\/grassxpress.com\/#website","url":"https:\/\/grassxpress.com\/","name":"GrassXpress","description":"Buy Weed Online UK","publisher":{"@id":"https:\/\/grassxpress.com\/#organization"},"potentialAction":[{"@type":"SearchAction","target":{"@type":"EntryPoint","urlTemplate":"https:\/\/grassxpress.com\/?s={search_term_string}"},"query-input":"required name=search_term_string"}],"inLanguage":"hu"},{"@type":"Organization","@id":"https:\/\/grassxpress.com\/#organization","name":"GrassXpress","url":"https:\/\/grassxpress.com\/","logo":{"@type":"ImageObject","inLanguage":"hu","@id":"https:\/\/grassxpress.com\/#\/schema\/logo\/image\/","url":"https:\/\/grassxpress.com\/wp-content\/uploads\/2024\/01\/logo.png","contentUrl":"https:\/\/grassxpress.com\/wp-content\/uploads\/2024\/01\/logo.png","width":300,"height":100,"caption":"GrassXpress"},"image":{"@id":"https:\/\/grassxpress.com\/#\/schema\/logo\/image\/"}}]}},"_links":{"self":[{"href":"https:\/\/grassxpress.com\/hu\/wp-json\/wp\/v2\/pages\/61","targetHints":{"allow":["GET"]}}],"collection":[{"href":"https:\/\/grassxpress.com\/hu\/wp-json\/wp\/v2\/pages"}],"about":[{"href":"https:\/\/grassxpress.com\/hu\/wp-json\/wp\/v2\/types\/page"}],"author":[{"embeddable":true,"href":"https:\/\/grassxpress.com\/hu\/wp-json\/wp\/v2\/users\/1"}],"replies":[{"embeddable":true,"href":"https:\/\/grassxpress.com\/hu\/wp-json\/wp\/v2\/comments?post=61"}],"version-history":[{"count":1,"href":"https:\/\/grassxpress.com\/hu\/wp-json\/wp\/v2\/pages\/61\/revisions"}],"predecessor-version":[{"id":4659,"href":"https:\/\/grassxpress.com\/hu\/wp-json\/wp\/v2\/pages\/61\/revisions\/4659"}],"wp:attachment":[{"href":"https:\/\/grassxpress.com\/hu\/wp-json\/wp\/v2\/media?parent=61"}],"curies":[{"name":"wp","href":"https:\/\/api.w.org\/{rel}","templated":true}]}}