{"id":3603,"date":"2020-08-01T14:39:21","date_gmt":"2020-08-01T14:39:21","guid":{"rendered":"https:\/\/diligentplug.com\/?page_id=3603"},"modified":"2020-08-01T14:39:21","modified_gmt":"2020-08-01T14:39:21","slug":"shipping","status":"publish","type":"page","link":"https:\/\/grassxpress.com\/hu\/szallitas\/","title":{"rendered":"Sz\u00e1ll\u00edt\u00e1s"},"content":{"rendered":"<div id=\"wp-block-themeisle-blocks-advanced-columns-49060903\" class=\"wp-block-themeisle-blocks-advanced-columns has-1-columns has-desktop-equal-layout has-tablet-equal-layout has-mobile-equal-layout has-default-gap has-vertical-unset\">\n<div class=\"wp-block-themeisle-blocks-advanced-columns-overlay\"><strong>Mikor kapom meg a rendel\u00e9semet?<\/strong><\/div>\n<div class=\"innerblocks-wrap\">\n<div id=\"wp-block-themeisle-blocks-advanced-column-af2d631f\" class=\"wp-block-themeisle-blocks-advanced-column\">\n\n\n<p>Sz\u00e9khely\u00fcnk Hollandi\u00e1ban (Eur\u00f3pa). A kisz\u00e1ll\u00edt\u00e1s 1-3 munkanapot vesz ig\u00e9nybe. Az \u00e1tlag 2 nap. A v\u00e1mz\u00e1r\u00e1sok k\u00e9s\u00e9st okozhatnak. De mivel olyan j\u00f3l elrejtj\u00fck term\u00e9keinket, a v\u00e1mhat\u00f3s\u00e1g \u00e1tengedi a csomagot ellen\u0151rz\u00e9s ut\u00e1n.<\/p>\n\n\n\n<p><strong>Hogyan csomagolj\u00e1k a rendel\u00e9semet?<\/strong><\/p>\n\n\n\n<p>Rendel\u00e9s\u00e9t er\u0151s, p\u00e1rn\u00e1zott bor\u00edt\u00e9kba csomagoljuk. Nem tesznek utal\u00e1st a marihu\u00e1n\u00e1ra vagy a kapcsol\u00f3d\u00f3 marihu\u00e1na term\u00e9kekre sem k\u00edv\u00fcl, sem bel\u00fcl. K\u00fcl\u00f6nb\u00f6z\u0151 felad\u00f3i c\u00edmeket haszn\u00e1lunk, \u00e9s nem haszn\u00e1lunk m\u00e1rk\u00e1s csomagol\u00e1st. A bor\u00edt\u00e9kban egy olyan t\u00e9telt tal\u00e1l, amely a megrendel\u00e9s\u00e9t tartalmazza.<\/p>\n\n\n\n<p><strong>Hogyan garant\u00e1lt a sz\u00e1ll\u00edt\u00e1s?<\/strong><\/p>\n\n\n\n<p>Ha rendel\u00e9se nem \u00e9rkezik meg, vagy lefoglalj\u00e1k, m\u00e9lt\u00e1nyoss\u00e1gb\u00f3l \u00fajra kisz\u00e1ll\u00edtjuk a megrendel\u00e9s\u00e9t. Ingyen! Az al\u00e1bbi visszasz\u00e1ll\u00edt\u00e1si felt\u00e9telekkel rendelkez\u00fcnk. Az ingyenes \u00fajrasz\u00e1ll\u00edt\u00e1s 5 munkanapon bel\u00fcl megt\u00f6rt\u00e9nik. A legt\u00f6bb csomag 1 h\u00e9ten bel\u00fcl meg\u00e9rkezik, azokat pedig, amelyek nem, a k\u00f6vetkez\u0151 1 h\u00e9ten bel\u00fcl k\u00e9zbes\u00edtj\u00fck. A nemzetk\u00f6zi postai k\u00fcldem\u00e9nyek \u00e9s v\u00e1mok k\u00fcl\u00f6nb\u00f6z\u0151 k\u00e9s\u00e9seket okozhatnak, ez\u00e9rt a v\u00e1rakoz\u00e1si id\u0151.<\/p>\n\n\n\n<p>Ha helytelen c\u00edmet adott meg (p\u00e9ld\u00e1ul elfelejtette a lak\u00e1ssz\u00e1mot), akkor nem tudjuk ingyenesen visszak\u00fcldeni. A c\u00edm PONTOSAN kinyomtat\u00e1sra ker\u00fcl, amikor be\u00edrja, nincs k\u00e9zi m\u0171velet az oldalunkon (hacsak nem k\u00e9ri t\u0151l\u00fcnk). Mi azonban nem hagyjuk \u00e1llva a hidegben, \u00edgy k\u00e1rp\u00f3tl\u00e1sul kapsz egy k\u00f3dot, amely 50% kedvezm\u00e9nyt biztos\u00edt a k\u00f6vetkez\u0151 rendel\u00e9sedhez. A 2. sz\u00e1ll\u00edtm\u00e1nyhoz alternat\u00edv c\u00edmet is megadhat. Egy m\u00e1sik lopakod\u00f3 m\u00f3dszert is alkalmazunk majd.<\/p>\n\n\n\n<p><strong>Milyen orsz\u00e1gokba sz\u00e1ll\u00edtasz?<\/strong><\/p>\n\n\n\n<p><a href=\"https:\/\/grassxpress.com\/hu\/rendeles-gyom-online-magyarorszag\/\">Mi<\/a> sz\u00e1ll\u00edtjuk vil\u00e1gszerte minden olyan orsz\u00e1gba, ahonnan megrendel\u00e9seket kapunk. Sajnos nem tudjuk mindegyikre garant\u00e1lni a kisz\u00e1ll\u00edt\u00e1st, mert egyes orsz\u00e1gokban a helyi sz\u00e1ll\u00edt\u00e1s nem el\u00e9g megb\u00edzhat\u00f3.<\/p>\n\n\n\n<p>M\u00e1s orsz\u00e1gokba: a sz\u00e1ll\u00edt\u00e1s garant\u00e1lt! Teh\u00e1t, ha \u00d6n p\u00e9ld\u00e1ul Magyarorsz\u00e1gon \u00e9l, ill <a href=\"https:\/\/en.wikipedia.org\/wiki\/Australia\">Ausztr\u00e1lia<\/a>, csomagja kisz\u00e1ll\u00edt\u00e1s\u00e1t mi garant\u00e1ljuk.<\/p>\n<\/div>\n<!-- \/wp:post-content --><\/div>\n<\/div>\n<!-- \/wp:themeisle-blocks\/advanced-columns -->","protected":false},"excerpt":{"rendered":"<p>We are based in the Netherlands (Europe). Shipping\u00a0takes between 1 and 3 business days. The average is 2 days. Holdups at customs can cause a delay. But, since we hide our products so well, customs will let the package through after inspection. How is my order packaged? Your order will be packed in a sturdy,<\/p>\n<div class=\"more-link\">\n             <a href=\"https:\/\/grassxpress.com\/hu\/szallitas\/\" class=\"link-btn\"><span>Continue Reading <\/span><i class=\"icofont-thin-double-right\"><\/i><\/a>\n        <\/div>","protected":false},"author":1,"featured_media":0,"parent":0,"menu_order":0,"comment_status":"closed","ping_status":"closed","template":"","meta":{"_themeisle_gutenberg_block_has_review":false,"_ti_tpc_template_sync":false,"_ti_tpc_template_id":"","_joinchat":[],"footnotes":""},"class_list":["post-3603","page","type-page","status-publish","hentry"],"yoast_head":"<!-- This site is optimized with the Yoast SEO plugin v22.7 - https:\/\/yoast.com\/wordpress\/plugins\/seo\/ -->\n<title>Shipping | Delivery Is Guaranteed - GrassXpress<\/title>\n<meta name=\"description\" content=\"We are based in the Netherlands. Shipping\u00a0takes between 1 and 3 business days. The average is 2 days. Holdups at customs can cause a delay.\" \/>\n<meta name=\"robots\" content=\"index, follow, max-snippet:-1, max-image-preview:large, max-video-preview:-1\" \/>\n<link rel=\"canonical\" href=\"https:\/\/grassxpress.com\/hu\/wysylka\/\" \/>\n<meta property=\"og:locale\" content=\"hu_HU\" \/>\n<meta property=\"og:type\" content=\"article\" \/>\n<meta property=\"og:title\" content=\"Shipping | Delivery Is Guaranteed - GrassXpress\" \/>\n<meta property=\"og:description\" content=\"We are based in the Netherlands. Shipping\u00a0takes between 1 and 3 business days. The average is 2 days. Holdups at customs can cause a delay.\" \/>\n<meta property=\"og:url\" content=\"https:\/\/grassxpress.com\/hu\/wysylka\/\" \/>\n<meta property=\"og:site_name\" content=\"GrassXpress\" \/>\n<meta name=\"twitter:card\" content=\"summary_large_image\" \/>\n<meta name=\"twitter:label1\" content=\"Becs\u00fclt olvas\u00e1si id\u0151\" \/>\n\t<meta name=\"twitter:data1\" content=\"2 perc\" \/>\n<!-- \/ Yoast SEO plugin. -->","yoast_head_json":{"title":"Shipping | Delivery Is Guaranteed - GrassXpress","description":"We are based in the Netherlands. Shipping\u00a0takes between 1 and 3 business days. The average is 2 days. Holdups at customs can cause a delay.","robots":{"index":"index","follow":"follow","max-snippet":"max-snippet:-1","max-image-preview":"max-image-preview:large","max-video-preview":"max-video-preview:-1"},"canonical":"https:\/\/grassxpress.com\/hu\/wysylka\/","og_locale":"hu_HU","og_type":"article","og_title":"Shipping | Delivery Is Guaranteed - GrassXpress","og_description":"We are based in the Netherlands. Shipping\u00a0takes between 1 and 3 business days. The average is 2 days. Holdups at customs can cause a delay.","og_url":"https:\/\/grassxpress.com\/hu\/wysylka\/","og_site_name":"GrassXpress","twitter_card":"summary_large_image","twitter_misc":{"Becs\u00fclt olvas\u00e1si id\u0151":"2 perc"},"schema":{"@context":"https:\/\/schema.org","@graph":[{"@type":"WebPage","@id":"https:\/\/grassxpress.com\/pl\/wysylka\/","url":"https:\/\/grassxpress.com\/pl\/wysylka\/","name":"Shipping | Delivery Is Guaranteed - GrassXpress","isPartOf":{"@id":"https:\/\/grassxpress.com\/#website"},"datePublished":"2020-08-01T14:39:21+00:00","dateModified":"2020-08-01T14:39:21+00:00","description":"We are based in the Netherlands. Shipping\u00a0takes between 1 and 3 business days. The average is 2 days. Holdups at customs can cause a delay.","breadcrumb":{"@id":"https:\/\/grassxpress.com\/pl\/wysylka\/#breadcrumb"},"inLanguage":"hu","potentialAction":[{"@type":"ReadAction","target":["https:\/\/grassxpress.com\/pl\/wysylka\/"]}]},{"@type":"BreadcrumbList","@id":"https:\/\/grassxpress.com\/pl\/wysylka\/#breadcrumb","itemListElement":[{"@type":"ListItem","position":1,"name":"Home","item":"https:\/\/grassxpress.com\/"},{"@type":"ListItem","position":2,"name":"Shipping"}]},{"@type":"WebSite","@id":"https:\/\/grassxpress.com\/#website","url":"https:\/\/grassxpress.com\/","name":"GrassXpress","description":"Buy Weed Online UK","publisher":{"@id":"https:\/\/grassxpress.com\/#organization"},"potentialAction":[{"@type":"SearchAction","target":{"@type":"EntryPoint","urlTemplate":"https:\/\/grassxpress.com\/?s={search_term_string}"},"query-input":"required name=search_term_string"}],"inLanguage":"hu"},{"@type":"Organization","@id":"https:\/\/grassxpress.com\/#organization","name":"GrassXpress","url":"https:\/\/grassxpress.com\/","logo":{"@type":"ImageObject","inLanguage":"hu","@id":"https:\/\/grassxpress.com\/#\/schema\/logo\/image\/","url":"https:\/\/grassxpress.com\/wp-content\/uploads\/2024\/01\/logo.png","contentUrl":"https:\/\/grassxpress.com\/wp-content\/uploads\/2024\/01\/logo.png","width":300,"height":100,"caption":"GrassXpress"},"image":{"@id":"https:\/\/grassxpress.com\/#\/schema\/logo\/image\/"}}]}},"_links":{"self":[{"href":"https:\/\/grassxpress.com\/hu\/wp-json\/wp\/v2\/pages\/3603","targetHints":{"allow":["GET"]}}],"collection":[{"href":"https:\/\/grassxpress.com\/hu\/wp-json\/wp\/v2\/pages"}],"about":[{"href":"https:\/\/grassxpress.com\/hu\/wp-json\/wp\/v2\/types\/page"}],"author":[{"embeddable":true,"href":"https:\/\/grassxpress.com\/hu\/wp-json\/wp\/v2\/users\/1"}],"replies":[{"embeddable":true,"href":"https:\/\/grassxpress.com\/hu\/wp-json\/wp\/v2\/comments?post=3603"}],"version-history":[{"count":0,"href":"https:\/\/grassxpress.com\/hu\/wp-json\/wp\/v2\/pages\/3603\/revisions"}],"wp:attachment":[{"href":"https:\/\/grassxpress.com\/hu\/wp-json\/wp\/v2\/media?parent=3603"}],"curies":[{"name":"wp","href":"https:\/\/api.w.org\/{rel}","templated":true}]}}