{"id":3298,"date":"2020-02-18T05:09:07","date_gmt":"2020-02-18T05:09:07","guid":{"rendered":"https:\/\/diligentplug.com\/?page_id=3298"},"modified":"2020-02-18T05:09:07","modified_gmt":"2020-02-18T05:09:07","slug":"faqs","status":"publish","type":"page","link":"https:\/\/grassxpress.com\/hu\/kerdesek\/","title":{"rendered":"GYIK"},"content":{"rendered":"<div id=\"main-content\">\n<article id=\"post-2333\" class=\"post-2333 page type-page status-publish hentry\">\n<div class=\"entry-content\">\n<div id=\"et-boc\" class=\"et-boc\">\n<div class=\"et-l et-l--post\">\n<div class=\"et_builder_inner_content et_pb_gutters3\">\n<div class=\"et_pb_section et_pb_section_1 et_section_regular\">\n<div class=\"et_pb_row et_pb_row_2\">\n<div class=\"et_pb_column et_pb_column_4_4 et_pb_column_2 et_pb_css_mix_blend_mode_passthrough et-last-child\">\n<div class=\"et_pb_module et_pb_text et_pb_text_2 et_pb_text_align_center et_pb_bg_layout_light\">\n<div class=\"et_pb_text_inner\">\n<h2>Hol v\u00e1s\u00e1rolhatok Weed online?<\/h2>\n<p>Ez egy olyan kulcssz\u00f3, amely 30 naponk\u00e9nt k\u00f6r\u00fclbel\u00fcl 18 150 alkalommal jelenik meg a keres\u00e9si eredm\u00e9nyek k\u00f6z\u00f6tt, ez\u00e9rt<br \/>\naz egyik leggyakoribb online feltett k\u00e9rd\u00e9snek sz\u00e1m\u00edt.Itt a v\u00e1lasz, miut\u00e1n l\u00e1ttam, milyen neh\u00e9z volt.<br \/>\nv\u00e1s\u00e1rolni f\u0171 online, \u00edgy a csapatunk \u00fagy d\u00f6nt\u00f6tt, hogy \u00f6sszej\u00f6nnek, \u00e9s hozza az \u00f6sszes sz\u00fcks\u00e9ges t\u00e9nyez\u0151t, \u00e9s most lehet rendelni, vagy v\u00e1s\u00e1rolni f\u0171 online t\u0151l\u00fcnk mind\u00f6ssze h\u00e1rom egyszer\u0171 l\u00e9p\u00e9sben, \u00edgy mi lesz szeretn\u00e9nk v\u00e1laszolni a k\u00e9rd\u00e9sre, mondv\u00e1n \"IGEN\" lehet v\u00e1s\u00e1rolni f\u0171 online weed-crew.net \u00e9s kap ez sz\u00e1ll\u00edtott csak egy szempillant\u00e1s alatt.<\/p>\n<\/div>\n<\/div>\n<\/div>\n<\/div>\n<div class=\"et_pb_row et_pb_row_3\">\n<div class=\"et_pb_column et_pb_column_4_4 et_pb_column_3 et_pb_css_mix_blend_mode_passthrough et-last-child\">\n<div class=\"et_pb_module et_pb_text et_pb_text_3 et_pb_text_align_center et_pb_bg_layout_light\">\n<div class=\"et_pb_text_inner\">\n<h3>Mennyi id\u0151 m\u00falva sz\u00e1ll\u00edtj\u00e1k ki a rendel\u00e9semet?<\/h3>\n<p>Mindent megtesz\u00fcnk annak \u00e9rdek\u00e9ben, hogy minden szagot m\u00e9g aznap elk\u00fcldj\u00fcnk, amint a megrendel\u00e9s be\u00e9rkezik \u00e9s a fizet\u00e9s meger\u0151s\u00edt\u00e9sre ker\u00fcl, folytatjuk a csomagol\u00e1st, \u00e9s ha a csomagol\u00e1s megt\u00f6rt\u00e9nt, akkor megy\u00fcnk el\u0151re \u00e9s k\u00fcldj\u00fck ki, amely ut\u00e1n megkapja a csomag nyomon k\u00f6vet\u00e9si sz\u00e1m\u00e1t, hogy nyomon k\u00f6vethesse a csomagot, am\u00edg a tranzitban van, am\u00edg eljut hozz\u00e1d. Mi a k\u00f6vetkez\u0151ket haszn\u00e1ljuk a sz\u00e1ll\u00edt\u00e1shoz <a href=\"https:\/\/en.wikipedia.org\/wiki\/United_States_Postal_Service\">USPS<\/a>, UPS, FEDEX vagy Marble Logistics.<\/p>\n<\/div>\n<\/div>\n<\/div>\n<\/div>\n<div class=\"et_pb_row et_pb_row_4\">\n<div class=\"et_pb_column et_pb_column_4_4 et_pb_column_4 et_pb_css_mix_blend_mode_passthrough et-last-child\">\n<div class=\"et_pb_module et_pb_text et_pb_text_4 et_pb_text_align_center et_pb_bg_layout_light\">\n<div class=\"et_pb_text_inner\">\n<h3>Mennyi id\u0151 m\u00falva kapom meg a csomagomat?<\/h3>\n<p>Minden csomagot a megrendel\u00e9s be\u00e9rkez\u00e9s\u00e9t\u0151l sz\u00e1m\u00edtott ugyanazon a napon (24 \u00f3r\u00e1n bel\u00fcl) sz\u00e1ll\u00edtunk, azonban az, hogy mennyi id\u0151be telik, am\u00edg a csomagod eljut hozz\u00e1d, k\u00e9t t\u00e9nyez\u0151t\u0151l f\u00fcgg.<br \/>\n- Az els\u0151 t\u00e9nyez\u0151 a k\u00fcldem\u00e9ny t\u00edpusa, a k\u00fcldem\u00e9ny t\u00edpusa alatt azt \u00e9rtj\u00fck, hogy a csomagot hagyom\u00e1nyos csomagk\u00e9nt, vagy aznapi k\u00e9zbes\u00edt\u00e9ssel, illetve els\u0151bbs\u00e9gi postai k\u00fcldem\u00e9nyk\u00e9nt adt\u00e1k-e fel \u00d6nnek. Ha a csomagot hagyom\u00e1nyos postai k\u00fcldem\u00e9nyk\u00e9nt adt\u00e1k fel, akkor ak\u00e1r k\u00e9t napot (948 \u00f3r\u00e1t) is ig\u00e9nybe vehet, am\u00edg eljut \u00d6nh\u00f6z, m\u00edg ha aznapi k\u00e9zbes\u00edt\u00e9ssel vagy els\u0151bbs\u00e9gi postai k\u00fcldem\u00e9nyk\u00e9nt adt\u00e1k fel, akkor 24 \u00f3r\u00e1n bel\u00fcl eljut \u00d6nh\u00f6z.<br \/>\n- M\u00e1sodszor, az, hogy mennyi id\u0151be telik, am\u00edg a csomagja eljut \u00d6nh\u00f6z, a csomag rendeltet\u00e9si hely\u00e9t\u0151l f\u00fcgg, a csomag rendeltet\u00e9si helye alatt azt \u00e9rtj\u00fck, hogy a sz\u00e1ll\u00edt\u00e1si c\u00edm az Egyes\u00fclt \u00c1llamokban vagy Eur\u00f3p\u00e1ban van-e. Az USA-n bel\u00fcli c\u00e9l\u00e1llom\u00e1sokra feladott csomagok legfeljebb 48 \u00f3r\u00e1n bel\u00fcl k\u00e9zbes\u00edt\u00e9sre ker\u00fclnek, m\u00edg az Eur\u00f3p\u00e1n bel\u00fcli csomagok eset\u00e9ben ez a hat\u00e1rid\u0151 h\u00e1rom nap (72 \u00f3ra).<\/p>\n<\/div>\n<\/div>\n<\/div>\n<\/div>\n<div class=\"et_pb_row et_pb_row_5\">\n<div class=\"et_pb_column et_pb_column_4_4 et_pb_column_5 et_pb_css_mix_blend_mode_passthrough et-last-child\">\n<div class=\"et_pb_module et_pb_text et_pb_text_5 et_pb_text_align_center et_pb_bg_layout_light\">\n<div class=\"et_pb_text_inner\">\n<h3>Vannak kedvezm\u00e9nyek a megrendel\u00e9sekre ?<\/h3>\n<p>Csak\u00fagy, mint b\u00e1rmely rendel\u00e9si \u00fczlet, a mi aj\u00e1nlataink kedvezm\u00e9nyt k\u00edn\u00e1lnak a t\u00f6meges megrendel\u00e9sekre \u00e9s minden olyan fizet\u00e9si t\u00edpusokkal, mint a Bitcoins. Minden $800 feletti megrendel\u00e9s 25% kedvezm\u00e9nyt kap, m\u00edg a Bitcoinnal fizetett megrendel\u00e9sek 20% kedvezm\u00e9nyt kapnak. \u00d6szt\u00f6n\u00f6zz\u00fck a t\u00f6meges megrendel\u00e9seket, mivel ezekhez ingyenes vet\u0151magok is j\u00e1rnak. OLVASSA TOV\u00c1BBAT az ingyenes vet\u0151magokr\u00f3l a farmt\u00e1mogat\u00e1si politik\u00e1nk oldal\u00e1n.<\/p>\n<\/div>\n<\/div>\n<\/div>\n<\/div>\n<div class=\"et_pb_row et_pb_row_6\">\n<div class=\"et_pb_column et_pb_column_4_4 et_pb_column_6 et_pb_css_mix_blend_mode_passthrough et-last-child\">\n<div class=\"et_pb_module et_pb_text et_pb_text_6 et_pb_text_align_center et_pb_bg_layout_light\">\n<div class=\"et_pb_text_inner\">\n<h3>Biztons\u00e1gos online f\u00fcvet v\u00e1s\u00e1rolni ?<\/h3>\n<p>Az online f\u0171v\u00e1s\u00e1rl\u00e1s n\u00e9ha tr\u00fckk\u00f6s \u00e9s kock\u00e1zatos lehet, ha nem a megfelel\u0151 szem\u00e9lyekkel l\u00e9psz kapcsolatba, mi azonban a lehet\u0151 legbiztons\u00e1gosabb\u00e1 tessz\u00fck a v\u00e1s\u00e1rl\u00e1st, figyelembe v\u00e9ve n\u00e9h\u00e1ny t\u00e9nyez\u0151t, amelyeket az al\u00e1bbiakban felsorolunk.<br \/>\n- Ez orvosi marihu\u00e1na ? v\u00e1s\u00e1rolni f\u0171 online lehet tr\u00fckk\u00f6s, mint akkor val\u00f3sz\u00edn\u0171leg csak egy kis \u00edzel\u00edt\u0151t a term\u00e9kb\u0151l<br \/>\nmiut\u00e1n m\u00e1r fizetett \u00e9rte, ez\u00e9rt meg kell gy\u0151z\u0151dnie arr\u00f3l, hogy az, ami\u00e9rt fizet, orvosi marihu\u00e1na \u00e9s\/vagy laborat\u00f3riumi vizsg\u00e1latnak al\u00e1vetett THC- \u00e9s CBD-tartalom.<br \/>\n- J\u00f3l csomagolva lesz, hogy ne ker\u00fcljek bajba ?<br \/>\nMeg kell gy\u0151z\u0151dnie arr\u00f3l, hogy a megrendel\u00e9se j\u00f3l le lesz z\u00e1rva, hogy a fut\u00e1r kez\u00e9ben biztons\u00e1gban legyen, ha \u00d6n<br \/>\ncsomag nincs j\u00f3l lez\u00e1rva, akkor a biztons\u00e1gos post\u00e1z\u00e1s a USPS, UPS vagy b\u00e1rmely fut\u00e1rszolg\u00e1laton kereszt\u00fcl nem garant\u00e1lhat\u00f3, \u00e9s ez\u00e9rt nem lehet biztos benne, hogy a csomagja eljut-e az \u00d6n kez\u00e9be vagy sem.<\/p>\n<\/div>\n<\/div>\n<\/div>\n<\/div>\n<div class=\"et_pb_row et_pb_row_7\">\n<div class=\"et_pb_column et_pb_column_4_4 et_pb_column_7 et_pb_css_mix_blend_mode_passthrough et-last-child\">\n<div class=\"et_pb_module et_pb_text et_pb_text_7 et_pb_text_align_center et_pb_bg_layout_light\">\n<div class=\"et_pb_text_inner\">\n<h3>Fizethetek hitel- vagy bankk\u00e1rty\u00e1val?<\/h3>\n<p>Mai online vil\u00e1gunkban a hitelk\u00e1rtya \u00e9s a bankk\u00e1rtya az egyik legrugalmasabb fizet\u00e9si m\u00f3d az online fizet\u00e9sn\u00e9l.<br \/>\npruchases, \u00e9s \u00fagy gondoljuk, hogy minden v\u00e1llalkoz\u00e1snak rendelkeznie kell err\u0151l. a weed-crew.net-en k\u00f6zvetlen\u00fcl fizethet hitel- vagy bankk\u00e1rty\u00e1j\u00e1val. \u00c9rezze mag\u00e1t biztons\u00e1gban, ha hitelk\u00e1rty\u00e1val vagy bankk\u00e1rty\u00e1val fizet, mivel weboldalunk SSL-v\u00e9dett.<\/p>\n<\/div>\n<\/div>\n<\/div>\n<\/div>\n<div class=\"et_pb_row et_pb_row_8\">\n<div class=\"et_pb_column et_pb_column_4_4 et_pb_column_8 et_pb_css_mix_blend_mode_passthrough et-last-child\">\n<div class=\"et_pb_module et_pb_text et_pb_text_8 et_pb_text_align_center et_pb_bg_layout_light\">\n<div class=\"et_pb_text_inner\">\n<h3>Sz\u00e1ll\u00edtanak ingyenes mint\u00e1kat, hogy f\u0171 online v\u00e1s\u00e1rolhassanak?<\/h3>\n<p><a href=\"https:\/\/grassxpress.com\/hu\/rendeles-gyom-online-magyarorszag\/\">Mi<\/a> k\u00edn\u00e1lnak mint\u00e1kat ak\u00e1r $50-$100 \u00e9rt\u00e9k\u0171 minden potenci\u00e1lis t\u00f6meges v\u00e1s\u00e1rl\u00f3k, akik v\u00e1rj\u00e1k, hogy egy hossz\u00fa t\u00e1v\u00fa \u00fczleti, de szeretn\u00e9k kipr\u00f3b\u00e1lni term\u00e9keinket, miel\u0151tt hatalmas v\u00e1s\u00e1rl\u00e1sok, azonban a mint\u00e1k nem teljesen ingyenes, mint akkor kell fizetni 30% a csomag \u00e9rt\u00e9ke, ez az\u00e9rt van, mert r\u00e1j\u00f6tt\u00fcnk, amikor adunk ki ingyenes mint\u00e1k n\u00e9h\u00e1ny \u00fcgyf\u00e9l viszont haszn\u00e1lni, hogy a kiskaput a kihaszn\u00e1l\u00e1s \u00e9s csak rendelni ingyenes mint\u00e1k csak a f\u00fcst \u00e9s kap magas. Minden smples egy mix 2 gramm egyenk\u00e9nt legfeljebb 10 k\u00fcl\u00f6nb\u00f6z\u0151 t\u00f6rzsek az \u00d6n \u00e1ltal v\u00e1lasztott.<\/p>\n<\/div>\n<\/div>\n<\/div>\n<\/div>\n<div class=\"et_pb_row et_pb_row_9\">\n<div class=\"et_pb_column et_pb_column_4_4 et_pb_column_9 et_pb_css_mix_blend_mode_passthrough et-last-child\">\n<div class=\"et_pb_module et_pb_text et_pb_text_9 et_pb_text_align_center et_pb_bg_layout_light\">\n<div class=\"et_pb_text_inner\">\n<h3>Kiskor\u00faaknak is \u00e1rulnak ?<\/h3>\n<p>Kiskor\u00faaknak nevezz\u00fck a 18 \u00e9v alatti \u00fcgyfeleket. Nem k\u00edn\u00e1ljuk szolg\u00e1ltat\u00e1sainkat olyan szem\u00e9lyeknek, vagy szem\u00e9lyeknek, akik<br \/>\n18 \u00e9v alattiak. Ha azonban \u00d6n beteg vagy szorong\u00e1ssal kapcsolatos probl\u00e9m\u00e1kt\u00f3l szenved, akkor el tudjuk adni<br \/>\nkis mennyis\u00e9gben meghat\u00e1rozott term\u00e9keket sz\u00e1ll\u00edtunk \u00d6nnek.<\/p>\n<\/div>\n<\/div>\n<\/div>\n<\/div>\n<\/div>\n<\/div>\n<\/div>\n<\/div>\n<\/div>\n<\/article>\n<\/div>","protected":false},"excerpt":{"rendered":"<p>Where Can I Buy Weed Online? This is a keyword which appears approximately 18,150 times in search results every 30 days and there fore is considered as one of the most frequent questions asked online.Here is your answer, after seeing how difficult it was buying weed online so our team decided to come together and<\/p>\n<div class=\"more-link\">\n             <a href=\"https:\/\/grassxpress.com\/hu\/kerdesek\/\" class=\"link-btn\"><span>Continue Reading <\/span><i class=\"icofont-thin-double-right\"><\/i><\/a>\n        <\/div>","protected":false},"author":1,"featured_media":0,"parent":0,"menu_order":0,"comment_status":"closed","ping_status":"closed","template":"","meta":{"_themeisle_gutenberg_block_has_review":false,"_ti_tpc_template_sync":false,"_ti_tpc_template_id":"","_joinchat":[],"footnotes":""},"class_list":["post-3298","page","type-page","status-publish","hentry"],"yoast_head":"<!-- This site is optimized with the Yoast SEO plugin v22.7 - https:\/\/yoast.com\/wordpress\/plugins\/seo\/ -->\n<title>FAQs | About To Buy Weed Online - GrassXpress<\/title>\n<meta name=\"description\" content=\"If you have a question? We answer your question by saying \u201cYES\u201d you can buy weed online from weed-crew.net.All packages are shiped same day.\" \/>\n<meta name=\"robots\" content=\"index, follow, max-snippet:-1, max-image-preview:large, max-video-preview:-1\" \/>\n<link rel=\"canonical\" href=\"https:\/\/grassxpress.com\/hu\/faqs\/\" \/>\n<meta property=\"og:locale\" content=\"hu_HU\" \/>\n<meta property=\"og:type\" content=\"article\" \/>\n<meta property=\"og:title\" content=\"FAQs | About To Buy Weed Online - GrassXpress\" \/>\n<meta property=\"og:description\" content=\"If you have a question? We answer your question by saying \u201cYES\u201d you can buy weed online from weed-crew.net.All packages are shiped same day.\" \/>\n<meta property=\"og:url\" content=\"https:\/\/grassxpress.com\/hu\/faqs\/\" \/>\n<meta property=\"og:site_name\" content=\"GrassXpress\" \/>\n<meta name=\"twitter:card\" content=\"summary_large_image\" \/>\n<meta name=\"twitter:label1\" content=\"Becs\u00fclt olvas\u00e1si id\u0151\" \/>\n\t<meta name=\"twitter:data1\" content=\"4 perc\" \/>\n<!-- \/ Yoast SEO plugin. -->","yoast_head_json":{"title":"FAQs | About To Buy Weed Online - GrassXpress","description":"If you have a question? We answer your question by saying \u201cYES\u201d you can buy weed online from weed-crew.net.All packages are shiped same day.","robots":{"index":"index","follow":"follow","max-snippet":"max-snippet:-1","max-image-preview":"max-image-preview:large","max-video-preview":"max-video-preview:-1"},"canonical":"https:\/\/grassxpress.com\/hu\/faqs\/","og_locale":"hu_HU","og_type":"article","og_title":"FAQs | About To Buy Weed Online - GrassXpress","og_description":"If you have a question? We answer your question by saying \u201cYES\u201d you can buy weed online from weed-crew.net.All packages are shiped same day.","og_url":"https:\/\/grassxpress.com\/hu\/faqs\/","og_site_name":"GrassXpress","twitter_card":"summary_large_image","twitter_misc":{"Becs\u00fclt olvas\u00e1si id\u0151":"4 perc"},"schema":{"@context":"https:\/\/schema.org","@graph":[{"@type":"WebPage","@id":"https:\/\/grassxpress.com\/it\/faqs\/","url":"https:\/\/grassxpress.com\/it\/faqs\/","name":"FAQs | About To Buy Weed Online - GrassXpress","isPartOf":{"@id":"https:\/\/grassxpress.com\/#website"},"datePublished":"2020-02-18T05:09:07+00:00","dateModified":"2020-02-18T05:09:07+00:00","description":"If you have a question? We answer your question by saying \u201cYES\u201d you can buy weed online from weed-crew.net.All packages are shiped same day.","breadcrumb":{"@id":"https:\/\/grassxpress.com\/it\/faqs\/#breadcrumb"},"inLanguage":"hu","potentialAction":[{"@type":"ReadAction","target":["https:\/\/grassxpress.com\/it\/faqs\/"]}]},{"@type":"BreadcrumbList","@id":"https:\/\/grassxpress.com\/it\/faqs\/#breadcrumb","itemListElement":[{"@type":"ListItem","position":1,"name":"Home","item":"https:\/\/grassxpress.com\/"},{"@type":"ListItem","position":2,"name":"FAQs"}]},{"@type":"WebSite","@id":"https:\/\/grassxpress.com\/#website","url":"https:\/\/grassxpress.com\/","name":"GrassXpress","description":"Buy Weed Online UK","publisher":{"@id":"https:\/\/grassxpress.com\/#organization"},"potentialAction":[{"@type":"SearchAction","target":{"@type":"EntryPoint","urlTemplate":"https:\/\/grassxpress.com\/?s={search_term_string}"},"query-input":"required name=search_term_string"}],"inLanguage":"hu"},{"@type":"Organization","@id":"https:\/\/grassxpress.com\/#organization","name":"GrassXpress","url":"https:\/\/grassxpress.com\/","logo":{"@type":"ImageObject","inLanguage":"hu","@id":"https:\/\/grassxpress.com\/#\/schema\/logo\/image\/","url":"https:\/\/grassxpress.com\/wp-content\/uploads\/2024\/01\/logo.png","contentUrl":"https:\/\/grassxpress.com\/wp-content\/uploads\/2024\/01\/logo.png","width":300,"height":100,"caption":"GrassXpress"},"image":{"@id":"https:\/\/grassxpress.com\/#\/schema\/logo\/image\/"}}]}},"_links":{"self":[{"href":"https:\/\/grassxpress.com\/hu\/wp-json\/wp\/v2\/pages\/3298","targetHints":{"allow":["GET"]}}],"collection":[{"href":"https:\/\/grassxpress.com\/hu\/wp-json\/wp\/v2\/pages"}],"about":[{"href":"https:\/\/grassxpress.com\/hu\/wp-json\/wp\/v2\/types\/page"}],"author":[{"embeddable":true,"href":"https:\/\/grassxpress.com\/hu\/wp-json\/wp\/v2\/users\/1"}],"replies":[{"embeddable":true,"href":"https:\/\/grassxpress.com\/hu\/wp-json\/wp\/v2\/comments?post=3298"}],"version-history":[{"count":0,"href":"https:\/\/grassxpress.com\/hu\/wp-json\/wp\/v2\/pages\/3298\/revisions"}],"wp:attachment":[{"href":"https:\/\/grassxpress.com\/hu\/wp-json\/wp\/v2\/media?parent=3298"}],"curies":[{"name":"wp","href":"https:\/\/api.w.org\/{rel}","templated":true}]}}