{"id":4379,"date":"2022-11-15T10:39:40","date_gmt":"2022-11-15T10:39:40","guid":{"rendered":"https:\/\/documentosespana.com\/diligent\/?post_type=product&#038;p=4379"},"modified":"2026-04-01T07:36:16","modified_gmt":"2026-04-01T07:36:16","slug":"gelato-47","status":"publish","type":"product","link":"https:\/\/grassxpress.com\/hr\/proizvod\/gelato-47\/","title":{"rendered":"Gelato 47"},"content":{"rendered":"<div class=\"relative basis-auto flex-col -mb-(--composer-overlap-px) [--composer-overlap-px:28px] grow flex\">\n<div class=\"flex flex-col text-sm pb-25\">\n<article class=\"text-token-text-primary w-full focus:outline-none [--shadow-height:45px] has-data-writing-block:pointer-events-none has-data-writing-block:-mt-(--shadow-height) has-data-writing-block:pt-(--shadow-height) [&amp;:has([data-writing-block])&gt;*]:pointer-events-auto scroll-mt-[calc(var(--header-height)+min(200px,max(70px,20svh)))]\" dir=\"auto\" tabindex=\"-1\" data-turn-id=\"request-WEB:04e6e77b-5047-4170-b5cf-69678400d879-10\" data-testid=\"conversation-turn-22\" data-scroll-anchor=\"true\" data-turn=\"assistant\">\n<div class=\"text-base my-auto mx-auto pb-10 [--thread-content-margin:var(--thread-content-margin-xs,calc(var(--spacing)*4))] @w-sm\/main:[--thread-content-margin:var(--thread-content-margin-sm,calc(var(--spacing)*6))] @w-lg\/main:[--thread-content-margin:var(--thread-content-margin-lg,calc(var(--spacing)*16))] px-(--thread-content-margin)\">\n<div class=\"[--thread-content-max-width:40rem] @w-lg\/main:[--thread-content-max-width:48rem] mx-auto max-w-(--thread-content-max-width) flex-1 group\/turn-messages focus-visible:outline-hidden relative flex w-full min-w-0 flex-col agent-turn\" tabindex=\"-1\">\n<div class=\"flex max-w-full flex-col gap-4 grow\">\n<div class=\"min-h-8 text-message relative flex w-full flex-col items-end gap-2 text-start break-words whitespace-normal [.text-message+&amp;]:mt-1\" dir=\"auto\" data-message-author-role=\"assistant\" data-message-id=\"d25bc291-6209-41fd-b942-d9878636c13c\" data-message-model-slug=\"gpt-5-3\">\n<div class=\"flex w-full flex-col gap-1 empty:hidden\">\n<div class=\"markdown prose dark:prose-invert w-full wrap-break-word light markdown-new-styling\">\n<h2 data-section-id=\"1gh5fob\" data-start=\"0\" data-end=\"39\">Naru\u010dite Gelato 47 iz Amsterdama na Hrvatsku<\/h2>\n<p data-start=\"41\" data-end=\"438\">Many cannabis enthusiasts who want to order weed from Amsterdam to <a href=\"https:\/\/grassxpress.com\/hr\/\">UK<\/a> look for premium hybrid strains like Gelato. If you want to <a href=\"https:\/\/grassxpress.com\/hr\/proizvod\/gelato-47\/\">Buy Gelato 47 online<\/a>, ova poznata sorta poznata je po svojoj slatkoj aromi, sna\u017enim u\u010dincima i sna\u017enoj genetici. Svojim uravnote\u017eenim hibridnim profilom i bogatim okusom, Gelato 47 koji je na prodaju postao je jedna od najpopularnijih sorti kanabisa me\u0111u iskusnim korisnicima.<\/p>\n<h3 data-section-id=\"1fzx542\" data-start=\"440\" data-end=\"468\">Gelato 47 Strain Overview<\/h3>\n<p data-start=\"470\" data-end=\"744\">Gelato, tako\u0111er poznat kao \"Larry Bird\", poznata je hibridna sorta kanabisa koju je razvio Cookie Fam Genetics u Kaliforniji. Oni koji tra\u017ee Gdje kupiti Gelato 47? \u010desto biraju ovu sortu zbog njezine prepoznatljive arome nalik desertu i glatkog iskustva pu\u0161enja. Sorta je dobila ime po vo\u0107nom i kremastom mirisu koji podsje\u0107a na slatke gelato deserte. Korisnici koji kupe Gelato 47 primijetit \u0107e pupoljke koji \u010desto razvijaju tamnoljubi\u010daste tonove istaknute jarko naran\u010dastim dla\u010dicama i prekrivene debelim slojem kristalne smole. Zbog visoke razine THC-a, mnogi po\u010detnici radije po\u010dinju polako kada... <strong data-start=\"1085\" data-end=\"1111\">Order Gelato 47 online<\/strong>.<\/p>\n<h3 data-section-id=\"8twblx\" data-start=\"1114\" data-end=\"1142\">Genetika soja Gelato 47<\/h3>\n<p data-start=\"1144\" data-end=\"1415\">Gelato 47 is a slightly indica-dominant hybrid consisting of approximately 55 percent indica and 45 percent sativa. It is created by crossing Sunset Sherbet with Thin Mint Girl Scout Cookies, producing a strain known for its powerful effects and rich terpene profile. Consumers who Buy Gelato 47 online appreciate its sweet flavor that combines lavender, citrus, and berry notes. The aroma becomes even stronger when the buds are broken apart, revealing subtle woody and herbal undertones. Because of its premium quality, many people compare the <a href=\"https:\/\/grassxpress.com\/hr\/proizvod\/girls-scout-cookies\/\">Price of Gelato 47 before purchasing.<\/a><\/p>\n<h3 data-section-id=\"1kk6kao\" data-start=\"1742\" data-end=\"1765\">Izgled i aroma<\/h3>\n<p data-start=\"1767\" data-end=\"2042\">Pupoljci Gelato 47 koji su na prodaju obi\u010dno su mali, ali gusti, \u0161to odra\u017eava njegovu indica ba\u0161tinu. \u017divahni izgled karakteriziraju \u0161umsko zeleno li\u0161\u0107e, tamnoljubi\u010daste nijanse i jarko naran\u010daste tu\u010dkove. Ovi \u0161areni pupoljci \u010desto su prekriveni smolom, \u0161to im daje ljepljivu teksturu. Ljubi\u010dasta boja koja se nalazi u mnogim biljkama Gelato 47 razvija se kada se pigmenti zvani antocijanini aktiviraju hladnijim temperaturama tijekom faze rasta biljke. Zbog njegove jake arome i okusa, mnogi ljubitelji kanabisa tra\u017ee najbolje mjesto za kupnju Gelato 47 online kako bi bili sigurni da \u0107e dobiti autenti\u010dne i visokokvalitetne pupoljke.<\/p>\n<h3 data-section-id=\"fg6r73\" data-start=\"2386\" data-end=\"2416\">Iskustvo okusa i dima<\/h3>\n<p data-start=\"2418\" data-end=\"2648\">When properly cured, Gelato 47 for sale has a dominant citrus aroma inherited from its Sunset Sherbet parent strain. Some users also notice subtle notes of dough, yeast, and herbal earthiness when the flowers are broken apart. The smoke from Buy Gelato 47 online products is smooth but thick, expanding in the lungs and leaving behind a creamy and slightly sweet sensation. Because the aroma is strong and pungent, users who <a href=\"https:\/\/leafmagazines.com\/leaf-picks\/flower\/gelato-47\/\">Order Gelato 47 online<\/a> should be aware that the scent can easily fill a room.<\/p>\n<h3 data-section-id=\"18izdo6\" data-start=\"2935\" data-end=\"2955\">Gelato 47 efekti<\/h3>\n<p data-start=\"2957\" data-end=\"3157\">Gelato 47 poznat je po svojim brzim u\u010dincima koji mogu po\u010deti ubrzo nakon prvog udisaja. Najuo\u010dljiviji u\u010dinak je cerebralni nalet koji stvara osje\u0107aj euforije i mentalne stimulacije. Mnogi korisnici koji kupuju Gelato 47 prijavljuju osje\u0107aj pobolj\u0161ane percepcije i pobolj\u0161anog raspolo\u017eenja. Iako sorta pru\u017ea sna\u017eno tjelesno uzbu\u0111enje, obi\u010dno ne uzrokuje te\u0161ku sedaciju ili prikovanost za kau\u010d. Ovaj uravnote\u017eeni u\u010dinak \u010dini Gelato 47 prikladnim za dnevnu ili ranu ve\u010dernju upotrebu. Neki pojedinci opisuju blage psihodeli\u010dne senzacije poput vremenskog izobli\u010denja ili poja\u010dane svijesti o zvukovima i okolini. Zbog ovih jakih u\u010dinaka, mnogi iskusni korisnici smatraju Kupite Gelato 47 online vrhunskim izborom kanabisa. <a href=\"https:\/\/grassxpress.com\/hr\/mail-order-weed-uk\/\"><strong>Best sellers<\/strong><\/a><\/p>\n<p data-start=\"5346\" data-end=\"5668\" data-is-last-node=\"\" data-is-only-node=\"\">\n<\/div>\n<\/div>\n<\/div>\n<\/div>\n<div class=\"z-0 flex min-h-[46px] justify-start\"><\/div>\n<div class=\"mt-3 w-full empty:hidden\">\n<div class=\"text-center\"><\/div>\n<\/div>\n<\/div>\n<\/div>\n<\/article>\n<\/div>\n<div class=\"pointer-events-none h-px w-px absolute bottom-0\" aria-hidden=\"true\" data-edge=\"true\"><\/div>\n<\/div>\n<div id=\"thread-bottom-container\" class=\"sticky bottom-0 group\/thread-bottom-container relative isolate z-10 w-full basis-auto has-data-has-thread-error:pt-2 has-data-has-thread-error:[box-shadow:var(--sharp-edge-bottom-shadow)] md:border-transparent md:pt-0 dark:border-white\/20 md:dark:border-transparent print:hidden content-fade single-line flex flex-col\">\n<div class=\"relative h-0\"><\/div>\n<div id=\"thread-bottom\">\n<div class=\"text-base mx-auto [--thread-content-margin:var(--thread-content-margin-xs,calc(var(--spacing)*4))] @w-sm\/main:[--thread-content-margin:var(--thread-content-margin-sm,calc(var(--spacing)*6))] @w-lg\/main:[--thread-content-margin:var(--thread-content-margin-lg,calc(var(--spacing)*16))] px-(--thread-content-margin)\">\n<div class=\"[--thread-content-max-width:40rem] @w-lg\/main:[--thread-content-max-width:48rem] mx-auto max-w-(--thread-content-max-width) flex-1 mb-[var(--thread-component-gap,1rem)]\">\n<div class=\"flex justify-center empty:hidden\"><\/div>\n<div class=\"pointer-events-auto relative z-1 flex h-(--composer-container-height,100%) max-w-full flex-(--composer-container-flex,1) flex-col\">\n<form class=\"group\/composer w-full\" data-type=\"unified-composer\" action=\"\">\n<div class=\"\">\n<div class=\"bg-token-bg-primary corner-superellipse\/1.1 cursor-text overflow-clip bg-clip-padding p-2.5 contain-inline-size motion-safe:transition-colors motion-safe:duration-200 motion-safe:ease-in-out dark:bg-[#303030] grid grid-cols-[auto_1fr_auto] [grid-template-areas:'header_header_header'_'leading_primary_trailing'_'._footer_.'] group-data-expanded\/composer:[grid-template-areas:'header_header_header'_'primary_primary_primary'_'leading_footer_trailing'] shadow-short\" data-composer-surface=\"true\">\n<div class=\"flex items-center gap-2 [grid-area:trailing]\">\n<div class=\"ms-auto flex items-center gap-1.5\">\n<div>\n<div class=\"relative\"><\/div>\n<\/div>\n<\/div>\n<\/div>\n<\/div>\n<\/div>\n<input type=\"hidden\" name=\"trp-form-language\" value=\"hr\"\/><\/form>\n<\/div>\n<\/div>\n<\/div>\n<\/div>\n<\/div>","protected":false},"excerpt":{"rendered":"<p>This dank bud is infamous for its insanely delicious flavor and hugely powerful effects that are fueled by a THC level<\/p>","protected":false},"featured_media":4431,"comment_status":"open","ping_status":"closed","template":"","meta":{"_themeisle_gutenberg_block_has_review":false,"_ti_tpc_template_sync":false,"_ti_tpc_template_id":"","_joinchat":[]},"product_cat":[216],"product_tag":[266,267,268,249,250,269,270,271,272,273,274,275,276,277,278,279,280,281,282,255,283,284,285,286],"class_list":{"0":"post-4379","1":"product","2":"type-product","3":"status-publish","4":"has-post-thumbnail","6":"product_cat-hybrid","7":"product_tag-best-online-marijuana-store","8":"product_tag-buy-legal-weed-online","9":"product_tag-buying-marijuana-edibles-online-legal","10":"product_tag-california-marijuana-for-sale-online","11":"product_tag-california-weed-shop-online","12":"product_tag-can-i-order-weed-online","13":"product_tag-can-marijuana-be-ordered-online","14":"product_tag-can-marijuana-be-purchased-online","15":"product_tag-can-you-order-marijuana-online-legally","16":"product_tag-different-gelato-strains","17":"product_tag-gelato-strain-flowering-time","18":"product_tag-gelato-strain-grow-info","19":"product_tag-growing-gelato-outdoors","20":"product_tag-how-to-grow-gelato-strain","21":"product_tag-how-to-order-marijuana-online","22":"product_tag-mail-order-marijuana-united-states","23":"product_tag-marijuana-dispensaries-that-ship-nationwide","24":"product_tag-order-marijuana-online-from-colorado","25":"product_tag-order-weed-near-me","26":"product_tag-order-weed-online-ship-anywhere","27":"product_tag-purple-gelato-weed-strain","28":"product_tag-safe-mail-order-marijuana-sites","29":"product_tag-strawberry-gelato-weed-strain","30":"product_tag-white-gelato-strain-info","32":"first","33":"instock","34":"shipping-taxable","35":"purchasable","36":"product-type-variable"},"yoast_head":"<!-- This site is optimized with the Yoast SEO plugin v22.7 - https:\/\/yoast.com\/wordpress\/plugins\/seo\/ -->\n<title>Order weed from amsterdam to uk | Buy Gelato 47 weed online<\/title>\n<meta name=\"description\" content=\"Buy Gelato 47 online for a flavorful hybrid strain known for its dessert-like aroma and balanced effects. Gelato 47 for sale offers high-quality buds with rich terpene profiles.\" \/>\n<meta name=\"robots\" content=\"index, follow, max-snippet:-1, max-image-preview:large, max-video-preview:-1\" \/>\n<link rel=\"canonical\" href=\"https:\/\/grassxpress.com\/hr\/proizvod\/gelato-47\/\" \/>\n<meta property=\"og:locale\" content=\"hr_HR\" \/>\n<meta property=\"og:type\" content=\"article\" \/>\n<meta property=\"og:title\" content=\"Order weed from amsterdam to uk | Buy Gelato 47 weed online\" \/>\n<meta property=\"og:description\" content=\"Buy Gelato 47 online for a flavorful hybrid strain known for its dessert-like aroma and balanced effects. Gelato 47 for sale offers high-quality buds with rich terpene profiles.\" \/>\n<meta property=\"og:url\" content=\"https:\/\/grassxpress.com\/hr\/proizvod\/gelato-47\/\" \/>\n<meta property=\"og:site_name\" content=\"GrassXpress\" \/>\n<meta property=\"article:modified_time\" content=\"2026-04-01T07:36:16+00:00\" \/>\n<meta property=\"og:image\" content=\"https:\/\/grassxpress.com\/wp-content\/uploads\/2022\/11\/Gelato-47.jpg\" \/>\n\t<meta property=\"og:image:width\" content=\"600\" \/>\n\t<meta property=\"og:image:height\" content=\"600\" \/>\n\t<meta property=\"og:image:type\" content=\"image\/jpeg\" \/>\n<meta name=\"twitter:card\" content=\"summary_large_image\" \/>\n<meta name=\"twitter:label1\" content=\"Procijenjeno vrijeme \u010ditanja\" \/>\n\t<meta name=\"twitter:data1\" content=\"3 minute\" \/>\n<!-- \/ Yoast SEO plugin. -->","yoast_head_json":{"title":"Order weed from amsterdam to uk | Buy Gelato 47 weed online","description":"Buy Gelato 47 online for a flavorful hybrid strain known for its dessert-like aroma and balanced effects. Gelato 47 for sale offers high-quality buds with rich terpene profiles.","robots":{"index":"index","follow":"follow","max-snippet":"max-snippet:-1","max-image-preview":"max-image-preview:large","max-video-preview":"max-video-preview:-1"},"canonical":"https:\/\/grassxpress.com\/hr\/proizvod\/gelato-47\/","og_locale":"hr_HR","og_type":"article","og_title":"Order weed from amsterdam to uk | Buy Gelato 47 weed online","og_description":"Buy Gelato 47 online for a flavorful hybrid strain known for its dessert-like aroma and balanced effects. Gelato 47 for sale offers high-quality buds with rich terpene profiles.","og_url":"https:\/\/grassxpress.com\/hr\/proizvod\/gelato-47\/","og_site_name":"GrassXpress","article_modified_time":"2026-04-01T07:36:16+00:00","og_image":[{"width":600,"height":600,"url":"https:\/\/grassxpress.com\/wp-content\/uploads\/2022\/11\/Gelato-47.jpg","type":"image\/jpeg"}],"twitter_card":"summary_large_image","twitter_misc":{"Procijenjeno vrijeme \u010ditanja":"3 minute"},"schema":{"@context":"https:\/\/schema.org","@graph":[{"@type":"WebPage","@id":"https:\/\/grassxpress.com\/product\/gelato-47\/","url":"https:\/\/grassxpress.com\/product\/gelato-47\/","name":"Order weed from amsterdam to uk | Buy Gelato 47 weed online","isPartOf":{"@id":"https:\/\/grassxpress.com\/#website"},"primaryImageOfPage":{"@id":"https:\/\/grassxpress.com\/product\/gelato-47\/#primaryimage"},"image":{"@id":"https:\/\/grassxpress.com\/product\/gelato-47\/#primaryimage"},"thumbnailUrl":"https:\/\/grassxpress.com\/wp-content\/uploads\/2022\/11\/Gelato-47.jpg","datePublished":"2022-11-15T10:39:40+00:00","dateModified":"2026-04-01T07:36:16+00:00","description":"Buy Gelato 47 online for a flavorful hybrid strain known for its dessert-like aroma and balanced effects. Gelato 47 for sale offers high-quality buds with rich terpene profiles.","breadcrumb":{"@id":"https:\/\/grassxpress.com\/product\/gelato-47\/#breadcrumb"},"inLanguage":"hr","potentialAction":[{"@type":"ReadAction","target":["https:\/\/grassxpress.com\/product\/gelato-47\/"]}]},{"@type":"ImageObject","inLanguage":"hr","@id":"https:\/\/grassxpress.com\/product\/gelato-47\/#primaryimage","url":"https:\/\/grassxpress.com\/wp-content\/uploads\/2022\/11\/Gelato-47.jpg","contentUrl":"https:\/\/grassxpress.com\/wp-content\/uploads\/2022\/11\/Gelato-47.jpg","width":600,"height":600,"caption":"Gelato 47"},{"@type":"BreadcrumbList","@id":"https:\/\/grassxpress.com\/product\/gelato-47\/#breadcrumb","itemListElement":[{"@type":"ListItem","position":1,"name":"Home","item":"https:\/\/grassxpress.com\/"},{"@type":"ListItem","position":2,"name":"Mail Order Weed UK","item":"https:\/\/grassxpress.com\/mail-order-weed-uk\/"},{"@type":"ListItem","position":3,"name":"Gelato 47"}]},{"@type":"WebSite","@id":"https:\/\/grassxpress.com\/#website","url":"https:\/\/grassxpress.com\/","name":"GrassXpress","description":"Buy Weed Online UK","publisher":{"@id":"https:\/\/grassxpress.com\/#organization"},"potentialAction":[{"@type":"SearchAction","target":{"@type":"EntryPoint","urlTemplate":"https:\/\/grassxpress.com\/?s={search_term_string}"},"query-input":"required name=search_term_string"}],"inLanguage":"hr"},{"@type":"Organization","@id":"https:\/\/grassxpress.com\/#organization","name":"GrassXpress","url":"https:\/\/grassxpress.com\/","logo":{"@type":"ImageObject","inLanguage":"hr","@id":"https:\/\/grassxpress.com\/#\/schema\/logo\/image\/","url":"https:\/\/grassxpress.com\/wp-content\/uploads\/2024\/01\/logo.png","contentUrl":"https:\/\/grassxpress.com\/wp-content\/uploads\/2024\/01\/logo.png","width":300,"height":100,"caption":"GrassXpress"},"image":{"@id":"https:\/\/grassxpress.com\/#\/schema\/logo\/image\/"}}]}},"_links":{"self":[{"href":"https:\/\/grassxpress.com\/hr\/wp-json\/wp\/v2\/product\/4379","targetHints":{"allow":["GET"]}}],"collection":[{"href":"https:\/\/grassxpress.com\/hr\/wp-json\/wp\/v2\/product"}],"about":[{"href":"https:\/\/grassxpress.com\/hr\/wp-json\/wp\/v2\/types\/product"}],"replies":[{"embeddable":true,"href":"https:\/\/grassxpress.com\/hr\/wp-json\/wp\/v2\/comments?post=4379"}],"wp:featuredmedia":[{"embeddable":true,"href":"https:\/\/grassxpress.com\/hr\/wp-json\/wp\/v2\/media\/4431"}],"wp:attachment":[{"href":"https:\/\/grassxpress.com\/hr\/wp-json\/wp\/v2\/media?parent=4379"}],"wp:term":[{"taxonomy":"product_cat","embeddable":true,"href":"https:\/\/grassxpress.com\/hr\/wp-json\/wp\/v2\/product_cat?post=4379"},{"taxonomy":"product_tag","embeddable":true,"href":"https:\/\/grassxpress.com\/hr\/wp-json\/wp\/v2\/product_tag?post=4379"}],"curies":[{"name":"wp","href":"https:\/\/api.w.org\/{rel}","templated":true}]}}